{"id":503801,"date":"2022-11-09T17:49:53","date_gmt":"2022-11-09T16:49:53","guid":{"rendered":"https:\/\/www.vetorino.com\/boutique\/product\/vd-dog-struvite\/"},"modified":"2025-11-18T16:36:59","modified_gmt":"2025-11-18T15:36:59","slug":"vd-dog-struvite","status":"publish","type":"product","link":"https:\/\/www.vetorino.com\/veterinaire\/sceaux-92330\/boutique\/product\/vd-dog-struvite\/","title":{"rendered":"Chien VD Struvite"},"content":{"rendered":"<p class=\"product_title d-block entry-title\"><strong>Aliment complet pour chiens adultes qui aide \u00e0 dissoudre les calculs de struvite et r\u00e9duit la formation de calculs de struvite et d&#8217;oxalate.<\/strong><\/p>\n<p>Aliment di\u00e9t\u00e9tique \u00e0 base de riz\/poulet avec une <strong>teneur \u00e9quilibr\u00e9e en prot\u00e9ines et en min\u00e9raux.<\/strong><\/p>\n<p><strong>Contr\u00f4le du pH <\/strong>et<strong> Contr\u00f4le du RSS<\/strong> pour la struvite &lt;1.<\/p>\n<p><strong>Utilisation :\u00a0<\/strong><\/p>\n<ul>\n<li>Dissolution des calculs de struvite<\/li>\n<li>R\u00e9duction de la formation r\u00e9currente de calculs de struvite<\/li>\n<li>R\u00e9duction de la formation de calculs d&#8217;oxalate<\/li>\n<li>Cystite, probl\u00e8mes des voies urinaires inf\u00e9rieures (non r\u00e9currents, patients non chirurgicaux)<\/li>\n<\/ul>\n<p><strong>Demander conseil \u00e0 un v\u00e9t\u00e9rinaire avant utilisation.<\/strong><\/p>\n","protected":false},"excerpt":{"rendered":"<p class=\"product_title d-block entry-title\"><strong>Aliment complet pour chiens adultes qui aide \u00e0 dissoudre les calculs de struvite et r\u00e9duit la formation de calculs de struvite et d&#8217;oxalate.<\/strong><\/p>\n<p><strong>Utilisation :\u00a0<\/strong><\/p>\n<ul>\n<li>Dissolution des calculs de struvite<\/li>\n<li>R\u00e9duction de la formation r\u00e9currente de calculs de struvite<\/li>\n<li>R\u00e9duction de la formation de calculs d&#8217;oxalate<\/li>\n<li>Cystite, probl\u00e8mes des voies urinaires inf\u00e9rieures (non r\u00e9currents, patients non chirurgicaux)<\/li>\n<\/ul>\n<p><strong>Demander conseil \u00e0 un v\u00e9t\u00e9rinaire avant utilisation.<\/strong><\/p>\n","protected":false},"featured_media":592916,"template":"","meta":[],"product_cat":[12552,12582,2698],"product_tag":[],"class_list":{"0":"post-503801","1":"product","2":"type-product","3":"status-publish","4":"has-post-thumbnail","6":"product_cat-alimentation-du-chien","7":"product_cat-alimentation-medicalisee-pour-chien","8":"product_cat-chien","9":"pa_marque-calibra","11":"first","12":"outofstock","13":"taxable","14":"shipping-taxable","15":"purchasable","16":"product-type-variable"},"yoast_head":"<!-- This site is optimized with the Yoast SEO plugin v27.3 - https:\/\/yoast.com\/product\/yoast-seo-wordpress\/ -->\n<title>Chien VD Struvite Calibra - V\u00e9torino<\/title>\n<meta name=\"description\" content=\"Aliment complet pour chiens adultes qui aide \u00e0 dissoudre les calculs de struvite et r\u00e9duit la formation de calculs de struvite et d&#039;oxalate. Utilisation :\u00a0   Dissolution des calculs de struvite  R\u00e9duction de la formation r\u00e9currente de calculs de struvite  R\u00e9duction de la formation de calculs d&#039;oxalate  Cystite, probl\u00e8mes des voies urinaires inf\u00e9rieures (non r\u00e9currents, patients non chirurgicaux)  Demander conseil \u00e0 un v\u00e9t\u00e9rinaire avant utilisation.\" \/>\n<meta name=\"robots\" content=\"noindex, nofollow\" \/>\n<meta property=\"og:locale\" content=\"fr_FR\" \/>\n<meta property=\"og:type\" content=\"article\" \/>\n<meta property=\"og:title\" content=\"Chien VD Struvite Calibra - V\u00e9torino\" \/>\n<meta property=\"og:description\" content=\"Aliment complet pour chiens adultes qui aide \u00e0 dissoudre les calculs de struvite et r\u00e9duit la formation de calculs de struvite et d&#039;oxalate. Utilisation :\u00a0   Dissolution des calculs de struvite  R\u00e9duction de la formation r\u00e9currente de calculs de struvite  R\u00e9duction de la formation de calculs d&#039;oxalate  Cystite, probl\u00e8mes des voies urinaires inf\u00e9rieures (non r\u00e9currents, patients non chirurgicaux)  Demander conseil \u00e0 un v\u00e9t\u00e9rinaire avant utilisation.\" \/>\n<meta property=\"og:url\" content=\"https:\/\/www.vetorino.com\/veterinaire\/sceaux-92330\/boutique\/product\/vd-dog-struvite\/\" \/>\n<meta property=\"og:site_name\" content=\"V\u00e9torino\" \/>\n<meta property=\"article:publisher\" content=\"https:\/\/www.facebook.com\/Vetorino\/\" \/>\n<meta property=\"article:modified_time\" content=\"2025-11-18T15:36:59+00:00\" \/>\n<meta property=\"og:image\" content=\"https:\/\/www.vetorino.com\/boutique\/wp-content\/uploads\/2022\/11\/cal-vd-cn-struvite-12kg.jpg\" \/>\n\t<meta property=\"og:image:width\" content=\"458\" \/>\n\t<meta property=\"og:image:height\" content=\"458\" \/>\n\t<meta property=\"og:image:type\" content=\"image\/jpeg\" \/>\n<meta name=\"twitter:card\" content=\"summary_large_image\" \/>\n<meta name=\"twitter:label1\" content=\"Disponibilit\u00e9\" \/>\n\t<meta name=\"twitter:data1\" content=\"Rupture de stock\" \/>\n<script type=\"application\/ld+json\" class=\"yoast-schema-graph\">{\"@context\":\"https:\\\/\\\/schema.org\",\"@graph\":[{\"@type\":\"WebPage\",\"@id\":\"https:\\\/\\\/www.vetorino.com\\\/boutique\\\/product\\\/vd-dog-struvite\\\/\",\"url\":\"https:\\\/\\\/www.vetorino.com\\\/boutique\\\/product\\\/vd-dog-struvite\\\/\",\"name\":\"Chien VD Struvite Calibra - V\u00e9torino\",\"isPartOf\":{\"@id\":\"https:\\\/\\\/www.vetorino.com\\\/boutique\\\/#website\"},\"primaryImageOfPage\":{\"@id\":\"https:\\\/\\\/www.vetorino.com\\\/boutique\\\/product\\\/vd-dog-struvite\\\/#primaryimage\"},\"image\":{\"@id\":\"https:\\\/\\\/www.vetorino.com\\\/boutique\\\/product\\\/vd-dog-struvite\\\/#primaryimage\"},\"thumbnailUrl\":\"https:\\\/\\\/www.vetorino.com\\\/boutique\\\/wp-content\\\/uploads\\\/2022\\\/11\\\/cal-vd-cn-struvite-12kg.jpg\",\"datePublished\":\"2022-11-09T16:49:53+00:00\",\"dateModified\":\"2025-11-18T15:36:59+00:00\",\"description\":\"Aliment complet pour chiens adultes qui aide \u00e0 dissoudre les calculs de struvite et r\u00e9duit la formation de calculs de struvite et d'oxalate. Utilisation :\u00a0 Dissolution des calculs de struvite R\u00e9duction de la formation r\u00e9currente de calculs de struvite R\u00e9duction de la formation de calculs d'oxalate Cystite, probl\u00e8mes des voies urinaires inf\u00e9rieures (non r\u00e9currents, patients non chirurgicaux) Demander conseil \u00e0 un v\u00e9t\u00e9rinaire avant utilisation.\",\"breadcrumb\":{\"@id\":\"https:\\\/\\\/www.vetorino.com\\\/boutique\\\/product\\\/vd-dog-struvite\\\/#breadcrumb\"},\"inLanguage\":\"fr-FR\",\"potentialAction\":[{\"@type\":\"ReadAction\",\"target\":[\"https:\\\/\\\/www.vetorino.com\\\/boutique\\\/product\\\/vd-dog-struvite\\\/\"]}]},{\"@type\":\"ImageObject\",\"inLanguage\":\"fr-FR\",\"@id\":\"https:\\\/\\\/www.vetorino.com\\\/boutique\\\/product\\\/vd-dog-struvite\\\/#primaryimage\",\"url\":\"https:\\\/\\\/www.vetorino.com\\\/boutique\\\/wp-content\\\/uploads\\\/2022\\\/11\\\/cal-vd-cn-struvite-12kg.jpg\",\"contentUrl\":\"https:\\\/\\\/www.vetorino.com\\\/boutique\\\/wp-content\\\/uploads\\\/2022\\\/11\\\/cal-vd-cn-struvite-12kg.jpg\",\"width\":458,\"height\":458},{\"@type\":\"BreadcrumbList\",\"@id\":\"https:\\\/\\\/www.vetorino.com\\\/boutique\\\/product\\\/vd-dog-struvite\\\/#breadcrumb\",\"itemListElement\":[{\"@type\":\"ListItem\",\"position\":1,\"name\":\"Accueil\",\"item\":\"https:\\\/\\\/www.vetorino.com\\\/boutique\\\/\"},{\"@type\":\"ListItem\",\"position\":2,\"name\":\"Produits\",\"item\":\"https:\\\/\\\/www.vetorino.com\\\/boutique\\\/\"},{\"@type\":\"ListItem\",\"position\":3,\"name\":\"Chien VD Struvite\"}]},{\"@type\":\"WebSite\",\"@id\":\"https:\\\/\\\/www.vetorino.com\\\/boutique\\\/#website\",\"url\":\"https:\\\/\\\/www.vetorino.com\\\/boutique\\\/\",\"name\":\"V\u00e9torino\",\"description\":\"\",\"publisher\":{\"@id\":\"https:\\\/\\\/www.vetorino.com\\\/boutique\\\/#organization\"},\"potentialAction\":[{\"@type\":\"SearchAction\",\"target\":{\"@type\":\"EntryPoint\",\"urlTemplate\":\"https:\\\/\\\/www.vetorino.com\\\/boutique\\\/?s={search_term_string}\"},\"query-input\":{\"@type\":\"PropertyValueSpecification\",\"valueRequired\":true,\"valueName\":\"search_term_string\"}}],\"inLanguage\":\"fr-FR\"},{\"@type\":\"Organization\",\"@id\":\"https:\\\/\\\/www.vetorino.com\\\/boutique\\\/#organization\",\"name\":\"V\u00e9torino\",\"url\":\"https:\\\/\\\/www.vetorino.com\\\/boutique\\\/\",\"logo\":{\"@type\":\"ImageObject\",\"inLanguage\":\"fr-FR\",\"@id\":\"https:\\\/\\\/www.vetorino.com\\\/boutique\\\/#\\\/schema\\\/logo\\\/image\\\/\",\"url\":\"https:\\\/\\\/www.vetorino.com\\\/boutique\\\/wp-content\\\/uploads\\\/2024\\\/10\\\/logo.jpg\",\"contentUrl\":\"https:\\\/\\\/www.vetorino.com\\\/boutique\\\/wp-content\\\/uploads\\\/2024\\\/10\\\/logo.jpg\",\"width\":1200,\"height\":610,\"caption\":\"V\u00e9torino\"},\"image\":{\"@id\":\"https:\\\/\\\/www.vetorino.com\\\/boutique\\\/#\\\/schema\\\/logo\\\/image\\\/\"},\"sameAs\":[\"https:\\\/\\\/www.facebook.com\\\/Vetorino\\\/\",\"https:\\\/\\\/www.instagram.com\\\/vetorino_off\\\/\",\"https:\\\/\\\/www.linkedin.com\\\/company\\\/vtorino\\\/\"]}]}<\/script>\n<meta property=\"product:brand\" content=\"Calibra\" \/>\n<meta property=\"og:availability\" content=\"out of stock\" \/>\n<meta property=\"product:availability\" content=\"out of stock\" \/>\n<meta property=\"product:condition\" content=\"new\" \/>\n<!-- \/ Yoast SEO plugin. -->","yoast_head_json":{"title":"Chien VD Struvite Calibra - V\u00e9torino","description":"Aliment complet pour chiens adultes qui aide \u00e0 dissoudre les calculs de struvite et r\u00e9duit la formation de calculs de struvite et d'oxalate. Utilisation :\u00a0   Dissolution des calculs de struvite  R\u00e9duction de la formation r\u00e9currente de calculs de struvite  R\u00e9duction de la formation de calculs d'oxalate  Cystite, probl\u00e8mes des voies urinaires inf\u00e9rieures (non r\u00e9currents, patients non chirurgicaux)  Demander conseil \u00e0 un v\u00e9t\u00e9rinaire avant utilisation.","robots":{"index":"noindex","follow":"nofollow"},"og_locale":"fr_FR","og_type":"article","og_title":"Chien VD Struvite Calibra - V\u00e9torino","og_description":"Aliment complet pour chiens adultes qui aide \u00e0 dissoudre les calculs de struvite et r\u00e9duit la formation de calculs de struvite et d'oxalate. Utilisation :\u00a0   Dissolution des calculs de struvite  R\u00e9duction de la formation r\u00e9currente de calculs de struvite  R\u00e9duction de la formation de calculs d'oxalate  Cystite, probl\u00e8mes des voies urinaires inf\u00e9rieures (non r\u00e9currents, patients non chirurgicaux)  Demander conseil \u00e0 un v\u00e9t\u00e9rinaire avant utilisation.","og_url":"https:\/\/www.vetorino.com\/veterinaire\/sceaux-92330\/boutique\/product\/vd-dog-struvite\/","og_site_name":"V\u00e9torino","article_publisher":"https:\/\/www.facebook.com\/Vetorino\/","article_modified_time":"2025-11-18T15:36:59+00:00","og_image":[{"width":458,"height":458,"url":"https:\/\/www.vetorino.com\/boutique\/wp-content\/uploads\/2022\/11\/cal-vd-cn-struvite-12kg.jpg","type":"image\/jpeg"}],"twitter_card":"summary_large_image","twitter_misc":{"Disponibilit\u00e9":"Rupture de stock"},"schema":{"@context":"https:\/\/schema.org","@graph":[{"@type":"WebPage","@id":"https:\/\/www.vetorino.com\/boutique\/product\/vd-dog-struvite\/","url":"https:\/\/www.vetorino.com\/boutique\/product\/vd-dog-struvite\/","name":"Chien VD Struvite Calibra - V\u00e9torino","isPartOf":{"@id":"https:\/\/www.vetorino.com\/boutique\/#website"},"primaryImageOfPage":{"@id":"https:\/\/www.vetorino.com\/boutique\/product\/vd-dog-struvite\/#primaryimage"},"image":{"@id":"https:\/\/www.vetorino.com\/boutique\/product\/vd-dog-struvite\/#primaryimage"},"thumbnailUrl":"https:\/\/www.vetorino.com\/boutique\/wp-content\/uploads\/2022\/11\/cal-vd-cn-struvite-12kg.jpg","datePublished":"2022-11-09T16:49:53+00:00","dateModified":"2025-11-18T15:36:59+00:00","description":"Aliment complet pour chiens adultes qui aide \u00e0 dissoudre les calculs de struvite et r\u00e9duit la formation de calculs de struvite et d'oxalate. Utilisation :\u00a0 Dissolution des calculs de struvite R\u00e9duction de la formation r\u00e9currente de calculs de struvite R\u00e9duction de la formation de calculs d'oxalate Cystite, probl\u00e8mes des voies urinaires inf\u00e9rieures (non r\u00e9currents, patients non chirurgicaux) Demander conseil \u00e0 un v\u00e9t\u00e9rinaire avant utilisation.","breadcrumb":{"@id":"https:\/\/www.vetorino.com\/boutique\/product\/vd-dog-struvite\/#breadcrumb"},"inLanguage":"fr-FR","potentialAction":[{"@type":"ReadAction","target":["https:\/\/www.vetorino.com\/boutique\/product\/vd-dog-struvite\/"]}]},{"@type":"ImageObject","inLanguage":"fr-FR","@id":"https:\/\/www.vetorino.com\/boutique\/product\/vd-dog-struvite\/#primaryimage","url":"https:\/\/www.vetorino.com\/boutique\/wp-content\/uploads\/2022\/11\/cal-vd-cn-struvite-12kg.jpg","contentUrl":"https:\/\/www.vetorino.com\/boutique\/wp-content\/uploads\/2022\/11\/cal-vd-cn-struvite-12kg.jpg","width":458,"height":458},{"@type":"BreadcrumbList","@id":"https:\/\/www.vetorino.com\/boutique\/product\/vd-dog-struvite\/#breadcrumb","itemListElement":[{"@type":"ListItem","position":1,"name":"Accueil","item":"https:\/\/www.vetorino.com\/boutique\/"},{"@type":"ListItem","position":2,"name":"Produits","item":"https:\/\/www.vetorino.com\/boutique\/"},{"@type":"ListItem","position":3,"name":"Chien VD Struvite"}]},{"@type":"WebSite","@id":"https:\/\/www.vetorino.com\/boutique\/#website","url":"https:\/\/www.vetorino.com\/boutique\/","name":"V\u00e9torino","description":"","publisher":{"@id":"https:\/\/www.vetorino.com\/boutique\/#organization"},"potentialAction":[{"@type":"SearchAction","target":{"@type":"EntryPoint","urlTemplate":"https:\/\/www.vetorino.com\/boutique\/?s={search_term_string}"},"query-input":{"@type":"PropertyValueSpecification","valueRequired":true,"valueName":"search_term_string"}}],"inLanguage":"fr-FR"},{"@type":"Organization","@id":"https:\/\/www.vetorino.com\/boutique\/#organization","name":"V\u00e9torino","url":"https:\/\/www.vetorino.com\/boutique\/","logo":{"@type":"ImageObject","inLanguage":"fr-FR","@id":"https:\/\/www.vetorino.com\/boutique\/#\/schema\/logo\/image\/","url":"https:\/\/www.vetorino.com\/boutique\/wp-content\/uploads\/2024\/10\/logo.jpg","contentUrl":"https:\/\/www.vetorino.com\/boutique\/wp-content\/uploads\/2024\/10\/logo.jpg","width":1200,"height":610,"caption":"V\u00e9torino"},"image":{"@id":"https:\/\/www.vetorino.com\/boutique\/#\/schema\/logo\/image\/"},"sameAs":["https:\/\/www.facebook.com\/Vetorino\/","https:\/\/www.instagram.com\/vetorino_off\/","https:\/\/www.linkedin.com\/company\/vtorino\/"]}]},"product_brand":"Calibra","og_availability":"out of stock","product_availability":"out of stock","product_condition":"new"},"_links":{"self":[{"href":"https:\/\/www.vetorino.com\/veterinaire\/sceaux-92330\/boutique\/wp-json\/wp\/v2\/product\/503801","targetHints":{"allow":["GET"]}}],"collection":[{"href":"https:\/\/www.vetorino.com\/veterinaire\/sceaux-92330\/boutique\/wp-json\/wp\/v2\/product"}],"about":[{"href":"https:\/\/www.vetorino.com\/veterinaire\/sceaux-92330\/boutique\/wp-json\/wp\/v2\/types\/product"}],"wp:featuredmedia":[{"embeddable":true,"href":"https:\/\/www.vetorino.com\/veterinaire\/sceaux-92330\/boutique\/wp-json\/wp\/v2\/media\/592916"}],"wp:attachment":[{"href":"https:\/\/www.vetorino.com\/veterinaire\/sceaux-92330\/boutique\/wp-json\/wp\/v2\/media?parent=503801"}],"wp:term":[{"taxonomy":"product_cat","embeddable":true,"href":"https:\/\/www.vetorino.com\/veterinaire\/sceaux-92330\/boutique\/wp-json\/wp\/v2\/product_cat?post=503801"},{"taxonomy":"product_tag","embeddable":true,"href":"https:\/\/www.vetorino.com\/veterinaire\/sceaux-92330\/boutique\/wp-json\/wp\/v2\/product_tag?post=503801"}],"curies":[{"name":"wp","href":"https:\/\/api.w.org\/{rel}","templated":true}]}}