{"id":503817,"date":"2022-11-09T17:50:31","date_gmt":"2022-11-09T16:50:31","guid":{"rendered":"https:\/\/www.vetorino.com\/boutique\/product\/vd-dog-oxalateuratecystine\/"},"modified":"2025-11-19T17:23:35","modified_gmt":"2025-11-19T16:23:35","slug":"vd-dog-oxalateuratecystine","status":"publish","type":"product","link":"https:\/\/www.vetorino.com\/veterinaire\/sceaux-92330\/boutique\/product\/vd-dog-oxalateuratecystine\/","title":{"rendered":"Chien VD Oxalate Urate Cystine"},"content":{"rendered":"<div class=\"type short-description\">\n<div class=\"type short-description\">\n<p><strong>Aliment complet de haute qualit\u00e9 pour chiens destin\u00e9 \u00e0 r\u00e9duire la formation de calculs d&#8217;oxalate, de cystine et d&#8217;urate.<\/strong><\/p>\n<\/div>\n<div class=\"block characteristics\">\n<div class=\"block-content is-paws-list\">\n<ul>\n<li>R\u00e9duit la formation de calculs urinaires<\/li>\n<li>Formule riche en antioxydants<\/li>\n<li>Soutient la sant\u00e9 r\u00e9nale<\/li>\n<\/ul>\n<p><strong>Utilisation :<\/strong><\/p>\n<ul>\n<li>Calculs d&#8217;oxalate<\/li>\n<li>Calculs de cystine<\/li>\n<li>Calculs d&#8217;urate<\/li>\n<\/ul>\n<\/div>\n<\/div>\n<p>Les min\u00e9raux et les prot\u00e9ines sont \u00e9limin\u00e9s par l&#8217;urine, certains chiens d\u00e9veloppent donc des cristaux dans l&#8217;urine lorsqu&#8217;il y en a trop. Pour \u00e9viter cela, <strong>cette formule est pauvre en prot\u00e9ines et en min\u00e9raux.<\/strong><\/p>\n<p>Les prot\u00e9ines pr\u00e9sentes dans cet aliment complet sont de <strong>haute qualit\u00e9<\/strong>.<\/p>\n<p>Un m\u00e9lange de plantes compos\u00e9 de myrtille rouge, d&#8217;ortie et de chardon argent\u00e9<strong> pr\u00e9serve la sant\u00e9 des reins et des voies urinaires. <\/strong><\/p>\n<p>La recette est <strong>enrichie en antioxydants<\/strong> (issus du th\u00e9 vert) et en<strong> acides gras om\u00e9ga 3<\/strong> (issus de l&#8217;huile de saumon et des algues). Ces nutriments ont un<strong> effet anti-inflammatoire<\/strong> et assurent une <strong>peau saine et des articulations souples.<\/strong><\/p>\n<p>Cet aliment di\u00e9t\u00e9tique <strong>pr\u00e9vient la formation de calculs v\u00e9sicaux et r\u00e9naux.<\/strong><\/p>\n<p>Les ingr\u00e9dients contribuent \u00e0 maintenir une acidit\u00e9 id\u00e9ale dans l&#8217;urine. Ils ont des <strong>propri\u00e9t\u00e9s diur\u00e9tiques<\/strong> qui aident \u00e0<strong> pr\u00e9venir la formation de nouveaux cristaux.<\/strong><\/p>\n<\/div>\n","protected":false},"excerpt":{"rendered":"<div class=\"type short-description\">\n<p><strong>Aliments complets de haute qualit\u00e9 pour chiens, destin\u00e9s \u00e0 r\u00e9duire la formation de calculs d&#8217;oxalate, de cystine et d&#8217;urate.<\/strong><\/p>\n<\/div>\n<div class=\"block characteristics\">\n<div class=\"block-content is-paws-list\">\n<ul>\n<li>R\u00e9duit la formation de calculs urinaires<\/li>\n<li>Formule riche en antioxydants<\/li>\n<li>Soutient la sant\u00e9 r\u00e9nale<\/li>\n<\/ul>\n<p><strong>Utilisation :<\/strong><\/p>\n<ul>\n<li>Calculs d&#8217;oxalate<\/li>\n<li>Calculs de cystine<\/li>\n<li>Calculs d&#8217;urate<\/li>\n<\/ul>\n<\/div>\n<\/div>\n","protected":false},"featured_media":592932,"template":"","meta":[],"product_cat":[12552,12582,2698],"product_tag":[],"class_list":{"0":"post-503817","1":"product","2":"type-product","3":"status-publish","4":"has-post-thumbnail","6":"product_cat-alimentation-du-chien","7":"product_cat-alimentation-medicalisee-pour-chien","8":"product_cat-chien","9":"pa_marque-calibra","11":"first","12":"outofstock","13":"taxable","14":"shipping-taxable","15":"purchasable","16":"product-type-variable"},"yoast_head":"<!-- This site is optimized with the Yoast SEO plugin v27.3 - https:\/\/yoast.com\/product\/yoast-seo-wordpress\/ -->\n<title>Chien VD Oxalate Urate Cystine Calibra - V\u00e9torino<\/title>\n<meta name=\"description\" content=\"Aliments complets de haute qualit\u00e9 pour chiens, destin\u00e9s \u00e0 r\u00e9duire la formation de calculs d&#039;oxalate, de cystine et d&#039;urate.       R\u00e9duit la formation de calculs urinaires  Formule riche en antioxydants  Soutient la sant\u00e9 r\u00e9nale  Utilisation :   Calculs d&#039;oxalate  Calculs de cystine  Calculs d&#039;urate\" \/>\n<meta name=\"robots\" content=\"noindex, nofollow\" \/>\n<meta property=\"og:locale\" content=\"fr_FR\" \/>\n<meta property=\"og:type\" content=\"article\" \/>\n<meta property=\"og:title\" content=\"Chien VD Oxalate Urate Cystine Calibra - V\u00e9torino\" \/>\n<meta property=\"og:description\" content=\"Aliments complets de haute qualit\u00e9 pour chiens, destin\u00e9s \u00e0 r\u00e9duire la formation de calculs d&#039;oxalate, de cystine et d&#039;urate.       R\u00e9duit la formation de calculs urinaires  Formule riche en antioxydants  Soutient la sant\u00e9 r\u00e9nale  Utilisation :   Calculs d&#039;oxalate  Calculs de cystine  Calculs d&#039;urate\" \/>\n<meta property=\"og:url\" content=\"https:\/\/www.vetorino.com\/veterinaire\/sceaux-92330\/boutique\/product\/vd-dog-oxalateuratecystine\/\" \/>\n<meta property=\"og:site_name\" content=\"V\u00e9torino\" \/>\n<meta property=\"article:publisher\" content=\"https:\/\/www.facebook.com\/Vetorino\/\" \/>\n<meta property=\"article:modified_time\" content=\"2025-11-19T16:23:35+00:00\" \/>\n<meta property=\"og:image\" content=\"https:\/\/www.vetorino.com\/boutique\/wp-content\/uploads\/2022\/11\/cal-vd-cn-oxalate-urate-cystine12kg.jpg\" \/>\n\t<meta property=\"og:image:width\" content=\"800\" \/>\n\t<meta property=\"og:image:height\" content=\"800\" \/>\n\t<meta property=\"og:image:type\" content=\"image\/jpeg\" \/>\n<meta name=\"twitter:card\" content=\"summary_large_image\" \/>\n<meta name=\"twitter:label1\" content=\"Disponibilit\u00e9\" \/>\n\t<meta name=\"twitter:data1\" content=\"Rupture de stock\" \/>\n<script type=\"application\/ld+json\" class=\"yoast-schema-graph\">{\"@context\":\"https:\\\/\\\/schema.org\",\"@graph\":[{\"@type\":\"WebPage\",\"@id\":\"https:\\\/\\\/www.vetorino.com\\\/boutique\\\/product\\\/vd-dog-oxalateuratecystine\\\/\",\"url\":\"https:\\\/\\\/www.vetorino.com\\\/boutique\\\/product\\\/vd-dog-oxalateuratecystine\\\/\",\"name\":\"Chien VD Oxalate Urate Cystine Calibra - V\u00e9torino\",\"isPartOf\":{\"@id\":\"https:\\\/\\\/www.vetorino.com\\\/boutique\\\/#website\"},\"primaryImageOfPage\":{\"@id\":\"https:\\\/\\\/www.vetorino.com\\\/boutique\\\/product\\\/vd-dog-oxalateuratecystine\\\/#primaryimage\"},\"image\":{\"@id\":\"https:\\\/\\\/www.vetorino.com\\\/boutique\\\/product\\\/vd-dog-oxalateuratecystine\\\/#primaryimage\"},\"thumbnailUrl\":\"https:\\\/\\\/www.vetorino.com\\\/boutique\\\/wp-content\\\/uploads\\\/2022\\\/11\\\/cal-vd-cn-oxalate-urate-cystine12kg.jpg\",\"datePublished\":\"2022-11-09T16:50:31+00:00\",\"dateModified\":\"2025-11-19T16:23:35+00:00\",\"description\":\"Aliments complets de haute qualit\u00e9 pour chiens, destin\u00e9s \u00e0 r\u00e9duire la formation de calculs d'oxalate, de cystine et d'urate. R\u00e9duit la formation de calculs urinaires Formule riche en antioxydants Soutient la sant\u00e9 r\u00e9nale Utilisation : Calculs d'oxalate Calculs de cystine Calculs d'urate\",\"breadcrumb\":{\"@id\":\"https:\\\/\\\/www.vetorino.com\\\/boutique\\\/product\\\/vd-dog-oxalateuratecystine\\\/#breadcrumb\"},\"inLanguage\":\"fr-FR\",\"potentialAction\":[{\"@type\":\"ReadAction\",\"target\":[\"https:\\\/\\\/www.vetorino.com\\\/boutique\\\/product\\\/vd-dog-oxalateuratecystine\\\/\"]}]},{\"@type\":\"ImageObject\",\"inLanguage\":\"fr-FR\",\"@id\":\"https:\\\/\\\/www.vetorino.com\\\/boutique\\\/product\\\/vd-dog-oxalateuratecystine\\\/#primaryimage\",\"url\":\"https:\\\/\\\/www.vetorino.com\\\/boutique\\\/wp-content\\\/uploads\\\/2022\\\/11\\\/cal-vd-cn-oxalate-urate-cystine12kg.jpg\",\"contentUrl\":\"https:\\\/\\\/www.vetorino.com\\\/boutique\\\/wp-content\\\/uploads\\\/2022\\\/11\\\/cal-vd-cn-oxalate-urate-cystine12kg.jpg\",\"width\":800,\"height\":800},{\"@type\":\"BreadcrumbList\",\"@id\":\"https:\\\/\\\/www.vetorino.com\\\/boutique\\\/product\\\/vd-dog-oxalateuratecystine\\\/#breadcrumb\",\"itemListElement\":[{\"@type\":\"ListItem\",\"position\":1,\"name\":\"Accueil\",\"item\":\"https:\\\/\\\/www.vetorino.com\\\/boutique\\\/\"},{\"@type\":\"ListItem\",\"position\":2,\"name\":\"Produits\",\"item\":\"https:\\\/\\\/www.vetorino.com\\\/boutique\\\/\"},{\"@type\":\"ListItem\",\"position\":3,\"name\":\"Chien VD Oxalate Urate Cystine\"}]},{\"@type\":\"WebSite\",\"@id\":\"https:\\\/\\\/www.vetorino.com\\\/boutique\\\/#website\",\"url\":\"https:\\\/\\\/www.vetorino.com\\\/boutique\\\/\",\"name\":\"V\u00e9torino\",\"description\":\"\",\"publisher\":{\"@id\":\"https:\\\/\\\/www.vetorino.com\\\/boutique\\\/#organization\"},\"potentialAction\":[{\"@type\":\"SearchAction\",\"target\":{\"@type\":\"EntryPoint\",\"urlTemplate\":\"https:\\\/\\\/www.vetorino.com\\\/boutique\\\/?s={search_term_string}\"},\"query-input\":{\"@type\":\"PropertyValueSpecification\",\"valueRequired\":true,\"valueName\":\"search_term_string\"}}],\"inLanguage\":\"fr-FR\"},{\"@type\":\"Organization\",\"@id\":\"https:\\\/\\\/www.vetorino.com\\\/boutique\\\/#organization\",\"name\":\"V\u00e9torino\",\"url\":\"https:\\\/\\\/www.vetorino.com\\\/boutique\\\/\",\"logo\":{\"@type\":\"ImageObject\",\"inLanguage\":\"fr-FR\",\"@id\":\"https:\\\/\\\/www.vetorino.com\\\/boutique\\\/#\\\/schema\\\/logo\\\/image\\\/\",\"url\":\"https:\\\/\\\/www.vetorino.com\\\/boutique\\\/wp-content\\\/uploads\\\/2024\\\/10\\\/logo.jpg\",\"contentUrl\":\"https:\\\/\\\/www.vetorino.com\\\/boutique\\\/wp-content\\\/uploads\\\/2024\\\/10\\\/logo.jpg\",\"width\":1200,\"height\":610,\"caption\":\"V\u00e9torino\"},\"image\":{\"@id\":\"https:\\\/\\\/www.vetorino.com\\\/boutique\\\/#\\\/schema\\\/logo\\\/image\\\/\"},\"sameAs\":[\"https:\\\/\\\/www.facebook.com\\\/Vetorino\\\/\",\"https:\\\/\\\/www.instagram.com\\\/vetorino_off\\\/\",\"https:\\\/\\\/www.linkedin.com\\\/company\\\/vtorino\\\/\"]}]}<\/script>\n<meta property=\"product:brand\" content=\"Calibra\" \/>\n<meta property=\"og:availability\" content=\"out of stock\" \/>\n<meta property=\"product:availability\" content=\"out of stock\" \/>\n<meta property=\"product:condition\" content=\"new\" \/>\n<!-- \/ Yoast SEO plugin. -->","yoast_head_json":{"title":"Chien VD Oxalate Urate Cystine Calibra - V\u00e9torino","description":"Aliments complets de haute qualit\u00e9 pour chiens, destin\u00e9s \u00e0 r\u00e9duire la formation de calculs d'oxalate, de cystine et d'urate.       R\u00e9duit la formation de calculs urinaires  Formule riche en antioxydants  Soutient la sant\u00e9 r\u00e9nale  Utilisation :   Calculs d'oxalate  Calculs de cystine  Calculs d'urate","robots":{"index":"noindex","follow":"nofollow"},"og_locale":"fr_FR","og_type":"article","og_title":"Chien VD Oxalate Urate Cystine Calibra - V\u00e9torino","og_description":"Aliments complets de haute qualit\u00e9 pour chiens, destin\u00e9s \u00e0 r\u00e9duire la formation de calculs d'oxalate, de cystine et d'urate.       R\u00e9duit la formation de calculs urinaires  Formule riche en antioxydants  Soutient la sant\u00e9 r\u00e9nale  Utilisation :   Calculs d'oxalate  Calculs de cystine  Calculs d'urate","og_url":"https:\/\/www.vetorino.com\/veterinaire\/sceaux-92330\/boutique\/product\/vd-dog-oxalateuratecystine\/","og_site_name":"V\u00e9torino","article_publisher":"https:\/\/www.facebook.com\/Vetorino\/","article_modified_time":"2025-11-19T16:23:35+00:00","og_image":[{"width":800,"height":800,"url":"https:\/\/www.vetorino.com\/boutique\/wp-content\/uploads\/2022\/11\/cal-vd-cn-oxalate-urate-cystine12kg.jpg","type":"image\/jpeg"}],"twitter_card":"summary_large_image","twitter_misc":{"Disponibilit\u00e9":"Rupture de stock"},"schema":{"@context":"https:\/\/schema.org","@graph":[{"@type":"WebPage","@id":"https:\/\/www.vetorino.com\/boutique\/product\/vd-dog-oxalateuratecystine\/","url":"https:\/\/www.vetorino.com\/boutique\/product\/vd-dog-oxalateuratecystine\/","name":"Chien VD Oxalate Urate Cystine Calibra - V\u00e9torino","isPartOf":{"@id":"https:\/\/www.vetorino.com\/boutique\/#website"},"primaryImageOfPage":{"@id":"https:\/\/www.vetorino.com\/boutique\/product\/vd-dog-oxalateuratecystine\/#primaryimage"},"image":{"@id":"https:\/\/www.vetorino.com\/boutique\/product\/vd-dog-oxalateuratecystine\/#primaryimage"},"thumbnailUrl":"https:\/\/www.vetorino.com\/boutique\/wp-content\/uploads\/2022\/11\/cal-vd-cn-oxalate-urate-cystine12kg.jpg","datePublished":"2022-11-09T16:50:31+00:00","dateModified":"2025-11-19T16:23:35+00:00","description":"Aliments complets de haute qualit\u00e9 pour chiens, destin\u00e9s \u00e0 r\u00e9duire la formation de calculs d'oxalate, de cystine et d'urate. R\u00e9duit la formation de calculs urinaires Formule riche en antioxydants Soutient la sant\u00e9 r\u00e9nale Utilisation : Calculs d'oxalate Calculs de cystine Calculs d'urate","breadcrumb":{"@id":"https:\/\/www.vetorino.com\/boutique\/product\/vd-dog-oxalateuratecystine\/#breadcrumb"},"inLanguage":"fr-FR","potentialAction":[{"@type":"ReadAction","target":["https:\/\/www.vetorino.com\/boutique\/product\/vd-dog-oxalateuratecystine\/"]}]},{"@type":"ImageObject","inLanguage":"fr-FR","@id":"https:\/\/www.vetorino.com\/boutique\/product\/vd-dog-oxalateuratecystine\/#primaryimage","url":"https:\/\/www.vetorino.com\/boutique\/wp-content\/uploads\/2022\/11\/cal-vd-cn-oxalate-urate-cystine12kg.jpg","contentUrl":"https:\/\/www.vetorino.com\/boutique\/wp-content\/uploads\/2022\/11\/cal-vd-cn-oxalate-urate-cystine12kg.jpg","width":800,"height":800},{"@type":"BreadcrumbList","@id":"https:\/\/www.vetorino.com\/boutique\/product\/vd-dog-oxalateuratecystine\/#breadcrumb","itemListElement":[{"@type":"ListItem","position":1,"name":"Accueil","item":"https:\/\/www.vetorino.com\/boutique\/"},{"@type":"ListItem","position":2,"name":"Produits","item":"https:\/\/www.vetorino.com\/boutique\/"},{"@type":"ListItem","position":3,"name":"Chien VD Oxalate Urate Cystine"}]},{"@type":"WebSite","@id":"https:\/\/www.vetorino.com\/boutique\/#website","url":"https:\/\/www.vetorino.com\/boutique\/","name":"V\u00e9torino","description":"","publisher":{"@id":"https:\/\/www.vetorino.com\/boutique\/#organization"},"potentialAction":[{"@type":"SearchAction","target":{"@type":"EntryPoint","urlTemplate":"https:\/\/www.vetorino.com\/boutique\/?s={search_term_string}"},"query-input":{"@type":"PropertyValueSpecification","valueRequired":true,"valueName":"search_term_string"}}],"inLanguage":"fr-FR"},{"@type":"Organization","@id":"https:\/\/www.vetorino.com\/boutique\/#organization","name":"V\u00e9torino","url":"https:\/\/www.vetorino.com\/boutique\/","logo":{"@type":"ImageObject","inLanguage":"fr-FR","@id":"https:\/\/www.vetorino.com\/boutique\/#\/schema\/logo\/image\/","url":"https:\/\/www.vetorino.com\/boutique\/wp-content\/uploads\/2024\/10\/logo.jpg","contentUrl":"https:\/\/www.vetorino.com\/boutique\/wp-content\/uploads\/2024\/10\/logo.jpg","width":1200,"height":610,"caption":"V\u00e9torino"},"image":{"@id":"https:\/\/www.vetorino.com\/boutique\/#\/schema\/logo\/image\/"},"sameAs":["https:\/\/www.facebook.com\/Vetorino\/","https:\/\/www.instagram.com\/vetorino_off\/","https:\/\/www.linkedin.com\/company\/vtorino\/"]}]},"product_brand":"Calibra","og_availability":"out of stock","product_availability":"out of stock","product_condition":"new"},"_links":{"self":[{"href":"https:\/\/www.vetorino.com\/veterinaire\/sceaux-92330\/boutique\/wp-json\/wp\/v2\/product\/503817","targetHints":{"allow":["GET"]}}],"collection":[{"href":"https:\/\/www.vetorino.com\/veterinaire\/sceaux-92330\/boutique\/wp-json\/wp\/v2\/product"}],"about":[{"href":"https:\/\/www.vetorino.com\/veterinaire\/sceaux-92330\/boutique\/wp-json\/wp\/v2\/types\/product"}],"wp:featuredmedia":[{"embeddable":true,"href":"https:\/\/www.vetorino.com\/veterinaire\/sceaux-92330\/boutique\/wp-json\/wp\/v2\/media\/592932"}],"wp:attachment":[{"href":"https:\/\/www.vetorino.com\/veterinaire\/sceaux-92330\/boutique\/wp-json\/wp\/v2\/media?parent=503817"}],"wp:term":[{"taxonomy":"product_cat","embeddable":true,"href":"https:\/\/www.vetorino.com\/veterinaire\/sceaux-92330\/boutique\/wp-json\/wp\/v2\/product_cat?post=503817"},{"taxonomy":"product_tag","embeddable":true,"href":"https:\/\/www.vetorino.com\/veterinaire\/sceaux-92330\/boutique\/wp-json\/wp\/v2\/product_tag?post=503817"}],"curies":[{"name":"wp","href":"https:\/\/api.w.org\/{rel}","templated":true}]}}