{"id":503824,"date":"2022-11-09T17:50:55","date_gmt":"2022-11-09T16:50:55","guid":{"rendered":"https:\/\/www.vetorino.com\/boutique\/product\/life-kitten-chicken\/"},"modified":"2025-11-19T17:33:04","modified_gmt":"2025-11-19T16:33:04","slug":"life-kitten-chicken","status":"publish","type":"product","link":"https:\/\/www.vetorino.com\/veterinaire\/sceaux-92330\/boutique\/product\/life-kitten-chicken\/","title":{"rendered":"Kitten Life Chicken"},"content":{"rendered":"<div class=\"type short-description\">\n<p><strong>Aliment sec complet pour chatons, \u00e9galement adapt\u00e9 aux chattes en gestation et en lactation.<\/strong><\/p>\n<\/div>\n<div class=\"block characteristics\">\n<div class=\"block-content is-paws-list\">\n<ul>\n<li>Croissance optimale gr\u00e2ce aux prot\u00e9ines de qualit\u00e9<\/li>\n<li>Soutien immunitaire avec vitamines et min\u00e9raux<\/li>\n<li>Digestion facilit\u00e9e par pr\u00e9biotiques et texture adapt\u00e9e<\/li>\n<\/ul>\n<p>Cet aliment est sp\u00e9cialement <strong>con\u00e7u pour r\u00e9pondre aux besoins nutritionnels des chatons. <\/strong><\/p>\n<p>Il contient des prot\u00e9ines de qualit\u00e9 pour<strong> aider au d\u00e9veloppement musculaire<\/strong>, ainsi que des acides gras essentiels pour <strong>favoriser une peau saine et un pelage brillant. <\/strong><\/p>\n<p>Les croquettes pour chatons sont \u00e9galement <strong>riches en vitamines et min\u00e9raux<\/strong> pour soutenir le <strong>d\u00e9veloppement des os et des dents, ainsi que le syst\u00e8me immunitaire.<\/strong><\/p>\n<p>Les pr\u00e9biotiques permettent de soutenir<strong> la microflore intestinale. <\/strong><\/p>\n<p>De plus, elles ont une texture adapt\u00e9e aux dents de chatons pour <strong>faciliter la mastication et la digestion.<\/strong><\/p>\n<p>Cette alimentation \u00e9quilibr\u00e9e est sp\u00e9cialement adapt\u00e9e \u00e0 leurs besoins pour leur<strong> garantir une croissance saine et un d\u00e9veloppement optimal<\/strong><\/p>\n<\/div>\n<\/div>\n","protected":false},"excerpt":{"rendered":"<div class=\"type short-description\">\n<p><strong>Aliment sec complet pour chatons, \u00e9galement adapt\u00e9 aux chattes en gestation et en lactation.<\/strong><\/p>\n<\/div>\n<div class=\"block characteristics\">\n<div class=\"block-content is-paws-list\">\n<ul>\n<li>Croissance optimale gr\u00e2ce aux prot\u00e9ines de qualit\u00e9<\/li>\n<li>Soutien immunitaire avec vitamines et min\u00e9raux<\/li>\n<li>Digestion facilit\u00e9e par pr\u00e9biotiques et texture adapt\u00e9e<\/li>\n<\/ul>\n<\/div>\n<\/div>\n","protected":false},"featured_media":592464,"template":"","meta":[],"product_cat":[12551,12583,2697],"product_tag":[],"class_list":{"0":"post-503824","1":"product","2":"type-product","3":"status-publish","4":"has-post-thumbnail","6":"product_cat-alimentation-du-chat","7":"product_cat-alimentation-premium-pour-chat","8":"product_cat-chat","9":"pa_marque-calibra","11":"first","12":"outofstock","13":"taxable","14":"shipping-taxable","15":"purchasable","16":"product-type-variable"},"yoast_head":"<!-- This site is optimized with the Yoast SEO plugin v27.3 - https:\/\/yoast.com\/product\/yoast-seo-wordpress\/ -->\n<title>Kitten Life Chicken Calibra - V\u00e9torino<\/title>\n<meta name=\"description\" content=\"Aliment sec complet pour chatons, \u00e9galement adapt\u00e9 aux chattes en gestation et en lactation.       Croissance optimale gr\u00e2ce aux prot\u00e9ines de qualit\u00e9  Soutien immunitaire avec vitamines et min\u00e9raux  Digestion facilit\u00e9e par pr\u00e9biotiques et texture adapt\u00e9e\" \/>\n<meta name=\"robots\" content=\"noindex, nofollow\" \/>\n<meta property=\"og:locale\" content=\"fr_FR\" \/>\n<meta property=\"og:type\" content=\"article\" \/>\n<meta property=\"og:title\" content=\"Kitten Life Chicken Calibra - V\u00e9torino\" \/>\n<meta property=\"og:description\" content=\"Aliment sec complet pour chatons, \u00e9galement adapt\u00e9 aux chattes en gestation et en lactation.       Croissance optimale gr\u00e2ce aux prot\u00e9ines de qualit\u00e9  Soutien immunitaire avec vitamines et min\u00e9raux  Digestion facilit\u00e9e par pr\u00e9biotiques et texture adapt\u00e9e\" \/>\n<meta property=\"og:url\" content=\"https:\/\/www.vetorino.com\/veterinaire\/sceaux-92330\/boutique\/product\/life-kitten-chicken\/\" \/>\n<meta property=\"og:site_name\" content=\"V\u00e9torino\" \/>\n<meta property=\"article:publisher\" content=\"https:\/\/www.facebook.com\/Vetorino\/\" \/>\n<meta property=\"article:modified_time\" content=\"2025-11-19T16:33:04+00:00\" \/>\n<meta property=\"og:image\" content=\"https:\/\/www.vetorino.com\/boutique\/wp-content\/uploads\/2022\/11\/calibra-life-kitten-chicken.jpg\" \/>\n\t<meta property=\"og:image:width\" content=\"800\" \/>\n\t<meta property=\"og:image:height\" content=\"800\" \/>\n\t<meta property=\"og:image:type\" content=\"image\/jpeg\" \/>\n<meta name=\"twitter:card\" content=\"summary_large_image\" \/>\n<meta name=\"twitter:label1\" content=\"Disponibilit\u00e9\" \/>\n\t<meta name=\"twitter:data1\" content=\"Rupture de stock\" \/>\n<script type=\"application\/ld+json\" class=\"yoast-schema-graph\">{\"@context\":\"https:\\\/\\\/schema.org\",\"@graph\":[{\"@type\":\"WebPage\",\"@id\":\"https:\\\/\\\/www.vetorino.com\\\/boutique\\\/product\\\/life-kitten-chicken\\\/\",\"url\":\"https:\\\/\\\/www.vetorino.com\\\/boutique\\\/product\\\/life-kitten-chicken\\\/\",\"name\":\"Kitten Life Chicken Calibra - V\u00e9torino\",\"isPartOf\":{\"@id\":\"https:\\\/\\\/www.vetorino.com\\\/boutique\\\/#website\"},\"primaryImageOfPage\":{\"@id\":\"https:\\\/\\\/www.vetorino.com\\\/boutique\\\/product\\\/life-kitten-chicken\\\/#primaryimage\"},\"image\":{\"@id\":\"https:\\\/\\\/www.vetorino.com\\\/boutique\\\/product\\\/life-kitten-chicken\\\/#primaryimage\"},\"thumbnailUrl\":\"https:\\\/\\\/www.vetorino.com\\\/boutique\\\/wp-content\\\/uploads\\\/2022\\\/11\\\/calibra-life-kitten-chicken.jpg\",\"datePublished\":\"2022-11-09T16:50:55+00:00\",\"dateModified\":\"2025-11-19T16:33:04+00:00\",\"description\":\"Aliment sec complet pour chatons, \u00e9galement adapt\u00e9 aux chattes en gestation et en lactation. Croissance optimale gr\u00e2ce aux prot\u00e9ines de qualit\u00e9 Soutien immunitaire avec vitamines et min\u00e9raux Digestion facilit\u00e9e par pr\u00e9biotiques et texture adapt\u00e9e\",\"breadcrumb\":{\"@id\":\"https:\\\/\\\/www.vetorino.com\\\/boutique\\\/product\\\/life-kitten-chicken\\\/#breadcrumb\"},\"inLanguage\":\"fr-FR\",\"potentialAction\":[{\"@type\":\"ReadAction\",\"target\":[\"https:\\\/\\\/www.vetorino.com\\\/boutique\\\/product\\\/life-kitten-chicken\\\/\"]}]},{\"@type\":\"ImageObject\",\"inLanguage\":\"fr-FR\",\"@id\":\"https:\\\/\\\/www.vetorino.com\\\/boutique\\\/product\\\/life-kitten-chicken\\\/#primaryimage\",\"url\":\"https:\\\/\\\/www.vetorino.com\\\/boutique\\\/wp-content\\\/uploads\\\/2022\\\/11\\\/calibra-life-kitten-chicken.jpg\",\"contentUrl\":\"https:\\\/\\\/www.vetorino.com\\\/boutique\\\/wp-content\\\/uploads\\\/2022\\\/11\\\/calibra-life-kitten-chicken.jpg\",\"width\":800,\"height\":800},{\"@type\":\"BreadcrumbList\",\"@id\":\"https:\\\/\\\/www.vetorino.com\\\/boutique\\\/product\\\/life-kitten-chicken\\\/#breadcrumb\",\"itemListElement\":[{\"@type\":\"ListItem\",\"position\":1,\"name\":\"Accueil\",\"item\":\"https:\\\/\\\/www.vetorino.com\\\/boutique\\\/\"},{\"@type\":\"ListItem\",\"position\":2,\"name\":\"Produits\",\"item\":\"https:\\\/\\\/www.vetorino.com\\\/boutique\\\/\"},{\"@type\":\"ListItem\",\"position\":3,\"name\":\"Kitten Life Chicken\"}]},{\"@type\":\"WebSite\",\"@id\":\"https:\\\/\\\/www.vetorino.com\\\/boutique\\\/#website\",\"url\":\"https:\\\/\\\/www.vetorino.com\\\/boutique\\\/\",\"name\":\"V\u00e9torino\",\"description\":\"\",\"publisher\":{\"@id\":\"https:\\\/\\\/www.vetorino.com\\\/boutique\\\/#organization\"},\"potentialAction\":[{\"@type\":\"SearchAction\",\"target\":{\"@type\":\"EntryPoint\",\"urlTemplate\":\"https:\\\/\\\/www.vetorino.com\\\/boutique\\\/?s={search_term_string}\"},\"query-input\":{\"@type\":\"PropertyValueSpecification\",\"valueRequired\":true,\"valueName\":\"search_term_string\"}}],\"inLanguage\":\"fr-FR\"},{\"@type\":\"Organization\",\"@id\":\"https:\\\/\\\/www.vetorino.com\\\/boutique\\\/#organization\",\"name\":\"V\u00e9torino\",\"url\":\"https:\\\/\\\/www.vetorino.com\\\/boutique\\\/\",\"logo\":{\"@type\":\"ImageObject\",\"inLanguage\":\"fr-FR\",\"@id\":\"https:\\\/\\\/www.vetorino.com\\\/boutique\\\/#\\\/schema\\\/logo\\\/image\\\/\",\"url\":\"https:\\\/\\\/www.vetorino.com\\\/boutique\\\/wp-content\\\/uploads\\\/2024\\\/10\\\/logo.jpg\",\"contentUrl\":\"https:\\\/\\\/www.vetorino.com\\\/boutique\\\/wp-content\\\/uploads\\\/2024\\\/10\\\/logo.jpg\",\"width\":1200,\"height\":610,\"caption\":\"V\u00e9torino\"},\"image\":{\"@id\":\"https:\\\/\\\/www.vetorino.com\\\/boutique\\\/#\\\/schema\\\/logo\\\/image\\\/\"},\"sameAs\":[\"https:\\\/\\\/www.facebook.com\\\/Vetorino\\\/\",\"https:\\\/\\\/www.instagram.com\\\/vetorino_off\\\/\",\"https:\\\/\\\/www.linkedin.com\\\/company\\\/vtorino\\\/\"]}]}<\/script>\n<meta property=\"product:brand\" content=\"Calibra\" \/>\n<meta property=\"og:availability\" content=\"out of stock\" \/>\n<meta property=\"product:availability\" content=\"out of stock\" \/>\n<meta property=\"product:condition\" content=\"new\" \/>\n<!-- \/ Yoast SEO plugin. -->","yoast_head_json":{"title":"Kitten Life Chicken Calibra - V\u00e9torino","description":"Aliment sec complet pour chatons, \u00e9galement adapt\u00e9 aux chattes en gestation et en lactation.       Croissance optimale gr\u00e2ce aux prot\u00e9ines de qualit\u00e9  Soutien immunitaire avec vitamines et min\u00e9raux  Digestion facilit\u00e9e par pr\u00e9biotiques et texture adapt\u00e9e","robots":{"index":"noindex","follow":"nofollow"},"og_locale":"fr_FR","og_type":"article","og_title":"Kitten Life Chicken Calibra - V\u00e9torino","og_description":"Aliment sec complet pour chatons, \u00e9galement adapt\u00e9 aux chattes en gestation et en lactation.       Croissance optimale gr\u00e2ce aux prot\u00e9ines de qualit\u00e9  Soutien immunitaire avec vitamines et min\u00e9raux  Digestion facilit\u00e9e par pr\u00e9biotiques et texture adapt\u00e9e","og_url":"https:\/\/www.vetorino.com\/veterinaire\/sceaux-92330\/boutique\/product\/life-kitten-chicken\/","og_site_name":"V\u00e9torino","article_publisher":"https:\/\/www.facebook.com\/Vetorino\/","article_modified_time":"2025-11-19T16:33:04+00:00","og_image":[{"width":800,"height":800,"url":"https:\/\/www.vetorino.com\/boutique\/wp-content\/uploads\/2022\/11\/calibra-life-kitten-chicken.jpg","type":"image\/jpeg"}],"twitter_card":"summary_large_image","twitter_misc":{"Disponibilit\u00e9":"Rupture de stock"},"schema":{"@context":"https:\/\/schema.org","@graph":[{"@type":"WebPage","@id":"https:\/\/www.vetorino.com\/boutique\/product\/life-kitten-chicken\/","url":"https:\/\/www.vetorino.com\/boutique\/product\/life-kitten-chicken\/","name":"Kitten Life Chicken Calibra - V\u00e9torino","isPartOf":{"@id":"https:\/\/www.vetorino.com\/boutique\/#website"},"primaryImageOfPage":{"@id":"https:\/\/www.vetorino.com\/boutique\/product\/life-kitten-chicken\/#primaryimage"},"image":{"@id":"https:\/\/www.vetorino.com\/boutique\/product\/life-kitten-chicken\/#primaryimage"},"thumbnailUrl":"https:\/\/www.vetorino.com\/boutique\/wp-content\/uploads\/2022\/11\/calibra-life-kitten-chicken.jpg","datePublished":"2022-11-09T16:50:55+00:00","dateModified":"2025-11-19T16:33:04+00:00","description":"Aliment sec complet pour chatons, \u00e9galement adapt\u00e9 aux chattes en gestation et en lactation. Croissance optimale gr\u00e2ce aux prot\u00e9ines de qualit\u00e9 Soutien immunitaire avec vitamines et min\u00e9raux Digestion facilit\u00e9e par pr\u00e9biotiques et texture adapt\u00e9e","breadcrumb":{"@id":"https:\/\/www.vetorino.com\/boutique\/product\/life-kitten-chicken\/#breadcrumb"},"inLanguage":"fr-FR","potentialAction":[{"@type":"ReadAction","target":["https:\/\/www.vetorino.com\/boutique\/product\/life-kitten-chicken\/"]}]},{"@type":"ImageObject","inLanguage":"fr-FR","@id":"https:\/\/www.vetorino.com\/boutique\/product\/life-kitten-chicken\/#primaryimage","url":"https:\/\/www.vetorino.com\/boutique\/wp-content\/uploads\/2022\/11\/calibra-life-kitten-chicken.jpg","contentUrl":"https:\/\/www.vetorino.com\/boutique\/wp-content\/uploads\/2022\/11\/calibra-life-kitten-chicken.jpg","width":800,"height":800},{"@type":"BreadcrumbList","@id":"https:\/\/www.vetorino.com\/boutique\/product\/life-kitten-chicken\/#breadcrumb","itemListElement":[{"@type":"ListItem","position":1,"name":"Accueil","item":"https:\/\/www.vetorino.com\/boutique\/"},{"@type":"ListItem","position":2,"name":"Produits","item":"https:\/\/www.vetorino.com\/boutique\/"},{"@type":"ListItem","position":3,"name":"Kitten Life Chicken"}]},{"@type":"WebSite","@id":"https:\/\/www.vetorino.com\/boutique\/#website","url":"https:\/\/www.vetorino.com\/boutique\/","name":"V\u00e9torino","description":"","publisher":{"@id":"https:\/\/www.vetorino.com\/boutique\/#organization"},"potentialAction":[{"@type":"SearchAction","target":{"@type":"EntryPoint","urlTemplate":"https:\/\/www.vetorino.com\/boutique\/?s={search_term_string}"},"query-input":{"@type":"PropertyValueSpecification","valueRequired":true,"valueName":"search_term_string"}}],"inLanguage":"fr-FR"},{"@type":"Organization","@id":"https:\/\/www.vetorino.com\/boutique\/#organization","name":"V\u00e9torino","url":"https:\/\/www.vetorino.com\/boutique\/","logo":{"@type":"ImageObject","inLanguage":"fr-FR","@id":"https:\/\/www.vetorino.com\/boutique\/#\/schema\/logo\/image\/","url":"https:\/\/www.vetorino.com\/boutique\/wp-content\/uploads\/2024\/10\/logo.jpg","contentUrl":"https:\/\/www.vetorino.com\/boutique\/wp-content\/uploads\/2024\/10\/logo.jpg","width":1200,"height":610,"caption":"V\u00e9torino"},"image":{"@id":"https:\/\/www.vetorino.com\/boutique\/#\/schema\/logo\/image\/"},"sameAs":["https:\/\/www.facebook.com\/Vetorino\/","https:\/\/www.instagram.com\/vetorino_off\/","https:\/\/www.linkedin.com\/company\/vtorino\/"]}]},"product_brand":"Calibra","og_availability":"out of stock","product_availability":"out of stock","product_condition":"new"},"_links":{"self":[{"href":"https:\/\/www.vetorino.com\/veterinaire\/sceaux-92330\/boutique\/wp-json\/wp\/v2\/product\/503824","targetHints":{"allow":["GET"]}}],"collection":[{"href":"https:\/\/www.vetorino.com\/veterinaire\/sceaux-92330\/boutique\/wp-json\/wp\/v2\/product"}],"about":[{"href":"https:\/\/www.vetorino.com\/veterinaire\/sceaux-92330\/boutique\/wp-json\/wp\/v2\/types\/product"}],"wp:featuredmedia":[{"embeddable":true,"href":"https:\/\/www.vetorino.com\/veterinaire\/sceaux-92330\/boutique\/wp-json\/wp\/v2\/media\/592464"}],"wp:attachment":[{"href":"https:\/\/www.vetorino.com\/veterinaire\/sceaux-92330\/boutique\/wp-json\/wp\/v2\/media?parent=503824"}],"wp:term":[{"taxonomy":"product_cat","embeddable":true,"href":"https:\/\/www.vetorino.com\/veterinaire\/sceaux-92330\/boutique\/wp-json\/wp\/v2\/product_cat?post=503824"},{"taxonomy":"product_tag","embeddable":true,"href":"https:\/\/www.vetorino.com\/veterinaire\/sceaux-92330\/boutique\/wp-json\/wp\/v2\/product_tag?post=503824"}],"curies":[{"name":"wp","href":"https:\/\/api.w.org\/{rel}","templated":true}]}}