{"id":511631,"date":"2022-11-23T11:29:38","date_gmt":"2022-11-23T10:29:38","guid":{"rendered":"https:\/\/www.vetorino.com\/boutique\/?post_type=product&#038;p=511631"},"modified":"2023-05-23T04:23:02","modified_gmt":"2023-05-23T02:23:02","slug":"piscine-pour-chien-2","status":"publish","type":"product","link":"https:\/\/www.vetorino.com\/veterinaire\/sceaux-92330\/boutique\/product\/piscine-pour-chien-2\/","title":{"rendered":"Piscine pour chien"},"content":{"rendered":"<p><strong>Cette piscine pour chiens TRIXIE<\/strong> est facile \u00e0 monter et \u00e0 d\u00e9monter, sans pompe \u00e0 air. La piscine est dot\u00e9e d&#8217;une paroi robuste et d&#8217;un fond antid\u00e9rapant \u00e0 l&#8217;int\u00e9rieur. Facile \u00e0 vider gr\u00e2ce au bouchon extractible.<\/p>\n<ul>\n<li>Facile \u00e0 installer et \u00e0 d\u00e9monter sans pompe \u00e0 air.<\/li>\n<li>Parois stables (MDF).<\/li>\n<li>Fond int\u00e9rieur anti-d\u00e9rapant.<\/li>\n<li>Facile \u00e0 vider avec la vanne de vidange.<\/li>\n<li>En plastique \/ MDF.<\/li>\n<li>Couleur : p\u00e9trole \/ gris.<\/li>\n<li>Dimensions :\u00a0\u00d8\u00a0120 x 30 cm.<\/li>\n<\/ul>\n","protected":false},"excerpt":{"rendered":"<p><strong>Cette piscine pour chiens TRIXIE<\/strong> est facile \u00e0 monter et \u00e0 d\u00e9monter, sans pompe \u00e0 air. La piscine est dot\u00e9e d&#8217;une paroi robuste et d&#8217;un fond antid\u00e9rapant \u00e0 l&#8217;int\u00e9rieur. Facile \u00e0 vider gr\u00e2ce au bouchon extractible.<\/p>\n","protected":false},"featured_media":592764,"template":"","meta":[],"product_cat":[12550,2698,12596,12621],"product_tag":[],"class_list":{"0":"post-511631","1":"product","2":"type-product","3":"status-publish","4":"has-post-thumbnail","6":"product_cat-accessoires-du-chien","7":"product_cat-chien","8":"product_cat-confort-du-chien","9":"product_cat-jeux-educatifs-pour-chien","10":"pa_marque-trixie","12":"first","13":"instock","14":"taxable","15":"shipping-taxable","16":"purchasable","17":"product-type-simple"},"yoast_head":"<!-- This site is optimized with the Yoast SEO plugin v27.3 - https:\/\/yoast.com\/product\/yoast-seo-wordpress\/ -->\n<title>Piscine pour chien Trixie - V\u00e9torino<\/title>\n<meta name=\"description\" content=\"Cette piscine pour chiens TRIXIE est facile \u00e0 monter et \u00e0 d\u00e9monter, sans pompe \u00e0 air. La piscine est dot\u00e9e d&#039;une paroi robuste et d&#039;un fond antid\u00e9rapant \u00e0 l&#039;int\u00e9rieur. Facile \u00e0 vider gr\u00e2ce au bouchon extractible.\" \/>\n<meta name=\"robots\" content=\"noindex, nofollow\" \/>\n<meta property=\"og:locale\" content=\"fr_FR\" \/>\n<meta property=\"og:type\" content=\"article\" \/>\n<meta property=\"og:title\" content=\"Piscine pour chien Trixie - V\u00e9torino\" \/>\n<meta property=\"og:description\" content=\"Cette piscine pour chiens TRIXIE est facile \u00e0 monter et \u00e0 d\u00e9monter, sans pompe \u00e0 air. La piscine est dot\u00e9e d&#039;une paroi robuste et d&#039;un fond antid\u00e9rapant \u00e0 l&#039;int\u00e9rieur. Facile \u00e0 vider gr\u00e2ce au bouchon extractible.\" \/>\n<meta property=\"og:url\" content=\"https:\/\/www.vetorino.com\/veterinaire\/sceaux-92330\/boutique\/product\/piscine-pour-chien-2\/\" \/>\n<meta property=\"og:site_name\" content=\"V\u00e9torino\" \/>\n<meta property=\"article:publisher\" content=\"https:\/\/www.facebook.com\/Vetorino\/\" \/>\n<meta property=\"article:modified_time\" content=\"2023-05-23T02:23:02+00:00\" \/>\n<meta property=\"og:image\" content=\"https:\/\/www.vetorino.com\/boutique\/wp-content\/uploads\/2022\/11\/piscine_1_1.jpg\" \/>\n\t<meta property=\"og:image:width\" content=\"700\" \/>\n\t<meta property=\"og:image:height\" content=\"700\" \/>\n\t<meta property=\"og:image:type\" content=\"image\/jpeg\" \/>\n<meta name=\"twitter:card\" content=\"summary_large_image\" \/>\n<meta name=\"twitter:label1\" content=\"Prix\" \/>\n\t<meta name=\"twitter:data1\" content=\"52,82&euro;\" \/>\n\t<meta name=\"twitter:label2\" content=\"Disponibilit\u00e9\" \/>\n\t<meta name=\"twitter:data2\" content=\"En stock\" \/>\n<script type=\"application\/ld+json\" class=\"yoast-schema-graph\">{\"@context\":\"https:\\\/\\\/schema.org\",\"@graph\":[{\"@type\":\"WebPage\",\"@id\":\"https:\\\/\\\/www.vetorino.com\\\/boutique\\\/product\\\/piscine-pour-chien-2\\\/\",\"url\":\"https:\\\/\\\/www.vetorino.com\\\/boutique\\\/product\\\/piscine-pour-chien-2\\\/\",\"name\":\"Piscine pour chien Trixie - V\u00e9torino\",\"isPartOf\":{\"@id\":\"https:\\\/\\\/www.vetorino.com\\\/boutique\\\/#website\"},\"primaryImageOfPage\":{\"@id\":\"https:\\\/\\\/www.vetorino.com\\\/boutique\\\/product\\\/piscine-pour-chien-2\\\/#primaryimage\"},\"image\":{\"@id\":\"https:\\\/\\\/www.vetorino.com\\\/boutique\\\/product\\\/piscine-pour-chien-2\\\/#primaryimage\"},\"thumbnailUrl\":\"https:\\\/\\\/www.vetorino.com\\\/boutique\\\/wp-content\\\/uploads\\\/2022\\\/11\\\/piscine_1_1.jpg\",\"datePublished\":\"2022-11-23T10:29:38+00:00\",\"dateModified\":\"2023-05-23T02:23:02+00:00\",\"description\":\"Cette piscine pour chiens TRIXIE est facile \u00e0 monter et \u00e0 d\u00e9monter, sans pompe \u00e0 air. La piscine est dot\u00e9e d'une paroi robuste et d'un fond antid\u00e9rapant \u00e0 l'int\u00e9rieur. Facile \u00e0 vider gr\u00e2ce au bouchon extractible.\",\"breadcrumb\":{\"@id\":\"https:\\\/\\\/www.vetorino.com\\\/boutique\\\/product\\\/piscine-pour-chien-2\\\/#breadcrumb\"},\"inLanguage\":\"fr-FR\",\"potentialAction\":[{\"@type\":\"ReadAction\",\"target\":[\"https:\\\/\\\/www.vetorino.com\\\/boutique\\\/product\\\/piscine-pour-chien-2\\\/\"]}]},{\"@type\":\"ImageObject\",\"inLanguage\":\"fr-FR\",\"@id\":\"https:\\\/\\\/www.vetorino.com\\\/boutique\\\/product\\\/piscine-pour-chien-2\\\/#primaryimage\",\"url\":\"https:\\\/\\\/www.vetorino.com\\\/boutique\\\/wp-content\\\/uploads\\\/2022\\\/11\\\/piscine_1_1.jpg\",\"contentUrl\":\"https:\\\/\\\/www.vetorino.com\\\/boutique\\\/wp-content\\\/uploads\\\/2022\\\/11\\\/piscine_1_1.jpg\",\"width\":700,\"height\":700},{\"@type\":\"BreadcrumbList\",\"@id\":\"https:\\\/\\\/www.vetorino.com\\\/boutique\\\/product\\\/piscine-pour-chien-2\\\/#breadcrumb\",\"itemListElement\":[{\"@type\":\"ListItem\",\"position\":1,\"name\":\"Accueil\",\"item\":\"https:\\\/\\\/www.vetorino.com\\\/boutique\\\/\"},{\"@type\":\"ListItem\",\"position\":2,\"name\":\"Produits\",\"item\":\"https:\\\/\\\/www.vetorino.com\\\/boutique\\\/\"},{\"@type\":\"ListItem\",\"position\":3,\"name\":\"Piscine pour chien\"}]},{\"@type\":\"WebSite\",\"@id\":\"https:\\\/\\\/www.vetorino.com\\\/boutique\\\/#website\",\"url\":\"https:\\\/\\\/www.vetorino.com\\\/boutique\\\/\",\"name\":\"V\u00e9torino\",\"description\":\"\",\"publisher\":{\"@id\":\"https:\\\/\\\/www.vetorino.com\\\/boutique\\\/#organization\"},\"potentialAction\":[{\"@type\":\"SearchAction\",\"target\":{\"@type\":\"EntryPoint\",\"urlTemplate\":\"https:\\\/\\\/www.vetorino.com\\\/boutique\\\/?s={search_term_string}\"},\"query-input\":{\"@type\":\"PropertyValueSpecification\",\"valueRequired\":true,\"valueName\":\"search_term_string\"}}],\"inLanguage\":\"fr-FR\"},{\"@type\":\"Organization\",\"@id\":\"https:\\\/\\\/www.vetorino.com\\\/boutique\\\/#organization\",\"name\":\"V\u00e9torino\",\"url\":\"https:\\\/\\\/www.vetorino.com\\\/boutique\\\/\",\"logo\":{\"@type\":\"ImageObject\",\"inLanguage\":\"fr-FR\",\"@id\":\"https:\\\/\\\/www.vetorino.com\\\/boutique\\\/#\\\/schema\\\/logo\\\/image\\\/\",\"url\":\"https:\\\/\\\/www.vetorino.com\\\/boutique\\\/wp-content\\\/uploads\\\/2024\\\/10\\\/logo.jpg\",\"contentUrl\":\"https:\\\/\\\/www.vetorino.com\\\/boutique\\\/wp-content\\\/uploads\\\/2024\\\/10\\\/logo.jpg\",\"width\":1200,\"height\":610,\"caption\":\"V\u00e9torino\"},\"image\":{\"@id\":\"https:\\\/\\\/www.vetorino.com\\\/boutique\\\/#\\\/schema\\\/logo\\\/image\\\/\"},\"sameAs\":[\"https:\\\/\\\/www.facebook.com\\\/Vetorino\\\/\",\"https:\\\/\\\/www.instagram.com\\\/vetorino_off\\\/\",\"https:\\\/\\\/www.linkedin.com\\\/company\\\/vtorino\\\/\"]}]}<\/script>\n<meta property=\"product:brand\" content=\"Trixie\" \/>\n<meta property=\"product:price:amount\" content=\"52.82\" \/>\n<meta property=\"product:price:currency\" content=\"EUR\" \/>\n<meta property=\"og:availability\" content=\"instock\" \/>\n<meta property=\"product:availability\" content=\"instock\" \/>\n<meta property=\"product:retailer_item_id\" content=\"O-806855\" \/>\n<meta property=\"product:condition\" content=\"new\" \/>\n<!-- \/ Yoast SEO plugin. -->","yoast_head_json":{"title":"Piscine pour chien Trixie - V\u00e9torino","description":"Cette piscine pour chiens TRIXIE est facile \u00e0 monter et \u00e0 d\u00e9monter, sans pompe \u00e0 air. La piscine est dot\u00e9e d'une paroi robuste et d'un fond antid\u00e9rapant \u00e0 l'int\u00e9rieur. Facile \u00e0 vider gr\u00e2ce au bouchon extractible.","robots":{"index":"noindex","follow":"nofollow"},"og_locale":"fr_FR","og_type":"article","og_title":"Piscine pour chien Trixie - V\u00e9torino","og_description":"Cette piscine pour chiens TRIXIE est facile \u00e0 monter et \u00e0 d\u00e9monter, sans pompe \u00e0 air. La piscine est dot\u00e9e d'une paroi robuste et d'un fond antid\u00e9rapant \u00e0 l'int\u00e9rieur. Facile \u00e0 vider gr\u00e2ce au bouchon extractible.","og_url":"https:\/\/www.vetorino.com\/veterinaire\/sceaux-92330\/boutique\/product\/piscine-pour-chien-2\/","og_site_name":"V\u00e9torino","article_publisher":"https:\/\/www.facebook.com\/Vetorino\/","article_modified_time":"2023-05-23T02:23:02+00:00","og_image":[{"width":700,"height":700,"url":"https:\/\/www.vetorino.com\/boutique\/wp-content\/uploads\/2022\/11\/piscine_1_1.jpg","type":"image\/jpeg"}],"twitter_card":"summary_large_image","twitter_misc":{"Prix":"52,82&euro;","Disponibilit\u00e9":"En stock"},"schema":{"@context":"https:\/\/schema.org","@graph":[{"@type":"WebPage","@id":"https:\/\/www.vetorino.com\/boutique\/product\/piscine-pour-chien-2\/","url":"https:\/\/www.vetorino.com\/boutique\/product\/piscine-pour-chien-2\/","name":"Piscine pour chien Trixie - V\u00e9torino","isPartOf":{"@id":"https:\/\/www.vetorino.com\/boutique\/#website"},"primaryImageOfPage":{"@id":"https:\/\/www.vetorino.com\/boutique\/product\/piscine-pour-chien-2\/#primaryimage"},"image":{"@id":"https:\/\/www.vetorino.com\/boutique\/product\/piscine-pour-chien-2\/#primaryimage"},"thumbnailUrl":"https:\/\/www.vetorino.com\/boutique\/wp-content\/uploads\/2022\/11\/piscine_1_1.jpg","datePublished":"2022-11-23T10:29:38+00:00","dateModified":"2023-05-23T02:23:02+00:00","description":"Cette piscine pour chiens TRIXIE est facile \u00e0 monter et \u00e0 d\u00e9monter, sans pompe \u00e0 air. La piscine est dot\u00e9e d'une paroi robuste et d'un fond antid\u00e9rapant \u00e0 l'int\u00e9rieur. Facile \u00e0 vider gr\u00e2ce au bouchon extractible.","breadcrumb":{"@id":"https:\/\/www.vetorino.com\/boutique\/product\/piscine-pour-chien-2\/#breadcrumb"},"inLanguage":"fr-FR","potentialAction":[{"@type":"ReadAction","target":["https:\/\/www.vetorino.com\/boutique\/product\/piscine-pour-chien-2\/"]}]},{"@type":"ImageObject","inLanguage":"fr-FR","@id":"https:\/\/www.vetorino.com\/boutique\/product\/piscine-pour-chien-2\/#primaryimage","url":"https:\/\/www.vetorino.com\/boutique\/wp-content\/uploads\/2022\/11\/piscine_1_1.jpg","contentUrl":"https:\/\/www.vetorino.com\/boutique\/wp-content\/uploads\/2022\/11\/piscine_1_1.jpg","width":700,"height":700},{"@type":"BreadcrumbList","@id":"https:\/\/www.vetorino.com\/boutique\/product\/piscine-pour-chien-2\/#breadcrumb","itemListElement":[{"@type":"ListItem","position":1,"name":"Accueil","item":"https:\/\/www.vetorino.com\/boutique\/"},{"@type":"ListItem","position":2,"name":"Produits","item":"https:\/\/www.vetorino.com\/boutique\/"},{"@type":"ListItem","position":3,"name":"Piscine pour chien"}]},{"@type":"WebSite","@id":"https:\/\/www.vetorino.com\/boutique\/#website","url":"https:\/\/www.vetorino.com\/boutique\/","name":"V\u00e9torino","description":"","publisher":{"@id":"https:\/\/www.vetorino.com\/boutique\/#organization"},"potentialAction":[{"@type":"SearchAction","target":{"@type":"EntryPoint","urlTemplate":"https:\/\/www.vetorino.com\/boutique\/?s={search_term_string}"},"query-input":{"@type":"PropertyValueSpecification","valueRequired":true,"valueName":"search_term_string"}}],"inLanguage":"fr-FR"},{"@type":"Organization","@id":"https:\/\/www.vetorino.com\/boutique\/#organization","name":"V\u00e9torino","url":"https:\/\/www.vetorino.com\/boutique\/","logo":{"@type":"ImageObject","inLanguage":"fr-FR","@id":"https:\/\/www.vetorino.com\/boutique\/#\/schema\/logo\/image\/","url":"https:\/\/www.vetorino.com\/boutique\/wp-content\/uploads\/2024\/10\/logo.jpg","contentUrl":"https:\/\/www.vetorino.com\/boutique\/wp-content\/uploads\/2024\/10\/logo.jpg","width":1200,"height":610,"caption":"V\u00e9torino"},"image":{"@id":"https:\/\/www.vetorino.com\/boutique\/#\/schema\/logo\/image\/"},"sameAs":["https:\/\/www.facebook.com\/Vetorino\/","https:\/\/www.instagram.com\/vetorino_off\/","https:\/\/www.linkedin.com\/company\/vtorino\/"]}]},"product_brand":"Trixie","product_price_amount":"52.82","product_price_currency":"EUR","og_availability":"instock","product_availability":"instock","product_retailer_item_id":"O-806855","product_condition":"new"},"_links":{"self":[{"href":"https:\/\/www.vetorino.com\/veterinaire\/sceaux-92330\/boutique\/wp-json\/wp\/v2\/product\/511631","targetHints":{"allow":["GET"]}}],"collection":[{"href":"https:\/\/www.vetorino.com\/veterinaire\/sceaux-92330\/boutique\/wp-json\/wp\/v2\/product"}],"about":[{"href":"https:\/\/www.vetorino.com\/veterinaire\/sceaux-92330\/boutique\/wp-json\/wp\/v2\/types\/product"}],"wp:featuredmedia":[{"embeddable":true,"href":"https:\/\/www.vetorino.com\/veterinaire\/sceaux-92330\/boutique\/wp-json\/wp\/v2\/media\/592764"}],"wp:attachment":[{"href":"https:\/\/www.vetorino.com\/veterinaire\/sceaux-92330\/boutique\/wp-json\/wp\/v2\/media?parent=511631"}],"wp:term":[{"taxonomy":"product_cat","embeddable":true,"href":"https:\/\/www.vetorino.com\/veterinaire\/sceaux-92330\/boutique\/wp-json\/wp\/v2\/product_cat?post=511631"},{"taxonomy":"product_tag","embeddable":true,"href":"https:\/\/www.vetorino.com\/veterinaire\/sceaux-92330\/boutique\/wp-json\/wp\/v2\/product_tag?post=511631"}],"curies":[{"name":"wp","href":"https:\/\/api.w.org\/{rel}","templated":true}]}}