{"id":598132,"date":"2023-04-19T11:38:48","date_gmt":"2023-04-19T09:38:48","guid":{"rendered":"https:\/\/www.vetorino.com\/boutique\/?post_type=product&#038;p=598132"},"modified":"2023-04-19T11:47:17","modified_gmt":"2023-04-19T09:47:17","slug":"fortifiant-pour-sabots-pedocan","status":"publish","type":"product","link":"https:\/\/www.vetorino.com\/veterinaire\/sceaux-92330\/boutique\/product\/fortifiant-pour-sabots-pedocan\/","title":{"rendered":"Fortifiant pour sabots PEDOCAN"},"content":{"rendered":"<p><strong>PEDOCAN<\/strong>\u00a0est le produit complet de soin pour sabots ! Des huiles de qualit\u00e9 et de la cire, alli\u00e9es \u00e0 des ingr\u00e9dients puissants assurent une action revigorante sur les pores de l&#8217;onglon et une action rapide en profondeur. Le\u00a0<strong>PEDOCAN<\/strong>\u00a0stimule la croissance des onglons et des sabots, les renforce, pr\u00e9vient leur dess\u00e8chement et maintient leur \u00e9lasticit\u00e9.<\/p>\n","protected":false},"excerpt":{"rendered":"<p><strong>PEDOCAN est le produit complet de soin pour sabots !<\/strong><\/p>\n<p>Des huiles de qualit\u00e9 et de la cire, alli\u00e9es \u00e0 des ingr\u00e9dients puissants assurent une action revigorante sur les pores de l&#8217;onglon et une action rapide en profondeur. Le PEDOCAN stimule la croissance des onglons et des sabots, les renforce, pr\u00e9vient leur dess\u00e8chement et maintient leur \u00e9lasticit\u00e9.<\/p>\n","protected":false},"featured_media":598134,"template":"","meta":[],"product_cat":[12547,12755,12754],"product_tag":[],"class_list":{"0":"post-598132","1":"product","2":"type-product","3":"status-publish","4":"has-post-thumbnail","6":"product_cat-cheval","7":"product_cat-soins-des-pieds-du-cheval","8":"product_cat-soins-au-quotidien-du-cheval","9":"pa_marque-horse-fitform","11":"first","12":"instock","13":"taxable","14":"shipping-taxable","15":"purchasable","16":"product-type-variable"},"yoast_head":"<!-- This site is optimized with the Yoast SEO plugin v27.3 - https:\/\/yoast.com\/product\/yoast-seo-wordpress\/ -->\n<title>Fortifiant pour sabots PEDOCAN HORSE fitform - V\u00e9torino<\/title>\n<meta name=\"description\" content=\"PEDOCAN est le produit complet de soin pour sabots !  Des huiles de qualit\u00e9 et de la cire, alli\u00e9es \u00e0 des ingr\u00e9dients puissants assurent une action revigorante sur les pores de l&#039;onglon et une action rapide en profondeur. Le PEDOCAN stimule la croissance des onglons et des sabots, les renforce, pr\u00e9vient leur dess\u00e8chement et maintient leur \u00e9lasticit\u00e9.\" \/>\n<meta name=\"robots\" content=\"noindex, nofollow\" \/>\n<meta property=\"og:locale\" content=\"fr_FR\" \/>\n<meta property=\"og:type\" content=\"article\" \/>\n<meta property=\"og:title\" content=\"Fortifiant pour sabots PEDOCAN HORSE fitform - V\u00e9torino\" \/>\n<meta property=\"og:description\" content=\"PEDOCAN est le produit complet de soin pour sabots !  Des huiles de qualit\u00e9 et de la cire, alli\u00e9es \u00e0 des ingr\u00e9dients puissants assurent une action revigorante sur les pores de l&#039;onglon et une action rapide en profondeur. Le PEDOCAN stimule la croissance des onglons et des sabots, les renforce, pr\u00e9vient leur dess\u00e8chement et maintient leur \u00e9lasticit\u00e9.\" \/>\n<meta property=\"og:url\" content=\"https:\/\/www.vetorino.com\/veterinaire\/sceaux-92330\/boutique\/product\/fortifiant-pour-sabots-pedocan\/\" \/>\n<meta property=\"og:site_name\" content=\"V\u00e9torino\" \/>\n<meta property=\"article:publisher\" content=\"https:\/\/www.facebook.com\/Vetorino\/\" \/>\n<meta property=\"article:modified_time\" content=\"2023-04-19T09:47:17+00:00\" \/>\n<meta property=\"og:image\" content=\"https:\/\/www.vetorino.com\/boutique\/wp-content\/uploads\/2023\/04\/26d5712af5fa03f82151cff8914effc238354d530f749aed0cc17a99e14c9ea3.jpg\" \/>\n\t<meta property=\"og:image:width\" content=\"700\" \/>\n\t<meta property=\"og:image:height\" content=\"700\" \/>\n\t<meta property=\"og:image:type\" content=\"image\/jpeg\" \/>\n<meta name=\"twitter:card\" content=\"summary_large_image\" \/>\n<meta name=\"twitter:label1\" content=\"Disponibilit\u00e9\" \/>\n\t<meta name=\"twitter:data1\" content=\"En stock\" \/>\n<script type=\"application\/ld+json\" class=\"yoast-schema-graph\">{\"@context\":\"https:\\\/\\\/schema.org\",\"@graph\":[{\"@type\":\"WebPage\",\"@id\":\"https:\\\/\\\/www.vetorino.com\\\/boutique\\\/product\\\/fortifiant-pour-sabots-pedocan\\\/\",\"url\":\"https:\\\/\\\/www.vetorino.com\\\/boutique\\\/product\\\/fortifiant-pour-sabots-pedocan\\\/\",\"name\":\"Fortifiant pour sabots PEDOCAN HORSE fitform - V\u00e9torino\",\"isPartOf\":{\"@id\":\"https:\\\/\\\/www.vetorino.com\\\/boutique\\\/#website\"},\"primaryImageOfPage\":{\"@id\":\"https:\\\/\\\/www.vetorino.com\\\/boutique\\\/product\\\/fortifiant-pour-sabots-pedocan\\\/#primaryimage\"},\"image\":{\"@id\":\"https:\\\/\\\/www.vetorino.com\\\/boutique\\\/product\\\/fortifiant-pour-sabots-pedocan\\\/#primaryimage\"},\"thumbnailUrl\":\"https:\\\/\\\/www.vetorino.com\\\/boutique\\\/wp-content\\\/uploads\\\/2023\\\/04\\\/26d5712af5fa03f82151cff8914effc238354d530f749aed0cc17a99e14c9ea3.jpg\",\"datePublished\":\"2023-04-19T09:38:48+00:00\",\"dateModified\":\"2023-04-19T09:47:17+00:00\",\"description\":\"PEDOCAN est le produit complet de soin pour sabots ! Des huiles de qualit\u00e9 et de la cire, alli\u00e9es \u00e0 des ingr\u00e9dients puissants assurent une action revigorante sur les pores de l'onglon et une action rapide en profondeur. Le PEDOCAN stimule la croissance des onglons et des sabots, les renforce, pr\u00e9vient leur dess\u00e8chement et maintient leur \u00e9lasticit\u00e9.\",\"breadcrumb\":{\"@id\":\"https:\\\/\\\/www.vetorino.com\\\/boutique\\\/product\\\/fortifiant-pour-sabots-pedocan\\\/#breadcrumb\"},\"inLanguage\":\"fr-FR\",\"potentialAction\":[{\"@type\":\"ReadAction\",\"target\":[\"https:\\\/\\\/www.vetorino.com\\\/boutique\\\/product\\\/fortifiant-pour-sabots-pedocan\\\/\"]}]},{\"@type\":\"ImageObject\",\"inLanguage\":\"fr-FR\",\"@id\":\"https:\\\/\\\/www.vetorino.com\\\/boutique\\\/product\\\/fortifiant-pour-sabots-pedocan\\\/#primaryimage\",\"url\":\"https:\\\/\\\/www.vetorino.com\\\/boutique\\\/wp-content\\\/uploads\\\/2023\\\/04\\\/26d5712af5fa03f82151cff8914effc238354d530f749aed0cc17a99e14c9ea3.jpg\",\"contentUrl\":\"https:\\\/\\\/www.vetorino.com\\\/boutique\\\/wp-content\\\/uploads\\\/2023\\\/04\\\/26d5712af5fa03f82151cff8914effc238354d530f749aed0cc17a99e14c9ea3.jpg\",\"width\":700,\"height\":700},{\"@type\":\"BreadcrumbList\",\"@id\":\"https:\\\/\\\/www.vetorino.com\\\/boutique\\\/product\\\/fortifiant-pour-sabots-pedocan\\\/#breadcrumb\",\"itemListElement\":[{\"@type\":\"ListItem\",\"position\":1,\"name\":\"Accueil\",\"item\":\"https:\\\/\\\/www.vetorino.com\\\/boutique\\\/\"},{\"@type\":\"ListItem\",\"position\":2,\"name\":\"Produits\",\"item\":\"https:\\\/\\\/www.vetorino.com\\\/boutique\\\/\"},{\"@type\":\"ListItem\",\"position\":3,\"name\":\"Fortifiant pour sabots PEDOCAN\"}]},{\"@type\":\"WebSite\",\"@id\":\"https:\\\/\\\/www.vetorino.com\\\/boutique\\\/#website\",\"url\":\"https:\\\/\\\/www.vetorino.com\\\/boutique\\\/\",\"name\":\"V\u00e9torino\",\"description\":\"\",\"publisher\":{\"@id\":\"https:\\\/\\\/www.vetorino.com\\\/boutique\\\/#organization\"},\"potentialAction\":[{\"@type\":\"SearchAction\",\"target\":{\"@type\":\"EntryPoint\",\"urlTemplate\":\"https:\\\/\\\/www.vetorino.com\\\/boutique\\\/?s={search_term_string}\"},\"query-input\":{\"@type\":\"PropertyValueSpecification\",\"valueRequired\":true,\"valueName\":\"search_term_string\"}}],\"inLanguage\":\"fr-FR\"},{\"@type\":\"Organization\",\"@id\":\"https:\\\/\\\/www.vetorino.com\\\/boutique\\\/#organization\",\"name\":\"V\u00e9torino\",\"url\":\"https:\\\/\\\/www.vetorino.com\\\/boutique\\\/\",\"logo\":{\"@type\":\"ImageObject\",\"inLanguage\":\"fr-FR\",\"@id\":\"https:\\\/\\\/www.vetorino.com\\\/boutique\\\/#\\\/schema\\\/logo\\\/image\\\/\",\"url\":\"https:\\\/\\\/www.vetorino.com\\\/boutique\\\/wp-content\\\/uploads\\\/2024\\\/10\\\/logo.jpg\",\"contentUrl\":\"https:\\\/\\\/www.vetorino.com\\\/boutique\\\/wp-content\\\/uploads\\\/2024\\\/10\\\/logo.jpg\",\"width\":1200,\"height\":610,\"caption\":\"V\u00e9torino\"},\"image\":{\"@id\":\"https:\\\/\\\/www.vetorino.com\\\/boutique\\\/#\\\/schema\\\/logo\\\/image\\\/\"},\"sameAs\":[\"https:\\\/\\\/www.facebook.com\\\/Vetorino\\\/\",\"https:\\\/\\\/www.instagram.com\\\/vetorino_off\\\/\",\"https:\\\/\\\/www.linkedin.com\\\/company\\\/vtorino\\\/\"]}]}<\/script>\n<meta property=\"product:brand\" content=\"HORSE fitform\" \/>\n<meta property=\"og:availability\" content=\"instock\" \/>\n<meta property=\"product:availability\" content=\"instock\" \/>\n<meta property=\"product:condition\" content=\"new\" \/>\n<!-- \/ Yoast SEO plugin. -->","yoast_head_json":{"title":"Fortifiant pour sabots PEDOCAN HORSE fitform - V\u00e9torino","description":"PEDOCAN est le produit complet de soin pour sabots !  Des huiles de qualit\u00e9 et de la cire, alli\u00e9es \u00e0 des ingr\u00e9dients puissants assurent une action revigorante sur les pores de l'onglon et une action rapide en profondeur. Le PEDOCAN stimule la croissance des onglons et des sabots, les renforce, pr\u00e9vient leur dess\u00e8chement et maintient leur \u00e9lasticit\u00e9.","robots":{"index":"noindex","follow":"nofollow"},"og_locale":"fr_FR","og_type":"article","og_title":"Fortifiant pour sabots PEDOCAN HORSE fitform - V\u00e9torino","og_description":"PEDOCAN est le produit complet de soin pour sabots !  Des huiles de qualit\u00e9 et de la cire, alli\u00e9es \u00e0 des ingr\u00e9dients puissants assurent une action revigorante sur les pores de l'onglon et une action rapide en profondeur. Le PEDOCAN stimule la croissance des onglons et des sabots, les renforce, pr\u00e9vient leur dess\u00e8chement et maintient leur \u00e9lasticit\u00e9.","og_url":"https:\/\/www.vetorino.com\/veterinaire\/sceaux-92330\/boutique\/product\/fortifiant-pour-sabots-pedocan\/","og_site_name":"V\u00e9torino","article_publisher":"https:\/\/www.facebook.com\/Vetorino\/","article_modified_time":"2023-04-19T09:47:17+00:00","og_image":[{"width":700,"height":700,"url":"https:\/\/www.vetorino.com\/boutique\/wp-content\/uploads\/2023\/04\/26d5712af5fa03f82151cff8914effc238354d530f749aed0cc17a99e14c9ea3.jpg","type":"image\/jpeg"}],"twitter_card":"summary_large_image","twitter_misc":{"Disponibilit\u00e9":"En stock"},"schema":{"@context":"https:\/\/schema.org","@graph":[{"@type":"WebPage","@id":"https:\/\/www.vetorino.com\/boutique\/product\/fortifiant-pour-sabots-pedocan\/","url":"https:\/\/www.vetorino.com\/boutique\/product\/fortifiant-pour-sabots-pedocan\/","name":"Fortifiant pour sabots PEDOCAN HORSE fitform - V\u00e9torino","isPartOf":{"@id":"https:\/\/www.vetorino.com\/boutique\/#website"},"primaryImageOfPage":{"@id":"https:\/\/www.vetorino.com\/boutique\/product\/fortifiant-pour-sabots-pedocan\/#primaryimage"},"image":{"@id":"https:\/\/www.vetorino.com\/boutique\/product\/fortifiant-pour-sabots-pedocan\/#primaryimage"},"thumbnailUrl":"https:\/\/www.vetorino.com\/boutique\/wp-content\/uploads\/2023\/04\/26d5712af5fa03f82151cff8914effc238354d530f749aed0cc17a99e14c9ea3.jpg","datePublished":"2023-04-19T09:38:48+00:00","dateModified":"2023-04-19T09:47:17+00:00","description":"PEDOCAN est le produit complet de soin pour sabots ! Des huiles de qualit\u00e9 et de la cire, alli\u00e9es \u00e0 des ingr\u00e9dients puissants assurent une action revigorante sur les pores de l'onglon et une action rapide en profondeur. Le PEDOCAN stimule la croissance des onglons et des sabots, les renforce, pr\u00e9vient leur dess\u00e8chement et maintient leur \u00e9lasticit\u00e9.","breadcrumb":{"@id":"https:\/\/www.vetorino.com\/boutique\/product\/fortifiant-pour-sabots-pedocan\/#breadcrumb"},"inLanguage":"fr-FR","potentialAction":[{"@type":"ReadAction","target":["https:\/\/www.vetorino.com\/boutique\/product\/fortifiant-pour-sabots-pedocan\/"]}]},{"@type":"ImageObject","inLanguage":"fr-FR","@id":"https:\/\/www.vetorino.com\/boutique\/product\/fortifiant-pour-sabots-pedocan\/#primaryimage","url":"https:\/\/www.vetorino.com\/boutique\/wp-content\/uploads\/2023\/04\/26d5712af5fa03f82151cff8914effc238354d530f749aed0cc17a99e14c9ea3.jpg","contentUrl":"https:\/\/www.vetorino.com\/boutique\/wp-content\/uploads\/2023\/04\/26d5712af5fa03f82151cff8914effc238354d530f749aed0cc17a99e14c9ea3.jpg","width":700,"height":700},{"@type":"BreadcrumbList","@id":"https:\/\/www.vetorino.com\/boutique\/product\/fortifiant-pour-sabots-pedocan\/#breadcrumb","itemListElement":[{"@type":"ListItem","position":1,"name":"Accueil","item":"https:\/\/www.vetorino.com\/boutique\/"},{"@type":"ListItem","position":2,"name":"Produits","item":"https:\/\/www.vetorino.com\/boutique\/"},{"@type":"ListItem","position":3,"name":"Fortifiant pour sabots PEDOCAN"}]},{"@type":"WebSite","@id":"https:\/\/www.vetorino.com\/boutique\/#website","url":"https:\/\/www.vetorino.com\/boutique\/","name":"V\u00e9torino","description":"","publisher":{"@id":"https:\/\/www.vetorino.com\/boutique\/#organization"},"potentialAction":[{"@type":"SearchAction","target":{"@type":"EntryPoint","urlTemplate":"https:\/\/www.vetorino.com\/boutique\/?s={search_term_string}"},"query-input":{"@type":"PropertyValueSpecification","valueRequired":true,"valueName":"search_term_string"}}],"inLanguage":"fr-FR"},{"@type":"Organization","@id":"https:\/\/www.vetorino.com\/boutique\/#organization","name":"V\u00e9torino","url":"https:\/\/www.vetorino.com\/boutique\/","logo":{"@type":"ImageObject","inLanguage":"fr-FR","@id":"https:\/\/www.vetorino.com\/boutique\/#\/schema\/logo\/image\/","url":"https:\/\/www.vetorino.com\/boutique\/wp-content\/uploads\/2024\/10\/logo.jpg","contentUrl":"https:\/\/www.vetorino.com\/boutique\/wp-content\/uploads\/2024\/10\/logo.jpg","width":1200,"height":610,"caption":"V\u00e9torino"},"image":{"@id":"https:\/\/www.vetorino.com\/boutique\/#\/schema\/logo\/image\/"},"sameAs":["https:\/\/www.facebook.com\/Vetorino\/","https:\/\/www.instagram.com\/vetorino_off\/","https:\/\/www.linkedin.com\/company\/vtorino\/"]}]},"product_brand":"HORSE fitform","og_availability":"instock","product_availability":"instock","product_condition":"new"},"_links":{"self":[{"href":"https:\/\/www.vetorino.com\/veterinaire\/sceaux-92330\/boutique\/wp-json\/wp\/v2\/product\/598132","targetHints":{"allow":["GET"]}}],"collection":[{"href":"https:\/\/www.vetorino.com\/veterinaire\/sceaux-92330\/boutique\/wp-json\/wp\/v2\/product"}],"about":[{"href":"https:\/\/www.vetorino.com\/veterinaire\/sceaux-92330\/boutique\/wp-json\/wp\/v2\/types\/product"}],"wp:featuredmedia":[{"embeddable":true,"href":"https:\/\/www.vetorino.com\/veterinaire\/sceaux-92330\/boutique\/wp-json\/wp\/v2\/media\/598134"}],"wp:attachment":[{"href":"https:\/\/www.vetorino.com\/veterinaire\/sceaux-92330\/boutique\/wp-json\/wp\/v2\/media?parent=598132"}],"wp:term":[{"taxonomy":"product_cat","embeddable":true,"href":"https:\/\/www.vetorino.com\/veterinaire\/sceaux-92330\/boutique\/wp-json\/wp\/v2\/product_cat?post=598132"},{"taxonomy":"product_tag","embeddable":true,"href":"https:\/\/www.vetorino.com\/veterinaire\/sceaux-92330\/boutique\/wp-json\/wp\/v2\/product_tag?post=598132"}],"curies":[{"name":"wp","href":"https:\/\/api.w.org\/{rel}","templated":true}]}}