{"id":598150,"date":"2023-04-19T12:07:51","date_gmt":"2023-04-19T10:07:51","guid":{"rendered":"https:\/\/www.vetorino.com\/boutique\/?post_type=product&#038;p=598150"},"modified":"2023-06-22T17:39:13","modified_gmt":"2023-06-22T15:39:13","slug":"top-mask-pour-nebuliseur-horseneb","status":"publish","type":"product","link":"https:\/\/www.vetorino.com\/veterinaire\/sceaux-92330\/boutique\/product\/top-mask-pour-nebuliseur-horseneb\/","title":{"rendered":"Top Mask pour nebuliseur Horseneb"},"content":{"rendered":"<ul>\n<li>Permet d&#8217;\u00e9viter les contaminations crois\u00e9es, aussi bien pour les infections que pour les produits comportant un d\u00e9lai d&#8217;attente.<\/li>\n<li>Le masque est pr\u00e9vu pour le traitement d&#8217;un cheval soit une \u00e0 deux semaines.<\/li>\n<li>Gonflable, il s&#8217;adapte parfaitement \u00e0 tous les types de chevaux ou poneys.<\/li>\n<li>Emplacements pr\u00e9vus pour inscrire le nom du cheval et le traitement.<\/li>\n<li>Taille des particules : une taille id\u00e9ale entre 1 et 5 \u00b5 : pas de gaspillage de grosses gouttelettes inutiles.<\/li>\n<li>Les particules dites respirables ont un diam\u00e8tre compris entre 1 et 5 microns. En dessous de 1 \u00b5, elles sont si l\u00e9g\u00e8res qu&#8217;elles ressortent lors de l&#8217;expiration. Au dessus, elles sont inutiles car elles se d\u00e9posent dans le masque, les naseaux ou au mieux dans la gorge. Entre 1 et 5 \u00b5, les particules circulent dans le flux d&#8217;air et se d\u00e9posent dans les bronches.<\/li>\n<li>Avec ce syst\u00e8me, 80 % des particules ont un diam\u00e8tre compris entre 1 et 5 \u00b5.<\/li>\n<\/ul>\n","protected":false},"excerpt":{"rendered":"<p>Top-Mask GREENPEX\u00a0est un masque de n\u00e9bulisation pour\u00a0chevaux\u00a0et\u00a0poneys. le\u00a0Top-mask\u00a0est un accessoire indispensable avec le\u00a0n\u00e9bulisateur Horseneb. Il permet d\u2019administrer tout type de\u00a0<strong>m\u00e9dicaments<\/strong>\u00a0et produits prescris par votre\u00a0<strong>v\u00e9t\u00e9rinaire<\/strong>\u00a0tel que :\u00a0<strong>corticost\u00e9ro\u00efdes<\/strong>,\u00a0<strong>bronchodilatateurs<\/strong>,\u00a0<strong>antibiotiques<\/strong>,\u00a0<strong>s\u00e9rum physiologique<\/strong>,\u00a0<strong>huiles essentielles<\/strong>.<\/p>\n","protected":false},"featured_media":598152,"template":"","meta":[],"product_cat":[12569,12547,13329],"product_tag":[],"class_list":{"0":"post-598150","1":"product","2":"type-product","3":"status-publish","4":"has-post-thumbnail","6":"product_cat-respiration-du-cheval","7":"product_cat-cheval","8":"product_cat-licol-et-longe-du-cheval","9":"pa_marque-greenpex","11":"first","12":"instock","13":"taxable","14":"shipping-taxable","15":"purchasable","16":"product-type-variable"},"yoast_head":"<!-- This site is optimized with the Yoast SEO plugin v27.3 - https:\/\/yoast.com\/product\/yoast-seo-wordpress\/ -->\n<title>Top Mask pour nebuliseur Horseneb Greenpex - V\u00e9torino<\/title>\n<meta name=\"description\" content=\"Top-Mask GREENPEX\u00a0est un masque de n\u00e9bulisation pour\u00a0chevaux\u00a0et\u00a0poneys. le\u00a0Top-mask\u00a0est un accessoire indispensable avec le\u00a0n\u00e9bulisateur Horseneb. Il permet d\u2019administrer tout type de\u00a0m\u00e9dicaments\u00a0et produits prescris par votre\u00a0v\u00e9t\u00e9rinaire\u00a0tel que :\u00a0corticost\u00e9ro\u00efdes,\u00a0bronchodilatateurs,\u00a0antibiotiques,\u00a0s\u00e9rum physiologique,\u00a0huiles essentielles.\" \/>\n<meta name=\"robots\" content=\"noindex, nofollow\" \/>\n<meta property=\"og:locale\" content=\"fr_FR\" \/>\n<meta property=\"og:type\" content=\"article\" \/>\n<meta property=\"og:title\" content=\"Top Mask pour nebuliseur Horseneb Greenpex - V\u00e9torino\" \/>\n<meta property=\"og:description\" content=\"Top-Mask GREENPEX\u00a0est un masque de n\u00e9bulisation pour\u00a0chevaux\u00a0et\u00a0poneys. le\u00a0Top-mask\u00a0est un accessoire indispensable avec le\u00a0n\u00e9bulisateur Horseneb. Il permet d\u2019administrer tout type de\u00a0m\u00e9dicaments\u00a0et produits prescris par votre\u00a0v\u00e9t\u00e9rinaire\u00a0tel que :\u00a0corticost\u00e9ro\u00efdes,\u00a0bronchodilatateurs,\u00a0antibiotiques,\u00a0s\u00e9rum physiologique,\u00a0huiles essentielles.\" \/>\n<meta property=\"og:url\" content=\"https:\/\/www.vetorino.com\/veterinaire\/sceaux-92330\/boutique\/product\/top-mask-pour-nebuliseur-horseneb\/\" \/>\n<meta property=\"og:site_name\" content=\"V\u00e9torino\" \/>\n<meta property=\"article:publisher\" content=\"https:\/\/www.facebook.com\/Vetorino\/\" \/>\n<meta property=\"article:modified_time\" content=\"2023-06-22T15:39:13+00:00\" \/>\n<meta property=\"og:image\" content=\"https:\/\/www.vetorino.com\/boutique\/wp-content\/uploads\/2023\/04\/Top-Mask-Masque-Nebulisation-Horseneb-Greenpex-Produits-veto.jpg\" \/>\n\t<meta property=\"og:image:width\" content=\"300\" \/>\n\t<meta property=\"og:image:height\" content=\"300\" \/>\n\t<meta property=\"og:image:type\" content=\"image\/jpeg\" \/>\n<meta name=\"twitter:card\" content=\"summary_large_image\" \/>\n<meta name=\"twitter:label1\" content=\"Disponibilit\u00e9\" \/>\n\t<meta name=\"twitter:data1\" content=\"En stock\" \/>\n<script type=\"application\/ld+json\" class=\"yoast-schema-graph\">{\"@context\":\"https:\\\/\\\/schema.org\",\"@graph\":[{\"@type\":\"WebPage\",\"@id\":\"https:\\\/\\\/www.vetorino.com\\\/boutique\\\/product\\\/top-mask-pour-nebuliseur-horseneb\\\/\",\"url\":\"https:\\\/\\\/www.vetorino.com\\\/boutique\\\/product\\\/top-mask-pour-nebuliseur-horseneb\\\/\",\"name\":\"Top Mask pour nebuliseur Horseneb Greenpex - V\u00e9torino\",\"isPartOf\":{\"@id\":\"https:\\\/\\\/www.vetorino.com\\\/boutique\\\/#website\"},\"primaryImageOfPage\":{\"@id\":\"https:\\\/\\\/www.vetorino.com\\\/boutique\\\/product\\\/top-mask-pour-nebuliseur-horseneb\\\/#primaryimage\"},\"image\":{\"@id\":\"https:\\\/\\\/www.vetorino.com\\\/boutique\\\/product\\\/top-mask-pour-nebuliseur-horseneb\\\/#primaryimage\"},\"thumbnailUrl\":\"https:\\\/\\\/www.vetorino.com\\\/boutique\\\/wp-content\\\/uploads\\\/2023\\\/04\\\/Top-Mask-Masque-Nebulisation-Horseneb-Greenpex-Produits-veto.jpg\",\"datePublished\":\"2023-04-19T10:07:51+00:00\",\"dateModified\":\"2023-06-22T15:39:13+00:00\",\"description\":\"Top-Mask GREENPEX\u00a0est un masque de n\u00e9bulisation pour\u00a0chevaux\u00a0et\u00a0poneys. le\u00a0Top-mask\u00a0est un accessoire indispensable avec le\u00a0n\u00e9bulisateur Horseneb. Il permet d\u2019administrer tout type de\u00a0m\u00e9dicaments\u00a0et produits prescris par votre\u00a0v\u00e9t\u00e9rinaire\u00a0tel que :\u00a0corticost\u00e9ro\u00efdes,\u00a0bronchodilatateurs,\u00a0antibiotiques,\u00a0s\u00e9rum physiologique,\u00a0huiles essentielles.\",\"breadcrumb\":{\"@id\":\"https:\\\/\\\/www.vetorino.com\\\/boutique\\\/product\\\/top-mask-pour-nebuliseur-horseneb\\\/#breadcrumb\"},\"inLanguage\":\"fr-FR\",\"potentialAction\":[{\"@type\":\"ReadAction\",\"target\":[\"https:\\\/\\\/www.vetorino.com\\\/boutique\\\/product\\\/top-mask-pour-nebuliseur-horseneb\\\/\"]}]},{\"@type\":\"ImageObject\",\"inLanguage\":\"fr-FR\",\"@id\":\"https:\\\/\\\/www.vetorino.com\\\/boutique\\\/product\\\/top-mask-pour-nebuliseur-horseneb\\\/#primaryimage\",\"url\":\"https:\\\/\\\/www.vetorino.com\\\/boutique\\\/wp-content\\\/uploads\\\/2023\\\/04\\\/Top-Mask-Masque-Nebulisation-Horseneb-Greenpex-Produits-veto.jpg\",\"contentUrl\":\"https:\\\/\\\/www.vetorino.com\\\/boutique\\\/wp-content\\\/uploads\\\/2023\\\/04\\\/Top-Mask-Masque-Nebulisation-Horseneb-Greenpex-Produits-veto.jpg\",\"width\":300,\"height\":300},{\"@type\":\"BreadcrumbList\",\"@id\":\"https:\\\/\\\/www.vetorino.com\\\/boutique\\\/product\\\/top-mask-pour-nebuliseur-horseneb\\\/#breadcrumb\",\"itemListElement\":[{\"@type\":\"ListItem\",\"position\":1,\"name\":\"Accueil\",\"item\":\"https:\\\/\\\/www.vetorino.com\\\/boutique\\\/\"},{\"@type\":\"ListItem\",\"position\":2,\"name\":\"Produits\",\"item\":\"https:\\\/\\\/www.vetorino.com\\\/boutique\\\/\"},{\"@type\":\"ListItem\",\"position\":3,\"name\":\"Top Mask pour nebuliseur Horseneb\"}]},{\"@type\":\"WebSite\",\"@id\":\"https:\\\/\\\/www.vetorino.com\\\/boutique\\\/#website\",\"url\":\"https:\\\/\\\/www.vetorino.com\\\/boutique\\\/\",\"name\":\"V\u00e9torino\",\"description\":\"\",\"publisher\":{\"@id\":\"https:\\\/\\\/www.vetorino.com\\\/boutique\\\/#organization\"},\"potentialAction\":[{\"@type\":\"SearchAction\",\"target\":{\"@type\":\"EntryPoint\",\"urlTemplate\":\"https:\\\/\\\/www.vetorino.com\\\/boutique\\\/?s={search_term_string}\"},\"query-input\":{\"@type\":\"PropertyValueSpecification\",\"valueRequired\":true,\"valueName\":\"search_term_string\"}}],\"inLanguage\":\"fr-FR\"},{\"@type\":\"Organization\",\"@id\":\"https:\\\/\\\/www.vetorino.com\\\/boutique\\\/#organization\",\"name\":\"V\u00e9torino\",\"url\":\"https:\\\/\\\/www.vetorino.com\\\/boutique\\\/\",\"logo\":{\"@type\":\"ImageObject\",\"inLanguage\":\"fr-FR\",\"@id\":\"https:\\\/\\\/www.vetorino.com\\\/boutique\\\/#\\\/schema\\\/logo\\\/image\\\/\",\"url\":\"https:\\\/\\\/www.vetorino.com\\\/boutique\\\/wp-content\\\/uploads\\\/2024\\\/10\\\/logo.jpg\",\"contentUrl\":\"https:\\\/\\\/www.vetorino.com\\\/boutique\\\/wp-content\\\/uploads\\\/2024\\\/10\\\/logo.jpg\",\"width\":1200,\"height\":610,\"caption\":\"V\u00e9torino\"},\"image\":{\"@id\":\"https:\\\/\\\/www.vetorino.com\\\/boutique\\\/#\\\/schema\\\/logo\\\/image\\\/\"},\"sameAs\":[\"https:\\\/\\\/www.facebook.com\\\/Vetorino\\\/\",\"https:\\\/\\\/www.instagram.com\\\/vetorino_off\\\/\",\"https:\\\/\\\/www.linkedin.com\\\/company\\\/vtorino\\\/\"]}]}<\/script>\n<meta property=\"product:brand\" content=\"Greenpex\" \/>\n<meta property=\"og:availability\" content=\"instock\" \/>\n<meta property=\"product:availability\" content=\"instock\" \/>\n<meta property=\"product:condition\" content=\"new\" \/>\n<!-- \/ Yoast SEO plugin. -->","yoast_head_json":{"title":"Top Mask pour nebuliseur Horseneb Greenpex - V\u00e9torino","description":"Top-Mask GREENPEX\u00a0est un masque de n\u00e9bulisation pour\u00a0chevaux\u00a0et\u00a0poneys. le\u00a0Top-mask\u00a0est un accessoire indispensable avec le\u00a0n\u00e9bulisateur Horseneb. Il permet d\u2019administrer tout type de\u00a0m\u00e9dicaments\u00a0et produits prescris par votre\u00a0v\u00e9t\u00e9rinaire\u00a0tel que :\u00a0corticost\u00e9ro\u00efdes,\u00a0bronchodilatateurs,\u00a0antibiotiques,\u00a0s\u00e9rum physiologique,\u00a0huiles essentielles.","robots":{"index":"noindex","follow":"nofollow"},"og_locale":"fr_FR","og_type":"article","og_title":"Top Mask pour nebuliseur Horseneb Greenpex - V\u00e9torino","og_description":"Top-Mask GREENPEX\u00a0est un masque de n\u00e9bulisation pour\u00a0chevaux\u00a0et\u00a0poneys. le\u00a0Top-mask\u00a0est un accessoire indispensable avec le\u00a0n\u00e9bulisateur Horseneb. Il permet d\u2019administrer tout type de\u00a0m\u00e9dicaments\u00a0et produits prescris par votre\u00a0v\u00e9t\u00e9rinaire\u00a0tel que :\u00a0corticost\u00e9ro\u00efdes,\u00a0bronchodilatateurs,\u00a0antibiotiques,\u00a0s\u00e9rum physiologique,\u00a0huiles essentielles.","og_url":"https:\/\/www.vetorino.com\/veterinaire\/sceaux-92330\/boutique\/product\/top-mask-pour-nebuliseur-horseneb\/","og_site_name":"V\u00e9torino","article_publisher":"https:\/\/www.facebook.com\/Vetorino\/","article_modified_time":"2023-06-22T15:39:13+00:00","og_image":[{"width":300,"height":300,"url":"https:\/\/www.vetorino.com\/boutique\/wp-content\/uploads\/2023\/04\/Top-Mask-Masque-Nebulisation-Horseneb-Greenpex-Produits-veto.jpg","type":"image\/jpeg"}],"twitter_card":"summary_large_image","twitter_misc":{"Disponibilit\u00e9":"En stock"},"schema":{"@context":"https:\/\/schema.org","@graph":[{"@type":"WebPage","@id":"https:\/\/www.vetorino.com\/boutique\/product\/top-mask-pour-nebuliseur-horseneb\/","url":"https:\/\/www.vetorino.com\/boutique\/product\/top-mask-pour-nebuliseur-horseneb\/","name":"Top Mask pour nebuliseur Horseneb Greenpex - V\u00e9torino","isPartOf":{"@id":"https:\/\/www.vetorino.com\/boutique\/#website"},"primaryImageOfPage":{"@id":"https:\/\/www.vetorino.com\/boutique\/product\/top-mask-pour-nebuliseur-horseneb\/#primaryimage"},"image":{"@id":"https:\/\/www.vetorino.com\/boutique\/product\/top-mask-pour-nebuliseur-horseneb\/#primaryimage"},"thumbnailUrl":"https:\/\/www.vetorino.com\/boutique\/wp-content\/uploads\/2023\/04\/Top-Mask-Masque-Nebulisation-Horseneb-Greenpex-Produits-veto.jpg","datePublished":"2023-04-19T10:07:51+00:00","dateModified":"2023-06-22T15:39:13+00:00","description":"Top-Mask GREENPEX\u00a0est un masque de n\u00e9bulisation pour\u00a0chevaux\u00a0et\u00a0poneys. le\u00a0Top-mask\u00a0est un accessoire indispensable avec le\u00a0n\u00e9bulisateur Horseneb. Il permet d\u2019administrer tout type de\u00a0m\u00e9dicaments\u00a0et produits prescris par votre\u00a0v\u00e9t\u00e9rinaire\u00a0tel que :\u00a0corticost\u00e9ro\u00efdes,\u00a0bronchodilatateurs,\u00a0antibiotiques,\u00a0s\u00e9rum physiologique,\u00a0huiles essentielles.","breadcrumb":{"@id":"https:\/\/www.vetorino.com\/boutique\/product\/top-mask-pour-nebuliseur-horseneb\/#breadcrumb"},"inLanguage":"fr-FR","potentialAction":[{"@type":"ReadAction","target":["https:\/\/www.vetorino.com\/boutique\/product\/top-mask-pour-nebuliseur-horseneb\/"]}]},{"@type":"ImageObject","inLanguage":"fr-FR","@id":"https:\/\/www.vetorino.com\/boutique\/product\/top-mask-pour-nebuliseur-horseneb\/#primaryimage","url":"https:\/\/www.vetorino.com\/boutique\/wp-content\/uploads\/2023\/04\/Top-Mask-Masque-Nebulisation-Horseneb-Greenpex-Produits-veto.jpg","contentUrl":"https:\/\/www.vetorino.com\/boutique\/wp-content\/uploads\/2023\/04\/Top-Mask-Masque-Nebulisation-Horseneb-Greenpex-Produits-veto.jpg","width":300,"height":300},{"@type":"BreadcrumbList","@id":"https:\/\/www.vetorino.com\/boutique\/product\/top-mask-pour-nebuliseur-horseneb\/#breadcrumb","itemListElement":[{"@type":"ListItem","position":1,"name":"Accueil","item":"https:\/\/www.vetorino.com\/boutique\/"},{"@type":"ListItem","position":2,"name":"Produits","item":"https:\/\/www.vetorino.com\/boutique\/"},{"@type":"ListItem","position":3,"name":"Top Mask pour nebuliseur Horseneb"}]},{"@type":"WebSite","@id":"https:\/\/www.vetorino.com\/boutique\/#website","url":"https:\/\/www.vetorino.com\/boutique\/","name":"V\u00e9torino","description":"","publisher":{"@id":"https:\/\/www.vetorino.com\/boutique\/#organization"},"potentialAction":[{"@type":"SearchAction","target":{"@type":"EntryPoint","urlTemplate":"https:\/\/www.vetorino.com\/boutique\/?s={search_term_string}"},"query-input":{"@type":"PropertyValueSpecification","valueRequired":true,"valueName":"search_term_string"}}],"inLanguage":"fr-FR"},{"@type":"Organization","@id":"https:\/\/www.vetorino.com\/boutique\/#organization","name":"V\u00e9torino","url":"https:\/\/www.vetorino.com\/boutique\/","logo":{"@type":"ImageObject","inLanguage":"fr-FR","@id":"https:\/\/www.vetorino.com\/boutique\/#\/schema\/logo\/image\/","url":"https:\/\/www.vetorino.com\/boutique\/wp-content\/uploads\/2024\/10\/logo.jpg","contentUrl":"https:\/\/www.vetorino.com\/boutique\/wp-content\/uploads\/2024\/10\/logo.jpg","width":1200,"height":610,"caption":"V\u00e9torino"},"image":{"@id":"https:\/\/www.vetorino.com\/boutique\/#\/schema\/logo\/image\/"},"sameAs":["https:\/\/www.facebook.com\/Vetorino\/","https:\/\/www.instagram.com\/vetorino_off\/","https:\/\/www.linkedin.com\/company\/vtorino\/"]}]},"product_brand":"Greenpex","og_availability":"instock","product_availability":"instock","product_condition":"new"},"_links":{"self":[{"href":"https:\/\/www.vetorino.com\/veterinaire\/sceaux-92330\/boutique\/wp-json\/wp\/v2\/product\/598150","targetHints":{"allow":["GET"]}}],"collection":[{"href":"https:\/\/www.vetorino.com\/veterinaire\/sceaux-92330\/boutique\/wp-json\/wp\/v2\/product"}],"about":[{"href":"https:\/\/www.vetorino.com\/veterinaire\/sceaux-92330\/boutique\/wp-json\/wp\/v2\/types\/product"}],"wp:featuredmedia":[{"embeddable":true,"href":"https:\/\/www.vetorino.com\/veterinaire\/sceaux-92330\/boutique\/wp-json\/wp\/v2\/media\/598152"}],"wp:attachment":[{"href":"https:\/\/www.vetorino.com\/veterinaire\/sceaux-92330\/boutique\/wp-json\/wp\/v2\/media?parent=598150"}],"wp:term":[{"taxonomy":"product_cat","embeddable":true,"href":"https:\/\/www.vetorino.com\/veterinaire\/sceaux-92330\/boutique\/wp-json\/wp\/v2\/product_cat?post=598150"},{"taxonomy":"product_tag","embeddable":true,"href":"https:\/\/www.vetorino.com\/veterinaire\/sceaux-92330\/boutique\/wp-json\/wp\/v2\/product_tag?post=598150"}],"curies":[{"name":"wp","href":"https:\/\/api.w.org\/{rel}","templated":true}]}}