{"id":601832,"date":"2023-04-25T10:43:01","date_gmt":"2023-04-25T08:43:01","guid":{"rendered":"https:\/\/www.vetorino.com\/boutique\/?post_type=product&#038;p=601832"},"modified":"2023-04-25T15:48:55","modified_gmt":"2023-04-25T13:48:55","slug":"gamelle-en-silicone-trixie-slow-feed-pour-chien-et-chat","status":"publish","type":"product","link":"https:\/\/www.vetorino.com\/veterinaire\/sceaux-92330\/boutique\/product\/gamelle-en-silicone-trixie-slow-feed-pour-chien-et-chat\/","title":{"rendered":"Gamelle en silicone Trixie Slow Feed pour chien et chat"},"content":{"rendered":"<p><strong>Caract\u00e9ristiques de la gamelle anti-glouton en silicone Trixie Slow Feed pour chien et chat :<\/strong><\/p>\n<ul>\n<li>gamelle anti-glouton pour les chiens et les chats<\/li>\n<li><strong>convient pour<\/strong>\u00a0les croquettes, les aliments humides, les p\u00e2t\u00e9s et les friandises<\/li>\n<li><strong>encourage l&#8217;animal \u00e0 manger plus lentement :<\/strong>\u00a0les rainures compliquent l&#8217;acc\u00e8s \u00e0 la nourriture, une prise de nourriture plus lente facilite la digestion<\/li>\n<li>occupe l&#8217;animal pendant un long moment<\/li>\n<li>fond antid\u00e9rapant : ne glisse pas sur les sols lisses<\/li>\n<li><strong>mat\u00e9riau :<\/strong>\u00a0silicone<\/li>\n<li><strong>dimensions :<\/strong>\u00a024 cm de diam\u00e8tre<\/li>\n<li><strong>coloris :<\/strong>\u00a0vert \/ gris (coloris al\u00e9atoire)<\/li>\n<li><strong>conseil d&#8217;entretien :<\/strong>\u00a0passe au lave-vaisselle<\/li>\n<\/ul>\n<p><strong>Remarque :<\/strong><br \/>\nVeuillez toujours surveiller votre animal lorsqu&#8217;il utilise sa gamelle. Bien v\u00e9rifier qu&#8217;elle n\u2019est pas ab\u00eem\u00e9 ou que des petits morceaux n&#8217;ont pas \u00e9t\u00e9 arrach\u00e9s. Si la gamelle est endommag\u00e9e, mettez-la aussit\u00f4t hors de port\u00e9e de votre animal. Nous vous conseillons fortement de remplacer imm\u00e9diatement la gamelle afin d&#8217;\u00e9viter toute blessure.<\/p>\n","protected":false},"excerpt":{"rendered":"<p>La gamelle anti-glouton Trixie Slow Feed de Trixie convient parfaitement pour les chats ou les chiens qui ont tendance \u00e0 engloutir leur repas. Votre animal devra essayer d&#8217;attraper la nourriture entre les rainures, ce qui l&#8217;encouragera \u00e0\u00a0<strong>manger plus lentement<\/strong>\u00a0et\u00a0<b>favorisera sa digestion<\/b>. La gamelle anti-glouton Trixie convient pour tout type de nourriture, s\u00e8che ou humide, et\u00a0<strong>passe au lave-vaisselle<\/strong>.<\/p>\n","protected":false},"featured_media":602094,"template":"","meta":[],"product_cat":[12548,12550,12552,2697,2698,12603,12606,12607,12610,12561],"product_tag":[],"class_list":{"0":"post-601832","1":"product","2":"type-product","3":"status-publish","4":"has-post-thumbnail","6":"product_cat-accessoire-du-chat","7":"product_cat-accessoires-du-chien","8":"product_cat-alimentation-du-chien","9":"product_cat-chat","10":"product_cat-chien","11":"product_cat-friandises-pour-chien","12":"product_cat-gamelles-pour-chat","13":"product_cat-gamelles-pour-chien","14":"product_cat-hygiene-bucco-dentaire-du-chien","15":"product_cat-hygiene-du-chien","16":"pa_marque-trixie","18":"first","19":"instock","20":"taxable","21":"shipping-taxable","22":"purchasable","23":"product-type-variable"},"yoast_head":"<!-- This site is optimized with the Yoast SEO plugin v27.3 - https:\/\/yoast.com\/product\/yoast-seo-wordpress\/ -->\n<title>Gamelle en silicone Trixie Slow Feed pour chien et chat Trixie - V\u00e9torino<\/title>\n<meta name=\"description\" content=\"La gamelle anti-glouton Trixie Slow Feed de Trixie convient parfaitement pour les chats ou les chiens qui ont tendance \u00e0 engloutir leur repas. Votre animal devra essayer d&#039;attraper la nourriture entre les rainures, ce qui l&#039;encouragera \u00e0\u00a0manger plus lentement\u00a0et\u00a0favorisera sa digestion. La gamelle anti-glouton Trixie convient pour tout type de nourriture, s\u00e8che ou humide, et\u00a0passe au lave-vaisselle.\" \/>\n<meta name=\"robots\" content=\"noindex, nofollow\" \/>\n<meta property=\"og:locale\" content=\"fr_FR\" \/>\n<meta property=\"og:type\" content=\"article\" \/>\n<meta property=\"og:title\" content=\"Gamelle en silicone Trixie Slow Feed pour chien et chat Trixie - V\u00e9torino\" \/>\n<meta property=\"og:description\" content=\"La gamelle anti-glouton Trixie Slow Feed de Trixie convient parfaitement pour les chats ou les chiens qui ont tendance \u00e0 engloutir leur repas. Votre animal devra essayer d&#039;attraper la nourriture entre les rainures, ce qui l&#039;encouragera \u00e0\u00a0manger plus lentement\u00a0et\u00a0favorisera sa digestion. La gamelle anti-glouton Trixie convient pour tout type de nourriture, s\u00e8che ou humide, et\u00a0passe au lave-vaisselle.\" \/>\n<meta property=\"og:url\" content=\"https:\/\/www.vetorino.com\/veterinaire\/sceaux-92330\/boutique\/product\/gamelle-en-silicone-trixie-slow-feed-pour-chien-et-chat\/\" \/>\n<meta property=\"og:site_name\" content=\"V\u00e9torino\" \/>\n<meta property=\"article:publisher\" content=\"https:\/\/www.facebook.com\/Vetorino\/\" \/>\n<meta property=\"article:modified_time\" content=\"2023-04-25T13:48:55+00:00\" \/>\n<meta property=\"og:image\" content=\"https:\/\/www.vetorino.com\/boutique\/wp-content\/uploads\/2023\/04\/Capture-decran-2023-04-25-a-15.44.08.png\" \/>\n\t<meta property=\"og:image:width\" content=\"1492\" \/>\n\t<meta property=\"og:image:height\" content=\"1490\" \/>\n\t<meta property=\"og:image:type\" content=\"image\/png\" \/>\n<meta name=\"twitter:card\" content=\"summary_large_image\" \/>\n<meta name=\"twitter:label1\" content=\"Disponibilit\u00e9\" \/>\n\t<meta name=\"twitter:data1\" content=\"En stock\" \/>\n<script type=\"application\/ld+json\" class=\"yoast-schema-graph\">{\"@context\":\"https:\\\/\\\/schema.org\",\"@graph\":[{\"@type\":\"WebPage\",\"@id\":\"https:\\\/\\\/www.vetorino.com\\\/boutique\\\/product\\\/gamelle-en-silicone-trixie-slow-feed-pour-chien-et-chat\\\/\",\"url\":\"https:\\\/\\\/www.vetorino.com\\\/boutique\\\/product\\\/gamelle-en-silicone-trixie-slow-feed-pour-chien-et-chat\\\/\",\"name\":\"Gamelle en silicone Trixie Slow Feed pour chien et chat Trixie - V\u00e9torino\",\"isPartOf\":{\"@id\":\"https:\\\/\\\/www.vetorino.com\\\/boutique\\\/#website\"},\"primaryImageOfPage\":{\"@id\":\"https:\\\/\\\/www.vetorino.com\\\/boutique\\\/product\\\/gamelle-en-silicone-trixie-slow-feed-pour-chien-et-chat\\\/#primaryimage\"},\"image\":{\"@id\":\"https:\\\/\\\/www.vetorino.com\\\/boutique\\\/product\\\/gamelle-en-silicone-trixie-slow-feed-pour-chien-et-chat\\\/#primaryimage\"},\"thumbnailUrl\":\"https:\\\/\\\/www.vetorino.com\\\/boutique\\\/wp-content\\\/uploads\\\/2023\\\/04\\\/Capture-decran-2023-04-25-a-15.44.08.png\",\"datePublished\":\"2023-04-25T08:43:01+00:00\",\"dateModified\":\"2023-04-25T13:48:55+00:00\",\"description\":\"La gamelle anti-glouton Trixie Slow Feed de Trixie convient parfaitement pour les chats ou les chiens qui ont tendance \u00e0 engloutir leur repas. Votre animal devra essayer d'attraper la nourriture entre les rainures, ce qui l'encouragera \u00e0\u00a0manger plus lentement\u00a0et\u00a0favorisera sa digestion. La gamelle anti-glouton Trixie convient pour tout type de nourriture, s\u00e8che ou humide, et\u00a0passe au lave-vaisselle.\",\"breadcrumb\":{\"@id\":\"https:\\\/\\\/www.vetorino.com\\\/boutique\\\/product\\\/gamelle-en-silicone-trixie-slow-feed-pour-chien-et-chat\\\/#breadcrumb\"},\"inLanguage\":\"fr-FR\",\"potentialAction\":[{\"@type\":\"ReadAction\",\"target\":[\"https:\\\/\\\/www.vetorino.com\\\/boutique\\\/product\\\/gamelle-en-silicone-trixie-slow-feed-pour-chien-et-chat\\\/\"]}]},{\"@type\":\"ImageObject\",\"inLanguage\":\"fr-FR\",\"@id\":\"https:\\\/\\\/www.vetorino.com\\\/boutique\\\/product\\\/gamelle-en-silicone-trixie-slow-feed-pour-chien-et-chat\\\/#primaryimage\",\"url\":\"https:\\\/\\\/www.vetorino.com\\\/boutique\\\/wp-content\\\/uploads\\\/2023\\\/04\\\/Capture-decran-2023-04-25-a-15.44.08.png\",\"contentUrl\":\"https:\\\/\\\/www.vetorino.com\\\/boutique\\\/wp-content\\\/uploads\\\/2023\\\/04\\\/Capture-decran-2023-04-25-a-15.44.08.png\",\"width\":1492,\"height\":1490},{\"@type\":\"BreadcrumbList\",\"@id\":\"https:\\\/\\\/www.vetorino.com\\\/boutique\\\/product\\\/gamelle-en-silicone-trixie-slow-feed-pour-chien-et-chat\\\/#breadcrumb\",\"itemListElement\":[{\"@type\":\"ListItem\",\"position\":1,\"name\":\"Accueil\",\"item\":\"https:\\\/\\\/www.vetorino.com\\\/boutique\\\/\"},{\"@type\":\"ListItem\",\"position\":2,\"name\":\"Produits\",\"item\":\"https:\\\/\\\/www.vetorino.com\\\/boutique\\\/\"},{\"@type\":\"ListItem\",\"position\":3,\"name\":\"Gamelle en silicone Trixie Slow Feed pour chien et chat\"}]},{\"@type\":\"WebSite\",\"@id\":\"https:\\\/\\\/www.vetorino.com\\\/boutique\\\/#website\",\"url\":\"https:\\\/\\\/www.vetorino.com\\\/boutique\\\/\",\"name\":\"V\u00e9torino\",\"description\":\"\",\"publisher\":{\"@id\":\"https:\\\/\\\/www.vetorino.com\\\/boutique\\\/#organization\"},\"potentialAction\":[{\"@type\":\"SearchAction\",\"target\":{\"@type\":\"EntryPoint\",\"urlTemplate\":\"https:\\\/\\\/www.vetorino.com\\\/boutique\\\/?s={search_term_string}\"},\"query-input\":{\"@type\":\"PropertyValueSpecification\",\"valueRequired\":true,\"valueName\":\"search_term_string\"}}],\"inLanguage\":\"fr-FR\"},{\"@type\":\"Organization\",\"@id\":\"https:\\\/\\\/www.vetorino.com\\\/boutique\\\/#organization\",\"name\":\"V\u00e9torino\",\"url\":\"https:\\\/\\\/www.vetorino.com\\\/boutique\\\/\",\"logo\":{\"@type\":\"ImageObject\",\"inLanguage\":\"fr-FR\",\"@id\":\"https:\\\/\\\/www.vetorino.com\\\/boutique\\\/#\\\/schema\\\/logo\\\/image\\\/\",\"url\":\"https:\\\/\\\/www.vetorino.com\\\/boutique\\\/wp-content\\\/uploads\\\/2024\\\/10\\\/logo.jpg\",\"contentUrl\":\"https:\\\/\\\/www.vetorino.com\\\/boutique\\\/wp-content\\\/uploads\\\/2024\\\/10\\\/logo.jpg\",\"width\":1200,\"height\":610,\"caption\":\"V\u00e9torino\"},\"image\":{\"@id\":\"https:\\\/\\\/www.vetorino.com\\\/boutique\\\/#\\\/schema\\\/logo\\\/image\\\/\"},\"sameAs\":[\"https:\\\/\\\/www.facebook.com\\\/Vetorino\\\/\",\"https:\\\/\\\/www.instagram.com\\\/vetorino_off\\\/\",\"https:\\\/\\\/www.linkedin.com\\\/company\\\/vtorino\\\/\"]}]}<\/script>\n<meta property=\"product:brand\" content=\"Trixie\" \/>\n<meta property=\"og:availability\" content=\"instock\" \/>\n<meta property=\"product:availability\" content=\"instock\" \/>\n<meta property=\"product:condition\" content=\"new\" \/>\n<!-- \/ Yoast SEO plugin. -->","yoast_head_json":{"title":"Gamelle en silicone Trixie Slow Feed pour chien et chat Trixie - V\u00e9torino","description":"La gamelle anti-glouton Trixie Slow Feed de Trixie convient parfaitement pour les chats ou les chiens qui ont tendance \u00e0 engloutir leur repas. Votre animal devra essayer d'attraper la nourriture entre les rainures, ce qui l'encouragera \u00e0\u00a0manger plus lentement\u00a0et\u00a0favorisera sa digestion. La gamelle anti-glouton Trixie convient pour tout type de nourriture, s\u00e8che ou humide, et\u00a0passe au lave-vaisselle.","robots":{"index":"noindex","follow":"nofollow"},"og_locale":"fr_FR","og_type":"article","og_title":"Gamelle en silicone Trixie Slow Feed pour chien et chat Trixie - V\u00e9torino","og_description":"La gamelle anti-glouton Trixie Slow Feed de Trixie convient parfaitement pour les chats ou les chiens qui ont tendance \u00e0 engloutir leur repas. Votre animal devra essayer d'attraper la nourriture entre les rainures, ce qui l'encouragera \u00e0\u00a0manger plus lentement\u00a0et\u00a0favorisera sa digestion. La gamelle anti-glouton Trixie convient pour tout type de nourriture, s\u00e8che ou humide, et\u00a0passe au lave-vaisselle.","og_url":"https:\/\/www.vetorino.com\/veterinaire\/sceaux-92330\/boutique\/product\/gamelle-en-silicone-trixie-slow-feed-pour-chien-et-chat\/","og_site_name":"V\u00e9torino","article_publisher":"https:\/\/www.facebook.com\/Vetorino\/","article_modified_time":"2023-04-25T13:48:55+00:00","og_image":[{"width":1492,"height":1490,"url":"https:\/\/www.vetorino.com\/boutique\/wp-content\/uploads\/2023\/04\/Capture-decran-2023-04-25-a-15.44.08.png","type":"image\/png"}],"twitter_card":"summary_large_image","twitter_misc":{"Disponibilit\u00e9":"En stock"},"schema":{"@context":"https:\/\/schema.org","@graph":[{"@type":"WebPage","@id":"https:\/\/www.vetorino.com\/boutique\/product\/gamelle-en-silicone-trixie-slow-feed-pour-chien-et-chat\/","url":"https:\/\/www.vetorino.com\/boutique\/product\/gamelle-en-silicone-trixie-slow-feed-pour-chien-et-chat\/","name":"Gamelle en silicone Trixie Slow Feed pour chien et chat Trixie - V\u00e9torino","isPartOf":{"@id":"https:\/\/www.vetorino.com\/boutique\/#website"},"primaryImageOfPage":{"@id":"https:\/\/www.vetorino.com\/boutique\/product\/gamelle-en-silicone-trixie-slow-feed-pour-chien-et-chat\/#primaryimage"},"image":{"@id":"https:\/\/www.vetorino.com\/boutique\/product\/gamelle-en-silicone-trixie-slow-feed-pour-chien-et-chat\/#primaryimage"},"thumbnailUrl":"https:\/\/www.vetorino.com\/boutique\/wp-content\/uploads\/2023\/04\/Capture-decran-2023-04-25-a-15.44.08.png","datePublished":"2023-04-25T08:43:01+00:00","dateModified":"2023-04-25T13:48:55+00:00","description":"La gamelle anti-glouton Trixie Slow Feed de Trixie convient parfaitement pour les chats ou les chiens qui ont tendance \u00e0 engloutir leur repas. Votre animal devra essayer d'attraper la nourriture entre les rainures, ce qui l'encouragera \u00e0\u00a0manger plus lentement\u00a0et\u00a0favorisera sa digestion. La gamelle anti-glouton Trixie convient pour tout type de nourriture, s\u00e8che ou humide, et\u00a0passe au lave-vaisselle.","breadcrumb":{"@id":"https:\/\/www.vetorino.com\/boutique\/product\/gamelle-en-silicone-trixie-slow-feed-pour-chien-et-chat\/#breadcrumb"},"inLanguage":"fr-FR","potentialAction":[{"@type":"ReadAction","target":["https:\/\/www.vetorino.com\/boutique\/product\/gamelle-en-silicone-trixie-slow-feed-pour-chien-et-chat\/"]}]},{"@type":"ImageObject","inLanguage":"fr-FR","@id":"https:\/\/www.vetorino.com\/boutique\/product\/gamelle-en-silicone-trixie-slow-feed-pour-chien-et-chat\/#primaryimage","url":"https:\/\/www.vetorino.com\/boutique\/wp-content\/uploads\/2023\/04\/Capture-decran-2023-04-25-a-15.44.08.png","contentUrl":"https:\/\/www.vetorino.com\/boutique\/wp-content\/uploads\/2023\/04\/Capture-decran-2023-04-25-a-15.44.08.png","width":1492,"height":1490},{"@type":"BreadcrumbList","@id":"https:\/\/www.vetorino.com\/boutique\/product\/gamelle-en-silicone-trixie-slow-feed-pour-chien-et-chat\/#breadcrumb","itemListElement":[{"@type":"ListItem","position":1,"name":"Accueil","item":"https:\/\/www.vetorino.com\/boutique\/"},{"@type":"ListItem","position":2,"name":"Produits","item":"https:\/\/www.vetorino.com\/boutique\/"},{"@type":"ListItem","position":3,"name":"Gamelle en silicone Trixie Slow Feed pour chien et chat"}]},{"@type":"WebSite","@id":"https:\/\/www.vetorino.com\/boutique\/#website","url":"https:\/\/www.vetorino.com\/boutique\/","name":"V\u00e9torino","description":"","publisher":{"@id":"https:\/\/www.vetorino.com\/boutique\/#organization"},"potentialAction":[{"@type":"SearchAction","target":{"@type":"EntryPoint","urlTemplate":"https:\/\/www.vetorino.com\/boutique\/?s={search_term_string}"},"query-input":{"@type":"PropertyValueSpecification","valueRequired":true,"valueName":"search_term_string"}}],"inLanguage":"fr-FR"},{"@type":"Organization","@id":"https:\/\/www.vetorino.com\/boutique\/#organization","name":"V\u00e9torino","url":"https:\/\/www.vetorino.com\/boutique\/","logo":{"@type":"ImageObject","inLanguage":"fr-FR","@id":"https:\/\/www.vetorino.com\/boutique\/#\/schema\/logo\/image\/","url":"https:\/\/www.vetorino.com\/boutique\/wp-content\/uploads\/2024\/10\/logo.jpg","contentUrl":"https:\/\/www.vetorino.com\/boutique\/wp-content\/uploads\/2024\/10\/logo.jpg","width":1200,"height":610,"caption":"V\u00e9torino"},"image":{"@id":"https:\/\/www.vetorino.com\/boutique\/#\/schema\/logo\/image\/"},"sameAs":["https:\/\/www.facebook.com\/Vetorino\/","https:\/\/www.instagram.com\/vetorino_off\/","https:\/\/www.linkedin.com\/company\/vtorino\/"]}]},"product_brand":"Trixie","og_availability":"instock","product_availability":"instock","product_condition":"new"},"_links":{"self":[{"href":"https:\/\/www.vetorino.com\/veterinaire\/sceaux-92330\/boutique\/wp-json\/wp\/v2\/product\/601832","targetHints":{"allow":["GET"]}}],"collection":[{"href":"https:\/\/www.vetorino.com\/veterinaire\/sceaux-92330\/boutique\/wp-json\/wp\/v2\/product"}],"about":[{"href":"https:\/\/www.vetorino.com\/veterinaire\/sceaux-92330\/boutique\/wp-json\/wp\/v2\/types\/product"}],"wp:featuredmedia":[{"embeddable":true,"href":"https:\/\/www.vetorino.com\/veterinaire\/sceaux-92330\/boutique\/wp-json\/wp\/v2\/media\/602094"}],"wp:attachment":[{"href":"https:\/\/www.vetorino.com\/veterinaire\/sceaux-92330\/boutique\/wp-json\/wp\/v2\/media?parent=601832"}],"wp:term":[{"taxonomy":"product_cat","embeddable":true,"href":"https:\/\/www.vetorino.com\/veterinaire\/sceaux-92330\/boutique\/wp-json\/wp\/v2\/product_cat?post=601832"},{"taxonomy":"product_tag","embeddable":true,"href":"https:\/\/www.vetorino.com\/veterinaire\/sceaux-92330\/boutique\/wp-json\/wp\/v2\/product_tag?post=601832"}],"curies":[{"name":"wp","href":"https:\/\/api.w.org\/{rel}","templated":true}]}}