{"id":602665,"date":"2023-04-26T10:32:35","date_gmt":"2023-04-26T08:32:35","guid":{"rendered":"https:\/\/www.vetorino.com\/boutique\/?post_type=product&#038;p=602665"},"modified":"2023-04-26T10:43:15","modified_gmt":"2023-04-26T08:43:15","slug":"tapis-a-renifler-sunflower","status":"publish","type":"product","link":"https:\/\/www.vetorino.com\/veterinaire\/sceaux-92330\/boutique\/product\/tapis-a-renifler-sunflower\/","title":{"rendered":"Tapis \u00e0 renifler Sunflower"},"content":{"rendered":"<div id=\"description\" class=\"product-data__item--content \" aria-labelledby=\"tab-label-amcustomtabs_tabs_1-title\">\n<div class=\"am-custom-tab am-custom-tab-1\">\n<div class=\"am-custom-tab am-custom-tab-1\">\n<div class=\"product attribute description content-wrapper\">\n<div class=\"value reset-pagebuilder\">\n<p><strong>Tapis rond pour de longues s\u00e9ances de jeu.<\/strong><br \/>\nConvient aux chats et aux chiens.<br \/>\nCachez simplement des friandises entre les bandes et laissez l&#8217;animal les trouver gr\u00e2ce \u00e0 son odorat.<br \/>\nStimule la concentration de l&#8217;animal pour l&#8217;aider \u00e0 manger moins vite.<br \/>\nBandes cousues au tapis.<br \/>\nLongueur des bandes 8 cm et largeur environ 2,5 cm.<br \/>\nComposition : 100 % polyester.<br \/>\nAvec rev\u00eatement antid\u00e9rapant.<br \/>\nCouleur: vert \/ jaune.<br \/>\nDiam\u00e8tre : 40 cm<br \/>\nLavable \u00e0 30 \u00b0C.<\/p>\n<\/div>\n<\/div>\n<\/div>\n<\/div>\n<\/div>\n<div id=\"related-products\" class=\"product-data__item--content has-related-products\" aria-labelledby=\"tab-label-amcustomtabs_tabs_12-title\">\n<div class=\"am-custom-tab am-custom-tab-12\">\n<div class=\"am-custom-tab am-custom-tab-12\">\n<div class=\"block related page-products\" data-limit=\"5\" data-shuffle=\"1\"><\/div>\n<\/div>\n<\/div>\n<\/div>\n","protected":false},"excerpt":{"rendered":"<div>Le\u00a0<strong>Tapis Sunflower \u00e0 renifler Kerbl<\/strong>\u00a0permet \u00e0 votre compagnon canin de retrouver des friandises cach\u00e9es dans ce tapis \u00e0 l&#8217;aide de son odorat.<\/div>\n<div><\/div>\n<div>Le tapis Sunflower permet de stimuler la concentration de votre compagnon, afin que celui-ci mange moins vite.<\/div>\n","protected":false},"featured_media":602682,"template":"","meta":[],"product_cat":[12548,12550,2697,2698,12620,12621],"product_tag":[],"class_list":{"0":"post-602665","1":"product","2":"type-product","3":"status-publish","4":"has-post-thumbnail","6":"product_cat-accessoire-du-chat","7":"product_cat-accessoires-du-chien","8":"product_cat-chat","9":"product_cat-chien","10":"product_cat-jeux-educatifs-pour-chat","11":"product_cat-jeux-educatifs-pour-chien","12":"pa_marque-kerbl","14":"first","15":"instock","16":"taxable","17":"shipping-taxable","18":"purchasable","19":"product-type-simple"},"yoast_head":"<!-- This site is optimized with the Yoast SEO plugin v27.3 - https:\/\/yoast.com\/product\/yoast-seo-wordpress\/ -->\n<title>Tapis \u00e0 renifler Sunflower Kerbl - V\u00e9torino<\/title>\n<meta name=\"description\" content=\"Le\u00a0Tapis Sunflower \u00e0 renifler Kerbl\u00a0permet \u00e0 votre compagnon canin de retrouver des friandises cach\u00e9es dans ce tapis \u00e0 l&#039;aide de son odorat.  Le tapis Sunflower permet de stimuler la concentration de votre compagnon, afin que celui-ci mange moins vite.\" \/>\n<meta name=\"robots\" content=\"noindex, nofollow\" \/>\n<meta property=\"og:locale\" content=\"fr_FR\" \/>\n<meta property=\"og:type\" content=\"article\" \/>\n<meta property=\"og:title\" content=\"Tapis \u00e0 renifler Sunflower Kerbl - V\u00e9torino\" \/>\n<meta property=\"og:description\" content=\"Le\u00a0Tapis Sunflower \u00e0 renifler Kerbl\u00a0permet \u00e0 votre compagnon canin de retrouver des friandises cach\u00e9es dans ce tapis \u00e0 l&#039;aide de son odorat.  Le tapis Sunflower permet de stimuler la concentration de votre compagnon, afin que celui-ci mange moins vite.\" \/>\n<meta property=\"og:url\" content=\"https:\/\/www.vetorino.com\/veterinaire\/sceaux-92330\/boutique\/product\/tapis-a-renifler-sunflower\/\" \/>\n<meta property=\"og:site_name\" content=\"V\u00e9torino\" \/>\n<meta property=\"article:publisher\" content=\"https:\/\/www.facebook.com\/Vetorino\/\" \/>\n<meta property=\"article:modified_time\" content=\"2023-04-26T08:43:15+00:00\" \/>\n<meta property=\"og:image\" content=\"https:\/\/www.vetorino.com\/boutique\/wp-content\/uploads\/2023\/04\/tapis-a-renifler-sunflower-kerbl.jpg\" \/>\n\t<meta property=\"og:image:width\" content=\"558\" \/>\n\t<meta property=\"og:image:height\" content=\"558\" \/>\n\t<meta property=\"og:image:type\" content=\"image\/jpeg\" \/>\n<meta name=\"twitter:card\" content=\"summary_large_image\" \/>\n<meta name=\"twitter:label1\" content=\"Prix\" \/>\n\t<meta name=\"twitter:data1\" content=\"15,45&euro;\" \/>\n\t<meta name=\"twitter:label2\" content=\"Disponibilit\u00e9\" \/>\n\t<meta name=\"twitter:data2\" content=\"En stock\" \/>\n<script type=\"application\/ld+json\" class=\"yoast-schema-graph\">{\"@context\":\"https:\\\/\\\/schema.org\",\"@graph\":[{\"@type\":\"WebPage\",\"@id\":\"https:\\\/\\\/www.vetorino.com\\\/boutique\\\/product\\\/tapis-a-renifler-sunflower\\\/\",\"url\":\"https:\\\/\\\/www.vetorino.com\\\/boutique\\\/product\\\/tapis-a-renifler-sunflower\\\/\",\"name\":\"Tapis \u00e0 renifler Sunflower Kerbl - V\u00e9torino\",\"isPartOf\":{\"@id\":\"https:\\\/\\\/www.vetorino.com\\\/boutique\\\/#website\"},\"primaryImageOfPage\":{\"@id\":\"https:\\\/\\\/www.vetorino.com\\\/boutique\\\/product\\\/tapis-a-renifler-sunflower\\\/#primaryimage\"},\"image\":{\"@id\":\"https:\\\/\\\/www.vetorino.com\\\/boutique\\\/product\\\/tapis-a-renifler-sunflower\\\/#primaryimage\"},\"thumbnailUrl\":\"https:\\\/\\\/www.vetorino.com\\\/boutique\\\/wp-content\\\/uploads\\\/2023\\\/04\\\/tapis-a-renifler-sunflower-kerbl.jpg\",\"datePublished\":\"2023-04-26T08:32:35+00:00\",\"dateModified\":\"2023-04-26T08:43:15+00:00\",\"description\":\"Le\u00a0Tapis Sunflower \u00e0 renifler Kerbl\u00a0permet \u00e0 votre compagnon canin de retrouver des friandises cach\u00e9es dans ce tapis \u00e0 l'aide de son odorat. Le tapis Sunflower permet de stimuler la concentration de votre compagnon, afin que celui-ci mange moins vite.\",\"breadcrumb\":{\"@id\":\"https:\\\/\\\/www.vetorino.com\\\/boutique\\\/product\\\/tapis-a-renifler-sunflower\\\/#breadcrumb\"},\"inLanguage\":\"fr-FR\",\"potentialAction\":[{\"@type\":\"ReadAction\",\"target\":[\"https:\\\/\\\/www.vetorino.com\\\/boutique\\\/product\\\/tapis-a-renifler-sunflower\\\/\"]}]},{\"@type\":\"ImageObject\",\"inLanguage\":\"fr-FR\",\"@id\":\"https:\\\/\\\/www.vetorino.com\\\/boutique\\\/product\\\/tapis-a-renifler-sunflower\\\/#primaryimage\",\"url\":\"https:\\\/\\\/www.vetorino.com\\\/boutique\\\/wp-content\\\/uploads\\\/2023\\\/04\\\/tapis-a-renifler-sunflower-kerbl.jpg\",\"contentUrl\":\"https:\\\/\\\/www.vetorino.com\\\/boutique\\\/wp-content\\\/uploads\\\/2023\\\/04\\\/tapis-a-renifler-sunflower-kerbl.jpg\",\"width\":558,\"height\":558},{\"@type\":\"BreadcrumbList\",\"@id\":\"https:\\\/\\\/www.vetorino.com\\\/boutique\\\/product\\\/tapis-a-renifler-sunflower\\\/#breadcrumb\",\"itemListElement\":[{\"@type\":\"ListItem\",\"position\":1,\"name\":\"Accueil\",\"item\":\"https:\\\/\\\/www.vetorino.com\\\/boutique\\\/\"},{\"@type\":\"ListItem\",\"position\":2,\"name\":\"Produits\",\"item\":\"https:\\\/\\\/www.vetorino.com\\\/boutique\\\/\"},{\"@type\":\"ListItem\",\"position\":3,\"name\":\"Tapis \u00e0 renifler Sunflower\"}]},{\"@type\":\"WebSite\",\"@id\":\"https:\\\/\\\/www.vetorino.com\\\/boutique\\\/#website\",\"url\":\"https:\\\/\\\/www.vetorino.com\\\/boutique\\\/\",\"name\":\"V\u00e9torino\",\"description\":\"\",\"publisher\":{\"@id\":\"https:\\\/\\\/www.vetorino.com\\\/boutique\\\/#organization\"},\"potentialAction\":[{\"@type\":\"SearchAction\",\"target\":{\"@type\":\"EntryPoint\",\"urlTemplate\":\"https:\\\/\\\/www.vetorino.com\\\/boutique\\\/?s={search_term_string}\"},\"query-input\":{\"@type\":\"PropertyValueSpecification\",\"valueRequired\":true,\"valueName\":\"search_term_string\"}}],\"inLanguage\":\"fr-FR\"},{\"@type\":\"Organization\",\"@id\":\"https:\\\/\\\/www.vetorino.com\\\/boutique\\\/#organization\",\"name\":\"V\u00e9torino\",\"url\":\"https:\\\/\\\/www.vetorino.com\\\/boutique\\\/\",\"logo\":{\"@type\":\"ImageObject\",\"inLanguage\":\"fr-FR\",\"@id\":\"https:\\\/\\\/www.vetorino.com\\\/boutique\\\/#\\\/schema\\\/logo\\\/image\\\/\",\"url\":\"https:\\\/\\\/www.vetorino.com\\\/boutique\\\/wp-content\\\/uploads\\\/2024\\\/10\\\/logo.jpg\",\"contentUrl\":\"https:\\\/\\\/www.vetorino.com\\\/boutique\\\/wp-content\\\/uploads\\\/2024\\\/10\\\/logo.jpg\",\"width\":1200,\"height\":610,\"caption\":\"V\u00e9torino\"},\"image\":{\"@id\":\"https:\\\/\\\/www.vetorino.com\\\/boutique\\\/#\\\/schema\\\/logo\\\/image\\\/\"},\"sameAs\":[\"https:\\\/\\\/www.facebook.com\\\/Vetorino\\\/\",\"https:\\\/\\\/www.instagram.com\\\/vetorino_off\\\/\",\"https:\\\/\\\/www.linkedin.com\\\/company\\\/vtorino\\\/\"]}]}<\/script>\n<meta property=\"product:brand\" content=\"Kerbl\" \/>\n<meta property=\"product:price:amount\" content=\"15.45\" \/>\n<meta property=\"product:price:currency\" content=\"EUR\" \/>\n<meta property=\"og:availability\" content=\"instock\" \/>\n<meta property=\"product:availability\" content=\"instock\" \/>\n<meta property=\"product:retailer_item_id\" content=\"O-805039\" \/>\n<meta property=\"product:condition\" content=\"new\" \/>\n<!-- \/ Yoast SEO plugin. -->","yoast_head_json":{"title":"Tapis \u00e0 renifler Sunflower Kerbl - V\u00e9torino","description":"Le\u00a0Tapis Sunflower \u00e0 renifler Kerbl\u00a0permet \u00e0 votre compagnon canin de retrouver des friandises cach\u00e9es dans ce tapis \u00e0 l'aide de son odorat.  Le tapis Sunflower permet de stimuler la concentration de votre compagnon, afin que celui-ci mange moins vite.","robots":{"index":"noindex","follow":"nofollow"},"og_locale":"fr_FR","og_type":"article","og_title":"Tapis \u00e0 renifler Sunflower Kerbl - V\u00e9torino","og_description":"Le\u00a0Tapis Sunflower \u00e0 renifler Kerbl\u00a0permet \u00e0 votre compagnon canin de retrouver des friandises cach\u00e9es dans ce tapis \u00e0 l'aide de son odorat.  Le tapis Sunflower permet de stimuler la concentration de votre compagnon, afin que celui-ci mange moins vite.","og_url":"https:\/\/www.vetorino.com\/veterinaire\/sceaux-92330\/boutique\/product\/tapis-a-renifler-sunflower\/","og_site_name":"V\u00e9torino","article_publisher":"https:\/\/www.facebook.com\/Vetorino\/","article_modified_time":"2023-04-26T08:43:15+00:00","og_image":[{"width":558,"height":558,"url":"https:\/\/www.vetorino.com\/boutique\/wp-content\/uploads\/2023\/04\/tapis-a-renifler-sunflower-kerbl.jpg","type":"image\/jpeg"}],"twitter_card":"summary_large_image","twitter_misc":{"Prix":"15,45&euro;","Disponibilit\u00e9":"En stock"},"schema":{"@context":"https:\/\/schema.org","@graph":[{"@type":"WebPage","@id":"https:\/\/www.vetorino.com\/boutique\/product\/tapis-a-renifler-sunflower\/","url":"https:\/\/www.vetorino.com\/boutique\/product\/tapis-a-renifler-sunflower\/","name":"Tapis \u00e0 renifler Sunflower Kerbl - V\u00e9torino","isPartOf":{"@id":"https:\/\/www.vetorino.com\/boutique\/#website"},"primaryImageOfPage":{"@id":"https:\/\/www.vetorino.com\/boutique\/product\/tapis-a-renifler-sunflower\/#primaryimage"},"image":{"@id":"https:\/\/www.vetorino.com\/boutique\/product\/tapis-a-renifler-sunflower\/#primaryimage"},"thumbnailUrl":"https:\/\/www.vetorino.com\/boutique\/wp-content\/uploads\/2023\/04\/tapis-a-renifler-sunflower-kerbl.jpg","datePublished":"2023-04-26T08:32:35+00:00","dateModified":"2023-04-26T08:43:15+00:00","description":"Le\u00a0Tapis Sunflower \u00e0 renifler Kerbl\u00a0permet \u00e0 votre compagnon canin de retrouver des friandises cach\u00e9es dans ce tapis \u00e0 l'aide de son odorat. Le tapis Sunflower permet de stimuler la concentration de votre compagnon, afin que celui-ci mange moins vite.","breadcrumb":{"@id":"https:\/\/www.vetorino.com\/boutique\/product\/tapis-a-renifler-sunflower\/#breadcrumb"},"inLanguage":"fr-FR","potentialAction":[{"@type":"ReadAction","target":["https:\/\/www.vetorino.com\/boutique\/product\/tapis-a-renifler-sunflower\/"]}]},{"@type":"ImageObject","inLanguage":"fr-FR","@id":"https:\/\/www.vetorino.com\/boutique\/product\/tapis-a-renifler-sunflower\/#primaryimage","url":"https:\/\/www.vetorino.com\/boutique\/wp-content\/uploads\/2023\/04\/tapis-a-renifler-sunflower-kerbl.jpg","contentUrl":"https:\/\/www.vetorino.com\/boutique\/wp-content\/uploads\/2023\/04\/tapis-a-renifler-sunflower-kerbl.jpg","width":558,"height":558},{"@type":"BreadcrumbList","@id":"https:\/\/www.vetorino.com\/boutique\/product\/tapis-a-renifler-sunflower\/#breadcrumb","itemListElement":[{"@type":"ListItem","position":1,"name":"Accueil","item":"https:\/\/www.vetorino.com\/boutique\/"},{"@type":"ListItem","position":2,"name":"Produits","item":"https:\/\/www.vetorino.com\/boutique\/"},{"@type":"ListItem","position":3,"name":"Tapis \u00e0 renifler Sunflower"}]},{"@type":"WebSite","@id":"https:\/\/www.vetorino.com\/boutique\/#website","url":"https:\/\/www.vetorino.com\/boutique\/","name":"V\u00e9torino","description":"","publisher":{"@id":"https:\/\/www.vetorino.com\/boutique\/#organization"},"potentialAction":[{"@type":"SearchAction","target":{"@type":"EntryPoint","urlTemplate":"https:\/\/www.vetorino.com\/boutique\/?s={search_term_string}"},"query-input":{"@type":"PropertyValueSpecification","valueRequired":true,"valueName":"search_term_string"}}],"inLanguage":"fr-FR"},{"@type":"Organization","@id":"https:\/\/www.vetorino.com\/boutique\/#organization","name":"V\u00e9torino","url":"https:\/\/www.vetorino.com\/boutique\/","logo":{"@type":"ImageObject","inLanguage":"fr-FR","@id":"https:\/\/www.vetorino.com\/boutique\/#\/schema\/logo\/image\/","url":"https:\/\/www.vetorino.com\/boutique\/wp-content\/uploads\/2024\/10\/logo.jpg","contentUrl":"https:\/\/www.vetorino.com\/boutique\/wp-content\/uploads\/2024\/10\/logo.jpg","width":1200,"height":610,"caption":"V\u00e9torino"},"image":{"@id":"https:\/\/www.vetorino.com\/boutique\/#\/schema\/logo\/image\/"},"sameAs":["https:\/\/www.facebook.com\/Vetorino\/","https:\/\/www.instagram.com\/vetorino_off\/","https:\/\/www.linkedin.com\/company\/vtorino\/"]}]},"product_brand":"Kerbl","product_price_amount":"15.45","product_price_currency":"EUR","og_availability":"instock","product_availability":"instock","product_retailer_item_id":"O-805039","product_condition":"new"},"_links":{"self":[{"href":"https:\/\/www.vetorino.com\/veterinaire\/sceaux-92330\/boutique\/wp-json\/wp\/v2\/product\/602665","targetHints":{"allow":["GET"]}}],"collection":[{"href":"https:\/\/www.vetorino.com\/veterinaire\/sceaux-92330\/boutique\/wp-json\/wp\/v2\/product"}],"about":[{"href":"https:\/\/www.vetorino.com\/veterinaire\/sceaux-92330\/boutique\/wp-json\/wp\/v2\/types\/product"}],"wp:featuredmedia":[{"embeddable":true,"href":"https:\/\/www.vetorino.com\/veterinaire\/sceaux-92330\/boutique\/wp-json\/wp\/v2\/media\/602682"}],"wp:attachment":[{"href":"https:\/\/www.vetorino.com\/veterinaire\/sceaux-92330\/boutique\/wp-json\/wp\/v2\/media?parent=602665"}],"wp:term":[{"taxonomy":"product_cat","embeddable":true,"href":"https:\/\/www.vetorino.com\/veterinaire\/sceaux-92330\/boutique\/wp-json\/wp\/v2\/product_cat?post=602665"},{"taxonomy":"product_tag","embeddable":true,"href":"https:\/\/www.vetorino.com\/veterinaire\/sceaux-92330\/boutique\/wp-json\/wp\/v2\/product_tag?post=602665"}],"curies":[{"name":"wp","href":"https:\/\/api.w.org\/{rel}","templated":true}]}}