{"id":602671,"date":"2023-04-26T10:38:16","date_gmt":"2023-04-26T08:38:16","guid":{"rendered":"https:\/\/www.vetorino.com\/boutique\/?post_type=product&#038;p=602671"},"modified":"2023-04-26T10:53:43","modified_gmt":"2023-04-26T08:53:43","slug":"laisse-de-securite-pour-chien-pour-transport-voiture-zolux","status":"publish","type":"product","link":"https:\/\/www.vetorino.com\/veterinaire\/sceaux-92330\/boutique\/product\/laisse-de-securite-pour-chien-pour-transport-voiture-zolux\/","title":{"rendered":"Laisse de s\u00e9curit\u00e9 pour Chien pour transport voiture &#8211; Zolux"},"content":{"rendered":"<p>Longueur r\u00e9glable de 46 \u00e0 71cm.<\/p>\n<p>Largeur : 25 mm.<\/p>\n","protected":false},"excerpt":{"rendered":"<p>&nbsp;<\/p>\n<p>Cette laisse de s\u00e9curit\u00e9 permet d&#8217;attacher votre chien dans un v\u00e9hicule par son collier ou son harnais, en toute s\u00e9curit\u00e9, gr\u00e2ce \u00e0 sa boucle de type ceinture de s\u00e9curit\u00e9.<br \/>\nCelle-ci s&#8217;adapte dans presque tous les v\u00e9hicules (non adaptable sur les v\u00e9hicules de marque Volvo) et s&#8217;accroche de la m\u00eame mani\u00e8re qu&#8217;une ceinture de s\u00e9curit\u00e9, en un seul clic.<\/p>\n<ul>\n<li>S&#8217;adapte \u00e0 tout type de chien<\/li>\n<li>Syst\u00e8me clipsable avec boucle de ceinture de s\u00e9curit\u00e9<\/li>\n<li>Mati\u00e8re: Nylon tiss\u00e9<\/li>\n<\/ul>\n","protected":false},"featured_media":602692,"template":"","meta":[],"product_cat":[12550,2776,2698,2777,12596],"product_tag":[],"class_list":{"0":"post-602671","1":"product","2":"type-product","3":"status-publish","4":"has-post-thumbnail","6":"product_cat-accessoires-du-chien","7":"product_cat-cages-et-transport-pour-chien","8":"product_cat-chien","9":"product_cat-colliers-laisses-et-harnais-pour-chien","10":"product_cat-confort-du-chien","11":"pa_marque-zolux","13":"first","14":"instock","15":"taxable","16":"shipping-taxable","17":"purchasable","18":"product-type-variable"},"yoast_head":"<!-- This site is optimized with the Yoast SEO plugin v27.3 - https:\/\/yoast.com\/product\/yoast-seo-wordpress\/ -->\n<title>Laisse de s\u00e9curit\u00e9 pour Chien pour transport voiture - Zolux Zolux - V\u00e9torino<\/title>\n<meta name=\"description\" content=\"&nbsp;  Cette laisse de s\u00e9curit\u00e9 permet d&#039;attacher votre chien dans un v\u00e9hicule par son collier ou son harnais, en toute s\u00e9curit\u00e9, gr\u00e2ce \u00e0 sa boucle de type ceinture de s\u00e9curit\u00e9. Celle-ci s&#039;adapte dans presque tous les v\u00e9hicules (non adaptable sur les v\u00e9hicules de marque Volvo) et s&#039;accroche de la m\u00eame mani\u00e8re qu&#039;une ceinture de s\u00e9curit\u00e9, en un seul clic.   S&#039;adapte \u00e0 tout type de chien  Syst\u00e8me clipsable avec boucle de ceinture de s\u00e9curit\u00e9  Mati\u00e8re: Nylon tiss\u00e9\" \/>\n<meta name=\"robots\" content=\"noindex, nofollow\" \/>\n<meta property=\"og:locale\" content=\"fr_FR\" \/>\n<meta property=\"og:type\" content=\"article\" \/>\n<meta property=\"og:title\" content=\"Laisse de s\u00e9curit\u00e9 pour Chien pour transport voiture - Zolux Zolux - V\u00e9torino\" \/>\n<meta property=\"og:description\" content=\"&nbsp;  Cette laisse de s\u00e9curit\u00e9 permet d&#039;attacher votre chien dans un v\u00e9hicule par son collier ou son harnais, en toute s\u00e9curit\u00e9, gr\u00e2ce \u00e0 sa boucle de type ceinture de s\u00e9curit\u00e9. Celle-ci s&#039;adapte dans presque tous les v\u00e9hicules (non adaptable sur les v\u00e9hicules de marque Volvo) et s&#039;accroche de la m\u00eame mani\u00e8re qu&#039;une ceinture de s\u00e9curit\u00e9, en un seul clic.   S&#039;adapte \u00e0 tout type de chien  Syst\u00e8me clipsable avec boucle de ceinture de s\u00e9curit\u00e9  Mati\u00e8re: Nylon tiss\u00e9\" \/>\n<meta property=\"og:url\" content=\"https:\/\/www.vetorino.com\/veterinaire\/sceaux-92330\/boutique\/product\/laisse-de-securite-pour-chien-pour-transport-voiture-zolux\/\" \/>\n<meta property=\"og:site_name\" content=\"V\u00e9torino\" \/>\n<meta property=\"article:publisher\" content=\"https:\/\/www.facebook.com\/Vetorino\/\" \/>\n<meta property=\"article:modified_time\" content=\"2023-04-26T08:53:43+00:00\" \/>\n<meta property=\"og:image\" content=\"https:\/\/www.vetorino.com\/boutique\/wp-content\/uploads\/2023\/04\/Capture-decran-2023-04-26-a-10.42.29.png\" \/>\n\t<meta property=\"og:image:width\" content=\"1096\" \/>\n\t<meta property=\"og:image:height\" content=\"874\" \/>\n\t<meta property=\"og:image:type\" content=\"image\/png\" \/>\n<meta name=\"twitter:card\" content=\"summary_large_image\" \/>\n<meta name=\"twitter:label1\" content=\"Disponibilit\u00e9\" \/>\n\t<meta name=\"twitter:data1\" content=\"En stock\" \/>\n<script type=\"application\/ld+json\" class=\"yoast-schema-graph\">{\"@context\":\"https:\\\/\\\/schema.org\",\"@graph\":[{\"@type\":\"WebPage\",\"@id\":\"https:\\\/\\\/www.vetorino.com\\\/boutique\\\/product\\\/laisse-de-securite-pour-chien-pour-transport-voiture-zolux\\\/\",\"url\":\"https:\\\/\\\/www.vetorino.com\\\/boutique\\\/product\\\/laisse-de-securite-pour-chien-pour-transport-voiture-zolux\\\/\",\"name\":\"Laisse de s\u00e9curit\u00e9 pour Chien pour transport voiture - Zolux Zolux - V\u00e9torino\",\"isPartOf\":{\"@id\":\"https:\\\/\\\/www.vetorino.com\\\/boutique\\\/#website\"},\"primaryImageOfPage\":{\"@id\":\"https:\\\/\\\/www.vetorino.com\\\/boutique\\\/product\\\/laisse-de-securite-pour-chien-pour-transport-voiture-zolux\\\/#primaryimage\"},\"image\":{\"@id\":\"https:\\\/\\\/www.vetorino.com\\\/boutique\\\/product\\\/laisse-de-securite-pour-chien-pour-transport-voiture-zolux\\\/#primaryimage\"},\"thumbnailUrl\":\"https:\\\/\\\/www.vetorino.com\\\/boutique\\\/wp-content\\\/uploads\\\/2023\\\/04\\\/Capture-decran-2023-04-26-a-10.42.29.png\",\"datePublished\":\"2023-04-26T08:38:16+00:00\",\"dateModified\":\"2023-04-26T08:53:43+00:00\",\"description\":\"&nbsp; Cette laisse de s\u00e9curit\u00e9 permet d'attacher votre chien dans un v\u00e9hicule par son collier ou son harnais, en toute s\u00e9curit\u00e9, gr\u00e2ce \u00e0 sa boucle de type ceinture de s\u00e9curit\u00e9. Celle-ci s'adapte dans presque tous les v\u00e9hicules (non adaptable sur les v\u00e9hicules de marque Volvo) et s'accroche de la m\u00eame mani\u00e8re qu'une ceinture de s\u00e9curit\u00e9, en un seul clic. S'adapte \u00e0 tout type de chien Syst\u00e8me clipsable avec boucle de ceinture de s\u00e9curit\u00e9 Mati\u00e8re: Nylon tiss\u00e9\",\"breadcrumb\":{\"@id\":\"https:\\\/\\\/www.vetorino.com\\\/boutique\\\/product\\\/laisse-de-securite-pour-chien-pour-transport-voiture-zolux\\\/#breadcrumb\"},\"inLanguage\":\"fr-FR\",\"potentialAction\":[{\"@type\":\"ReadAction\",\"target\":[\"https:\\\/\\\/www.vetorino.com\\\/boutique\\\/product\\\/laisse-de-securite-pour-chien-pour-transport-voiture-zolux\\\/\"]}]},{\"@type\":\"ImageObject\",\"inLanguage\":\"fr-FR\",\"@id\":\"https:\\\/\\\/www.vetorino.com\\\/boutique\\\/product\\\/laisse-de-securite-pour-chien-pour-transport-voiture-zolux\\\/#primaryimage\",\"url\":\"https:\\\/\\\/www.vetorino.com\\\/boutique\\\/wp-content\\\/uploads\\\/2023\\\/04\\\/Capture-decran-2023-04-26-a-10.42.29.png\",\"contentUrl\":\"https:\\\/\\\/www.vetorino.com\\\/boutique\\\/wp-content\\\/uploads\\\/2023\\\/04\\\/Capture-decran-2023-04-26-a-10.42.29.png\",\"width\":1096,\"height\":874},{\"@type\":\"BreadcrumbList\",\"@id\":\"https:\\\/\\\/www.vetorino.com\\\/boutique\\\/product\\\/laisse-de-securite-pour-chien-pour-transport-voiture-zolux\\\/#breadcrumb\",\"itemListElement\":[{\"@type\":\"ListItem\",\"position\":1,\"name\":\"Accueil\",\"item\":\"https:\\\/\\\/www.vetorino.com\\\/boutique\\\/\"},{\"@type\":\"ListItem\",\"position\":2,\"name\":\"Produits\",\"item\":\"https:\\\/\\\/www.vetorino.com\\\/boutique\\\/\"},{\"@type\":\"ListItem\",\"position\":3,\"name\":\"Laisse de s\u00e9curit\u00e9 pour Chien pour transport voiture &#8211; Zolux\"}]},{\"@type\":\"WebSite\",\"@id\":\"https:\\\/\\\/www.vetorino.com\\\/boutique\\\/#website\",\"url\":\"https:\\\/\\\/www.vetorino.com\\\/boutique\\\/\",\"name\":\"V\u00e9torino\",\"description\":\"\",\"publisher\":{\"@id\":\"https:\\\/\\\/www.vetorino.com\\\/boutique\\\/#organization\"},\"potentialAction\":[{\"@type\":\"SearchAction\",\"target\":{\"@type\":\"EntryPoint\",\"urlTemplate\":\"https:\\\/\\\/www.vetorino.com\\\/boutique\\\/?s={search_term_string}\"},\"query-input\":{\"@type\":\"PropertyValueSpecification\",\"valueRequired\":true,\"valueName\":\"search_term_string\"}}],\"inLanguage\":\"fr-FR\"},{\"@type\":\"Organization\",\"@id\":\"https:\\\/\\\/www.vetorino.com\\\/boutique\\\/#organization\",\"name\":\"V\u00e9torino\",\"url\":\"https:\\\/\\\/www.vetorino.com\\\/boutique\\\/\",\"logo\":{\"@type\":\"ImageObject\",\"inLanguage\":\"fr-FR\",\"@id\":\"https:\\\/\\\/www.vetorino.com\\\/boutique\\\/#\\\/schema\\\/logo\\\/image\\\/\",\"url\":\"https:\\\/\\\/www.vetorino.com\\\/boutique\\\/wp-content\\\/uploads\\\/2024\\\/10\\\/logo.jpg\",\"contentUrl\":\"https:\\\/\\\/www.vetorino.com\\\/boutique\\\/wp-content\\\/uploads\\\/2024\\\/10\\\/logo.jpg\",\"width\":1200,\"height\":610,\"caption\":\"V\u00e9torino\"},\"image\":{\"@id\":\"https:\\\/\\\/www.vetorino.com\\\/boutique\\\/#\\\/schema\\\/logo\\\/image\\\/\"},\"sameAs\":[\"https:\\\/\\\/www.facebook.com\\\/Vetorino\\\/\",\"https:\\\/\\\/www.instagram.com\\\/vetorino_off\\\/\",\"https:\\\/\\\/www.linkedin.com\\\/company\\\/vtorino\\\/\"]}]}<\/script>\n<meta property=\"product:brand\" content=\"Zolux\" \/>\n<meta property=\"og:availability\" content=\"instock\" \/>\n<meta property=\"product:availability\" content=\"instock\" \/>\n<meta property=\"product:condition\" content=\"new\" \/>\n<!-- \/ Yoast SEO plugin. -->","yoast_head_json":{"title":"Laisse de s\u00e9curit\u00e9 pour Chien pour transport voiture - Zolux Zolux - V\u00e9torino","description":"&nbsp;  Cette laisse de s\u00e9curit\u00e9 permet d'attacher votre chien dans un v\u00e9hicule par son collier ou son harnais, en toute s\u00e9curit\u00e9, gr\u00e2ce \u00e0 sa boucle de type ceinture de s\u00e9curit\u00e9. Celle-ci s'adapte dans presque tous les v\u00e9hicules (non adaptable sur les v\u00e9hicules de marque Volvo) et s'accroche de la m\u00eame mani\u00e8re qu'une ceinture de s\u00e9curit\u00e9, en un seul clic.   S'adapte \u00e0 tout type de chien  Syst\u00e8me clipsable avec boucle de ceinture de s\u00e9curit\u00e9  Mati\u00e8re: Nylon tiss\u00e9","robots":{"index":"noindex","follow":"nofollow"},"og_locale":"fr_FR","og_type":"article","og_title":"Laisse de s\u00e9curit\u00e9 pour Chien pour transport voiture - Zolux Zolux - V\u00e9torino","og_description":"&nbsp;  Cette laisse de s\u00e9curit\u00e9 permet d'attacher votre chien dans un v\u00e9hicule par son collier ou son harnais, en toute s\u00e9curit\u00e9, gr\u00e2ce \u00e0 sa boucle de type ceinture de s\u00e9curit\u00e9. Celle-ci s'adapte dans presque tous les v\u00e9hicules (non adaptable sur les v\u00e9hicules de marque Volvo) et s'accroche de la m\u00eame mani\u00e8re qu'une ceinture de s\u00e9curit\u00e9, en un seul clic.   S'adapte \u00e0 tout type de chien  Syst\u00e8me clipsable avec boucle de ceinture de s\u00e9curit\u00e9  Mati\u00e8re: Nylon tiss\u00e9","og_url":"https:\/\/www.vetorino.com\/veterinaire\/sceaux-92330\/boutique\/product\/laisse-de-securite-pour-chien-pour-transport-voiture-zolux\/","og_site_name":"V\u00e9torino","article_publisher":"https:\/\/www.facebook.com\/Vetorino\/","article_modified_time":"2023-04-26T08:53:43+00:00","og_image":[{"width":1096,"height":874,"url":"https:\/\/www.vetorino.com\/boutique\/wp-content\/uploads\/2023\/04\/Capture-decran-2023-04-26-a-10.42.29.png","type":"image\/png"}],"twitter_card":"summary_large_image","twitter_misc":{"Disponibilit\u00e9":"En stock"},"schema":{"@context":"https:\/\/schema.org","@graph":[{"@type":"WebPage","@id":"https:\/\/www.vetorino.com\/boutique\/product\/laisse-de-securite-pour-chien-pour-transport-voiture-zolux\/","url":"https:\/\/www.vetorino.com\/boutique\/product\/laisse-de-securite-pour-chien-pour-transport-voiture-zolux\/","name":"Laisse de s\u00e9curit\u00e9 pour Chien pour transport voiture - Zolux Zolux - V\u00e9torino","isPartOf":{"@id":"https:\/\/www.vetorino.com\/boutique\/#website"},"primaryImageOfPage":{"@id":"https:\/\/www.vetorino.com\/boutique\/product\/laisse-de-securite-pour-chien-pour-transport-voiture-zolux\/#primaryimage"},"image":{"@id":"https:\/\/www.vetorino.com\/boutique\/product\/laisse-de-securite-pour-chien-pour-transport-voiture-zolux\/#primaryimage"},"thumbnailUrl":"https:\/\/www.vetorino.com\/boutique\/wp-content\/uploads\/2023\/04\/Capture-decran-2023-04-26-a-10.42.29.png","datePublished":"2023-04-26T08:38:16+00:00","dateModified":"2023-04-26T08:53:43+00:00","description":"&nbsp; Cette laisse de s\u00e9curit\u00e9 permet d'attacher votre chien dans un v\u00e9hicule par son collier ou son harnais, en toute s\u00e9curit\u00e9, gr\u00e2ce \u00e0 sa boucle de type ceinture de s\u00e9curit\u00e9. Celle-ci s'adapte dans presque tous les v\u00e9hicules (non adaptable sur les v\u00e9hicules de marque Volvo) et s'accroche de la m\u00eame mani\u00e8re qu'une ceinture de s\u00e9curit\u00e9, en un seul clic. S'adapte \u00e0 tout type de chien Syst\u00e8me clipsable avec boucle de ceinture de s\u00e9curit\u00e9 Mati\u00e8re: Nylon tiss\u00e9","breadcrumb":{"@id":"https:\/\/www.vetorino.com\/boutique\/product\/laisse-de-securite-pour-chien-pour-transport-voiture-zolux\/#breadcrumb"},"inLanguage":"fr-FR","potentialAction":[{"@type":"ReadAction","target":["https:\/\/www.vetorino.com\/boutique\/product\/laisse-de-securite-pour-chien-pour-transport-voiture-zolux\/"]}]},{"@type":"ImageObject","inLanguage":"fr-FR","@id":"https:\/\/www.vetorino.com\/boutique\/product\/laisse-de-securite-pour-chien-pour-transport-voiture-zolux\/#primaryimage","url":"https:\/\/www.vetorino.com\/boutique\/wp-content\/uploads\/2023\/04\/Capture-decran-2023-04-26-a-10.42.29.png","contentUrl":"https:\/\/www.vetorino.com\/boutique\/wp-content\/uploads\/2023\/04\/Capture-decran-2023-04-26-a-10.42.29.png","width":1096,"height":874},{"@type":"BreadcrumbList","@id":"https:\/\/www.vetorino.com\/boutique\/product\/laisse-de-securite-pour-chien-pour-transport-voiture-zolux\/#breadcrumb","itemListElement":[{"@type":"ListItem","position":1,"name":"Accueil","item":"https:\/\/www.vetorino.com\/boutique\/"},{"@type":"ListItem","position":2,"name":"Produits","item":"https:\/\/www.vetorino.com\/boutique\/"},{"@type":"ListItem","position":3,"name":"Laisse de s\u00e9curit\u00e9 pour Chien pour transport voiture &#8211; Zolux"}]},{"@type":"WebSite","@id":"https:\/\/www.vetorino.com\/boutique\/#website","url":"https:\/\/www.vetorino.com\/boutique\/","name":"V\u00e9torino","description":"","publisher":{"@id":"https:\/\/www.vetorino.com\/boutique\/#organization"},"potentialAction":[{"@type":"SearchAction","target":{"@type":"EntryPoint","urlTemplate":"https:\/\/www.vetorino.com\/boutique\/?s={search_term_string}"},"query-input":{"@type":"PropertyValueSpecification","valueRequired":true,"valueName":"search_term_string"}}],"inLanguage":"fr-FR"},{"@type":"Organization","@id":"https:\/\/www.vetorino.com\/boutique\/#organization","name":"V\u00e9torino","url":"https:\/\/www.vetorino.com\/boutique\/","logo":{"@type":"ImageObject","inLanguage":"fr-FR","@id":"https:\/\/www.vetorino.com\/boutique\/#\/schema\/logo\/image\/","url":"https:\/\/www.vetorino.com\/boutique\/wp-content\/uploads\/2024\/10\/logo.jpg","contentUrl":"https:\/\/www.vetorino.com\/boutique\/wp-content\/uploads\/2024\/10\/logo.jpg","width":1200,"height":610,"caption":"V\u00e9torino"},"image":{"@id":"https:\/\/www.vetorino.com\/boutique\/#\/schema\/logo\/image\/"},"sameAs":["https:\/\/www.facebook.com\/Vetorino\/","https:\/\/www.instagram.com\/vetorino_off\/","https:\/\/www.linkedin.com\/company\/vtorino\/"]}]},"product_brand":"Zolux","og_availability":"instock","product_availability":"instock","product_condition":"new"},"_links":{"self":[{"href":"https:\/\/www.vetorino.com\/veterinaire\/sceaux-92330\/boutique\/wp-json\/wp\/v2\/product\/602671","targetHints":{"allow":["GET"]}}],"collection":[{"href":"https:\/\/www.vetorino.com\/veterinaire\/sceaux-92330\/boutique\/wp-json\/wp\/v2\/product"}],"about":[{"href":"https:\/\/www.vetorino.com\/veterinaire\/sceaux-92330\/boutique\/wp-json\/wp\/v2\/types\/product"}],"wp:featuredmedia":[{"embeddable":true,"href":"https:\/\/www.vetorino.com\/veterinaire\/sceaux-92330\/boutique\/wp-json\/wp\/v2\/media\/602692"}],"wp:attachment":[{"href":"https:\/\/www.vetorino.com\/veterinaire\/sceaux-92330\/boutique\/wp-json\/wp\/v2\/media?parent=602671"}],"wp:term":[{"taxonomy":"product_cat","embeddable":true,"href":"https:\/\/www.vetorino.com\/veterinaire\/sceaux-92330\/boutique\/wp-json\/wp\/v2\/product_cat?post=602671"},{"taxonomy":"product_tag","embeddable":true,"href":"https:\/\/www.vetorino.com\/veterinaire\/sceaux-92330\/boutique\/wp-json\/wp\/v2\/product_tag?post=602671"}],"curies":[{"name":"wp","href":"https:\/\/api.w.org\/{rel}","templated":true}]}}