{"id":603006,"date":"2023-04-26T15:54:06","date_gmt":"2023-04-26T13:54:06","guid":{"rendered":"https:\/\/www.vetorino.com\/boutique\/?post_type=product&#038;p=603006"},"modified":"2023-04-26T15:59:49","modified_gmt":"2023-04-26T13:59:49","slug":"jouet-kong-softseas-poulpe-pour-chien","status":"publish","type":"product","link":"https:\/\/www.vetorino.com\/veterinaire\/sceaux-92330\/boutique\/product\/jouet-kong-softseas-poulpe-pour-chien\/","title":{"rendered":"Jouet KONG SoftSeas Poulpe pour chien"},"content":{"rendered":"<p>Cette peluche en forme de pieuvre de couleur lilas poss\u00e8de une surface toute douce qui invite aux c\u00e2lins, mais aussi du\u00a0<strong>papier bruissant et un couinement\u00a0<\/strong>qui ne manquera pas de divertir votre chien et de\u00a0<b>l&#8217;occuper pendant des heures<\/b>. Les yeux sont cousus et ce jouet ne poss\u00e8de pas de petits morceaux susceptibles d&#8217;\u00eatre aval\u00e9s. Il est donc id\u00e9al pour divertir les petits et les grands chiens.<\/p>\n<p><strong>Caract\u00e9ristiques du jouet KONG SoftSeas Poulpe pour chien :<\/strong><\/p>\n<ul>\n<li>jouet rigolo en forme de poulpe pour les chiots et les chiens<\/li>\n<li><strong>forme amusante :\u00a0<\/strong>longues tentacules \u00e0 secouer, id\u00e9ales pour \u00e9veiller\u00a0l&#8217;instinct de chasseur du chien<\/li>\n<li><strong>mat\u00e9riaux captivants :\u00a0<\/strong>surface toute douce id\u00e9ale pour les c\u00e2lins, jouet garni de papier bruissant qui incite au jeu<\/li>\n<li><strong>couinement int\u00e9gr\u00e9 :<\/strong>\u00a0provoque la surprise, rend le jouet encore plus int\u00e9ressant aux yeux du chien<\/li>\n<li>encourage le chien \u00e0 jouer seul : pour l&#8217;occuper pendant des heures<\/li>\n<li>yeux cousus : ce jouet ne comporte pas de morceaux susceptibles d&#8217;\u00eatre aval\u00e9s<\/li>\n<li>jouet KONG de grande qualit\u00e9<\/li>\n<li><strong>coloris :<\/strong>\u00a0lilas<\/li>\n<li><strong>mat\u00e9riaux :\u00a0<\/strong>72 % de polyester, 15 % de polyur\u00e9thane, 8 % de plastique (couinement), 5 % de papier bruissant<\/li>\n<li><strong>dimensions totales :<\/strong>\u00a0H 8,9 x 27,3 cm de diam\u00e8tre<\/li>\n<\/ul>\n<p><b>Attention\u00a0:<\/b>\u00a0veuillez toujours surveiller votre animal lorsqu&#8217;il s&#8217;amuse avec un jouet. Bien v\u00e9rifier que le jouet n\u2019est pas ab\u00eem\u00e9 ou que des petits morceaux n\u2019ont pas \u00e9t\u00e9 arrach\u00e9s. Si le jouet est endommag\u00e9, mettez-le aussit\u00f4t hors de port\u00e9e de votre animal. Nous vous conseillons fortement de remplacer imm\u00e9diatement le jouet afin d&#8217;\u00e9viter toute blessure.<\/p>\n","protected":false},"excerpt":{"rendered":"<p>Quel est donc cet animal venu des profondeurs de l&#8217;oc\u00e9an qui s&#8217;est perdu au milieu de votre salon ? Ce visiteur semble \u00eatre tr\u00e8s int\u00e9ressant ! Le jouet KONG SoftSeas Poulpe est un camarade de jeu tr\u00e8s mignon et divertissant, que votre chien se fera un plaisir\u00a0<strong>d&#8217;attraper, de secouer et de c\u00e2liner<\/strong>.<\/p>\n","protected":false},"featured_media":603011,"template":"","meta":[],"product_cat":[12550,2698,12621,2805],"product_tag":[],"class_list":{"0":"post-603006","1":"product","2":"type-product","3":"status-publish","4":"has-post-thumbnail","6":"product_cat-accessoires-du-chien","7":"product_cat-chien","8":"product_cat-jeux-educatifs-pour-chien","9":"product_cat-peluches-pour-chien","10":"pa_marque-kong","12":"first","13":"instock","14":"taxable","15":"shipping-taxable","16":"purchasable","17":"product-type-variable"},"yoast_head":"<!-- This site is optimized with the Yoast SEO plugin v27.3 - https:\/\/yoast.com\/product\/yoast-seo-wordpress\/ -->\n<title>Jouet KONG SoftSeas Poulpe pour chien Kong - V\u00e9torino<\/title>\n<meta name=\"description\" content=\"Quel est donc cet animal venu des profondeurs de l&#039;oc\u00e9an qui s&#039;est perdu au milieu de votre salon ? Ce visiteur semble \u00eatre tr\u00e8s int\u00e9ressant ! Le jouet KONG SoftSeas Poulpe est un camarade de jeu tr\u00e8s mignon et divertissant, que votre chien se fera un plaisir\u00a0d&#039;attraper, de secouer et de c\u00e2liner.\" \/>\n<meta name=\"robots\" content=\"noindex, nofollow\" \/>\n<meta property=\"og:locale\" content=\"fr_FR\" \/>\n<meta property=\"og:type\" content=\"article\" \/>\n<meta property=\"og:title\" content=\"Jouet KONG SoftSeas Poulpe pour chien Kong - V\u00e9torino\" \/>\n<meta property=\"og:description\" content=\"Quel est donc cet animal venu des profondeurs de l&#039;oc\u00e9an qui s&#039;est perdu au milieu de votre salon ? Ce visiteur semble \u00eatre tr\u00e8s int\u00e9ressant ! Le jouet KONG SoftSeas Poulpe est un camarade de jeu tr\u00e8s mignon et divertissant, que votre chien se fera un plaisir\u00a0d&#039;attraper, de secouer et de c\u00e2liner.\" \/>\n<meta property=\"og:url\" content=\"https:\/\/www.vetorino.com\/veterinaire\/sceaux-92330\/boutique\/product\/jouet-kong-softseas-poulpe-pour-chien\/\" \/>\n<meta property=\"og:site_name\" content=\"V\u00e9torino\" \/>\n<meta property=\"article:publisher\" content=\"https:\/\/www.facebook.com\/Vetorino\/\" \/>\n<meta property=\"article:modified_time\" content=\"2023-04-26T13:59:49+00:00\" \/>\n<meta property=\"og:image\" content=\"https:\/\/www.vetorino.com\/boutique\/wp-content\/uploads\/2023\/04\/203499_pla_kong_softseas_octopus_large_hs_01_2.jpeg\" \/>\n\t<meta property=\"og:image:width\" content=\"800\" \/>\n\t<meta property=\"og:image:height\" content=\"800\" \/>\n\t<meta property=\"og:image:type\" content=\"image\/jpeg\" \/>\n<meta name=\"twitter:card\" content=\"summary_large_image\" \/>\n<meta name=\"twitter:label1\" content=\"Disponibilit\u00e9\" \/>\n\t<meta name=\"twitter:data1\" content=\"En stock\" \/>\n<script type=\"application\/ld+json\" class=\"yoast-schema-graph\">{\"@context\":\"https:\\\/\\\/schema.org\",\"@graph\":[{\"@type\":\"WebPage\",\"@id\":\"https:\\\/\\\/www.vetorino.com\\\/boutique\\\/product\\\/jouet-kong-softseas-poulpe-pour-chien\\\/\",\"url\":\"https:\\\/\\\/www.vetorino.com\\\/boutique\\\/product\\\/jouet-kong-softseas-poulpe-pour-chien\\\/\",\"name\":\"Jouet KONG SoftSeas Poulpe pour chien Kong - V\u00e9torino\",\"isPartOf\":{\"@id\":\"https:\\\/\\\/www.vetorino.com\\\/boutique\\\/#website\"},\"primaryImageOfPage\":{\"@id\":\"https:\\\/\\\/www.vetorino.com\\\/boutique\\\/product\\\/jouet-kong-softseas-poulpe-pour-chien\\\/#primaryimage\"},\"image\":{\"@id\":\"https:\\\/\\\/www.vetorino.com\\\/boutique\\\/product\\\/jouet-kong-softseas-poulpe-pour-chien\\\/#primaryimage\"},\"thumbnailUrl\":\"https:\\\/\\\/www.vetorino.com\\\/boutique\\\/wp-content\\\/uploads\\\/2023\\\/04\\\/203499_pla_kong_softseas_octopus_large_hs_01_2.jpeg\",\"datePublished\":\"2023-04-26T13:54:06+00:00\",\"dateModified\":\"2023-04-26T13:59:49+00:00\",\"description\":\"Quel est donc cet animal venu des profondeurs de l'oc\u00e9an qui s'est perdu au milieu de votre salon ? Ce visiteur semble \u00eatre tr\u00e8s int\u00e9ressant ! Le jouet KONG SoftSeas Poulpe est un camarade de jeu tr\u00e8s mignon et divertissant, que votre chien se fera un plaisir\u00a0d'attraper, de secouer et de c\u00e2liner.\",\"breadcrumb\":{\"@id\":\"https:\\\/\\\/www.vetorino.com\\\/boutique\\\/product\\\/jouet-kong-softseas-poulpe-pour-chien\\\/#breadcrumb\"},\"inLanguage\":\"fr-FR\",\"potentialAction\":[{\"@type\":\"ReadAction\",\"target\":[\"https:\\\/\\\/www.vetorino.com\\\/boutique\\\/product\\\/jouet-kong-softseas-poulpe-pour-chien\\\/\"]}]},{\"@type\":\"ImageObject\",\"inLanguage\":\"fr-FR\",\"@id\":\"https:\\\/\\\/www.vetorino.com\\\/boutique\\\/product\\\/jouet-kong-softseas-poulpe-pour-chien\\\/#primaryimage\",\"url\":\"https:\\\/\\\/www.vetorino.com\\\/boutique\\\/wp-content\\\/uploads\\\/2023\\\/04\\\/203499_pla_kong_softseas_octopus_large_hs_01_2.jpeg\",\"contentUrl\":\"https:\\\/\\\/www.vetorino.com\\\/boutique\\\/wp-content\\\/uploads\\\/2023\\\/04\\\/203499_pla_kong_softseas_octopus_large_hs_01_2.jpeg\",\"width\":800,\"height\":800},{\"@type\":\"BreadcrumbList\",\"@id\":\"https:\\\/\\\/www.vetorino.com\\\/boutique\\\/product\\\/jouet-kong-softseas-poulpe-pour-chien\\\/#breadcrumb\",\"itemListElement\":[{\"@type\":\"ListItem\",\"position\":1,\"name\":\"Accueil\",\"item\":\"https:\\\/\\\/www.vetorino.com\\\/boutique\\\/\"},{\"@type\":\"ListItem\",\"position\":2,\"name\":\"Produits\",\"item\":\"https:\\\/\\\/www.vetorino.com\\\/boutique\\\/\"},{\"@type\":\"ListItem\",\"position\":3,\"name\":\"Jouet KONG SoftSeas Poulpe pour chien\"}]},{\"@type\":\"WebSite\",\"@id\":\"https:\\\/\\\/www.vetorino.com\\\/boutique\\\/#website\",\"url\":\"https:\\\/\\\/www.vetorino.com\\\/boutique\\\/\",\"name\":\"V\u00e9torino\",\"description\":\"\",\"publisher\":{\"@id\":\"https:\\\/\\\/www.vetorino.com\\\/boutique\\\/#organization\"},\"potentialAction\":[{\"@type\":\"SearchAction\",\"target\":{\"@type\":\"EntryPoint\",\"urlTemplate\":\"https:\\\/\\\/www.vetorino.com\\\/boutique\\\/?s={search_term_string}\"},\"query-input\":{\"@type\":\"PropertyValueSpecification\",\"valueRequired\":true,\"valueName\":\"search_term_string\"}}],\"inLanguage\":\"fr-FR\"},{\"@type\":\"Organization\",\"@id\":\"https:\\\/\\\/www.vetorino.com\\\/boutique\\\/#organization\",\"name\":\"V\u00e9torino\",\"url\":\"https:\\\/\\\/www.vetorino.com\\\/boutique\\\/\",\"logo\":{\"@type\":\"ImageObject\",\"inLanguage\":\"fr-FR\",\"@id\":\"https:\\\/\\\/www.vetorino.com\\\/boutique\\\/#\\\/schema\\\/logo\\\/image\\\/\",\"url\":\"https:\\\/\\\/www.vetorino.com\\\/boutique\\\/wp-content\\\/uploads\\\/2024\\\/10\\\/logo.jpg\",\"contentUrl\":\"https:\\\/\\\/www.vetorino.com\\\/boutique\\\/wp-content\\\/uploads\\\/2024\\\/10\\\/logo.jpg\",\"width\":1200,\"height\":610,\"caption\":\"V\u00e9torino\"},\"image\":{\"@id\":\"https:\\\/\\\/www.vetorino.com\\\/boutique\\\/#\\\/schema\\\/logo\\\/image\\\/\"},\"sameAs\":[\"https:\\\/\\\/www.facebook.com\\\/Vetorino\\\/\",\"https:\\\/\\\/www.instagram.com\\\/vetorino_off\\\/\",\"https:\\\/\\\/www.linkedin.com\\\/company\\\/vtorino\\\/\"]}]}<\/script>\n<meta property=\"product:brand\" content=\"Kong\" \/>\n<meta property=\"og:availability\" content=\"instock\" \/>\n<meta property=\"product:availability\" content=\"instock\" \/>\n<meta property=\"product:condition\" content=\"new\" \/>\n<!-- \/ Yoast SEO plugin. -->","yoast_head_json":{"title":"Jouet KONG SoftSeas Poulpe pour chien Kong - V\u00e9torino","description":"Quel est donc cet animal venu des profondeurs de l'oc\u00e9an qui s'est perdu au milieu de votre salon ? Ce visiteur semble \u00eatre tr\u00e8s int\u00e9ressant ! Le jouet KONG SoftSeas Poulpe est un camarade de jeu tr\u00e8s mignon et divertissant, que votre chien se fera un plaisir\u00a0d'attraper, de secouer et de c\u00e2liner.","robots":{"index":"noindex","follow":"nofollow"},"og_locale":"fr_FR","og_type":"article","og_title":"Jouet KONG SoftSeas Poulpe pour chien Kong - V\u00e9torino","og_description":"Quel est donc cet animal venu des profondeurs de l'oc\u00e9an qui s'est perdu au milieu de votre salon ? Ce visiteur semble \u00eatre tr\u00e8s int\u00e9ressant ! Le jouet KONG SoftSeas Poulpe est un camarade de jeu tr\u00e8s mignon et divertissant, que votre chien se fera un plaisir\u00a0d'attraper, de secouer et de c\u00e2liner.","og_url":"https:\/\/www.vetorino.com\/veterinaire\/sceaux-92330\/boutique\/product\/jouet-kong-softseas-poulpe-pour-chien\/","og_site_name":"V\u00e9torino","article_publisher":"https:\/\/www.facebook.com\/Vetorino\/","article_modified_time":"2023-04-26T13:59:49+00:00","og_image":[{"width":800,"height":800,"url":"https:\/\/www.vetorino.com\/boutique\/wp-content\/uploads\/2023\/04\/203499_pla_kong_softseas_octopus_large_hs_01_2.jpeg","type":"image\/jpeg"}],"twitter_card":"summary_large_image","twitter_misc":{"Disponibilit\u00e9":"En stock"},"schema":{"@context":"https:\/\/schema.org","@graph":[{"@type":"WebPage","@id":"https:\/\/www.vetorino.com\/boutique\/product\/jouet-kong-softseas-poulpe-pour-chien\/","url":"https:\/\/www.vetorino.com\/boutique\/product\/jouet-kong-softseas-poulpe-pour-chien\/","name":"Jouet KONG SoftSeas Poulpe pour chien Kong - V\u00e9torino","isPartOf":{"@id":"https:\/\/www.vetorino.com\/boutique\/#website"},"primaryImageOfPage":{"@id":"https:\/\/www.vetorino.com\/boutique\/product\/jouet-kong-softseas-poulpe-pour-chien\/#primaryimage"},"image":{"@id":"https:\/\/www.vetorino.com\/boutique\/product\/jouet-kong-softseas-poulpe-pour-chien\/#primaryimage"},"thumbnailUrl":"https:\/\/www.vetorino.com\/boutique\/wp-content\/uploads\/2023\/04\/203499_pla_kong_softseas_octopus_large_hs_01_2.jpeg","datePublished":"2023-04-26T13:54:06+00:00","dateModified":"2023-04-26T13:59:49+00:00","description":"Quel est donc cet animal venu des profondeurs de l'oc\u00e9an qui s'est perdu au milieu de votre salon ? Ce visiteur semble \u00eatre tr\u00e8s int\u00e9ressant ! Le jouet KONG SoftSeas Poulpe est un camarade de jeu tr\u00e8s mignon et divertissant, que votre chien se fera un plaisir\u00a0d'attraper, de secouer et de c\u00e2liner.","breadcrumb":{"@id":"https:\/\/www.vetorino.com\/boutique\/product\/jouet-kong-softseas-poulpe-pour-chien\/#breadcrumb"},"inLanguage":"fr-FR","potentialAction":[{"@type":"ReadAction","target":["https:\/\/www.vetorino.com\/boutique\/product\/jouet-kong-softseas-poulpe-pour-chien\/"]}]},{"@type":"ImageObject","inLanguage":"fr-FR","@id":"https:\/\/www.vetorino.com\/boutique\/product\/jouet-kong-softseas-poulpe-pour-chien\/#primaryimage","url":"https:\/\/www.vetorino.com\/boutique\/wp-content\/uploads\/2023\/04\/203499_pla_kong_softseas_octopus_large_hs_01_2.jpeg","contentUrl":"https:\/\/www.vetorino.com\/boutique\/wp-content\/uploads\/2023\/04\/203499_pla_kong_softseas_octopus_large_hs_01_2.jpeg","width":800,"height":800},{"@type":"BreadcrumbList","@id":"https:\/\/www.vetorino.com\/boutique\/product\/jouet-kong-softseas-poulpe-pour-chien\/#breadcrumb","itemListElement":[{"@type":"ListItem","position":1,"name":"Accueil","item":"https:\/\/www.vetorino.com\/boutique\/"},{"@type":"ListItem","position":2,"name":"Produits","item":"https:\/\/www.vetorino.com\/boutique\/"},{"@type":"ListItem","position":3,"name":"Jouet KONG SoftSeas Poulpe pour chien"}]},{"@type":"WebSite","@id":"https:\/\/www.vetorino.com\/boutique\/#website","url":"https:\/\/www.vetorino.com\/boutique\/","name":"V\u00e9torino","description":"","publisher":{"@id":"https:\/\/www.vetorino.com\/boutique\/#organization"},"potentialAction":[{"@type":"SearchAction","target":{"@type":"EntryPoint","urlTemplate":"https:\/\/www.vetorino.com\/boutique\/?s={search_term_string}"},"query-input":{"@type":"PropertyValueSpecification","valueRequired":true,"valueName":"search_term_string"}}],"inLanguage":"fr-FR"},{"@type":"Organization","@id":"https:\/\/www.vetorino.com\/boutique\/#organization","name":"V\u00e9torino","url":"https:\/\/www.vetorino.com\/boutique\/","logo":{"@type":"ImageObject","inLanguage":"fr-FR","@id":"https:\/\/www.vetorino.com\/boutique\/#\/schema\/logo\/image\/","url":"https:\/\/www.vetorino.com\/boutique\/wp-content\/uploads\/2024\/10\/logo.jpg","contentUrl":"https:\/\/www.vetorino.com\/boutique\/wp-content\/uploads\/2024\/10\/logo.jpg","width":1200,"height":610,"caption":"V\u00e9torino"},"image":{"@id":"https:\/\/www.vetorino.com\/boutique\/#\/schema\/logo\/image\/"},"sameAs":["https:\/\/www.facebook.com\/Vetorino\/","https:\/\/www.instagram.com\/vetorino_off\/","https:\/\/www.linkedin.com\/company\/vtorino\/"]}]},"product_brand":"Kong","og_availability":"instock","product_availability":"instock","product_condition":"new"},"_links":{"self":[{"href":"https:\/\/www.vetorino.com\/veterinaire\/sceaux-92330\/boutique\/wp-json\/wp\/v2\/product\/603006","targetHints":{"allow":["GET"]}}],"collection":[{"href":"https:\/\/www.vetorino.com\/veterinaire\/sceaux-92330\/boutique\/wp-json\/wp\/v2\/product"}],"about":[{"href":"https:\/\/www.vetorino.com\/veterinaire\/sceaux-92330\/boutique\/wp-json\/wp\/v2\/types\/product"}],"wp:featuredmedia":[{"embeddable":true,"href":"https:\/\/www.vetorino.com\/veterinaire\/sceaux-92330\/boutique\/wp-json\/wp\/v2\/media\/603011"}],"wp:attachment":[{"href":"https:\/\/www.vetorino.com\/veterinaire\/sceaux-92330\/boutique\/wp-json\/wp\/v2\/media?parent=603006"}],"wp:term":[{"taxonomy":"product_cat","embeddable":true,"href":"https:\/\/www.vetorino.com\/veterinaire\/sceaux-92330\/boutique\/wp-json\/wp\/v2\/product_cat?post=603006"},{"taxonomy":"product_tag","embeddable":true,"href":"https:\/\/www.vetorino.com\/veterinaire\/sceaux-92330\/boutique\/wp-json\/wp\/v2\/product_tag?post=603006"}],"curies":[{"name":"wp","href":"https:\/\/api.w.org\/{rel}","templated":true}]}}