{"id":607527,"date":"2023-05-03T14:25:55","date_gmt":"2023-05-03T12:25:55","guid":{"rendered":"https:\/\/www.vetorino.com\/boutique\/?post_type=product&#038;p=607527"},"modified":"2024-05-02T11:54:51","modified_gmt":"2024-05-02T09:54:51","slug":"laisse-etoile-noir","status":"publish","type":"product","link":"https:\/\/www.vetorino.com\/veterinaire\/sceaux-92330\/boutique\/product\/laisse-etoile-noir\/","title":{"rendered":"Laisse \u00e9toile"},"content":{"rendered":"<p>Pour vous d\u00e9placer avec votre animal de compagnie, utilisez la laisse \u00e9toile de couleur Noir. Cet accessoire est non seulement r\u00e9sistant, mais aussi tr\u00e8s esth\u00e9tique puisqu\u2019il poss\u00e8de des imprim\u00e9s originaux.<\/p>\n<p><strong>Promenez-vous en toute s\u00e9curit\u00e9 avec votre chien<\/strong>, quel que soit son \u00e2ge, en vous servant de ce produit de la marque Wouapy. Gardez le contr\u00f4le sur votre animal en le maintenant \u00e0 une distance de s\u00e9curit\u00e9, ce qui permet d\u2019\u00e9viter les fugues ou les interactions d\u00e9sagr\u00e9ables.<\/p>\n<p>Gr\u00e2ce \u00e0 sa sangle en nylon avec des \u00e9toiles et son \u00e9tiquette tiss\u00e9e, la laisse pour chiens est visible et facilement reconnaissable. Elle dispose d\u2019une boucle en m\u00e9tal avec fermeture de s\u00fbret\u00e9 qui est tr\u00e8s facile \u00e0 ouvrir et fermer. Attachez la laisse au collier en quelques secondes. Le produit est d\u2019ailleurs compatible avec les colliers Wouapy.<\/p>\n<p>La laisse pour chien est r\u00e9sistante. Adapt\u00e9e aux activit\u00e9s en ext\u00e9rieur, elle favorise les d\u00e9placements s\u00e9curis\u00e9s. Elle est agr\u00e9able au toucher pour le ma\u00eetre et ne contient pas d\u2019allerg\u00e8ne. Cet accessoire peut servir au loisir comme la marche en laisse ainsi qu\u2019au dressage.<\/p>\n<p><strong>LES PLUS PRODUIT :\u00a0<\/strong><\/p>\n<ul>\n<li>Boucle m\u00e9tallique solide<\/li>\n<li>Fermeture s\u00e9curis\u00e9e<\/li>\n<li>Laisse en nylon<\/li>\n<li>Adapt\u00e9 aux promenades<\/li>\n<li>Sangle avec motifs d\u2019\u00e9toiles<\/li>\n<\/ul>\n","protected":false},"excerpt":{"rendered":"<p><strong>Promenez-vous en toute s\u00e9curit\u00e9 avec votre chien<\/strong>, quel que soit son \u00e2ge, en vous servant de ce produit de la marque Wouapy. Gardez le contr\u00f4le sur votre animal en le maintenant \u00e0 une distance de s\u00e9curit\u00e9, ce qui permet d\u2019\u00e9viter les fugues ou les interactions d\u00e9sagr\u00e9ables.<\/p>\n","protected":false},"featured_media":607455,"template":"","meta":[],"product_cat":[12550,2698,2777],"product_tag":[],"class_list":{"0":"post-607527","1":"product","2":"type-product","3":"status-publish","4":"has-post-thumbnail","6":"product_cat-accessoires-du-chien","7":"product_cat-chien","8":"product_cat-colliers-laisses-et-harnais-pour-chien","9":"pa_marque-wouapy","11":"first","12":"instock","13":"taxable","14":"shipping-taxable","15":"purchasable","16":"product-type-variable"},"yoast_head":"<!-- This site is optimized with the Yoast SEO plugin v27.3 - https:\/\/yoast.com\/product\/yoast-seo-wordpress\/ -->\n<title>Laisse \u00e9toile Wouapy - V\u00e9torino<\/title>\n<meta name=\"description\" content=\"Promenez-vous en toute s\u00e9curit\u00e9 avec votre chien, quel que soit son \u00e2ge, en vous servant de ce produit de la marque Wouapy. Gardez le contr\u00f4le sur votre animal en le maintenant \u00e0 une distance de s\u00e9curit\u00e9, ce qui permet d\u2019\u00e9viter les fugues ou les interactions d\u00e9sagr\u00e9ables.\" \/>\n<meta name=\"robots\" content=\"noindex, nofollow\" \/>\n<meta property=\"og:locale\" content=\"fr_FR\" \/>\n<meta property=\"og:type\" content=\"article\" \/>\n<meta property=\"og:title\" content=\"Laisse \u00e9toile Wouapy - V\u00e9torino\" \/>\n<meta property=\"og:description\" content=\"Promenez-vous en toute s\u00e9curit\u00e9 avec votre chien, quel que soit son \u00e2ge, en vous servant de ce produit de la marque Wouapy. Gardez le contr\u00f4le sur votre animal en le maintenant \u00e0 une distance de s\u00e9curit\u00e9, ce qui permet d\u2019\u00e9viter les fugues ou les interactions d\u00e9sagr\u00e9ables.\" \/>\n<meta property=\"og:url\" content=\"https:\/\/www.vetorino.com\/veterinaire\/sceaux-92330\/boutique\/product\/laisse-etoile-noir\/\" \/>\n<meta property=\"og:site_name\" content=\"V\u00e9torino\" \/>\n<meta property=\"article:publisher\" content=\"https:\/\/www.facebook.com\/Vetorino\/\" \/>\n<meta property=\"article:modified_time\" content=\"2024-05-02T09:54:51+00:00\" \/>\n<meta property=\"og:image\" content=\"https:\/\/www.vetorino.com\/boutique\/wp-content\/uploads\/2023\/05\/Capture-decran-2023-05-03-a-12.15.43.png\" \/>\n\t<meta property=\"og:image:width\" content=\"1382\" \/>\n\t<meta property=\"og:image:height\" content=\"972\" \/>\n\t<meta property=\"og:image:type\" content=\"image\/png\" \/>\n<meta name=\"twitter:card\" content=\"summary_large_image\" \/>\n<meta name=\"twitter:label1\" content=\"Disponibilit\u00e9\" \/>\n\t<meta name=\"twitter:data1\" content=\"En stock\" \/>\n<script type=\"application\/ld+json\" class=\"yoast-schema-graph\">{\"@context\":\"https:\\\/\\\/schema.org\",\"@graph\":[{\"@type\":\"WebPage\",\"@id\":\"https:\\\/\\\/www.vetorino.com\\\/veterinaire\\\/brulon-72350\\\/boutique\\\/product\\\/laisse-etoile-noir\\\/\",\"url\":\"https:\\\/\\\/www.vetorino.com\\\/veterinaire\\\/brulon-72350\\\/boutique\\\/product\\\/laisse-etoile-noir\\\/\",\"name\":\"Laisse \u00e9toile Wouapy - V\u00e9torino\",\"isPartOf\":{\"@id\":\"https:\\\/\\\/www.vetorino.com\\\/boutique\\\/#website\"},\"primaryImageOfPage\":{\"@id\":\"https:\\\/\\\/www.vetorino.com\\\/veterinaire\\\/brulon-72350\\\/boutique\\\/product\\\/laisse-etoile-noir\\\/#primaryimage\"},\"image\":{\"@id\":\"https:\\\/\\\/www.vetorino.com\\\/veterinaire\\\/brulon-72350\\\/boutique\\\/product\\\/laisse-etoile-noir\\\/#primaryimage\"},\"thumbnailUrl\":\"https:\\\/\\\/www.vetorino.com\\\/boutique\\\/wp-content\\\/uploads\\\/2023\\\/05\\\/Capture-decran-2023-05-03-a-12.15.43.png\",\"datePublished\":\"2023-05-03T12:25:55+00:00\",\"dateModified\":\"2024-05-02T09:54:51+00:00\",\"description\":\"Promenez-vous en toute s\u00e9curit\u00e9 avec votre chien, quel que soit son \u00e2ge, en vous servant de ce produit de la marque Wouapy. Gardez le contr\u00f4le sur votre animal en le maintenant \u00e0 une distance de s\u00e9curit\u00e9, ce qui permet d\u2019\u00e9viter les fugues ou les interactions d\u00e9sagr\u00e9ables.\",\"breadcrumb\":{\"@id\":\"https:\\\/\\\/www.vetorino.com\\\/veterinaire\\\/brulon-72350\\\/boutique\\\/product\\\/laisse-etoile-noir\\\/#breadcrumb\"},\"inLanguage\":\"fr-FR\",\"potentialAction\":[{\"@type\":\"ReadAction\",\"target\":[\"https:\\\/\\\/www.vetorino.com\\\/veterinaire\\\/brulon-72350\\\/boutique\\\/product\\\/laisse-etoile-noir\\\/\"]}]},{\"@type\":\"ImageObject\",\"inLanguage\":\"fr-FR\",\"@id\":\"https:\\\/\\\/www.vetorino.com\\\/veterinaire\\\/brulon-72350\\\/boutique\\\/product\\\/laisse-etoile-noir\\\/#primaryimage\",\"url\":\"https:\\\/\\\/www.vetorino.com\\\/boutique\\\/wp-content\\\/uploads\\\/2023\\\/05\\\/Capture-decran-2023-05-03-a-12.15.43.png\",\"contentUrl\":\"https:\\\/\\\/www.vetorino.com\\\/boutique\\\/wp-content\\\/uploads\\\/2023\\\/05\\\/Capture-decran-2023-05-03-a-12.15.43.png\",\"width\":1382,\"height\":972},{\"@type\":\"BreadcrumbList\",\"@id\":\"https:\\\/\\\/www.vetorino.com\\\/veterinaire\\\/brulon-72350\\\/boutique\\\/product\\\/laisse-etoile-noir\\\/#breadcrumb\",\"itemListElement\":[{\"@type\":\"ListItem\",\"position\":1,\"name\":\"Accueil\",\"item\":\"https:\\\/\\\/www.vetorino.com\\\/boutique\\\/\"},{\"@type\":\"ListItem\",\"position\":2,\"name\":\"Produits\",\"item\":\"https:\\\/\\\/www.vetorino.com\\\/boutique\\\/\"},{\"@type\":\"ListItem\",\"position\":3,\"name\":\"Laisse \u00e9toile\"}]},{\"@type\":\"WebSite\",\"@id\":\"https:\\\/\\\/www.vetorino.com\\\/boutique\\\/#website\",\"url\":\"https:\\\/\\\/www.vetorino.com\\\/boutique\\\/\",\"name\":\"V\u00e9torino\",\"description\":\"\",\"publisher\":{\"@id\":\"https:\\\/\\\/www.vetorino.com\\\/boutique\\\/#organization\"},\"potentialAction\":[{\"@type\":\"SearchAction\",\"target\":{\"@type\":\"EntryPoint\",\"urlTemplate\":\"https:\\\/\\\/www.vetorino.com\\\/boutique\\\/?s={search_term_string}\"},\"query-input\":{\"@type\":\"PropertyValueSpecification\",\"valueRequired\":true,\"valueName\":\"search_term_string\"}}],\"inLanguage\":\"fr-FR\"},{\"@type\":\"Organization\",\"@id\":\"https:\\\/\\\/www.vetorino.com\\\/boutique\\\/#organization\",\"name\":\"V\u00e9torino\",\"url\":\"https:\\\/\\\/www.vetorino.com\\\/boutique\\\/\",\"logo\":{\"@type\":\"ImageObject\",\"inLanguage\":\"fr-FR\",\"@id\":\"https:\\\/\\\/www.vetorino.com\\\/boutique\\\/#\\\/schema\\\/logo\\\/image\\\/\",\"url\":\"https:\\\/\\\/www.vetorino.com\\\/boutique\\\/wp-content\\\/uploads\\\/2024\\\/10\\\/logo.jpg\",\"contentUrl\":\"https:\\\/\\\/www.vetorino.com\\\/boutique\\\/wp-content\\\/uploads\\\/2024\\\/10\\\/logo.jpg\",\"width\":1200,\"height\":610,\"caption\":\"V\u00e9torino\"},\"image\":{\"@id\":\"https:\\\/\\\/www.vetorino.com\\\/boutique\\\/#\\\/schema\\\/logo\\\/image\\\/\"},\"sameAs\":[\"https:\\\/\\\/www.facebook.com\\\/Vetorino\\\/\",\"https:\\\/\\\/www.instagram.com\\\/vetorino_off\\\/\",\"https:\\\/\\\/www.linkedin.com\\\/company\\\/vtorino\\\/\"]}]}<\/script>\n<meta property=\"product:brand\" content=\"Wouapy\" \/>\n<meta property=\"og:availability\" content=\"instock\" \/>\n<meta property=\"product:availability\" content=\"instock\" \/>\n<meta property=\"product:condition\" content=\"new\" \/>\n<!-- \/ Yoast SEO plugin. -->","yoast_head_json":{"title":"Laisse \u00e9toile Wouapy - V\u00e9torino","description":"Promenez-vous en toute s\u00e9curit\u00e9 avec votre chien, quel que soit son \u00e2ge, en vous servant de ce produit de la marque Wouapy. Gardez le contr\u00f4le sur votre animal en le maintenant \u00e0 une distance de s\u00e9curit\u00e9, ce qui permet d\u2019\u00e9viter les fugues ou les interactions d\u00e9sagr\u00e9ables.","robots":{"index":"noindex","follow":"nofollow"},"og_locale":"fr_FR","og_type":"article","og_title":"Laisse \u00e9toile Wouapy - V\u00e9torino","og_description":"Promenez-vous en toute s\u00e9curit\u00e9 avec votre chien, quel que soit son \u00e2ge, en vous servant de ce produit de la marque Wouapy. Gardez le contr\u00f4le sur votre animal en le maintenant \u00e0 une distance de s\u00e9curit\u00e9, ce qui permet d\u2019\u00e9viter les fugues ou les interactions d\u00e9sagr\u00e9ables.","og_url":"https:\/\/www.vetorino.com\/veterinaire\/sceaux-92330\/boutique\/product\/laisse-etoile-noir\/","og_site_name":"V\u00e9torino","article_publisher":"https:\/\/www.facebook.com\/Vetorino\/","article_modified_time":"2024-05-02T09:54:51+00:00","og_image":[{"width":1382,"height":972,"url":"https:\/\/www.vetorino.com\/boutique\/wp-content\/uploads\/2023\/05\/Capture-decran-2023-05-03-a-12.15.43.png","type":"image\/png"}],"twitter_card":"summary_large_image","twitter_misc":{"Disponibilit\u00e9":"En stock"},"schema":{"@context":"https:\/\/schema.org","@graph":[{"@type":"WebPage","@id":"https:\/\/www.vetorino.com\/veterinaire\/brulon-72350\/boutique\/product\/laisse-etoile-noir\/","url":"https:\/\/www.vetorino.com\/veterinaire\/brulon-72350\/boutique\/product\/laisse-etoile-noir\/","name":"Laisse \u00e9toile Wouapy - V\u00e9torino","isPartOf":{"@id":"https:\/\/www.vetorino.com\/boutique\/#website"},"primaryImageOfPage":{"@id":"https:\/\/www.vetorino.com\/veterinaire\/brulon-72350\/boutique\/product\/laisse-etoile-noir\/#primaryimage"},"image":{"@id":"https:\/\/www.vetorino.com\/veterinaire\/brulon-72350\/boutique\/product\/laisse-etoile-noir\/#primaryimage"},"thumbnailUrl":"https:\/\/www.vetorino.com\/boutique\/wp-content\/uploads\/2023\/05\/Capture-decran-2023-05-03-a-12.15.43.png","datePublished":"2023-05-03T12:25:55+00:00","dateModified":"2024-05-02T09:54:51+00:00","description":"Promenez-vous en toute s\u00e9curit\u00e9 avec votre chien, quel que soit son \u00e2ge, en vous servant de ce produit de la marque Wouapy. Gardez le contr\u00f4le sur votre animal en le maintenant \u00e0 une distance de s\u00e9curit\u00e9, ce qui permet d\u2019\u00e9viter les fugues ou les interactions d\u00e9sagr\u00e9ables.","breadcrumb":{"@id":"https:\/\/www.vetorino.com\/veterinaire\/brulon-72350\/boutique\/product\/laisse-etoile-noir\/#breadcrumb"},"inLanguage":"fr-FR","potentialAction":[{"@type":"ReadAction","target":["https:\/\/www.vetorino.com\/veterinaire\/brulon-72350\/boutique\/product\/laisse-etoile-noir\/"]}]},{"@type":"ImageObject","inLanguage":"fr-FR","@id":"https:\/\/www.vetorino.com\/veterinaire\/brulon-72350\/boutique\/product\/laisse-etoile-noir\/#primaryimage","url":"https:\/\/www.vetorino.com\/boutique\/wp-content\/uploads\/2023\/05\/Capture-decran-2023-05-03-a-12.15.43.png","contentUrl":"https:\/\/www.vetorino.com\/boutique\/wp-content\/uploads\/2023\/05\/Capture-decran-2023-05-03-a-12.15.43.png","width":1382,"height":972},{"@type":"BreadcrumbList","@id":"https:\/\/www.vetorino.com\/veterinaire\/brulon-72350\/boutique\/product\/laisse-etoile-noir\/#breadcrumb","itemListElement":[{"@type":"ListItem","position":1,"name":"Accueil","item":"https:\/\/www.vetorino.com\/boutique\/"},{"@type":"ListItem","position":2,"name":"Produits","item":"https:\/\/www.vetorino.com\/boutique\/"},{"@type":"ListItem","position":3,"name":"Laisse \u00e9toile"}]},{"@type":"WebSite","@id":"https:\/\/www.vetorino.com\/boutique\/#website","url":"https:\/\/www.vetorino.com\/boutique\/","name":"V\u00e9torino","description":"","publisher":{"@id":"https:\/\/www.vetorino.com\/boutique\/#organization"},"potentialAction":[{"@type":"SearchAction","target":{"@type":"EntryPoint","urlTemplate":"https:\/\/www.vetorino.com\/boutique\/?s={search_term_string}"},"query-input":{"@type":"PropertyValueSpecification","valueRequired":true,"valueName":"search_term_string"}}],"inLanguage":"fr-FR"},{"@type":"Organization","@id":"https:\/\/www.vetorino.com\/boutique\/#organization","name":"V\u00e9torino","url":"https:\/\/www.vetorino.com\/boutique\/","logo":{"@type":"ImageObject","inLanguage":"fr-FR","@id":"https:\/\/www.vetorino.com\/boutique\/#\/schema\/logo\/image\/","url":"https:\/\/www.vetorino.com\/boutique\/wp-content\/uploads\/2024\/10\/logo.jpg","contentUrl":"https:\/\/www.vetorino.com\/boutique\/wp-content\/uploads\/2024\/10\/logo.jpg","width":1200,"height":610,"caption":"V\u00e9torino"},"image":{"@id":"https:\/\/www.vetorino.com\/boutique\/#\/schema\/logo\/image\/"},"sameAs":["https:\/\/www.facebook.com\/Vetorino\/","https:\/\/www.instagram.com\/vetorino_off\/","https:\/\/www.linkedin.com\/company\/vtorino\/"]}]},"product_brand":"Wouapy","og_availability":"instock","product_availability":"instock","product_condition":"new"},"_links":{"self":[{"href":"https:\/\/www.vetorino.com\/veterinaire\/sceaux-92330\/boutique\/wp-json\/wp\/v2\/product\/607527","targetHints":{"allow":["GET"]}}],"collection":[{"href":"https:\/\/www.vetorino.com\/veterinaire\/sceaux-92330\/boutique\/wp-json\/wp\/v2\/product"}],"about":[{"href":"https:\/\/www.vetorino.com\/veterinaire\/sceaux-92330\/boutique\/wp-json\/wp\/v2\/types\/product"}],"wp:featuredmedia":[{"embeddable":true,"href":"https:\/\/www.vetorino.com\/veterinaire\/sceaux-92330\/boutique\/wp-json\/wp\/v2\/media\/607455"}],"wp:attachment":[{"href":"https:\/\/www.vetorino.com\/veterinaire\/sceaux-92330\/boutique\/wp-json\/wp\/v2\/media?parent=607527"}],"wp:term":[{"taxonomy":"product_cat","embeddable":true,"href":"https:\/\/www.vetorino.com\/veterinaire\/sceaux-92330\/boutique\/wp-json\/wp\/v2\/product_cat?post=607527"},{"taxonomy":"product_tag","embeddable":true,"href":"https:\/\/www.vetorino.com\/veterinaire\/sceaux-92330\/boutique\/wp-json\/wp\/v2\/product_tag?post=607527"}],"curies":[{"name":"wp","href":"https:\/\/api.w.org\/{rel}","templated":true}]}}