{"id":607599,"date":"2023-05-03T15:51:00","date_gmt":"2023-05-03T13:51:00","guid":{"rendered":"https:\/\/www.vetorino.com\/boutique\/?post_type=product&#038;p=607599"},"modified":"2024-05-02T11:41:50","modified_gmt":"2024-05-02T09:41:50","slug":"harnais-soft-wouapy","status":"publish","type":"product","link":"https:\/\/www.vetorino.com\/veterinaire\/sceaux-92330\/boutique\/product\/harnais-soft-wouapy\/","title":{"rendered":"Harnais Soft Rouge"},"content":{"rendered":"<p>\u00c9quipez votre chien de ce\u00a0<b>Harnais Soft Rouge<\/b>\u00a0pour chien !<br \/>\nIl contient des points de tractions \u00e9quilibr\u00e9s, pr\u00e9servant les articulations du chien.<br \/>\nFacile \u00e0 mettre, il se ferme gr\u00e2ce \u00e0 un clip ainsi qu\u2019un scratch sur le dessus.<br \/>\nSa mati\u00e8re l\u00e9g\u00e8re et a\u00e9r\u00e9e et ce tissu alv\u00e9ol\u00e9 confortable laissera respirer la peau du chien.<br \/>\nPratique en p\u00e9riode estivale car il s\u00e8che rapidement si mouill\u00e9.<\/p>\n<h4 class=\"zms-title\" data-size=\"t1\">Caract\u00e9ristiques:<\/h4>\n<p>&#8211; harnais l\u00e9ger pour chien ;<br \/>\n&#8211; facile \u00e0 mettre : avec un scratch ainsi qu&#8217;un clip ;<br \/>\n&#8211; tissu alv\u00e9ol\u00e9 pour laisser respirer la peau du chien ;<br \/>\n&#8211; s\u00e8che facilement ;<br \/>\n&#8211; plusieurs tailles disponibles.<\/p>\n<p><b>Guide des Tailles : &#8220;tour de cou&#8221; x &#8220;tour de poitrine&#8221;\u00a0<\/b><\/p>\n<p>Taille XXS : 10 x 30\/33cm<\/p>\n<p>Taille L : 13 x 47\/52cm<\/p>\n","protected":false},"excerpt":{"rendered":"<p>Le harnais Soft facilite la marche des chiens, les points de traction sont \u00e9quilibr\u00e9s, pr\u00e9servant ainsi les articulations du chien.<\/p>\n<p>Facile \u00e0 mettre, il se ferme gr\u00e2ce \u00e0 un clip et un scratch sur le dessus.<\/p>\n<p>L\u00e9ger et a\u00e9r\u00e9, le tissu alv\u00e9ol\u00e9 et confortable laissera respirer la peau du chien.<\/p>\n","protected":false},"featured_media":607603,"template":"","meta":[],"product_cat":[12550,2698,2777],"product_tag":[],"class_list":{"0":"post-607599","1":"product","2":"type-product","3":"status-publish","4":"has-post-thumbnail","6":"product_cat-accessoires-du-chien","7":"product_cat-chien","8":"product_cat-colliers-laisses-et-harnais-pour-chien","9":"pa_marque-wouapy","11":"first","12":"instock","13":"taxable","14":"shipping-taxable","15":"purchasable","16":"product-type-variable"},"yoast_head":"<!-- This site is optimized with the Yoast SEO plugin v27.3 - https:\/\/yoast.com\/product\/yoast-seo-wordpress\/ -->\n<title>Harnais Soft Rouge Wouapy - V\u00e9torino<\/title>\n<meta name=\"description\" content=\"Le harnais Soft facilite la marche des chiens, les points de traction sont \u00e9quilibr\u00e9s, pr\u00e9servant ainsi les articulations du chien.  Facile \u00e0 mettre, il se ferme gr\u00e2ce \u00e0 un clip et un scratch sur le dessus.  L\u00e9ger et a\u00e9r\u00e9, le tissu alv\u00e9ol\u00e9 et confortable laissera respirer la peau du chien.\" \/>\n<meta name=\"robots\" content=\"noindex, nofollow\" \/>\n<meta property=\"og:locale\" content=\"fr_FR\" \/>\n<meta property=\"og:type\" content=\"article\" \/>\n<meta property=\"og:title\" content=\"Harnais Soft Rouge Wouapy - V\u00e9torino\" \/>\n<meta property=\"og:description\" content=\"Le harnais Soft facilite la marche des chiens, les points de traction sont \u00e9quilibr\u00e9s, pr\u00e9servant ainsi les articulations du chien.  Facile \u00e0 mettre, il se ferme gr\u00e2ce \u00e0 un clip et un scratch sur le dessus.  L\u00e9ger et a\u00e9r\u00e9, le tissu alv\u00e9ol\u00e9 et confortable laissera respirer la peau du chien.\" \/>\n<meta property=\"og:url\" content=\"https:\/\/www.vetorino.com\/veterinaire\/sceaux-92330\/boutique\/product\/harnais-soft-wouapy\/\" \/>\n<meta property=\"og:site_name\" content=\"V\u00e9torino\" \/>\n<meta property=\"article:publisher\" content=\"https:\/\/www.facebook.com\/Vetorino\/\" \/>\n<meta property=\"article:modified_time\" content=\"2024-05-02T09:41:50+00:00\" \/>\n<meta property=\"og:image\" content=\"https:\/\/www.vetorino.com\/boutique\/wp-content\/uploads\/2023\/05\/la_7295751ec3e9a4feab575962e78e006250d1652862311.jpeg\" \/>\n\t<meta property=\"og:image:width\" content=\"1194\" \/>\n\t<meta property=\"og:image:height\" content=\"1200\" \/>\n\t<meta property=\"og:image:type\" content=\"image\/jpeg\" \/>\n<meta name=\"twitter:card\" content=\"summary_large_image\" \/>\n<meta name=\"twitter:label1\" content=\"Disponibilit\u00e9\" \/>\n\t<meta name=\"twitter:data1\" content=\"En stock\" \/>\n<script type=\"application\/ld+json\" class=\"yoast-schema-graph\">{\"@context\":\"https:\\\/\\\/schema.org\",\"@graph\":[{\"@type\":\"WebPage\",\"@id\":\"https:\\\/\\\/www.vetorino.com\\\/veterinaire\\\/brulon-72350\\\/boutique\\\/product\\\/harnais-soft-wouapy\\\/\",\"url\":\"https:\\\/\\\/www.vetorino.com\\\/veterinaire\\\/brulon-72350\\\/boutique\\\/product\\\/harnais-soft-wouapy\\\/\",\"name\":\"Harnais Soft Rouge Wouapy - V\u00e9torino\",\"isPartOf\":{\"@id\":\"https:\\\/\\\/www.vetorino.com\\\/boutique\\\/#website\"},\"primaryImageOfPage\":{\"@id\":\"https:\\\/\\\/www.vetorino.com\\\/veterinaire\\\/brulon-72350\\\/boutique\\\/product\\\/harnais-soft-wouapy\\\/#primaryimage\"},\"image\":{\"@id\":\"https:\\\/\\\/www.vetorino.com\\\/veterinaire\\\/brulon-72350\\\/boutique\\\/product\\\/harnais-soft-wouapy\\\/#primaryimage\"},\"thumbnailUrl\":\"https:\\\/\\\/www.vetorino.com\\\/boutique\\\/wp-content\\\/uploads\\\/2023\\\/05\\\/la_7295751ec3e9a4feab575962e78e006250d1652862311.jpeg\",\"datePublished\":\"2023-05-03T13:51:00+00:00\",\"dateModified\":\"2024-05-02T09:41:50+00:00\",\"description\":\"Le harnais Soft facilite la marche des chiens, les points de traction sont \u00e9quilibr\u00e9s, pr\u00e9servant ainsi les articulations du chien. Facile \u00e0 mettre, il se ferme gr\u00e2ce \u00e0 un clip et un scratch sur le dessus. L\u00e9ger et a\u00e9r\u00e9, le tissu alv\u00e9ol\u00e9 et confortable laissera respirer la peau du chien.\",\"breadcrumb\":{\"@id\":\"https:\\\/\\\/www.vetorino.com\\\/veterinaire\\\/brulon-72350\\\/boutique\\\/product\\\/harnais-soft-wouapy\\\/#breadcrumb\"},\"inLanguage\":\"fr-FR\",\"potentialAction\":[{\"@type\":\"ReadAction\",\"target\":[\"https:\\\/\\\/www.vetorino.com\\\/veterinaire\\\/brulon-72350\\\/boutique\\\/product\\\/harnais-soft-wouapy\\\/\"]}]},{\"@type\":\"ImageObject\",\"inLanguage\":\"fr-FR\",\"@id\":\"https:\\\/\\\/www.vetorino.com\\\/veterinaire\\\/brulon-72350\\\/boutique\\\/product\\\/harnais-soft-wouapy\\\/#primaryimage\",\"url\":\"https:\\\/\\\/www.vetorino.com\\\/boutique\\\/wp-content\\\/uploads\\\/2023\\\/05\\\/la_7295751ec3e9a4feab575962e78e006250d1652862311.jpeg\",\"contentUrl\":\"https:\\\/\\\/www.vetorino.com\\\/boutique\\\/wp-content\\\/uploads\\\/2023\\\/05\\\/la_7295751ec3e9a4feab575962e78e006250d1652862311.jpeg\",\"width\":1194,\"height\":1200},{\"@type\":\"BreadcrumbList\",\"@id\":\"https:\\\/\\\/www.vetorino.com\\\/veterinaire\\\/brulon-72350\\\/boutique\\\/product\\\/harnais-soft-wouapy\\\/#breadcrumb\",\"itemListElement\":[{\"@type\":\"ListItem\",\"position\":1,\"name\":\"Accueil\",\"item\":\"https:\\\/\\\/www.vetorino.com\\\/boutique\\\/\"},{\"@type\":\"ListItem\",\"position\":2,\"name\":\"Produits\",\"item\":\"https:\\\/\\\/www.vetorino.com\\\/boutique\\\/\"},{\"@type\":\"ListItem\",\"position\":3,\"name\":\"Harnais Soft Rouge\"}]},{\"@type\":\"WebSite\",\"@id\":\"https:\\\/\\\/www.vetorino.com\\\/boutique\\\/#website\",\"url\":\"https:\\\/\\\/www.vetorino.com\\\/boutique\\\/\",\"name\":\"V\u00e9torino\",\"description\":\"\",\"publisher\":{\"@id\":\"https:\\\/\\\/www.vetorino.com\\\/boutique\\\/#organization\"},\"potentialAction\":[{\"@type\":\"SearchAction\",\"target\":{\"@type\":\"EntryPoint\",\"urlTemplate\":\"https:\\\/\\\/www.vetorino.com\\\/boutique\\\/?s={search_term_string}\"},\"query-input\":{\"@type\":\"PropertyValueSpecification\",\"valueRequired\":true,\"valueName\":\"search_term_string\"}}],\"inLanguage\":\"fr-FR\"},{\"@type\":\"Organization\",\"@id\":\"https:\\\/\\\/www.vetorino.com\\\/boutique\\\/#organization\",\"name\":\"V\u00e9torino\",\"url\":\"https:\\\/\\\/www.vetorino.com\\\/boutique\\\/\",\"logo\":{\"@type\":\"ImageObject\",\"inLanguage\":\"fr-FR\",\"@id\":\"https:\\\/\\\/www.vetorino.com\\\/boutique\\\/#\\\/schema\\\/logo\\\/image\\\/\",\"url\":\"https:\\\/\\\/www.vetorino.com\\\/boutique\\\/wp-content\\\/uploads\\\/2024\\\/10\\\/logo.jpg\",\"contentUrl\":\"https:\\\/\\\/www.vetorino.com\\\/boutique\\\/wp-content\\\/uploads\\\/2024\\\/10\\\/logo.jpg\",\"width\":1200,\"height\":610,\"caption\":\"V\u00e9torino\"},\"image\":{\"@id\":\"https:\\\/\\\/www.vetorino.com\\\/boutique\\\/#\\\/schema\\\/logo\\\/image\\\/\"},\"sameAs\":[\"https:\\\/\\\/www.facebook.com\\\/Vetorino\\\/\",\"https:\\\/\\\/www.instagram.com\\\/vetorino_off\\\/\",\"https:\\\/\\\/www.linkedin.com\\\/company\\\/vtorino\\\/\"]}]}<\/script>\n<meta property=\"product:brand\" content=\"Wouapy\" \/>\n<meta property=\"og:availability\" content=\"instock\" \/>\n<meta property=\"product:availability\" content=\"instock\" \/>\n<meta property=\"product:condition\" content=\"new\" \/>\n<!-- \/ Yoast SEO plugin. -->","yoast_head_json":{"title":"Harnais Soft Rouge Wouapy - V\u00e9torino","description":"Le harnais Soft facilite la marche des chiens, les points de traction sont \u00e9quilibr\u00e9s, pr\u00e9servant ainsi les articulations du chien.  Facile \u00e0 mettre, il se ferme gr\u00e2ce \u00e0 un clip et un scratch sur le dessus.  L\u00e9ger et a\u00e9r\u00e9, le tissu alv\u00e9ol\u00e9 et confortable laissera respirer la peau du chien.","robots":{"index":"noindex","follow":"nofollow"},"og_locale":"fr_FR","og_type":"article","og_title":"Harnais Soft Rouge Wouapy - V\u00e9torino","og_description":"Le harnais Soft facilite la marche des chiens, les points de traction sont \u00e9quilibr\u00e9s, pr\u00e9servant ainsi les articulations du chien.  Facile \u00e0 mettre, il se ferme gr\u00e2ce \u00e0 un clip et un scratch sur le dessus.  L\u00e9ger et a\u00e9r\u00e9, le tissu alv\u00e9ol\u00e9 et confortable laissera respirer la peau du chien.","og_url":"https:\/\/www.vetorino.com\/veterinaire\/sceaux-92330\/boutique\/product\/harnais-soft-wouapy\/","og_site_name":"V\u00e9torino","article_publisher":"https:\/\/www.facebook.com\/Vetorino\/","article_modified_time":"2024-05-02T09:41:50+00:00","og_image":[{"width":1194,"height":1200,"url":"https:\/\/www.vetorino.com\/boutique\/wp-content\/uploads\/2023\/05\/la_7295751ec3e9a4feab575962e78e006250d1652862311.jpeg","type":"image\/jpeg"}],"twitter_card":"summary_large_image","twitter_misc":{"Disponibilit\u00e9":"En stock"},"schema":{"@context":"https:\/\/schema.org","@graph":[{"@type":"WebPage","@id":"https:\/\/www.vetorino.com\/veterinaire\/brulon-72350\/boutique\/product\/harnais-soft-wouapy\/","url":"https:\/\/www.vetorino.com\/veterinaire\/brulon-72350\/boutique\/product\/harnais-soft-wouapy\/","name":"Harnais Soft Rouge Wouapy - V\u00e9torino","isPartOf":{"@id":"https:\/\/www.vetorino.com\/boutique\/#website"},"primaryImageOfPage":{"@id":"https:\/\/www.vetorino.com\/veterinaire\/brulon-72350\/boutique\/product\/harnais-soft-wouapy\/#primaryimage"},"image":{"@id":"https:\/\/www.vetorino.com\/veterinaire\/brulon-72350\/boutique\/product\/harnais-soft-wouapy\/#primaryimage"},"thumbnailUrl":"https:\/\/www.vetorino.com\/boutique\/wp-content\/uploads\/2023\/05\/la_7295751ec3e9a4feab575962e78e006250d1652862311.jpeg","datePublished":"2023-05-03T13:51:00+00:00","dateModified":"2024-05-02T09:41:50+00:00","description":"Le harnais Soft facilite la marche des chiens, les points de traction sont \u00e9quilibr\u00e9s, pr\u00e9servant ainsi les articulations du chien. Facile \u00e0 mettre, il se ferme gr\u00e2ce \u00e0 un clip et un scratch sur le dessus. L\u00e9ger et a\u00e9r\u00e9, le tissu alv\u00e9ol\u00e9 et confortable laissera respirer la peau du chien.","breadcrumb":{"@id":"https:\/\/www.vetorino.com\/veterinaire\/brulon-72350\/boutique\/product\/harnais-soft-wouapy\/#breadcrumb"},"inLanguage":"fr-FR","potentialAction":[{"@type":"ReadAction","target":["https:\/\/www.vetorino.com\/veterinaire\/brulon-72350\/boutique\/product\/harnais-soft-wouapy\/"]}]},{"@type":"ImageObject","inLanguage":"fr-FR","@id":"https:\/\/www.vetorino.com\/veterinaire\/brulon-72350\/boutique\/product\/harnais-soft-wouapy\/#primaryimage","url":"https:\/\/www.vetorino.com\/boutique\/wp-content\/uploads\/2023\/05\/la_7295751ec3e9a4feab575962e78e006250d1652862311.jpeg","contentUrl":"https:\/\/www.vetorino.com\/boutique\/wp-content\/uploads\/2023\/05\/la_7295751ec3e9a4feab575962e78e006250d1652862311.jpeg","width":1194,"height":1200},{"@type":"BreadcrumbList","@id":"https:\/\/www.vetorino.com\/veterinaire\/brulon-72350\/boutique\/product\/harnais-soft-wouapy\/#breadcrumb","itemListElement":[{"@type":"ListItem","position":1,"name":"Accueil","item":"https:\/\/www.vetorino.com\/boutique\/"},{"@type":"ListItem","position":2,"name":"Produits","item":"https:\/\/www.vetorino.com\/boutique\/"},{"@type":"ListItem","position":3,"name":"Harnais Soft Rouge"}]},{"@type":"WebSite","@id":"https:\/\/www.vetorino.com\/boutique\/#website","url":"https:\/\/www.vetorino.com\/boutique\/","name":"V\u00e9torino","description":"","publisher":{"@id":"https:\/\/www.vetorino.com\/boutique\/#organization"},"potentialAction":[{"@type":"SearchAction","target":{"@type":"EntryPoint","urlTemplate":"https:\/\/www.vetorino.com\/boutique\/?s={search_term_string}"},"query-input":{"@type":"PropertyValueSpecification","valueRequired":true,"valueName":"search_term_string"}}],"inLanguage":"fr-FR"},{"@type":"Organization","@id":"https:\/\/www.vetorino.com\/boutique\/#organization","name":"V\u00e9torino","url":"https:\/\/www.vetorino.com\/boutique\/","logo":{"@type":"ImageObject","inLanguage":"fr-FR","@id":"https:\/\/www.vetorino.com\/boutique\/#\/schema\/logo\/image\/","url":"https:\/\/www.vetorino.com\/boutique\/wp-content\/uploads\/2024\/10\/logo.jpg","contentUrl":"https:\/\/www.vetorino.com\/boutique\/wp-content\/uploads\/2024\/10\/logo.jpg","width":1200,"height":610,"caption":"V\u00e9torino"},"image":{"@id":"https:\/\/www.vetorino.com\/boutique\/#\/schema\/logo\/image\/"},"sameAs":["https:\/\/www.facebook.com\/Vetorino\/","https:\/\/www.instagram.com\/vetorino_off\/","https:\/\/www.linkedin.com\/company\/vtorino\/"]}]},"product_brand":"Wouapy","og_availability":"instock","product_availability":"instock","product_condition":"new"},"_links":{"self":[{"href":"https:\/\/www.vetorino.com\/veterinaire\/sceaux-92330\/boutique\/wp-json\/wp\/v2\/product\/607599","targetHints":{"allow":["GET"]}}],"collection":[{"href":"https:\/\/www.vetorino.com\/veterinaire\/sceaux-92330\/boutique\/wp-json\/wp\/v2\/product"}],"about":[{"href":"https:\/\/www.vetorino.com\/veterinaire\/sceaux-92330\/boutique\/wp-json\/wp\/v2\/types\/product"}],"wp:featuredmedia":[{"embeddable":true,"href":"https:\/\/www.vetorino.com\/veterinaire\/sceaux-92330\/boutique\/wp-json\/wp\/v2\/media\/607603"}],"wp:attachment":[{"href":"https:\/\/www.vetorino.com\/veterinaire\/sceaux-92330\/boutique\/wp-json\/wp\/v2\/media?parent=607599"}],"wp:term":[{"taxonomy":"product_cat","embeddable":true,"href":"https:\/\/www.vetorino.com\/veterinaire\/sceaux-92330\/boutique\/wp-json\/wp\/v2\/product_cat?post=607599"},{"taxonomy":"product_tag","embeddable":true,"href":"https:\/\/www.vetorino.com\/veterinaire\/sceaux-92330\/boutique\/wp-json\/wp\/v2\/product_tag?post=607599"}],"curies":[{"name":"wp","href":"https:\/\/api.w.org\/{rel}","templated":true}]}}