{"id":721458,"date":"2023-10-19T10:38:26","date_gmt":"2023-10-19T08:38:26","guid":{"rendered":"https:\/\/www.vetorino.com\/boutique\/?post_type=product&#038;p=721458"},"modified":"2023-10-20T12:09:35","modified_gmt":"2023-10-20T10:09:35","slug":"coproflat-advanced-66-3","status":"publish","type":"product","link":"https:\/\/www.vetorino.com\/veterinaire\/sceaux-92330\/boutique\/product\/coproflat-advanced-66-3\/","title":{"rendered":"Coproflat Advanced 66"},"content":{"rendered":"<h2>Pourquoi choisir Coproflat advanced de Arcanatura ?<\/h2>\n<p>Coproflat advanced de chez Arcanatura est un <strong>compl\u00e9ment alimentaire<\/strong> con\u00e7u pour contribuer \u00e0 lutter contre les mauvaises odeurs de flatulences de votre chien. Ce compl\u00e9ment alimentaire est particuli\u00e8rement adapt\u00e9 aux animaux pr\u00e9sentant des troubles digestifs, son action favorisera plus de <strong>confort<\/strong> pour votre animal et vous en contribuant \u00e0 <strong>\u00e9viter les odeurs d\u00e9sagr\u00e9ables de ses flatulences<\/strong>.<\/p>\n<h3>Les plus de ce produit :<\/h3>\n<ul>\n<li>Id\u00e9al pour les animaux ayant des troubles digestifs<\/li>\n<li>Contribue \u00e0 lutter contre les odeurs<\/li>\n<li>Facilement assimilable<\/li>\n<\/ul>\n","protected":false},"excerpt":{"rendered":"<div class=\"product-info-short-description\">\n<div class=\"product attribute overview\">\n<p class=\"value\">Coproflat advanced de Arcanatura est un <strong>compl\u00e9ment<\/strong> alimentaire pour votre chien. Ce compl\u00e9ment \u00e0 pour r\u00f4le d&#8217;aider \u00e0 \u00e9liminer les odeurs d\u00e9sagr\u00e9ables des flatulences de votre animal.<\/p>\n<\/div>\n<\/div>\n","protected":false},"featured_media":721466,"template":"","meta":[],"product_cat":[2738,2697,2698,12635,12636],"product_tag":[],"class_list":{"0":"post-721458","1":"product","2":"type-product","3":"status-publish","4":"has-post-thumbnail","6":"product_cat-aliments-complementaires-pour-chien","7":"product_cat-chat","8":"product_cat-chien","9":"product_cat-systeme-digestif-du-chat","10":"product_cat-systeme-digestif-du-chien","11":"pa_marque-arcanatura","13":"first","14":"outofstock","15":"taxable","16":"shipping-taxable","17":"purchasable","18":"product-type-simple"},"yoast_head":"<!-- This site is optimized with the Yoast SEO plugin v26.7 - https:\/\/yoast.com\/wordpress\/plugins\/seo\/ -->\n<title>Coproflat Advanced 66 Arcanatura - V\u00e9torino<\/title>\n<meta name=\"description\" content=\"Coproflat advanced de Arcanatura est un compl\u00e9ment alimentaire pour votre chien. Ce compl\u00e9ment \u00e0 pour r\u00f4le d&#039;aider \u00e0 \u00e9liminer les odeurs d\u00e9sagr\u00e9ables des flatulences de votre animal.\" \/>\n<meta name=\"robots\" content=\"noindex, nofollow\" \/>\n<meta property=\"og:locale\" content=\"fr_FR\" \/>\n<meta property=\"og:type\" content=\"article\" \/>\n<meta property=\"og:title\" content=\"Coproflat Advanced 66 Arcanatura - V\u00e9torino\" \/>\n<meta property=\"og:description\" content=\"Coproflat advanced de Arcanatura est un compl\u00e9ment alimentaire pour votre chien. Ce compl\u00e9ment \u00e0 pour r\u00f4le d&#039;aider \u00e0 \u00e9liminer les odeurs d\u00e9sagr\u00e9ables des flatulences de votre animal.\" \/>\n<meta property=\"og:url\" content=\"https:\/\/www.vetorino.com\/veterinaire\/sceaux-92330\/boutique\/product\/coproflat-advanced-66-3\/\" \/>\n<meta property=\"og:site_name\" content=\"V\u00e9torino\" \/>\n<meta property=\"article:publisher\" content=\"https:\/\/www.facebook.com\/Vetorino\/\" \/>\n<meta property=\"article:modified_time\" content=\"2023-10-20T10:09:35+00:00\" \/>\n<meta property=\"og:image\" content=\"https:\/\/www.vetorino.com\/boutique\/wp-content\/uploads\/2023\/10\/ARCANATURA-1870190-1-1.jpg\" \/>\n\t<meta property=\"og:image:width\" content=\"1024\" \/>\n\t<meta property=\"og:image:height\" content=\"1664\" \/>\n\t<meta property=\"og:image:type\" content=\"image\/jpeg\" \/>\n<meta name=\"twitter:card\" content=\"summary_large_image\" \/>\n<meta name=\"twitter:label1\" content=\"Prix\" \/>\n\t<meta name=\"twitter:data1\" content=\"44,45&euro;\" \/>\n\t<meta name=\"twitter:label2\" content=\"Disponibilit\u00e9\" \/>\n\t<meta name=\"twitter:data2\" content=\"Rupture de stock\" \/>\n<script type=\"application\/ld+json\" class=\"yoast-schema-graph\">{\"@context\":\"https:\/\/schema.org\",\"@graph\":[{\"@type\":\"WebPage\",\"@id\":\"https:\/\/www.vetorino.com\/boutique\/product\/coproflat-advanced-66-3\/\",\"url\":\"https:\/\/www.vetorino.com\/boutique\/product\/coproflat-advanced-66-3\/\",\"name\":\"Coproflat Advanced 66 Arcanatura - V\u00e9torino\",\"isPartOf\":{\"@id\":\"https:\/\/www.vetorino.com\/boutique\/#website\"},\"primaryImageOfPage\":{\"@id\":\"https:\/\/www.vetorino.com\/boutique\/product\/coproflat-advanced-66-3\/#primaryimage\"},\"image\":{\"@id\":\"https:\/\/www.vetorino.com\/boutique\/product\/coproflat-advanced-66-3\/#primaryimage\"},\"thumbnailUrl\":\"https:\/\/www.vetorino.com\/boutique\/wp-content\/uploads\/2023\/10\/ARCANATURA-1870190-1-1.jpg\",\"datePublished\":\"2023-10-19T08:38:26+00:00\",\"dateModified\":\"2023-10-20T10:09:35+00:00\",\"description\":\"Coproflat advanced de Arcanatura est un compl\u00e9ment alimentaire pour votre chien. Ce compl\u00e9ment \u00e0 pour r\u00f4le d'aider \u00e0 \u00e9liminer les odeurs d\u00e9sagr\u00e9ables des flatulences de votre animal.\",\"breadcrumb\":{\"@id\":\"https:\/\/www.vetorino.com\/boutique\/product\/coproflat-advanced-66-3\/#breadcrumb\"},\"inLanguage\":\"fr-FR\",\"potentialAction\":[{\"@type\":\"ReadAction\",\"target\":[\"https:\/\/www.vetorino.com\/boutique\/product\/coproflat-advanced-66-3\/\"]}]},{\"@type\":\"ImageObject\",\"inLanguage\":\"fr-FR\",\"@id\":\"https:\/\/www.vetorino.com\/boutique\/product\/coproflat-advanced-66-3\/#primaryimage\",\"url\":\"https:\/\/www.vetorino.com\/boutique\/wp-content\/uploads\/2023\/10\/ARCANATURA-1870190-1-1.jpg\",\"contentUrl\":\"https:\/\/www.vetorino.com\/boutique\/wp-content\/uploads\/2023\/10\/ARCANATURA-1870190-1-1.jpg\",\"width\":1024,\"height\":1664},{\"@type\":\"BreadcrumbList\",\"@id\":\"https:\/\/www.vetorino.com\/boutique\/product\/coproflat-advanced-66-3\/#breadcrumb\",\"itemListElement\":[{\"@type\":\"ListItem\",\"position\":1,\"name\":\"Accueil\",\"item\":\"https:\/\/www.vetorino.com\/boutique\/\"},{\"@type\":\"ListItem\",\"position\":2,\"name\":\"Produits\",\"item\":\"https:\/\/www.vetorino.com\/boutique\/\"},{\"@type\":\"ListItem\",\"position\":3,\"name\":\"Coproflat Advanced 66\"}]},{\"@type\":\"WebSite\",\"@id\":\"https:\/\/www.vetorino.com\/boutique\/#website\",\"url\":\"https:\/\/www.vetorino.com\/boutique\/\",\"name\":\"V\u00e9torino\",\"description\":\"\",\"publisher\":{\"@id\":\"https:\/\/www.vetorino.com\/boutique\/#organization\"},\"potentialAction\":[{\"@type\":\"SearchAction\",\"target\":{\"@type\":\"EntryPoint\",\"urlTemplate\":\"https:\/\/www.vetorino.com\/boutique\/?s={search_term_string}\"},\"query-input\":{\"@type\":\"PropertyValueSpecification\",\"valueRequired\":true,\"valueName\":\"search_term_string\"}}],\"inLanguage\":\"fr-FR\"},{\"@type\":\"Organization\",\"@id\":\"https:\/\/www.vetorino.com\/boutique\/#organization\",\"name\":\"V\u00e9torino\",\"url\":\"https:\/\/www.vetorino.com\/boutique\/\",\"logo\":{\"@type\":\"ImageObject\",\"inLanguage\":\"fr-FR\",\"@id\":\"https:\/\/www.vetorino.com\/boutique\/#\/schema\/logo\/image\/\",\"url\":\"https:\/\/www.vetorino.com\/boutique\/wp-content\/uploads\/2024\/10\/logo.jpg\",\"contentUrl\":\"https:\/\/www.vetorino.com\/boutique\/wp-content\/uploads\/2024\/10\/logo.jpg\",\"width\":1200,\"height\":610,\"caption\":\"V\u00e9torino\"},\"image\":{\"@id\":\"https:\/\/www.vetorino.com\/boutique\/#\/schema\/logo\/image\/\"},\"sameAs\":[\"https:\/\/www.facebook.com\/Vetorino\/\",\"https:\/\/www.instagram.com\/vetorino_off\/\",\"https:\/\/www.linkedin.com\/company\/vtorino\/\"]}]}<\/script>\n<meta property=\"product:brand\" content=\"Arcanatura\" \/>\n<meta property=\"product:price:amount\" content=\"44.45\" \/>\n<meta property=\"product:price:currency\" content=\"EUR\" \/>\n<meta property=\"og:availability\" content=\"out of stock\" \/>\n<meta property=\"product:availability\" content=\"out of stock\" \/>\n<meta property=\"product:retailer_item_id\" content=\"O-15478\" \/>\n<meta property=\"product:condition\" content=\"new\" \/>\n<!-- \/ Yoast SEO plugin. -->","yoast_head_json":{"title":"Coproflat Advanced 66 Arcanatura - V\u00e9torino","description":"Coproflat advanced de Arcanatura est un compl\u00e9ment alimentaire pour votre chien. Ce compl\u00e9ment \u00e0 pour r\u00f4le d'aider \u00e0 \u00e9liminer les odeurs d\u00e9sagr\u00e9ables des flatulences de votre animal.","robots":{"index":"noindex","follow":"nofollow"},"og_locale":"fr_FR","og_type":"article","og_title":"Coproflat Advanced 66 Arcanatura - V\u00e9torino","og_description":"Coproflat advanced de Arcanatura est un compl\u00e9ment alimentaire pour votre chien. Ce compl\u00e9ment \u00e0 pour r\u00f4le d'aider \u00e0 \u00e9liminer les odeurs d\u00e9sagr\u00e9ables des flatulences de votre animal.","og_url":"https:\/\/www.vetorino.com\/veterinaire\/sceaux-92330\/boutique\/product\/coproflat-advanced-66-3\/","og_site_name":"V\u00e9torino","article_publisher":"https:\/\/www.facebook.com\/Vetorino\/","article_modified_time":"2023-10-20T10:09:35+00:00","og_image":[{"width":1024,"height":1664,"url":"https:\/\/www.vetorino.com\/boutique\/wp-content\/uploads\/2023\/10\/ARCANATURA-1870190-1-1.jpg","type":"image\/jpeg"}],"twitter_card":"summary_large_image","twitter_misc":{"Prix":"44,45&euro;","Disponibilit\u00e9":"Rupture de stock"},"schema":{"@context":"https:\/\/schema.org","@graph":[{"@type":"WebPage","@id":"https:\/\/www.vetorino.com\/boutique\/product\/coproflat-advanced-66-3\/","url":"https:\/\/www.vetorino.com\/boutique\/product\/coproflat-advanced-66-3\/","name":"Coproflat Advanced 66 Arcanatura - V\u00e9torino","isPartOf":{"@id":"https:\/\/www.vetorino.com\/boutique\/#website"},"primaryImageOfPage":{"@id":"https:\/\/www.vetorino.com\/boutique\/product\/coproflat-advanced-66-3\/#primaryimage"},"image":{"@id":"https:\/\/www.vetorino.com\/boutique\/product\/coproflat-advanced-66-3\/#primaryimage"},"thumbnailUrl":"https:\/\/www.vetorino.com\/boutique\/wp-content\/uploads\/2023\/10\/ARCANATURA-1870190-1-1.jpg","datePublished":"2023-10-19T08:38:26+00:00","dateModified":"2023-10-20T10:09:35+00:00","description":"Coproflat advanced de Arcanatura est un compl\u00e9ment alimentaire pour votre chien. Ce compl\u00e9ment \u00e0 pour r\u00f4le d'aider \u00e0 \u00e9liminer les odeurs d\u00e9sagr\u00e9ables des flatulences de votre animal.","breadcrumb":{"@id":"https:\/\/www.vetorino.com\/boutique\/product\/coproflat-advanced-66-3\/#breadcrumb"},"inLanguage":"fr-FR","potentialAction":[{"@type":"ReadAction","target":["https:\/\/www.vetorino.com\/boutique\/product\/coproflat-advanced-66-3\/"]}]},{"@type":"ImageObject","inLanguage":"fr-FR","@id":"https:\/\/www.vetorino.com\/boutique\/product\/coproflat-advanced-66-3\/#primaryimage","url":"https:\/\/www.vetorino.com\/boutique\/wp-content\/uploads\/2023\/10\/ARCANATURA-1870190-1-1.jpg","contentUrl":"https:\/\/www.vetorino.com\/boutique\/wp-content\/uploads\/2023\/10\/ARCANATURA-1870190-1-1.jpg","width":1024,"height":1664},{"@type":"BreadcrumbList","@id":"https:\/\/www.vetorino.com\/boutique\/product\/coproflat-advanced-66-3\/#breadcrumb","itemListElement":[{"@type":"ListItem","position":1,"name":"Accueil","item":"https:\/\/www.vetorino.com\/boutique\/"},{"@type":"ListItem","position":2,"name":"Produits","item":"https:\/\/www.vetorino.com\/boutique\/"},{"@type":"ListItem","position":3,"name":"Coproflat Advanced 66"}]},{"@type":"WebSite","@id":"https:\/\/www.vetorino.com\/boutique\/#website","url":"https:\/\/www.vetorino.com\/boutique\/","name":"V\u00e9torino","description":"","publisher":{"@id":"https:\/\/www.vetorino.com\/boutique\/#organization"},"potentialAction":[{"@type":"SearchAction","target":{"@type":"EntryPoint","urlTemplate":"https:\/\/www.vetorino.com\/boutique\/?s={search_term_string}"},"query-input":{"@type":"PropertyValueSpecification","valueRequired":true,"valueName":"search_term_string"}}],"inLanguage":"fr-FR"},{"@type":"Organization","@id":"https:\/\/www.vetorino.com\/boutique\/#organization","name":"V\u00e9torino","url":"https:\/\/www.vetorino.com\/boutique\/","logo":{"@type":"ImageObject","inLanguage":"fr-FR","@id":"https:\/\/www.vetorino.com\/boutique\/#\/schema\/logo\/image\/","url":"https:\/\/www.vetorino.com\/boutique\/wp-content\/uploads\/2024\/10\/logo.jpg","contentUrl":"https:\/\/www.vetorino.com\/boutique\/wp-content\/uploads\/2024\/10\/logo.jpg","width":1200,"height":610,"caption":"V\u00e9torino"},"image":{"@id":"https:\/\/www.vetorino.com\/boutique\/#\/schema\/logo\/image\/"},"sameAs":["https:\/\/www.facebook.com\/Vetorino\/","https:\/\/www.instagram.com\/vetorino_off\/","https:\/\/www.linkedin.com\/company\/vtorino\/"]}]},"product_brand":"Arcanatura","product_price_amount":"44.45","product_price_currency":"EUR","og_availability":"out of stock","product_availability":"out of stock","product_retailer_item_id":"O-15478","product_condition":"new"},"_links":{"self":[{"href":"https:\/\/www.vetorino.com\/veterinaire\/sceaux-92330\/boutique\/wp-json\/wp\/v2\/product\/721458","targetHints":{"allow":["GET"]}}],"collection":[{"href":"https:\/\/www.vetorino.com\/veterinaire\/sceaux-92330\/boutique\/wp-json\/wp\/v2\/product"}],"about":[{"href":"https:\/\/www.vetorino.com\/veterinaire\/sceaux-92330\/boutique\/wp-json\/wp\/v2\/types\/product"}],"wp:featuredmedia":[{"embeddable":true,"href":"https:\/\/www.vetorino.com\/veterinaire\/sceaux-92330\/boutique\/wp-json\/wp\/v2\/media\/721466"}],"wp:attachment":[{"href":"https:\/\/www.vetorino.com\/veterinaire\/sceaux-92330\/boutique\/wp-json\/wp\/v2\/media?parent=721458"}],"wp:term":[{"taxonomy":"product_cat","embeddable":true,"href":"https:\/\/www.vetorino.com\/veterinaire\/sceaux-92330\/boutique\/wp-json\/wp\/v2\/product_cat?post=721458"},{"taxonomy":"product_tag","embeddable":true,"href":"https:\/\/www.vetorino.com\/veterinaire\/sceaux-92330\/boutique\/wp-json\/wp\/v2\/product_tag?post=721458"}],"curies":[{"name":"wp","href":"https:\/\/api.w.org\/{rel}","templated":true}]}}