{"id":1597564,"date":"2025-12-05T04:58:43","date_gmt":"2025-12-05T03:58:43","guid":{"rendered":"https:\/\/www.vetorino.com\/boutique\/?post_type=product&#038;p=1597564"},"modified":"2025-12-05T04:58:44","modified_gmt":"2025-12-05T03:58:44","slug":"friandises-garden-sticks-lapins-2","status":"publish","type":"product","link":"https:\/\/www.vetorino.com\/veterinaire\/seurre-21250\/boutique\/product\/friandises-garden-sticks-lapins-2\/","title":{"rendered":"Friandises Garden Sticks Lapins"},"content":{"rendered":"<p><strong>Les b\u00e2tonnets Naturals Garden Sticks Pois &amp; Menthe sont de d\u00e9licieuses friandises naturelles et sans sucre ajout\u00e9s et avec une teneur en fibres \u00e9lev\u00e9e.<\/strong><\/p>\n<p><strong>Utilisation :<\/strong><\/p>\n<ul>\n<li>Friandises naturelles pour lapins<\/li>\n<li>Id\u00e9ales \u00e9galement pour cobayes, octodons et chinchillas.<\/li>\n<\/ul>\n<p><strong>Bienfaits essentiels :<\/strong><\/p>\n<ul>\n<li>Parfait pour l\u2019alimentation manuelle, l\u2019interaction et le lien social avec votre animal.<\/li>\n<li>Riche en ingr\u00e9dients naturels et avec environs 25% de fibres<\/li>\n<li>Sans\u00a0colorants artificiels<\/li>\n<li>Contient des graines de lins pour un pelage sain et brillant.<\/li>\n<\/ul>\n","protected":false},"excerpt":{"rendered":"<p><strong>Les b\u00e2tonnets Selective Naturals Garden Sticks Pois &amp; Menthe sont de d\u00e9licieuses friandises naturelles et sans sucre ajout\u00e9s et avec une teneur en fibres \u00e9lev\u00e9e.<\/strong><\/p>\n<p><strong>Utilisation :<\/strong><\/p>\n<ul>\n<li>Friandises naturelles pour lapins<\/li>\n<li>Id\u00e9ales \u00e9galement pour cobayes, octodons et chinchillas.<\/li>\n<\/ul>\n","protected":false},"featured_media":952588,"template":"","meta":[],"product_cat":[12668,12563,2727],"product_tag":[],"class_list":{"0":"post-1597564","1":"product","2":"type-product","3":"status-publish","4":"has-post-thumbnail","6":"product_cat-friandise-pour-lapin","7":"product_cat-lapin","8":"product_cat-nac","9":"pa_marque-supreme-petfoods","11":"first","12":"instock","13":"taxable","14":"shipping-taxable","15":"purchasable","16":"product-type-simple"},"yoast_head":"<!-- This site is optimized with the Yoast SEO plugin v26.7 - https:\/\/yoast.com\/wordpress\/plugins\/seo\/ -->\n<title>Friandises Garden Sticks Lapins Supreme Petfoods - V\u00e9torino<\/title>\n<meta name=\"description\" content=\"Les b\u00e2tonnets Selective Naturals Garden Sticks Pois &amp; Menthe sont de d\u00e9licieuses friandises naturelles et sans sucre ajout\u00e9s et avec une teneur en fibres \u00e9lev\u00e9e.  Utilisation :   Friandises naturelles pour lapins  Id\u00e9ales \u00e9galement pour cobayes, octodons et chinchillas.\" \/>\n<meta name=\"robots\" content=\"noindex, nofollow\" \/>\n<meta property=\"og:locale\" content=\"fr_FR\" \/>\n<meta property=\"og:type\" content=\"article\" \/>\n<meta property=\"og:title\" content=\"Friandises Garden Sticks Lapins Supreme Petfoods - V\u00e9torino\" \/>\n<meta property=\"og:description\" content=\"Les b\u00e2tonnets Selective Naturals Garden Sticks Pois &amp; Menthe sont de d\u00e9licieuses friandises naturelles et sans sucre ajout\u00e9s et avec une teneur en fibres \u00e9lev\u00e9e.  Utilisation :   Friandises naturelles pour lapins  Id\u00e9ales \u00e9galement pour cobayes, octodons et chinchillas.\" \/>\n<meta property=\"og:url\" content=\"https:\/\/www.vetorino.com\/veterinaire\/seurre-21250\/boutique\/product\/friandises-garden-sticks-lapins-2\/\" \/>\n<meta property=\"og:site_name\" content=\"V\u00e9torino\" \/>\n<meta property=\"article:publisher\" content=\"https:\/\/www.facebook.com\/Vetorino\/\" \/>\n<meta property=\"article:modified_time\" content=\"2025-12-05T03:58:44+00:00\" \/>\n<meta property=\"og:image\" content=\"https:\/\/www.vetorino.com\/boutique\/wp-content\/uploads\/2020\/03\/selective-naturals-garden-sticks-lapins-et-autres-rongeurs.jpg\" \/>\n\t<meta property=\"og:image:width\" content=\"540\" \/>\n\t<meta property=\"og:image:height\" content=\"540\" \/>\n\t<meta property=\"og:image:type\" content=\"image\/jpeg\" \/>\n<meta name=\"twitter:card\" content=\"summary_large_image\" \/>\n<meta name=\"twitter:label1\" content=\"Prix\" \/>\n\t<meta name=\"twitter:data1\" content=\"9,80&euro;\" \/>\n\t<meta name=\"twitter:label2\" content=\"Disponibilit\u00e9\" \/>\n\t<meta name=\"twitter:data2\" content=\"En stock\" \/>\n<script type=\"application\/ld+json\" class=\"yoast-schema-graph\">{\"@context\":\"https:\/\/schema.org\",\"@graph\":[{\"@type\":\"WebPage\",\"@id\":\"https:\/\/www.vetorino.com\/boutique\/product\/friandises-garden-sticks-lapins-2\/\",\"url\":\"https:\/\/www.vetorino.com\/boutique\/product\/friandises-garden-sticks-lapins-2\/\",\"name\":\"Friandises Garden Sticks Lapins Supreme Petfoods - V\u00e9torino\",\"isPartOf\":{\"@id\":\"https:\/\/www.vetorino.com\/boutique\/#website\"},\"primaryImageOfPage\":{\"@id\":\"https:\/\/www.vetorino.com\/boutique\/product\/friandises-garden-sticks-lapins-2\/#primaryimage\"},\"image\":{\"@id\":\"https:\/\/www.vetorino.com\/boutique\/product\/friandises-garden-sticks-lapins-2\/#primaryimage\"},\"thumbnailUrl\":\"https:\/\/www.vetorino.com\/boutique\/wp-content\/uploads\/2020\/03\/selective-naturals-garden-sticks-lapins-et-autres-rongeurs.jpg\",\"datePublished\":\"2025-12-05T03:58:43+00:00\",\"dateModified\":\"2025-12-05T03:58:44+00:00\",\"description\":\"Les b\u00e2tonnets Selective Naturals Garden Sticks Pois &amp; Menthe sont de d\u00e9licieuses friandises naturelles et sans sucre ajout\u00e9s et avec une teneur en fibres \u00e9lev\u00e9e. Utilisation : Friandises naturelles pour lapins Id\u00e9ales \u00e9galement pour cobayes, octodons et chinchillas.\",\"breadcrumb\":{\"@id\":\"https:\/\/www.vetorino.com\/boutique\/product\/friandises-garden-sticks-lapins-2\/#breadcrumb\"},\"inLanguage\":\"fr-FR\",\"potentialAction\":[{\"@type\":\"ReadAction\",\"target\":[\"https:\/\/www.vetorino.com\/boutique\/product\/friandises-garden-sticks-lapins-2\/\"]}]},{\"@type\":\"ImageObject\",\"inLanguage\":\"fr-FR\",\"@id\":\"https:\/\/www.vetorino.com\/boutique\/product\/friandises-garden-sticks-lapins-2\/#primaryimage\",\"url\":\"https:\/\/www.vetorino.com\/boutique\/wp-content\/uploads\/2020\/03\/selective-naturals-garden-sticks-lapins-et-autres-rongeurs.jpg\",\"contentUrl\":\"https:\/\/www.vetorino.com\/boutique\/wp-content\/uploads\/2020\/03\/selective-naturals-garden-sticks-lapins-et-autres-rongeurs.jpg\",\"width\":540,\"height\":540},{\"@type\":\"BreadcrumbList\",\"@id\":\"https:\/\/www.vetorino.com\/boutique\/product\/friandises-garden-sticks-lapins-2\/#breadcrumb\",\"itemListElement\":[{\"@type\":\"ListItem\",\"position\":1,\"name\":\"Accueil\",\"item\":\"https:\/\/www.vetorino.com\/boutique\/\"},{\"@type\":\"ListItem\",\"position\":2,\"name\":\"Produits\",\"item\":\"https:\/\/www.vetorino.com\/boutique\/\"},{\"@type\":\"ListItem\",\"position\":3,\"name\":\"Friandises Garden Sticks Lapins\"}]},{\"@type\":\"WebSite\",\"@id\":\"https:\/\/www.vetorino.com\/boutique\/#website\",\"url\":\"https:\/\/www.vetorino.com\/boutique\/\",\"name\":\"V\u00e9torino\",\"description\":\"\",\"publisher\":{\"@id\":\"https:\/\/www.vetorino.com\/boutique\/#organization\"},\"potentialAction\":[{\"@type\":\"SearchAction\",\"target\":{\"@type\":\"EntryPoint\",\"urlTemplate\":\"https:\/\/www.vetorino.com\/boutique\/?s={search_term_string}\"},\"query-input\":{\"@type\":\"PropertyValueSpecification\",\"valueRequired\":true,\"valueName\":\"search_term_string\"}}],\"inLanguage\":\"fr-FR\"},{\"@type\":\"Organization\",\"@id\":\"https:\/\/www.vetorino.com\/boutique\/#organization\",\"name\":\"V\u00e9torino\",\"url\":\"https:\/\/www.vetorino.com\/boutique\/\",\"logo\":{\"@type\":\"ImageObject\",\"inLanguage\":\"fr-FR\",\"@id\":\"https:\/\/www.vetorino.com\/boutique\/#\/schema\/logo\/image\/\",\"url\":\"https:\/\/www.vetorino.com\/boutique\/wp-content\/uploads\/2024\/10\/logo.jpg\",\"contentUrl\":\"https:\/\/www.vetorino.com\/boutique\/wp-content\/uploads\/2024\/10\/logo.jpg\",\"width\":1200,\"height\":610,\"caption\":\"V\u00e9torino\"},\"image\":{\"@id\":\"https:\/\/www.vetorino.com\/boutique\/#\/schema\/logo\/image\/\"},\"sameAs\":[\"https:\/\/www.facebook.com\/Vetorino\/\",\"https:\/\/www.instagram.com\/vetorino_off\/\",\"https:\/\/www.linkedin.com\/company\/vtorino\/\"]}]}<\/script>\n<meta property=\"product:brand\" content=\"Supreme Petfoods\" \/>\n<meta property=\"product:price:amount\" content=\"9.80\" \/>\n<meta property=\"product:price:currency\" content=\"EUR\" \/>\n<meta property=\"og:availability\" content=\"instock\" \/>\n<meta property=\"product:availability\" content=\"instock\" \/>\n<meta property=\"product:retailer_item_id\" content=\"O-31921\" \/>\n<meta property=\"product:condition\" content=\"new\" \/>\n<!-- \/ Yoast SEO plugin. -->","yoast_head_json":{"title":"Friandises Garden Sticks Lapins Supreme Petfoods - V\u00e9torino","description":"Les b\u00e2tonnets Selective Naturals Garden Sticks Pois &amp; Menthe sont de d\u00e9licieuses friandises naturelles et sans sucre ajout\u00e9s et avec une teneur en fibres \u00e9lev\u00e9e.  Utilisation :   Friandises naturelles pour lapins  Id\u00e9ales \u00e9galement pour cobayes, octodons et chinchillas.","robots":{"index":"noindex","follow":"nofollow"},"og_locale":"fr_FR","og_type":"article","og_title":"Friandises Garden Sticks Lapins Supreme Petfoods - V\u00e9torino","og_description":"Les b\u00e2tonnets Selective Naturals Garden Sticks Pois &amp; Menthe sont de d\u00e9licieuses friandises naturelles et sans sucre ajout\u00e9s et avec une teneur en fibres \u00e9lev\u00e9e.  Utilisation :   Friandises naturelles pour lapins  Id\u00e9ales \u00e9galement pour cobayes, octodons et chinchillas.","og_url":"https:\/\/www.vetorino.com\/veterinaire\/seurre-21250\/boutique\/product\/friandises-garden-sticks-lapins-2\/","og_site_name":"V\u00e9torino","article_publisher":"https:\/\/www.facebook.com\/Vetorino\/","article_modified_time":"2025-12-05T03:58:44+00:00","og_image":[{"width":540,"height":540,"url":"https:\/\/www.vetorino.com\/boutique\/wp-content\/uploads\/2020\/03\/selective-naturals-garden-sticks-lapins-et-autres-rongeurs.jpg","type":"image\/jpeg"}],"twitter_card":"summary_large_image","twitter_misc":{"Prix":"9,80&euro;","Disponibilit\u00e9":"En stock"},"schema":{"@context":"https:\/\/schema.org","@graph":[{"@type":"WebPage","@id":"https:\/\/www.vetorino.com\/boutique\/product\/friandises-garden-sticks-lapins-2\/","url":"https:\/\/www.vetorino.com\/boutique\/product\/friandises-garden-sticks-lapins-2\/","name":"Friandises Garden Sticks Lapins Supreme Petfoods - V\u00e9torino","isPartOf":{"@id":"https:\/\/www.vetorino.com\/boutique\/#website"},"primaryImageOfPage":{"@id":"https:\/\/www.vetorino.com\/boutique\/product\/friandises-garden-sticks-lapins-2\/#primaryimage"},"image":{"@id":"https:\/\/www.vetorino.com\/boutique\/product\/friandises-garden-sticks-lapins-2\/#primaryimage"},"thumbnailUrl":"https:\/\/www.vetorino.com\/boutique\/wp-content\/uploads\/2020\/03\/selective-naturals-garden-sticks-lapins-et-autres-rongeurs.jpg","datePublished":"2025-12-05T03:58:43+00:00","dateModified":"2025-12-05T03:58:44+00:00","description":"Les b\u00e2tonnets Selective Naturals Garden Sticks Pois &amp; Menthe sont de d\u00e9licieuses friandises naturelles et sans sucre ajout\u00e9s et avec une teneur en fibres \u00e9lev\u00e9e. Utilisation : Friandises naturelles pour lapins Id\u00e9ales \u00e9galement pour cobayes, octodons et chinchillas.","breadcrumb":{"@id":"https:\/\/www.vetorino.com\/boutique\/product\/friandises-garden-sticks-lapins-2\/#breadcrumb"},"inLanguage":"fr-FR","potentialAction":[{"@type":"ReadAction","target":["https:\/\/www.vetorino.com\/boutique\/product\/friandises-garden-sticks-lapins-2\/"]}]},{"@type":"ImageObject","inLanguage":"fr-FR","@id":"https:\/\/www.vetorino.com\/boutique\/product\/friandises-garden-sticks-lapins-2\/#primaryimage","url":"https:\/\/www.vetorino.com\/boutique\/wp-content\/uploads\/2020\/03\/selective-naturals-garden-sticks-lapins-et-autres-rongeurs.jpg","contentUrl":"https:\/\/www.vetorino.com\/boutique\/wp-content\/uploads\/2020\/03\/selective-naturals-garden-sticks-lapins-et-autres-rongeurs.jpg","width":540,"height":540},{"@type":"BreadcrumbList","@id":"https:\/\/www.vetorino.com\/boutique\/product\/friandises-garden-sticks-lapins-2\/#breadcrumb","itemListElement":[{"@type":"ListItem","position":1,"name":"Accueil","item":"https:\/\/www.vetorino.com\/boutique\/"},{"@type":"ListItem","position":2,"name":"Produits","item":"https:\/\/www.vetorino.com\/boutique\/"},{"@type":"ListItem","position":3,"name":"Friandises Garden Sticks Lapins"}]},{"@type":"WebSite","@id":"https:\/\/www.vetorino.com\/boutique\/#website","url":"https:\/\/www.vetorino.com\/boutique\/","name":"V\u00e9torino","description":"","publisher":{"@id":"https:\/\/www.vetorino.com\/boutique\/#organization"},"potentialAction":[{"@type":"SearchAction","target":{"@type":"EntryPoint","urlTemplate":"https:\/\/www.vetorino.com\/boutique\/?s={search_term_string}"},"query-input":{"@type":"PropertyValueSpecification","valueRequired":true,"valueName":"search_term_string"}}],"inLanguage":"fr-FR"},{"@type":"Organization","@id":"https:\/\/www.vetorino.com\/boutique\/#organization","name":"V\u00e9torino","url":"https:\/\/www.vetorino.com\/boutique\/","logo":{"@type":"ImageObject","inLanguage":"fr-FR","@id":"https:\/\/www.vetorino.com\/boutique\/#\/schema\/logo\/image\/","url":"https:\/\/www.vetorino.com\/boutique\/wp-content\/uploads\/2024\/10\/logo.jpg","contentUrl":"https:\/\/www.vetorino.com\/boutique\/wp-content\/uploads\/2024\/10\/logo.jpg","width":1200,"height":610,"caption":"V\u00e9torino"},"image":{"@id":"https:\/\/www.vetorino.com\/boutique\/#\/schema\/logo\/image\/"},"sameAs":["https:\/\/www.facebook.com\/Vetorino\/","https:\/\/www.instagram.com\/vetorino_off\/","https:\/\/www.linkedin.com\/company\/vtorino\/"]}]},"product_brand":"Supreme Petfoods","product_price_amount":"9.80","product_price_currency":"EUR","og_availability":"instock","product_availability":"instock","product_retailer_item_id":"O-31921","product_condition":"new"},"_links":{"self":[{"href":"https:\/\/www.vetorino.com\/veterinaire\/seurre-21250\/boutique\/wp-json\/wp\/v2\/product\/1597564","targetHints":{"allow":["GET"]}}],"collection":[{"href":"https:\/\/www.vetorino.com\/veterinaire\/seurre-21250\/boutique\/wp-json\/wp\/v2\/product"}],"about":[{"href":"https:\/\/www.vetorino.com\/veterinaire\/seurre-21250\/boutique\/wp-json\/wp\/v2\/types\/product"}],"wp:featuredmedia":[{"embeddable":true,"href":"https:\/\/www.vetorino.com\/veterinaire\/seurre-21250\/boutique\/wp-json\/wp\/v2\/media\/952588"}],"wp:attachment":[{"href":"https:\/\/www.vetorino.com\/veterinaire\/seurre-21250\/boutique\/wp-json\/wp\/v2\/media?parent=1597564"}],"wp:term":[{"taxonomy":"product_cat","embeddable":true,"href":"https:\/\/www.vetorino.com\/veterinaire\/seurre-21250\/boutique\/wp-json\/wp\/v2\/product_cat?post=1597564"},{"taxonomy":"product_tag","embeddable":true,"href":"https:\/\/www.vetorino.com\/veterinaire\/seurre-21250\/boutique\/wp-json\/wp\/v2\/product_tag?post=1597564"}],"curies":[{"name":"wp","href":"https:\/\/api.w.org\/{rel}","templated":true}]}}