{"id":351150,"date":"2022-07-20T02:45:46","date_gmt":"2022-07-20T00:45:46","guid":{"rendered":"https:\/\/www.vetorino.com\/boutique\/?post_type=product&#038;p=351150"},"modified":"2024-07-17T15:19:40","modified_gmt":"2024-07-17T13:19:40","slug":"harnais-easy-walk-3","status":"publish","type":"product","link":"https:\/\/www.vetorino.com\/veterinaire\/seurre-21250\/boutique\/product\/harnais-easy-walk-3\/","title":{"rendered":"Harnais Easy Walk"},"content":{"rendered":"<p>Le harnais <strong>Easy Walk\u00ae<\/strong> est con\u00e7u pour d\u00e9courager en douceur les chiens de tirer sur leur laisse lors de la promenade. Contrairement aux colliers et harnais traditionnels, le harnais Easy Walk\u00ae ne provoque ni toux, ni \u00e9touffement, ni \u00e9trangement, car la lani\u00e8re de la poitrine repose contre le sternum. La fixation exclusive de la laisse \u00e0 l&#8217;avant de la poitrine bloque toute traction en dirigeant votre chien vers le c\u00f4t\u00e9 et en d\u00e9tournant son attention vers vous. Les boucles \u00e0 fermeture rapide facilitent l&#8217;enfilage et le retrait du harnais et les 4\u00a0points de r\u00e9glage offrent \u00e0 votre chien un confort optimal.<\/p>\n<p><strong>Caract\u00e9ristiques :<\/strong><\/p>\n<ul>\n<li>Emp\u00eache rapidement le chien de tirer sur la laisse, en pr\u00e9servant son confort<\/li>\n<li>Facile \u00e0 r\u00e9gler et \u00e0 utiliser<\/li>\n<li>Recommand\u00e9 par les v\u00e9t\u00e9rinaires et les dresseurs<\/li>\n<li>La boucle frontale \u00e0 martingale redirige les mouvements en avant et \u00e9vite les torsions<\/li>\n<li>Les 4 points de r\u00e9glage permettent un confort maximal et un r\u00e9glage fiable<\/li>\n<li>2 boucles \u00e0 fermeture rapide pour un r\u00e9glage plus facile<\/li>\n<li>En nylon souple<\/li>\n<li>Laisse en nylon de 1,8 m et guide de dressage inclus<\/li>\n<\/ul>\n<p><strong>Tableau des tailles :<\/strong><\/p>\n<table border=\"\" width=\"100%\">\n<colgroup>\n<col width=\"10%\" \/>\n<col width=\"20%\" \/>\n<col width=\"20%\" \/>\n<col width=\"20%\" \/>\n<col width=\"30%\" \/><\/colgroup>\n<tbody>\n<tr>\n<td align=\"center\"><small><b>Taille<\/b><\/small><\/td>\n<td align=\"center\"><small><b>Tour de poitrail<\/b><\/small><\/td>\n<td align=\"center\"><small><b>largeur de la sangle<\/b><\/small><\/td>\n<td align=\"center\"><small><b>Longueur \/ largeur de la laisse<\/b><\/small><\/td>\n<td align=\"center\"><small><b>Convient pour<\/b><\/small><\/td>\n<\/tr>\n<tr>\n<td align=\"center\"><small>S<\/small><\/td>\n<td align=\"center\"><small>38 &#8211; 51 cm<\/small><\/td>\n<td align=\"center\"><small>1,2 cm<\/small><\/td>\n<td align=\"center\"><small>180 \/ 1,2 cm<\/small><\/td>\n<td align=\"center\"><small>Jack Russell Terrier, shetland, caniche nain<\/small><\/td>\n<\/tr>\n<tr>\n<td align=\"center\"><small>M<\/small><\/td>\n<td align=\"center\"><small>51 &#8211; 71 cm<\/small><\/td>\n<td align=\"center\"><small>2,0 cm<\/small><\/td>\n<td align=\"center\"><small>180 \/ 2,0 cm<\/small><\/td>\n<td align=\"center\"><small>border collie, \u00e9pagneul, American Staffordshire Terrier<\/small><\/td>\n<\/tr>\n<tr>\n<td align=\"center\"><small>L<\/small><\/td>\n<td align=\"center\"><small>66 &#8211; 91 cm<\/small><\/td>\n<td align=\"center\"><small>2,5 cm<\/small><\/td>\n<td align=\"center\"><small>180 \/ 2,5 cm<\/small><\/td>\n<td align=\"center\"><small>labrador, golden retriever, berger allemand, rottweiler<\/small><\/td>\n<\/tr>\n<tr>\n<td align=\"center\"><small>XL<\/small><\/td>\n<td align=\"center\"><small>86 &#8211; 117 cm<\/small><\/td>\n<td align=\"center\"><small>2,5 cm<\/small><\/td>\n<td align=\"center\"><small>180 \/ 2,5 cm<\/small><\/td>\n<td align=\"center\"><small>l\u00e9vrier, dogue allemand<\/small><\/td>\n<\/tr>\n<\/tbody>\n<\/table>\n<p><strong>Inclus :\u00a0<\/strong><\/p>\n<ul>\n<li>Harnais PetSafe\u00ae Easy Walk\u00ae<\/li>\n<li>Laisse en nylon de 8m<\/li>\n<li>Guide d&#8217;installation<\/li>\n<\/ul>\n","protected":false},"excerpt":{"rendered":"<p>Le harnais <strong>Easy Walk\u00ae<\/strong> est con\u00e7u pour d\u00e9courager en douceur les chiens de tirer sur leur laisse lors de la promenade. Contrairement aux colliers et harnais traditionnels, le harnais Easy Walk\u00ae ne provoque ni toux, ni \u00e9touffement, ni \u00e9trangement, car la lani\u00e8re de la poitrine repose contre le sternum. La fixation exclusive de la laisse \u00e0 l&#8217;avant de la poitrine bloque toute traction en dirigeant votre chien vers le c\u00f4t\u00e9 et en d\u00e9tournant son attention vers vous. Les boucles \u00e0 fermeture rapide facilitent l&#8217;enfilage et le retrait du harnais et les 4\u00a0points de r\u00e9glage offrent \u00e0 votre chien un confort optimal.<\/p>\n","protected":false},"featured_media":592888,"template":"","meta":[],"product_cat":[12550,2786,2698,2777],"product_tag":[],"class_list":{"0":"post-351150","1":"product","2":"type-product","3":"status-publish","4":"has-post-thumbnail","6":"product_cat-accessoires-du-chien","7":"product_cat-anti-stress-et-anxiete-du-chien","8":"product_cat-chien","9":"product_cat-colliers-laisses-et-harnais-pour-chien","10":"pa_marque-petsafe","12":"first","13":"instock","14":"taxable","15":"shipping-taxable","16":"purchasable","17":"product-type-variable"},"yoast_head":"<!-- This site is optimized with the Yoast SEO plugin v26.7 - https:\/\/yoast.com\/wordpress\/plugins\/seo\/ -->\n<title>Harnais Easy Walk PetSafe - V\u00e9torino<\/title>\n<meta name=\"description\" content=\"Le harnais Easy Walk\u00ae est con\u00e7u pour d\u00e9courager en douceur les chiens de tirer sur leur laisse lors de la promenade. Contrairement aux colliers et harnais traditionnels, le harnais Easy Walk\u00ae ne provoque ni toux, ni \u00e9touffement, ni \u00e9trangement, car la lani\u00e8re de la poitrine repose contre le sternum. La fixation exclusive de la laisse \u00e0 l&#039;avant de la poitrine bloque toute traction en dirigeant votre chien vers le c\u00f4t\u00e9 et en d\u00e9tournant son attention vers vous. Les boucles \u00e0 fermeture rapide facilitent l&#039;enfilage et le retrait du harnais et les 4\u00a0points de r\u00e9glage offrent \u00e0 votre chien un confort optimal.\" \/>\n<meta name=\"robots\" content=\"noindex, nofollow\" \/>\n<meta property=\"og:locale\" content=\"fr_FR\" \/>\n<meta property=\"og:type\" content=\"article\" \/>\n<meta property=\"og:title\" content=\"Harnais Easy Walk PetSafe - V\u00e9torino\" \/>\n<meta property=\"og:description\" content=\"Le harnais Easy Walk\u00ae est con\u00e7u pour d\u00e9courager en douceur les chiens de tirer sur leur laisse lors de la promenade. Contrairement aux colliers et harnais traditionnels, le harnais Easy Walk\u00ae ne provoque ni toux, ni \u00e9touffement, ni \u00e9trangement, car la lani\u00e8re de la poitrine repose contre le sternum. La fixation exclusive de la laisse \u00e0 l&#039;avant de la poitrine bloque toute traction en dirigeant votre chien vers le c\u00f4t\u00e9 et en d\u00e9tournant son attention vers vous. Les boucles \u00e0 fermeture rapide facilitent l&#039;enfilage et le retrait du harnais et les 4\u00a0points de r\u00e9glage offrent \u00e0 votre chien un confort optimal.\" \/>\n<meta property=\"og:url\" content=\"https:\/\/www.vetorino.com\/veterinaire\/seurre-21250\/boutique\/product\/harnais-easy-walk-3\/\" \/>\n<meta property=\"og:site_name\" content=\"V\u00e9torino\" \/>\n<meta property=\"article:publisher\" content=\"https:\/\/www.facebook.com\/Vetorino\/\" \/>\n<meta property=\"article:modified_time\" content=\"2024-07-17T13:19:40+00:00\" \/>\n<meta property=\"og:image\" content=\"https:\/\/www.vetorino.com\/boutique\/wp-content\/uploads\/2022\/07\/72250_2364_72251_72365_pla_easywalk_1.jpg\" \/>\n\t<meta property=\"og:image:width\" content=\"400\" \/>\n\t<meta property=\"og:image:height\" content=\"400\" \/>\n\t<meta property=\"og:image:type\" content=\"image\/jpeg\" \/>\n<meta name=\"twitter:card\" content=\"summary_large_image\" \/>\n<meta name=\"twitter:label1\" content=\"Disponibilit\u00e9\" \/>\n\t<meta name=\"twitter:data1\" content=\"En stock\" \/>\n<script type=\"application\/ld+json\" class=\"yoast-schema-graph\">{\"@context\":\"https:\/\/schema.org\",\"@graph\":[{\"@type\":\"WebPage\",\"@id\":\"https:\/\/www.vetorino.com\/veterinaire\/vincennes-loup-94300\/boutique\/product\/harnais-easy-walk-3\/\",\"url\":\"https:\/\/www.vetorino.com\/veterinaire\/vincennes-loup-94300\/boutique\/product\/harnais-easy-walk-3\/\",\"name\":\"Harnais Easy Walk PetSafe - V\u00e9torino\",\"isPartOf\":{\"@id\":\"https:\/\/www.vetorino.com\/boutique\/#website\"},\"primaryImageOfPage\":{\"@id\":\"https:\/\/www.vetorino.com\/veterinaire\/vincennes-loup-94300\/boutique\/product\/harnais-easy-walk-3\/#primaryimage\"},\"image\":{\"@id\":\"https:\/\/www.vetorino.com\/veterinaire\/vincennes-loup-94300\/boutique\/product\/harnais-easy-walk-3\/#primaryimage\"},\"thumbnailUrl\":\"https:\/\/www.vetorino.com\/boutique\/wp-content\/uploads\/2022\/07\/72250_2364_72251_72365_pla_easywalk_1.jpg\",\"datePublished\":\"2022-07-20T00:45:46+00:00\",\"dateModified\":\"2024-07-17T13:19:40+00:00\",\"description\":\"Le harnais Easy Walk\u00ae est con\u00e7u pour d\u00e9courager en douceur les chiens de tirer sur leur laisse lors de la promenade. Contrairement aux colliers et harnais traditionnels, le harnais Easy Walk\u00ae ne provoque ni toux, ni \u00e9touffement, ni \u00e9trangement, car la lani\u00e8re de la poitrine repose contre le sternum. La fixation exclusive de la laisse \u00e0 l'avant de la poitrine bloque toute traction en dirigeant votre chien vers le c\u00f4t\u00e9 et en d\u00e9tournant son attention vers vous. Les boucles \u00e0 fermeture rapide facilitent l'enfilage et le retrait du harnais et les 4\u00a0points de r\u00e9glage offrent \u00e0 votre chien un confort optimal.\",\"breadcrumb\":{\"@id\":\"https:\/\/www.vetorino.com\/veterinaire\/vincennes-loup-94300\/boutique\/product\/harnais-easy-walk-3\/#breadcrumb\"},\"inLanguage\":\"fr-FR\",\"potentialAction\":[{\"@type\":\"ReadAction\",\"target\":[\"https:\/\/www.vetorino.com\/veterinaire\/vincennes-loup-94300\/boutique\/product\/harnais-easy-walk-3\/\"]}]},{\"@type\":\"ImageObject\",\"inLanguage\":\"fr-FR\",\"@id\":\"https:\/\/www.vetorino.com\/veterinaire\/vincennes-loup-94300\/boutique\/product\/harnais-easy-walk-3\/#primaryimage\",\"url\":\"https:\/\/www.vetorino.com\/boutique\/wp-content\/uploads\/2022\/07\/72250_2364_72251_72365_pla_easywalk_1.jpg\",\"contentUrl\":\"https:\/\/www.vetorino.com\/boutique\/wp-content\/uploads\/2022\/07\/72250_2364_72251_72365_pla_easywalk_1.jpg\",\"width\":400,\"height\":400},{\"@type\":\"BreadcrumbList\",\"@id\":\"https:\/\/www.vetorino.com\/veterinaire\/vincennes-loup-94300\/boutique\/product\/harnais-easy-walk-3\/#breadcrumb\",\"itemListElement\":[{\"@type\":\"ListItem\",\"position\":1,\"name\":\"Accueil\",\"item\":\"https:\/\/www.vetorino.com\/boutique\/\"},{\"@type\":\"ListItem\",\"position\":2,\"name\":\"Produits\",\"item\":\"https:\/\/www.vetorino.com\/boutique\/\"},{\"@type\":\"ListItem\",\"position\":3,\"name\":\"Harnais Easy Walk\"}]},{\"@type\":\"WebSite\",\"@id\":\"https:\/\/www.vetorino.com\/boutique\/#website\",\"url\":\"https:\/\/www.vetorino.com\/boutique\/\",\"name\":\"V\u00e9torino\",\"description\":\"\",\"publisher\":{\"@id\":\"https:\/\/www.vetorino.com\/boutique\/#organization\"},\"potentialAction\":[{\"@type\":\"SearchAction\",\"target\":{\"@type\":\"EntryPoint\",\"urlTemplate\":\"https:\/\/www.vetorino.com\/boutique\/?s={search_term_string}\"},\"query-input\":{\"@type\":\"PropertyValueSpecification\",\"valueRequired\":true,\"valueName\":\"search_term_string\"}}],\"inLanguage\":\"fr-FR\"},{\"@type\":\"Organization\",\"@id\":\"https:\/\/www.vetorino.com\/boutique\/#organization\",\"name\":\"V\u00e9torino\",\"url\":\"https:\/\/www.vetorino.com\/boutique\/\",\"logo\":{\"@type\":\"ImageObject\",\"inLanguage\":\"fr-FR\",\"@id\":\"https:\/\/www.vetorino.com\/boutique\/#\/schema\/logo\/image\/\",\"url\":\"https:\/\/www.vetorino.com\/boutique\/wp-content\/uploads\/2024\/10\/logo.jpg\",\"contentUrl\":\"https:\/\/www.vetorino.com\/boutique\/wp-content\/uploads\/2024\/10\/logo.jpg\",\"width\":1200,\"height\":610,\"caption\":\"V\u00e9torino\"},\"image\":{\"@id\":\"https:\/\/www.vetorino.com\/boutique\/#\/schema\/logo\/image\/\"},\"sameAs\":[\"https:\/\/www.facebook.com\/Vetorino\/\",\"https:\/\/www.instagram.com\/vetorino_off\/\",\"https:\/\/www.linkedin.com\/company\/vtorino\/\"]}]}<\/script>\n<meta property=\"product:brand\" content=\"PetSafe\" \/>\n<meta property=\"og:availability\" content=\"instock\" \/>\n<meta property=\"product:availability\" content=\"instock\" \/>\n<meta property=\"product:condition\" content=\"new\" \/>\n<!-- \/ Yoast SEO plugin. -->","yoast_head_json":{"title":"Harnais Easy Walk PetSafe - V\u00e9torino","description":"Le harnais Easy Walk\u00ae est con\u00e7u pour d\u00e9courager en douceur les chiens de tirer sur leur laisse lors de la promenade. Contrairement aux colliers et harnais traditionnels, le harnais Easy Walk\u00ae ne provoque ni toux, ni \u00e9touffement, ni \u00e9trangement, car la lani\u00e8re de la poitrine repose contre le sternum. La fixation exclusive de la laisse \u00e0 l'avant de la poitrine bloque toute traction en dirigeant votre chien vers le c\u00f4t\u00e9 et en d\u00e9tournant son attention vers vous. Les boucles \u00e0 fermeture rapide facilitent l'enfilage et le retrait du harnais et les 4\u00a0points de r\u00e9glage offrent \u00e0 votre chien un confort optimal.","robots":{"index":"noindex","follow":"nofollow"},"og_locale":"fr_FR","og_type":"article","og_title":"Harnais Easy Walk PetSafe - V\u00e9torino","og_description":"Le harnais Easy Walk\u00ae est con\u00e7u pour d\u00e9courager en douceur les chiens de tirer sur leur laisse lors de la promenade. Contrairement aux colliers et harnais traditionnels, le harnais Easy Walk\u00ae ne provoque ni toux, ni \u00e9touffement, ni \u00e9trangement, car la lani\u00e8re de la poitrine repose contre le sternum. La fixation exclusive de la laisse \u00e0 l'avant de la poitrine bloque toute traction en dirigeant votre chien vers le c\u00f4t\u00e9 et en d\u00e9tournant son attention vers vous. Les boucles \u00e0 fermeture rapide facilitent l'enfilage et le retrait du harnais et les 4\u00a0points de r\u00e9glage offrent \u00e0 votre chien un confort optimal.","og_url":"https:\/\/www.vetorino.com\/veterinaire\/seurre-21250\/boutique\/product\/harnais-easy-walk-3\/","og_site_name":"V\u00e9torino","article_publisher":"https:\/\/www.facebook.com\/Vetorino\/","article_modified_time":"2024-07-17T13:19:40+00:00","og_image":[{"width":400,"height":400,"url":"https:\/\/www.vetorino.com\/boutique\/wp-content\/uploads\/2022\/07\/72250_2364_72251_72365_pla_easywalk_1.jpg","type":"image\/jpeg"}],"twitter_card":"summary_large_image","twitter_misc":{"Disponibilit\u00e9":"En stock"},"schema":{"@context":"https:\/\/schema.org","@graph":[{"@type":"WebPage","@id":"https:\/\/www.vetorino.com\/veterinaire\/vincennes-loup-94300\/boutique\/product\/harnais-easy-walk-3\/","url":"https:\/\/www.vetorino.com\/veterinaire\/vincennes-loup-94300\/boutique\/product\/harnais-easy-walk-3\/","name":"Harnais Easy Walk PetSafe - V\u00e9torino","isPartOf":{"@id":"https:\/\/www.vetorino.com\/boutique\/#website"},"primaryImageOfPage":{"@id":"https:\/\/www.vetorino.com\/veterinaire\/vincennes-loup-94300\/boutique\/product\/harnais-easy-walk-3\/#primaryimage"},"image":{"@id":"https:\/\/www.vetorino.com\/veterinaire\/vincennes-loup-94300\/boutique\/product\/harnais-easy-walk-3\/#primaryimage"},"thumbnailUrl":"https:\/\/www.vetorino.com\/boutique\/wp-content\/uploads\/2022\/07\/72250_2364_72251_72365_pla_easywalk_1.jpg","datePublished":"2022-07-20T00:45:46+00:00","dateModified":"2024-07-17T13:19:40+00:00","description":"Le harnais Easy Walk\u00ae est con\u00e7u pour d\u00e9courager en douceur les chiens de tirer sur leur laisse lors de la promenade. Contrairement aux colliers et harnais traditionnels, le harnais Easy Walk\u00ae ne provoque ni toux, ni \u00e9touffement, ni \u00e9trangement, car la lani\u00e8re de la poitrine repose contre le sternum. La fixation exclusive de la laisse \u00e0 l'avant de la poitrine bloque toute traction en dirigeant votre chien vers le c\u00f4t\u00e9 et en d\u00e9tournant son attention vers vous. Les boucles \u00e0 fermeture rapide facilitent l'enfilage et le retrait du harnais et les 4\u00a0points de r\u00e9glage offrent \u00e0 votre chien un confort optimal.","breadcrumb":{"@id":"https:\/\/www.vetorino.com\/veterinaire\/vincennes-loup-94300\/boutique\/product\/harnais-easy-walk-3\/#breadcrumb"},"inLanguage":"fr-FR","potentialAction":[{"@type":"ReadAction","target":["https:\/\/www.vetorino.com\/veterinaire\/vincennes-loup-94300\/boutique\/product\/harnais-easy-walk-3\/"]}]},{"@type":"ImageObject","inLanguage":"fr-FR","@id":"https:\/\/www.vetorino.com\/veterinaire\/vincennes-loup-94300\/boutique\/product\/harnais-easy-walk-3\/#primaryimage","url":"https:\/\/www.vetorino.com\/boutique\/wp-content\/uploads\/2022\/07\/72250_2364_72251_72365_pla_easywalk_1.jpg","contentUrl":"https:\/\/www.vetorino.com\/boutique\/wp-content\/uploads\/2022\/07\/72250_2364_72251_72365_pla_easywalk_1.jpg","width":400,"height":400},{"@type":"BreadcrumbList","@id":"https:\/\/www.vetorino.com\/veterinaire\/vincennes-loup-94300\/boutique\/product\/harnais-easy-walk-3\/#breadcrumb","itemListElement":[{"@type":"ListItem","position":1,"name":"Accueil","item":"https:\/\/www.vetorino.com\/boutique\/"},{"@type":"ListItem","position":2,"name":"Produits","item":"https:\/\/www.vetorino.com\/boutique\/"},{"@type":"ListItem","position":3,"name":"Harnais Easy Walk"}]},{"@type":"WebSite","@id":"https:\/\/www.vetorino.com\/boutique\/#website","url":"https:\/\/www.vetorino.com\/boutique\/","name":"V\u00e9torino","description":"","publisher":{"@id":"https:\/\/www.vetorino.com\/boutique\/#organization"},"potentialAction":[{"@type":"SearchAction","target":{"@type":"EntryPoint","urlTemplate":"https:\/\/www.vetorino.com\/boutique\/?s={search_term_string}"},"query-input":{"@type":"PropertyValueSpecification","valueRequired":true,"valueName":"search_term_string"}}],"inLanguage":"fr-FR"},{"@type":"Organization","@id":"https:\/\/www.vetorino.com\/boutique\/#organization","name":"V\u00e9torino","url":"https:\/\/www.vetorino.com\/boutique\/","logo":{"@type":"ImageObject","inLanguage":"fr-FR","@id":"https:\/\/www.vetorino.com\/boutique\/#\/schema\/logo\/image\/","url":"https:\/\/www.vetorino.com\/boutique\/wp-content\/uploads\/2024\/10\/logo.jpg","contentUrl":"https:\/\/www.vetorino.com\/boutique\/wp-content\/uploads\/2024\/10\/logo.jpg","width":1200,"height":610,"caption":"V\u00e9torino"},"image":{"@id":"https:\/\/www.vetorino.com\/boutique\/#\/schema\/logo\/image\/"},"sameAs":["https:\/\/www.facebook.com\/Vetorino\/","https:\/\/www.instagram.com\/vetorino_off\/","https:\/\/www.linkedin.com\/company\/vtorino\/"]}]},"product_brand":"PetSafe","og_availability":"instock","product_availability":"instock","product_condition":"new"},"_links":{"self":[{"href":"https:\/\/www.vetorino.com\/veterinaire\/seurre-21250\/boutique\/wp-json\/wp\/v2\/product\/351150","targetHints":{"allow":["GET"]}}],"collection":[{"href":"https:\/\/www.vetorino.com\/veterinaire\/seurre-21250\/boutique\/wp-json\/wp\/v2\/product"}],"about":[{"href":"https:\/\/www.vetorino.com\/veterinaire\/seurre-21250\/boutique\/wp-json\/wp\/v2\/types\/product"}],"wp:featuredmedia":[{"embeddable":true,"href":"https:\/\/www.vetorino.com\/veterinaire\/seurre-21250\/boutique\/wp-json\/wp\/v2\/media\/592888"}],"wp:attachment":[{"href":"https:\/\/www.vetorino.com\/veterinaire\/seurre-21250\/boutique\/wp-json\/wp\/v2\/media?parent=351150"}],"wp:term":[{"taxonomy":"product_cat","embeddable":true,"href":"https:\/\/www.vetorino.com\/veterinaire\/seurre-21250\/boutique\/wp-json\/wp\/v2\/product_cat?post=351150"},{"taxonomy":"product_tag","embeddable":true,"href":"https:\/\/www.vetorino.com\/veterinaire\/seurre-21250\/boutique\/wp-json\/wp\/v2\/product_tag?post=351150"}],"curies":[{"name":"wp","href":"https:\/\/api.w.org\/{rel}","templated":true}]}}