{"id":503731,"date":"2022-11-09T17:47:42","date_gmt":"2022-11-09T16:47:42","guid":{"rendered":"https:\/\/www.vetorino.com\/boutique\/product\/life-junior-small-breed-chicken\/"},"modified":"2023-06-21T18:35:34","modified_gmt":"2023-06-21T16:35:34","slug":"life-junior-small-breed-chicken","status":"publish","type":"product","link":"https:\/\/www.vetorino.com\/veterinaire\/seurre-21250\/boutique\/product\/life-junior-small-breed-chicken\/","title":{"rendered":"Chien Life junior small Breed Poulet"},"content":{"rendered":"<p><strong>Calibra Dog Life Junior Small Breed Chicken <\/strong>est un aliment hypoallerg\u00e9nique superpremium pour chiens juniors (3-12 mois) de petites races (1-10 kg) contenant du poulet et \u00e0 faible teneur en c\u00e9r\u00e9ales (uniquement du riz). L&#8217;aliment sec complet est facilement digestible. Ses composants favorisent le bon fonctionnement de la digestion. Le m\u00e9lange \u00e9quilibr\u00e9 de vitamines et de min\u00e9raux ch\u00e9lat\u00e9s garantit le bon d\u00e9roulement du d\u00e9veloppement du jeune chien et de son immunit\u00e9 globale. Cet aliment sec complet contient des prot\u00e9ines de poulet de haute qualit\u00e9, et 85 % de la teneur totale en prot\u00e9ines est constitu\u00e9e de prot\u00e9ines d&#8217;origine animale. De plus, il contient de l&#8217;huile de saumon pour aider \u00e0 soigner la peau et le pelage brillant du chien.<\/p>\n<p><strong>Avantages :\u00a0<\/strong><\/p>\n<ul>\n<li class=\"benefit\">L&#8217;huile de saumon 3% &#8211; une source d&#8217;acides gras insatur\u00e9s om\u00e9ga-3 (EPA, DHA) n\u00e9cessaires au soutien des fonctions physiologiques de la peau et du pelage et \u00e0 l&#8217;am\u00e9lioration de leur qualit\u00e9. Elle poss\u00e8de \u00e9galement des propri\u00e9t\u00e9s anti-inflammatoires.<\/li>\n<li class=\"benefit\">Vitamines et min\u00e9raux ch\u00e9lat\u00e9s (formes organiques de min\u00e9raux hautement utilisables) &#8211; pour le bon fonctionnement de l&#8217;organisme, la pr\u00e9vention des maladies et le renforcement du syst\u00e8me immunitaire.<\/li>\n<li class=\"benefit\">Les fructo-oligosaccharides et les mannan-oligosaccharides (FOS, MOS) sont des pr\u00e9biotiques qui soutiennent la microflore intestinale et le bon fonctionnement du syst\u00e8me digestif et qui renforcent le syst\u00e8me immunitaire.<\/li>\n<li class=\"benefit\">\u03b2-glucanes stimulent et soutiennent le syst\u00e8me immunitaire. Lactobacillus acidophilus (inactiv\u00e9) &#8211; a une fonction paraprobiotique et un effet positif sur le syst\u00e8me immunitaire.<\/li>\n<\/ul>\n","protected":false},"excerpt":{"rendered":"<p><strong>Calibra Dog Life Junior Small Breed Chicken <\/strong>est un aliment hypoallerg\u00e9nique superpremium pour chiens juniors (3-12 mois) de petites races (1-10 kg) contenant du poulet et \u00e0 faible teneur en c\u00e9r\u00e9ales (uniquement du riz).<\/p>\n","protected":false},"featured_media":592714,"template":"","meta":[],"product_cat":[12552,2698],"product_tag":[],"class_list":{"0":"post-503731","1":"product","2":"type-product","3":"status-publish","4":"has-post-thumbnail","6":"product_cat-alimentation-du-chien","7":"product_cat-chien","8":"pa_marque-calibra","10":"first","11":"outofstock","12":"taxable","13":"shipping-taxable","14":"purchasable","15":"product-type-variable"},"yoast_head":"<!-- This site is optimized with the Yoast SEO plugin v26.7 - https:\/\/yoast.com\/wordpress\/plugins\/seo\/ -->\n<title>Chien Life junior small Breed Poulet Calibra - V\u00e9torino<\/title>\n<meta name=\"description\" content=\"Calibra Dog Life Junior Small Breed Chicken est un aliment hypoallerg\u00e9nique superpremium pour chiens juniors (3-12 mois) de petites races (1-10 kg) contenant du poulet et \u00e0 faible teneur en c\u00e9r\u00e9ales (uniquement du riz).\" \/>\n<meta name=\"robots\" content=\"noindex, nofollow\" \/>\n<meta property=\"og:locale\" content=\"fr_FR\" \/>\n<meta property=\"og:type\" content=\"article\" \/>\n<meta property=\"og:title\" content=\"Chien Life junior small Breed Poulet Calibra - V\u00e9torino\" \/>\n<meta property=\"og:description\" content=\"Calibra Dog Life Junior Small Breed Chicken est un aliment hypoallerg\u00e9nique superpremium pour chiens juniors (3-12 mois) de petites races (1-10 kg) contenant du poulet et \u00e0 faible teneur en c\u00e9r\u00e9ales (uniquement du riz).\" \/>\n<meta property=\"og:url\" content=\"https:\/\/www.vetorino.com\/veterinaire\/seurre-21250\/boutique\/product\/life-junior-small-breed-chicken\/\" \/>\n<meta property=\"og:site_name\" content=\"V\u00e9torino\" \/>\n<meta property=\"article:publisher\" content=\"https:\/\/www.facebook.com\/Vetorino\/\" \/>\n<meta property=\"article:modified_time\" content=\"2023-06-21T16:35:34+00:00\" \/>\n<meta property=\"og:image\" content=\"https:\/\/www.vetorino.com\/boutique\/wp-content\/uploads\/2022\/11\/cal-lf-cn-junior-small-chicken-6kg.jpg\" \/>\n\t<meta property=\"og:image:width\" content=\"800\" \/>\n\t<meta property=\"og:image:height\" content=\"800\" \/>\n\t<meta property=\"og:image:type\" content=\"image\/jpeg\" \/>\n<meta name=\"twitter:card\" content=\"summary_large_image\" \/>\n<meta name=\"twitter:label1\" content=\"Disponibilit\u00e9\" \/>\n\t<meta name=\"twitter:data1\" content=\"Rupture de stock\" \/>\n<script type=\"application\/ld+json\" class=\"yoast-schema-graph\">{\"@context\":\"https:\/\/schema.org\",\"@graph\":[{\"@type\":\"WebPage\",\"@id\":\"https:\/\/www.vetorino.com\/boutique\/product\/life-junior-small-breed-chicken\/\",\"url\":\"https:\/\/www.vetorino.com\/boutique\/product\/life-junior-small-breed-chicken\/\",\"name\":\"Chien Life junior small Breed Poulet Calibra - V\u00e9torino\",\"isPartOf\":{\"@id\":\"https:\/\/www.vetorino.com\/boutique\/#website\"},\"primaryImageOfPage\":{\"@id\":\"https:\/\/www.vetorino.com\/boutique\/product\/life-junior-small-breed-chicken\/#primaryimage\"},\"image\":{\"@id\":\"https:\/\/www.vetorino.com\/boutique\/product\/life-junior-small-breed-chicken\/#primaryimage\"},\"thumbnailUrl\":\"https:\/\/www.vetorino.com\/boutique\/wp-content\/uploads\/2022\/11\/cal-lf-cn-junior-small-chicken-6kg.jpg\",\"datePublished\":\"2022-11-09T16:47:42+00:00\",\"dateModified\":\"2023-06-21T16:35:34+00:00\",\"description\":\"Calibra Dog Life Junior Small Breed Chicken est un aliment hypoallerg\u00e9nique superpremium pour chiens juniors (3-12 mois) de petites races (1-10 kg) contenant du poulet et \u00e0 faible teneur en c\u00e9r\u00e9ales (uniquement du riz).\",\"breadcrumb\":{\"@id\":\"https:\/\/www.vetorino.com\/boutique\/product\/life-junior-small-breed-chicken\/#breadcrumb\"},\"inLanguage\":\"fr-FR\",\"potentialAction\":[{\"@type\":\"ReadAction\",\"target\":[\"https:\/\/www.vetorino.com\/boutique\/product\/life-junior-small-breed-chicken\/\"]}]},{\"@type\":\"ImageObject\",\"inLanguage\":\"fr-FR\",\"@id\":\"https:\/\/www.vetorino.com\/boutique\/product\/life-junior-small-breed-chicken\/#primaryimage\",\"url\":\"https:\/\/www.vetorino.com\/boutique\/wp-content\/uploads\/2022\/11\/cal-lf-cn-junior-small-chicken-6kg.jpg\",\"contentUrl\":\"https:\/\/www.vetorino.com\/boutique\/wp-content\/uploads\/2022\/11\/cal-lf-cn-junior-small-chicken-6kg.jpg\",\"width\":800,\"height\":800},{\"@type\":\"BreadcrumbList\",\"@id\":\"https:\/\/www.vetorino.com\/boutique\/product\/life-junior-small-breed-chicken\/#breadcrumb\",\"itemListElement\":[{\"@type\":\"ListItem\",\"position\":1,\"name\":\"Accueil\",\"item\":\"https:\/\/www.vetorino.com\/boutique\/\"},{\"@type\":\"ListItem\",\"position\":2,\"name\":\"Produits\",\"item\":\"https:\/\/www.vetorino.com\/boutique\/\"},{\"@type\":\"ListItem\",\"position\":3,\"name\":\"Chien Life junior small Breed Poulet\"}]},{\"@type\":\"WebSite\",\"@id\":\"https:\/\/www.vetorino.com\/boutique\/#website\",\"url\":\"https:\/\/www.vetorino.com\/boutique\/\",\"name\":\"V\u00e9torino\",\"description\":\"\",\"publisher\":{\"@id\":\"https:\/\/www.vetorino.com\/boutique\/#organization\"},\"potentialAction\":[{\"@type\":\"SearchAction\",\"target\":{\"@type\":\"EntryPoint\",\"urlTemplate\":\"https:\/\/www.vetorino.com\/boutique\/?s={search_term_string}\"},\"query-input\":{\"@type\":\"PropertyValueSpecification\",\"valueRequired\":true,\"valueName\":\"search_term_string\"}}],\"inLanguage\":\"fr-FR\"},{\"@type\":\"Organization\",\"@id\":\"https:\/\/www.vetorino.com\/boutique\/#organization\",\"name\":\"V\u00e9torino\",\"url\":\"https:\/\/www.vetorino.com\/boutique\/\",\"logo\":{\"@type\":\"ImageObject\",\"inLanguage\":\"fr-FR\",\"@id\":\"https:\/\/www.vetorino.com\/boutique\/#\/schema\/logo\/image\/\",\"url\":\"https:\/\/www.vetorino.com\/boutique\/wp-content\/uploads\/2024\/10\/logo.jpg\",\"contentUrl\":\"https:\/\/www.vetorino.com\/boutique\/wp-content\/uploads\/2024\/10\/logo.jpg\",\"width\":1200,\"height\":610,\"caption\":\"V\u00e9torino\"},\"image\":{\"@id\":\"https:\/\/www.vetorino.com\/boutique\/#\/schema\/logo\/image\/\"},\"sameAs\":[\"https:\/\/www.facebook.com\/Vetorino\/\",\"https:\/\/www.instagram.com\/vetorino_off\/\",\"https:\/\/www.linkedin.com\/company\/vtorino\/\"]}]}<\/script>\n<meta property=\"product:brand\" content=\"Calibra\" \/>\n<meta property=\"og:availability\" content=\"out of stock\" \/>\n<meta property=\"product:availability\" content=\"out of stock\" \/>\n<meta property=\"product:condition\" content=\"new\" \/>\n<!-- \/ Yoast SEO plugin. -->","yoast_head_json":{"title":"Chien Life junior small Breed Poulet Calibra - V\u00e9torino","description":"Calibra Dog Life Junior Small Breed Chicken est un aliment hypoallerg\u00e9nique superpremium pour chiens juniors (3-12 mois) de petites races (1-10 kg) contenant du poulet et \u00e0 faible teneur en c\u00e9r\u00e9ales (uniquement du riz).","robots":{"index":"noindex","follow":"nofollow"},"og_locale":"fr_FR","og_type":"article","og_title":"Chien Life junior small Breed Poulet Calibra - V\u00e9torino","og_description":"Calibra Dog Life Junior Small Breed Chicken est un aliment hypoallerg\u00e9nique superpremium pour chiens juniors (3-12 mois) de petites races (1-10 kg) contenant du poulet et \u00e0 faible teneur en c\u00e9r\u00e9ales (uniquement du riz).","og_url":"https:\/\/www.vetorino.com\/veterinaire\/seurre-21250\/boutique\/product\/life-junior-small-breed-chicken\/","og_site_name":"V\u00e9torino","article_publisher":"https:\/\/www.facebook.com\/Vetorino\/","article_modified_time":"2023-06-21T16:35:34+00:00","og_image":[{"width":800,"height":800,"url":"https:\/\/www.vetorino.com\/boutique\/wp-content\/uploads\/2022\/11\/cal-lf-cn-junior-small-chicken-6kg.jpg","type":"image\/jpeg"}],"twitter_card":"summary_large_image","twitter_misc":{"Disponibilit\u00e9":"Rupture de stock"},"schema":{"@context":"https:\/\/schema.org","@graph":[{"@type":"WebPage","@id":"https:\/\/www.vetorino.com\/boutique\/product\/life-junior-small-breed-chicken\/","url":"https:\/\/www.vetorino.com\/boutique\/product\/life-junior-small-breed-chicken\/","name":"Chien Life junior small Breed Poulet Calibra - V\u00e9torino","isPartOf":{"@id":"https:\/\/www.vetorino.com\/boutique\/#website"},"primaryImageOfPage":{"@id":"https:\/\/www.vetorino.com\/boutique\/product\/life-junior-small-breed-chicken\/#primaryimage"},"image":{"@id":"https:\/\/www.vetorino.com\/boutique\/product\/life-junior-small-breed-chicken\/#primaryimage"},"thumbnailUrl":"https:\/\/www.vetorino.com\/boutique\/wp-content\/uploads\/2022\/11\/cal-lf-cn-junior-small-chicken-6kg.jpg","datePublished":"2022-11-09T16:47:42+00:00","dateModified":"2023-06-21T16:35:34+00:00","description":"Calibra Dog Life Junior Small Breed Chicken est un aliment hypoallerg\u00e9nique superpremium pour chiens juniors (3-12 mois) de petites races (1-10 kg) contenant du poulet et \u00e0 faible teneur en c\u00e9r\u00e9ales (uniquement du riz).","breadcrumb":{"@id":"https:\/\/www.vetorino.com\/boutique\/product\/life-junior-small-breed-chicken\/#breadcrumb"},"inLanguage":"fr-FR","potentialAction":[{"@type":"ReadAction","target":["https:\/\/www.vetorino.com\/boutique\/product\/life-junior-small-breed-chicken\/"]}]},{"@type":"ImageObject","inLanguage":"fr-FR","@id":"https:\/\/www.vetorino.com\/boutique\/product\/life-junior-small-breed-chicken\/#primaryimage","url":"https:\/\/www.vetorino.com\/boutique\/wp-content\/uploads\/2022\/11\/cal-lf-cn-junior-small-chicken-6kg.jpg","contentUrl":"https:\/\/www.vetorino.com\/boutique\/wp-content\/uploads\/2022\/11\/cal-lf-cn-junior-small-chicken-6kg.jpg","width":800,"height":800},{"@type":"BreadcrumbList","@id":"https:\/\/www.vetorino.com\/boutique\/product\/life-junior-small-breed-chicken\/#breadcrumb","itemListElement":[{"@type":"ListItem","position":1,"name":"Accueil","item":"https:\/\/www.vetorino.com\/boutique\/"},{"@type":"ListItem","position":2,"name":"Produits","item":"https:\/\/www.vetorino.com\/boutique\/"},{"@type":"ListItem","position":3,"name":"Chien Life junior small Breed Poulet"}]},{"@type":"WebSite","@id":"https:\/\/www.vetorino.com\/boutique\/#website","url":"https:\/\/www.vetorino.com\/boutique\/","name":"V\u00e9torino","description":"","publisher":{"@id":"https:\/\/www.vetorino.com\/boutique\/#organization"},"potentialAction":[{"@type":"SearchAction","target":{"@type":"EntryPoint","urlTemplate":"https:\/\/www.vetorino.com\/boutique\/?s={search_term_string}"},"query-input":{"@type":"PropertyValueSpecification","valueRequired":true,"valueName":"search_term_string"}}],"inLanguage":"fr-FR"},{"@type":"Organization","@id":"https:\/\/www.vetorino.com\/boutique\/#organization","name":"V\u00e9torino","url":"https:\/\/www.vetorino.com\/boutique\/","logo":{"@type":"ImageObject","inLanguage":"fr-FR","@id":"https:\/\/www.vetorino.com\/boutique\/#\/schema\/logo\/image\/","url":"https:\/\/www.vetorino.com\/boutique\/wp-content\/uploads\/2024\/10\/logo.jpg","contentUrl":"https:\/\/www.vetorino.com\/boutique\/wp-content\/uploads\/2024\/10\/logo.jpg","width":1200,"height":610,"caption":"V\u00e9torino"},"image":{"@id":"https:\/\/www.vetorino.com\/boutique\/#\/schema\/logo\/image\/"},"sameAs":["https:\/\/www.facebook.com\/Vetorino\/","https:\/\/www.instagram.com\/vetorino_off\/","https:\/\/www.linkedin.com\/company\/vtorino\/"]}]},"product_brand":"Calibra","og_availability":"out of stock","product_availability":"out of stock","product_condition":"new"},"_links":{"self":[{"href":"https:\/\/www.vetorino.com\/veterinaire\/seurre-21250\/boutique\/wp-json\/wp\/v2\/product\/503731","targetHints":{"allow":["GET"]}}],"collection":[{"href":"https:\/\/www.vetorino.com\/veterinaire\/seurre-21250\/boutique\/wp-json\/wp\/v2\/product"}],"about":[{"href":"https:\/\/www.vetorino.com\/veterinaire\/seurre-21250\/boutique\/wp-json\/wp\/v2\/types\/product"}],"wp:featuredmedia":[{"embeddable":true,"href":"https:\/\/www.vetorino.com\/veterinaire\/seurre-21250\/boutique\/wp-json\/wp\/v2\/media\/592714"}],"wp:attachment":[{"href":"https:\/\/www.vetorino.com\/veterinaire\/seurre-21250\/boutique\/wp-json\/wp\/v2\/media?parent=503731"}],"wp:term":[{"taxonomy":"product_cat","embeddable":true,"href":"https:\/\/www.vetorino.com\/veterinaire\/seurre-21250\/boutique\/wp-json\/wp\/v2\/product_cat?post=503731"},{"taxonomy":"product_tag","embeddable":true,"href":"https:\/\/www.vetorino.com\/veterinaire\/seurre-21250\/boutique\/wp-json\/wp\/v2\/product_tag?post=503731"}],"curies":[{"name":"wp","href":"https:\/\/api.w.org\/{rel}","templated":true}]}}