{"id":598158,"date":"2023-04-19T12:17:37","date_gmt":"2023-04-19T10:17:37","guid":{"rendered":"https:\/\/www.vetorino.com\/boutique\/?post_type=product&#038;p=598158"},"modified":"2023-04-19T12:23:36","modified_gmt":"2023-04-19T10:23:36","slug":"brosse-magicbrush-pour-chevaux","status":"publish","type":"product","link":"https:\/\/www.vetorino.com\/veterinaire\/seurre-21250\/boutique\/product\/brosse-magicbrush-pour-chevaux\/","title":{"rendered":"Brosse Magicbrush pour chevaux"},"content":{"rendered":"<p>La structure et la forme sp\u00e9cifiques des poils nettoient et massent en m\u00eame temps et conviennent parfaitement aux sabots, aux pattes et \u00e0 la robe.<\/p>\n<ul>\n<li>M\u00e9nage les zones sensibles du cheval.<\/li>\n<li>Brosses lavables en machine si n\u00e9cessaire.<\/li>\n<li>L&#8217;arri\u00e8re peut servir de couteau de chaleur.<\/li>\n<li>Jeu de 3 brosses.<\/li>\n<\/ul>\n","protected":false},"excerpt":{"rendered":"<p>La structure et la forme sp\u00e9cifiques des poils nettoient et massent en m\u00eame temps et conviennent parfaitement aux sabots, aux pattes et \u00e0 la robe.<\/p>\n<ul>\n<li>M\u00e9nage les zones sensibles du cheval.<\/li>\n<li>Brosses lavables en machine si n\u00e9cessaire.<\/li>\n<li>L&#8217;arri\u00e8re peut servir de couteau de chaleur.<\/li>\n<li>Jeu de 3 brosses.<\/li>\n<\/ul>\n","protected":false},"featured_media":598160,"template":"","meta":[],"product_cat":[12547,12565,12754],"product_tag":[],"class_list":{"0":"post-598158","1":"product","2":"type-product","3":"status-publish","4":"has-post-thumbnail","6":"product_cat-cheval","7":"product_cat-peau-corne-crin-du-cheval","8":"product_cat-soins-au-quotidien-du-cheval","9":"pa_marque-magicbrush","11":"first","12":"instock","13":"taxable","14":"shipping-taxable","15":"purchasable","16":"product-type-variable"},"yoast_head":"<!-- This site is optimized with the Yoast SEO plugin v26.7 - https:\/\/yoast.com\/wordpress\/plugins\/seo\/ -->\n<title>Brosse Magicbrush pour chevaux Magicbrush - V\u00e9torino<\/title>\n<meta name=\"description\" content=\"La structure et la forme sp\u00e9cifiques des poils nettoient et massent en m\u00eame temps et conviennent parfaitement aux sabots, aux pattes et \u00e0 la robe.   M\u00e9nage les zones sensibles du cheval.  Brosses lavables en machine si n\u00e9cessaire.  L&#039;arri\u00e8re peut servir de couteau de chaleur.  Jeu de 3 brosses.\" \/>\n<meta name=\"robots\" content=\"noindex, nofollow\" \/>\n<meta property=\"og:locale\" content=\"fr_FR\" \/>\n<meta property=\"og:type\" content=\"article\" \/>\n<meta property=\"og:title\" content=\"Brosse Magicbrush pour chevaux Magicbrush - V\u00e9torino\" \/>\n<meta property=\"og:description\" content=\"La structure et la forme sp\u00e9cifiques des poils nettoient et massent en m\u00eame temps et conviennent parfaitement aux sabots, aux pattes et \u00e0 la robe.   M\u00e9nage les zones sensibles du cheval.  Brosses lavables en machine si n\u00e9cessaire.  L&#039;arri\u00e8re peut servir de couteau de chaleur.  Jeu de 3 brosses.\" \/>\n<meta property=\"og:url\" content=\"https:\/\/www.vetorino.com\/veterinaire\/seurre-21250\/boutique\/product\/brosse-magicbrush-pour-chevaux\/\" \/>\n<meta property=\"og:site_name\" content=\"V\u00e9torino\" \/>\n<meta property=\"article:publisher\" content=\"https:\/\/www.facebook.com\/Vetorino\/\" \/>\n<meta property=\"article:modified_time\" content=\"2023-04-19T10:23:36+00:00\" \/>\n<meta property=\"og:image\" content=\"https:\/\/www.vetorino.com\/boutique\/wp-content\/uploads\/2023\/04\/productkerbl-magicbrush-set-classic.5e6cc7.jpg\" \/>\n\t<meta property=\"og:image:width\" content=\"555\" \/>\n\t<meta property=\"og:image:height\" content=\"555\" \/>\n\t<meta property=\"og:image:type\" content=\"image\/jpeg\" \/>\n<meta name=\"twitter:card\" content=\"summary_large_image\" \/>\n<meta name=\"twitter:label1\" content=\"Disponibilit\u00e9\" \/>\n\t<meta name=\"twitter:data1\" content=\"En stock\" \/>\n<script type=\"application\/ld+json\" class=\"yoast-schema-graph\">{\"@context\":\"https:\/\/schema.org\",\"@graph\":[{\"@type\":\"WebPage\",\"@id\":\"https:\/\/www.vetorino.com\/boutique\/product\/brosse-magicbrush-pour-chevaux\/\",\"url\":\"https:\/\/www.vetorino.com\/boutique\/product\/brosse-magicbrush-pour-chevaux\/\",\"name\":\"Brosse Magicbrush pour chevaux Magicbrush - V\u00e9torino\",\"isPartOf\":{\"@id\":\"https:\/\/www.vetorino.com\/boutique\/#website\"},\"primaryImageOfPage\":{\"@id\":\"https:\/\/www.vetorino.com\/boutique\/product\/brosse-magicbrush-pour-chevaux\/#primaryimage\"},\"image\":{\"@id\":\"https:\/\/www.vetorino.com\/boutique\/product\/brosse-magicbrush-pour-chevaux\/#primaryimage\"},\"thumbnailUrl\":\"https:\/\/www.vetorino.com\/boutique\/wp-content\/uploads\/2023\/04\/productkerbl-magicbrush-set-classic.5e6cc7.jpg\",\"datePublished\":\"2023-04-19T10:17:37+00:00\",\"dateModified\":\"2023-04-19T10:23:36+00:00\",\"description\":\"La structure et la forme sp\u00e9cifiques des poils nettoient et massent en m\u00eame temps et conviennent parfaitement aux sabots, aux pattes et \u00e0 la robe. M\u00e9nage les zones sensibles du cheval. Brosses lavables en machine si n\u00e9cessaire. L'arri\u00e8re peut servir de couteau de chaleur. Jeu de 3 brosses.\",\"breadcrumb\":{\"@id\":\"https:\/\/www.vetorino.com\/boutique\/product\/brosse-magicbrush-pour-chevaux\/#breadcrumb\"},\"inLanguage\":\"fr-FR\",\"potentialAction\":[{\"@type\":\"ReadAction\",\"target\":[\"https:\/\/www.vetorino.com\/boutique\/product\/brosse-magicbrush-pour-chevaux\/\"]}]},{\"@type\":\"ImageObject\",\"inLanguage\":\"fr-FR\",\"@id\":\"https:\/\/www.vetorino.com\/boutique\/product\/brosse-magicbrush-pour-chevaux\/#primaryimage\",\"url\":\"https:\/\/www.vetorino.com\/boutique\/wp-content\/uploads\/2023\/04\/productkerbl-magicbrush-set-classic.5e6cc7.jpg\",\"contentUrl\":\"https:\/\/www.vetorino.com\/boutique\/wp-content\/uploads\/2023\/04\/productkerbl-magicbrush-set-classic.5e6cc7.jpg\",\"width\":555,\"height\":555},{\"@type\":\"BreadcrumbList\",\"@id\":\"https:\/\/www.vetorino.com\/boutique\/product\/brosse-magicbrush-pour-chevaux\/#breadcrumb\",\"itemListElement\":[{\"@type\":\"ListItem\",\"position\":1,\"name\":\"Accueil\",\"item\":\"https:\/\/www.vetorino.com\/boutique\/\"},{\"@type\":\"ListItem\",\"position\":2,\"name\":\"Produits\",\"item\":\"https:\/\/www.vetorino.com\/boutique\/\"},{\"@type\":\"ListItem\",\"position\":3,\"name\":\"Brosse Magicbrush pour chevaux\"}]},{\"@type\":\"WebSite\",\"@id\":\"https:\/\/www.vetorino.com\/boutique\/#website\",\"url\":\"https:\/\/www.vetorino.com\/boutique\/\",\"name\":\"V\u00e9torino\",\"description\":\"\",\"publisher\":{\"@id\":\"https:\/\/www.vetorino.com\/boutique\/#organization\"},\"potentialAction\":[{\"@type\":\"SearchAction\",\"target\":{\"@type\":\"EntryPoint\",\"urlTemplate\":\"https:\/\/www.vetorino.com\/boutique\/?s={search_term_string}\"},\"query-input\":{\"@type\":\"PropertyValueSpecification\",\"valueRequired\":true,\"valueName\":\"search_term_string\"}}],\"inLanguage\":\"fr-FR\"},{\"@type\":\"Organization\",\"@id\":\"https:\/\/www.vetorino.com\/boutique\/#organization\",\"name\":\"V\u00e9torino\",\"url\":\"https:\/\/www.vetorino.com\/boutique\/\",\"logo\":{\"@type\":\"ImageObject\",\"inLanguage\":\"fr-FR\",\"@id\":\"https:\/\/www.vetorino.com\/boutique\/#\/schema\/logo\/image\/\",\"url\":\"https:\/\/www.vetorino.com\/boutique\/wp-content\/uploads\/2024\/10\/logo.jpg\",\"contentUrl\":\"https:\/\/www.vetorino.com\/boutique\/wp-content\/uploads\/2024\/10\/logo.jpg\",\"width\":1200,\"height\":610,\"caption\":\"V\u00e9torino\"},\"image\":{\"@id\":\"https:\/\/www.vetorino.com\/boutique\/#\/schema\/logo\/image\/\"},\"sameAs\":[\"https:\/\/www.facebook.com\/Vetorino\/\",\"https:\/\/www.instagram.com\/vetorino_off\/\",\"https:\/\/www.linkedin.com\/company\/vtorino\/\"]}]}<\/script>\n<meta property=\"product:brand\" content=\"Magicbrush\" \/>\n<meta property=\"og:availability\" content=\"instock\" \/>\n<meta property=\"product:availability\" content=\"instock\" \/>\n<meta property=\"product:condition\" content=\"new\" \/>\n<!-- \/ Yoast SEO plugin. -->","yoast_head_json":{"title":"Brosse Magicbrush pour chevaux Magicbrush - V\u00e9torino","description":"La structure et la forme sp\u00e9cifiques des poils nettoient et massent en m\u00eame temps et conviennent parfaitement aux sabots, aux pattes et \u00e0 la robe.   M\u00e9nage les zones sensibles du cheval.  Brosses lavables en machine si n\u00e9cessaire.  L'arri\u00e8re peut servir de couteau de chaleur.  Jeu de 3 brosses.","robots":{"index":"noindex","follow":"nofollow"},"og_locale":"fr_FR","og_type":"article","og_title":"Brosse Magicbrush pour chevaux Magicbrush - V\u00e9torino","og_description":"La structure et la forme sp\u00e9cifiques des poils nettoient et massent en m\u00eame temps et conviennent parfaitement aux sabots, aux pattes et \u00e0 la robe.   M\u00e9nage les zones sensibles du cheval.  Brosses lavables en machine si n\u00e9cessaire.  L'arri\u00e8re peut servir de couteau de chaleur.  Jeu de 3 brosses.","og_url":"https:\/\/www.vetorino.com\/veterinaire\/seurre-21250\/boutique\/product\/brosse-magicbrush-pour-chevaux\/","og_site_name":"V\u00e9torino","article_publisher":"https:\/\/www.facebook.com\/Vetorino\/","article_modified_time":"2023-04-19T10:23:36+00:00","og_image":[{"width":555,"height":555,"url":"https:\/\/www.vetorino.com\/boutique\/wp-content\/uploads\/2023\/04\/productkerbl-magicbrush-set-classic.5e6cc7.jpg","type":"image\/jpeg"}],"twitter_card":"summary_large_image","twitter_misc":{"Disponibilit\u00e9":"En stock"},"schema":{"@context":"https:\/\/schema.org","@graph":[{"@type":"WebPage","@id":"https:\/\/www.vetorino.com\/boutique\/product\/brosse-magicbrush-pour-chevaux\/","url":"https:\/\/www.vetorino.com\/boutique\/product\/brosse-magicbrush-pour-chevaux\/","name":"Brosse Magicbrush pour chevaux Magicbrush - V\u00e9torino","isPartOf":{"@id":"https:\/\/www.vetorino.com\/boutique\/#website"},"primaryImageOfPage":{"@id":"https:\/\/www.vetorino.com\/boutique\/product\/brosse-magicbrush-pour-chevaux\/#primaryimage"},"image":{"@id":"https:\/\/www.vetorino.com\/boutique\/product\/brosse-magicbrush-pour-chevaux\/#primaryimage"},"thumbnailUrl":"https:\/\/www.vetorino.com\/boutique\/wp-content\/uploads\/2023\/04\/productkerbl-magicbrush-set-classic.5e6cc7.jpg","datePublished":"2023-04-19T10:17:37+00:00","dateModified":"2023-04-19T10:23:36+00:00","description":"La structure et la forme sp\u00e9cifiques des poils nettoient et massent en m\u00eame temps et conviennent parfaitement aux sabots, aux pattes et \u00e0 la robe. M\u00e9nage les zones sensibles du cheval. Brosses lavables en machine si n\u00e9cessaire. L'arri\u00e8re peut servir de couteau de chaleur. Jeu de 3 brosses.","breadcrumb":{"@id":"https:\/\/www.vetorino.com\/boutique\/product\/brosse-magicbrush-pour-chevaux\/#breadcrumb"},"inLanguage":"fr-FR","potentialAction":[{"@type":"ReadAction","target":["https:\/\/www.vetorino.com\/boutique\/product\/brosse-magicbrush-pour-chevaux\/"]}]},{"@type":"ImageObject","inLanguage":"fr-FR","@id":"https:\/\/www.vetorino.com\/boutique\/product\/brosse-magicbrush-pour-chevaux\/#primaryimage","url":"https:\/\/www.vetorino.com\/boutique\/wp-content\/uploads\/2023\/04\/productkerbl-magicbrush-set-classic.5e6cc7.jpg","contentUrl":"https:\/\/www.vetorino.com\/boutique\/wp-content\/uploads\/2023\/04\/productkerbl-magicbrush-set-classic.5e6cc7.jpg","width":555,"height":555},{"@type":"BreadcrumbList","@id":"https:\/\/www.vetorino.com\/boutique\/product\/brosse-magicbrush-pour-chevaux\/#breadcrumb","itemListElement":[{"@type":"ListItem","position":1,"name":"Accueil","item":"https:\/\/www.vetorino.com\/boutique\/"},{"@type":"ListItem","position":2,"name":"Produits","item":"https:\/\/www.vetorino.com\/boutique\/"},{"@type":"ListItem","position":3,"name":"Brosse Magicbrush pour chevaux"}]},{"@type":"WebSite","@id":"https:\/\/www.vetorino.com\/boutique\/#website","url":"https:\/\/www.vetorino.com\/boutique\/","name":"V\u00e9torino","description":"","publisher":{"@id":"https:\/\/www.vetorino.com\/boutique\/#organization"},"potentialAction":[{"@type":"SearchAction","target":{"@type":"EntryPoint","urlTemplate":"https:\/\/www.vetorino.com\/boutique\/?s={search_term_string}"},"query-input":{"@type":"PropertyValueSpecification","valueRequired":true,"valueName":"search_term_string"}}],"inLanguage":"fr-FR"},{"@type":"Organization","@id":"https:\/\/www.vetorino.com\/boutique\/#organization","name":"V\u00e9torino","url":"https:\/\/www.vetorino.com\/boutique\/","logo":{"@type":"ImageObject","inLanguage":"fr-FR","@id":"https:\/\/www.vetorino.com\/boutique\/#\/schema\/logo\/image\/","url":"https:\/\/www.vetorino.com\/boutique\/wp-content\/uploads\/2024\/10\/logo.jpg","contentUrl":"https:\/\/www.vetorino.com\/boutique\/wp-content\/uploads\/2024\/10\/logo.jpg","width":1200,"height":610,"caption":"V\u00e9torino"},"image":{"@id":"https:\/\/www.vetorino.com\/boutique\/#\/schema\/logo\/image\/"},"sameAs":["https:\/\/www.facebook.com\/Vetorino\/","https:\/\/www.instagram.com\/vetorino_off\/","https:\/\/www.linkedin.com\/company\/vtorino\/"]}]},"product_brand":"Magicbrush","og_availability":"instock","product_availability":"instock","product_condition":"new"},"_links":{"self":[{"href":"https:\/\/www.vetorino.com\/veterinaire\/seurre-21250\/boutique\/wp-json\/wp\/v2\/product\/598158","targetHints":{"allow":["GET"]}}],"collection":[{"href":"https:\/\/www.vetorino.com\/veterinaire\/seurre-21250\/boutique\/wp-json\/wp\/v2\/product"}],"about":[{"href":"https:\/\/www.vetorino.com\/veterinaire\/seurre-21250\/boutique\/wp-json\/wp\/v2\/types\/product"}],"wp:featuredmedia":[{"embeddable":true,"href":"https:\/\/www.vetorino.com\/veterinaire\/seurre-21250\/boutique\/wp-json\/wp\/v2\/media\/598160"}],"wp:attachment":[{"href":"https:\/\/www.vetorino.com\/veterinaire\/seurre-21250\/boutique\/wp-json\/wp\/v2\/media?parent=598158"}],"wp:term":[{"taxonomy":"product_cat","embeddable":true,"href":"https:\/\/www.vetorino.com\/veterinaire\/seurre-21250\/boutique\/wp-json\/wp\/v2\/product_cat?post=598158"},{"taxonomy":"product_tag","embeddable":true,"href":"https:\/\/www.vetorino.com\/veterinaire\/seurre-21250\/boutique\/wp-json\/wp\/v2\/product_tag?post=598158"}],"curies":[{"name":"wp","href":"https:\/\/api.w.org\/{rel}","templated":true}]}}