{"id":601749,"date":"2023-04-25T09:54:17","date_gmt":"2023-04-25T07:54:17","guid":{"rendered":"https:\/\/www.vetorino.com\/boutique\/?post_type=product&#038;p=601749"},"modified":"2023-04-25T10:13:18","modified_gmt":"2023-04-25T08:13:18","slug":"medical-pet-shirt-chien","status":"publish","type":"product","link":"https:\/\/www.vetorino.com\/veterinaire\/seurre-21250\/boutique\/product\/medical-pet-shirt-chien\/","title":{"rendered":"Medical Pet Shirt Chien"},"content":{"rendered":"<p>La combinaison de protection Medical Pet Shirt a \u00e9t\u00e9 sp\u00e9cialement con\u00e7u pour les animaux de compagnie. Il s\u2019ajuste \u00e0 leur morphologie et les ouvertures sont adapt\u00e9es \u00e0 l\u2019anatomie de l\u2019animal. Il est fabriqu\u00e9 en coton et tissu stretch, ce qui permet \u00e0 l\u2019animal de conserver toute sa libert\u00e9 de mouvement. La partie arri\u00e8re ouvrable permet d&#8217;ouvrir et d\u2019\u00f4ter facilement le Medical Pet Shirt.<\/p>\n<ul class=\"usps\">\n<li>Recommand\u00e9 par les v\u00e9t\u00e9rinaires<\/li>\n<li>Alternative pour le collier (\u00e9lisab\u00e9thain)<\/li>\n<li>Remplacement d&#8217;un pansement<\/li>\n<li>Les chiens bougent confortablement<\/li>\n<li>Sans substances toxiques<\/li>\n<li>Design respirant brevet\u00e9<\/li>\n<li>Syst\u00e8me de retenue facil pour les promenades<\/li>\n<li>Lavable dans la machine &amp; r\u00e9utilisable<\/li>\n<li>Disponible dans 11 tailles et 2 imprim\u00e9s<\/li>\n<\/ul>\n<p>&nbsp;<\/p>\n","protected":false},"excerpt":{"rendered":"<p>La combinaison de protection Medical Pet Shirt a \u00e9t\u00e9 sp\u00e9cialement con\u00e7u pour les animaux de compagnie. Il s\u2019ajuste \u00e0 leur morphologie et les ouvertures sont adapt\u00e9es \u00e0 l\u2019anatomie de l\u2019animal. Il est fabriqu\u00e9 en coton et tissu stretch, ce qui permet \u00e0 l\u2019animal de conserver toute sa libert\u00e9 de mouvement. La partie arri\u00e8re ouvrable permet d&#8217;ouvrir et d\u2019\u00f4ter facilement le Medical Pet Shirt.<\/p>\n<p>&nbsp;<\/p>\n","protected":false},"featured_media":601761,"template":"","meta":[],"product_cat":[2786,2698],"product_tag":[],"class_list":{"0":"post-601749","1":"product","2":"type-product","3":"status-publish","4":"has-post-thumbnail","6":"product_cat-anti-stress-et-anxiete-du-chien","7":"product_cat-chien","8":"pa_marque-mps","10":"first","11":"instock","12":"taxable","13":"shipping-taxable","14":"purchasable","15":"product-type-variable"},"yoast_head":"<!-- This site is optimized with the Yoast SEO plugin v26.7 - https:\/\/yoast.com\/wordpress\/plugins\/seo\/ -->\n<title>Medical Pet Shirt Chien MPS - V\u00e9torino<\/title>\n<meta name=\"description\" content=\"La combinaison de protection Medical Pet Shirt a \u00e9t\u00e9 sp\u00e9cialement con\u00e7u pour les animaux de compagnie. Il s\u2019ajuste \u00e0 leur morphologie et les ouvertures sont adapt\u00e9es \u00e0 l\u2019anatomie de l\u2019animal. Il est fabriqu\u00e9 en coton et tissu stretch, ce qui permet \u00e0 l\u2019animal de conserver toute sa libert\u00e9 de mouvement. La partie arri\u00e8re ouvrable permet d&#039;ouvrir et d\u2019\u00f4ter facilement le Medical Pet Shirt.  &nbsp;\" \/>\n<meta name=\"robots\" content=\"noindex, nofollow\" \/>\n<meta property=\"og:locale\" content=\"fr_FR\" \/>\n<meta property=\"og:type\" content=\"article\" \/>\n<meta property=\"og:title\" content=\"Medical Pet Shirt Chien MPS - V\u00e9torino\" \/>\n<meta property=\"og:description\" content=\"La combinaison de protection Medical Pet Shirt a \u00e9t\u00e9 sp\u00e9cialement con\u00e7u pour les animaux de compagnie. Il s\u2019ajuste \u00e0 leur morphologie et les ouvertures sont adapt\u00e9es \u00e0 l\u2019anatomie de l\u2019animal. Il est fabriqu\u00e9 en coton et tissu stretch, ce qui permet \u00e0 l\u2019animal de conserver toute sa libert\u00e9 de mouvement. La partie arri\u00e8re ouvrable permet d&#039;ouvrir et d\u2019\u00f4ter facilement le Medical Pet Shirt.  &nbsp;\" \/>\n<meta property=\"og:url\" content=\"https:\/\/www.vetorino.com\/veterinaire\/seurre-21250\/boutique\/product\/medical-pet-shirt-chien\/\" \/>\n<meta property=\"og:site_name\" content=\"V\u00e9torino\" \/>\n<meta property=\"article:publisher\" content=\"https:\/\/www.facebook.com\/Vetorino\/\" \/>\n<meta property=\"article:modified_time\" content=\"2023-04-25T08:13:18+00:00\" \/>\n<meta property=\"og:image\" content=\"https:\/\/www.vetorino.com\/boutique\/wp-content\/uploads\/2023\/04\/MPS_PRODUCT-WHITE-BG_MEDICAL-PET-SHIRT-DOG_BLUE_07_2020_V01-2-0x1200-c-default.png\" \/>\n\t<meta property=\"og:image:width\" content=\"1200\" \/>\n\t<meta property=\"og:image:height\" content=\"1200\" \/>\n\t<meta property=\"og:image:type\" content=\"image\/png\" \/>\n<meta name=\"twitter:card\" content=\"summary_large_image\" \/>\n<meta name=\"twitter:label1\" content=\"Disponibilit\u00e9\" \/>\n\t<meta name=\"twitter:data1\" content=\"En stock\" \/>\n<script type=\"application\/ld+json\" class=\"yoast-schema-graph\">{\"@context\":\"https:\/\/schema.org\",\"@graph\":[{\"@type\":\"WebPage\",\"@id\":\"https:\/\/www.vetorino.com\/boutique\/product\/medical-pet-shirt-chien\/\",\"url\":\"https:\/\/www.vetorino.com\/boutique\/product\/medical-pet-shirt-chien\/\",\"name\":\"Medical Pet Shirt Chien MPS - V\u00e9torino\",\"isPartOf\":{\"@id\":\"https:\/\/www.vetorino.com\/boutique\/#website\"},\"primaryImageOfPage\":{\"@id\":\"https:\/\/www.vetorino.com\/boutique\/product\/medical-pet-shirt-chien\/#primaryimage\"},\"image\":{\"@id\":\"https:\/\/www.vetorino.com\/boutique\/product\/medical-pet-shirt-chien\/#primaryimage\"},\"thumbnailUrl\":\"https:\/\/www.vetorino.com\/boutique\/wp-content\/uploads\/2023\/04\/MPS_PRODUCT-WHITE-BG_MEDICAL-PET-SHIRT-DOG_BLUE_07_2020_V01-2-0x1200-c-default.png\",\"datePublished\":\"2023-04-25T07:54:17+00:00\",\"dateModified\":\"2023-04-25T08:13:18+00:00\",\"description\":\"La combinaison de protection Medical Pet Shirt a \u00e9t\u00e9 sp\u00e9cialement con\u00e7u pour les animaux de compagnie. Il s\u2019ajuste \u00e0 leur morphologie et les ouvertures sont adapt\u00e9es \u00e0 l\u2019anatomie de l\u2019animal. Il est fabriqu\u00e9 en coton et tissu stretch, ce qui permet \u00e0 l\u2019animal de conserver toute sa libert\u00e9 de mouvement. La partie arri\u00e8re ouvrable permet d'ouvrir et d\u2019\u00f4ter facilement le Medical Pet Shirt. &nbsp;\",\"breadcrumb\":{\"@id\":\"https:\/\/www.vetorino.com\/boutique\/product\/medical-pet-shirt-chien\/#breadcrumb\"},\"inLanguage\":\"fr-FR\",\"potentialAction\":[{\"@type\":\"ReadAction\",\"target\":[\"https:\/\/www.vetorino.com\/boutique\/product\/medical-pet-shirt-chien\/\"]}]},{\"@type\":\"ImageObject\",\"inLanguage\":\"fr-FR\",\"@id\":\"https:\/\/www.vetorino.com\/boutique\/product\/medical-pet-shirt-chien\/#primaryimage\",\"url\":\"https:\/\/www.vetorino.com\/boutique\/wp-content\/uploads\/2023\/04\/MPS_PRODUCT-WHITE-BG_MEDICAL-PET-SHIRT-DOG_BLUE_07_2020_V01-2-0x1200-c-default.png\",\"contentUrl\":\"https:\/\/www.vetorino.com\/boutique\/wp-content\/uploads\/2023\/04\/MPS_PRODUCT-WHITE-BG_MEDICAL-PET-SHIRT-DOG_BLUE_07_2020_V01-2-0x1200-c-default.png\",\"width\":1200,\"height\":1200},{\"@type\":\"BreadcrumbList\",\"@id\":\"https:\/\/www.vetorino.com\/boutique\/product\/medical-pet-shirt-chien\/#breadcrumb\",\"itemListElement\":[{\"@type\":\"ListItem\",\"position\":1,\"name\":\"Accueil\",\"item\":\"https:\/\/www.vetorino.com\/boutique\/\"},{\"@type\":\"ListItem\",\"position\":2,\"name\":\"Produits\",\"item\":\"https:\/\/www.vetorino.com\/boutique\/\"},{\"@type\":\"ListItem\",\"position\":3,\"name\":\"Medical Pet Shirt Chien\"}]},{\"@type\":\"WebSite\",\"@id\":\"https:\/\/www.vetorino.com\/boutique\/#website\",\"url\":\"https:\/\/www.vetorino.com\/boutique\/\",\"name\":\"V\u00e9torino\",\"description\":\"\",\"publisher\":{\"@id\":\"https:\/\/www.vetorino.com\/boutique\/#organization\"},\"potentialAction\":[{\"@type\":\"SearchAction\",\"target\":{\"@type\":\"EntryPoint\",\"urlTemplate\":\"https:\/\/www.vetorino.com\/boutique\/?s={search_term_string}\"},\"query-input\":{\"@type\":\"PropertyValueSpecification\",\"valueRequired\":true,\"valueName\":\"search_term_string\"}}],\"inLanguage\":\"fr-FR\"},{\"@type\":\"Organization\",\"@id\":\"https:\/\/www.vetorino.com\/boutique\/#organization\",\"name\":\"V\u00e9torino\",\"url\":\"https:\/\/www.vetorino.com\/boutique\/\",\"logo\":{\"@type\":\"ImageObject\",\"inLanguage\":\"fr-FR\",\"@id\":\"https:\/\/www.vetorino.com\/boutique\/#\/schema\/logo\/image\/\",\"url\":\"https:\/\/www.vetorino.com\/boutique\/wp-content\/uploads\/2024\/10\/logo.jpg\",\"contentUrl\":\"https:\/\/www.vetorino.com\/boutique\/wp-content\/uploads\/2024\/10\/logo.jpg\",\"width\":1200,\"height\":610,\"caption\":\"V\u00e9torino\"},\"image\":{\"@id\":\"https:\/\/www.vetorino.com\/boutique\/#\/schema\/logo\/image\/\"},\"sameAs\":[\"https:\/\/www.facebook.com\/Vetorino\/\",\"https:\/\/www.instagram.com\/vetorino_off\/\",\"https:\/\/www.linkedin.com\/company\/vtorino\/\"]}]}<\/script>\n<meta property=\"product:brand\" content=\"MPS\" \/>\n<meta property=\"og:availability\" content=\"instock\" \/>\n<meta property=\"product:availability\" content=\"instock\" \/>\n<meta property=\"product:condition\" content=\"new\" \/>\n<!-- \/ Yoast SEO plugin. -->","yoast_head_json":{"title":"Medical Pet Shirt Chien MPS - V\u00e9torino","description":"La combinaison de protection Medical Pet Shirt a \u00e9t\u00e9 sp\u00e9cialement con\u00e7u pour les animaux de compagnie. Il s\u2019ajuste \u00e0 leur morphologie et les ouvertures sont adapt\u00e9es \u00e0 l\u2019anatomie de l\u2019animal. Il est fabriqu\u00e9 en coton et tissu stretch, ce qui permet \u00e0 l\u2019animal de conserver toute sa libert\u00e9 de mouvement. La partie arri\u00e8re ouvrable permet d'ouvrir et d\u2019\u00f4ter facilement le Medical Pet Shirt.  &nbsp;","robots":{"index":"noindex","follow":"nofollow"},"og_locale":"fr_FR","og_type":"article","og_title":"Medical Pet Shirt Chien MPS - V\u00e9torino","og_description":"La combinaison de protection Medical Pet Shirt a \u00e9t\u00e9 sp\u00e9cialement con\u00e7u pour les animaux de compagnie. Il s\u2019ajuste \u00e0 leur morphologie et les ouvertures sont adapt\u00e9es \u00e0 l\u2019anatomie de l\u2019animal. Il est fabriqu\u00e9 en coton et tissu stretch, ce qui permet \u00e0 l\u2019animal de conserver toute sa libert\u00e9 de mouvement. La partie arri\u00e8re ouvrable permet d'ouvrir et d\u2019\u00f4ter facilement le Medical Pet Shirt.  &nbsp;","og_url":"https:\/\/www.vetorino.com\/veterinaire\/seurre-21250\/boutique\/product\/medical-pet-shirt-chien\/","og_site_name":"V\u00e9torino","article_publisher":"https:\/\/www.facebook.com\/Vetorino\/","article_modified_time":"2023-04-25T08:13:18+00:00","og_image":[{"width":1200,"height":1200,"url":"https:\/\/www.vetorino.com\/boutique\/wp-content\/uploads\/2023\/04\/MPS_PRODUCT-WHITE-BG_MEDICAL-PET-SHIRT-DOG_BLUE_07_2020_V01-2-0x1200-c-default.png","type":"image\/png"}],"twitter_card":"summary_large_image","twitter_misc":{"Disponibilit\u00e9":"En stock"},"schema":{"@context":"https:\/\/schema.org","@graph":[{"@type":"WebPage","@id":"https:\/\/www.vetorino.com\/boutique\/product\/medical-pet-shirt-chien\/","url":"https:\/\/www.vetorino.com\/boutique\/product\/medical-pet-shirt-chien\/","name":"Medical Pet Shirt Chien MPS - V\u00e9torino","isPartOf":{"@id":"https:\/\/www.vetorino.com\/boutique\/#website"},"primaryImageOfPage":{"@id":"https:\/\/www.vetorino.com\/boutique\/product\/medical-pet-shirt-chien\/#primaryimage"},"image":{"@id":"https:\/\/www.vetorino.com\/boutique\/product\/medical-pet-shirt-chien\/#primaryimage"},"thumbnailUrl":"https:\/\/www.vetorino.com\/boutique\/wp-content\/uploads\/2023\/04\/MPS_PRODUCT-WHITE-BG_MEDICAL-PET-SHIRT-DOG_BLUE_07_2020_V01-2-0x1200-c-default.png","datePublished":"2023-04-25T07:54:17+00:00","dateModified":"2023-04-25T08:13:18+00:00","description":"La combinaison de protection Medical Pet Shirt a \u00e9t\u00e9 sp\u00e9cialement con\u00e7u pour les animaux de compagnie. Il s\u2019ajuste \u00e0 leur morphologie et les ouvertures sont adapt\u00e9es \u00e0 l\u2019anatomie de l\u2019animal. Il est fabriqu\u00e9 en coton et tissu stretch, ce qui permet \u00e0 l\u2019animal de conserver toute sa libert\u00e9 de mouvement. La partie arri\u00e8re ouvrable permet d'ouvrir et d\u2019\u00f4ter facilement le Medical Pet Shirt. &nbsp;","breadcrumb":{"@id":"https:\/\/www.vetorino.com\/boutique\/product\/medical-pet-shirt-chien\/#breadcrumb"},"inLanguage":"fr-FR","potentialAction":[{"@type":"ReadAction","target":["https:\/\/www.vetorino.com\/boutique\/product\/medical-pet-shirt-chien\/"]}]},{"@type":"ImageObject","inLanguage":"fr-FR","@id":"https:\/\/www.vetorino.com\/boutique\/product\/medical-pet-shirt-chien\/#primaryimage","url":"https:\/\/www.vetorino.com\/boutique\/wp-content\/uploads\/2023\/04\/MPS_PRODUCT-WHITE-BG_MEDICAL-PET-SHIRT-DOG_BLUE_07_2020_V01-2-0x1200-c-default.png","contentUrl":"https:\/\/www.vetorino.com\/boutique\/wp-content\/uploads\/2023\/04\/MPS_PRODUCT-WHITE-BG_MEDICAL-PET-SHIRT-DOG_BLUE_07_2020_V01-2-0x1200-c-default.png","width":1200,"height":1200},{"@type":"BreadcrumbList","@id":"https:\/\/www.vetorino.com\/boutique\/product\/medical-pet-shirt-chien\/#breadcrumb","itemListElement":[{"@type":"ListItem","position":1,"name":"Accueil","item":"https:\/\/www.vetorino.com\/boutique\/"},{"@type":"ListItem","position":2,"name":"Produits","item":"https:\/\/www.vetorino.com\/boutique\/"},{"@type":"ListItem","position":3,"name":"Medical Pet Shirt Chien"}]},{"@type":"WebSite","@id":"https:\/\/www.vetorino.com\/boutique\/#website","url":"https:\/\/www.vetorino.com\/boutique\/","name":"V\u00e9torino","description":"","publisher":{"@id":"https:\/\/www.vetorino.com\/boutique\/#organization"},"potentialAction":[{"@type":"SearchAction","target":{"@type":"EntryPoint","urlTemplate":"https:\/\/www.vetorino.com\/boutique\/?s={search_term_string}"},"query-input":{"@type":"PropertyValueSpecification","valueRequired":true,"valueName":"search_term_string"}}],"inLanguage":"fr-FR"},{"@type":"Organization","@id":"https:\/\/www.vetorino.com\/boutique\/#organization","name":"V\u00e9torino","url":"https:\/\/www.vetorino.com\/boutique\/","logo":{"@type":"ImageObject","inLanguage":"fr-FR","@id":"https:\/\/www.vetorino.com\/boutique\/#\/schema\/logo\/image\/","url":"https:\/\/www.vetorino.com\/boutique\/wp-content\/uploads\/2024\/10\/logo.jpg","contentUrl":"https:\/\/www.vetorino.com\/boutique\/wp-content\/uploads\/2024\/10\/logo.jpg","width":1200,"height":610,"caption":"V\u00e9torino"},"image":{"@id":"https:\/\/www.vetorino.com\/boutique\/#\/schema\/logo\/image\/"},"sameAs":["https:\/\/www.facebook.com\/Vetorino\/","https:\/\/www.instagram.com\/vetorino_off\/","https:\/\/www.linkedin.com\/company\/vtorino\/"]}]},"product_brand":"MPS","og_availability":"instock","product_availability":"instock","product_condition":"new"},"_links":{"self":[{"href":"https:\/\/www.vetorino.com\/veterinaire\/seurre-21250\/boutique\/wp-json\/wp\/v2\/product\/601749","targetHints":{"allow":["GET"]}}],"collection":[{"href":"https:\/\/www.vetorino.com\/veterinaire\/seurre-21250\/boutique\/wp-json\/wp\/v2\/product"}],"about":[{"href":"https:\/\/www.vetorino.com\/veterinaire\/seurre-21250\/boutique\/wp-json\/wp\/v2\/types\/product"}],"wp:featuredmedia":[{"embeddable":true,"href":"https:\/\/www.vetorino.com\/veterinaire\/seurre-21250\/boutique\/wp-json\/wp\/v2\/media\/601761"}],"wp:attachment":[{"href":"https:\/\/www.vetorino.com\/veterinaire\/seurre-21250\/boutique\/wp-json\/wp\/v2\/media?parent=601749"}],"wp:term":[{"taxonomy":"product_cat","embeddable":true,"href":"https:\/\/www.vetorino.com\/veterinaire\/seurre-21250\/boutique\/wp-json\/wp\/v2\/product_cat?post=601749"},{"taxonomy":"product_tag","embeddable":true,"href":"https:\/\/www.vetorino.com\/veterinaire\/seurre-21250\/boutique\/wp-json\/wp\/v2\/product_tag?post=601749"}],"curies":[{"name":"wp","href":"https:\/\/api.w.org\/{rel}","templated":true}]}}