{"id":102238,"date":"2020-06-30T12:38:51","date_gmt":"2020-06-30T10:38:51","guid":{"rendered":"https:\/\/www.vetorino.com\/boutique\/product\/specific-cdd-food-allergy-management\/"},"modified":"2026-02-26T02:42:15","modified_gmt":"2026-02-26T01:42:15","slug":"specific-cdd-food-allergy-management","status":"publish","type":"product","link":"https:\/\/www.vetorino.com\/veterinaire\/sucyenbrie-94370\/boutique\/product\/specific-cdd-food-allergy-management\/","title":{"rendered":"CDD Food Allergy Management &#8211; chien"},"content":{"rendered":"<p><strong>Aliment di\u00e9t\u00e9tique complet pour chien adulte et senior qui r\u00e9duit les intol\u00e9rances \u00e0 certains ingr\u00e9dients et nutriments ainsi que le risque de malabsorption intestinale aigu\u00eb, et compense la maldigestion et l&#8217;insuffisance pancr\u00e9atique exocrine.<\/strong><\/p>\n<p><strong><br \/>\nUtilisation :<\/strong><\/p>\n<ul>\n<li>Allergie ou intol\u00e9rance alimentaire, pouvant g\u00e9n\u00e9rer des troubles dermatologiques et \/ ou gastro-intestinaux<\/li>\n<li>Insuffisance pancr\u00e9atique exocrine<\/li>\n<li>Troubles gastro-intestinaux tels que diarrh\u00e9e, vomissements et flatulences<\/li>\n<li>Malabsorption \/ maldigestion<\/li>\n<\/ul>\n<p><strong><br \/>\nBienfaits essentiels :<\/strong><\/p>\n<ul>\n<li>L\u2019aliment contient un nombre limit\u00e9 d\u2019ingr\u00e9dients. Les deux principaux ingr\u00e9dients, les \u0153ufs et le riz, sont<strong>\u00a0faiblement allerg\u00e8nes, et donc parfaitement adapt\u00e9s \u00e0 la composition d\u2019aliments hypoallerg\u00e9niques.<\/strong><\/li>\n<li>Gr\u00e2ce \u00e0 ses\u00a0<strong>ingr\u00e9dients hautement digestibles et d\u2019excellente qualit\u00e9<\/strong>, l\u2019aliment est particuli\u00e8rement indiqu\u00e9 chez les chiens souffrant de diarrh\u00e9e au niveau de l\u2019intestin gr\u00eale.<\/li>\n<li>Le psyllium est une fibre soluble mucilagineuse qui a la capacit\u00e9 d\u2019absorber plusieurs fois son poids en eau. Il est connu pour son\u00a0<strong>effet b\u00e9n\u00e9fique sur la r\u00e9gulation du transit intestinal.<\/strong><\/li>\n<li>La purine est le pr\u00e9curseur des cristaux d\u2019urate. La tr\u00e8s faible teneur en purine, associ\u00e9e \u00e0 la concentration r\u00e9duite en prot\u00e9ines et au pH urinaire alcalin induit, en fait l\u2019<strong>aliment de premier choix pour la pr\u00e9vention et la dissolution des cristaux d\u2019urate<\/strong>.<\/li>\n<\/ul>\n<p><strong>Cet aliment est destin\u00e9 \u00e0 la prise en charge nutritionnelle d\u2019une maladie. Pour la sant\u00e9 de votre chien, il est recommand\u00e9 de consulter votre v\u00e9t\u00e9rinaire et de respecter scrupuleusement ses recommandations nutritionnelles.<\/strong><\/p>\n","protected":false},"excerpt":{"rendered":"<div><strong>Aliment di\u00e9t\u00e9tique complet pour chien adulte et senior qui r\u00e9duit les intol\u00e9rances \u00e0 certains ingr\u00e9dients et nutriments ainsi que le risque de malabsorption intestinale aigu\u00eb, et compense la maldigestion et l&#8217;insuffisance pancr\u00e9atique exocrine.<\/strong><\/div>\n<p><strong><br \/>\nUtilisation :<\/strong><\/p>\n<ul>\n<li>Allergie ou intol\u00e9rance alimentaire, pouvant g\u00e9n\u00e9rer des troubles dermatologiques et \/ ou gastro-intestinaux<\/li>\n<li>Insuffisance pancr\u00e9atique exocrine<\/li>\n<li>Troubles gastro-intestinaux tels que diarrh\u00e9e, vomissements et flatulences<\/li>\n<li>Malabsorption \/ maldigestion<\/li>\n<\/ul>\n<p><strong>Cet aliment est destin\u00e9 \u00e0 la prise en charge nutritionnelle d\u2019une maladie. Il est recommand\u00e9 de consulter votre v\u00e9t\u00e9rinaire.<\/strong><\/p>\n","protected":false},"featured_media":1465285,"template":"","meta":[],"product_cat":[12552,12582,2698],"product_tag":[],"class_list":{"0":"post-102238","1":"product","2":"type-product","3":"status-publish","4":"has-post-thumbnail","6":"product_cat-alimentation-du-chien","7":"product_cat-alimentation-medicalisee-pour-chien","8":"product_cat-chien","9":"pa_marque-specific","11":"first","12":"instock","13":"taxable","14":"shipping-taxable","15":"purchasable","16":"product-type-variable"},"yoast_head":"<!-- This site is optimized with the Yoast SEO plugin v27.3 - https:\/\/yoast.com\/product\/yoast-seo-wordpress\/ -->\n<title>CDD Food Allergy Management - chien Specific - V\u00e9torino<\/title>\n<meta name=\"description\" content=\"Aliment di\u00e9t\u00e9tique complet pour chien adulte et senior qui r\u00e9duit les intol\u00e9rances \u00e0 certains ingr\u00e9dients et nutriments ainsi que le risque de malabsorption intestinale aigu\u00eb, et compense la maldigestion et l&#039;insuffisance pancr\u00e9atique exocrine.  Utilisation :   Allergie ou intol\u00e9rance alimentaire, pouvant g\u00e9n\u00e9rer des troubles dermatologiques et \/ ou gastro-intestinaux  Insuffisance pancr\u00e9atique exocrine  Troubles gastro-intestinaux tels que diarrh\u00e9e, vomissements et flatulences  Malabsorption \/ maldigestion  Cet aliment est destin\u00e9 \u00e0 la prise en charge nutritionnelle d\u2019une maladie. Il est recommand\u00e9 de consulter votre v\u00e9t\u00e9rinaire.\" \/>\n<meta name=\"robots\" content=\"noindex, nofollow\" \/>\n<meta property=\"og:locale\" content=\"fr_FR\" \/>\n<meta property=\"og:type\" content=\"article\" \/>\n<meta property=\"og:title\" content=\"CDD Food Allergy Management - chien Specific - V\u00e9torino\" \/>\n<meta property=\"og:description\" content=\"Aliment di\u00e9t\u00e9tique complet pour chien adulte et senior qui r\u00e9duit les intol\u00e9rances \u00e0 certains ingr\u00e9dients et nutriments ainsi que le risque de malabsorption intestinale aigu\u00eb, et compense la maldigestion et l&#039;insuffisance pancr\u00e9atique exocrine.  Utilisation :   Allergie ou intol\u00e9rance alimentaire, pouvant g\u00e9n\u00e9rer des troubles dermatologiques et \/ ou gastro-intestinaux  Insuffisance pancr\u00e9atique exocrine  Troubles gastro-intestinaux tels que diarrh\u00e9e, vomissements et flatulences  Malabsorption \/ maldigestion  Cet aliment est destin\u00e9 \u00e0 la prise en charge nutritionnelle d\u2019une maladie. Il est recommand\u00e9 de consulter votre v\u00e9t\u00e9rinaire.\" \/>\n<meta property=\"og:url\" content=\"https:\/\/www.vetorino.com\/veterinaire\/sucyenbrie-94370\/boutique\/product\/specific-cdd-food-allergy-management\/\" \/>\n<meta property=\"og:site_name\" content=\"V\u00e9torino\" \/>\n<meta property=\"article:publisher\" content=\"https:\/\/www.facebook.com\/Vetorino\/\" \/>\n<meta property=\"article:modified_time\" content=\"2026-02-26T01:42:15+00:00\" \/>\n<meta property=\"og:image\" content=\"https:\/\/www.vetorino.com\/boutique\/wp-content\/uploads\/2020\/03\/chien-cdd-food-allergy-management.webp\" \/>\n\t<meta property=\"og:image:width\" content=\"800\" \/>\n\t<meta property=\"og:image:height\" content=\"800\" \/>\n\t<meta property=\"og:image:type\" content=\"image\/webp\" \/>\n<meta name=\"twitter:card\" content=\"summary_large_image\" \/>\n<meta name=\"twitter:label1\" content=\"Disponibilit\u00e9\" \/>\n\t<meta name=\"twitter:data1\" content=\"En stock\" \/>\n<script type=\"application\/ld+json\" class=\"yoast-schema-graph\">{\"@context\":\"https:\\\/\\\/schema.org\",\"@graph\":[{\"@type\":\"WebPage\",\"@id\":\"https:\\\/\\\/www.vetorino.com\\\/boutique\\\/product\\\/specific-cdd-food-allergy-management\\\/\",\"url\":\"https:\\\/\\\/www.vetorino.com\\\/boutique\\\/product\\\/specific-cdd-food-allergy-management\\\/\",\"name\":\"CDD Food Allergy Management - chien Specific - V\u00e9torino\",\"isPartOf\":{\"@id\":\"https:\\\/\\\/www.vetorino.com\\\/boutique\\\/#website\"},\"primaryImageOfPage\":{\"@id\":\"https:\\\/\\\/www.vetorino.com\\\/boutique\\\/product\\\/specific-cdd-food-allergy-management\\\/#primaryimage\"},\"image\":{\"@id\":\"https:\\\/\\\/www.vetorino.com\\\/boutique\\\/product\\\/specific-cdd-food-allergy-management\\\/#primaryimage\"},\"thumbnailUrl\":\"https:\\\/\\\/www.vetorino.com\\\/boutique\\\/wp-content\\\/uploads\\\/2020\\\/03\\\/chien-cdd-food-allergy-management.webp\",\"datePublished\":\"2020-06-30T10:38:51+00:00\",\"dateModified\":\"2026-02-26T01:42:15+00:00\",\"description\":\"Aliment di\u00e9t\u00e9tique complet pour chien adulte et senior qui r\u00e9duit les intol\u00e9rances \u00e0 certains ingr\u00e9dients et nutriments ainsi que le risque de malabsorption intestinale aigu\u00eb, et compense la maldigestion et l'insuffisance pancr\u00e9atique exocrine. Utilisation : Allergie ou intol\u00e9rance alimentaire, pouvant g\u00e9n\u00e9rer des troubles dermatologiques et \\\/ ou gastro-intestinaux Insuffisance pancr\u00e9atique exocrine Troubles gastro-intestinaux tels que diarrh\u00e9e, vomissements et flatulences Malabsorption \\\/ maldigestion Cet aliment est destin\u00e9 \u00e0 la prise en charge nutritionnelle d\u2019une maladie. Il est recommand\u00e9 de consulter votre v\u00e9t\u00e9rinaire.\",\"breadcrumb\":{\"@id\":\"https:\\\/\\\/www.vetorino.com\\\/boutique\\\/product\\\/specific-cdd-food-allergy-management\\\/#breadcrumb\"},\"inLanguage\":\"fr-FR\",\"potentialAction\":[{\"@type\":\"ReadAction\",\"target\":[\"https:\\\/\\\/www.vetorino.com\\\/boutique\\\/product\\\/specific-cdd-food-allergy-management\\\/\"]}]},{\"@type\":\"ImageObject\",\"inLanguage\":\"fr-FR\",\"@id\":\"https:\\\/\\\/www.vetorino.com\\\/boutique\\\/product\\\/specific-cdd-food-allergy-management\\\/#primaryimage\",\"url\":\"https:\\\/\\\/www.vetorino.com\\\/boutique\\\/wp-content\\\/uploads\\\/2020\\\/03\\\/chien-cdd-food-allergy-management.webp\",\"contentUrl\":\"https:\\\/\\\/www.vetorino.com\\\/boutique\\\/wp-content\\\/uploads\\\/2020\\\/03\\\/chien-cdd-food-allergy-management.webp\",\"width\":800,\"height\":800},{\"@type\":\"BreadcrumbList\",\"@id\":\"https:\\\/\\\/www.vetorino.com\\\/boutique\\\/product\\\/specific-cdd-food-allergy-management\\\/#breadcrumb\",\"itemListElement\":[{\"@type\":\"ListItem\",\"position\":1,\"name\":\"Accueil\",\"item\":\"https:\\\/\\\/www.vetorino.com\\\/boutique\\\/\"},{\"@type\":\"ListItem\",\"position\":2,\"name\":\"Produits\",\"item\":\"https:\\\/\\\/www.vetorino.com\\\/boutique\\\/\"},{\"@type\":\"ListItem\",\"position\":3,\"name\":\"CDD Food Allergy Management &#8211; chien\"}]},{\"@type\":\"WebSite\",\"@id\":\"https:\\\/\\\/www.vetorino.com\\\/boutique\\\/#website\",\"url\":\"https:\\\/\\\/www.vetorino.com\\\/boutique\\\/\",\"name\":\"V\u00e9torino\",\"description\":\"\",\"publisher\":{\"@id\":\"https:\\\/\\\/www.vetorino.com\\\/boutique\\\/#organization\"},\"potentialAction\":[{\"@type\":\"SearchAction\",\"target\":{\"@type\":\"EntryPoint\",\"urlTemplate\":\"https:\\\/\\\/www.vetorino.com\\\/boutique\\\/?s={search_term_string}\"},\"query-input\":{\"@type\":\"PropertyValueSpecification\",\"valueRequired\":true,\"valueName\":\"search_term_string\"}}],\"inLanguage\":\"fr-FR\"},{\"@type\":\"Organization\",\"@id\":\"https:\\\/\\\/www.vetorino.com\\\/boutique\\\/#organization\",\"name\":\"V\u00e9torino\",\"url\":\"https:\\\/\\\/www.vetorino.com\\\/boutique\\\/\",\"logo\":{\"@type\":\"ImageObject\",\"inLanguage\":\"fr-FR\",\"@id\":\"https:\\\/\\\/www.vetorino.com\\\/boutique\\\/#\\\/schema\\\/logo\\\/image\\\/\",\"url\":\"https:\\\/\\\/www.vetorino.com\\\/boutique\\\/wp-content\\\/uploads\\\/2024\\\/10\\\/logo.jpg\",\"contentUrl\":\"https:\\\/\\\/www.vetorino.com\\\/boutique\\\/wp-content\\\/uploads\\\/2024\\\/10\\\/logo.jpg\",\"width\":1200,\"height\":610,\"caption\":\"V\u00e9torino\"},\"image\":{\"@id\":\"https:\\\/\\\/www.vetorino.com\\\/boutique\\\/#\\\/schema\\\/logo\\\/image\\\/\"},\"sameAs\":[\"https:\\\/\\\/www.facebook.com\\\/Vetorino\\\/\",\"https:\\\/\\\/www.instagram.com\\\/vetorino_off\\\/\",\"https:\\\/\\\/www.linkedin.com\\\/company\\\/vtorino\\\/\"]}]}<\/script>\n<meta property=\"product:brand\" content=\"Specific\" \/>\n<meta property=\"og:availability\" content=\"instock\" \/>\n<meta property=\"product:availability\" content=\"instock\" \/>\n<meta property=\"product:condition\" content=\"new\" \/>\n<!-- \/ Yoast SEO plugin. -->","yoast_head_json":{"title":"CDD Food Allergy Management - chien Specific - V\u00e9torino","description":"Aliment di\u00e9t\u00e9tique complet pour chien adulte et senior qui r\u00e9duit les intol\u00e9rances \u00e0 certains ingr\u00e9dients et nutriments ainsi que le risque de malabsorption intestinale aigu\u00eb, et compense la maldigestion et l'insuffisance pancr\u00e9atique exocrine.  Utilisation :   Allergie ou intol\u00e9rance alimentaire, pouvant g\u00e9n\u00e9rer des troubles dermatologiques et \/ ou gastro-intestinaux  Insuffisance pancr\u00e9atique exocrine  Troubles gastro-intestinaux tels que diarrh\u00e9e, vomissements et flatulences  Malabsorption \/ maldigestion  Cet aliment est destin\u00e9 \u00e0 la prise en charge nutritionnelle d\u2019une maladie. Il est recommand\u00e9 de consulter votre v\u00e9t\u00e9rinaire.","robots":{"index":"noindex","follow":"nofollow"},"og_locale":"fr_FR","og_type":"article","og_title":"CDD Food Allergy Management - chien Specific - V\u00e9torino","og_description":"Aliment di\u00e9t\u00e9tique complet pour chien adulte et senior qui r\u00e9duit les intol\u00e9rances \u00e0 certains ingr\u00e9dients et nutriments ainsi que le risque de malabsorption intestinale aigu\u00eb, et compense la maldigestion et l'insuffisance pancr\u00e9atique exocrine.  Utilisation :   Allergie ou intol\u00e9rance alimentaire, pouvant g\u00e9n\u00e9rer des troubles dermatologiques et \/ ou gastro-intestinaux  Insuffisance pancr\u00e9atique exocrine  Troubles gastro-intestinaux tels que diarrh\u00e9e, vomissements et flatulences  Malabsorption \/ maldigestion  Cet aliment est destin\u00e9 \u00e0 la prise en charge nutritionnelle d\u2019une maladie. Il est recommand\u00e9 de consulter votre v\u00e9t\u00e9rinaire.","og_url":"https:\/\/www.vetorino.com\/veterinaire\/sucyenbrie-94370\/boutique\/product\/specific-cdd-food-allergy-management\/","og_site_name":"V\u00e9torino","article_publisher":"https:\/\/www.facebook.com\/Vetorino\/","article_modified_time":"2026-02-26T01:42:15+00:00","og_image":[{"width":800,"height":800,"url":"https:\/\/www.vetorino.com\/boutique\/wp-content\/uploads\/2020\/03\/chien-cdd-food-allergy-management.webp","type":"image\/webp"}],"twitter_card":"summary_large_image","twitter_misc":{"Disponibilit\u00e9":"En stock"},"schema":{"@context":"https:\/\/schema.org","@graph":[{"@type":"WebPage","@id":"https:\/\/www.vetorino.com\/boutique\/product\/specific-cdd-food-allergy-management\/","url":"https:\/\/www.vetorino.com\/boutique\/product\/specific-cdd-food-allergy-management\/","name":"CDD Food Allergy Management - chien Specific - V\u00e9torino","isPartOf":{"@id":"https:\/\/www.vetorino.com\/boutique\/#website"},"primaryImageOfPage":{"@id":"https:\/\/www.vetorino.com\/boutique\/product\/specific-cdd-food-allergy-management\/#primaryimage"},"image":{"@id":"https:\/\/www.vetorino.com\/boutique\/product\/specific-cdd-food-allergy-management\/#primaryimage"},"thumbnailUrl":"https:\/\/www.vetorino.com\/boutique\/wp-content\/uploads\/2020\/03\/chien-cdd-food-allergy-management.webp","datePublished":"2020-06-30T10:38:51+00:00","dateModified":"2026-02-26T01:42:15+00:00","description":"Aliment di\u00e9t\u00e9tique complet pour chien adulte et senior qui r\u00e9duit les intol\u00e9rances \u00e0 certains ingr\u00e9dients et nutriments ainsi que le risque de malabsorption intestinale aigu\u00eb, et compense la maldigestion et l'insuffisance pancr\u00e9atique exocrine. Utilisation : Allergie ou intol\u00e9rance alimentaire, pouvant g\u00e9n\u00e9rer des troubles dermatologiques et \/ ou gastro-intestinaux Insuffisance pancr\u00e9atique exocrine Troubles gastro-intestinaux tels que diarrh\u00e9e, vomissements et flatulences Malabsorption \/ maldigestion Cet aliment est destin\u00e9 \u00e0 la prise en charge nutritionnelle d\u2019une maladie. Il est recommand\u00e9 de consulter votre v\u00e9t\u00e9rinaire.","breadcrumb":{"@id":"https:\/\/www.vetorino.com\/boutique\/product\/specific-cdd-food-allergy-management\/#breadcrumb"},"inLanguage":"fr-FR","potentialAction":[{"@type":"ReadAction","target":["https:\/\/www.vetorino.com\/boutique\/product\/specific-cdd-food-allergy-management\/"]}]},{"@type":"ImageObject","inLanguage":"fr-FR","@id":"https:\/\/www.vetorino.com\/boutique\/product\/specific-cdd-food-allergy-management\/#primaryimage","url":"https:\/\/www.vetorino.com\/boutique\/wp-content\/uploads\/2020\/03\/chien-cdd-food-allergy-management.webp","contentUrl":"https:\/\/www.vetorino.com\/boutique\/wp-content\/uploads\/2020\/03\/chien-cdd-food-allergy-management.webp","width":800,"height":800},{"@type":"BreadcrumbList","@id":"https:\/\/www.vetorino.com\/boutique\/product\/specific-cdd-food-allergy-management\/#breadcrumb","itemListElement":[{"@type":"ListItem","position":1,"name":"Accueil","item":"https:\/\/www.vetorino.com\/boutique\/"},{"@type":"ListItem","position":2,"name":"Produits","item":"https:\/\/www.vetorino.com\/boutique\/"},{"@type":"ListItem","position":3,"name":"CDD Food Allergy Management &#8211; chien"}]},{"@type":"WebSite","@id":"https:\/\/www.vetorino.com\/boutique\/#website","url":"https:\/\/www.vetorino.com\/boutique\/","name":"V\u00e9torino","description":"","publisher":{"@id":"https:\/\/www.vetorino.com\/boutique\/#organization"},"potentialAction":[{"@type":"SearchAction","target":{"@type":"EntryPoint","urlTemplate":"https:\/\/www.vetorino.com\/boutique\/?s={search_term_string}"},"query-input":{"@type":"PropertyValueSpecification","valueRequired":true,"valueName":"search_term_string"}}],"inLanguage":"fr-FR"},{"@type":"Organization","@id":"https:\/\/www.vetorino.com\/boutique\/#organization","name":"V\u00e9torino","url":"https:\/\/www.vetorino.com\/boutique\/","logo":{"@type":"ImageObject","inLanguage":"fr-FR","@id":"https:\/\/www.vetorino.com\/boutique\/#\/schema\/logo\/image\/","url":"https:\/\/www.vetorino.com\/boutique\/wp-content\/uploads\/2024\/10\/logo.jpg","contentUrl":"https:\/\/www.vetorino.com\/boutique\/wp-content\/uploads\/2024\/10\/logo.jpg","width":1200,"height":610,"caption":"V\u00e9torino"},"image":{"@id":"https:\/\/www.vetorino.com\/boutique\/#\/schema\/logo\/image\/"},"sameAs":["https:\/\/www.facebook.com\/Vetorino\/","https:\/\/www.instagram.com\/vetorino_off\/","https:\/\/www.linkedin.com\/company\/vtorino\/"]}]},"product_brand":"Specific","og_availability":"instock","product_availability":"instock","product_condition":"new"},"_links":{"self":[{"href":"https:\/\/www.vetorino.com\/veterinaire\/sucyenbrie-94370\/boutique\/wp-json\/wp\/v2\/product\/102238","targetHints":{"allow":["GET"]}}],"collection":[{"href":"https:\/\/www.vetorino.com\/veterinaire\/sucyenbrie-94370\/boutique\/wp-json\/wp\/v2\/product"}],"about":[{"href":"https:\/\/www.vetorino.com\/veterinaire\/sucyenbrie-94370\/boutique\/wp-json\/wp\/v2\/types\/product"}],"wp:featuredmedia":[{"embeddable":true,"href":"https:\/\/www.vetorino.com\/veterinaire\/sucyenbrie-94370\/boutique\/wp-json\/wp\/v2\/media\/1465285"}],"wp:attachment":[{"href":"https:\/\/www.vetorino.com\/veterinaire\/sucyenbrie-94370\/boutique\/wp-json\/wp\/v2\/media?parent=102238"}],"wp:term":[{"taxonomy":"product_cat","embeddable":true,"href":"https:\/\/www.vetorino.com\/veterinaire\/sucyenbrie-94370\/boutique\/wp-json\/wp\/v2\/product_cat?post=102238"},{"taxonomy":"product_tag","embeddable":true,"href":"https:\/\/www.vetorino.com\/veterinaire\/sucyenbrie-94370\/boutique\/wp-json\/wp\/v2\/product_tag?post=102238"}],"curies":[{"name":"wp","href":"https:\/\/api.w.org\/{rel}","templated":true}]}}