{"id":102704,"date":"2020-06-30T16:26:32","date_gmt":"2020-06-30T14:26:32","guid":{"rendered":"https:\/\/www.vetorino.com\/boutique\/product\/tapis-de-fouille-activiy-sniffing\/"},"modified":"2026-03-29T09:41:22","modified_gmt":"2026-03-29T07:41:22","slug":"tapis-de-fouille-activiy-sniffing","status":"publish","type":"product","link":"https:\/\/www.vetorino.com\/veterinaire\/sucyenbrie-94370\/boutique\/product\/tapis-de-fouille-activiy-sniffing\/","title":{"rendered":"Tapis de fouille Activiy Sniffing"},"content":{"rendered":"<p dir=\"ltr\">S\u2019amuser en sniffant, un nouveau jouet qui plaira beaucoup aux chiens et aux chats !<br \/>\nCachez des friandises directement dans les franges, l\u2019animal obtiendra sa r\u00e9compense en utilisant son museau ou ses pattes. Peut \u00e9galement s\u2019utiliser avec la ration de croquettes pour ralentir l\u2019ingestion.<\/p>\n<ul>\n<li>Avec deux longueurs de pompons.<\/li>\n<li>Peut aussi s&#8217;utiliser pour l&#8217;alimentation quotidienne pour ralentir l\u2019ingestion.<\/li>\n<li>Tiroir en plastique amovible emp\u00eache de se froisser et permet un nettoyage facile en machine polyester.<\/li>\n<li>Comprend livret avec astuces pour un entra\u00eenement optimal.<\/li>\n<\/ul>\n","protected":false},"excerpt":{"rendered":"<p>Le<strong>\u00a0Jeu de strat\u00e9gie TRIXIE Activity Sniffing Carpet<\/strong>\u00a0permet \u00e0 votre chien ou votre chat de s&#8217;amuser en reniflant. L&#8217;animal obtient sa r\u00e9compense en fouillant avec son museau ou ses pattes. Le tapis d&#8217;activit\u00e9 poss\u00e8de deux longueurs de pompons. Il peut aussi s&#8217;utiliser pour l&#8217;alimentation quotidienne pour les animaux goulus en emp\u00eachant d&#8217;engloutir trop vite la nourriture. Un tiroir en plastique amovible emp\u00eache ce jeu d&#8217;activit\u00e9 de se froisser et permet un nettoyage facile en machine.<\/p>\n","protected":false},"featured_media":620891,"template":"","meta":[],"product_cat":[12550,2698,12621],"product_tag":[],"class_list":{"0":"post-102704","1":"product","2":"type-product","3":"status-publish","4":"has-post-thumbnail","6":"product_cat-accessoires-du-chien","7":"product_cat-chien","8":"product_cat-jeux-educatifs-pour-chien","9":"pa_marque-trixie","11":"first","12":"instock","13":"taxable","14":"shipping-taxable","15":"purchasable","16":"product-type-simple"},"yoast_head":"<!-- This site is optimized with the Yoast SEO plugin v27.3 - https:\/\/yoast.com\/product\/yoast-seo-wordpress\/ -->\n<title>Tapis de fouille Activiy Sniffing Trixie - V\u00e9torino<\/title>\n<meta name=\"description\" content=\"Le\u00a0Jeu de strat\u00e9gie TRIXIE Activity Sniffing Carpet\u00a0permet \u00e0 votre chien ou votre chat de s&#039;amuser en reniflant. L&#039;animal obtient sa r\u00e9compense en fouillant avec son museau ou ses pattes. Le tapis d&#039;activit\u00e9 poss\u00e8de deux longueurs de pompons. Il peut aussi s&#039;utiliser pour l&#039;alimentation quotidienne pour les animaux goulus en emp\u00eachant d&#039;engloutir trop vite la nourriture. Un tiroir en plastique amovible emp\u00eache ce jeu d&#039;activit\u00e9 de se froisser et permet un nettoyage facile en machine.\" \/>\n<meta name=\"robots\" content=\"noindex, nofollow\" \/>\n<meta property=\"og:locale\" content=\"fr_FR\" \/>\n<meta property=\"og:type\" content=\"article\" \/>\n<meta property=\"og:title\" content=\"Tapis de fouille Activiy Sniffing Trixie - V\u00e9torino\" \/>\n<meta property=\"og:description\" content=\"Le\u00a0Jeu de strat\u00e9gie TRIXIE Activity Sniffing Carpet\u00a0permet \u00e0 votre chien ou votre chat de s&#039;amuser en reniflant. L&#039;animal obtient sa r\u00e9compense en fouillant avec son museau ou ses pattes. Le tapis d&#039;activit\u00e9 poss\u00e8de deux longueurs de pompons. Il peut aussi s&#039;utiliser pour l&#039;alimentation quotidienne pour les animaux goulus en emp\u00eachant d&#039;engloutir trop vite la nourriture. Un tiroir en plastique amovible emp\u00eache ce jeu d&#039;activit\u00e9 de se froisser et permet un nettoyage facile en machine.\" \/>\n<meta property=\"og:url\" content=\"https:\/\/www.vetorino.com\/veterinaire\/sucyenbrie-94370\/boutique\/product\/tapis-de-fouille-activiy-sniffing\/\" \/>\n<meta property=\"og:site_name\" content=\"V\u00e9torino\" \/>\n<meta property=\"article:publisher\" content=\"https:\/\/www.facebook.com\/Vetorino\/\" \/>\n<meta property=\"article:modified_time\" content=\"2026-03-29T07:41:22+00:00\" \/>\n<meta property=\"og:image\" content=\"https:\/\/www.vetorino.com\/boutique\/wp-content\/uploads\/2020\/06\/lm_5e4da3b7fbbce2345d7772b0674a318d51571063602.png\" \/>\n\t<meta property=\"og:image:width\" content=\"800\" \/>\n\t<meta property=\"og:image:height\" content=\"360\" \/>\n\t<meta property=\"og:image:type\" content=\"image\/png\" \/>\n<meta name=\"twitter:card\" content=\"summary_large_image\" \/>\n<meta name=\"twitter:label1\" content=\"Prix\" \/>\n\t<meta name=\"twitter:data1\" content=\"23,52&euro;\" \/>\n\t<meta name=\"twitter:label2\" content=\"Disponibilit\u00e9\" \/>\n\t<meta name=\"twitter:data2\" content=\"En stock\" \/>\n<script type=\"application\/ld+json\" class=\"yoast-schema-graph\">{\"@context\":\"https:\\\/\\\/schema.org\",\"@graph\":[{\"@type\":\"WebPage\",\"@id\":\"https:\\\/\\\/www.vetorino.com\\\/boutique\\\/product\\\/tapis-de-fouille-activiy-sniffing\\\/\",\"url\":\"https:\\\/\\\/www.vetorino.com\\\/boutique\\\/product\\\/tapis-de-fouille-activiy-sniffing\\\/\",\"name\":\"Tapis de fouille Activiy Sniffing Trixie - V\u00e9torino\",\"isPartOf\":{\"@id\":\"https:\\\/\\\/www.vetorino.com\\\/boutique\\\/#website\"},\"primaryImageOfPage\":{\"@id\":\"https:\\\/\\\/www.vetorino.com\\\/boutique\\\/product\\\/tapis-de-fouille-activiy-sniffing\\\/#primaryimage\"},\"image\":{\"@id\":\"https:\\\/\\\/www.vetorino.com\\\/boutique\\\/product\\\/tapis-de-fouille-activiy-sniffing\\\/#primaryimage\"},\"thumbnailUrl\":\"https:\\\/\\\/www.vetorino.com\\\/boutique\\\/wp-content\\\/uploads\\\/2020\\\/06\\\/lm_5e4da3b7fbbce2345d7772b0674a318d51571063602.png\",\"datePublished\":\"2020-06-30T14:26:32+00:00\",\"dateModified\":\"2026-03-29T07:41:22+00:00\",\"description\":\"Le\u00a0Jeu de strat\u00e9gie TRIXIE Activity Sniffing Carpet\u00a0permet \u00e0 votre chien ou votre chat de s'amuser en reniflant. L'animal obtient sa r\u00e9compense en fouillant avec son museau ou ses pattes. Le tapis d'activit\u00e9 poss\u00e8de deux longueurs de pompons. Il peut aussi s'utiliser pour l'alimentation quotidienne pour les animaux goulus en emp\u00eachant d'engloutir trop vite la nourriture. Un tiroir en plastique amovible emp\u00eache ce jeu d'activit\u00e9 de se froisser et permet un nettoyage facile en machine.\",\"breadcrumb\":{\"@id\":\"https:\\\/\\\/www.vetorino.com\\\/boutique\\\/product\\\/tapis-de-fouille-activiy-sniffing\\\/#breadcrumb\"},\"inLanguage\":\"fr-FR\",\"potentialAction\":[{\"@type\":\"ReadAction\",\"target\":[\"https:\\\/\\\/www.vetorino.com\\\/boutique\\\/product\\\/tapis-de-fouille-activiy-sniffing\\\/\"]}]},{\"@type\":\"ImageObject\",\"inLanguage\":\"fr-FR\",\"@id\":\"https:\\\/\\\/www.vetorino.com\\\/boutique\\\/product\\\/tapis-de-fouille-activiy-sniffing\\\/#primaryimage\",\"url\":\"https:\\\/\\\/www.vetorino.com\\\/boutique\\\/wp-content\\\/uploads\\\/2020\\\/06\\\/lm_5e4da3b7fbbce2345d7772b0674a318d51571063602.png\",\"contentUrl\":\"https:\\\/\\\/www.vetorino.com\\\/boutique\\\/wp-content\\\/uploads\\\/2020\\\/06\\\/lm_5e4da3b7fbbce2345d7772b0674a318d51571063602.png\",\"width\":800,\"height\":360},{\"@type\":\"BreadcrumbList\",\"@id\":\"https:\\\/\\\/www.vetorino.com\\\/boutique\\\/product\\\/tapis-de-fouille-activiy-sniffing\\\/#breadcrumb\",\"itemListElement\":[{\"@type\":\"ListItem\",\"position\":1,\"name\":\"Accueil\",\"item\":\"https:\\\/\\\/www.vetorino.com\\\/boutique\\\/\"},{\"@type\":\"ListItem\",\"position\":2,\"name\":\"Produits\",\"item\":\"https:\\\/\\\/www.vetorino.com\\\/boutique\\\/\"},{\"@type\":\"ListItem\",\"position\":3,\"name\":\"Tapis de fouille Activiy Sniffing\"}]},{\"@type\":\"WebSite\",\"@id\":\"https:\\\/\\\/www.vetorino.com\\\/boutique\\\/#website\",\"url\":\"https:\\\/\\\/www.vetorino.com\\\/boutique\\\/\",\"name\":\"V\u00e9torino\",\"description\":\"\",\"publisher\":{\"@id\":\"https:\\\/\\\/www.vetorino.com\\\/boutique\\\/#organization\"},\"potentialAction\":[{\"@type\":\"SearchAction\",\"target\":{\"@type\":\"EntryPoint\",\"urlTemplate\":\"https:\\\/\\\/www.vetorino.com\\\/boutique\\\/?s={search_term_string}\"},\"query-input\":{\"@type\":\"PropertyValueSpecification\",\"valueRequired\":true,\"valueName\":\"search_term_string\"}}],\"inLanguage\":\"fr-FR\"},{\"@type\":\"Organization\",\"@id\":\"https:\\\/\\\/www.vetorino.com\\\/boutique\\\/#organization\",\"name\":\"V\u00e9torino\",\"url\":\"https:\\\/\\\/www.vetorino.com\\\/boutique\\\/\",\"logo\":{\"@type\":\"ImageObject\",\"inLanguage\":\"fr-FR\",\"@id\":\"https:\\\/\\\/www.vetorino.com\\\/boutique\\\/#\\\/schema\\\/logo\\\/image\\\/\",\"url\":\"https:\\\/\\\/www.vetorino.com\\\/boutique\\\/wp-content\\\/uploads\\\/2024\\\/10\\\/logo.jpg\",\"contentUrl\":\"https:\\\/\\\/www.vetorino.com\\\/boutique\\\/wp-content\\\/uploads\\\/2024\\\/10\\\/logo.jpg\",\"width\":1200,\"height\":610,\"caption\":\"V\u00e9torino\"},\"image\":{\"@id\":\"https:\\\/\\\/www.vetorino.com\\\/boutique\\\/#\\\/schema\\\/logo\\\/image\\\/\"},\"sameAs\":[\"https:\\\/\\\/www.facebook.com\\\/Vetorino\\\/\",\"https:\\\/\\\/www.instagram.com\\\/vetorino_off\\\/\",\"https:\\\/\\\/www.linkedin.com\\\/company\\\/vtorino\\\/\"]}]}<\/script>\n<meta property=\"product:brand\" content=\"Trixie\" \/>\n<meta property=\"product:price:amount\" content=\"23.52\" \/>\n<meta property=\"product:price:currency\" content=\"EUR\" \/>\n<meta property=\"og:availability\" content=\"instock\" \/>\n<meta property=\"product:availability\" content=\"instock\" \/>\n<meta property=\"product:retailer_item_id\" content=\"C-TAP768\" \/>\n<meta property=\"product:condition\" content=\"new\" \/>\n<!-- \/ Yoast SEO plugin. -->","yoast_head_json":{"title":"Tapis de fouille Activiy Sniffing Trixie - V\u00e9torino","description":"Le\u00a0Jeu de strat\u00e9gie TRIXIE Activity Sniffing Carpet\u00a0permet \u00e0 votre chien ou votre chat de s'amuser en reniflant. L'animal obtient sa r\u00e9compense en fouillant avec son museau ou ses pattes. Le tapis d'activit\u00e9 poss\u00e8de deux longueurs de pompons. Il peut aussi s'utiliser pour l'alimentation quotidienne pour les animaux goulus en emp\u00eachant d'engloutir trop vite la nourriture. Un tiroir en plastique amovible emp\u00eache ce jeu d'activit\u00e9 de se froisser et permet un nettoyage facile en machine.","robots":{"index":"noindex","follow":"nofollow"},"og_locale":"fr_FR","og_type":"article","og_title":"Tapis de fouille Activiy Sniffing Trixie - V\u00e9torino","og_description":"Le\u00a0Jeu de strat\u00e9gie TRIXIE Activity Sniffing Carpet\u00a0permet \u00e0 votre chien ou votre chat de s'amuser en reniflant. L'animal obtient sa r\u00e9compense en fouillant avec son museau ou ses pattes. Le tapis d'activit\u00e9 poss\u00e8de deux longueurs de pompons. Il peut aussi s'utiliser pour l'alimentation quotidienne pour les animaux goulus en emp\u00eachant d'engloutir trop vite la nourriture. Un tiroir en plastique amovible emp\u00eache ce jeu d'activit\u00e9 de se froisser et permet un nettoyage facile en machine.","og_url":"https:\/\/www.vetorino.com\/veterinaire\/sucyenbrie-94370\/boutique\/product\/tapis-de-fouille-activiy-sniffing\/","og_site_name":"V\u00e9torino","article_publisher":"https:\/\/www.facebook.com\/Vetorino\/","article_modified_time":"2026-03-29T07:41:22+00:00","og_image":[{"width":800,"height":360,"url":"https:\/\/www.vetorino.com\/boutique\/wp-content\/uploads\/2020\/06\/lm_5e4da3b7fbbce2345d7772b0674a318d51571063602.png","type":"image\/png"}],"twitter_card":"summary_large_image","twitter_misc":{"Prix":"23,52&euro;","Disponibilit\u00e9":"En stock"},"schema":{"@context":"https:\/\/schema.org","@graph":[{"@type":"WebPage","@id":"https:\/\/www.vetorino.com\/boutique\/product\/tapis-de-fouille-activiy-sniffing\/","url":"https:\/\/www.vetorino.com\/boutique\/product\/tapis-de-fouille-activiy-sniffing\/","name":"Tapis de fouille Activiy Sniffing Trixie - V\u00e9torino","isPartOf":{"@id":"https:\/\/www.vetorino.com\/boutique\/#website"},"primaryImageOfPage":{"@id":"https:\/\/www.vetorino.com\/boutique\/product\/tapis-de-fouille-activiy-sniffing\/#primaryimage"},"image":{"@id":"https:\/\/www.vetorino.com\/boutique\/product\/tapis-de-fouille-activiy-sniffing\/#primaryimage"},"thumbnailUrl":"https:\/\/www.vetorino.com\/boutique\/wp-content\/uploads\/2020\/06\/lm_5e4da3b7fbbce2345d7772b0674a318d51571063602.png","datePublished":"2020-06-30T14:26:32+00:00","dateModified":"2026-03-29T07:41:22+00:00","description":"Le\u00a0Jeu de strat\u00e9gie TRIXIE Activity Sniffing Carpet\u00a0permet \u00e0 votre chien ou votre chat de s'amuser en reniflant. L'animal obtient sa r\u00e9compense en fouillant avec son museau ou ses pattes. Le tapis d'activit\u00e9 poss\u00e8de deux longueurs de pompons. Il peut aussi s'utiliser pour l'alimentation quotidienne pour les animaux goulus en emp\u00eachant d'engloutir trop vite la nourriture. Un tiroir en plastique amovible emp\u00eache ce jeu d'activit\u00e9 de se froisser et permet un nettoyage facile en machine.","breadcrumb":{"@id":"https:\/\/www.vetorino.com\/boutique\/product\/tapis-de-fouille-activiy-sniffing\/#breadcrumb"},"inLanguage":"fr-FR","potentialAction":[{"@type":"ReadAction","target":["https:\/\/www.vetorino.com\/boutique\/product\/tapis-de-fouille-activiy-sniffing\/"]}]},{"@type":"ImageObject","inLanguage":"fr-FR","@id":"https:\/\/www.vetorino.com\/boutique\/product\/tapis-de-fouille-activiy-sniffing\/#primaryimage","url":"https:\/\/www.vetorino.com\/boutique\/wp-content\/uploads\/2020\/06\/lm_5e4da3b7fbbce2345d7772b0674a318d51571063602.png","contentUrl":"https:\/\/www.vetorino.com\/boutique\/wp-content\/uploads\/2020\/06\/lm_5e4da3b7fbbce2345d7772b0674a318d51571063602.png","width":800,"height":360},{"@type":"BreadcrumbList","@id":"https:\/\/www.vetorino.com\/boutique\/product\/tapis-de-fouille-activiy-sniffing\/#breadcrumb","itemListElement":[{"@type":"ListItem","position":1,"name":"Accueil","item":"https:\/\/www.vetorino.com\/boutique\/"},{"@type":"ListItem","position":2,"name":"Produits","item":"https:\/\/www.vetorino.com\/boutique\/"},{"@type":"ListItem","position":3,"name":"Tapis de fouille Activiy Sniffing"}]},{"@type":"WebSite","@id":"https:\/\/www.vetorino.com\/boutique\/#website","url":"https:\/\/www.vetorino.com\/boutique\/","name":"V\u00e9torino","description":"","publisher":{"@id":"https:\/\/www.vetorino.com\/boutique\/#organization"},"potentialAction":[{"@type":"SearchAction","target":{"@type":"EntryPoint","urlTemplate":"https:\/\/www.vetorino.com\/boutique\/?s={search_term_string}"},"query-input":{"@type":"PropertyValueSpecification","valueRequired":true,"valueName":"search_term_string"}}],"inLanguage":"fr-FR"},{"@type":"Organization","@id":"https:\/\/www.vetorino.com\/boutique\/#organization","name":"V\u00e9torino","url":"https:\/\/www.vetorino.com\/boutique\/","logo":{"@type":"ImageObject","inLanguage":"fr-FR","@id":"https:\/\/www.vetorino.com\/boutique\/#\/schema\/logo\/image\/","url":"https:\/\/www.vetorino.com\/boutique\/wp-content\/uploads\/2024\/10\/logo.jpg","contentUrl":"https:\/\/www.vetorino.com\/boutique\/wp-content\/uploads\/2024\/10\/logo.jpg","width":1200,"height":610,"caption":"V\u00e9torino"},"image":{"@id":"https:\/\/www.vetorino.com\/boutique\/#\/schema\/logo\/image\/"},"sameAs":["https:\/\/www.facebook.com\/Vetorino\/","https:\/\/www.instagram.com\/vetorino_off\/","https:\/\/www.linkedin.com\/company\/vtorino\/"]}]},"product_brand":"Trixie","product_price_amount":"23.52","product_price_currency":"EUR","og_availability":"instock","product_availability":"instock","product_retailer_item_id":"C-TAP768","product_condition":"new"},"_links":{"self":[{"href":"https:\/\/www.vetorino.com\/veterinaire\/sucyenbrie-94370\/boutique\/wp-json\/wp\/v2\/product\/102704","targetHints":{"allow":["GET"]}}],"collection":[{"href":"https:\/\/www.vetorino.com\/veterinaire\/sucyenbrie-94370\/boutique\/wp-json\/wp\/v2\/product"}],"about":[{"href":"https:\/\/www.vetorino.com\/veterinaire\/sucyenbrie-94370\/boutique\/wp-json\/wp\/v2\/types\/product"}],"wp:featuredmedia":[{"embeddable":true,"href":"https:\/\/www.vetorino.com\/veterinaire\/sucyenbrie-94370\/boutique\/wp-json\/wp\/v2\/media\/620891"}],"wp:attachment":[{"href":"https:\/\/www.vetorino.com\/veterinaire\/sucyenbrie-94370\/boutique\/wp-json\/wp\/v2\/media?parent=102704"}],"wp:term":[{"taxonomy":"product_cat","embeddable":true,"href":"https:\/\/www.vetorino.com\/veterinaire\/sucyenbrie-94370\/boutique\/wp-json\/wp\/v2\/product_cat?post=102704"},{"taxonomy":"product_tag","embeddable":true,"href":"https:\/\/www.vetorino.com\/veterinaire\/sucyenbrie-94370\/boutique\/wp-json\/wp\/v2\/product_tag?post=102704"}],"curies":[{"name":"wp","href":"https:\/\/api.w.org\/{rel}","templated":true}]}}