{"id":104250,"date":"2020-06-30T18:09:09","date_gmt":"2020-06-30T16:09:09","guid":{"rendered":"https:\/\/www.vetorino.com\/boutique\/product\/vita-rongeur-2\/"},"modified":"2026-04-02T02:42:04","modified_gmt":"2026-04-02T00:42:04","slug":"vita-rongeur-2","status":"publish","type":"product","link":"https:\/\/www.vetorino.com\/veterinaire\/sucyenbrie-94370\/boutique\/product\/vita-rongeur-2\/","title":{"rendered":"Vita Rongeur"},"content":{"rendered":"<div class='hidden'>VIRBAC FRANCE<\/div>\n<div class='hidden'>Rongeurs<\/div>\n<div class='hidden'>Vitamines et min\u00e9raux<\/div>\n<p>Vitamines et acides amin\u00e9s sous forme orale pour lapins, hamsters, cobayes, rats, souris, gerbilles et chinchillas : <br \/>&#8211; Donn\u00e9s r\u00e9guli\u00e8rement \u00e0 l&#8217;entretien : compensation des carences vitaminiques de l&#8217;alimentation et contribution au maintien en bonne sant\u00e9 des jeunes en croissance, des femelles en gestation, lactation et des adultes. <br \/>&#8211; En p\u00e9riode de convalescence : action stimulante et aide \u00e0 la r\u00e9cup\u00e9ration.<\/p>\n","protected":false},"excerpt":{"rendered":"<p>VIRBAC FRANCE Rongeurs Vitamines et min\u00e9raux Vitamines et acides amin\u00e9s sous forme orale pour lapins, hamsters, cobayes, rats, souris, gerbilles et chinchillas : &#8211; Donn\u00e9s r\u00e9guli\u00e8rement \u00e0 l&#8217;entretien : compensation des carences vitaminiques de l&#8217;alimentation et contribution au maintien en bonne sant\u00e9 des jeunes en croissance, des femelles en gestation, lactation et des adultes. &#8211; [&hellip;]<\/p>\n","protected":false},"featured_media":104249,"template":"","meta":[],"product_cat":[12578,12580,12664,12665,15841,2727,12570,15842],"product_tag":[],"class_list":{"0":"post-104250","1":"product","2":"type-product","3":"status-publish","4":"has-post-thumbnail","6":"product_cat-alimentation-du-lapin","7":"product_cat-alimentation-du-rongeur","8":"product_cat-complement-alimentaire-pour-rongeur","9":"product_cat-complement-nutritionnel-pour-lapin","10":"product_cat-lapins","11":"product_cat-nac","12":"product_cat-rongeur","13":"product_cat-rongeurs","14":"pa_marque-virbac","16":"first","17":"instock","18":"taxable","19":"shipping-taxable","20":"purchasable","21":"product-type-simple"},"yoast_head":"<!-- This site is optimized with the Yoast SEO plugin v27.3 - https:\/\/yoast.com\/product\/yoast-seo-wordpress\/ -->\n<title>Vita Rongeur Virbac - V\u00e9torino<\/title>\n<meta name=\"description\" content=\"VIRBAC FRANCERongeursVitamines et min\u00e9rauxVitamines et acides amin\u00e9s sous forme orale pour lapins, hamsters, cobayes, rats, souris, gerbilles et\" \/>\n<meta name=\"robots\" content=\"noindex, nofollow\" \/>\n<meta property=\"og:locale\" content=\"fr_FR\" \/>\n<meta property=\"og:type\" content=\"article\" \/>\n<meta property=\"og:title\" content=\"Vita Rongeur Virbac - V\u00e9torino\" \/>\n<meta property=\"og:description\" content=\"VIRBAC FRANCERongeursVitamines et min\u00e9rauxVitamines et acides amin\u00e9s sous forme orale pour lapins, hamsters, cobayes, rats, souris, gerbilles et\" \/>\n<meta property=\"og:url\" content=\"https:\/\/www.vetorino.com\/veterinaire\/sucyenbrie-94370\/boutique\/product\/vita-rongeur-2\/\" \/>\n<meta property=\"og:site_name\" content=\"V\u00e9torino\" \/>\n<meta property=\"article:publisher\" content=\"https:\/\/www.facebook.com\/Vetorino\/\" \/>\n<meta property=\"article:modified_time\" content=\"2026-04-02T00:42:04+00:00\" \/>\n<meta property=\"og:image\" content=\"https:\/\/www.vetorino.com\/boutique\/wp-content\/uploads\/2020\/06\/FilsVIT050FormatMediumTypeIM.png\" \/>\n\t<meta property=\"og:image:width\" content=\"400\" \/>\n\t<meta property=\"og:image:height\" content=\"400\" \/>\n\t<meta property=\"og:image:type\" content=\"image\/png\" \/>\n<meta name=\"twitter:card\" content=\"summary_large_image\" \/>\n<meta name=\"twitter:label1\" content=\"Prix\" \/>\n\t<meta name=\"twitter:data1\" content=\"14,80&euro;\" \/>\n\t<meta name=\"twitter:label2\" content=\"Disponibilit\u00e9\" \/>\n\t<meta name=\"twitter:data2\" content=\"En stock\" \/>\n<script type=\"application\/ld+json\" class=\"yoast-schema-graph\">{\"@context\":\"https:\\\/\\\/schema.org\",\"@graph\":[{\"@type\":\"WebPage\",\"@id\":\"https:\\\/\\\/www.vetorino.com\\\/veterinaire\\\/pontarlier-25300\\\/boutique\\\/product\\\/vita-rongeur-2\\\/\",\"url\":\"https:\\\/\\\/www.vetorino.com\\\/veterinaire\\\/pontarlier-25300\\\/boutique\\\/product\\\/vita-rongeur-2\\\/\",\"name\":\"Vita Rongeur Virbac - V\u00e9torino\",\"isPartOf\":{\"@id\":\"https:\\\/\\\/www.vetorino.com\\\/boutique\\\/#website\"},\"primaryImageOfPage\":{\"@id\":\"https:\\\/\\\/www.vetorino.com\\\/veterinaire\\\/pontarlier-25300\\\/boutique\\\/product\\\/vita-rongeur-2\\\/#primaryimage\"},\"image\":{\"@id\":\"https:\\\/\\\/www.vetorino.com\\\/veterinaire\\\/pontarlier-25300\\\/boutique\\\/product\\\/vita-rongeur-2\\\/#primaryimage\"},\"thumbnailUrl\":\"https:\\\/\\\/www.vetorino.com\\\/boutique\\\/wp-content\\\/uploads\\\/2020\\\/06\\\/FilsVIT050FormatMediumTypeIM.png\",\"datePublished\":\"2020-06-30T16:09:09+00:00\",\"dateModified\":\"2026-04-02T00:42:04+00:00\",\"description\":\"VIRBAC FRANCERongeursVitamines et min\u00e9rauxVitamines et acides amin\u00e9s sous forme orale pour lapins, hamsters, cobayes, rats, souris, gerbilles et\",\"breadcrumb\":{\"@id\":\"https:\\\/\\\/www.vetorino.com\\\/veterinaire\\\/pontarlier-25300\\\/boutique\\\/product\\\/vita-rongeur-2\\\/#breadcrumb\"},\"inLanguage\":\"fr-FR\",\"potentialAction\":[{\"@type\":\"ReadAction\",\"target\":[\"https:\\\/\\\/www.vetorino.com\\\/veterinaire\\\/pontarlier-25300\\\/boutique\\\/product\\\/vita-rongeur-2\\\/\"]}]},{\"@type\":\"ImageObject\",\"inLanguage\":\"fr-FR\",\"@id\":\"https:\\\/\\\/www.vetorino.com\\\/veterinaire\\\/pontarlier-25300\\\/boutique\\\/product\\\/vita-rongeur-2\\\/#primaryimage\",\"url\":\"https:\\\/\\\/www.vetorino.com\\\/boutique\\\/wp-content\\\/uploads\\\/2020\\\/06\\\/FilsVIT050FormatMediumTypeIM.png\",\"contentUrl\":\"https:\\\/\\\/www.vetorino.com\\\/boutique\\\/wp-content\\\/uploads\\\/2020\\\/06\\\/FilsVIT050FormatMediumTypeIM.png\",\"width\":400,\"height\":400},{\"@type\":\"BreadcrumbList\",\"@id\":\"https:\\\/\\\/www.vetorino.com\\\/veterinaire\\\/pontarlier-25300\\\/boutique\\\/product\\\/vita-rongeur-2\\\/#breadcrumb\",\"itemListElement\":[{\"@type\":\"ListItem\",\"position\":1,\"name\":\"Accueil\",\"item\":\"https:\\\/\\\/www.vetorino.com\\\/boutique\\\/\"},{\"@type\":\"ListItem\",\"position\":2,\"name\":\"Produits\",\"item\":\"https:\\\/\\\/www.vetorino.com\\\/boutique\\\/\"},{\"@type\":\"ListItem\",\"position\":3,\"name\":\"Vita Rongeur\"}]},{\"@type\":\"WebSite\",\"@id\":\"https:\\\/\\\/www.vetorino.com\\\/boutique\\\/#website\",\"url\":\"https:\\\/\\\/www.vetorino.com\\\/boutique\\\/\",\"name\":\"V\u00e9torino\",\"description\":\"\",\"publisher\":{\"@id\":\"https:\\\/\\\/www.vetorino.com\\\/boutique\\\/#organization\"},\"potentialAction\":[{\"@type\":\"SearchAction\",\"target\":{\"@type\":\"EntryPoint\",\"urlTemplate\":\"https:\\\/\\\/www.vetorino.com\\\/boutique\\\/?s={search_term_string}\"},\"query-input\":{\"@type\":\"PropertyValueSpecification\",\"valueRequired\":true,\"valueName\":\"search_term_string\"}}],\"inLanguage\":\"fr-FR\"},{\"@type\":\"Organization\",\"@id\":\"https:\\\/\\\/www.vetorino.com\\\/boutique\\\/#organization\",\"name\":\"V\u00e9torino\",\"url\":\"https:\\\/\\\/www.vetorino.com\\\/boutique\\\/\",\"logo\":{\"@type\":\"ImageObject\",\"inLanguage\":\"fr-FR\",\"@id\":\"https:\\\/\\\/www.vetorino.com\\\/boutique\\\/#\\\/schema\\\/logo\\\/image\\\/\",\"url\":\"https:\\\/\\\/www.vetorino.com\\\/boutique\\\/wp-content\\\/uploads\\\/2024\\\/10\\\/logo.jpg\",\"contentUrl\":\"https:\\\/\\\/www.vetorino.com\\\/boutique\\\/wp-content\\\/uploads\\\/2024\\\/10\\\/logo.jpg\",\"width\":1200,\"height\":610,\"caption\":\"V\u00e9torino\"},\"image\":{\"@id\":\"https:\\\/\\\/www.vetorino.com\\\/boutique\\\/#\\\/schema\\\/logo\\\/image\\\/\"},\"sameAs\":[\"https:\\\/\\\/www.facebook.com\\\/Vetorino\\\/\",\"https:\\\/\\\/www.instagram.com\\\/vetorino_off\\\/\",\"https:\\\/\\\/www.linkedin.com\\\/company\\\/vtorino\\\/\"]}]}<\/script>\n<meta property=\"product:brand\" content=\"Virbac\" \/>\n<meta property=\"product:price:amount\" content=\"14.80\" \/>\n<meta property=\"product:price:currency\" content=\"EUR\" \/>\n<meta property=\"og:availability\" content=\"instock\" \/>\n<meta property=\"product:availability\" content=\"instock\" \/>\n<meta property=\"product:retailer_item_id\" content=\"C-VIT050\" \/>\n<meta property=\"product:condition\" content=\"new\" \/>\n<!-- \/ Yoast SEO plugin. -->","yoast_head_json":{"title":"Vita Rongeur Virbac - V\u00e9torino","description":"VIRBAC FRANCERongeursVitamines et min\u00e9rauxVitamines et acides amin\u00e9s sous forme orale pour lapins, hamsters, cobayes, rats, souris, gerbilles et","robots":{"index":"noindex","follow":"nofollow"},"og_locale":"fr_FR","og_type":"article","og_title":"Vita Rongeur Virbac - V\u00e9torino","og_description":"VIRBAC FRANCERongeursVitamines et min\u00e9rauxVitamines et acides amin\u00e9s sous forme orale pour lapins, hamsters, cobayes, rats, souris, gerbilles et","og_url":"https:\/\/www.vetorino.com\/veterinaire\/sucyenbrie-94370\/boutique\/product\/vita-rongeur-2\/","og_site_name":"V\u00e9torino","article_publisher":"https:\/\/www.facebook.com\/Vetorino\/","article_modified_time":"2026-04-02T00:42:04+00:00","og_image":[{"width":400,"height":400,"url":"https:\/\/www.vetorino.com\/boutique\/wp-content\/uploads\/2020\/06\/FilsVIT050FormatMediumTypeIM.png","type":"image\/png"}],"twitter_card":"summary_large_image","twitter_misc":{"Prix":"14,80&euro;","Disponibilit\u00e9":"En stock"},"schema":{"@context":"https:\/\/schema.org","@graph":[{"@type":"WebPage","@id":"https:\/\/www.vetorino.com\/veterinaire\/pontarlier-25300\/boutique\/product\/vita-rongeur-2\/","url":"https:\/\/www.vetorino.com\/veterinaire\/pontarlier-25300\/boutique\/product\/vita-rongeur-2\/","name":"Vita Rongeur Virbac - V\u00e9torino","isPartOf":{"@id":"https:\/\/www.vetorino.com\/boutique\/#website"},"primaryImageOfPage":{"@id":"https:\/\/www.vetorino.com\/veterinaire\/pontarlier-25300\/boutique\/product\/vita-rongeur-2\/#primaryimage"},"image":{"@id":"https:\/\/www.vetorino.com\/veterinaire\/pontarlier-25300\/boutique\/product\/vita-rongeur-2\/#primaryimage"},"thumbnailUrl":"https:\/\/www.vetorino.com\/boutique\/wp-content\/uploads\/2020\/06\/FilsVIT050FormatMediumTypeIM.png","datePublished":"2020-06-30T16:09:09+00:00","dateModified":"2026-04-02T00:42:04+00:00","description":"VIRBAC FRANCERongeursVitamines et min\u00e9rauxVitamines et acides amin\u00e9s sous forme orale pour lapins, hamsters, cobayes, rats, souris, gerbilles et","breadcrumb":{"@id":"https:\/\/www.vetorino.com\/veterinaire\/pontarlier-25300\/boutique\/product\/vita-rongeur-2\/#breadcrumb"},"inLanguage":"fr-FR","potentialAction":[{"@type":"ReadAction","target":["https:\/\/www.vetorino.com\/veterinaire\/pontarlier-25300\/boutique\/product\/vita-rongeur-2\/"]}]},{"@type":"ImageObject","inLanguage":"fr-FR","@id":"https:\/\/www.vetorino.com\/veterinaire\/pontarlier-25300\/boutique\/product\/vita-rongeur-2\/#primaryimage","url":"https:\/\/www.vetorino.com\/boutique\/wp-content\/uploads\/2020\/06\/FilsVIT050FormatMediumTypeIM.png","contentUrl":"https:\/\/www.vetorino.com\/boutique\/wp-content\/uploads\/2020\/06\/FilsVIT050FormatMediumTypeIM.png","width":400,"height":400},{"@type":"BreadcrumbList","@id":"https:\/\/www.vetorino.com\/veterinaire\/pontarlier-25300\/boutique\/product\/vita-rongeur-2\/#breadcrumb","itemListElement":[{"@type":"ListItem","position":1,"name":"Accueil","item":"https:\/\/www.vetorino.com\/boutique\/"},{"@type":"ListItem","position":2,"name":"Produits","item":"https:\/\/www.vetorino.com\/boutique\/"},{"@type":"ListItem","position":3,"name":"Vita Rongeur"}]},{"@type":"WebSite","@id":"https:\/\/www.vetorino.com\/boutique\/#website","url":"https:\/\/www.vetorino.com\/boutique\/","name":"V\u00e9torino","description":"","publisher":{"@id":"https:\/\/www.vetorino.com\/boutique\/#organization"},"potentialAction":[{"@type":"SearchAction","target":{"@type":"EntryPoint","urlTemplate":"https:\/\/www.vetorino.com\/boutique\/?s={search_term_string}"},"query-input":{"@type":"PropertyValueSpecification","valueRequired":true,"valueName":"search_term_string"}}],"inLanguage":"fr-FR"},{"@type":"Organization","@id":"https:\/\/www.vetorino.com\/boutique\/#organization","name":"V\u00e9torino","url":"https:\/\/www.vetorino.com\/boutique\/","logo":{"@type":"ImageObject","inLanguage":"fr-FR","@id":"https:\/\/www.vetorino.com\/boutique\/#\/schema\/logo\/image\/","url":"https:\/\/www.vetorino.com\/boutique\/wp-content\/uploads\/2024\/10\/logo.jpg","contentUrl":"https:\/\/www.vetorino.com\/boutique\/wp-content\/uploads\/2024\/10\/logo.jpg","width":1200,"height":610,"caption":"V\u00e9torino"},"image":{"@id":"https:\/\/www.vetorino.com\/boutique\/#\/schema\/logo\/image\/"},"sameAs":["https:\/\/www.facebook.com\/Vetorino\/","https:\/\/www.instagram.com\/vetorino_off\/","https:\/\/www.linkedin.com\/company\/vtorino\/"]}]},"product_brand":"Virbac","product_price_amount":"14.80","product_price_currency":"EUR","og_availability":"instock","product_availability":"instock","product_retailer_item_id":"C-VIT050","product_condition":"new"},"_links":{"self":[{"href":"https:\/\/www.vetorino.com\/veterinaire\/sucyenbrie-94370\/boutique\/wp-json\/wp\/v2\/product\/104250","targetHints":{"allow":["GET"]}}],"collection":[{"href":"https:\/\/www.vetorino.com\/veterinaire\/sucyenbrie-94370\/boutique\/wp-json\/wp\/v2\/product"}],"about":[{"href":"https:\/\/www.vetorino.com\/veterinaire\/sucyenbrie-94370\/boutique\/wp-json\/wp\/v2\/types\/product"}],"wp:featuredmedia":[{"embeddable":true,"href":"https:\/\/www.vetorino.com\/veterinaire\/sucyenbrie-94370\/boutique\/wp-json\/wp\/v2\/media\/104249"}],"wp:attachment":[{"href":"https:\/\/www.vetorino.com\/veterinaire\/sucyenbrie-94370\/boutique\/wp-json\/wp\/v2\/media?parent=104250"}],"wp:term":[{"taxonomy":"product_cat","embeddable":true,"href":"https:\/\/www.vetorino.com\/veterinaire\/sucyenbrie-94370\/boutique\/wp-json\/wp\/v2\/product_cat?post=104250"},{"taxonomy":"product_tag","embeddable":true,"href":"https:\/\/www.vetorino.com\/veterinaire\/sucyenbrie-94370\/boutique\/wp-json\/wp\/v2\/product_tag?post=104250"}],"curies":[{"name":"wp","href":"https:\/\/api.w.org\/{rel}","templated":true}]}}