{"id":107651,"date":"2020-07-09T21:16:49","date_gmt":"2020-07-09T19:16:49","guid":{"rendered":"https:\/\/www.vetorino.com\/boutique\/product\/filtre-pour-fontaine-flower-catit-senses-2-0\/"},"modified":"2024-05-02T17:06:53","modified_gmt":"2024-05-02T15:06:53","slug":"filtre-pour-fontaine-flower-catit-senses-2-0","status":"publish","type":"product","link":"https:\/\/www.vetorino.com\/veterinaire\/sucyenbrie-94370\/boutique\/product\/filtre-pour-fontaine-flower-catit-senses-2-0\/","title":{"rendered":"Filtre pour fontaine Flower Catit Senses 2.0"},"content":{"rendered":"<p><strong>Filtre \u00e0 triple action qui filtre les d\u00e9bris, \u00e9limine les mauvaises odeurs et les impuret\u00e9s et adoucit l&#8217;eau<\/strong><\/p>\n<p>L\u2019abreuvoir avec fleur s\u2019utilise seulement avec les filtres Catit certifi\u00e9s\u00a0qui purifient l\u2019eau de votre chat pendant environ 30\u00a0jours.<\/p>\n<p><strong>Avantages :<\/strong><\/p>\n<ul>\n<li>Contient 75% de plastique en moins compar\u00e9 au filtre d&#8217;origine.<\/li>\n<li>Charbon actif qui aide \u00e0 \u00e9liminer les mauvaises odeurs (caus\u00e9s par les bact\u00e9ries et le chlore) et les impuret\u00e9s<\/li>\n<li>R\u00e9sine d&#8217;\u00e9change ionique pour adoucir l&#8217;eau du robinet et aider \u00e0 pr\u00e9venir les maladies des voies urinaires<\/li>\n<\/ul>\n","protected":false},"excerpt":{"rendered":"<p><strong>Filtre \u00e0 triple action qui adoucit l&#8217;eau, \u00e9limine les mauvaises odeurs et les impuret\u00e9s en plus de filtrer les poils, les s\u00e9diments et les d\u00e9bris.<\/strong><\/p>\n<p>L\u2019abreuvoir avec fleur s\u2019utilise seulement avec les filtres Catit certifi\u00e9s\u00a0qui purifient l\u2019eau de votre chat pendant environ 30\u00a0jours.<\/p>\n","protected":false},"featured_media":911827,"template":"","meta":[],"product_cat":[12548,2697,2698,12606],"product_tag":[],"class_list":{"0":"post-107651","1":"product","2":"type-product","3":"status-publish","4":"has-post-thumbnail","6":"product_cat-accessoire-du-chat","7":"product_cat-chat","8":"product_cat-chien","9":"product_cat-gamelles-pour-chat","10":"pa_marque-catit","12":"first","13":"instock","14":"taxable","15":"shipping-taxable","16":"purchasable","17":"product-type-variable"},"yoast_head":"<!-- This site is optimized with the Yoast SEO plugin v27.3 - https:\/\/yoast.com\/product\/yoast-seo-wordpress\/ -->\n<title>Filtre pour fontaine Flower Catit Senses 2.0 Catit - V\u00e9torino<\/title>\n<meta name=\"description\" content=\"Filtre \u00e0 triple action qui adoucit l&#039;eau, \u00e9limine les mauvaises odeurs et les impuret\u00e9s en plus de filtrer les poils, les s\u00e9diments et les d\u00e9bris.  L\u2019abreuvoir avec fleur s\u2019utilise seulement avec les filtres Catit certifi\u00e9s\u00a0qui purifient l\u2019eau de votre chat pendant environ 30\u00a0jours.\" \/>\n<meta name=\"robots\" content=\"noindex, nofollow\" \/>\n<meta property=\"og:locale\" content=\"fr_FR\" \/>\n<meta property=\"og:type\" content=\"article\" \/>\n<meta property=\"og:title\" content=\"Filtre pour fontaine Flower Catit Senses 2.0 Catit - V\u00e9torino\" \/>\n<meta property=\"og:description\" content=\"Filtre \u00e0 triple action qui adoucit l&#039;eau, \u00e9limine les mauvaises odeurs et les impuret\u00e9s en plus de filtrer les poils, les s\u00e9diments et les d\u00e9bris.  L\u2019abreuvoir avec fleur s\u2019utilise seulement avec les filtres Catit certifi\u00e9s\u00a0qui purifient l\u2019eau de votre chat pendant environ 30\u00a0jours.\" \/>\n<meta property=\"og:url\" content=\"https:\/\/www.vetorino.com\/veterinaire\/sucyenbrie-94370\/boutique\/product\/filtre-pour-fontaine-flower-catit-senses-2-0\/\" \/>\n<meta property=\"og:site_name\" content=\"V\u00e9torino\" \/>\n<meta property=\"article:publisher\" content=\"https:\/\/www.facebook.com\/Vetorino\/\" \/>\n<meta property=\"article:modified_time\" content=\"2024-05-02T15:06:53+00:00\" \/>\n<meta property=\"og:image\" content=\"https:\/\/www.vetorino.com\/boutique\/wp-content\/uploads\/2020\/07\/catit-8106206-filtres-pour-fontaine-a-eau-de-3-litres-pour-chats-2-pieces.v1.jpg\" \/>\n\t<meta property=\"og:image:width\" content=\"403\" \/>\n\t<meta property=\"og:image:height\" content=\"500\" \/>\n\t<meta property=\"og:image:type\" content=\"image\/jpeg\" \/>\n<meta name=\"twitter:card\" content=\"summary_large_image\" \/>\n<meta name=\"twitter:label1\" content=\"Disponibilit\u00e9\" \/>\n\t<meta name=\"twitter:data1\" content=\"En stock\" \/>\n<script type=\"application\/ld+json\" class=\"yoast-schema-graph\">{\"@context\":\"https:\\\/\\\/schema.org\",\"@graph\":[{\"@type\":\"WebPage\",\"@id\":\"https:\\\/\\\/www.vetorino.com\\\/veterinaire\\\/evry-91000\\\/boutique\\\/product\\\/filtre-pour-fontaine-flower-catit-senses-2-0\\\/\",\"url\":\"https:\\\/\\\/www.vetorino.com\\\/veterinaire\\\/evry-91000\\\/boutique\\\/product\\\/filtre-pour-fontaine-flower-catit-senses-2-0\\\/\",\"name\":\"Filtre pour fontaine Flower Catit Senses 2.0 Catit - V\u00e9torino\",\"isPartOf\":{\"@id\":\"https:\\\/\\\/www.vetorino.com\\\/boutique\\\/#website\"},\"primaryImageOfPage\":{\"@id\":\"https:\\\/\\\/www.vetorino.com\\\/veterinaire\\\/evry-91000\\\/boutique\\\/product\\\/filtre-pour-fontaine-flower-catit-senses-2-0\\\/#primaryimage\"},\"image\":{\"@id\":\"https:\\\/\\\/www.vetorino.com\\\/veterinaire\\\/evry-91000\\\/boutique\\\/product\\\/filtre-pour-fontaine-flower-catit-senses-2-0\\\/#primaryimage\"},\"thumbnailUrl\":\"https:\\\/\\\/www.vetorino.com\\\/boutique\\\/wp-content\\\/uploads\\\/2020\\\/07\\\/catit-8106206-filtres-pour-fontaine-a-eau-de-3-litres-pour-chats-2-pieces.v1.jpg\",\"datePublished\":\"2020-07-09T19:16:49+00:00\",\"dateModified\":\"2024-05-02T15:06:53+00:00\",\"description\":\"Filtre \u00e0 triple action qui adoucit l'eau, \u00e9limine les mauvaises odeurs et les impuret\u00e9s en plus de filtrer les poils, les s\u00e9diments et les d\u00e9bris. L\u2019abreuvoir avec fleur s\u2019utilise seulement avec les filtres Catit certifi\u00e9s\u00a0qui purifient l\u2019eau de votre chat pendant environ 30\u00a0jours.\",\"breadcrumb\":{\"@id\":\"https:\\\/\\\/www.vetorino.com\\\/veterinaire\\\/evry-91000\\\/boutique\\\/product\\\/filtre-pour-fontaine-flower-catit-senses-2-0\\\/#breadcrumb\"},\"inLanguage\":\"fr-FR\",\"potentialAction\":[{\"@type\":\"ReadAction\",\"target\":[\"https:\\\/\\\/www.vetorino.com\\\/veterinaire\\\/evry-91000\\\/boutique\\\/product\\\/filtre-pour-fontaine-flower-catit-senses-2-0\\\/\"]}]},{\"@type\":\"ImageObject\",\"inLanguage\":\"fr-FR\",\"@id\":\"https:\\\/\\\/www.vetorino.com\\\/veterinaire\\\/evry-91000\\\/boutique\\\/product\\\/filtre-pour-fontaine-flower-catit-senses-2-0\\\/#primaryimage\",\"url\":\"https:\\\/\\\/www.vetorino.com\\\/boutique\\\/wp-content\\\/uploads\\\/2020\\\/07\\\/catit-8106206-filtres-pour-fontaine-a-eau-de-3-litres-pour-chats-2-pieces.v1.jpg\",\"contentUrl\":\"https:\\\/\\\/www.vetorino.com\\\/boutique\\\/wp-content\\\/uploads\\\/2020\\\/07\\\/catit-8106206-filtres-pour-fontaine-a-eau-de-3-litres-pour-chats-2-pieces.v1.jpg\",\"width\":403,\"height\":500},{\"@type\":\"BreadcrumbList\",\"@id\":\"https:\\\/\\\/www.vetorino.com\\\/veterinaire\\\/evry-91000\\\/boutique\\\/product\\\/filtre-pour-fontaine-flower-catit-senses-2-0\\\/#breadcrumb\",\"itemListElement\":[{\"@type\":\"ListItem\",\"position\":1,\"name\":\"Accueil\",\"item\":\"https:\\\/\\\/www.vetorino.com\\\/boutique\\\/\"},{\"@type\":\"ListItem\",\"position\":2,\"name\":\"Produits\",\"item\":\"https:\\\/\\\/www.vetorino.com\\\/boutique\\\/\"},{\"@type\":\"ListItem\",\"position\":3,\"name\":\"Filtre pour fontaine Flower Catit Senses 2.0\"}]},{\"@type\":\"WebSite\",\"@id\":\"https:\\\/\\\/www.vetorino.com\\\/boutique\\\/#website\",\"url\":\"https:\\\/\\\/www.vetorino.com\\\/boutique\\\/\",\"name\":\"V\u00e9torino\",\"description\":\"\",\"publisher\":{\"@id\":\"https:\\\/\\\/www.vetorino.com\\\/boutique\\\/#organization\"},\"potentialAction\":[{\"@type\":\"SearchAction\",\"target\":{\"@type\":\"EntryPoint\",\"urlTemplate\":\"https:\\\/\\\/www.vetorino.com\\\/boutique\\\/?s={search_term_string}\"},\"query-input\":{\"@type\":\"PropertyValueSpecification\",\"valueRequired\":true,\"valueName\":\"search_term_string\"}}],\"inLanguage\":\"fr-FR\"},{\"@type\":\"Organization\",\"@id\":\"https:\\\/\\\/www.vetorino.com\\\/boutique\\\/#organization\",\"name\":\"V\u00e9torino\",\"url\":\"https:\\\/\\\/www.vetorino.com\\\/boutique\\\/\",\"logo\":{\"@type\":\"ImageObject\",\"inLanguage\":\"fr-FR\",\"@id\":\"https:\\\/\\\/www.vetorino.com\\\/boutique\\\/#\\\/schema\\\/logo\\\/image\\\/\",\"url\":\"https:\\\/\\\/www.vetorino.com\\\/boutique\\\/wp-content\\\/uploads\\\/2024\\\/10\\\/logo.jpg\",\"contentUrl\":\"https:\\\/\\\/www.vetorino.com\\\/boutique\\\/wp-content\\\/uploads\\\/2024\\\/10\\\/logo.jpg\",\"width\":1200,\"height\":610,\"caption\":\"V\u00e9torino\"},\"image\":{\"@id\":\"https:\\\/\\\/www.vetorino.com\\\/boutique\\\/#\\\/schema\\\/logo\\\/image\\\/\"},\"sameAs\":[\"https:\\\/\\\/www.facebook.com\\\/Vetorino\\\/\",\"https:\\\/\\\/www.instagram.com\\\/vetorino_off\\\/\",\"https:\\\/\\\/www.linkedin.com\\\/company\\\/vtorino\\\/\"]}]}<\/script>\n<meta property=\"product:brand\" content=\"Catit\" \/>\n<meta property=\"og:availability\" content=\"instock\" \/>\n<meta property=\"product:availability\" content=\"instock\" \/>\n<meta property=\"product:condition\" content=\"new\" \/>\n<!-- \/ Yoast SEO plugin. -->","yoast_head_json":{"title":"Filtre pour fontaine Flower Catit Senses 2.0 Catit - V\u00e9torino","description":"Filtre \u00e0 triple action qui adoucit l'eau, \u00e9limine les mauvaises odeurs et les impuret\u00e9s en plus de filtrer les poils, les s\u00e9diments et les d\u00e9bris.  L\u2019abreuvoir avec fleur s\u2019utilise seulement avec les filtres Catit certifi\u00e9s\u00a0qui purifient l\u2019eau de votre chat pendant environ 30\u00a0jours.","robots":{"index":"noindex","follow":"nofollow"},"og_locale":"fr_FR","og_type":"article","og_title":"Filtre pour fontaine Flower Catit Senses 2.0 Catit - V\u00e9torino","og_description":"Filtre \u00e0 triple action qui adoucit l'eau, \u00e9limine les mauvaises odeurs et les impuret\u00e9s en plus de filtrer les poils, les s\u00e9diments et les d\u00e9bris.  L\u2019abreuvoir avec fleur s\u2019utilise seulement avec les filtres Catit certifi\u00e9s\u00a0qui purifient l\u2019eau de votre chat pendant environ 30\u00a0jours.","og_url":"https:\/\/www.vetorino.com\/veterinaire\/sucyenbrie-94370\/boutique\/product\/filtre-pour-fontaine-flower-catit-senses-2-0\/","og_site_name":"V\u00e9torino","article_publisher":"https:\/\/www.facebook.com\/Vetorino\/","article_modified_time":"2024-05-02T15:06:53+00:00","og_image":[{"width":403,"height":500,"url":"https:\/\/www.vetorino.com\/boutique\/wp-content\/uploads\/2020\/07\/catit-8106206-filtres-pour-fontaine-a-eau-de-3-litres-pour-chats-2-pieces.v1.jpg","type":"image\/jpeg"}],"twitter_card":"summary_large_image","twitter_misc":{"Disponibilit\u00e9":"En stock"},"schema":{"@context":"https:\/\/schema.org","@graph":[{"@type":"WebPage","@id":"https:\/\/www.vetorino.com\/veterinaire\/evry-91000\/boutique\/product\/filtre-pour-fontaine-flower-catit-senses-2-0\/","url":"https:\/\/www.vetorino.com\/veterinaire\/evry-91000\/boutique\/product\/filtre-pour-fontaine-flower-catit-senses-2-0\/","name":"Filtre pour fontaine Flower Catit Senses 2.0 Catit - V\u00e9torino","isPartOf":{"@id":"https:\/\/www.vetorino.com\/boutique\/#website"},"primaryImageOfPage":{"@id":"https:\/\/www.vetorino.com\/veterinaire\/evry-91000\/boutique\/product\/filtre-pour-fontaine-flower-catit-senses-2-0\/#primaryimage"},"image":{"@id":"https:\/\/www.vetorino.com\/veterinaire\/evry-91000\/boutique\/product\/filtre-pour-fontaine-flower-catit-senses-2-0\/#primaryimage"},"thumbnailUrl":"https:\/\/www.vetorino.com\/boutique\/wp-content\/uploads\/2020\/07\/catit-8106206-filtres-pour-fontaine-a-eau-de-3-litres-pour-chats-2-pieces.v1.jpg","datePublished":"2020-07-09T19:16:49+00:00","dateModified":"2024-05-02T15:06:53+00:00","description":"Filtre \u00e0 triple action qui adoucit l'eau, \u00e9limine les mauvaises odeurs et les impuret\u00e9s en plus de filtrer les poils, les s\u00e9diments et les d\u00e9bris. L\u2019abreuvoir avec fleur s\u2019utilise seulement avec les filtres Catit certifi\u00e9s\u00a0qui purifient l\u2019eau de votre chat pendant environ 30\u00a0jours.","breadcrumb":{"@id":"https:\/\/www.vetorino.com\/veterinaire\/evry-91000\/boutique\/product\/filtre-pour-fontaine-flower-catit-senses-2-0\/#breadcrumb"},"inLanguage":"fr-FR","potentialAction":[{"@type":"ReadAction","target":["https:\/\/www.vetorino.com\/veterinaire\/evry-91000\/boutique\/product\/filtre-pour-fontaine-flower-catit-senses-2-0\/"]}]},{"@type":"ImageObject","inLanguage":"fr-FR","@id":"https:\/\/www.vetorino.com\/veterinaire\/evry-91000\/boutique\/product\/filtre-pour-fontaine-flower-catit-senses-2-0\/#primaryimage","url":"https:\/\/www.vetorino.com\/boutique\/wp-content\/uploads\/2020\/07\/catit-8106206-filtres-pour-fontaine-a-eau-de-3-litres-pour-chats-2-pieces.v1.jpg","contentUrl":"https:\/\/www.vetorino.com\/boutique\/wp-content\/uploads\/2020\/07\/catit-8106206-filtres-pour-fontaine-a-eau-de-3-litres-pour-chats-2-pieces.v1.jpg","width":403,"height":500},{"@type":"BreadcrumbList","@id":"https:\/\/www.vetorino.com\/veterinaire\/evry-91000\/boutique\/product\/filtre-pour-fontaine-flower-catit-senses-2-0\/#breadcrumb","itemListElement":[{"@type":"ListItem","position":1,"name":"Accueil","item":"https:\/\/www.vetorino.com\/boutique\/"},{"@type":"ListItem","position":2,"name":"Produits","item":"https:\/\/www.vetorino.com\/boutique\/"},{"@type":"ListItem","position":3,"name":"Filtre pour fontaine Flower Catit Senses 2.0"}]},{"@type":"WebSite","@id":"https:\/\/www.vetorino.com\/boutique\/#website","url":"https:\/\/www.vetorino.com\/boutique\/","name":"V\u00e9torino","description":"","publisher":{"@id":"https:\/\/www.vetorino.com\/boutique\/#organization"},"potentialAction":[{"@type":"SearchAction","target":{"@type":"EntryPoint","urlTemplate":"https:\/\/www.vetorino.com\/boutique\/?s={search_term_string}"},"query-input":{"@type":"PropertyValueSpecification","valueRequired":true,"valueName":"search_term_string"}}],"inLanguage":"fr-FR"},{"@type":"Organization","@id":"https:\/\/www.vetorino.com\/boutique\/#organization","name":"V\u00e9torino","url":"https:\/\/www.vetorino.com\/boutique\/","logo":{"@type":"ImageObject","inLanguage":"fr-FR","@id":"https:\/\/www.vetorino.com\/boutique\/#\/schema\/logo\/image\/","url":"https:\/\/www.vetorino.com\/boutique\/wp-content\/uploads\/2024\/10\/logo.jpg","contentUrl":"https:\/\/www.vetorino.com\/boutique\/wp-content\/uploads\/2024\/10\/logo.jpg","width":1200,"height":610,"caption":"V\u00e9torino"},"image":{"@id":"https:\/\/www.vetorino.com\/boutique\/#\/schema\/logo\/image\/"},"sameAs":["https:\/\/www.facebook.com\/Vetorino\/","https:\/\/www.instagram.com\/vetorino_off\/","https:\/\/www.linkedin.com\/company\/vtorino\/"]}]},"product_brand":"Catit","og_availability":"instock","product_availability":"instock","product_condition":"new"},"_links":{"self":[{"href":"https:\/\/www.vetorino.com\/veterinaire\/sucyenbrie-94370\/boutique\/wp-json\/wp\/v2\/product\/107651","targetHints":{"allow":["GET"]}}],"collection":[{"href":"https:\/\/www.vetorino.com\/veterinaire\/sucyenbrie-94370\/boutique\/wp-json\/wp\/v2\/product"}],"about":[{"href":"https:\/\/www.vetorino.com\/veterinaire\/sucyenbrie-94370\/boutique\/wp-json\/wp\/v2\/types\/product"}],"wp:featuredmedia":[{"embeddable":true,"href":"https:\/\/www.vetorino.com\/veterinaire\/sucyenbrie-94370\/boutique\/wp-json\/wp\/v2\/media\/911827"}],"wp:attachment":[{"href":"https:\/\/www.vetorino.com\/veterinaire\/sucyenbrie-94370\/boutique\/wp-json\/wp\/v2\/media?parent=107651"}],"wp:term":[{"taxonomy":"product_cat","embeddable":true,"href":"https:\/\/www.vetorino.com\/veterinaire\/sucyenbrie-94370\/boutique\/wp-json\/wp\/v2\/product_cat?post=107651"},{"taxonomy":"product_tag","embeddable":true,"href":"https:\/\/www.vetorino.com\/veterinaire\/sucyenbrie-94370\/boutique\/wp-json\/wp\/v2\/product_tag?post=107651"}],"curies":[{"name":"wp","href":"https:\/\/api.w.org\/{rel}","templated":true}]}}