{"id":130511,"date":"2020-11-25T20:28:26","date_gmt":"2020-11-25T19:28:26","guid":{"rendered":"https:\/\/www.vetorino.com\/boutique\/product\/kenocox\/"},"modified":"2025-12-23T16:08:24","modified_gmt":"2025-12-23T15:08:24","slug":"kenocox","status":"publish","type":"product","link":"https:\/\/www.vetorino.com\/veterinaire\/sucyenbrie-94370\/boutique\/product\/kenocox\/","title":{"rendered":"Kenocox"},"content":{"rendered":"<p>D\u00e9sinfectant efficace contre les endoparasites, efficace contre les parasites responsables de la cryptosporidiose et de la coccidiose, contre les bact\u00e9ries, les virus et les levures. Contribue \u00e0 r\u00e9duire la pression infectieuse dans les b\u00e2timents d&#8217;\u00e9levage.<\/p>\n<p>Bovin : Destin\u00e9 aux \u00e9levages pr\u00e9sentant des risques de coccidiose et de cryptosporidiose :<br \/>\n&#8211; Niche \u00e0 veaux, apr\u00e8s chaque veau.<br \/>\n&#8211; Case \u00e0 veaux, lors du vide sanitaire.<br \/>\n&#8211; Box de vel\u00e2ge, apr\u00e8s chaque vel\u00e2ge.<\/p>\n<p>Porc : Destin\u00e9 aux \u00e9levages pr\u00e9sentant des risques de coccidies ou de parasitose (Ascaris) :<br \/>\n&#8211; Case maternit\u00e9, lors du vide sanitaire.<br \/>\n&#8211; Salle d&#8217;engraissement sol en b\u00e9ton.<\/p>\n<p>Volaille : Pour un b\u00e2timent de 1000 m\u00b2 avec sols b\u00e9tonn\u00e9s uniquement : Destin\u00e9s aux \u00e9levages pr\u00e9sentant des risques de coccidioses et parasitaires (Ascaris, H\u00e9t\u00e9rakis, T\u00e9nia). Pulv\u00e9riser sur les soubassements et le sol avec une solution de 300 l contenant 4 % de KENOCOX (pr\u00e9voir 100 \u00e0 150 litres de solution en plus pour d\u00e9sinfecter les quais et les dalles en b\u00e9tons d&#8217;entr\u00e9e et de sortie).. 1 c<\/p>\n","protected":false},"excerpt":{"rendered":"<p>D\u00e9sinfectant efficace contre les endoparasites, efficace contre les parasites responsables de la cryptosporidiose et de la coccidiose, contre les bact\u00e9ries, les virus et les levures. Contribue \u00e0 r\u00e9duire la pression infectieuse dans les b\u00e2timents d&#8217;\u00e9levage.<\/p>\n","protected":false},"featured_media":180554,"template":"","meta":[],"product_cat":[6864,12547,12762,12760,6874],"product_tag":[],"class_list":{"0":"post-130511","1":"product","2":"type-product","3":"status-publish","4":"has-post-thumbnail","6":"product_cat-animaux-delevage","7":"product_cat-cheval","8":"product_cat-hygiene-des-batiments","9":"product_cat-materiel-et-equipement-du-cheval","10":"product_cat-porcins","11":"pa_marque-cid-lines","13":"first","14":"instock","15":"taxable","16":"shipping-taxable","17":"purchasable","18":"product-type-variable"},"yoast_head":"<!-- This site is optimized with the Yoast SEO plugin v27.3 - https:\/\/yoast.com\/product\/yoast-seo-wordpress\/ -->\n<title>Kenocox CID LINES - V\u00e9torino<\/title>\n<meta name=\"description\" content=\"D\u00e9sinfectant efficace contre les endoparasites, efficace contre les parasites responsables de la cryptosporidiose et de la coccidiose, contre les bact\u00e9ries, les virus et les levures. Contribue \u00e0 r\u00e9duire la pression infectieuse dans les b\u00e2timents d&#039;\u00e9levage.\" \/>\n<meta name=\"robots\" content=\"noindex, nofollow\" \/>\n<meta property=\"og:locale\" content=\"fr_FR\" \/>\n<meta property=\"og:type\" content=\"article\" \/>\n<meta property=\"og:title\" content=\"Kenocox CID LINES - V\u00e9torino\" \/>\n<meta property=\"og:description\" content=\"D\u00e9sinfectant efficace contre les endoparasites, efficace contre les parasites responsables de la cryptosporidiose et de la coccidiose, contre les bact\u00e9ries, les virus et les levures. Contribue \u00e0 r\u00e9duire la pression infectieuse dans les b\u00e2timents d&#039;\u00e9levage.\" \/>\n<meta property=\"og:url\" content=\"https:\/\/www.vetorino.com\/veterinaire\/sucyenbrie-94370\/boutique\/product\/kenocox\/\" \/>\n<meta property=\"og:site_name\" content=\"V\u00e9torino\" \/>\n<meta property=\"article:publisher\" content=\"https:\/\/www.facebook.com\/Vetorino\/\" \/>\n<meta property=\"article:modified_time\" content=\"2025-12-23T15:08:24+00:00\" \/>\n<meta property=\"og:image\" content=\"https:\/\/www.vetorino.com\/boutique\/wp-content\/uploads\/2020\/11\/kenocox1l.jpeg\" \/>\n\t<meta property=\"og:image:width\" content=\"228\" \/>\n\t<meta property=\"og:image:height\" content=\"516\" \/>\n\t<meta property=\"og:image:type\" content=\"image\/jpeg\" \/>\n<meta name=\"twitter:card\" content=\"summary_large_image\" \/>\n<meta name=\"twitter:label1\" content=\"Disponibilit\u00e9\" \/>\n\t<meta name=\"twitter:data1\" content=\"En stock\" \/>\n<script type=\"application\/ld+json\" class=\"yoast-schema-graph\">{\"@context\":\"https:\\\/\\\/schema.org\",\"@graph\":[{\"@type\":\"WebPage\",\"@id\":\"https:\\\/\\\/www.vetorino.com\\\/boutique\\\/product\\\/kenocox\\\/\",\"url\":\"https:\\\/\\\/www.vetorino.com\\\/boutique\\\/product\\\/kenocox\\\/\",\"name\":\"Kenocox CID LINES - V\u00e9torino\",\"isPartOf\":{\"@id\":\"https:\\\/\\\/www.vetorino.com\\\/boutique\\\/#website\"},\"primaryImageOfPage\":{\"@id\":\"https:\\\/\\\/www.vetorino.com\\\/boutique\\\/product\\\/kenocox\\\/#primaryimage\"},\"image\":{\"@id\":\"https:\\\/\\\/www.vetorino.com\\\/boutique\\\/product\\\/kenocox\\\/#primaryimage\"},\"thumbnailUrl\":\"https:\\\/\\\/www.vetorino.com\\\/boutique\\\/wp-content\\\/uploads\\\/2020\\\/11\\\/kenocox1l.jpeg\",\"datePublished\":\"2020-11-25T19:28:26+00:00\",\"dateModified\":\"2025-12-23T15:08:24+00:00\",\"description\":\"D\u00e9sinfectant efficace contre les endoparasites, efficace contre les parasites responsables de la cryptosporidiose et de la coccidiose, contre les bact\u00e9ries, les virus et les levures. Contribue \u00e0 r\u00e9duire la pression infectieuse dans les b\u00e2timents d'\u00e9levage.\",\"breadcrumb\":{\"@id\":\"https:\\\/\\\/www.vetorino.com\\\/boutique\\\/product\\\/kenocox\\\/#breadcrumb\"},\"inLanguage\":\"fr-FR\",\"potentialAction\":[{\"@type\":\"ReadAction\",\"target\":[\"https:\\\/\\\/www.vetorino.com\\\/boutique\\\/product\\\/kenocox\\\/\"]}]},{\"@type\":\"ImageObject\",\"inLanguage\":\"fr-FR\",\"@id\":\"https:\\\/\\\/www.vetorino.com\\\/boutique\\\/product\\\/kenocox\\\/#primaryimage\",\"url\":\"https:\\\/\\\/www.vetorino.com\\\/boutique\\\/wp-content\\\/uploads\\\/2020\\\/11\\\/kenocox1l.jpeg\",\"contentUrl\":\"https:\\\/\\\/www.vetorino.com\\\/boutique\\\/wp-content\\\/uploads\\\/2020\\\/11\\\/kenocox1l.jpeg\",\"width\":228,\"height\":516},{\"@type\":\"BreadcrumbList\",\"@id\":\"https:\\\/\\\/www.vetorino.com\\\/boutique\\\/product\\\/kenocox\\\/#breadcrumb\",\"itemListElement\":[{\"@type\":\"ListItem\",\"position\":1,\"name\":\"Accueil\",\"item\":\"https:\\\/\\\/www.vetorino.com\\\/boutique\\\/\"},{\"@type\":\"ListItem\",\"position\":2,\"name\":\"Produits\",\"item\":\"https:\\\/\\\/www.vetorino.com\\\/boutique\\\/\"},{\"@type\":\"ListItem\",\"position\":3,\"name\":\"Kenocox\"}]},{\"@type\":\"WebSite\",\"@id\":\"https:\\\/\\\/www.vetorino.com\\\/boutique\\\/#website\",\"url\":\"https:\\\/\\\/www.vetorino.com\\\/boutique\\\/\",\"name\":\"V\u00e9torino\",\"description\":\"\",\"publisher\":{\"@id\":\"https:\\\/\\\/www.vetorino.com\\\/boutique\\\/#organization\"},\"potentialAction\":[{\"@type\":\"SearchAction\",\"target\":{\"@type\":\"EntryPoint\",\"urlTemplate\":\"https:\\\/\\\/www.vetorino.com\\\/boutique\\\/?s={search_term_string}\"},\"query-input\":{\"@type\":\"PropertyValueSpecification\",\"valueRequired\":true,\"valueName\":\"search_term_string\"}}],\"inLanguage\":\"fr-FR\"},{\"@type\":\"Organization\",\"@id\":\"https:\\\/\\\/www.vetorino.com\\\/boutique\\\/#organization\",\"name\":\"V\u00e9torino\",\"url\":\"https:\\\/\\\/www.vetorino.com\\\/boutique\\\/\",\"logo\":{\"@type\":\"ImageObject\",\"inLanguage\":\"fr-FR\",\"@id\":\"https:\\\/\\\/www.vetorino.com\\\/boutique\\\/#\\\/schema\\\/logo\\\/image\\\/\",\"url\":\"https:\\\/\\\/www.vetorino.com\\\/boutique\\\/wp-content\\\/uploads\\\/2024\\\/10\\\/logo.jpg\",\"contentUrl\":\"https:\\\/\\\/www.vetorino.com\\\/boutique\\\/wp-content\\\/uploads\\\/2024\\\/10\\\/logo.jpg\",\"width\":1200,\"height\":610,\"caption\":\"V\u00e9torino\"},\"image\":{\"@id\":\"https:\\\/\\\/www.vetorino.com\\\/boutique\\\/#\\\/schema\\\/logo\\\/image\\\/\"},\"sameAs\":[\"https:\\\/\\\/www.facebook.com\\\/Vetorino\\\/\",\"https:\\\/\\\/www.instagram.com\\\/vetorino_off\\\/\",\"https:\\\/\\\/www.linkedin.com\\\/company\\\/vtorino\\\/\"]}]}<\/script>\n<meta property=\"product:brand\" content=\"CID LINES\" \/>\n<meta property=\"og:availability\" content=\"instock\" \/>\n<meta property=\"product:availability\" content=\"instock\" \/>\n<meta property=\"product:condition\" content=\"new\" \/>\n<!-- \/ Yoast SEO plugin. -->","yoast_head_json":{"title":"Kenocox CID LINES - V\u00e9torino","description":"D\u00e9sinfectant efficace contre les endoparasites, efficace contre les parasites responsables de la cryptosporidiose et de la coccidiose, contre les bact\u00e9ries, les virus et les levures. Contribue \u00e0 r\u00e9duire la pression infectieuse dans les b\u00e2timents d'\u00e9levage.","robots":{"index":"noindex","follow":"nofollow"},"og_locale":"fr_FR","og_type":"article","og_title":"Kenocox CID LINES - V\u00e9torino","og_description":"D\u00e9sinfectant efficace contre les endoparasites, efficace contre les parasites responsables de la cryptosporidiose et de la coccidiose, contre les bact\u00e9ries, les virus et les levures. Contribue \u00e0 r\u00e9duire la pression infectieuse dans les b\u00e2timents d'\u00e9levage.","og_url":"https:\/\/www.vetorino.com\/veterinaire\/sucyenbrie-94370\/boutique\/product\/kenocox\/","og_site_name":"V\u00e9torino","article_publisher":"https:\/\/www.facebook.com\/Vetorino\/","article_modified_time":"2025-12-23T15:08:24+00:00","og_image":[{"width":228,"height":516,"url":"https:\/\/www.vetorino.com\/boutique\/wp-content\/uploads\/2020\/11\/kenocox1l.jpeg","type":"image\/jpeg"}],"twitter_card":"summary_large_image","twitter_misc":{"Disponibilit\u00e9":"En stock"},"schema":{"@context":"https:\/\/schema.org","@graph":[{"@type":"WebPage","@id":"https:\/\/www.vetorino.com\/boutique\/product\/kenocox\/","url":"https:\/\/www.vetorino.com\/boutique\/product\/kenocox\/","name":"Kenocox CID LINES - V\u00e9torino","isPartOf":{"@id":"https:\/\/www.vetorino.com\/boutique\/#website"},"primaryImageOfPage":{"@id":"https:\/\/www.vetorino.com\/boutique\/product\/kenocox\/#primaryimage"},"image":{"@id":"https:\/\/www.vetorino.com\/boutique\/product\/kenocox\/#primaryimage"},"thumbnailUrl":"https:\/\/www.vetorino.com\/boutique\/wp-content\/uploads\/2020\/11\/kenocox1l.jpeg","datePublished":"2020-11-25T19:28:26+00:00","dateModified":"2025-12-23T15:08:24+00:00","description":"D\u00e9sinfectant efficace contre les endoparasites, efficace contre les parasites responsables de la cryptosporidiose et de la coccidiose, contre les bact\u00e9ries, les virus et les levures. Contribue \u00e0 r\u00e9duire la pression infectieuse dans les b\u00e2timents d'\u00e9levage.","breadcrumb":{"@id":"https:\/\/www.vetorino.com\/boutique\/product\/kenocox\/#breadcrumb"},"inLanguage":"fr-FR","potentialAction":[{"@type":"ReadAction","target":["https:\/\/www.vetorino.com\/boutique\/product\/kenocox\/"]}]},{"@type":"ImageObject","inLanguage":"fr-FR","@id":"https:\/\/www.vetorino.com\/boutique\/product\/kenocox\/#primaryimage","url":"https:\/\/www.vetorino.com\/boutique\/wp-content\/uploads\/2020\/11\/kenocox1l.jpeg","contentUrl":"https:\/\/www.vetorino.com\/boutique\/wp-content\/uploads\/2020\/11\/kenocox1l.jpeg","width":228,"height":516},{"@type":"BreadcrumbList","@id":"https:\/\/www.vetorino.com\/boutique\/product\/kenocox\/#breadcrumb","itemListElement":[{"@type":"ListItem","position":1,"name":"Accueil","item":"https:\/\/www.vetorino.com\/boutique\/"},{"@type":"ListItem","position":2,"name":"Produits","item":"https:\/\/www.vetorino.com\/boutique\/"},{"@type":"ListItem","position":3,"name":"Kenocox"}]},{"@type":"WebSite","@id":"https:\/\/www.vetorino.com\/boutique\/#website","url":"https:\/\/www.vetorino.com\/boutique\/","name":"V\u00e9torino","description":"","publisher":{"@id":"https:\/\/www.vetorino.com\/boutique\/#organization"},"potentialAction":[{"@type":"SearchAction","target":{"@type":"EntryPoint","urlTemplate":"https:\/\/www.vetorino.com\/boutique\/?s={search_term_string}"},"query-input":{"@type":"PropertyValueSpecification","valueRequired":true,"valueName":"search_term_string"}}],"inLanguage":"fr-FR"},{"@type":"Organization","@id":"https:\/\/www.vetorino.com\/boutique\/#organization","name":"V\u00e9torino","url":"https:\/\/www.vetorino.com\/boutique\/","logo":{"@type":"ImageObject","inLanguage":"fr-FR","@id":"https:\/\/www.vetorino.com\/boutique\/#\/schema\/logo\/image\/","url":"https:\/\/www.vetorino.com\/boutique\/wp-content\/uploads\/2024\/10\/logo.jpg","contentUrl":"https:\/\/www.vetorino.com\/boutique\/wp-content\/uploads\/2024\/10\/logo.jpg","width":1200,"height":610,"caption":"V\u00e9torino"},"image":{"@id":"https:\/\/www.vetorino.com\/boutique\/#\/schema\/logo\/image\/"},"sameAs":["https:\/\/www.facebook.com\/Vetorino\/","https:\/\/www.instagram.com\/vetorino_off\/","https:\/\/www.linkedin.com\/company\/vtorino\/"]}]},"product_brand":"CID LINES","og_availability":"instock","product_availability":"instock","product_condition":"new"},"_links":{"self":[{"href":"https:\/\/www.vetorino.com\/veterinaire\/sucyenbrie-94370\/boutique\/wp-json\/wp\/v2\/product\/130511","targetHints":{"allow":["GET"]}}],"collection":[{"href":"https:\/\/www.vetorino.com\/veterinaire\/sucyenbrie-94370\/boutique\/wp-json\/wp\/v2\/product"}],"about":[{"href":"https:\/\/www.vetorino.com\/veterinaire\/sucyenbrie-94370\/boutique\/wp-json\/wp\/v2\/types\/product"}],"wp:featuredmedia":[{"embeddable":true,"href":"https:\/\/www.vetorino.com\/veterinaire\/sucyenbrie-94370\/boutique\/wp-json\/wp\/v2\/media\/180554"}],"wp:attachment":[{"href":"https:\/\/www.vetorino.com\/veterinaire\/sucyenbrie-94370\/boutique\/wp-json\/wp\/v2\/media?parent=130511"}],"wp:term":[{"taxonomy":"product_cat","embeddable":true,"href":"https:\/\/www.vetorino.com\/veterinaire\/sucyenbrie-94370\/boutique\/wp-json\/wp\/v2\/product_cat?post=130511"},{"taxonomy":"product_tag","embeddable":true,"href":"https:\/\/www.vetorino.com\/veterinaire\/sucyenbrie-94370\/boutique\/wp-json\/wp\/v2\/product_tag?post=130511"}],"curies":[{"name":"wp","href":"https:\/\/api.w.org\/{rel}","templated":true}]}}