{"id":539112,"date":"2023-01-10T14:46:06","date_gmt":"2023-01-10T13:46:06","guid":{"rendered":"https:\/\/www.vetorino.com\/boutique\/product\/corbeille-beonebreed-cozy-a-memoire-de-forme\/"},"modified":"2026-02-01T09:29:19","modified_gmt":"2026-02-01T08:29:19","slug":"corbeille-beonebreed-cozy-a-memoire-de-forme","status":"publish","type":"product","link":"https:\/\/www.vetorino.com\/veterinaire\/sucyenbrie-94370\/boutique\/product\/corbeille-beonebreed-cozy-a-memoire-de-forme\/","title":{"rendered":"Panier pour chien \u00e0 m\u00e9moire de forme"},"content":{"rendered":"<p dir=\"ltr\"><strong>Les couchages \u00e0 m\u00e9moire de forme se moulent parfaitement au corps de l&#8217;animal, offrant ainsi une r\u00e9partition optimale de la pression et permettant de soulager les zones douloureuses. C&#8217;est donc le couchage id\u00e9al pour les animaux \u00e2g\u00e9s ou ayant des troubles articulaires, mais \u00e9galement pour tous ceux qui recherchent un maximum de confort !<\/strong><br \/>\nCorbeille tr\u00e8s douillette avec rembourrage 100 % mousse \u00e0 m\u00e9moire de forme et c\u00f4t\u00e9s rembourr\u00e9s pour un maximum de confort.<\/p>\n<ul dir=\"ltr\">\n<li>En tissu microfibre ultra-doux, tr\u00e8s absorbant et r\u00e9sistant.<\/li>\n<li>Base antid\u00e9rapante.<\/li>\n<li>D\u00e9houssable, lavable en machine, s\u00e9chage \u00e0 basse temp\u00e9rature.<\/li>\n<\/ul>\n","protected":false},"excerpt":{"rendered":"<p><strong>Les couchages \u00e0 m\u00e9moire de forme se moulent parfaitement au corps de l&#8217;animal, offrant ainsi une r\u00e9partition optimale de la pression et permettant de soulager les zones douloureuses. C&#8217;est donc le couchage id\u00e9al pour les animaux \u00e2g\u00e9s ou ayant des troubles articulaires, mais \u00e9galement pour tous ceux qui recherchent un maximum de confort.<\/strong><\/p>\n","protected":false},"featured_media":912779,"template":"","meta":[],"product_cat":[2698,12596],"product_tag":[],"class_list":{"0":"post-539112","1":"product","2":"type-product","3":"status-publish","4":"has-post-thumbnail","6":"product_cat-chien","7":"product_cat-confort-du-chien","8":"pa_marque-beonebreed","10":"first","11":"outofstock","12":"taxable","13":"shipping-taxable","14":"purchasable","15":"product-type-simple"},"yoast_head":"<!-- This site is optimized with the Yoast SEO plugin v27.3 - https:\/\/yoast.com\/product\/yoast-seo-wordpress\/ -->\n<title>Panier pour chien \u00e0 m\u00e9moire de forme BeOneBreed - V\u00e9torino<\/title>\n<meta name=\"description\" content=\"Les couchages \u00e0 m\u00e9moire de forme se moulent parfaitement au corps de l&#039;animal, offrant ainsi une r\u00e9partition optimale de la pression et permettant de soulager les zones douloureuses. C&#039;est donc le couchage id\u00e9al pour les animaux \u00e2g\u00e9s ou ayant des troubles articulaires, mais \u00e9galement pour tous ceux qui recherchent un maximum de confort.\" \/>\n<meta name=\"robots\" content=\"noindex, nofollow\" \/>\n<meta property=\"og:locale\" content=\"fr_FR\" \/>\n<meta property=\"og:type\" content=\"article\" \/>\n<meta property=\"og:title\" content=\"Panier pour chien \u00e0 m\u00e9moire de forme BeOneBreed - V\u00e9torino\" \/>\n<meta property=\"og:description\" content=\"Les couchages \u00e0 m\u00e9moire de forme se moulent parfaitement au corps de l&#039;animal, offrant ainsi une r\u00e9partition optimale de la pression et permettant de soulager les zones douloureuses. C&#039;est donc le couchage id\u00e9al pour les animaux \u00e2g\u00e9s ou ayant des troubles articulaires, mais \u00e9galement pour tous ceux qui recherchent un maximum de confort.\" \/>\n<meta property=\"og:url\" content=\"https:\/\/www.vetorino.com\/veterinaire\/sucyenbrie-94370\/boutique\/product\/corbeille-beonebreed-cozy-a-memoire-de-forme\/\" \/>\n<meta property=\"og:site_name\" content=\"V\u00e9torino\" \/>\n<meta property=\"article:publisher\" content=\"https:\/\/www.facebook.com\/Vetorino\/\" \/>\n<meta property=\"article:modified_time\" content=\"2026-02-01T08:29:19+00:00\" \/>\n<meta property=\"og:image\" content=\"https:\/\/www.vetorino.com\/boutique\/wp-content\/uploads\/2023\/01\/GetAsset.png\" \/>\n\t<meta property=\"og:image:width\" content=\"180\" \/>\n\t<meta property=\"og:image:height\" content=\"180\" \/>\n\t<meta property=\"og:image:type\" content=\"image\/png\" \/>\n<meta name=\"twitter:card\" content=\"summary_large_image\" \/>\n<meta name=\"twitter:label1\" content=\"Prix\" \/>\n\t<meta name=\"twitter:data1\" content=\"128,86&euro;\" \/>\n\t<meta name=\"twitter:label2\" content=\"Disponibilit\u00e9\" \/>\n\t<meta name=\"twitter:data2\" content=\"Rupture de stock\" \/>\n<script type=\"application\/ld+json\" class=\"yoast-schema-graph\">{\"@context\":\"https:\\\/\\\/schema.org\",\"@graph\":[{\"@type\":\"WebPage\",\"@id\":\"https:\\\/\\\/www.vetorino.com\\\/veterinaire\\\/evry-91000\\\/boutique\\\/product\\\/corbeille-beonebreed-cozy-a-memoire-de-forme\\\/\",\"url\":\"https:\\\/\\\/www.vetorino.com\\\/veterinaire\\\/evry-91000\\\/boutique\\\/product\\\/corbeille-beonebreed-cozy-a-memoire-de-forme\\\/\",\"name\":\"Panier pour chien \u00e0 m\u00e9moire de forme BeOneBreed - V\u00e9torino\",\"isPartOf\":{\"@id\":\"https:\\\/\\\/www.vetorino.com\\\/boutique\\\/#website\"},\"primaryImageOfPage\":{\"@id\":\"https:\\\/\\\/www.vetorino.com\\\/veterinaire\\\/evry-91000\\\/boutique\\\/product\\\/corbeille-beonebreed-cozy-a-memoire-de-forme\\\/#primaryimage\"},\"image\":{\"@id\":\"https:\\\/\\\/www.vetorino.com\\\/veterinaire\\\/evry-91000\\\/boutique\\\/product\\\/corbeille-beonebreed-cozy-a-memoire-de-forme\\\/#primaryimage\"},\"thumbnailUrl\":\"https:\\\/\\\/www.vetorino.com\\\/boutique\\\/wp-content\\\/uploads\\\/2023\\\/01\\\/GetAsset.png\",\"datePublished\":\"2023-01-10T13:46:06+00:00\",\"dateModified\":\"2026-02-01T08:29:19+00:00\",\"description\":\"Les couchages \u00e0 m\u00e9moire de forme se moulent parfaitement au corps de l'animal, offrant ainsi une r\u00e9partition optimale de la pression et permettant de soulager les zones douloureuses. C'est donc le couchage id\u00e9al pour les animaux \u00e2g\u00e9s ou ayant des troubles articulaires, mais \u00e9galement pour tous ceux qui recherchent un maximum de confort.\",\"breadcrumb\":{\"@id\":\"https:\\\/\\\/www.vetorino.com\\\/veterinaire\\\/evry-91000\\\/boutique\\\/product\\\/corbeille-beonebreed-cozy-a-memoire-de-forme\\\/#breadcrumb\"},\"inLanguage\":\"fr-FR\",\"potentialAction\":[{\"@type\":\"ReadAction\",\"target\":[\"https:\\\/\\\/www.vetorino.com\\\/veterinaire\\\/evry-91000\\\/boutique\\\/product\\\/corbeille-beonebreed-cozy-a-memoire-de-forme\\\/\"]}]},{\"@type\":\"ImageObject\",\"inLanguage\":\"fr-FR\",\"@id\":\"https:\\\/\\\/www.vetorino.com\\\/veterinaire\\\/evry-91000\\\/boutique\\\/product\\\/corbeille-beonebreed-cozy-a-memoire-de-forme\\\/#primaryimage\",\"url\":\"https:\\\/\\\/www.vetorino.com\\\/boutique\\\/wp-content\\\/uploads\\\/2023\\\/01\\\/GetAsset.png\",\"contentUrl\":\"https:\\\/\\\/www.vetorino.com\\\/boutique\\\/wp-content\\\/uploads\\\/2023\\\/01\\\/GetAsset.png\",\"width\":180,\"height\":180},{\"@type\":\"BreadcrumbList\",\"@id\":\"https:\\\/\\\/www.vetorino.com\\\/veterinaire\\\/evry-91000\\\/boutique\\\/product\\\/corbeille-beonebreed-cozy-a-memoire-de-forme\\\/#breadcrumb\",\"itemListElement\":[{\"@type\":\"ListItem\",\"position\":1,\"name\":\"Accueil\",\"item\":\"https:\\\/\\\/www.vetorino.com\\\/boutique\\\/\"},{\"@type\":\"ListItem\",\"position\":2,\"name\":\"Produits\",\"item\":\"https:\\\/\\\/www.vetorino.com\\\/boutique\\\/\"},{\"@type\":\"ListItem\",\"position\":3,\"name\":\"Panier pour chien \u00e0 m\u00e9moire de forme\"}]},{\"@type\":\"WebSite\",\"@id\":\"https:\\\/\\\/www.vetorino.com\\\/boutique\\\/#website\",\"url\":\"https:\\\/\\\/www.vetorino.com\\\/boutique\\\/\",\"name\":\"V\u00e9torino\",\"description\":\"\",\"publisher\":{\"@id\":\"https:\\\/\\\/www.vetorino.com\\\/boutique\\\/#organization\"},\"potentialAction\":[{\"@type\":\"SearchAction\",\"target\":{\"@type\":\"EntryPoint\",\"urlTemplate\":\"https:\\\/\\\/www.vetorino.com\\\/boutique\\\/?s={search_term_string}\"},\"query-input\":{\"@type\":\"PropertyValueSpecification\",\"valueRequired\":true,\"valueName\":\"search_term_string\"}}],\"inLanguage\":\"fr-FR\"},{\"@type\":\"Organization\",\"@id\":\"https:\\\/\\\/www.vetorino.com\\\/boutique\\\/#organization\",\"name\":\"V\u00e9torino\",\"url\":\"https:\\\/\\\/www.vetorino.com\\\/boutique\\\/\",\"logo\":{\"@type\":\"ImageObject\",\"inLanguage\":\"fr-FR\",\"@id\":\"https:\\\/\\\/www.vetorino.com\\\/boutique\\\/#\\\/schema\\\/logo\\\/image\\\/\",\"url\":\"https:\\\/\\\/www.vetorino.com\\\/boutique\\\/wp-content\\\/uploads\\\/2024\\\/10\\\/logo.jpg\",\"contentUrl\":\"https:\\\/\\\/www.vetorino.com\\\/boutique\\\/wp-content\\\/uploads\\\/2024\\\/10\\\/logo.jpg\",\"width\":1200,\"height\":610,\"caption\":\"V\u00e9torino\"},\"image\":{\"@id\":\"https:\\\/\\\/www.vetorino.com\\\/boutique\\\/#\\\/schema\\\/logo\\\/image\\\/\"},\"sameAs\":[\"https:\\\/\\\/www.facebook.com\\\/Vetorino\\\/\",\"https:\\\/\\\/www.instagram.com\\\/vetorino_off\\\/\",\"https:\\\/\\\/www.linkedin.com\\\/company\\\/vtorino\\\/\"]}]}<\/script>\n<meta property=\"product:brand\" content=\"BeOneBreed\" \/>\n<meta property=\"product:price:amount\" content=\"128.86\" \/>\n<meta property=\"product:price:currency\" content=\"EUR\" \/>\n<meta property=\"og:availability\" content=\"out of stock\" \/>\n<meta property=\"product:availability\" content=\"out of stock\" \/>\n<meta property=\"product:retailer_item_id\" content=\"C-COR867\" \/>\n<meta property=\"product:condition\" content=\"new\" \/>\n<!-- \/ Yoast SEO plugin. -->","yoast_head_json":{"title":"Panier pour chien \u00e0 m\u00e9moire de forme BeOneBreed - V\u00e9torino","description":"Les couchages \u00e0 m\u00e9moire de forme se moulent parfaitement au corps de l'animal, offrant ainsi une r\u00e9partition optimale de la pression et permettant de soulager les zones douloureuses. C'est donc le couchage id\u00e9al pour les animaux \u00e2g\u00e9s ou ayant des troubles articulaires, mais \u00e9galement pour tous ceux qui recherchent un maximum de confort.","robots":{"index":"noindex","follow":"nofollow"},"og_locale":"fr_FR","og_type":"article","og_title":"Panier pour chien \u00e0 m\u00e9moire de forme BeOneBreed - V\u00e9torino","og_description":"Les couchages \u00e0 m\u00e9moire de forme se moulent parfaitement au corps de l'animal, offrant ainsi une r\u00e9partition optimale de la pression et permettant de soulager les zones douloureuses. C'est donc le couchage id\u00e9al pour les animaux \u00e2g\u00e9s ou ayant des troubles articulaires, mais \u00e9galement pour tous ceux qui recherchent un maximum de confort.","og_url":"https:\/\/www.vetorino.com\/veterinaire\/sucyenbrie-94370\/boutique\/product\/corbeille-beonebreed-cozy-a-memoire-de-forme\/","og_site_name":"V\u00e9torino","article_publisher":"https:\/\/www.facebook.com\/Vetorino\/","article_modified_time":"2026-02-01T08:29:19+00:00","og_image":[{"width":180,"height":180,"url":"https:\/\/www.vetorino.com\/boutique\/wp-content\/uploads\/2023\/01\/GetAsset.png","type":"image\/png"}],"twitter_card":"summary_large_image","twitter_misc":{"Prix":"128,86&euro;","Disponibilit\u00e9":"Rupture de stock"},"schema":{"@context":"https:\/\/schema.org","@graph":[{"@type":"WebPage","@id":"https:\/\/www.vetorino.com\/veterinaire\/evry-91000\/boutique\/product\/corbeille-beonebreed-cozy-a-memoire-de-forme\/","url":"https:\/\/www.vetorino.com\/veterinaire\/evry-91000\/boutique\/product\/corbeille-beonebreed-cozy-a-memoire-de-forme\/","name":"Panier pour chien \u00e0 m\u00e9moire de forme BeOneBreed - V\u00e9torino","isPartOf":{"@id":"https:\/\/www.vetorino.com\/boutique\/#website"},"primaryImageOfPage":{"@id":"https:\/\/www.vetorino.com\/veterinaire\/evry-91000\/boutique\/product\/corbeille-beonebreed-cozy-a-memoire-de-forme\/#primaryimage"},"image":{"@id":"https:\/\/www.vetorino.com\/veterinaire\/evry-91000\/boutique\/product\/corbeille-beonebreed-cozy-a-memoire-de-forme\/#primaryimage"},"thumbnailUrl":"https:\/\/www.vetorino.com\/boutique\/wp-content\/uploads\/2023\/01\/GetAsset.png","datePublished":"2023-01-10T13:46:06+00:00","dateModified":"2026-02-01T08:29:19+00:00","description":"Les couchages \u00e0 m\u00e9moire de forme se moulent parfaitement au corps de l'animal, offrant ainsi une r\u00e9partition optimale de la pression et permettant de soulager les zones douloureuses. C'est donc le couchage id\u00e9al pour les animaux \u00e2g\u00e9s ou ayant des troubles articulaires, mais \u00e9galement pour tous ceux qui recherchent un maximum de confort.","breadcrumb":{"@id":"https:\/\/www.vetorino.com\/veterinaire\/evry-91000\/boutique\/product\/corbeille-beonebreed-cozy-a-memoire-de-forme\/#breadcrumb"},"inLanguage":"fr-FR","potentialAction":[{"@type":"ReadAction","target":["https:\/\/www.vetorino.com\/veterinaire\/evry-91000\/boutique\/product\/corbeille-beonebreed-cozy-a-memoire-de-forme\/"]}]},{"@type":"ImageObject","inLanguage":"fr-FR","@id":"https:\/\/www.vetorino.com\/veterinaire\/evry-91000\/boutique\/product\/corbeille-beonebreed-cozy-a-memoire-de-forme\/#primaryimage","url":"https:\/\/www.vetorino.com\/boutique\/wp-content\/uploads\/2023\/01\/GetAsset.png","contentUrl":"https:\/\/www.vetorino.com\/boutique\/wp-content\/uploads\/2023\/01\/GetAsset.png","width":180,"height":180},{"@type":"BreadcrumbList","@id":"https:\/\/www.vetorino.com\/veterinaire\/evry-91000\/boutique\/product\/corbeille-beonebreed-cozy-a-memoire-de-forme\/#breadcrumb","itemListElement":[{"@type":"ListItem","position":1,"name":"Accueil","item":"https:\/\/www.vetorino.com\/boutique\/"},{"@type":"ListItem","position":2,"name":"Produits","item":"https:\/\/www.vetorino.com\/boutique\/"},{"@type":"ListItem","position":3,"name":"Panier pour chien \u00e0 m\u00e9moire de forme"}]},{"@type":"WebSite","@id":"https:\/\/www.vetorino.com\/boutique\/#website","url":"https:\/\/www.vetorino.com\/boutique\/","name":"V\u00e9torino","description":"","publisher":{"@id":"https:\/\/www.vetorino.com\/boutique\/#organization"},"potentialAction":[{"@type":"SearchAction","target":{"@type":"EntryPoint","urlTemplate":"https:\/\/www.vetorino.com\/boutique\/?s={search_term_string}"},"query-input":{"@type":"PropertyValueSpecification","valueRequired":true,"valueName":"search_term_string"}}],"inLanguage":"fr-FR"},{"@type":"Organization","@id":"https:\/\/www.vetorino.com\/boutique\/#organization","name":"V\u00e9torino","url":"https:\/\/www.vetorino.com\/boutique\/","logo":{"@type":"ImageObject","inLanguage":"fr-FR","@id":"https:\/\/www.vetorino.com\/boutique\/#\/schema\/logo\/image\/","url":"https:\/\/www.vetorino.com\/boutique\/wp-content\/uploads\/2024\/10\/logo.jpg","contentUrl":"https:\/\/www.vetorino.com\/boutique\/wp-content\/uploads\/2024\/10\/logo.jpg","width":1200,"height":610,"caption":"V\u00e9torino"},"image":{"@id":"https:\/\/www.vetorino.com\/boutique\/#\/schema\/logo\/image\/"},"sameAs":["https:\/\/www.facebook.com\/Vetorino\/","https:\/\/www.instagram.com\/vetorino_off\/","https:\/\/www.linkedin.com\/company\/vtorino\/"]}]},"product_brand":"BeOneBreed","product_price_amount":"128.86","product_price_currency":"EUR","og_availability":"out of stock","product_availability":"out of stock","product_retailer_item_id":"C-COR867","product_condition":"new"},"_links":{"self":[{"href":"https:\/\/www.vetorino.com\/veterinaire\/sucyenbrie-94370\/boutique\/wp-json\/wp\/v2\/product\/539112","targetHints":{"allow":["GET"]}}],"collection":[{"href":"https:\/\/www.vetorino.com\/veterinaire\/sucyenbrie-94370\/boutique\/wp-json\/wp\/v2\/product"}],"about":[{"href":"https:\/\/www.vetorino.com\/veterinaire\/sucyenbrie-94370\/boutique\/wp-json\/wp\/v2\/types\/product"}],"wp:featuredmedia":[{"embeddable":true,"href":"https:\/\/www.vetorino.com\/veterinaire\/sucyenbrie-94370\/boutique\/wp-json\/wp\/v2\/media\/912779"}],"wp:attachment":[{"href":"https:\/\/www.vetorino.com\/veterinaire\/sucyenbrie-94370\/boutique\/wp-json\/wp\/v2\/media?parent=539112"}],"wp:term":[{"taxonomy":"product_cat","embeddable":true,"href":"https:\/\/www.vetorino.com\/veterinaire\/sucyenbrie-94370\/boutique\/wp-json\/wp\/v2\/product_cat?post=539112"},{"taxonomy":"product_tag","embeddable":true,"href":"https:\/\/www.vetorino.com\/veterinaire\/sucyenbrie-94370\/boutique\/wp-json\/wp\/v2\/product_tag?post=539112"}],"curies":[{"name":"wp","href":"https:\/\/api.w.org\/{rel}","templated":true}]}}