{"id":749143,"date":"2023-11-22T09:58:57","date_gmt":"2023-11-22T08:58:57","guid":{"rendered":"https:\/\/www.vetorino.com\/boutique\/product\/rabbitcomfort\/"},"modified":"2026-03-19T09:41:15","modified_gmt":"2026-03-19T08:41:15","slug":"rabbitcomfort","status":"publish","type":"product","link":"https:\/\/www.vetorino.com\/veterinaire\/sucyenbrie-94370\/boutique\/product\/rabbitcomfort\/","title":{"rendered":"RabbitComfort Spray"},"content":{"rendered":"<p align=\"left\">La ph\u00e9romone diffus\u00e9e par le spray RabbitComfort de Beaphar aide \u00e0 calmer, apaiser, rassurer et r\u00e9duire les probl\u00e8mes comportementaux des lapins. Instantan\u00e9ment reconnue par votre animal, elle l&#8217;aide \u00e0 avoir une perception rassurante de son environnement.<\/p>\n<p>Cette ph\u00e9romone r\u00e9duit les probl\u00e8mes comportementaux comme les tendances \u00e0 se cacher, le refus de s&#8217;alimenter, la peur des bruits forts et les comportements craintifs ou anxieux envers les humains ou les autres lapins.<br \/>\nId\u00e9al pour les lapins qui sont confront\u00e9s \u00e0 un changement d&#8217;environnement comme un d\u00e9m\u00e9nagement, une nouvelle famille ou l&#8217;arriv\u00e9e d&#8217;un autre lapin. Ce spray est recommand\u00e9 pour favoriser l&#8217;attachement du lapin aux autres membres du foyer.<br \/>\nL&#8217;effet apaisant du spray RabbitComfort va \u00e9galement rassurer votre lapin lors de situations stressantes comme les voyages, les visites chez le v\u00e9t\u00e9rinaire, la pr\u00e9sence de bruits ou d&#8217;odeurs inhabituels.<\/p>\n<p>RabbitComfort diffuse un analogue (une copie) de la ph\u00e9romone apaisante de lapin. Elle est naturellement s\u00e9cr\u00e9t\u00e9e par les lapines lorsqu&#8217;elles allaitent. Cette ph\u00e9romone est porteuse d&#8217;un message apaisant qui aide les lapins \u00e0 avoir une perception rassurante et s\u00e9curisante de leur environnement. L&#8217;utilisation de cette ph\u00e9romone est particuli\u00e8rement recommand\u00e9e lors de l&#8217;adoption d&#8217;un lapin, pour faciliter son adaptation.<\/p>\n<ul>\n<li>Le spray convient \u00e0 toutes les races de lapins et \u00e0 tous les \u00e2ges.<\/li>\n<li>Un flacon de 30 ml permet en moyenne 214 pulv\u00e9risations. Environ 9 pulv\u00e9risations sont conseill\u00e9es par application.<\/li>\n<\/ul>\n<p>Ce produit n&#8217;a pas d&#8217;influence sur les autres animaux du foyer, ne provoque aucune d\u00e9pendance et n&#8217;endort pas le lapin. Il peut \u00eatre utilis\u00e9 en compl\u00e9ment de m\u00e9dicaments ou de soins sp\u00e9cifiques.<\/p>\n<p><u><strong>Conseils d&#8217;utilisation :<\/strong><\/u><br \/>\nAppliquer le produit sur tous les objets en contact avec votre lapin pour qu&#8217;il se sente \u00e0 l&#8217;aise.<\/p>\n<ul>\n<li>Pour la pr\u00e9sentation de deux lapins, cr\u00e9er un espace neutre et y appliquer le produit 15 minutes avant la rencontre.<\/li>\n<li>Pulv\u00e9riser dans la caisse de transport, 15 minutes avant le d\u00e9part.<\/li>\n<li>Ne pas appliquer le spray lorsque l&#8217;animal est \u00e0 l&#8217;int\u00e9rieur de la caisse.<\/li>\n<li>Ce spray agit pendant 5 heures et peut \u00eatre utilis\u00e9 sur tous les objets en contact avec votre lapin. R\u00e9p\u00e9ter les pulv\u00e9risations autant de fois que n\u00e9cessaire. NE PAS PULV\u00c9RISER DIRECTEMENTSUR LE LAPIN.<\/li>\n<\/ul>\n<ul>\n<li>Le spray convient \u00e0 toutes les races de lapins et \u00e0 tous les \u00e2ges.<\/li>\n<li>Un flacon de 30 ml permet en moyenne 214 pulv\u00e9risations. Environ 9 pulv\u00e9risations sont conseill\u00e9es par application.<\/li>\n<\/ul>\n<p>Ce produit n&#8217;a pas d&#8217;influence sur les autres animaux du foyer, ne provoque aucune d\u00e9pendance et n&#8217;endort pas le lapin. Il peut \u00eatre utilis\u00e9 en compl\u00e9ment de m\u00e9dicaments ou de soins sp\u00e9cifiques.<\/p>\n<p><u><strong>Conseils d&#8217;utilisation :<\/strong><\/u><br \/>\nAppliquer le produit sur tous les objets en contact avec votre lapin pour qu&#8217;il se sente \u00e0 l&#8217;aise.<\/p>\n<ul>\n<li>Pour la pr\u00e9sentation de deux lapins, cr\u00e9er un espace neutre et y appliquer le produit 15 minutes avant la rencontre.<\/li>\n<li>Pulv\u00e9riser dans la caisse de transport, 15 minutes avant le d\u00e9part.<\/li>\n<li>Ne pas appliquer le spray lorsque l&amp;<\/li>\n<\/ul>\n","protected":false},"excerpt":{"rendered":"<p><strong>Le spray calmant qui diffuse une copie de la ph\u00e9romone apaisante produite naturellement par les lapines lorsqu&#8217;elles allaitent.<\/strong><\/p>\n<p>Cette ph\u00e9romone envoie un message rassurant qui aide les lapins \u00e0 se sentir en s\u00e9curit\u00e9 dans leur environnement.<\/p>\n","protected":false},"featured_media":749166,"template":"","meta":[],"product_cat":[12563,2727,15842],"product_tag":[],"class_list":{"0":"post-749143","1":"product","2":"type-product","3":"status-publish","4":"has-post-thumbnail","6":"product_cat-lapin","7":"product_cat-nac","8":"product_cat-rongeurs","9":"pa_marque-beaphar","11":"first","12":"instock","13":"taxable","14":"shipping-taxable","15":"purchasable","16":"product-type-simple"},"yoast_head":"<!-- This site is optimized with the Yoast SEO plugin v27.3 - https:\/\/yoast.com\/product\/yoast-seo-wordpress\/ -->\n<title>RabbitComfort Spray Beaphar - V\u00e9torino<\/title>\n<meta name=\"description\" content=\"Le spray calmant qui diffuse une copie de la ph\u00e9romone apaisante produite naturellement par les lapines lorsqu&#039;elles allaitent.  Cette ph\u00e9romone envoie un message rassurant qui aide les lapins \u00e0 se sentir en s\u00e9curit\u00e9 dans leur environnement.\" \/>\n<meta name=\"robots\" content=\"noindex, nofollow\" \/>\n<meta property=\"og:locale\" content=\"fr_FR\" \/>\n<meta property=\"og:type\" content=\"article\" \/>\n<meta property=\"og:title\" content=\"RabbitComfort Spray Beaphar - V\u00e9torino\" \/>\n<meta property=\"og:description\" content=\"Le spray calmant qui diffuse une copie de la ph\u00e9romone apaisante produite naturellement par les lapines lorsqu&#039;elles allaitent.  Cette ph\u00e9romone envoie un message rassurant qui aide les lapins \u00e0 se sentir en s\u00e9curit\u00e9 dans leur environnement.\" \/>\n<meta property=\"og:url\" content=\"https:\/\/www.vetorino.com\/veterinaire\/sucyenbrie-94370\/boutique\/product\/rabbitcomfort\/\" \/>\n<meta property=\"og:site_name\" content=\"V\u00e9torino\" \/>\n<meta property=\"article:publisher\" content=\"https:\/\/www.facebook.com\/Vetorino\/\" \/>\n<meta property=\"article:modified_time\" content=\"2026-03-19T08:41:15+00:00\" \/>\n<meta property=\"og:image\" content=\"https:\/\/www.vetorino.com\/boutique\/wp-content\/uploads\/2023\/11\/rabbitcomfort-spray.webp\" \/>\n\t<meta property=\"og:image:width\" content=\"540\" \/>\n\t<meta property=\"og:image:height\" content=\"540\" \/>\n\t<meta property=\"og:image:type\" content=\"image\/webp\" \/>\n<meta name=\"twitter:card\" content=\"summary_large_image\" \/>\n<meta name=\"twitter:label1\" content=\"Prix\" \/>\n\t<meta name=\"twitter:data1\" content=\"18,97&euro;\" \/>\n\t<meta name=\"twitter:label2\" content=\"Disponibilit\u00e9\" \/>\n\t<meta name=\"twitter:data2\" content=\"En stock\" \/>\n<script type=\"application\/ld+json\" class=\"yoast-schema-graph\">{\"@context\":\"https:\\\/\\\/schema.org\",\"@graph\":[{\"@type\":\"WebPage\",\"@id\":\"https:\\\/\\\/www.vetorino.com\\\/boutique\\\/product\\\/rabbitcomfort\\\/\",\"url\":\"https:\\\/\\\/www.vetorino.com\\\/boutique\\\/product\\\/rabbitcomfort\\\/\",\"name\":\"RabbitComfort Spray Beaphar - V\u00e9torino\",\"isPartOf\":{\"@id\":\"https:\\\/\\\/www.vetorino.com\\\/boutique\\\/#website\"},\"primaryImageOfPage\":{\"@id\":\"https:\\\/\\\/www.vetorino.com\\\/boutique\\\/product\\\/rabbitcomfort\\\/#primaryimage\"},\"image\":{\"@id\":\"https:\\\/\\\/www.vetorino.com\\\/boutique\\\/product\\\/rabbitcomfort\\\/#primaryimage\"},\"thumbnailUrl\":\"https:\\\/\\\/www.vetorino.com\\\/boutique\\\/wp-content\\\/uploads\\\/2023\\\/11\\\/rabbitcomfort-spray.webp\",\"datePublished\":\"2023-11-22T08:58:57+00:00\",\"dateModified\":\"2026-03-19T08:41:15+00:00\",\"description\":\"Le spray calmant qui diffuse une copie de la ph\u00e9romone apaisante produite naturellement par les lapines lorsqu'elles allaitent. Cette ph\u00e9romone envoie un message rassurant qui aide les lapins \u00e0 se sentir en s\u00e9curit\u00e9 dans leur environnement.\",\"breadcrumb\":{\"@id\":\"https:\\\/\\\/www.vetorino.com\\\/boutique\\\/product\\\/rabbitcomfort\\\/#breadcrumb\"},\"inLanguage\":\"fr-FR\",\"potentialAction\":[{\"@type\":\"ReadAction\",\"target\":[\"https:\\\/\\\/www.vetorino.com\\\/boutique\\\/product\\\/rabbitcomfort\\\/\"]}]},{\"@type\":\"ImageObject\",\"inLanguage\":\"fr-FR\",\"@id\":\"https:\\\/\\\/www.vetorino.com\\\/boutique\\\/product\\\/rabbitcomfort\\\/#primaryimage\",\"url\":\"https:\\\/\\\/www.vetorino.com\\\/boutique\\\/wp-content\\\/uploads\\\/2023\\\/11\\\/rabbitcomfort-spray.webp\",\"contentUrl\":\"https:\\\/\\\/www.vetorino.com\\\/boutique\\\/wp-content\\\/uploads\\\/2023\\\/11\\\/rabbitcomfort-spray.webp\",\"width\":540,\"height\":540},{\"@type\":\"BreadcrumbList\",\"@id\":\"https:\\\/\\\/www.vetorino.com\\\/boutique\\\/product\\\/rabbitcomfort\\\/#breadcrumb\",\"itemListElement\":[{\"@type\":\"ListItem\",\"position\":1,\"name\":\"Accueil\",\"item\":\"https:\\\/\\\/www.vetorino.com\\\/boutique\\\/\"},{\"@type\":\"ListItem\",\"position\":2,\"name\":\"Produits\",\"item\":\"https:\\\/\\\/www.vetorino.com\\\/boutique\\\/\"},{\"@type\":\"ListItem\",\"position\":3,\"name\":\"RabbitComfort Spray\"}]},{\"@type\":\"WebSite\",\"@id\":\"https:\\\/\\\/www.vetorino.com\\\/boutique\\\/#website\",\"url\":\"https:\\\/\\\/www.vetorino.com\\\/boutique\\\/\",\"name\":\"V\u00e9torino\",\"description\":\"\",\"publisher\":{\"@id\":\"https:\\\/\\\/www.vetorino.com\\\/boutique\\\/#organization\"},\"potentialAction\":[{\"@type\":\"SearchAction\",\"target\":{\"@type\":\"EntryPoint\",\"urlTemplate\":\"https:\\\/\\\/www.vetorino.com\\\/boutique\\\/?s={search_term_string}\"},\"query-input\":{\"@type\":\"PropertyValueSpecification\",\"valueRequired\":true,\"valueName\":\"search_term_string\"}}],\"inLanguage\":\"fr-FR\"},{\"@type\":\"Organization\",\"@id\":\"https:\\\/\\\/www.vetorino.com\\\/boutique\\\/#organization\",\"name\":\"V\u00e9torino\",\"url\":\"https:\\\/\\\/www.vetorino.com\\\/boutique\\\/\",\"logo\":{\"@type\":\"ImageObject\",\"inLanguage\":\"fr-FR\",\"@id\":\"https:\\\/\\\/www.vetorino.com\\\/boutique\\\/#\\\/schema\\\/logo\\\/image\\\/\",\"url\":\"https:\\\/\\\/www.vetorino.com\\\/boutique\\\/wp-content\\\/uploads\\\/2024\\\/10\\\/logo.jpg\",\"contentUrl\":\"https:\\\/\\\/www.vetorino.com\\\/boutique\\\/wp-content\\\/uploads\\\/2024\\\/10\\\/logo.jpg\",\"width\":1200,\"height\":610,\"caption\":\"V\u00e9torino\"},\"image\":{\"@id\":\"https:\\\/\\\/www.vetorino.com\\\/boutique\\\/#\\\/schema\\\/logo\\\/image\\\/\"},\"sameAs\":[\"https:\\\/\\\/www.facebook.com\\\/Vetorino\\\/\",\"https:\\\/\\\/www.instagram.com\\\/vetorino_off\\\/\",\"https:\\\/\\\/www.linkedin.com\\\/company\\\/vtorino\\\/\"]}]}<\/script>\n<meta property=\"product:brand\" content=\"Beaphar\" \/>\n<meta property=\"product:price:amount\" content=\"18.97\" \/>\n<meta property=\"product:price:currency\" content=\"EUR\" \/>\n<meta property=\"og:availability\" content=\"instock\" \/>\n<meta property=\"product:availability\" content=\"instock\" \/>\n<meta property=\"product:retailer_item_id\" content=\"C-RAB002\" \/>\n<meta property=\"product:condition\" content=\"new\" \/>\n<!-- \/ Yoast SEO plugin. -->","yoast_head_json":{"title":"RabbitComfort Spray Beaphar - V\u00e9torino","description":"Le spray calmant qui diffuse une copie de la ph\u00e9romone apaisante produite naturellement par les lapines lorsqu'elles allaitent.  Cette ph\u00e9romone envoie un message rassurant qui aide les lapins \u00e0 se sentir en s\u00e9curit\u00e9 dans leur environnement.","robots":{"index":"noindex","follow":"nofollow"},"og_locale":"fr_FR","og_type":"article","og_title":"RabbitComfort Spray Beaphar - V\u00e9torino","og_description":"Le spray calmant qui diffuse une copie de la ph\u00e9romone apaisante produite naturellement par les lapines lorsqu'elles allaitent.  Cette ph\u00e9romone envoie un message rassurant qui aide les lapins \u00e0 se sentir en s\u00e9curit\u00e9 dans leur environnement.","og_url":"https:\/\/www.vetorino.com\/veterinaire\/sucyenbrie-94370\/boutique\/product\/rabbitcomfort\/","og_site_name":"V\u00e9torino","article_publisher":"https:\/\/www.facebook.com\/Vetorino\/","article_modified_time":"2026-03-19T08:41:15+00:00","og_image":[{"width":540,"height":540,"url":"https:\/\/www.vetorino.com\/boutique\/wp-content\/uploads\/2023\/11\/rabbitcomfort-spray.webp","type":"image\/webp"}],"twitter_card":"summary_large_image","twitter_misc":{"Prix":"18,97&euro;","Disponibilit\u00e9":"En stock"},"schema":{"@context":"https:\/\/schema.org","@graph":[{"@type":"WebPage","@id":"https:\/\/www.vetorino.com\/boutique\/product\/rabbitcomfort\/","url":"https:\/\/www.vetorino.com\/boutique\/product\/rabbitcomfort\/","name":"RabbitComfort Spray Beaphar - V\u00e9torino","isPartOf":{"@id":"https:\/\/www.vetorino.com\/boutique\/#website"},"primaryImageOfPage":{"@id":"https:\/\/www.vetorino.com\/boutique\/product\/rabbitcomfort\/#primaryimage"},"image":{"@id":"https:\/\/www.vetorino.com\/boutique\/product\/rabbitcomfort\/#primaryimage"},"thumbnailUrl":"https:\/\/www.vetorino.com\/boutique\/wp-content\/uploads\/2023\/11\/rabbitcomfort-spray.webp","datePublished":"2023-11-22T08:58:57+00:00","dateModified":"2026-03-19T08:41:15+00:00","description":"Le spray calmant qui diffuse une copie de la ph\u00e9romone apaisante produite naturellement par les lapines lorsqu'elles allaitent. Cette ph\u00e9romone envoie un message rassurant qui aide les lapins \u00e0 se sentir en s\u00e9curit\u00e9 dans leur environnement.","breadcrumb":{"@id":"https:\/\/www.vetorino.com\/boutique\/product\/rabbitcomfort\/#breadcrumb"},"inLanguage":"fr-FR","potentialAction":[{"@type":"ReadAction","target":["https:\/\/www.vetorino.com\/boutique\/product\/rabbitcomfort\/"]}]},{"@type":"ImageObject","inLanguage":"fr-FR","@id":"https:\/\/www.vetorino.com\/boutique\/product\/rabbitcomfort\/#primaryimage","url":"https:\/\/www.vetorino.com\/boutique\/wp-content\/uploads\/2023\/11\/rabbitcomfort-spray.webp","contentUrl":"https:\/\/www.vetorino.com\/boutique\/wp-content\/uploads\/2023\/11\/rabbitcomfort-spray.webp","width":540,"height":540},{"@type":"BreadcrumbList","@id":"https:\/\/www.vetorino.com\/boutique\/product\/rabbitcomfort\/#breadcrumb","itemListElement":[{"@type":"ListItem","position":1,"name":"Accueil","item":"https:\/\/www.vetorino.com\/boutique\/"},{"@type":"ListItem","position":2,"name":"Produits","item":"https:\/\/www.vetorino.com\/boutique\/"},{"@type":"ListItem","position":3,"name":"RabbitComfort Spray"}]},{"@type":"WebSite","@id":"https:\/\/www.vetorino.com\/boutique\/#website","url":"https:\/\/www.vetorino.com\/boutique\/","name":"V\u00e9torino","description":"","publisher":{"@id":"https:\/\/www.vetorino.com\/boutique\/#organization"},"potentialAction":[{"@type":"SearchAction","target":{"@type":"EntryPoint","urlTemplate":"https:\/\/www.vetorino.com\/boutique\/?s={search_term_string}"},"query-input":{"@type":"PropertyValueSpecification","valueRequired":true,"valueName":"search_term_string"}}],"inLanguage":"fr-FR"},{"@type":"Organization","@id":"https:\/\/www.vetorino.com\/boutique\/#organization","name":"V\u00e9torino","url":"https:\/\/www.vetorino.com\/boutique\/","logo":{"@type":"ImageObject","inLanguage":"fr-FR","@id":"https:\/\/www.vetorino.com\/boutique\/#\/schema\/logo\/image\/","url":"https:\/\/www.vetorino.com\/boutique\/wp-content\/uploads\/2024\/10\/logo.jpg","contentUrl":"https:\/\/www.vetorino.com\/boutique\/wp-content\/uploads\/2024\/10\/logo.jpg","width":1200,"height":610,"caption":"V\u00e9torino"},"image":{"@id":"https:\/\/www.vetorino.com\/boutique\/#\/schema\/logo\/image\/"},"sameAs":["https:\/\/www.facebook.com\/Vetorino\/","https:\/\/www.instagram.com\/vetorino_off\/","https:\/\/www.linkedin.com\/company\/vtorino\/"]}]},"product_brand":"Beaphar","product_price_amount":"18.97","product_price_currency":"EUR","og_availability":"instock","product_availability":"instock","product_retailer_item_id":"C-RAB002","product_condition":"new"},"_links":{"self":[{"href":"https:\/\/www.vetorino.com\/veterinaire\/sucyenbrie-94370\/boutique\/wp-json\/wp\/v2\/product\/749143","targetHints":{"allow":["GET"]}}],"collection":[{"href":"https:\/\/www.vetorino.com\/veterinaire\/sucyenbrie-94370\/boutique\/wp-json\/wp\/v2\/product"}],"about":[{"href":"https:\/\/www.vetorino.com\/veterinaire\/sucyenbrie-94370\/boutique\/wp-json\/wp\/v2\/types\/product"}],"wp:featuredmedia":[{"embeddable":true,"href":"https:\/\/www.vetorino.com\/veterinaire\/sucyenbrie-94370\/boutique\/wp-json\/wp\/v2\/media\/749166"}],"wp:attachment":[{"href":"https:\/\/www.vetorino.com\/veterinaire\/sucyenbrie-94370\/boutique\/wp-json\/wp\/v2\/media?parent=749143"}],"wp:term":[{"taxonomy":"product_cat","embeddable":true,"href":"https:\/\/www.vetorino.com\/veterinaire\/sucyenbrie-94370\/boutique\/wp-json\/wp\/v2\/product_cat?post=749143"},{"taxonomy":"product_tag","embeddable":true,"href":"https:\/\/www.vetorino.com\/veterinaire\/sucyenbrie-94370\/boutique\/wp-json\/wp\/v2\/product_tag?post=749143"}],"curies":[{"name":"wp","href":"https:\/\/api.w.org\/{rel}","templated":true}]}}