{"id":906271,"date":"2024-04-26T17:19:22","date_gmt":"2024-04-26T15:19:22","guid":{"rendered":"https:\/\/www.vetorino.com\/boutique\/product\/jouet-chat-wouapy-balle-en-herbe-a-chat-et-matatabi\/"},"modified":"2025-09-13T02:42:13","modified_gmt":"2025-09-13T00:42:13","slug":"jouet-chat-wouapy-balle-en-herbe-a-chat-et-matatabi","status":"publish","type":"product","link":"https:\/\/www.vetorino.com\/veterinaire\/sucyenbrie-94370\/boutique\/product\/jouet-chat-wouapy-balle-en-herbe-a-chat-et-matatabi\/","title":{"rendered":"Jouet chat balle en herbe \u00e0 chat et matatabi"},"content":{"rendered":"<p>Balle 100 % naturelle compos\u00e9e d&#8217;herbe \u00e0 chat et de matatabi, double attrait pour l&#8217;animal !<br \/>\nLe matatabi est une plante grimpante chinoise similaire \u00e0 l&#8217;herbe \u00e0 chat, elle va stimuler l&#8217;int\u00e9r\u00eat des f\u00e9lins pendant de longues minutes, la plupart des chats en raffolent.<br \/>\nCe jouet est pens\u00e9 pour \u00eatre chass\u00e9 puis m\u00e2ch\u00e9.<br \/>\nIl va stimuler la sant\u00e9 dentaire en massant les gencives et en \u00e9liminant le tartre mou.<\/p>\n","protected":false},"excerpt":{"rendered":"<p>Jouet pour chat compos\u00e9 de matatabi (plante naturelle) et d&#8217;herbe a chat. Il pr\u00e9s\u00e8rve la dentition et les gencives. Aide contre les plaques, le tartre et la mauvaise haleine.<\/p>\n","protected":false},"featured_media":906281,"template":"","meta":[],"product_cat":[2697,12609,12560,12620],"product_tag":[],"class_list":{"0":"post-906271","1":"product","2":"type-product","3":"status-publish","4":"has-post-thumbnail","6":"product_cat-chat","7":"product_cat-hygiene-bucco-dentaire-du-chat","8":"product_cat-hygiene-du-chat","9":"product_cat-jeux-educatifs-pour-chat","10":"pa_marque-wouapy","12":"first","13":"instock","14":"taxable","15":"shipping-taxable","16":"purchasable","17":"product-type-simple"},"yoast_head":"<!-- This site is optimized with the Yoast SEO plugin v27.3 - https:\/\/yoast.com\/product\/yoast-seo-wordpress\/ -->\n<title>Jouet chat balle en herbe \u00e0 chat et matatabi Wouapy - V\u00e9torino<\/title>\n<meta name=\"description\" content=\"Jouet pour chat compos\u00e9 de matatabi (plante naturelle) et d&#039;herbe a chat. Il pr\u00e9s\u00e8rve la dentition et les gencives. Aide contre les plaques, le tartre et la mauvaise haleine.\" \/>\n<meta name=\"robots\" content=\"noindex, nofollow\" \/>\n<meta property=\"og:locale\" content=\"fr_FR\" \/>\n<meta property=\"og:type\" content=\"article\" \/>\n<meta property=\"og:title\" content=\"Jouet chat balle en herbe \u00e0 chat et matatabi Wouapy - V\u00e9torino\" \/>\n<meta property=\"og:description\" content=\"Jouet pour chat compos\u00e9 de matatabi (plante naturelle) et d&#039;herbe a chat. Il pr\u00e9s\u00e8rve la dentition et les gencives. Aide contre les plaques, le tartre et la mauvaise haleine.\" \/>\n<meta property=\"og:url\" content=\"https:\/\/www.vetorino.com\/veterinaire\/sucyenbrie-94370\/boutique\/product\/jouet-chat-wouapy-balle-en-herbe-a-chat-et-matatabi\/\" \/>\n<meta property=\"og:site_name\" content=\"V\u00e9torino\" \/>\n<meta property=\"article:publisher\" content=\"https:\/\/www.facebook.com\/Vetorino\/\" \/>\n<meta property=\"article:modified_time\" content=\"2025-09-13T00:42:13+00:00\" \/>\n<meta property=\"og:image\" content=\"https:\/\/www.vetorino.com\/boutique\/wp-content\/uploads\/2020\/09\/logo-vetorino-1.png\" \/>\n\t<meta property=\"og:image:width\" content=\"539\" \/>\n\t<meta property=\"og:image:height\" content=\"224\" \/>\n\t<meta property=\"og:image:type\" content=\"image\/png\" \/>\n<meta name=\"twitter:card\" content=\"summary_large_image\" \/>\n<meta name=\"twitter:label1\" content=\"Prix\" \/>\n\t<meta name=\"twitter:data1\" content=\"2,14&euro;\" \/>\n\t<meta name=\"twitter:label2\" content=\"Disponibilit\u00e9\" \/>\n\t<meta name=\"twitter:data2\" content=\"En stock\" \/>\n<script type=\"application\/ld+json\" class=\"yoast-schema-graph\">{\"@context\":\"https:\\\/\\\/schema.org\",\"@graph\":[{\"@type\":\"WebPage\",\"@id\":\"https:\\\/\\\/www.vetorino.com\\\/boutique\\\/product\\\/jouet-chat-wouapy-balle-en-herbe-a-chat-et-matatabi\\\/\",\"url\":\"https:\\\/\\\/www.vetorino.com\\\/boutique\\\/product\\\/jouet-chat-wouapy-balle-en-herbe-a-chat-et-matatabi\\\/\",\"name\":\"Jouet chat balle en herbe \u00e0 chat et matatabi Wouapy - V\u00e9torino\",\"isPartOf\":{\"@id\":\"https:\\\/\\\/www.vetorino.com\\\/boutique\\\/#website\"},\"primaryImageOfPage\":{\"@id\":\"https:\\\/\\\/www.vetorino.com\\\/boutique\\\/product\\\/jouet-chat-wouapy-balle-en-herbe-a-chat-et-matatabi\\\/#primaryimage\"},\"image\":{\"@id\":\"https:\\\/\\\/www.vetorino.com\\\/boutique\\\/product\\\/jouet-chat-wouapy-balle-en-herbe-a-chat-et-matatabi\\\/#primaryimage\"},\"thumbnailUrl\":\"https:\\\/\\\/www.vetorino.com\\\/boutique\\\/wp-content\\\/uploads\\\/2024\\\/04\\\/5dcd88124b046dd26cb317c468ca30e4db12e9fa43e0876d86cce48ddce5ba8d.avif\",\"datePublished\":\"2024-04-26T15:19:22+00:00\",\"dateModified\":\"2025-09-13T00:42:13+00:00\",\"description\":\"Jouet pour chat compos\u00e9 de matatabi (plante naturelle) et d'herbe a chat. Il pr\u00e9s\u00e8rve la dentition et les gencives. Aide contre les plaques, le tartre et la mauvaise haleine.\",\"breadcrumb\":{\"@id\":\"https:\\\/\\\/www.vetorino.com\\\/boutique\\\/product\\\/jouet-chat-wouapy-balle-en-herbe-a-chat-et-matatabi\\\/#breadcrumb\"},\"inLanguage\":\"fr-FR\",\"potentialAction\":[{\"@type\":\"ReadAction\",\"target\":[\"https:\\\/\\\/www.vetorino.com\\\/boutique\\\/product\\\/jouet-chat-wouapy-balle-en-herbe-a-chat-et-matatabi\\\/\"]}]},{\"@type\":\"ImageObject\",\"inLanguage\":\"fr-FR\",\"@id\":\"https:\\\/\\\/www.vetorino.com\\\/boutique\\\/product\\\/jouet-chat-wouapy-balle-en-herbe-a-chat-et-matatabi\\\/#primaryimage\",\"url\":\"https:\\\/\\\/www.vetorino.com\\\/boutique\\\/wp-content\\\/uploads\\\/2024\\\/04\\\/5dcd88124b046dd26cb317c468ca30e4db12e9fa43e0876d86cce48ddce5ba8d.avif\",\"contentUrl\":\"https:\\\/\\\/www.vetorino.com\\\/boutique\\\/wp-content\\\/uploads\\\/2024\\\/04\\\/5dcd88124b046dd26cb317c468ca30e4db12e9fa43e0876d86cce48ddce5ba8d.avif\",\"width\":1000,\"height\":1000},{\"@type\":\"BreadcrumbList\",\"@id\":\"https:\\\/\\\/www.vetorino.com\\\/boutique\\\/product\\\/jouet-chat-wouapy-balle-en-herbe-a-chat-et-matatabi\\\/#breadcrumb\",\"itemListElement\":[{\"@type\":\"ListItem\",\"position\":1,\"name\":\"Accueil\",\"item\":\"https:\\\/\\\/www.vetorino.com\\\/boutique\\\/\"},{\"@type\":\"ListItem\",\"position\":2,\"name\":\"Produits\",\"item\":\"https:\\\/\\\/www.vetorino.com\\\/boutique\\\/\"},{\"@type\":\"ListItem\",\"position\":3,\"name\":\"Jouet chat balle en herbe \u00e0 chat et matatabi\"}]},{\"@type\":\"WebSite\",\"@id\":\"https:\\\/\\\/www.vetorino.com\\\/boutique\\\/#website\",\"url\":\"https:\\\/\\\/www.vetorino.com\\\/boutique\\\/\",\"name\":\"V\u00e9torino\",\"description\":\"\",\"publisher\":{\"@id\":\"https:\\\/\\\/www.vetorino.com\\\/boutique\\\/#organization\"},\"potentialAction\":[{\"@type\":\"SearchAction\",\"target\":{\"@type\":\"EntryPoint\",\"urlTemplate\":\"https:\\\/\\\/www.vetorino.com\\\/boutique\\\/?s={search_term_string}\"},\"query-input\":{\"@type\":\"PropertyValueSpecification\",\"valueRequired\":true,\"valueName\":\"search_term_string\"}}],\"inLanguage\":\"fr-FR\"},{\"@type\":\"Organization\",\"@id\":\"https:\\\/\\\/www.vetorino.com\\\/boutique\\\/#organization\",\"name\":\"V\u00e9torino\",\"url\":\"https:\\\/\\\/www.vetorino.com\\\/boutique\\\/\",\"logo\":{\"@type\":\"ImageObject\",\"inLanguage\":\"fr-FR\",\"@id\":\"https:\\\/\\\/www.vetorino.com\\\/boutique\\\/#\\\/schema\\\/logo\\\/image\\\/\",\"url\":\"https:\\\/\\\/www.vetorino.com\\\/boutique\\\/wp-content\\\/uploads\\\/2024\\\/10\\\/logo.jpg\",\"contentUrl\":\"https:\\\/\\\/www.vetorino.com\\\/boutique\\\/wp-content\\\/uploads\\\/2024\\\/10\\\/logo.jpg\",\"width\":1200,\"height\":610,\"caption\":\"V\u00e9torino\"},\"image\":{\"@id\":\"https:\\\/\\\/www.vetorino.com\\\/boutique\\\/#\\\/schema\\\/logo\\\/image\\\/\"},\"sameAs\":[\"https:\\\/\\\/www.facebook.com\\\/Vetorino\\\/\",\"https:\\\/\\\/www.instagram.com\\\/vetorino_off\\\/\",\"https:\\\/\\\/www.linkedin.com\\\/company\\\/vtorino\\\/\"]}]}<\/script>\n<meta property=\"product:brand\" content=\"Wouapy\" \/>\n<meta property=\"product:price:amount\" content=\"2.14\" \/>\n<meta property=\"product:price:currency\" content=\"EUR\" \/>\n<meta property=\"og:availability\" content=\"instock\" \/>\n<meta property=\"product:availability\" content=\"instock\" \/>\n<meta property=\"product:retailer_item_id\" content=\"C-JOU315\" \/>\n<meta property=\"product:condition\" content=\"new\" \/>\n<!-- \/ Yoast SEO plugin. -->","yoast_head_json":{"title":"Jouet chat balle en herbe \u00e0 chat et matatabi Wouapy - V\u00e9torino","description":"Jouet pour chat compos\u00e9 de matatabi (plante naturelle) et d'herbe a chat. Il pr\u00e9s\u00e8rve la dentition et les gencives. Aide contre les plaques, le tartre et la mauvaise haleine.","robots":{"index":"noindex","follow":"nofollow"},"og_locale":"fr_FR","og_type":"article","og_title":"Jouet chat balle en herbe \u00e0 chat et matatabi Wouapy - V\u00e9torino","og_description":"Jouet pour chat compos\u00e9 de matatabi (plante naturelle) et d'herbe a chat. Il pr\u00e9s\u00e8rve la dentition et les gencives. Aide contre les plaques, le tartre et la mauvaise haleine.","og_url":"https:\/\/www.vetorino.com\/veterinaire\/sucyenbrie-94370\/boutique\/product\/jouet-chat-wouapy-balle-en-herbe-a-chat-et-matatabi\/","og_site_name":"V\u00e9torino","article_publisher":"https:\/\/www.facebook.com\/Vetorino\/","article_modified_time":"2025-09-13T00:42:13+00:00","og_image":[{"width":539,"height":224,"url":"https:\/\/www.vetorino.com\/boutique\/wp-content\/uploads\/2020\/09\/logo-vetorino-1.png","type":"image\/png"}],"twitter_card":"summary_large_image","twitter_misc":{"Prix":"2,14&euro;","Disponibilit\u00e9":"En stock"},"schema":{"@context":"https:\/\/schema.org","@graph":[{"@type":"WebPage","@id":"https:\/\/www.vetorino.com\/boutique\/product\/jouet-chat-wouapy-balle-en-herbe-a-chat-et-matatabi\/","url":"https:\/\/www.vetorino.com\/boutique\/product\/jouet-chat-wouapy-balle-en-herbe-a-chat-et-matatabi\/","name":"Jouet chat balle en herbe \u00e0 chat et matatabi Wouapy - V\u00e9torino","isPartOf":{"@id":"https:\/\/www.vetorino.com\/boutique\/#website"},"primaryImageOfPage":{"@id":"https:\/\/www.vetorino.com\/boutique\/product\/jouet-chat-wouapy-balle-en-herbe-a-chat-et-matatabi\/#primaryimage"},"image":{"@id":"https:\/\/www.vetorino.com\/boutique\/product\/jouet-chat-wouapy-balle-en-herbe-a-chat-et-matatabi\/#primaryimage"},"thumbnailUrl":"https:\/\/www.vetorino.com\/boutique\/wp-content\/uploads\/2024\/04\/5dcd88124b046dd26cb317c468ca30e4db12e9fa43e0876d86cce48ddce5ba8d.avif","datePublished":"2024-04-26T15:19:22+00:00","dateModified":"2025-09-13T00:42:13+00:00","description":"Jouet pour chat compos\u00e9 de matatabi (plante naturelle) et d'herbe a chat. Il pr\u00e9s\u00e8rve la dentition et les gencives. Aide contre les plaques, le tartre et la mauvaise haleine.","breadcrumb":{"@id":"https:\/\/www.vetorino.com\/boutique\/product\/jouet-chat-wouapy-balle-en-herbe-a-chat-et-matatabi\/#breadcrumb"},"inLanguage":"fr-FR","potentialAction":[{"@type":"ReadAction","target":["https:\/\/www.vetorino.com\/boutique\/product\/jouet-chat-wouapy-balle-en-herbe-a-chat-et-matatabi\/"]}]},{"@type":"ImageObject","inLanguage":"fr-FR","@id":"https:\/\/www.vetorino.com\/boutique\/product\/jouet-chat-wouapy-balle-en-herbe-a-chat-et-matatabi\/#primaryimage","url":"https:\/\/www.vetorino.com\/boutique\/wp-content\/uploads\/2024\/04\/5dcd88124b046dd26cb317c468ca30e4db12e9fa43e0876d86cce48ddce5ba8d.avif","contentUrl":"https:\/\/www.vetorino.com\/boutique\/wp-content\/uploads\/2024\/04\/5dcd88124b046dd26cb317c468ca30e4db12e9fa43e0876d86cce48ddce5ba8d.avif","width":1000,"height":1000},{"@type":"BreadcrumbList","@id":"https:\/\/www.vetorino.com\/boutique\/product\/jouet-chat-wouapy-balle-en-herbe-a-chat-et-matatabi\/#breadcrumb","itemListElement":[{"@type":"ListItem","position":1,"name":"Accueil","item":"https:\/\/www.vetorino.com\/boutique\/"},{"@type":"ListItem","position":2,"name":"Produits","item":"https:\/\/www.vetorino.com\/boutique\/"},{"@type":"ListItem","position":3,"name":"Jouet chat balle en herbe \u00e0 chat et matatabi"}]},{"@type":"WebSite","@id":"https:\/\/www.vetorino.com\/boutique\/#website","url":"https:\/\/www.vetorino.com\/boutique\/","name":"V\u00e9torino","description":"","publisher":{"@id":"https:\/\/www.vetorino.com\/boutique\/#organization"},"potentialAction":[{"@type":"SearchAction","target":{"@type":"EntryPoint","urlTemplate":"https:\/\/www.vetorino.com\/boutique\/?s={search_term_string}"},"query-input":{"@type":"PropertyValueSpecification","valueRequired":true,"valueName":"search_term_string"}}],"inLanguage":"fr-FR"},{"@type":"Organization","@id":"https:\/\/www.vetorino.com\/boutique\/#organization","name":"V\u00e9torino","url":"https:\/\/www.vetorino.com\/boutique\/","logo":{"@type":"ImageObject","inLanguage":"fr-FR","@id":"https:\/\/www.vetorino.com\/boutique\/#\/schema\/logo\/image\/","url":"https:\/\/www.vetorino.com\/boutique\/wp-content\/uploads\/2024\/10\/logo.jpg","contentUrl":"https:\/\/www.vetorino.com\/boutique\/wp-content\/uploads\/2024\/10\/logo.jpg","width":1200,"height":610,"caption":"V\u00e9torino"},"image":{"@id":"https:\/\/www.vetorino.com\/boutique\/#\/schema\/logo\/image\/"},"sameAs":["https:\/\/www.facebook.com\/Vetorino\/","https:\/\/www.instagram.com\/vetorino_off\/","https:\/\/www.linkedin.com\/company\/vtorino\/"]}]},"product_brand":"Wouapy","product_price_amount":"2.14","product_price_currency":"EUR","og_availability":"instock","product_availability":"instock","product_retailer_item_id":"C-JOU315","product_condition":"new"},"_links":{"self":[{"href":"https:\/\/www.vetorino.com\/veterinaire\/sucyenbrie-94370\/boutique\/wp-json\/wp\/v2\/product\/906271","targetHints":{"allow":["GET"]}}],"collection":[{"href":"https:\/\/www.vetorino.com\/veterinaire\/sucyenbrie-94370\/boutique\/wp-json\/wp\/v2\/product"}],"about":[{"href":"https:\/\/www.vetorino.com\/veterinaire\/sucyenbrie-94370\/boutique\/wp-json\/wp\/v2\/types\/product"}],"wp:featuredmedia":[{"embeddable":true,"href":"https:\/\/www.vetorino.com\/veterinaire\/sucyenbrie-94370\/boutique\/wp-json\/wp\/v2\/media\/906281"}],"wp:attachment":[{"href":"https:\/\/www.vetorino.com\/veterinaire\/sucyenbrie-94370\/boutique\/wp-json\/wp\/v2\/media?parent=906271"}],"wp:term":[{"taxonomy":"product_cat","embeddable":true,"href":"https:\/\/www.vetorino.com\/veterinaire\/sucyenbrie-94370\/boutique\/wp-json\/wp\/v2\/product_cat?post=906271"},{"taxonomy":"product_tag","embeddable":true,"href":"https:\/\/www.vetorino.com\/veterinaire\/sucyenbrie-94370\/boutique\/wp-json\/wp\/v2\/product_tag?post=906271"}],"curies":[{"name":"wp","href":"https:\/\/api.w.org\/{rel}","templated":true}]}}