{"id":906310,"date":"2024-04-26T17:37:45","date_gmt":"2024-04-26T15:37:45","guid":{"rendered":"https:\/\/www.vetorino.com\/boutique\/product\/griffoir-wouapy-recharge-pour-griffoir-plateforme\/"},"modified":"2026-03-21T16:32:57","modified_gmt":"2026-03-21T15:32:57","slug":"griffoir-wouapy-recharge-pour-griffoir-plateforme","status":"publish","type":"product","link":"https:\/\/www.vetorino.com\/veterinaire\/sucyenbrie-94370\/boutique\/product\/griffoir-wouapy-recharge-pour-griffoir-plateforme\/","title":{"rendered":"Recharge Griffoir pour chat"},"content":{"rendered":"<p><strong>Aidez vos chats \u00e0 assouvir leur besoin naturel<\/strong> de marquer leur territoire en ayant toujours \u00e0 port\u00e9e de main la recharge griffoir aire de jeux de Wouapy. Celle-ci est compatible avec tous les jouets de la marque comme Triangulo ou Cabeza.<\/p>\n<p>Le griffoir pour chat permet \u00e0 votre compagnon d\u2019aff\u00fbter ses griffres sur une surface qui lui est d\u00e9di\u00e9e. Canalisez-le en le dirigeant vers son aire de jeux interactif avec un griffoir central pour qu\u2019il puisse s\u2019amuser et se d\u00e9tendre sans ab\u00eemer le mobilier, les portes ou le canap\u00e9.<\/p>\n<p>Si votre chat a besoin de se d\u00e9barrasser de souches mortes, il aura besoin d\u2019un griffoir adapt\u00e9. La recharge est vendue par deux, ce qui permet d\u2019en avoir toujours un en plus. Ces surfaces rondes en carton ondul\u00e9 sont faciles \u00e0 remplacer dans l\u2019aire de jeux, ce qui augmente leur dur\u00e9e de vie. Conservez la m\u00eame aire plus longtemps en changeant simplement le griffoir us\u00e9.<\/p>\n<p>Faisant un diam\u00e8tre de 16 cm pour une hauteur de 7 cm, la recharge griffoir pour chats conviendra aux animaux de toutes les races. Cette derni\u00e8re est strictement con\u00e7ue pour \u00eatre utilis\u00e9e en int\u00e9rieur.<\/p>\n<p><strong>LES + PRODUIT :<\/strong><\/p>\n<ul>\n<li>Griffoir en carton<\/li>\n<li>Compatible avec les aires de jeux Wouapy<\/li>\n<li>Vendu par deux<\/li>\n<\/ul>\n","protected":false},"excerpt":{"rendered":"<p>Aidez vos chats \u00e0 assouvir leur besoin naturel de marquer leur territoire en ayant toujours \u00e0 port\u00e9e de main la recharge griffoir aire de jeux de Wouapy. Celle-ci est compatible avec tous les jouets de la marque comme Triangulo ou Cabeza.<\/p>\n","protected":false},"featured_media":908554,"template":"","meta":[],"product_cat":[12548,2697,12620],"product_tag":[],"class_list":{"0":"post-906310","1":"product","2":"type-product","3":"status-publish","4":"has-post-thumbnail","6":"product_cat-accessoire-du-chat","7":"product_cat-chat","8":"product_cat-jeux-educatifs-pour-chat","9":"pa_marque-wouapy","11":"first","12":"instock","13":"taxable","14":"shipping-taxable","15":"purchasable","16":"product-type-simple"},"yoast_head":"<!-- This site is optimized with the Yoast SEO plugin v27.3 - https:\/\/yoast.com\/product\/yoast-seo-wordpress\/ -->\n<title>Recharge Griffoir pour chat Wouapy - V\u00e9torino<\/title>\n<meta name=\"description\" content=\"Aidez vos chats \u00e0 assouvir leur besoin naturel de marquer leur territoire en ayant toujours \u00e0 port\u00e9e de main la recharge griffoir aire de jeux de Wouapy. Celle-ci est compatible avec tous les jouets de la marque comme Triangulo ou Cabeza.\" \/>\n<meta name=\"robots\" content=\"noindex, nofollow\" \/>\n<meta property=\"og:locale\" content=\"fr_FR\" \/>\n<meta property=\"og:type\" content=\"article\" \/>\n<meta property=\"og:title\" content=\"Recharge Griffoir pour chat Wouapy - V\u00e9torino\" \/>\n<meta property=\"og:description\" content=\"Aidez vos chats \u00e0 assouvir leur besoin naturel de marquer leur territoire en ayant toujours \u00e0 port\u00e9e de main la recharge griffoir aire de jeux de Wouapy. Celle-ci est compatible avec tous les jouets de la marque comme Triangulo ou Cabeza.\" \/>\n<meta property=\"og:url\" content=\"https:\/\/www.vetorino.com\/veterinaire\/sucyenbrie-94370\/boutique\/product\/griffoir-wouapy-recharge-pour-griffoir-plateforme\/\" \/>\n<meta property=\"og:site_name\" content=\"V\u00e9torino\" \/>\n<meta property=\"article:publisher\" content=\"https:\/\/www.facebook.com\/Vetorino\/\" \/>\n<meta property=\"article:modified_time\" content=\"2026-03-21T15:32:57+00:00\" \/>\n<meta property=\"og:image\" content=\"https:\/\/www.vetorino.com\/boutique\/wp-content\/uploads\/2024\/04\/wouapy-recharge-griffoir-pour-chats-2.webp\" \/>\n\t<meta property=\"og:image:width\" content=\"600\" \/>\n\t<meta property=\"og:image:height\" content=\"600\" \/>\n\t<meta property=\"og:image:type\" content=\"image\/webp\" \/>\n<meta name=\"twitter:card\" content=\"summary_large_image\" \/>\n<meta name=\"twitter:label1\" content=\"Prix\" \/>\n\t<meta name=\"twitter:data1\" content=\"4,83&euro;\" \/>\n\t<meta name=\"twitter:label2\" content=\"Disponibilit\u00e9\" \/>\n\t<meta name=\"twitter:data2\" content=\"En stock\" \/>\n<script type=\"application\/ld+json\" class=\"yoast-schema-graph\">{\"@context\":\"https:\\\/\\\/schema.org\",\"@graph\":[{\"@type\":\"WebPage\",\"@id\":\"https:\\\/\\\/www.vetorino.com\\\/boutique\\\/product\\\/griffoir-wouapy-recharge-pour-griffoir-plateforme\\\/\",\"url\":\"https:\\\/\\\/www.vetorino.com\\\/boutique\\\/product\\\/griffoir-wouapy-recharge-pour-griffoir-plateforme\\\/\",\"name\":\"Recharge Griffoir pour chat Wouapy - V\u00e9torino\",\"isPartOf\":{\"@id\":\"https:\\\/\\\/www.vetorino.com\\\/boutique\\\/#website\"},\"primaryImageOfPage\":{\"@id\":\"https:\\\/\\\/www.vetorino.com\\\/boutique\\\/product\\\/griffoir-wouapy-recharge-pour-griffoir-plateforme\\\/#primaryimage\"},\"image\":{\"@id\":\"https:\\\/\\\/www.vetorino.com\\\/boutique\\\/product\\\/griffoir-wouapy-recharge-pour-griffoir-plateforme\\\/#primaryimage\"},\"thumbnailUrl\":\"https:\\\/\\\/www.vetorino.com\\\/boutique\\\/wp-content\\\/uploads\\\/2024\\\/04\\\/wouapy-recharge-griffoir-pour-chats-2.webp\",\"datePublished\":\"2024-04-26T15:37:45+00:00\",\"dateModified\":\"2026-03-21T15:32:57+00:00\",\"description\":\"Aidez vos chats \u00e0 assouvir leur besoin naturel de marquer leur territoire en ayant toujours \u00e0 port\u00e9e de main la recharge griffoir aire de jeux de Wouapy. Celle-ci est compatible avec tous les jouets de la marque comme Triangulo ou Cabeza.\",\"breadcrumb\":{\"@id\":\"https:\\\/\\\/www.vetorino.com\\\/boutique\\\/product\\\/griffoir-wouapy-recharge-pour-griffoir-plateforme\\\/#breadcrumb\"},\"inLanguage\":\"fr-FR\",\"potentialAction\":[{\"@type\":\"ReadAction\",\"target\":[\"https:\\\/\\\/www.vetorino.com\\\/boutique\\\/product\\\/griffoir-wouapy-recharge-pour-griffoir-plateforme\\\/\"]}]},{\"@type\":\"ImageObject\",\"inLanguage\":\"fr-FR\",\"@id\":\"https:\\\/\\\/www.vetorino.com\\\/boutique\\\/product\\\/griffoir-wouapy-recharge-pour-griffoir-plateforme\\\/#primaryimage\",\"url\":\"https:\\\/\\\/www.vetorino.com\\\/boutique\\\/wp-content\\\/uploads\\\/2024\\\/04\\\/wouapy-recharge-griffoir-pour-chats-2.webp\",\"contentUrl\":\"https:\\\/\\\/www.vetorino.com\\\/boutique\\\/wp-content\\\/uploads\\\/2024\\\/04\\\/wouapy-recharge-griffoir-pour-chats-2.webp\",\"width\":600,\"height\":600},{\"@type\":\"BreadcrumbList\",\"@id\":\"https:\\\/\\\/www.vetorino.com\\\/boutique\\\/product\\\/griffoir-wouapy-recharge-pour-griffoir-plateforme\\\/#breadcrumb\",\"itemListElement\":[{\"@type\":\"ListItem\",\"position\":1,\"name\":\"Accueil\",\"item\":\"https:\\\/\\\/www.vetorino.com\\\/boutique\\\/\"},{\"@type\":\"ListItem\",\"position\":2,\"name\":\"Produits\",\"item\":\"https:\\\/\\\/www.vetorino.com\\\/boutique\\\/\"},{\"@type\":\"ListItem\",\"position\":3,\"name\":\"Recharge Griffoir pour chat\"}]},{\"@type\":\"WebSite\",\"@id\":\"https:\\\/\\\/www.vetorino.com\\\/boutique\\\/#website\",\"url\":\"https:\\\/\\\/www.vetorino.com\\\/boutique\\\/\",\"name\":\"V\u00e9torino\",\"description\":\"\",\"publisher\":{\"@id\":\"https:\\\/\\\/www.vetorino.com\\\/boutique\\\/#organization\"},\"potentialAction\":[{\"@type\":\"SearchAction\",\"target\":{\"@type\":\"EntryPoint\",\"urlTemplate\":\"https:\\\/\\\/www.vetorino.com\\\/boutique\\\/?s={search_term_string}\"},\"query-input\":{\"@type\":\"PropertyValueSpecification\",\"valueRequired\":true,\"valueName\":\"search_term_string\"}}],\"inLanguage\":\"fr-FR\"},{\"@type\":\"Organization\",\"@id\":\"https:\\\/\\\/www.vetorino.com\\\/boutique\\\/#organization\",\"name\":\"V\u00e9torino\",\"url\":\"https:\\\/\\\/www.vetorino.com\\\/boutique\\\/\",\"logo\":{\"@type\":\"ImageObject\",\"inLanguage\":\"fr-FR\",\"@id\":\"https:\\\/\\\/www.vetorino.com\\\/boutique\\\/#\\\/schema\\\/logo\\\/image\\\/\",\"url\":\"https:\\\/\\\/www.vetorino.com\\\/boutique\\\/wp-content\\\/uploads\\\/2024\\\/10\\\/logo.jpg\",\"contentUrl\":\"https:\\\/\\\/www.vetorino.com\\\/boutique\\\/wp-content\\\/uploads\\\/2024\\\/10\\\/logo.jpg\",\"width\":1200,\"height\":610,\"caption\":\"V\u00e9torino\"},\"image\":{\"@id\":\"https:\\\/\\\/www.vetorino.com\\\/boutique\\\/#\\\/schema\\\/logo\\\/image\\\/\"},\"sameAs\":[\"https:\\\/\\\/www.facebook.com\\\/Vetorino\\\/\",\"https:\\\/\\\/www.instagram.com\\\/vetorino_off\\\/\",\"https:\\\/\\\/www.linkedin.com\\\/company\\\/vtorino\\\/\"]}]}<\/script>\n<meta property=\"product:brand\" content=\"Wouapy\" \/>\n<meta property=\"product:price:amount\" content=\"4.83\" \/>\n<meta property=\"product:price:currency\" content=\"EUR\" \/>\n<meta property=\"og:availability\" content=\"instock\" \/>\n<meta property=\"product:availability\" content=\"instock\" \/>\n<meta property=\"product:retailer_item_id\" content=\"C-GRI755\" \/>\n<meta property=\"product:condition\" content=\"new\" \/>\n<!-- \/ Yoast SEO plugin. -->","yoast_head_json":{"title":"Recharge Griffoir pour chat Wouapy - V\u00e9torino","description":"Aidez vos chats \u00e0 assouvir leur besoin naturel de marquer leur territoire en ayant toujours \u00e0 port\u00e9e de main la recharge griffoir aire de jeux de Wouapy. Celle-ci est compatible avec tous les jouets de la marque comme Triangulo ou Cabeza.","robots":{"index":"noindex","follow":"nofollow"},"og_locale":"fr_FR","og_type":"article","og_title":"Recharge Griffoir pour chat Wouapy - V\u00e9torino","og_description":"Aidez vos chats \u00e0 assouvir leur besoin naturel de marquer leur territoire en ayant toujours \u00e0 port\u00e9e de main la recharge griffoir aire de jeux de Wouapy. Celle-ci est compatible avec tous les jouets de la marque comme Triangulo ou Cabeza.","og_url":"https:\/\/www.vetorino.com\/veterinaire\/sucyenbrie-94370\/boutique\/product\/griffoir-wouapy-recharge-pour-griffoir-plateforme\/","og_site_name":"V\u00e9torino","article_publisher":"https:\/\/www.facebook.com\/Vetorino\/","article_modified_time":"2026-03-21T15:32:57+00:00","og_image":[{"width":600,"height":600,"url":"https:\/\/www.vetorino.com\/boutique\/wp-content\/uploads\/2024\/04\/wouapy-recharge-griffoir-pour-chats-2.webp","type":"image\/webp"}],"twitter_card":"summary_large_image","twitter_misc":{"Prix":"4,83&euro;","Disponibilit\u00e9":"En stock"},"schema":{"@context":"https:\/\/schema.org","@graph":[{"@type":"WebPage","@id":"https:\/\/www.vetorino.com\/boutique\/product\/griffoir-wouapy-recharge-pour-griffoir-plateforme\/","url":"https:\/\/www.vetorino.com\/boutique\/product\/griffoir-wouapy-recharge-pour-griffoir-plateforme\/","name":"Recharge Griffoir pour chat Wouapy - V\u00e9torino","isPartOf":{"@id":"https:\/\/www.vetorino.com\/boutique\/#website"},"primaryImageOfPage":{"@id":"https:\/\/www.vetorino.com\/boutique\/product\/griffoir-wouapy-recharge-pour-griffoir-plateforme\/#primaryimage"},"image":{"@id":"https:\/\/www.vetorino.com\/boutique\/product\/griffoir-wouapy-recharge-pour-griffoir-plateforme\/#primaryimage"},"thumbnailUrl":"https:\/\/www.vetorino.com\/boutique\/wp-content\/uploads\/2024\/04\/wouapy-recharge-griffoir-pour-chats-2.webp","datePublished":"2024-04-26T15:37:45+00:00","dateModified":"2026-03-21T15:32:57+00:00","description":"Aidez vos chats \u00e0 assouvir leur besoin naturel de marquer leur territoire en ayant toujours \u00e0 port\u00e9e de main la recharge griffoir aire de jeux de Wouapy. Celle-ci est compatible avec tous les jouets de la marque comme Triangulo ou Cabeza.","breadcrumb":{"@id":"https:\/\/www.vetorino.com\/boutique\/product\/griffoir-wouapy-recharge-pour-griffoir-plateforme\/#breadcrumb"},"inLanguage":"fr-FR","potentialAction":[{"@type":"ReadAction","target":["https:\/\/www.vetorino.com\/boutique\/product\/griffoir-wouapy-recharge-pour-griffoir-plateforme\/"]}]},{"@type":"ImageObject","inLanguage":"fr-FR","@id":"https:\/\/www.vetorino.com\/boutique\/product\/griffoir-wouapy-recharge-pour-griffoir-plateforme\/#primaryimage","url":"https:\/\/www.vetorino.com\/boutique\/wp-content\/uploads\/2024\/04\/wouapy-recharge-griffoir-pour-chats-2.webp","contentUrl":"https:\/\/www.vetorino.com\/boutique\/wp-content\/uploads\/2024\/04\/wouapy-recharge-griffoir-pour-chats-2.webp","width":600,"height":600},{"@type":"BreadcrumbList","@id":"https:\/\/www.vetorino.com\/boutique\/product\/griffoir-wouapy-recharge-pour-griffoir-plateforme\/#breadcrumb","itemListElement":[{"@type":"ListItem","position":1,"name":"Accueil","item":"https:\/\/www.vetorino.com\/boutique\/"},{"@type":"ListItem","position":2,"name":"Produits","item":"https:\/\/www.vetorino.com\/boutique\/"},{"@type":"ListItem","position":3,"name":"Recharge Griffoir pour chat"}]},{"@type":"WebSite","@id":"https:\/\/www.vetorino.com\/boutique\/#website","url":"https:\/\/www.vetorino.com\/boutique\/","name":"V\u00e9torino","description":"","publisher":{"@id":"https:\/\/www.vetorino.com\/boutique\/#organization"},"potentialAction":[{"@type":"SearchAction","target":{"@type":"EntryPoint","urlTemplate":"https:\/\/www.vetorino.com\/boutique\/?s={search_term_string}"},"query-input":{"@type":"PropertyValueSpecification","valueRequired":true,"valueName":"search_term_string"}}],"inLanguage":"fr-FR"},{"@type":"Organization","@id":"https:\/\/www.vetorino.com\/boutique\/#organization","name":"V\u00e9torino","url":"https:\/\/www.vetorino.com\/boutique\/","logo":{"@type":"ImageObject","inLanguage":"fr-FR","@id":"https:\/\/www.vetorino.com\/boutique\/#\/schema\/logo\/image\/","url":"https:\/\/www.vetorino.com\/boutique\/wp-content\/uploads\/2024\/10\/logo.jpg","contentUrl":"https:\/\/www.vetorino.com\/boutique\/wp-content\/uploads\/2024\/10\/logo.jpg","width":1200,"height":610,"caption":"V\u00e9torino"},"image":{"@id":"https:\/\/www.vetorino.com\/boutique\/#\/schema\/logo\/image\/"},"sameAs":["https:\/\/www.facebook.com\/Vetorino\/","https:\/\/www.instagram.com\/vetorino_off\/","https:\/\/www.linkedin.com\/company\/vtorino\/"]}]},"product_brand":"Wouapy","product_price_amount":"4.83","product_price_currency":"EUR","og_availability":"instock","product_availability":"instock","product_retailer_item_id":"C-GRI755","product_condition":"new"},"_links":{"self":[{"href":"https:\/\/www.vetorino.com\/veterinaire\/sucyenbrie-94370\/boutique\/wp-json\/wp\/v2\/product\/906310","targetHints":{"allow":["GET"]}}],"collection":[{"href":"https:\/\/www.vetorino.com\/veterinaire\/sucyenbrie-94370\/boutique\/wp-json\/wp\/v2\/product"}],"about":[{"href":"https:\/\/www.vetorino.com\/veterinaire\/sucyenbrie-94370\/boutique\/wp-json\/wp\/v2\/types\/product"}],"wp:featuredmedia":[{"embeddable":true,"href":"https:\/\/www.vetorino.com\/veterinaire\/sucyenbrie-94370\/boutique\/wp-json\/wp\/v2\/media\/908554"}],"wp:attachment":[{"href":"https:\/\/www.vetorino.com\/veterinaire\/sucyenbrie-94370\/boutique\/wp-json\/wp\/v2\/media?parent=906310"}],"wp:term":[{"taxonomy":"product_cat","embeddable":true,"href":"https:\/\/www.vetorino.com\/veterinaire\/sucyenbrie-94370\/boutique\/wp-json\/wp\/v2\/product_cat?post=906310"},{"taxonomy":"product_tag","embeddable":true,"href":"https:\/\/www.vetorino.com\/veterinaire\/sucyenbrie-94370\/boutique\/wp-json\/wp\/v2\/product_tag?post=906310"}],"curies":[{"name":"wp","href":"https:\/\/api.w.org\/{rel}","templated":true}]}}