{"id":906319,"date":"2024-04-26T17:37:57","date_gmt":"2024-04-26T15:37:57","guid":{"rendered":"https:\/\/www.vetorino.com\/boutique\/product\/corbeille-chat-wouapy-douillet\/"},"modified":"2025-09-15T10:12:05","modified_gmt":"2025-09-15T08:12:05","slug":"corbeille-chat-wouapy-douillet","status":"publish","type":"product","link":"https:\/\/www.vetorino.com\/veterinaire\/sucyenbrie-94370\/boutique\/product\/corbeille-chat-wouapy-douillet\/","title":{"rendered":"Panier pour Chat Douillet"},"content":{"rendered":"<p>Ce lit douillet vient enrichir la collection de couchages moelleux.<br \/>\nVous y retrouverez la ouate silicon\u00e9e, indispensable aux propri\u00e9t\u00e9s apaisantes de cette collection.<br \/>\nDoux et douillet, il satisfera tous les animaux de compagnie.<br \/>\nCe lit douillet est pens\u00e9 pour les chats et les chiens qui aiment se cacher.<\/p>\n","protected":false},"excerpt":{"rendered":"<p>Ce lit douillet vient enrichir la collection de couchages moelleux.<br \/>\nVous y retrouverez la ouate silicon\u00e9e, indispensable aux propri\u00e9t\u00e9s apaisantes de cette collection.<br \/>\nDoux et douillet, il satisfera tous les animaux de compagnie.<br \/>\nCe lit douillet est pens\u00e9 pour les chats et les chiens qui aiment se cacher.<\/p>\n","protected":false},"featured_media":908578,"template":"","meta":[],"product_cat":[12548,2697,12595],"product_tag":[],"class_list":{"0":"post-906319","1":"product","2":"type-product","3":"status-publish","4":"has-post-thumbnail","6":"product_cat-accessoire-du-chat","7":"product_cat-chat","8":"product_cat-confort-du-chat","9":"pa_marque-wouapy","11":"first","12":"outofstock","13":"taxable","14":"shipping-taxable","15":"purchasable","16":"product-type-simple"},"yoast_head":"<!-- This site is optimized with the Yoast SEO plugin v27.3 - https:\/\/yoast.com\/product\/yoast-seo-wordpress\/ -->\n<title>Panier pour Chat Douillet Wouapy - V\u00e9torino<\/title>\n<meta name=\"description\" content=\"Ce lit douillet vient enrichir la collection de couchages moelleux. Vous y retrouverez la ouate silicon\u00e9e, indispensable aux propri\u00e9t\u00e9s apaisantes de cette collection. Doux et douillet, il satisfera tous les animaux de compagnie. Ce lit douillet est pens\u00e9 pour les chats et les chiens qui aiment se cacher.\" \/>\n<meta name=\"robots\" content=\"noindex, nofollow\" \/>\n<meta property=\"og:locale\" content=\"fr_FR\" \/>\n<meta property=\"og:type\" content=\"article\" \/>\n<meta property=\"og:title\" content=\"Panier pour Chat Douillet Wouapy - V\u00e9torino\" \/>\n<meta property=\"og:description\" content=\"Ce lit douillet vient enrichir la collection de couchages moelleux. Vous y retrouverez la ouate silicon\u00e9e, indispensable aux propri\u00e9t\u00e9s apaisantes de cette collection. Doux et douillet, il satisfera tous les animaux de compagnie. Ce lit douillet est pens\u00e9 pour les chats et les chiens qui aiment se cacher.\" \/>\n<meta property=\"og:url\" content=\"https:\/\/www.vetorino.com\/veterinaire\/sucyenbrie-94370\/boutique\/product\/corbeille-chat-wouapy-douillet\/\" \/>\n<meta property=\"og:site_name\" content=\"V\u00e9torino\" \/>\n<meta property=\"article:publisher\" content=\"https:\/\/www.facebook.com\/Vetorino\/\" \/>\n<meta property=\"article:modified_time\" content=\"2025-09-15T08:12:05+00:00\" \/>\n<meta property=\"og:image\" content=\"https:\/\/www.vetorino.com\/boutique\/wp-content\/uploads\/2024\/04\/panier-chausson-lit-douillet-wouapy-coloris-i.webp\" \/>\n\t<meta property=\"og:image:width\" content=\"700\" \/>\n\t<meta property=\"og:image:height\" content=\"700\" \/>\n\t<meta property=\"og:image:type\" content=\"image\/webp\" \/>\n<meta name=\"twitter:card\" content=\"summary_large_image\" \/>\n<meta name=\"twitter:label1\" content=\"Prix\" \/>\n\t<meta name=\"twitter:data1\" content=\"25,95&euro;\" \/>\n\t<meta name=\"twitter:label2\" content=\"Disponibilit\u00e9\" \/>\n\t<meta name=\"twitter:data2\" content=\"Rupture de stock\" \/>\n<script type=\"application\/ld+json\" class=\"yoast-schema-graph\">{\"@context\":\"https:\\\/\\\/schema.org\",\"@graph\":[{\"@type\":\"WebPage\",\"@id\":\"https:\\\/\\\/www.vetorino.com\\\/boutique\\\/product\\\/corbeille-chat-wouapy-douillet\\\/\",\"url\":\"https:\\\/\\\/www.vetorino.com\\\/boutique\\\/product\\\/corbeille-chat-wouapy-douillet\\\/\",\"name\":\"Panier pour Chat Douillet Wouapy - V\u00e9torino\",\"isPartOf\":{\"@id\":\"https:\\\/\\\/www.vetorino.com\\\/boutique\\\/#website\"},\"primaryImageOfPage\":{\"@id\":\"https:\\\/\\\/www.vetorino.com\\\/boutique\\\/product\\\/corbeille-chat-wouapy-douillet\\\/#primaryimage\"},\"image\":{\"@id\":\"https:\\\/\\\/www.vetorino.com\\\/boutique\\\/product\\\/corbeille-chat-wouapy-douillet\\\/#primaryimage\"},\"thumbnailUrl\":\"https:\\\/\\\/www.vetorino.com\\\/boutique\\\/wp-content\\\/uploads\\\/2024\\\/04\\\/panier-chausson-lit-douillet-wouapy-coloris-i.webp\",\"datePublished\":\"2024-04-26T15:37:57+00:00\",\"dateModified\":\"2025-09-15T08:12:05+00:00\",\"description\":\"Ce lit douillet vient enrichir la collection de couchages moelleux. Vous y retrouverez la ouate silicon\u00e9e, indispensable aux propri\u00e9t\u00e9s apaisantes de cette collection. Doux et douillet, il satisfera tous les animaux de compagnie. Ce lit douillet est pens\u00e9 pour les chats et les chiens qui aiment se cacher.\",\"breadcrumb\":{\"@id\":\"https:\\\/\\\/www.vetorino.com\\\/boutique\\\/product\\\/corbeille-chat-wouapy-douillet\\\/#breadcrumb\"},\"inLanguage\":\"fr-FR\",\"potentialAction\":[{\"@type\":\"ReadAction\",\"target\":[\"https:\\\/\\\/www.vetorino.com\\\/boutique\\\/product\\\/corbeille-chat-wouapy-douillet\\\/\"]}]},{\"@type\":\"ImageObject\",\"inLanguage\":\"fr-FR\",\"@id\":\"https:\\\/\\\/www.vetorino.com\\\/boutique\\\/product\\\/corbeille-chat-wouapy-douillet\\\/#primaryimage\",\"url\":\"https:\\\/\\\/www.vetorino.com\\\/boutique\\\/wp-content\\\/uploads\\\/2024\\\/04\\\/panier-chausson-lit-douillet-wouapy-coloris-i.webp\",\"contentUrl\":\"https:\\\/\\\/www.vetorino.com\\\/boutique\\\/wp-content\\\/uploads\\\/2024\\\/04\\\/panier-chausson-lit-douillet-wouapy-coloris-i.webp\",\"width\":700,\"height\":700},{\"@type\":\"BreadcrumbList\",\"@id\":\"https:\\\/\\\/www.vetorino.com\\\/boutique\\\/product\\\/corbeille-chat-wouapy-douillet\\\/#breadcrumb\",\"itemListElement\":[{\"@type\":\"ListItem\",\"position\":1,\"name\":\"Accueil\",\"item\":\"https:\\\/\\\/www.vetorino.com\\\/boutique\\\/\"},{\"@type\":\"ListItem\",\"position\":2,\"name\":\"Produits\",\"item\":\"https:\\\/\\\/www.vetorino.com\\\/boutique\\\/\"},{\"@type\":\"ListItem\",\"position\":3,\"name\":\"Panier pour Chat Douillet\"}]},{\"@type\":\"WebSite\",\"@id\":\"https:\\\/\\\/www.vetorino.com\\\/boutique\\\/#website\",\"url\":\"https:\\\/\\\/www.vetorino.com\\\/boutique\\\/\",\"name\":\"V\u00e9torino\",\"description\":\"\",\"publisher\":{\"@id\":\"https:\\\/\\\/www.vetorino.com\\\/boutique\\\/#organization\"},\"potentialAction\":[{\"@type\":\"SearchAction\",\"target\":{\"@type\":\"EntryPoint\",\"urlTemplate\":\"https:\\\/\\\/www.vetorino.com\\\/boutique\\\/?s={search_term_string}\"},\"query-input\":{\"@type\":\"PropertyValueSpecification\",\"valueRequired\":true,\"valueName\":\"search_term_string\"}}],\"inLanguage\":\"fr-FR\"},{\"@type\":\"Organization\",\"@id\":\"https:\\\/\\\/www.vetorino.com\\\/boutique\\\/#organization\",\"name\":\"V\u00e9torino\",\"url\":\"https:\\\/\\\/www.vetorino.com\\\/boutique\\\/\",\"logo\":{\"@type\":\"ImageObject\",\"inLanguage\":\"fr-FR\",\"@id\":\"https:\\\/\\\/www.vetorino.com\\\/boutique\\\/#\\\/schema\\\/logo\\\/image\\\/\",\"url\":\"https:\\\/\\\/www.vetorino.com\\\/boutique\\\/wp-content\\\/uploads\\\/2024\\\/10\\\/logo.jpg\",\"contentUrl\":\"https:\\\/\\\/www.vetorino.com\\\/boutique\\\/wp-content\\\/uploads\\\/2024\\\/10\\\/logo.jpg\",\"width\":1200,\"height\":610,\"caption\":\"V\u00e9torino\"},\"image\":{\"@id\":\"https:\\\/\\\/www.vetorino.com\\\/boutique\\\/#\\\/schema\\\/logo\\\/image\\\/\"},\"sameAs\":[\"https:\\\/\\\/www.facebook.com\\\/Vetorino\\\/\",\"https:\\\/\\\/www.instagram.com\\\/vetorino_off\\\/\",\"https:\\\/\\\/www.linkedin.com\\\/company\\\/vtorino\\\/\"]}]}<\/script>\n<meta property=\"product:brand\" content=\"Wouapy\" \/>\n<meta property=\"product:price:amount\" content=\"25.95\" \/>\n<meta property=\"product:price:currency\" content=\"EUR\" \/>\n<meta property=\"og:availability\" content=\"out of stock\" \/>\n<meta property=\"product:availability\" content=\"out of stock\" \/>\n<meta property=\"product:retailer_item_id\" content=\"C-COR857\" \/>\n<meta property=\"product:condition\" content=\"new\" \/>\n<!-- \/ Yoast SEO plugin. -->","yoast_head_json":{"title":"Panier pour Chat Douillet Wouapy - V\u00e9torino","description":"Ce lit douillet vient enrichir la collection de couchages moelleux. Vous y retrouverez la ouate silicon\u00e9e, indispensable aux propri\u00e9t\u00e9s apaisantes de cette collection. Doux et douillet, il satisfera tous les animaux de compagnie. Ce lit douillet est pens\u00e9 pour les chats et les chiens qui aiment se cacher.","robots":{"index":"noindex","follow":"nofollow"},"og_locale":"fr_FR","og_type":"article","og_title":"Panier pour Chat Douillet Wouapy - V\u00e9torino","og_description":"Ce lit douillet vient enrichir la collection de couchages moelleux. Vous y retrouverez la ouate silicon\u00e9e, indispensable aux propri\u00e9t\u00e9s apaisantes de cette collection. Doux et douillet, il satisfera tous les animaux de compagnie. Ce lit douillet est pens\u00e9 pour les chats et les chiens qui aiment se cacher.","og_url":"https:\/\/www.vetorino.com\/veterinaire\/sucyenbrie-94370\/boutique\/product\/corbeille-chat-wouapy-douillet\/","og_site_name":"V\u00e9torino","article_publisher":"https:\/\/www.facebook.com\/Vetorino\/","article_modified_time":"2025-09-15T08:12:05+00:00","og_image":[{"width":700,"height":700,"url":"https:\/\/www.vetorino.com\/boutique\/wp-content\/uploads\/2024\/04\/panier-chausson-lit-douillet-wouapy-coloris-i.webp","type":"image\/webp"}],"twitter_card":"summary_large_image","twitter_misc":{"Prix":"25,95&euro;","Disponibilit\u00e9":"Rupture de stock"},"schema":{"@context":"https:\/\/schema.org","@graph":[{"@type":"WebPage","@id":"https:\/\/www.vetorino.com\/boutique\/product\/corbeille-chat-wouapy-douillet\/","url":"https:\/\/www.vetorino.com\/boutique\/product\/corbeille-chat-wouapy-douillet\/","name":"Panier pour Chat Douillet Wouapy - V\u00e9torino","isPartOf":{"@id":"https:\/\/www.vetorino.com\/boutique\/#website"},"primaryImageOfPage":{"@id":"https:\/\/www.vetorino.com\/boutique\/product\/corbeille-chat-wouapy-douillet\/#primaryimage"},"image":{"@id":"https:\/\/www.vetorino.com\/boutique\/product\/corbeille-chat-wouapy-douillet\/#primaryimage"},"thumbnailUrl":"https:\/\/www.vetorino.com\/boutique\/wp-content\/uploads\/2024\/04\/panier-chausson-lit-douillet-wouapy-coloris-i.webp","datePublished":"2024-04-26T15:37:57+00:00","dateModified":"2025-09-15T08:12:05+00:00","description":"Ce lit douillet vient enrichir la collection de couchages moelleux. Vous y retrouverez la ouate silicon\u00e9e, indispensable aux propri\u00e9t\u00e9s apaisantes de cette collection. Doux et douillet, il satisfera tous les animaux de compagnie. Ce lit douillet est pens\u00e9 pour les chats et les chiens qui aiment se cacher.","breadcrumb":{"@id":"https:\/\/www.vetorino.com\/boutique\/product\/corbeille-chat-wouapy-douillet\/#breadcrumb"},"inLanguage":"fr-FR","potentialAction":[{"@type":"ReadAction","target":["https:\/\/www.vetorino.com\/boutique\/product\/corbeille-chat-wouapy-douillet\/"]}]},{"@type":"ImageObject","inLanguage":"fr-FR","@id":"https:\/\/www.vetorino.com\/boutique\/product\/corbeille-chat-wouapy-douillet\/#primaryimage","url":"https:\/\/www.vetorino.com\/boutique\/wp-content\/uploads\/2024\/04\/panier-chausson-lit-douillet-wouapy-coloris-i.webp","contentUrl":"https:\/\/www.vetorino.com\/boutique\/wp-content\/uploads\/2024\/04\/panier-chausson-lit-douillet-wouapy-coloris-i.webp","width":700,"height":700},{"@type":"BreadcrumbList","@id":"https:\/\/www.vetorino.com\/boutique\/product\/corbeille-chat-wouapy-douillet\/#breadcrumb","itemListElement":[{"@type":"ListItem","position":1,"name":"Accueil","item":"https:\/\/www.vetorino.com\/boutique\/"},{"@type":"ListItem","position":2,"name":"Produits","item":"https:\/\/www.vetorino.com\/boutique\/"},{"@type":"ListItem","position":3,"name":"Panier pour Chat Douillet"}]},{"@type":"WebSite","@id":"https:\/\/www.vetorino.com\/boutique\/#website","url":"https:\/\/www.vetorino.com\/boutique\/","name":"V\u00e9torino","description":"","publisher":{"@id":"https:\/\/www.vetorino.com\/boutique\/#organization"},"potentialAction":[{"@type":"SearchAction","target":{"@type":"EntryPoint","urlTemplate":"https:\/\/www.vetorino.com\/boutique\/?s={search_term_string}"},"query-input":{"@type":"PropertyValueSpecification","valueRequired":true,"valueName":"search_term_string"}}],"inLanguage":"fr-FR"},{"@type":"Organization","@id":"https:\/\/www.vetorino.com\/boutique\/#organization","name":"V\u00e9torino","url":"https:\/\/www.vetorino.com\/boutique\/","logo":{"@type":"ImageObject","inLanguage":"fr-FR","@id":"https:\/\/www.vetorino.com\/boutique\/#\/schema\/logo\/image\/","url":"https:\/\/www.vetorino.com\/boutique\/wp-content\/uploads\/2024\/10\/logo.jpg","contentUrl":"https:\/\/www.vetorino.com\/boutique\/wp-content\/uploads\/2024\/10\/logo.jpg","width":1200,"height":610,"caption":"V\u00e9torino"},"image":{"@id":"https:\/\/www.vetorino.com\/boutique\/#\/schema\/logo\/image\/"},"sameAs":["https:\/\/www.facebook.com\/Vetorino\/","https:\/\/www.instagram.com\/vetorino_off\/","https:\/\/www.linkedin.com\/company\/vtorino\/"]}]},"product_brand":"Wouapy","product_price_amount":"25.95","product_price_currency":"EUR","og_availability":"out of stock","product_availability":"out of stock","product_retailer_item_id":"C-COR857","product_condition":"new"},"_links":{"self":[{"href":"https:\/\/www.vetorino.com\/veterinaire\/sucyenbrie-94370\/boutique\/wp-json\/wp\/v2\/product\/906319","targetHints":{"allow":["GET"]}}],"collection":[{"href":"https:\/\/www.vetorino.com\/veterinaire\/sucyenbrie-94370\/boutique\/wp-json\/wp\/v2\/product"}],"about":[{"href":"https:\/\/www.vetorino.com\/veterinaire\/sucyenbrie-94370\/boutique\/wp-json\/wp\/v2\/types\/product"}],"wp:featuredmedia":[{"embeddable":true,"href":"https:\/\/www.vetorino.com\/veterinaire\/sucyenbrie-94370\/boutique\/wp-json\/wp\/v2\/media\/908578"}],"wp:attachment":[{"href":"https:\/\/www.vetorino.com\/veterinaire\/sucyenbrie-94370\/boutique\/wp-json\/wp\/v2\/media?parent=906319"}],"wp:term":[{"taxonomy":"product_cat","embeddable":true,"href":"https:\/\/www.vetorino.com\/veterinaire\/sucyenbrie-94370\/boutique\/wp-json\/wp\/v2\/product_cat?post=906319"},{"taxonomy":"product_tag","embeddable":true,"href":"https:\/\/www.vetorino.com\/veterinaire\/sucyenbrie-94370\/boutique\/wp-json\/wp\/v2\/product_tag?post=906319"}],"curies":[{"name":"wp","href":"https:\/\/api.w.org\/{rel}","templated":true}]}}