{"id":96046,"date":"2020-06-29T17:30:05","date_gmt":"2020-06-29T15:30:05","guid":{"rendered":"https:\/\/www.vetorino.com\/boutique\/product\/ppvd-feline-ur-stox-urinary-poisson\/"},"modified":"2026-04-04T02:42:11","modified_gmt":"2026-04-04T00:42:11","slug":"ppvd-feline-ur-stox-urinary-poisson","status":"publish","type":"product","link":"https:\/\/www.vetorino.com\/veterinaire\/sucyenbrie-94370\/boutique\/product\/ppvd-feline-ur-stox-urinary-poisson\/","title":{"rendered":"Chat UR Urinary Poisson"},"content":{"rendered":"<p><strong>Purina Pro Plan VD Feline UR Poisson<\/strong> est un aliment complet pour les chats qui souffrent de troubles urinaires, permet une dissolution rapide des calculs de struvite et une gestion des r\u00e9cidives d&#8217;urolithiase, favorise l&#8217;absorption d&#8217;eau.<\/p>\n<p><strong>Utilisation :\u00a0<\/strong><\/p>\n<ul>\n<li>Chat souffrant de troubles urinaires<\/li>\n<\/ul>\n<p><strong>B\u00e9n\u00e9fices :\u00a0<\/strong><\/p>\n<ul>\n<li>Aident \u00e0 pr\u00e9venir la formation de calculs r\u00e9naux<\/li>\n<li>Aident \u00e0\u00a0dissoudre les calculs de struvite<\/li>\n<li>Favorisent l&#8217;absorption d&#8217;eau et augmentent le volume d&#8217;urine<\/li>\n<li>Acidifient l&#8217;urine<\/li>\n<\/ul>\n","protected":false},"excerpt":{"rendered":"<p><strong>Purina Pro Plan VD Feline UR Poisson<\/strong> est un aliment complet pour les chats qui souffrent de troubles urinaires, permet une dissolution rapide des calculs de struvite et une gestion des r\u00e9cidives d&#8217;urolithiase, favorise l&#8217;absorption d&#8217;eau.<\/p>\n<p><strong>Utilisation :\u00a0<\/strong><\/p>\n<ul>\n<li>Chat souffrant de troubles urinaires<\/li>\n<\/ul>\n","protected":false},"featured_media":654423,"template":"","meta":[],"product_cat":[12551,12581,2697],"product_tag":[],"class_list":{"0":"post-96046","1":"product","2":"type-product","3":"status-publish","4":"has-post-thumbnail","6":"product_cat-alimentation-du-chat","7":"product_cat-alimentation-medicalisee-pour-chat","8":"product_cat-chat","9":"pa_marque-purina","11":"first","12":"instock","13":"taxable","14":"shipping-taxable","15":"purchasable","16":"product-type-variable"},"yoast_head":"<!-- This site is optimized with the Yoast SEO plugin v27.3 - https:\/\/yoast.com\/product\/yoast-seo-wordpress\/ -->\n<title>Veterinary Diets (Purina Proplan) Chat UR Urinary Poisson Purina Pro Plan - V\u00e9torino<\/title>\n<meta name=\"description\" content=\"Purina Pro Plan VD Feline UR Poisson est un aliment complet pour les chats qui souffrent de troubles urinaires, permet une dissolution rapide des calculs de struvite et une gestion des r\u00e9cidives d&#039;urolithiase, favorise l&#039;absorption d&#039;eau.  Utilisation :\u00a0   Chat souffrant de troubles urinaires\" \/>\n<meta name=\"robots\" content=\"noindex, nofollow\" \/>\n<meta property=\"og:locale\" content=\"fr_FR\" \/>\n<meta property=\"og:type\" content=\"article\" \/>\n<meta property=\"og:title\" content=\"Veterinary Diets (Purina Proplan) Chat UR Urinary Poisson Purina Pro Plan - V\u00e9torino\" \/>\n<meta property=\"og:description\" content=\"Purina Pro Plan VD Feline UR Poisson est un aliment complet pour les chats qui souffrent de troubles urinaires, permet une dissolution rapide des calculs de struvite et une gestion des r\u00e9cidives d&#039;urolithiase, favorise l&#039;absorption d&#039;eau.  Utilisation :\u00a0   Chat souffrant de troubles urinaires\" \/>\n<meta property=\"og:url\" content=\"https:\/\/www.vetorino.com\/veterinaire\/sucyenbrie-94370\/boutique\/product\/ppvd-feline-ur-stox-urinary-poisson\/\" \/>\n<meta property=\"og:site_name\" content=\"V\u00e9torino\" \/>\n<meta property=\"article:publisher\" content=\"https:\/\/www.facebook.com\/Vetorino\/\" \/>\n<meta property=\"article:modified_time\" content=\"2026-04-04T00:42:11+00:00\" \/>\n<meta property=\"og:image\" content=\"https:\/\/www.vetorino.com\/boutique\/wp-content\/uploads\/2020\/03\/07613035160712_C1N1_44105135.jpg\" \/>\n\t<meta property=\"og:image:width\" content=\"625\" \/>\n\t<meta property=\"og:image:height\" content=\"625\" \/>\n\t<meta property=\"og:image:type\" content=\"image\/jpeg\" \/>\n<meta name=\"twitter:card\" content=\"summary_large_image\" \/>\n<meta name=\"twitter:label1\" content=\"Disponibilit\u00e9\" \/>\n\t<meta name=\"twitter:data1\" content=\"En stock\" \/>\n<script type=\"application\/ld+json\" class=\"yoast-schema-graph\">{\"@context\":\"https:\\\/\\\/schema.org\",\"@graph\":[{\"@type\":\"WebPage\",\"@id\":\"https:\\\/\\\/www.vetorino.com\\\/veterinaire\\\/briancon-05100\\\/boutique\\\/product\\\/ppvd-feline-ur-stox-urinary-poisson\\\/\",\"url\":\"https:\\\/\\\/www.vetorino.com\\\/veterinaire\\\/briancon-05100\\\/boutique\\\/product\\\/ppvd-feline-ur-stox-urinary-poisson\\\/\",\"name\":\"Veterinary Diets (Purina Proplan) Chat UR Urinary Poisson Purina Pro Plan - V\u00e9torino\",\"isPartOf\":{\"@id\":\"https:\\\/\\\/www.vetorino.com\\\/boutique\\\/#website\"},\"primaryImageOfPage\":{\"@id\":\"https:\\\/\\\/www.vetorino.com\\\/veterinaire\\\/briancon-05100\\\/boutique\\\/product\\\/ppvd-feline-ur-stox-urinary-poisson\\\/#primaryimage\"},\"image\":{\"@id\":\"https:\\\/\\\/www.vetorino.com\\\/veterinaire\\\/briancon-05100\\\/boutique\\\/product\\\/ppvd-feline-ur-stox-urinary-poisson\\\/#primaryimage\"},\"thumbnailUrl\":\"https:\\\/\\\/www.vetorino.com\\\/boutique\\\/wp-content\\\/uploads\\\/2020\\\/03\\\/07613035160712_C1N1_44105135.jpg\",\"datePublished\":\"2020-06-29T15:30:05+00:00\",\"dateModified\":\"2026-04-04T00:42:11+00:00\",\"description\":\"Purina Pro Plan VD Feline UR Poisson est un aliment complet pour les chats qui souffrent de troubles urinaires, permet une dissolution rapide des calculs de struvite et une gestion des r\u00e9cidives d'urolithiase, favorise l'absorption d'eau. Utilisation :\u00a0 Chat souffrant de troubles urinaires\",\"breadcrumb\":{\"@id\":\"https:\\\/\\\/www.vetorino.com\\\/veterinaire\\\/briancon-05100\\\/boutique\\\/product\\\/ppvd-feline-ur-stox-urinary-poisson\\\/#breadcrumb\"},\"inLanguage\":\"fr-FR\",\"potentialAction\":[{\"@type\":\"ReadAction\",\"target\":[\"https:\\\/\\\/www.vetorino.com\\\/veterinaire\\\/briancon-05100\\\/boutique\\\/product\\\/ppvd-feline-ur-stox-urinary-poisson\\\/\"]}]},{\"@type\":\"ImageObject\",\"inLanguage\":\"fr-FR\",\"@id\":\"https:\\\/\\\/www.vetorino.com\\\/veterinaire\\\/briancon-05100\\\/boutique\\\/product\\\/ppvd-feline-ur-stox-urinary-poisson\\\/#primaryimage\",\"url\":\"https:\\\/\\\/www.vetorino.com\\\/boutique\\\/wp-content\\\/uploads\\\/2020\\\/03\\\/07613035160712_C1N1_44105135.jpg\",\"contentUrl\":\"https:\\\/\\\/www.vetorino.com\\\/boutique\\\/wp-content\\\/uploads\\\/2020\\\/03\\\/07613035160712_C1N1_44105135.jpg\",\"width\":625,\"height\":625,\"caption\":\"ArtPro Normalized PDF\"},{\"@type\":\"BreadcrumbList\",\"@id\":\"https:\\\/\\\/www.vetorino.com\\\/veterinaire\\\/briancon-05100\\\/boutique\\\/product\\\/ppvd-feline-ur-stox-urinary-poisson\\\/#breadcrumb\",\"itemListElement\":[{\"@type\":\"ListItem\",\"position\":1,\"name\":\"Accueil\",\"item\":\"https:\\\/\\\/www.vetorino.com\\\/boutique\\\/\"},{\"@type\":\"ListItem\",\"position\":2,\"name\":\"Produits\",\"item\":\"https:\\\/\\\/www.vetorino.com\\\/boutique\\\/\"},{\"@type\":\"ListItem\",\"position\":3,\"name\":\"Chat UR Urinary Poisson\"}]},{\"@type\":\"WebSite\",\"@id\":\"https:\\\/\\\/www.vetorino.com\\\/boutique\\\/#website\",\"url\":\"https:\\\/\\\/www.vetorino.com\\\/boutique\\\/\",\"name\":\"V\u00e9torino\",\"description\":\"\",\"publisher\":{\"@id\":\"https:\\\/\\\/www.vetorino.com\\\/boutique\\\/#organization\"},\"potentialAction\":[{\"@type\":\"SearchAction\",\"target\":{\"@type\":\"EntryPoint\",\"urlTemplate\":\"https:\\\/\\\/www.vetorino.com\\\/boutique\\\/?s={search_term_string}\"},\"query-input\":{\"@type\":\"PropertyValueSpecification\",\"valueRequired\":true,\"valueName\":\"search_term_string\"}}],\"inLanguage\":\"fr-FR\"},{\"@type\":\"Organization\",\"@id\":\"https:\\\/\\\/www.vetorino.com\\\/boutique\\\/#organization\",\"name\":\"V\u00e9torino\",\"url\":\"https:\\\/\\\/www.vetorino.com\\\/boutique\\\/\",\"logo\":{\"@type\":\"ImageObject\",\"inLanguage\":\"fr-FR\",\"@id\":\"https:\\\/\\\/www.vetorino.com\\\/boutique\\\/#\\\/schema\\\/logo\\\/image\\\/\",\"url\":\"https:\\\/\\\/www.vetorino.com\\\/boutique\\\/wp-content\\\/uploads\\\/2024\\\/10\\\/logo.jpg\",\"contentUrl\":\"https:\\\/\\\/www.vetorino.com\\\/boutique\\\/wp-content\\\/uploads\\\/2024\\\/10\\\/logo.jpg\",\"width\":1200,\"height\":610,\"caption\":\"V\u00e9torino\"},\"image\":{\"@id\":\"https:\\\/\\\/www.vetorino.com\\\/boutique\\\/#\\\/schema\\\/logo\\\/image\\\/\"},\"sameAs\":[\"https:\\\/\\\/www.facebook.com\\\/Vetorino\\\/\",\"https:\\\/\\\/www.instagram.com\\\/vetorino_off\\\/\",\"https:\\\/\\\/www.linkedin.com\\\/company\\\/vtorino\\\/\"]}]}<\/script>\n<meta property=\"product:brand\" content=\"Purina Pro Plan\" \/>\n<meta property=\"og:availability\" content=\"instock\" \/>\n<meta property=\"product:availability\" content=\"instock\" \/>\n<meta property=\"product:condition\" content=\"new\" \/>\n<!-- \/ Yoast SEO plugin. -->","yoast_head_json":{"title":"Veterinary Diets (Purina Proplan) Chat UR Urinary Poisson Purina Pro Plan - V\u00e9torino","description":"Purina Pro Plan VD Feline UR Poisson est un aliment complet pour les chats qui souffrent de troubles urinaires, permet une dissolution rapide des calculs de struvite et une gestion des r\u00e9cidives d'urolithiase, favorise l'absorption d'eau.  Utilisation :\u00a0   Chat souffrant de troubles urinaires","robots":{"index":"noindex","follow":"nofollow"},"og_locale":"fr_FR","og_type":"article","og_title":"Veterinary Diets (Purina Proplan) Chat UR Urinary Poisson Purina Pro Plan - V\u00e9torino","og_description":"Purina Pro Plan VD Feline UR Poisson est un aliment complet pour les chats qui souffrent de troubles urinaires, permet une dissolution rapide des calculs de struvite et une gestion des r\u00e9cidives d'urolithiase, favorise l'absorption d'eau.  Utilisation :\u00a0   Chat souffrant de troubles urinaires","og_url":"https:\/\/www.vetorino.com\/veterinaire\/sucyenbrie-94370\/boutique\/product\/ppvd-feline-ur-stox-urinary-poisson\/","og_site_name":"V\u00e9torino","article_publisher":"https:\/\/www.facebook.com\/Vetorino\/","article_modified_time":"2026-04-04T00:42:11+00:00","og_image":[{"width":625,"height":625,"url":"https:\/\/www.vetorino.com\/boutique\/wp-content\/uploads\/2020\/03\/07613035160712_C1N1_44105135.jpg","type":"image\/jpeg"}],"twitter_card":"summary_large_image","twitter_misc":{"Disponibilit\u00e9":"En stock"},"schema":{"@context":"https:\/\/schema.org","@graph":[{"@type":"WebPage","@id":"https:\/\/www.vetorino.com\/veterinaire\/briancon-05100\/boutique\/product\/ppvd-feline-ur-stox-urinary-poisson\/","url":"https:\/\/www.vetorino.com\/veterinaire\/briancon-05100\/boutique\/product\/ppvd-feline-ur-stox-urinary-poisson\/","name":"Veterinary Diets (Purina Proplan) Chat UR Urinary Poisson Purina Pro Plan - V\u00e9torino","isPartOf":{"@id":"https:\/\/www.vetorino.com\/boutique\/#website"},"primaryImageOfPage":{"@id":"https:\/\/www.vetorino.com\/veterinaire\/briancon-05100\/boutique\/product\/ppvd-feline-ur-stox-urinary-poisson\/#primaryimage"},"image":{"@id":"https:\/\/www.vetorino.com\/veterinaire\/briancon-05100\/boutique\/product\/ppvd-feline-ur-stox-urinary-poisson\/#primaryimage"},"thumbnailUrl":"https:\/\/www.vetorino.com\/boutique\/wp-content\/uploads\/2020\/03\/07613035160712_C1N1_44105135.jpg","datePublished":"2020-06-29T15:30:05+00:00","dateModified":"2026-04-04T00:42:11+00:00","description":"Purina Pro Plan VD Feline UR Poisson est un aliment complet pour les chats qui souffrent de troubles urinaires, permet une dissolution rapide des calculs de struvite et une gestion des r\u00e9cidives d'urolithiase, favorise l'absorption d'eau. Utilisation :\u00a0 Chat souffrant de troubles urinaires","breadcrumb":{"@id":"https:\/\/www.vetorino.com\/veterinaire\/briancon-05100\/boutique\/product\/ppvd-feline-ur-stox-urinary-poisson\/#breadcrumb"},"inLanguage":"fr-FR","potentialAction":[{"@type":"ReadAction","target":["https:\/\/www.vetorino.com\/veterinaire\/briancon-05100\/boutique\/product\/ppvd-feline-ur-stox-urinary-poisson\/"]}]},{"@type":"ImageObject","inLanguage":"fr-FR","@id":"https:\/\/www.vetorino.com\/veterinaire\/briancon-05100\/boutique\/product\/ppvd-feline-ur-stox-urinary-poisson\/#primaryimage","url":"https:\/\/www.vetorino.com\/boutique\/wp-content\/uploads\/2020\/03\/07613035160712_C1N1_44105135.jpg","contentUrl":"https:\/\/www.vetorino.com\/boutique\/wp-content\/uploads\/2020\/03\/07613035160712_C1N1_44105135.jpg","width":625,"height":625,"caption":"ArtPro Normalized PDF"},{"@type":"BreadcrumbList","@id":"https:\/\/www.vetorino.com\/veterinaire\/briancon-05100\/boutique\/product\/ppvd-feline-ur-stox-urinary-poisson\/#breadcrumb","itemListElement":[{"@type":"ListItem","position":1,"name":"Accueil","item":"https:\/\/www.vetorino.com\/boutique\/"},{"@type":"ListItem","position":2,"name":"Produits","item":"https:\/\/www.vetorino.com\/boutique\/"},{"@type":"ListItem","position":3,"name":"Chat UR Urinary Poisson"}]},{"@type":"WebSite","@id":"https:\/\/www.vetorino.com\/boutique\/#website","url":"https:\/\/www.vetorino.com\/boutique\/","name":"V\u00e9torino","description":"","publisher":{"@id":"https:\/\/www.vetorino.com\/boutique\/#organization"},"potentialAction":[{"@type":"SearchAction","target":{"@type":"EntryPoint","urlTemplate":"https:\/\/www.vetorino.com\/boutique\/?s={search_term_string}"},"query-input":{"@type":"PropertyValueSpecification","valueRequired":true,"valueName":"search_term_string"}}],"inLanguage":"fr-FR"},{"@type":"Organization","@id":"https:\/\/www.vetorino.com\/boutique\/#organization","name":"V\u00e9torino","url":"https:\/\/www.vetorino.com\/boutique\/","logo":{"@type":"ImageObject","inLanguage":"fr-FR","@id":"https:\/\/www.vetorino.com\/boutique\/#\/schema\/logo\/image\/","url":"https:\/\/www.vetorino.com\/boutique\/wp-content\/uploads\/2024\/10\/logo.jpg","contentUrl":"https:\/\/www.vetorino.com\/boutique\/wp-content\/uploads\/2024\/10\/logo.jpg","width":1200,"height":610,"caption":"V\u00e9torino"},"image":{"@id":"https:\/\/www.vetorino.com\/boutique\/#\/schema\/logo\/image\/"},"sameAs":["https:\/\/www.facebook.com\/Vetorino\/","https:\/\/www.instagram.com\/vetorino_off\/","https:\/\/www.linkedin.com\/company\/vtorino\/"]}]},"product_brand":"Purina Pro Plan","og_availability":"instock","product_availability":"instock","product_condition":"new"},"_links":{"self":[{"href":"https:\/\/www.vetorino.com\/veterinaire\/sucyenbrie-94370\/boutique\/wp-json\/wp\/v2\/product\/96046","targetHints":{"allow":["GET"]}}],"collection":[{"href":"https:\/\/www.vetorino.com\/veterinaire\/sucyenbrie-94370\/boutique\/wp-json\/wp\/v2\/product"}],"about":[{"href":"https:\/\/www.vetorino.com\/veterinaire\/sucyenbrie-94370\/boutique\/wp-json\/wp\/v2\/types\/product"}],"wp:featuredmedia":[{"embeddable":true,"href":"https:\/\/www.vetorino.com\/veterinaire\/sucyenbrie-94370\/boutique\/wp-json\/wp\/v2\/media\/654423"}],"wp:attachment":[{"href":"https:\/\/www.vetorino.com\/veterinaire\/sucyenbrie-94370\/boutique\/wp-json\/wp\/v2\/media?parent=96046"}],"wp:term":[{"taxonomy":"product_cat","embeddable":true,"href":"https:\/\/www.vetorino.com\/veterinaire\/sucyenbrie-94370\/boutique\/wp-json\/wp\/v2\/product_cat?post=96046"},{"taxonomy":"product_tag","embeddable":true,"href":"https:\/\/www.vetorino.com\/veterinaire\/sucyenbrie-94370\/boutique\/wp-json\/wp\/v2\/product_tag?post=96046"}],"curies":[{"name":"wp","href":"https:\/\/api.w.org\/{rel}","templated":true}]}}