{"id":96526,"date":"2020-06-29T17:43:57","date_gmt":"2020-06-29T15:43:57","guid":{"rendered":"https:\/\/www.vetorino.com\/boutique\/product\/gamelle-anti-glouton-beonebreed\/"},"modified":"2024-10-17T09:42:06","modified_gmt":"2024-10-17T07:42:06","slug":"gamelle-anti-glouton-beonebreed","status":"publish","type":"product","link":"https:\/\/www.vetorino.com\/veterinaire\/sucyenbrie-94370\/boutique\/product\/gamelle-anti-glouton-beonebreed\/","title":{"rendered":"Gamelle anti-glouton BeOneBreed"},"content":{"rendered":"<div class=\"hidden\">MATERIEL<\/div>\n<div class=\"hidden\">Chiens<\/div>\n<p>Une gamelle originale et amusante avec son d\u00e9coupage int\u00e9rieur en forme de t\u00eate de chien !<br \/>\nSp\u00e9cialement con\u00e7ue pour encourager votre chien \u00e0 manger moins vite, et donc d\u2019avaler moins d\u2019air, d\u2019o\u00f9 une meilleure digestion.<br \/>\nDe plus, il aide \u00e0 pr\u00e9venir l\u2019anxi\u00e9t\u00e9 et les probl\u00e8mes d\u2019ob\u00e9sit\u00e9.<\/p>\n","protected":false},"excerpt":{"rendered":"<p>Be One Breed a cr\u00e9\u00e9 un Bol mod\u00e9rateur qui permet \u00e0 votre animal d\u2019appr\u00e9cier ses repas plus longuement et de fa\u00e7on d\u00e9tendue. Non seulement il am\u00e9liore l\u2019absorption des nutriments, mais il pr\u00e9vient les indigestions et les ballonnements pouvant le rendre inconfortable. De plus, il aide \u00e0 pr\u00e9venir l\u2019anxi\u00e9t\u00e9 et les probl\u00e8mes d\u2019ob\u00e9sit\u00e9.<\/p>\n","protected":false},"featured_media":621004,"template":"","meta":[],"product_cat":[12550,2698,12607],"product_tag":[],"class_list":{"0":"post-96526","1":"product","2":"type-product","3":"status-publish","4":"has-post-thumbnail","6":"product_cat-accessoires-du-chien","7":"product_cat-chien","8":"product_cat-gamelles-pour-chien","9":"pa_marque-beonebreed","11":"first","12":"instock","13":"taxable","14":"shipping-taxable","15":"purchasable","16":"product-type-variable"},"yoast_head":"<!-- This site is optimized with the Yoast SEO plugin v27.3 - https:\/\/yoast.com\/product\/yoast-seo-wordpress\/ -->\n<title>Gamelle anti-glouton BeOneBreed BeOneBreed - V\u00e9torino<\/title>\n<meta name=\"description\" content=\"Be One Breed a cr\u00e9\u00e9 un Bol mod\u00e9rateur qui permet \u00e0 votre animal d\u2019appr\u00e9cier ses repas plus longuement et de fa\u00e7on d\u00e9tendue. Non seulement il am\u00e9liore l\u2019absorption des nutriments, mais il pr\u00e9vient les indigestions et les ballonnements pouvant le rendre inconfortable. De plus, il aide \u00e0 pr\u00e9venir l\u2019anxi\u00e9t\u00e9 et les probl\u00e8mes d\u2019ob\u00e9sit\u00e9.\" \/>\n<meta name=\"robots\" content=\"noindex, nofollow\" \/>\n<meta property=\"og:locale\" content=\"fr_FR\" \/>\n<meta property=\"og:type\" content=\"article\" \/>\n<meta property=\"og:title\" content=\"Gamelle anti-glouton BeOneBreed BeOneBreed - V\u00e9torino\" \/>\n<meta property=\"og:description\" content=\"Be One Breed a cr\u00e9\u00e9 un Bol mod\u00e9rateur qui permet \u00e0 votre animal d\u2019appr\u00e9cier ses repas plus longuement et de fa\u00e7on d\u00e9tendue. Non seulement il am\u00e9liore l\u2019absorption des nutriments, mais il pr\u00e9vient les indigestions et les ballonnements pouvant le rendre inconfortable. De plus, il aide \u00e0 pr\u00e9venir l\u2019anxi\u00e9t\u00e9 et les probl\u00e8mes d\u2019ob\u00e9sit\u00e9.\" \/>\n<meta property=\"og:url\" content=\"https:\/\/www.vetorino.com\/veterinaire\/sucyenbrie-94370\/boutique\/product\/gamelle-anti-glouton-beonebreed\/\" \/>\n<meta property=\"og:site_name\" content=\"V\u00e9torino\" \/>\n<meta property=\"article:publisher\" content=\"https:\/\/www.facebook.com\/Vetorino\/\" \/>\n<meta property=\"article:modified_time\" content=\"2024-10-17T07:42:06+00:00\" \/>\n<meta property=\"og:image\" content=\"https:\/\/www.vetorino.com\/boutique\/wp-content\/uploads\/2020\/06\/0_full-2.jpg\" \/>\n\t<meta property=\"og:image:width\" content=\"1080\" \/>\n\t<meta property=\"og:image:height\" content=\"823\" \/>\n\t<meta property=\"og:image:type\" content=\"image\/jpeg\" \/>\n<meta name=\"twitter:card\" content=\"summary_large_image\" \/>\n<meta name=\"twitter:label1\" content=\"Disponibilit\u00e9\" \/>\n\t<meta name=\"twitter:data1\" content=\"En stock\" \/>\n<script type=\"application\/ld+json\" class=\"yoast-schema-graph\">{\"@context\":\"https:\\\/\\\/schema.org\",\"@graph\":[{\"@type\":\"WebPage\",\"@id\":\"https:\\\/\\\/www.vetorino.com\\\/boutique\\\/product\\\/gamelle-anti-glouton-beonebreed\\\/\",\"url\":\"https:\\\/\\\/www.vetorino.com\\\/boutique\\\/product\\\/gamelle-anti-glouton-beonebreed\\\/\",\"name\":\"Gamelle anti-glouton BeOneBreed BeOneBreed - V\u00e9torino\",\"isPartOf\":{\"@id\":\"https:\\\/\\\/www.vetorino.com\\\/boutique\\\/#website\"},\"primaryImageOfPage\":{\"@id\":\"https:\\\/\\\/www.vetorino.com\\\/boutique\\\/product\\\/gamelle-anti-glouton-beonebreed\\\/#primaryimage\"},\"image\":{\"@id\":\"https:\\\/\\\/www.vetorino.com\\\/boutique\\\/product\\\/gamelle-anti-glouton-beonebreed\\\/#primaryimage\"},\"thumbnailUrl\":\"https:\\\/\\\/www.vetorino.com\\\/boutique\\\/wp-content\\\/uploads\\\/2020\\\/06\\\/0_full-2.jpg\",\"datePublished\":\"2020-06-29T15:43:57+00:00\",\"dateModified\":\"2024-10-17T07:42:06+00:00\",\"description\":\"Be One Breed a cr\u00e9\u00e9 un Bol mod\u00e9rateur qui permet \u00e0 votre animal d\u2019appr\u00e9cier ses repas plus longuement et de fa\u00e7on d\u00e9tendue. Non seulement il am\u00e9liore l\u2019absorption des nutriments, mais il pr\u00e9vient les indigestions et les ballonnements pouvant le rendre inconfortable. De plus, il aide \u00e0 pr\u00e9venir l\u2019anxi\u00e9t\u00e9 et les probl\u00e8mes d\u2019ob\u00e9sit\u00e9.\",\"breadcrumb\":{\"@id\":\"https:\\\/\\\/www.vetorino.com\\\/boutique\\\/product\\\/gamelle-anti-glouton-beonebreed\\\/#breadcrumb\"},\"inLanguage\":\"fr-FR\",\"potentialAction\":[{\"@type\":\"ReadAction\",\"target\":[\"https:\\\/\\\/www.vetorino.com\\\/boutique\\\/product\\\/gamelle-anti-glouton-beonebreed\\\/\"]}]},{\"@type\":\"ImageObject\",\"inLanguage\":\"fr-FR\",\"@id\":\"https:\\\/\\\/www.vetorino.com\\\/boutique\\\/product\\\/gamelle-anti-glouton-beonebreed\\\/#primaryimage\",\"url\":\"https:\\\/\\\/www.vetorino.com\\\/boutique\\\/wp-content\\\/uploads\\\/2020\\\/06\\\/0_full-2.jpg\",\"contentUrl\":\"https:\\\/\\\/www.vetorino.com\\\/boutique\\\/wp-content\\\/uploads\\\/2020\\\/06\\\/0_full-2.jpg\",\"width\":1080,\"height\":823},{\"@type\":\"BreadcrumbList\",\"@id\":\"https:\\\/\\\/www.vetorino.com\\\/boutique\\\/product\\\/gamelle-anti-glouton-beonebreed\\\/#breadcrumb\",\"itemListElement\":[{\"@type\":\"ListItem\",\"position\":1,\"name\":\"Accueil\",\"item\":\"https:\\\/\\\/www.vetorino.com\\\/boutique\\\/\"},{\"@type\":\"ListItem\",\"position\":2,\"name\":\"Produits\",\"item\":\"https:\\\/\\\/www.vetorino.com\\\/boutique\\\/\"},{\"@type\":\"ListItem\",\"position\":3,\"name\":\"Gamelle anti-glouton BeOneBreed\"}]},{\"@type\":\"WebSite\",\"@id\":\"https:\\\/\\\/www.vetorino.com\\\/boutique\\\/#website\",\"url\":\"https:\\\/\\\/www.vetorino.com\\\/boutique\\\/\",\"name\":\"V\u00e9torino\",\"description\":\"\",\"publisher\":{\"@id\":\"https:\\\/\\\/www.vetorino.com\\\/boutique\\\/#organization\"},\"potentialAction\":[{\"@type\":\"SearchAction\",\"target\":{\"@type\":\"EntryPoint\",\"urlTemplate\":\"https:\\\/\\\/www.vetorino.com\\\/boutique\\\/?s={search_term_string}\"},\"query-input\":{\"@type\":\"PropertyValueSpecification\",\"valueRequired\":true,\"valueName\":\"search_term_string\"}}],\"inLanguage\":\"fr-FR\"},{\"@type\":\"Organization\",\"@id\":\"https:\\\/\\\/www.vetorino.com\\\/boutique\\\/#organization\",\"name\":\"V\u00e9torino\",\"url\":\"https:\\\/\\\/www.vetorino.com\\\/boutique\\\/\",\"logo\":{\"@type\":\"ImageObject\",\"inLanguage\":\"fr-FR\",\"@id\":\"https:\\\/\\\/www.vetorino.com\\\/boutique\\\/#\\\/schema\\\/logo\\\/image\\\/\",\"url\":\"https:\\\/\\\/www.vetorino.com\\\/boutique\\\/wp-content\\\/uploads\\\/2024\\\/10\\\/logo.jpg\",\"contentUrl\":\"https:\\\/\\\/www.vetorino.com\\\/boutique\\\/wp-content\\\/uploads\\\/2024\\\/10\\\/logo.jpg\",\"width\":1200,\"height\":610,\"caption\":\"V\u00e9torino\"},\"image\":{\"@id\":\"https:\\\/\\\/www.vetorino.com\\\/boutique\\\/#\\\/schema\\\/logo\\\/image\\\/\"},\"sameAs\":[\"https:\\\/\\\/www.facebook.com\\\/Vetorino\\\/\",\"https:\\\/\\\/www.instagram.com\\\/vetorino_off\\\/\",\"https:\\\/\\\/www.linkedin.com\\\/company\\\/vtorino\\\/\"]}]}<\/script>\n<meta property=\"product:brand\" content=\"BeOneBreed\" \/>\n<meta property=\"og:availability\" content=\"instock\" \/>\n<meta property=\"product:availability\" content=\"instock\" \/>\n<meta property=\"product:condition\" content=\"new\" \/>\n<!-- \/ Yoast SEO plugin. -->","yoast_head_json":{"title":"Gamelle anti-glouton BeOneBreed BeOneBreed - V\u00e9torino","description":"Be One Breed a cr\u00e9\u00e9 un Bol mod\u00e9rateur qui permet \u00e0 votre animal d\u2019appr\u00e9cier ses repas plus longuement et de fa\u00e7on d\u00e9tendue. Non seulement il am\u00e9liore l\u2019absorption des nutriments, mais il pr\u00e9vient les indigestions et les ballonnements pouvant le rendre inconfortable. De plus, il aide \u00e0 pr\u00e9venir l\u2019anxi\u00e9t\u00e9 et les probl\u00e8mes d\u2019ob\u00e9sit\u00e9.","robots":{"index":"noindex","follow":"nofollow"},"og_locale":"fr_FR","og_type":"article","og_title":"Gamelle anti-glouton BeOneBreed BeOneBreed - V\u00e9torino","og_description":"Be One Breed a cr\u00e9\u00e9 un Bol mod\u00e9rateur qui permet \u00e0 votre animal d\u2019appr\u00e9cier ses repas plus longuement et de fa\u00e7on d\u00e9tendue. Non seulement il am\u00e9liore l\u2019absorption des nutriments, mais il pr\u00e9vient les indigestions et les ballonnements pouvant le rendre inconfortable. De plus, il aide \u00e0 pr\u00e9venir l\u2019anxi\u00e9t\u00e9 et les probl\u00e8mes d\u2019ob\u00e9sit\u00e9.","og_url":"https:\/\/www.vetorino.com\/veterinaire\/sucyenbrie-94370\/boutique\/product\/gamelle-anti-glouton-beonebreed\/","og_site_name":"V\u00e9torino","article_publisher":"https:\/\/www.facebook.com\/Vetorino\/","article_modified_time":"2024-10-17T07:42:06+00:00","og_image":[{"width":1080,"height":823,"url":"https:\/\/www.vetorino.com\/boutique\/wp-content\/uploads\/2020\/06\/0_full-2.jpg","type":"image\/jpeg"}],"twitter_card":"summary_large_image","twitter_misc":{"Disponibilit\u00e9":"En stock"},"schema":{"@context":"https:\/\/schema.org","@graph":[{"@type":"WebPage","@id":"https:\/\/www.vetorino.com\/boutique\/product\/gamelle-anti-glouton-beonebreed\/","url":"https:\/\/www.vetorino.com\/boutique\/product\/gamelle-anti-glouton-beonebreed\/","name":"Gamelle anti-glouton BeOneBreed BeOneBreed - V\u00e9torino","isPartOf":{"@id":"https:\/\/www.vetorino.com\/boutique\/#website"},"primaryImageOfPage":{"@id":"https:\/\/www.vetorino.com\/boutique\/product\/gamelle-anti-glouton-beonebreed\/#primaryimage"},"image":{"@id":"https:\/\/www.vetorino.com\/boutique\/product\/gamelle-anti-glouton-beonebreed\/#primaryimage"},"thumbnailUrl":"https:\/\/www.vetorino.com\/boutique\/wp-content\/uploads\/2020\/06\/0_full-2.jpg","datePublished":"2020-06-29T15:43:57+00:00","dateModified":"2024-10-17T07:42:06+00:00","description":"Be One Breed a cr\u00e9\u00e9 un Bol mod\u00e9rateur qui permet \u00e0 votre animal d\u2019appr\u00e9cier ses repas plus longuement et de fa\u00e7on d\u00e9tendue. Non seulement il am\u00e9liore l\u2019absorption des nutriments, mais il pr\u00e9vient les indigestions et les ballonnements pouvant le rendre inconfortable. De plus, il aide \u00e0 pr\u00e9venir l\u2019anxi\u00e9t\u00e9 et les probl\u00e8mes d\u2019ob\u00e9sit\u00e9.","breadcrumb":{"@id":"https:\/\/www.vetorino.com\/boutique\/product\/gamelle-anti-glouton-beonebreed\/#breadcrumb"},"inLanguage":"fr-FR","potentialAction":[{"@type":"ReadAction","target":["https:\/\/www.vetorino.com\/boutique\/product\/gamelle-anti-glouton-beonebreed\/"]}]},{"@type":"ImageObject","inLanguage":"fr-FR","@id":"https:\/\/www.vetorino.com\/boutique\/product\/gamelle-anti-glouton-beonebreed\/#primaryimage","url":"https:\/\/www.vetorino.com\/boutique\/wp-content\/uploads\/2020\/06\/0_full-2.jpg","contentUrl":"https:\/\/www.vetorino.com\/boutique\/wp-content\/uploads\/2020\/06\/0_full-2.jpg","width":1080,"height":823},{"@type":"BreadcrumbList","@id":"https:\/\/www.vetorino.com\/boutique\/product\/gamelle-anti-glouton-beonebreed\/#breadcrumb","itemListElement":[{"@type":"ListItem","position":1,"name":"Accueil","item":"https:\/\/www.vetorino.com\/boutique\/"},{"@type":"ListItem","position":2,"name":"Produits","item":"https:\/\/www.vetorino.com\/boutique\/"},{"@type":"ListItem","position":3,"name":"Gamelle anti-glouton BeOneBreed"}]},{"@type":"WebSite","@id":"https:\/\/www.vetorino.com\/boutique\/#website","url":"https:\/\/www.vetorino.com\/boutique\/","name":"V\u00e9torino","description":"","publisher":{"@id":"https:\/\/www.vetorino.com\/boutique\/#organization"},"potentialAction":[{"@type":"SearchAction","target":{"@type":"EntryPoint","urlTemplate":"https:\/\/www.vetorino.com\/boutique\/?s={search_term_string}"},"query-input":{"@type":"PropertyValueSpecification","valueRequired":true,"valueName":"search_term_string"}}],"inLanguage":"fr-FR"},{"@type":"Organization","@id":"https:\/\/www.vetorino.com\/boutique\/#organization","name":"V\u00e9torino","url":"https:\/\/www.vetorino.com\/boutique\/","logo":{"@type":"ImageObject","inLanguage":"fr-FR","@id":"https:\/\/www.vetorino.com\/boutique\/#\/schema\/logo\/image\/","url":"https:\/\/www.vetorino.com\/boutique\/wp-content\/uploads\/2024\/10\/logo.jpg","contentUrl":"https:\/\/www.vetorino.com\/boutique\/wp-content\/uploads\/2024\/10\/logo.jpg","width":1200,"height":610,"caption":"V\u00e9torino"},"image":{"@id":"https:\/\/www.vetorino.com\/boutique\/#\/schema\/logo\/image\/"},"sameAs":["https:\/\/www.facebook.com\/Vetorino\/","https:\/\/www.instagram.com\/vetorino_off\/","https:\/\/www.linkedin.com\/company\/vtorino\/"]}]},"product_brand":"BeOneBreed","og_availability":"instock","product_availability":"instock","product_condition":"new"},"_links":{"self":[{"href":"https:\/\/www.vetorino.com\/veterinaire\/sucyenbrie-94370\/boutique\/wp-json\/wp\/v2\/product\/96526","targetHints":{"allow":["GET"]}}],"collection":[{"href":"https:\/\/www.vetorino.com\/veterinaire\/sucyenbrie-94370\/boutique\/wp-json\/wp\/v2\/product"}],"about":[{"href":"https:\/\/www.vetorino.com\/veterinaire\/sucyenbrie-94370\/boutique\/wp-json\/wp\/v2\/types\/product"}],"wp:featuredmedia":[{"embeddable":true,"href":"https:\/\/www.vetorino.com\/veterinaire\/sucyenbrie-94370\/boutique\/wp-json\/wp\/v2\/media\/621004"}],"wp:attachment":[{"href":"https:\/\/www.vetorino.com\/veterinaire\/sucyenbrie-94370\/boutique\/wp-json\/wp\/v2\/media?parent=96526"}],"wp:term":[{"taxonomy":"product_cat","embeddable":true,"href":"https:\/\/www.vetorino.com\/veterinaire\/sucyenbrie-94370\/boutique\/wp-json\/wp\/v2\/product_cat?post=96526"},{"taxonomy":"product_tag","embeddable":true,"href":"https:\/\/www.vetorino.com\/veterinaire\/sucyenbrie-94370\/boutique\/wp-json\/wp\/v2\/product_tag?post=96526"}],"curies":[{"name":"wp","href":"https:\/\/api.w.org\/{rel}","templated":true}]}}