{"id":98256,"date":"2020-06-30T00:58:31","date_gmt":"2020-06-29T22:58:31","guid":{"rendered":"https:\/\/www.vetorino.com\/boutique\/product\/jouet-chien-trixie-denta-fun-ball\/"},"modified":"2026-03-27T02:42:11","modified_gmt":"2026-03-27T01:42:11","slug":"jouet-chien-trixie-denta-fun-ball","status":"publish","type":"product","link":"https:\/\/www.vetorino.com\/veterinaire\/sucyenbrie-94370\/boutique\/product\/jouet-chien-trixie-denta-fun-ball\/","title":{"rendered":"Jouet chien Trixie : Denta Fun Ball"},"content":{"rendered":"<p>Jouet en caoutchouc naturel, go\u00fbt menthe pour votre chien.<br \/>\nCachez des friandises entre les picots et dans le trou central, votre chien va l&#8217;adorer ! Les picots aident \u00e0 nettoyer les dents et massent les gencives.<\/p>\n","protected":false},"excerpt":{"rendered":"<p>Alliez l&#8217;utile \u00e0 l&#8217;agr\u00e9able en offrant \u00e0 votre chien la\u00a0<strong>balle menthe caoutchouc naturel Denta Fun de Trixie<\/strong>. Sp\u00e9cialement \u00e9tudi\u00e9e pour amuser le chien tout en favorisant son hygi\u00e8ne dentaire, cette balle go\u00fbt menthe est ultra-r\u00e9sistante. Elle permet un massage des gencives et un brossage des dents gr\u00e2ce \u00e0 ses fentes dentel\u00e9es.<\/p>\n","protected":false},"featured_media":620986,"template":"","meta":[],"product_cat":[12550,2698,12621],"product_tag":[],"class_list":{"0":"post-98256","1":"product","2":"type-product","3":"status-publish","4":"has-post-thumbnail","6":"product_cat-accessoires-du-chien","7":"product_cat-chien","8":"product_cat-jeux-educatifs-pour-chien","9":"pa_marque-trixie","11":"first","12":"instock","13":"taxable","14":"shipping-taxable","15":"purchasable","16":"product-type-variable"},"yoast_head":"<!-- This site is optimized with the Yoast SEO plugin v27.3 - https:\/\/yoast.com\/product\/yoast-seo-wordpress\/ -->\n<title>Jouet chien Trixie : Denta Fun Ball Trixie - V\u00e9torino<\/title>\n<meta name=\"description\" content=\"Alliez l&#039;utile \u00e0 l&#039;agr\u00e9able en offrant \u00e0 votre chien la\u00a0balle menthe caoutchouc naturel Denta Fun de Trixie. Sp\u00e9cialement \u00e9tudi\u00e9e pour amuser le chien tout en favorisant son hygi\u00e8ne dentaire, cette balle go\u00fbt menthe est ultra-r\u00e9sistante. Elle permet un massage des gencives et un brossage des dents gr\u00e2ce \u00e0 ses fentes dentel\u00e9es.\" \/>\n<meta name=\"robots\" content=\"noindex, nofollow\" \/>\n<meta property=\"og:locale\" content=\"fr_FR\" \/>\n<meta property=\"og:type\" content=\"article\" \/>\n<meta property=\"og:title\" content=\"Jouet chien Trixie : Denta Fun Ball Trixie - V\u00e9torino\" \/>\n<meta property=\"og:description\" content=\"Alliez l&#039;utile \u00e0 l&#039;agr\u00e9able en offrant \u00e0 votre chien la\u00a0balle menthe caoutchouc naturel Denta Fun de Trixie. Sp\u00e9cialement \u00e9tudi\u00e9e pour amuser le chien tout en favorisant son hygi\u00e8ne dentaire, cette balle go\u00fbt menthe est ultra-r\u00e9sistante. Elle permet un massage des gencives et un brossage des dents gr\u00e2ce \u00e0 ses fentes dentel\u00e9es.\" \/>\n<meta property=\"og:url\" content=\"https:\/\/www.vetorino.com\/veterinaire\/sucyenbrie-94370\/boutique\/product\/jouet-chien-trixie-denta-fun-ball\/\" \/>\n<meta property=\"og:site_name\" content=\"V\u00e9torino\" \/>\n<meta property=\"article:publisher\" content=\"https:\/\/www.facebook.com\/Vetorino\/\" \/>\n<meta property=\"article:modified_time\" content=\"2026-03-27T01:42:11+00:00\" \/>\n<meta property=\"og:image\" content=\"https:\/\/www.vetorino.com\/boutique\/wp-content\/uploads\/2020\/06\/balle-menthe-caoutchouc-naturel-chien-denta-fun-trixie.jpg\" \/>\n\t<meta property=\"og:image:width\" content=\"458\" \/>\n\t<meta property=\"og:image:height\" content=\"458\" \/>\n\t<meta property=\"og:image:type\" content=\"image\/jpeg\" \/>\n<meta name=\"twitter:card\" content=\"summary_large_image\" \/>\n<meta name=\"twitter:label1\" content=\"Disponibilit\u00e9\" \/>\n\t<meta name=\"twitter:data1\" content=\"En stock\" \/>\n<script type=\"application\/ld+json\" class=\"yoast-schema-graph\">{\"@context\":\"https:\\\/\\\/schema.org\",\"@graph\":[{\"@type\":\"WebPage\",\"@id\":\"https:\\\/\\\/www.vetorino.com\\\/boutique\\\/product\\\/jouet-chien-trixie-denta-fun-ball\\\/\",\"url\":\"https:\\\/\\\/www.vetorino.com\\\/boutique\\\/product\\\/jouet-chien-trixie-denta-fun-ball\\\/\",\"name\":\"Jouet chien Trixie : Denta Fun Ball Trixie - V\u00e9torino\",\"isPartOf\":{\"@id\":\"https:\\\/\\\/www.vetorino.com\\\/boutique\\\/#website\"},\"primaryImageOfPage\":{\"@id\":\"https:\\\/\\\/www.vetorino.com\\\/boutique\\\/product\\\/jouet-chien-trixie-denta-fun-ball\\\/#primaryimage\"},\"image\":{\"@id\":\"https:\\\/\\\/www.vetorino.com\\\/boutique\\\/product\\\/jouet-chien-trixie-denta-fun-ball\\\/#primaryimage\"},\"thumbnailUrl\":\"https:\\\/\\\/www.vetorino.com\\\/boutique\\\/wp-content\\\/uploads\\\/2020\\\/06\\\/balle-menthe-caoutchouc-naturel-chien-denta-fun-trixie.jpg\",\"datePublished\":\"2020-06-29T22:58:31+00:00\",\"dateModified\":\"2026-03-27T01:42:11+00:00\",\"description\":\"Alliez l'utile \u00e0 l'agr\u00e9able en offrant \u00e0 votre chien la\u00a0balle menthe caoutchouc naturel Denta Fun de Trixie. Sp\u00e9cialement \u00e9tudi\u00e9e pour amuser le chien tout en favorisant son hygi\u00e8ne dentaire, cette balle go\u00fbt menthe est ultra-r\u00e9sistante. Elle permet un massage des gencives et un brossage des dents gr\u00e2ce \u00e0 ses fentes dentel\u00e9es.\",\"breadcrumb\":{\"@id\":\"https:\\\/\\\/www.vetorino.com\\\/boutique\\\/product\\\/jouet-chien-trixie-denta-fun-ball\\\/#breadcrumb\"},\"inLanguage\":\"fr-FR\",\"potentialAction\":[{\"@type\":\"ReadAction\",\"target\":[\"https:\\\/\\\/www.vetorino.com\\\/boutique\\\/product\\\/jouet-chien-trixie-denta-fun-ball\\\/\"]}]},{\"@type\":\"ImageObject\",\"inLanguage\":\"fr-FR\",\"@id\":\"https:\\\/\\\/www.vetorino.com\\\/boutique\\\/product\\\/jouet-chien-trixie-denta-fun-ball\\\/#primaryimage\",\"url\":\"https:\\\/\\\/www.vetorino.com\\\/boutique\\\/wp-content\\\/uploads\\\/2020\\\/06\\\/balle-menthe-caoutchouc-naturel-chien-denta-fun-trixie.jpg\",\"contentUrl\":\"https:\\\/\\\/www.vetorino.com\\\/boutique\\\/wp-content\\\/uploads\\\/2020\\\/06\\\/balle-menthe-caoutchouc-naturel-chien-denta-fun-trixie.jpg\",\"width\":458,\"height\":458},{\"@type\":\"BreadcrumbList\",\"@id\":\"https:\\\/\\\/www.vetorino.com\\\/boutique\\\/product\\\/jouet-chien-trixie-denta-fun-ball\\\/#breadcrumb\",\"itemListElement\":[{\"@type\":\"ListItem\",\"position\":1,\"name\":\"Accueil\",\"item\":\"https:\\\/\\\/www.vetorino.com\\\/boutique\\\/\"},{\"@type\":\"ListItem\",\"position\":2,\"name\":\"Produits\",\"item\":\"https:\\\/\\\/www.vetorino.com\\\/boutique\\\/\"},{\"@type\":\"ListItem\",\"position\":3,\"name\":\"Jouet chien Trixie : Denta Fun Ball\"}]},{\"@type\":\"WebSite\",\"@id\":\"https:\\\/\\\/www.vetorino.com\\\/boutique\\\/#website\",\"url\":\"https:\\\/\\\/www.vetorino.com\\\/boutique\\\/\",\"name\":\"V\u00e9torino\",\"description\":\"\",\"publisher\":{\"@id\":\"https:\\\/\\\/www.vetorino.com\\\/boutique\\\/#organization\"},\"potentialAction\":[{\"@type\":\"SearchAction\",\"target\":{\"@type\":\"EntryPoint\",\"urlTemplate\":\"https:\\\/\\\/www.vetorino.com\\\/boutique\\\/?s={search_term_string}\"},\"query-input\":{\"@type\":\"PropertyValueSpecification\",\"valueRequired\":true,\"valueName\":\"search_term_string\"}}],\"inLanguage\":\"fr-FR\"},{\"@type\":\"Organization\",\"@id\":\"https:\\\/\\\/www.vetorino.com\\\/boutique\\\/#organization\",\"name\":\"V\u00e9torino\",\"url\":\"https:\\\/\\\/www.vetorino.com\\\/boutique\\\/\",\"logo\":{\"@type\":\"ImageObject\",\"inLanguage\":\"fr-FR\",\"@id\":\"https:\\\/\\\/www.vetorino.com\\\/boutique\\\/#\\\/schema\\\/logo\\\/image\\\/\",\"url\":\"https:\\\/\\\/www.vetorino.com\\\/boutique\\\/wp-content\\\/uploads\\\/2024\\\/10\\\/logo.jpg\",\"contentUrl\":\"https:\\\/\\\/www.vetorino.com\\\/boutique\\\/wp-content\\\/uploads\\\/2024\\\/10\\\/logo.jpg\",\"width\":1200,\"height\":610,\"caption\":\"V\u00e9torino\"},\"image\":{\"@id\":\"https:\\\/\\\/www.vetorino.com\\\/boutique\\\/#\\\/schema\\\/logo\\\/image\\\/\"},\"sameAs\":[\"https:\\\/\\\/www.facebook.com\\\/Vetorino\\\/\",\"https:\\\/\\\/www.instagram.com\\\/vetorino_off\\\/\",\"https:\\\/\\\/www.linkedin.com\\\/company\\\/vtorino\\\/\"]}]}<\/script>\n<meta property=\"product:brand\" content=\"Trixie\" \/>\n<meta property=\"og:availability\" content=\"instock\" \/>\n<meta property=\"product:availability\" content=\"instock\" \/>\n<meta property=\"product:condition\" content=\"new\" \/>\n<!-- \/ Yoast SEO plugin. -->","yoast_head_json":{"title":"Jouet chien Trixie : Denta Fun Ball Trixie - V\u00e9torino","description":"Alliez l'utile \u00e0 l'agr\u00e9able en offrant \u00e0 votre chien la\u00a0balle menthe caoutchouc naturel Denta Fun de Trixie. Sp\u00e9cialement \u00e9tudi\u00e9e pour amuser le chien tout en favorisant son hygi\u00e8ne dentaire, cette balle go\u00fbt menthe est ultra-r\u00e9sistante. Elle permet un massage des gencives et un brossage des dents gr\u00e2ce \u00e0 ses fentes dentel\u00e9es.","robots":{"index":"noindex","follow":"nofollow"},"og_locale":"fr_FR","og_type":"article","og_title":"Jouet chien Trixie : Denta Fun Ball Trixie - V\u00e9torino","og_description":"Alliez l'utile \u00e0 l'agr\u00e9able en offrant \u00e0 votre chien la\u00a0balle menthe caoutchouc naturel Denta Fun de Trixie. Sp\u00e9cialement \u00e9tudi\u00e9e pour amuser le chien tout en favorisant son hygi\u00e8ne dentaire, cette balle go\u00fbt menthe est ultra-r\u00e9sistante. Elle permet un massage des gencives et un brossage des dents gr\u00e2ce \u00e0 ses fentes dentel\u00e9es.","og_url":"https:\/\/www.vetorino.com\/veterinaire\/sucyenbrie-94370\/boutique\/product\/jouet-chien-trixie-denta-fun-ball\/","og_site_name":"V\u00e9torino","article_publisher":"https:\/\/www.facebook.com\/Vetorino\/","article_modified_time":"2026-03-27T01:42:11+00:00","og_image":[{"width":458,"height":458,"url":"https:\/\/www.vetorino.com\/boutique\/wp-content\/uploads\/2020\/06\/balle-menthe-caoutchouc-naturel-chien-denta-fun-trixie.jpg","type":"image\/jpeg"}],"twitter_card":"summary_large_image","twitter_misc":{"Disponibilit\u00e9":"En stock"},"schema":{"@context":"https:\/\/schema.org","@graph":[{"@type":"WebPage","@id":"https:\/\/www.vetorino.com\/boutique\/product\/jouet-chien-trixie-denta-fun-ball\/","url":"https:\/\/www.vetorino.com\/boutique\/product\/jouet-chien-trixie-denta-fun-ball\/","name":"Jouet chien Trixie : Denta Fun Ball Trixie - V\u00e9torino","isPartOf":{"@id":"https:\/\/www.vetorino.com\/boutique\/#website"},"primaryImageOfPage":{"@id":"https:\/\/www.vetorino.com\/boutique\/product\/jouet-chien-trixie-denta-fun-ball\/#primaryimage"},"image":{"@id":"https:\/\/www.vetorino.com\/boutique\/product\/jouet-chien-trixie-denta-fun-ball\/#primaryimage"},"thumbnailUrl":"https:\/\/www.vetorino.com\/boutique\/wp-content\/uploads\/2020\/06\/balle-menthe-caoutchouc-naturel-chien-denta-fun-trixie.jpg","datePublished":"2020-06-29T22:58:31+00:00","dateModified":"2026-03-27T01:42:11+00:00","description":"Alliez l'utile \u00e0 l'agr\u00e9able en offrant \u00e0 votre chien la\u00a0balle menthe caoutchouc naturel Denta Fun de Trixie. Sp\u00e9cialement \u00e9tudi\u00e9e pour amuser le chien tout en favorisant son hygi\u00e8ne dentaire, cette balle go\u00fbt menthe est ultra-r\u00e9sistante. Elle permet un massage des gencives et un brossage des dents gr\u00e2ce \u00e0 ses fentes dentel\u00e9es.","breadcrumb":{"@id":"https:\/\/www.vetorino.com\/boutique\/product\/jouet-chien-trixie-denta-fun-ball\/#breadcrumb"},"inLanguage":"fr-FR","potentialAction":[{"@type":"ReadAction","target":["https:\/\/www.vetorino.com\/boutique\/product\/jouet-chien-trixie-denta-fun-ball\/"]}]},{"@type":"ImageObject","inLanguage":"fr-FR","@id":"https:\/\/www.vetorino.com\/boutique\/product\/jouet-chien-trixie-denta-fun-ball\/#primaryimage","url":"https:\/\/www.vetorino.com\/boutique\/wp-content\/uploads\/2020\/06\/balle-menthe-caoutchouc-naturel-chien-denta-fun-trixie.jpg","contentUrl":"https:\/\/www.vetorino.com\/boutique\/wp-content\/uploads\/2020\/06\/balle-menthe-caoutchouc-naturel-chien-denta-fun-trixie.jpg","width":458,"height":458},{"@type":"BreadcrumbList","@id":"https:\/\/www.vetorino.com\/boutique\/product\/jouet-chien-trixie-denta-fun-ball\/#breadcrumb","itemListElement":[{"@type":"ListItem","position":1,"name":"Accueil","item":"https:\/\/www.vetorino.com\/boutique\/"},{"@type":"ListItem","position":2,"name":"Produits","item":"https:\/\/www.vetorino.com\/boutique\/"},{"@type":"ListItem","position":3,"name":"Jouet chien Trixie : Denta Fun Ball"}]},{"@type":"WebSite","@id":"https:\/\/www.vetorino.com\/boutique\/#website","url":"https:\/\/www.vetorino.com\/boutique\/","name":"V\u00e9torino","description":"","publisher":{"@id":"https:\/\/www.vetorino.com\/boutique\/#organization"},"potentialAction":[{"@type":"SearchAction","target":{"@type":"EntryPoint","urlTemplate":"https:\/\/www.vetorino.com\/boutique\/?s={search_term_string}"},"query-input":{"@type":"PropertyValueSpecification","valueRequired":true,"valueName":"search_term_string"}}],"inLanguage":"fr-FR"},{"@type":"Organization","@id":"https:\/\/www.vetorino.com\/boutique\/#organization","name":"V\u00e9torino","url":"https:\/\/www.vetorino.com\/boutique\/","logo":{"@type":"ImageObject","inLanguage":"fr-FR","@id":"https:\/\/www.vetorino.com\/boutique\/#\/schema\/logo\/image\/","url":"https:\/\/www.vetorino.com\/boutique\/wp-content\/uploads\/2024\/10\/logo.jpg","contentUrl":"https:\/\/www.vetorino.com\/boutique\/wp-content\/uploads\/2024\/10\/logo.jpg","width":1200,"height":610,"caption":"V\u00e9torino"},"image":{"@id":"https:\/\/www.vetorino.com\/boutique\/#\/schema\/logo\/image\/"},"sameAs":["https:\/\/www.facebook.com\/Vetorino\/","https:\/\/www.instagram.com\/vetorino_off\/","https:\/\/www.linkedin.com\/company\/vtorino\/"]}]},"product_brand":"Trixie","og_availability":"instock","product_availability":"instock","product_condition":"new"},"_links":{"self":[{"href":"https:\/\/www.vetorino.com\/veterinaire\/sucyenbrie-94370\/boutique\/wp-json\/wp\/v2\/product\/98256","targetHints":{"allow":["GET"]}}],"collection":[{"href":"https:\/\/www.vetorino.com\/veterinaire\/sucyenbrie-94370\/boutique\/wp-json\/wp\/v2\/product"}],"about":[{"href":"https:\/\/www.vetorino.com\/veterinaire\/sucyenbrie-94370\/boutique\/wp-json\/wp\/v2\/types\/product"}],"wp:featuredmedia":[{"embeddable":true,"href":"https:\/\/www.vetorino.com\/veterinaire\/sucyenbrie-94370\/boutique\/wp-json\/wp\/v2\/media\/620986"}],"wp:attachment":[{"href":"https:\/\/www.vetorino.com\/veterinaire\/sucyenbrie-94370\/boutique\/wp-json\/wp\/v2\/media?parent=98256"}],"wp:term":[{"taxonomy":"product_cat","embeddable":true,"href":"https:\/\/www.vetorino.com\/veterinaire\/sucyenbrie-94370\/boutique\/wp-json\/wp\/v2\/product_cat?post=98256"},{"taxonomy":"product_tag","embeddable":true,"href":"https:\/\/www.vetorino.com\/veterinaire\/sucyenbrie-94370\/boutique\/wp-json\/wp\/v2\/product_tag?post=98256"}],"curies":[{"name":"wp","href":"https:\/\/api.w.org\/{rel}","templated":true}]}}