{"id":98487,"date":"2020-06-30T01:06:32","date_gmt":"2020-06-29T23:06:32","guid":{"rendered":"https:\/\/www.vetorino.com\/boutique\/product\/kong-cat-herbe-a-chat\/"},"modified":"2026-04-02T13:17:14","modified_gmt":"2026-04-02T11:17:14","slug":"kong-cat-herbe-a-chat","status":"publish","type":"product","link":"https:\/\/www.vetorino.com\/veterinaire\/sucyenbrie-94370\/boutique\/product\/kong-cat-herbe-a-chat\/","title":{"rendered":"Kong Cat Herbe \u00e0 chat"},"content":{"rendered":"<p>Ce Spray Herbe \u00e0 chat Kong contient une herbe \u00e0 chat de premi\u00e8re qualit\u00e9 cultiv\u00e9e en Am\u00e9rique du Nord, elle est r\u00e9colt\u00e9e \u00e0 l&#8217;apog\u00e9e de sa saveur, de sa couleur et de son parfum et s\u00e9ch\u00e9e en plein champ. Cette formule ajoute un nouveau plaisir aux jouets pour chat tout en encourageant un comportement de griffades appropri\u00e9.<\/p>\n<ul>\n<li>Utilisable pour apaiser les visites chez le v\u00e9t\u00e9rinaire.<\/li>\n<li>Les feuilles et fleurs produisent une huile essentielle tr\u00e8s aromatique, et provoquent une r\u00e9action chez la plupart des chats.<\/li>\n<li>A vaporiser sur les jouets, griffoirs&#8230; pour les rendre encore plus attractifs.<\/li>\n<li>Produit \u00e9cologique, tous les ingr\u00e9dients et huiles essentielles sont issus de ressources naturelles renouvelables.<\/li>\n<li>Contenance: Spray de 30 ml<\/li>\n<\/ul>\n","protected":false},"excerpt":{"rendered":"<p><strong>Le Spray Herbe \u00e0 chat Kong\u00a0<\/strong>contient de l&#8217;huile essentielle d&#8217;herbe \u00e0 chat concentr\u00e9e pour un plaisir maximum. Odeur tr\u00e8s puissante et irr\u00e9sistible. A vaporiser sur les jouets, les plumeaux, les grattoirs ou arbres \u00e0 chat.<\/p>\n","protected":false},"featured_media":481088,"template":"","meta":[],"product_cat":[2759,2697],"product_tag":[],"class_list":{"0":"post-98487","1":"product","2":"type-product","3":"status-publish","4":"has-post-thumbnail","6":"product_cat-anti-stress-et-anxiete-pour-chat","7":"product_cat-chat","8":"pa_marque-kong","10":"first","11":"instock","12":"taxable","13":"shipping-taxable","14":"purchasable","15":"product-type-variable"},"yoast_head":"<!-- This site is optimized with the Yoast SEO plugin v27.3 - https:\/\/yoast.com\/product\/yoast-seo-wordpress\/ -->\n<title>Kong Cat Herbe \u00e0 chat Kong - V\u00e9torino<\/title>\n<meta name=\"description\" content=\"Le Spray Herbe \u00e0 chat Kong\u00a0contient de l&#039;huile essentielle d&#039;herbe \u00e0 chat concentr\u00e9e pour un plaisir maximum. Odeur tr\u00e8s puissante et irr\u00e9sistible. A vaporiser sur les jouets, les plumeaux, les grattoirs ou arbres \u00e0 chat.\" \/>\n<meta name=\"robots\" content=\"noindex, nofollow\" \/>\n<meta property=\"og:locale\" content=\"fr_FR\" \/>\n<meta property=\"og:type\" content=\"article\" \/>\n<meta property=\"og:title\" content=\"Kong Cat Herbe \u00e0 chat Kong - V\u00e9torino\" \/>\n<meta property=\"og:description\" content=\"Le Spray Herbe \u00e0 chat Kong\u00a0contient de l&#039;huile essentielle d&#039;herbe \u00e0 chat concentr\u00e9e pour un plaisir maximum. Odeur tr\u00e8s puissante et irr\u00e9sistible. A vaporiser sur les jouets, les plumeaux, les grattoirs ou arbres \u00e0 chat.\" \/>\n<meta property=\"og:url\" content=\"https:\/\/www.vetorino.com\/veterinaire\/sucyenbrie-94370\/boutique\/product\/kong-cat-herbe-a-chat\/\" \/>\n<meta property=\"og:site_name\" content=\"V\u00e9torino\" \/>\n<meta property=\"article:publisher\" content=\"https:\/\/www.facebook.com\/Vetorino\/\" \/>\n<meta property=\"article:modified_time\" content=\"2026-04-02T11:17:14+00:00\" \/>\n<meta property=\"og:image\" content=\"https:\/\/www.vetorino.com\/boutique\/wp-content\/uploads\/2020\/03\/naturals_catnip_spray.jpg\" \/>\n\t<meta property=\"og:image:width\" content=\"700\" \/>\n\t<meta property=\"og:image:height\" content=\"700\" \/>\n\t<meta property=\"og:image:type\" content=\"image\/jpeg\" \/>\n<meta name=\"twitter:card\" content=\"summary_large_image\" \/>\n<meta name=\"twitter:label1\" content=\"Disponibilit\u00e9\" \/>\n\t<meta name=\"twitter:data1\" content=\"En stock\" \/>\n<script type=\"application\/ld+json\" class=\"yoast-schema-graph\">{\"@context\":\"https:\\\/\\\/schema.org\",\"@graph\":[{\"@type\":\"WebPage\",\"@id\":\"https:\\\/\\\/www.vetorino.com\\\/veterinaire\\\/champs-sur-marne-77420\\\/boutique\\\/product\\\/kong-cat-herbe-a-chat\\\/\",\"url\":\"https:\\\/\\\/www.vetorino.com\\\/veterinaire\\\/champs-sur-marne-77420\\\/boutique\\\/product\\\/kong-cat-herbe-a-chat\\\/\",\"name\":\"Kong Cat Herbe \u00e0 chat Kong - V\u00e9torino\",\"isPartOf\":{\"@id\":\"https:\\\/\\\/www.vetorino.com\\\/boutique\\\/#website\"},\"primaryImageOfPage\":{\"@id\":\"https:\\\/\\\/www.vetorino.com\\\/veterinaire\\\/champs-sur-marne-77420\\\/boutique\\\/product\\\/kong-cat-herbe-a-chat\\\/#primaryimage\"},\"image\":{\"@id\":\"https:\\\/\\\/www.vetorino.com\\\/veterinaire\\\/champs-sur-marne-77420\\\/boutique\\\/product\\\/kong-cat-herbe-a-chat\\\/#primaryimage\"},\"thumbnailUrl\":\"https:\\\/\\\/www.vetorino.com\\\/boutique\\\/wp-content\\\/uploads\\\/2020\\\/03\\\/naturals_catnip_spray.jpg\",\"datePublished\":\"2020-06-29T23:06:32+00:00\",\"dateModified\":\"2026-04-02T11:17:14+00:00\",\"description\":\"Le Spray Herbe \u00e0 chat Kong\u00a0contient de l'huile essentielle d'herbe \u00e0 chat concentr\u00e9e pour un plaisir maximum. Odeur tr\u00e8s puissante et irr\u00e9sistible. A vaporiser sur les jouets, les plumeaux, les grattoirs ou arbres \u00e0 chat.\",\"breadcrumb\":{\"@id\":\"https:\\\/\\\/www.vetorino.com\\\/veterinaire\\\/champs-sur-marne-77420\\\/boutique\\\/product\\\/kong-cat-herbe-a-chat\\\/#breadcrumb\"},\"inLanguage\":\"fr-FR\",\"potentialAction\":[{\"@type\":\"ReadAction\",\"target\":[\"https:\\\/\\\/www.vetorino.com\\\/veterinaire\\\/champs-sur-marne-77420\\\/boutique\\\/product\\\/kong-cat-herbe-a-chat\\\/\"]}]},{\"@type\":\"ImageObject\",\"inLanguage\":\"fr-FR\",\"@id\":\"https:\\\/\\\/www.vetorino.com\\\/veterinaire\\\/champs-sur-marne-77420\\\/boutique\\\/product\\\/kong-cat-herbe-a-chat\\\/#primaryimage\",\"url\":\"https:\\\/\\\/www.vetorino.com\\\/boutique\\\/wp-content\\\/uploads\\\/2020\\\/03\\\/naturals_catnip_spray.jpg\",\"contentUrl\":\"https:\\\/\\\/www.vetorino.com\\\/boutique\\\/wp-content\\\/uploads\\\/2020\\\/03\\\/naturals_catnip_spray.jpg\",\"width\":700,\"height\":700,\"caption\":\"herbe \u00e0 chat en spray\"},{\"@type\":\"BreadcrumbList\",\"@id\":\"https:\\\/\\\/www.vetorino.com\\\/veterinaire\\\/champs-sur-marne-77420\\\/boutique\\\/product\\\/kong-cat-herbe-a-chat\\\/#breadcrumb\",\"itemListElement\":[{\"@type\":\"ListItem\",\"position\":1,\"name\":\"Accueil\",\"item\":\"https:\\\/\\\/www.vetorino.com\\\/boutique\\\/\"},{\"@type\":\"ListItem\",\"position\":2,\"name\":\"Produits\",\"item\":\"https:\\\/\\\/www.vetorino.com\\\/boutique\\\/\"},{\"@type\":\"ListItem\",\"position\":3,\"name\":\"Kong Cat Herbe \u00e0 chat\"}]},{\"@type\":\"WebSite\",\"@id\":\"https:\\\/\\\/www.vetorino.com\\\/boutique\\\/#website\",\"url\":\"https:\\\/\\\/www.vetorino.com\\\/boutique\\\/\",\"name\":\"V\u00e9torino\",\"description\":\"\",\"publisher\":{\"@id\":\"https:\\\/\\\/www.vetorino.com\\\/boutique\\\/#organization\"},\"potentialAction\":[{\"@type\":\"SearchAction\",\"target\":{\"@type\":\"EntryPoint\",\"urlTemplate\":\"https:\\\/\\\/www.vetorino.com\\\/boutique\\\/?s={search_term_string}\"},\"query-input\":{\"@type\":\"PropertyValueSpecification\",\"valueRequired\":true,\"valueName\":\"search_term_string\"}}],\"inLanguage\":\"fr-FR\"},{\"@type\":\"Organization\",\"@id\":\"https:\\\/\\\/www.vetorino.com\\\/boutique\\\/#organization\",\"name\":\"V\u00e9torino\",\"url\":\"https:\\\/\\\/www.vetorino.com\\\/boutique\\\/\",\"logo\":{\"@type\":\"ImageObject\",\"inLanguage\":\"fr-FR\",\"@id\":\"https:\\\/\\\/www.vetorino.com\\\/boutique\\\/#\\\/schema\\\/logo\\\/image\\\/\",\"url\":\"https:\\\/\\\/www.vetorino.com\\\/boutique\\\/wp-content\\\/uploads\\\/2024\\\/10\\\/logo.jpg\",\"contentUrl\":\"https:\\\/\\\/www.vetorino.com\\\/boutique\\\/wp-content\\\/uploads\\\/2024\\\/10\\\/logo.jpg\",\"width\":1200,\"height\":610,\"caption\":\"V\u00e9torino\"},\"image\":{\"@id\":\"https:\\\/\\\/www.vetorino.com\\\/boutique\\\/#\\\/schema\\\/logo\\\/image\\\/\"},\"sameAs\":[\"https:\\\/\\\/www.facebook.com\\\/Vetorino\\\/\",\"https:\\\/\\\/www.instagram.com\\\/vetorino_off\\\/\",\"https:\\\/\\\/www.linkedin.com\\\/company\\\/vtorino\\\/\"]}]}<\/script>\n<meta property=\"product:brand\" content=\"Kong\" \/>\n<meta property=\"og:availability\" content=\"instock\" \/>\n<meta property=\"product:availability\" content=\"instock\" \/>\n<meta property=\"product:condition\" content=\"new\" \/>\n<!-- \/ Yoast SEO plugin. -->","yoast_head_json":{"title":"Kong Cat Herbe \u00e0 chat Kong - V\u00e9torino","description":"Le Spray Herbe \u00e0 chat Kong\u00a0contient de l'huile essentielle d'herbe \u00e0 chat concentr\u00e9e pour un plaisir maximum. Odeur tr\u00e8s puissante et irr\u00e9sistible. A vaporiser sur les jouets, les plumeaux, les grattoirs ou arbres \u00e0 chat.","robots":{"index":"noindex","follow":"nofollow"},"og_locale":"fr_FR","og_type":"article","og_title":"Kong Cat Herbe \u00e0 chat Kong - V\u00e9torino","og_description":"Le Spray Herbe \u00e0 chat Kong\u00a0contient de l'huile essentielle d'herbe \u00e0 chat concentr\u00e9e pour un plaisir maximum. Odeur tr\u00e8s puissante et irr\u00e9sistible. A vaporiser sur les jouets, les plumeaux, les grattoirs ou arbres \u00e0 chat.","og_url":"https:\/\/www.vetorino.com\/veterinaire\/sucyenbrie-94370\/boutique\/product\/kong-cat-herbe-a-chat\/","og_site_name":"V\u00e9torino","article_publisher":"https:\/\/www.facebook.com\/Vetorino\/","article_modified_time":"2026-04-02T11:17:14+00:00","og_image":[{"width":700,"height":700,"url":"https:\/\/www.vetorino.com\/boutique\/wp-content\/uploads\/2020\/03\/naturals_catnip_spray.jpg","type":"image\/jpeg"}],"twitter_card":"summary_large_image","twitter_misc":{"Disponibilit\u00e9":"En stock"},"schema":{"@context":"https:\/\/schema.org","@graph":[{"@type":"WebPage","@id":"https:\/\/www.vetorino.com\/veterinaire\/champs-sur-marne-77420\/boutique\/product\/kong-cat-herbe-a-chat\/","url":"https:\/\/www.vetorino.com\/veterinaire\/champs-sur-marne-77420\/boutique\/product\/kong-cat-herbe-a-chat\/","name":"Kong Cat Herbe \u00e0 chat Kong - V\u00e9torino","isPartOf":{"@id":"https:\/\/www.vetorino.com\/boutique\/#website"},"primaryImageOfPage":{"@id":"https:\/\/www.vetorino.com\/veterinaire\/champs-sur-marne-77420\/boutique\/product\/kong-cat-herbe-a-chat\/#primaryimage"},"image":{"@id":"https:\/\/www.vetorino.com\/veterinaire\/champs-sur-marne-77420\/boutique\/product\/kong-cat-herbe-a-chat\/#primaryimage"},"thumbnailUrl":"https:\/\/www.vetorino.com\/boutique\/wp-content\/uploads\/2020\/03\/naturals_catnip_spray.jpg","datePublished":"2020-06-29T23:06:32+00:00","dateModified":"2026-04-02T11:17:14+00:00","description":"Le Spray Herbe \u00e0 chat Kong\u00a0contient de l'huile essentielle d'herbe \u00e0 chat concentr\u00e9e pour un plaisir maximum. Odeur tr\u00e8s puissante et irr\u00e9sistible. A vaporiser sur les jouets, les plumeaux, les grattoirs ou arbres \u00e0 chat.","breadcrumb":{"@id":"https:\/\/www.vetorino.com\/veterinaire\/champs-sur-marne-77420\/boutique\/product\/kong-cat-herbe-a-chat\/#breadcrumb"},"inLanguage":"fr-FR","potentialAction":[{"@type":"ReadAction","target":["https:\/\/www.vetorino.com\/veterinaire\/champs-sur-marne-77420\/boutique\/product\/kong-cat-herbe-a-chat\/"]}]},{"@type":"ImageObject","inLanguage":"fr-FR","@id":"https:\/\/www.vetorino.com\/veterinaire\/champs-sur-marne-77420\/boutique\/product\/kong-cat-herbe-a-chat\/#primaryimage","url":"https:\/\/www.vetorino.com\/boutique\/wp-content\/uploads\/2020\/03\/naturals_catnip_spray.jpg","contentUrl":"https:\/\/www.vetorino.com\/boutique\/wp-content\/uploads\/2020\/03\/naturals_catnip_spray.jpg","width":700,"height":700,"caption":"herbe \u00e0 chat en spray"},{"@type":"BreadcrumbList","@id":"https:\/\/www.vetorino.com\/veterinaire\/champs-sur-marne-77420\/boutique\/product\/kong-cat-herbe-a-chat\/#breadcrumb","itemListElement":[{"@type":"ListItem","position":1,"name":"Accueil","item":"https:\/\/www.vetorino.com\/boutique\/"},{"@type":"ListItem","position":2,"name":"Produits","item":"https:\/\/www.vetorino.com\/boutique\/"},{"@type":"ListItem","position":3,"name":"Kong Cat Herbe \u00e0 chat"}]},{"@type":"WebSite","@id":"https:\/\/www.vetorino.com\/boutique\/#website","url":"https:\/\/www.vetorino.com\/boutique\/","name":"V\u00e9torino","description":"","publisher":{"@id":"https:\/\/www.vetorino.com\/boutique\/#organization"},"potentialAction":[{"@type":"SearchAction","target":{"@type":"EntryPoint","urlTemplate":"https:\/\/www.vetorino.com\/boutique\/?s={search_term_string}"},"query-input":{"@type":"PropertyValueSpecification","valueRequired":true,"valueName":"search_term_string"}}],"inLanguage":"fr-FR"},{"@type":"Organization","@id":"https:\/\/www.vetorino.com\/boutique\/#organization","name":"V\u00e9torino","url":"https:\/\/www.vetorino.com\/boutique\/","logo":{"@type":"ImageObject","inLanguage":"fr-FR","@id":"https:\/\/www.vetorino.com\/boutique\/#\/schema\/logo\/image\/","url":"https:\/\/www.vetorino.com\/boutique\/wp-content\/uploads\/2024\/10\/logo.jpg","contentUrl":"https:\/\/www.vetorino.com\/boutique\/wp-content\/uploads\/2024\/10\/logo.jpg","width":1200,"height":610,"caption":"V\u00e9torino"},"image":{"@id":"https:\/\/www.vetorino.com\/boutique\/#\/schema\/logo\/image\/"},"sameAs":["https:\/\/www.facebook.com\/Vetorino\/","https:\/\/www.instagram.com\/vetorino_off\/","https:\/\/www.linkedin.com\/company\/vtorino\/"]}]},"product_brand":"Kong","og_availability":"instock","product_availability":"instock","product_condition":"new"},"_links":{"self":[{"href":"https:\/\/www.vetorino.com\/veterinaire\/sucyenbrie-94370\/boutique\/wp-json\/wp\/v2\/product\/98487","targetHints":{"allow":["GET"]}}],"collection":[{"href":"https:\/\/www.vetorino.com\/veterinaire\/sucyenbrie-94370\/boutique\/wp-json\/wp\/v2\/product"}],"about":[{"href":"https:\/\/www.vetorino.com\/veterinaire\/sucyenbrie-94370\/boutique\/wp-json\/wp\/v2\/types\/product"}],"wp:featuredmedia":[{"embeddable":true,"href":"https:\/\/www.vetorino.com\/veterinaire\/sucyenbrie-94370\/boutique\/wp-json\/wp\/v2\/media\/481088"}],"wp:attachment":[{"href":"https:\/\/www.vetorino.com\/veterinaire\/sucyenbrie-94370\/boutique\/wp-json\/wp\/v2\/media?parent=98487"}],"wp:term":[{"taxonomy":"product_cat","embeddable":true,"href":"https:\/\/www.vetorino.com\/veterinaire\/sucyenbrie-94370\/boutique\/wp-json\/wp\/v2\/product_cat?post=98487"},{"taxonomy":"product_tag","embeddable":true,"href":"https:\/\/www.vetorino.com\/veterinaire\/sucyenbrie-94370\/boutique\/wp-json\/wp\/v2\/product_tag?post=98487"}],"curies":[{"name":"wp","href":"https:\/\/api.w.org\/{rel}","templated":true}]}}