{"id":35681,"date":"2020-03-04T22:57:03","date_gmt":"2020-03-04T21:57:03","guid":{"rendered":"https:\/\/www.vetorino.com\/boutique\/product\/jouet-crunchcore\/"},"modified":"2024-02-14T14:31:53","modified_gmt":"2024-02-14T13:31:53","slug":"jouet-crunchcore","status":"publish","type":"product","link":"https:\/\/www.vetorino.com\/veterinaire\/toucy-89130\/boutique\/product\/jouet-crunchcore\/","title":{"rendered":"Jouet Crunchcore"},"content":{"rendered":"<p>Irr\u00e9sistible, le <strong>Crunchcore<\/strong> est un jouet pour chien en forme d&#8217;os fabriqu\u00e9 \u00e0 partir de caoutchouc pour amuser et attirer votre animal.<\/p>\n<p>Ce jouet est une distraction sp\u00e9cialement con\u00e7ue pour calmer les chiens qui adorent m\u00e2cher. Le son craquant de bouteille en plastique va susciter un grand int\u00e9r\u00eat de sa part.<\/p>\n<p>Ce produit convient \u00e0 tous les chiens et est d\u00e9clin\u00e9 en quatre tailles diff\u00e9rentes.<\/p>\n<p><strong>Caract\u00e9ristiques :<\/strong><br \/>\n&#8211; Jouet \u00e0 m\u00e2cher pour chien, int\u00e9rieur solide pour une meilleure r\u00e9sistance<br \/>\n&#8211; Sons craquants style bouteille en plastique<br \/>\n&#8211; Mat\u00e9rieu caoutchouc<br \/>\n&#8211; Disponibles en 2 tailles : MINI 4 X 7.5cm, LARGE 6 X 16cm<\/p>\n","protected":false},"excerpt":{"rendered":"<p>Le jouet CRUNCHCORE est id\u00e9al pour les chiens particuli\u00e8rement attir\u00e9s par les bouteilles en plastiques. Ce jouet imite le bruit craquant de la bouteille tout en gardant toujours sa forme initiale et sans s&#8217;ab\u00eemer. Existe en plusieurs tailles.<\/p>\n","protected":false},"featured_media":837636,"template":"","meta":[],"product_cat":[12550,2698,12621],"product_tag":[],"class_list":{"0":"post-35681","1":"product","2":"type-product","3":"status-publish","4":"has-post-thumbnail","6":"product_cat-accessoires-du-chien","7":"product_cat-chien","8":"product_cat-jeux-educatifs-pour-chien","9":"pa_marque-petstages","11":"first","12":"instock","13":"taxable","14":"shipping-taxable","15":"purchasable","16":"product-type-variable"},"yoast_head":"<!-- This site is optimized with the Yoast SEO plugin v27.3 - https:\/\/yoast.com\/product\/yoast-seo-wordpress\/ -->\n<title>Jouet Crunchcore Petstages - V\u00e9torino<\/title>\n<meta name=\"description\" content=\"Le jouet CRUNCHCORE est id\u00e9al pour les chiens particuli\u00e8rement attir\u00e9s par les bouteilles en plastiques. Ce jouet imite le bruit craquant de la bouteille tout en gardant toujours sa forme initiale et sans s&#039;ab\u00eemer. Existe en plusieurs tailles.\" \/>\n<meta name=\"robots\" content=\"noindex, nofollow\" \/>\n<meta property=\"og:locale\" content=\"fr_FR\" \/>\n<meta property=\"og:type\" content=\"article\" \/>\n<meta property=\"og:title\" content=\"Jouet Crunchcore Petstages - V\u00e9torino\" \/>\n<meta property=\"og:description\" content=\"Le jouet CRUNCHCORE est id\u00e9al pour les chiens particuli\u00e8rement attir\u00e9s par les bouteilles en plastiques. Ce jouet imite le bruit craquant de la bouteille tout en gardant toujours sa forme initiale et sans s&#039;ab\u00eemer. Existe en plusieurs tailles.\" \/>\n<meta property=\"og:url\" content=\"https:\/\/www.vetorino.com\/veterinaire\/toucy-89130\/boutique\/product\/jouet-crunchcore\/\" \/>\n<meta property=\"og:site_name\" content=\"V\u00e9torino\" \/>\n<meta property=\"article:publisher\" content=\"https:\/\/www.facebook.com\/Vetorino\/\" \/>\n<meta property=\"article:modified_time\" content=\"2024-02-14T13:31:53+00:00\" \/>\n<meta property=\"og:image\" content=\"https:\/\/www.vetorino.com\/boutique\/wp-content\/uploads\/2020\/03\/jouet-crunchcore.jpg\" \/>\n\t<meta property=\"og:image:width\" content=\"800\" \/>\n\t<meta property=\"og:image:height\" content=\"800\" \/>\n\t<meta property=\"og:image:type\" content=\"image\/jpeg\" \/>\n<meta name=\"twitter:card\" content=\"summary_large_image\" \/>\n<meta name=\"twitter:label1\" content=\"Disponibilit\u00e9\" \/>\n\t<meta name=\"twitter:data1\" content=\"En stock\" \/>\n<script type=\"application\/ld+json\" class=\"yoast-schema-graph\">{\"@context\":\"https:\\\/\\\/schema.org\",\"@graph\":[{\"@type\":\"WebPage\",\"@id\":\"https:\\\/\\\/www.vetorino.com\\\/boutique\\\/product\\\/jouet-crunchcore\\\/\",\"url\":\"https:\\\/\\\/www.vetorino.com\\\/boutique\\\/product\\\/jouet-crunchcore\\\/\",\"name\":\"Jouet Crunchcore Petstages - V\u00e9torino\",\"isPartOf\":{\"@id\":\"https:\\\/\\\/www.vetorino.com\\\/boutique\\\/#website\"},\"primaryImageOfPage\":{\"@id\":\"https:\\\/\\\/www.vetorino.com\\\/boutique\\\/product\\\/jouet-crunchcore\\\/#primaryimage\"},\"image\":{\"@id\":\"https:\\\/\\\/www.vetorino.com\\\/boutique\\\/product\\\/jouet-crunchcore\\\/#primaryimage\"},\"thumbnailUrl\":\"https:\\\/\\\/www.vetorino.com\\\/boutique\\\/wp-content\\\/uploads\\\/2020\\\/03\\\/jouet-crunchcore.jpg\",\"datePublished\":\"2020-03-04T21:57:03+00:00\",\"dateModified\":\"2024-02-14T13:31:53+00:00\",\"description\":\"Le jouet CRUNCHCORE est id\u00e9al pour les chiens particuli\u00e8rement attir\u00e9s par les bouteilles en plastiques. Ce jouet imite le bruit craquant de la bouteille tout en gardant toujours sa forme initiale et sans s'ab\u00eemer. Existe en plusieurs tailles.\",\"breadcrumb\":{\"@id\":\"https:\\\/\\\/www.vetorino.com\\\/boutique\\\/product\\\/jouet-crunchcore\\\/#breadcrumb\"},\"inLanguage\":\"fr-FR\",\"potentialAction\":[{\"@type\":\"ReadAction\",\"target\":[\"https:\\\/\\\/www.vetorino.com\\\/boutique\\\/product\\\/jouet-crunchcore\\\/\"]}]},{\"@type\":\"ImageObject\",\"inLanguage\":\"fr-FR\",\"@id\":\"https:\\\/\\\/www.vetorino.com\\\/boutique\\\/product\\\/jouet-crunchcore\\\/#primaryimage\",\"url\":\"https:\\\/\\\/www.vetorino.com\\\/boutique\\\/wp-content\\\/uploads\\\/2020\\\/03\\\/jouet-crunchcore.jpg\",\"contentUrl\":\"https:\\\/\\\/www.vetorino.com\\\/boutique\\\/wp-content\\\/uploads\\\/2020\\\/03\\\/jouet-crunchcore.jpg\",\"width\":800,\"height\":800},{\"@type\":\"BreadcrumbList\",\"@id\":\"https:\\\/\\\/www.vetorino.com\\\/boutique\\\/product\\\/jouet-crunchcore\\\/#breadcrumb\",\"itemListElement\":[{\"@type\":\"ListItem\",\"position\":1,\"name\":\"Accueil\",\"item\":\"https:\\\/\\\/www.vetorino.com\\\/boutique\\\/\"},{\"@type\":\"ListItem\",\"position\":2,\"name\":\"Produits\",\"item\":\"https:\\\/\\\/www.vetorino.com\\\/boutique\\\/\"},{\"@type\":\"ListItem\",\"position\":3,\"name\":\"Jouet Crunchcore\"}]},{\"@type\":\"WebSite\",\"@id\":\"https:\\\/\\\/www.vetorino.com\\\/boutique\\\/#website\",\"url\":\"https:\\\/\\\/www.vetorino.com\\\/boutique\\\/\",\"name\":\"V\u00e9torino\",\"description\":\"\",\"publisher\":{\"@id\":\"https:\\\/\\\/www.vetorino.com\\\/boutique\\\/#organization\"},\"potentialAction\":[{\"@type\":\"SearchAction\",\"target\":{\"@type\":\"EntryPoint\",\"urlTemplate\":\"https:\\\/\\\/www.vetorino.com\\\/boutique\\\/?s={search_term_string}\"},\"query-input\":{\"@type\":\"PropertyValueSpecification\",\"valueRequired\":true,\"valueName\":\"search_term_string\"}}],\"inLanguage\":\"fr-FR\"},{\"@type\":\"Organization\",\"@id\":\"https:\\\/\\\/www.vetorino.com\\\/boutique\\\/#organization\",\"name\":\"V\u00e9torino\",\"url\":\"https:\\\/\\\/www.vetorino.com\\\/boutique\\\/\",\"logo\":{\"@type\":\"ImageObject\",\"inLanguage\":\"fr-FR\",\"@id\":\"https:\\\/\\\/www.vetorino.com\\\/boutique\\\/#\\\/schema\\\/logo\\\/image\\\/\",\"url\":\"https:\\\/\\\/www.vetorino.com\\\/boutique\\\/wp-content\\\/uploads\\\/2024\\\/10\\\/logo.jpg\",\"contentUrl\":\"https:\\\/\\\/www.vetorino.com\\\/boutique\\\/wp-content\\\/uploads\\\/2024\\\/10\\\/logo.jpg\",\"width\":1200,\"height\":610,\"caption\":\"V\u00e9torino\"},\"image\":{\"@id\":\"https:\\\/\\\/www.vetorino.com\\\/boutique\\\/#\\\/schema\\\/logo\\\/image\\\/\"},\"sameAs\":[\"https:\\\/\\\/www.facebook.com\\\/Vetorino\\\/\",\"https:\\\/\\\/www.instagram.com\\\/vetorino_off\\\/\",\"https:\\\/\\\/www.linkedin.com\\\/company\\\/vtorino\\\/\"]}]}<\/script>\n<meta property=\"product:brand\" content=\"Petstages\" \/>\n<meta property=\"og:availability\" content=\"instock\" \/>\n<meta property=\"product:availability\" content=\"instock\" \/>\n<meta property=\"product:condition\" content=\"new\" \/>\n<!-- \/ Yoast SEO plugin. -->","yoast_head_json":{"title":"Jouet Crunchcore Petstages - V\u00e9torino","description":"Le jouet CRUNCHCORE est id\u00e9al pour les chiens particuli\u00e8rement attir\u00e9s par les bouteilles en plastiques. Ce jouet imite le bruit craquant de la bouteille tout en gardant toujours sa forme initiale et sans s'ab\u00eemer. Existe en plusieurs tailles.","robots":{"index":"noindex","follow":"nofollow"},"og_locale":"fr_FR","og_type":"article","og_title":"Jouet Crunchcore Petstages - V\u00e9torino","og_description":"Le jouet CRUNCHCORE est id\u00e9al pour les chiens particuli\u00e8rement attir\u00e9s par les bouteilles en plastiques. Ce jouet imite le bruit craquant de la bouteille tout en gardant toujours sa forme initiale et sans s'ab\u00eemer. Existe en plusieurs tailles.","og_url":"https:\/\/www.vetorino.com\/veterinaire\/toucy-89130\/boutique\/product\/jouet-crunchcore\/","og_site_name":"V\u00e9torino","article_publisher":"https:\/\/www.facebook.com\/Vetorino\/","article_modified_time":"2024-02-14T13:31:53+00:00","og_image":[{"width":800,"height":800,"url":"https:\/\/www.vetorino.com\/boutique\/wp-content\/uploads\/2020\/03\/jouet-crunchcore.jpg","type":"image\/jpeg"}],"twitter_card":"summary_large_image","twitter_misc":{"Disponibilit\u00e9":"En stock"},"schema":{"@context":"https:\/\/schema.org","@graph":[{"@type":"WebPage","@id":"https:\/\/www.vetorino.com\/boutique\/product\/jouet-crunchcore\/","url":"https:\/\/www.vetorino.com\/boutique\/product\/jouet-crunchcore\/","name":"Jouet Crunchcore Petstages - V\u00e9torino","isPartOf":{"@id":"https:\/\/www.vetorino.com\/boutique\/#website"},"primaryImageOfPage":{"@id":"https:\/\/www.vetorino.com\/boutique\/product\/jouet-crunchcore\/#primaryimage"},"image":{"@id":"https:\/\/www.vetorino.com\/boutique\/product\/jouet-crunchcore\/#primaryimage"},"thumbnailUrl":"https:\/\/www.vetorino.com\/boutique\/wp-content\/uploads\/2020\/03\/jouet-crunchcore.jpg","datePublished":"2020-03-04T21:57:03+00:00","dateModified":"2024-02-14T13:31:53+00:00","description":"Le jouet CRUNCHCORE est id\u00e9al pour les chiens particuli\u00e8rement attir\u00e9s par les bouteilles en plastiques. Ce jouet imite le bruit craquant de la bouteille tout en gardant toujours sa forme initiale et sans s'ab\u00eemer. Existe en plusieurs tailles.","breadcrumb":{"@id":"https:\/\/www.vetorino.com\/boutique\/product\/jouet-crunchcore\/#breadcrumb"},"inLanguage":"fr-FR","potentialAction":[{"@type":"ReadAction","target":["https:\/\/www.vetorino.com\/boutique\/product\/jouet-crunchcore\/"]}]},{"@type":"ImageObject","inLanguage":"fr-FR","@id":"https:\/\/www.vetorino.com\/boutique\/product\/jouet-crunchcore\/#primaryimage","url":"https:\/\/www.vetorino.com\/boutique\/wp-content\/uploads\/2020\/03\/jouet-crunchcore.jpg","contentUrl":"https:\/\/www.vetorino.com\/boutique\/wp-content\/uploads\/2020\/03\/jouet-crunchcore.jpg","width":800,"height":800},{"@type":"BreadcrumbList","@id":"https:\/\/www.vetorino.com\/boutique\/product\/jouet-crunchcore\/#breadcrumb","itemListElement":[{"@type":"ListItem","position":1,"name":"Accueil","item":"https:\/\/www.vetorino.com\/boutique\/"},{"@type":"ListItem","position":2,"name":"Produits","item":"https:\/\/www.vetorino.com\/boutique\/"},{"@type":"ListItem","position":3,"name":"Jouet Crunchcore"}]},{"@type":"WebSite","@id":"https:\/\/www.vetorino.com\/boutique\/#website","url":"https:\/\/www.vetorino.com\/boutique\/","name":"V\u00e9torino","description":"","publisher":{"@id":"https:\/\/www.vetorino.com\/boutique\/#organization"},"potentialAction":[{"@type":"SearchAction","target":{"@type":"EntryPoint","urlTemplate":"https:\/\/www.vetorino.com\/boutique\/?s={search_term_string}"},"query-input":{"@type":"PropertyValueSpecification","valueRequired":true,"valueName":"search_term_string"}}],"inLanguage":"fr-FR"},{"@type":"Organization","@id":"https:\/\/www.vetorino.com\/boutique\/#organization","name":"V\u00e9torino","url":"https:\/\/www.vetorino.com\/boutique\/","logo":{"@type":"ImageObject","inLanguage":"fr-FR","@id":"https:\/\/www.vetorino.com\/boutique\/#\/schema\/logo\/image\/","url":"https:\/\/www.vetorino.com\/boutique\/wp-content\/uploads\/2024\/10\/logo.jpg","contentUrl":"https:\/\/www.vetorino.com\/boutique\/wp-content\/uploads\/2024\/10\/logo.jpg","width":1200,"height":610,"caption":"V\u00e9torino"},"image":{"@id":"https:\/\/www.vetorino.com\/boutique\/#\/schema\/logo\/image\/"},"sameAs":["https:\/\/www.facebook.com\/Vetorino\/","https:\/\/www.instagram.com\/vetorino_off\/","https:\/\/www.linkedin.com\/company\/vtorino\/"]}]},"product_brand":"Petstages","og_availability":"instock","product_availability":"instock","product_condition":"new"},"_links":{"self":[{"href":"https:\/\/www.vetorino.com\/veterinaire\/toucy-89130\/boutique\/wp-json\/wp\/v2\/product\/35681","targetHints":{"allow":["GET"]}}],"collection":[{"href":"https:\/\/www.vetorino.com\/veterinaire\/toucy-89130\/boutique\/wp-json\/wp\/v2\/product"}],"about":[{"href":"https:\/\/www.vetorino.com\/veterinaire\/toucy-89130\/boutique\/wp-json\/wp\/v2\/types\/product"}],"wp:featuredmedia":[{"embeddable":true,"href":"https:\/\/www.vetorino.com\/veterinaire\/toucy-89130\/boutique\/wp-json\/wp\/v2\/media\/837636"}],"wp:attachment":[{"href":"https:\/\/www.vetorino.com\/veterinaire\/toucy-89130\/boutique\/wp-json\/wp\/v2\/media?parent=35681"}],"wp:term":[{"taxonomy":"product_cat","embeddable":true,"href":"https:\/\/www.vetorino.com\/veterinaire\/toucy-89130\/boutique\/wp-json\/wp\/v2\/product_cat?post=35681"},{"taxonomy":"product_tag","embeddable":true,"href":"https:\/\/www.vetorino.com\/veterinaire\/toucy-89130\/boutique\/wp-json\/wp\/v2\/product_tag?post=35681"}],"curies":[{"name":"wp","href":"https:\/\/api.w.org\/{rel}","templated":true}]}}