{"id":101287,"date":"2020-06-30T01:56:08","date_gmt":"2020-06-29T23:56:08","guid":{"rendered":"https:\/\/www.vetorino.com\/boutique\/product\/protection-patte-avant-pour-chien-back-on-track\/"},"modified":"2026-01-03T03:17:26","modified_gmt":"2026-01-03T02:17:26","slug":"protection-patte-avant-pour-chien-back-on-track","status":"publish","type":"product","link":"https:\/\/www.vetorino.com\/veterinaire\/tresserve-73100\/boutique\/product\/protection-patte-avant-pour-chien-back-on-track\/","title":{"rendered":"Protection patte avant pour chien Back On Track"},"content":{"rendered":"<div class='hidden'>MATERIEL<\/div>\n<div class='hidden'>Chiens<\/div>\n<p>En cas de faiblesse articulaire apr\u00e8s une chirurgie ou en raison de blessures ou d&#8217;arthrose, de ligament ou de tendon douloureux, la protection pour patte avant permet un bon ajustement pour une action optimale du Welltex*. <br \/>Pour la bonne taille, mesurer la circonf\u00e9rence autour de l&#8217;extr\u00e9mit\u00e9 de la patte.<br \/>* Le Welltex est un tissu polyester dans lequel a \u00e9t\u00e9 fondue de la poudre c\u00e9ramique. Il refl\u00e8te la chaleur du corps sous forme de rayonnements infrarouges qui diminue la tension musculaire et augmente la circulation sanguine de telle sorte que le processus de r\u00e9cup\u00e9ration et de cicatrisation est acc\u00e9l\u00e9r\u00e9.<\/p>\n","protected":false},"excerpt":{"rendered":"<p>MATERIEL Chiens En cas de faiblesse articulaire apr\u00e8s une chirurgie ou en raison de blessures ou d&#8217;arthrose, de ligament ou de tendon douloureux, la protection pour patte avant permet un bon ajustement pour une action optimale du Welltex*. Pour la bonne taille, mesurer la circonf\u00e9rence autour de l&#8217;extr\u00e9mit\u00e9 de la patte.* Le Welltex est un [&hellip;]<\/p>\n","protected":false},"featured_media":101284,"template":"","meta":[],"product_cat":[2698],"product_tag":[],"class_list":{"0":"post-101287","1":"product","2":"type-product","3":"status-publish","4":"has-post-thumbnail","6":"product_cat-chien","7":"pa_marque-back-on-track","9":"first","10":"instock","11":"taxable","12":"shipping-taxable","13":"purchasable","14":"product-type-variable"},"yoast_head":"<!-- This site is optimized with the Yoast SEO plugin v27.3 - https:\/\/yoast.com\/product\/yoast-seo-wordpress\/ -->\n<title>Protection patte avant pour chien Back On Track Back on Track - V\u00e9torino<\/title>\n<meta name=\"description\" content=\"MATERIELChiensEn cas de faiblesse articulaire apr\u00e8s une chirurgie ou en raison de blessures ou d&#039;arthrose, de ligament ou de tendon douloureux, la\" \/>\n<meta name=\"robots\" content=\"noindex, nofollow\" \/>\n<meta property=\"og:locale\" content=\"fr_FR\" \/>\n<meta property=\"og:type\" content=\"article\" \/>\n<meta property=\"og:title\" content=\"Protection patte avant pour chien Back On Track Back on Track - V\u00e9torino\" \/>\n<meta property=\"og:description\" content=\"MATERIELChiensEn cas de faiblesse articulaire apr\u00e8s une chirurgie ou en raison de blessures ou d&#039;arthrose, de ligament ou de tendon douloureux, la\" \/>\n<meta property=\"og:url\" content=\"https:\/\/www.vetorino.com\/veterinaire\/tresserve-73100\/boutique\/product\/protection-patte-avant-pour-chien-back-on-track\/\" \/>\n<meta property=\"og:site_name\" content=\"V\u00e9torino\" \/>\n<meta property=\"article:publisher\" content=\"https:\/\/www.facebook.com\/Vetorino\/\" \/>\n<meta property=\"article:modified_time\" content=\"2026-01-03T02:17:26+00:00\" \/>\n<meta property=\"og:image\" content=\"https:\/\/www.vetorino.com\/boutique\/wp-content\/uploads\/2020\/06\/FilsPRO769FormatMediumTypeIM.png\" \/>\n\t<meta property=\"og:image:width\" content=\"400\" \/>\n\t<meta property=\"og:image:height\" content=\"400\" \/>\n\t<meta property=\"og:image:type\" content=\"image\/png\" \/>\n<meta name=\"twitter:card\" content=\"summary_large_image\" \/>\n<meta name=\"twitter:label1\" content=\"Disponibilit\u00e9\" \/>\n\t<meta name=\"twitter:data1\" content=\"En stock\" \/>\n<script type=\"application\/ld+json\" class=\"yoast-schema-graph\">{\"@context\":\"https:\\\/\\\/schema.org\",\"@graph\":[{\"@type\":\"WebPage\",\"@id\":\"https:\\\/\\\/www.vetorino.com\\\/boutique\\\/product\\\/protection-patte-avant-pour-chien-back-on-track\\\/\",\"url\":\"https:\\\/\\\/www.vetorino.com\\\/boutique\\\/product\\\/protection-patte-avant-pour-chien-back-on-track\\\/\",\"name\":\"Protection patte avant pour chien Back On Track Back on Track - V\u00e9torino\",\"isPartOf\":{\"@id\":\"https:\\\/\\\/www.vetorino.com\\\/boutique\\\/#website\"},\"primaryImageOfPage\":{\"@id\":\"https:\\\/\\\/www.vetorino.com\\\/boutique\\\/product\\\/protection-patte-avant-pour-chien-back-on-track\\\/#primaryimage\"},\"image\":{\"@id\":\"https:\\\/\\\/www.vetorino.com\\\/boutique\\\/product\\\/protection-patte-avant-pour-chien-back-on-track\\\/#primaryimage\"},\"thumbnailUrl\":\"https:\\\/\\\/www.vetorino.com\\\/boutique\\\/wp-content\\\/uploads\\\/2020\\\/06\\\/FilsPRO769FormatMediumTypeIM.png\",\"datePublished\":\"2020-06-29T23:56:08+00:00\",\"dateModified\":\"2026-01-03T02:17:26+00:00\",\"description\":\"MATERIELChiensEn cas de faiblesse articulaire apr\u00e8s une chirurgie ou en raison de blessures ou d'arthrose, de ligament ou de tendon douloureux, la\",\"breadcrumb\":{\"@id\":\"https:\\\/\\\/www.vetorino.com\\\/boutique\\\/product\\\/protection-patte-avant-pour-chien-back-on-track\\\/#breadcrumb\"},\"inLanguage\":\"fr-FR\",\"potentialAction\":[{\"@type\":\"ReadAction\",\"target\":[\"https:\\\/\\\/www.vetorino.com\\\/boutique\\\/product\\\/protection-patte-avant-pour-chien-back-on-track\\\/\"]}]},{\"@type\":\"ImageObject\",\"inLanguage\":\"fr-FR\",\"@id\":\"https:\\\/\\\/www.vetorino.com\\\/boutique\\\/product\\\/protection-patte-avant-pour-chien-back-on-track\\\/#primaryimage\",\"url\":\"https:\\\/\\\/www.vetorino.com\\\/boutique\\\/wp-content\\\/uploads\\\/2020\\\/06\\\/FilsPRO769FormatMediumTypeIM.png\",\"contentUrl\":\"https:\\\/\\\/www.vetorino.com\\\/boutique\\\/wp-content\\\/uploads\\\/2020\\\/06\\\/FilsPRO769FormatMediumTypeIM.png\",\"width\":400,\"height\":400},{\"@type\":\"BreadcrumbList\",\"@id\":\"https:\\\/\\\/www.vetorino.com\\\/boutique\\\/product\\\/protection-patte-avant-pour-chien-back-on-track\\\/#breadcrumb\",\"itemListElement\":[{\"@type\":\"ListItem\",\"position\":1,\"name\":\"Accueil\",\"item\":\"https:\\\/\\\/www.vetorino.com\\\/boutique\\\/\"},{\"@type\":\"ListItem\",\"position\":2,\"name\":\"Produits\",\"item\":\"https:\\\/\\\/www.vetorino.com\\\/boutique\\\/\"},{\"@type\":\"ListItem\",\"position\":3,\"name\":\"Protection patte avant pour chien Back On Track\"}]},{\"@type\":\"WebSite\",\"@id\":\"https:\\\/\\\/www.vetorino.com\\\/boutique\\\/#website\",\"url\":\"https:\\\/\\\/www.vetorino.com\\\/boutique\\\/\",\"name\":\"V\u00e9torino\",\"description\":\"\",\"publisher\":{\"@id\":\"https:\\\/\\\/www.vetorino.com\\\/boutique\\\/#organization\"},\"potentialAction\":[{\"@type\":\"SearchAction\",\"target\":{\"@type\":\"EntryPoint\",\"urlTemplate\":\"https:\\\/\\\/www.vetorino.com\\\/boutique\\\/?s={search_term_string}\"},\"query-input\":{\"@type\":\"PropertyValueSpecification\",\"valueRequired\":true,\"valueName\":\"search_term_string\"}}],\"inLanguage\":\"fr-FR\"},{\"@type\":\"Organization\",\"@id\":\"https:\\\/\\\/www.vetorino.com\\\/boutique\\\/#organization\",\"name\":\"V\u00e9torino\",\"url\":\"https:\\\/\\\/www.vetorino.com\\\/boutique\\\/\",\"logo\":{\"@type\":\"ImageObject\",\"inLanguage\":\"fr-FR\",\"@id\":\"https:\\\/\\\/www.vetorino.com\\\/boutique\\\/#\\\/schema\\\/logo\\\/image\\\/\",\"url\":\"https:\\\/\\\/www.vetorino.com\\\/boutique\\\/wp-content\\\/uploads\\\/2024\\\/10\\\/logo.jpg\",\"contentUrl\":\"https:\\\/\\\/www.vetorino.com\\\/boutique\\\/wp-content\\\/uploads\\\/2024\\\/10\\\/logo.jpg\",\"width\":1200,\"height\":610,\"caption\":\"V\u00e9torino\"},\"image\":{\"@id\":\"https:\\\/\\\/www.vetorino.com\\\/boutique\\\/#\\\/schema\\\/logo\\\/image\\\/\"},\"sameAs\":[\"https:\\\/\\\/www.facebook.com\\\/Vetorino\\\/\",\"https:\\\/\\\/www.instagram.com\\\/vetorino_off\\\/\",\"https:\\\/\\\/www.linkedin.com\\\/company\\\/vtorino\\\/\"]}]}<\/script>\n<meta property=\"product:brand\" content=\"Back on Track\" \/>\n<meta property=\"og:availability\" content=\"instock\" \/>\n<meta property=\"product:availability\" content=\"instock\" \/>\n<meta property=\"product:condition\" content=\"new\" \/>\n<!-- \/ Yoast SEO plugin. -->","yoast_head_json":{"title":"Protection patte avant pour chien Back On Track Back on Track - V\u00e9torino","description":"MATERIELChiensEn cas de faiblesse articulaire apr\u00e8s une chirurgie ou en raison de blessures ou d'arthrose, de ligament ou de tendon douloureux, la","robots":{"index":"noindex","follow":"nofollow"},"og_locale":"fr_FR","og_type":"article","og_title":"Protection patte avant pour chien Back On Track Back on Track - V\u00e9torino","og_description":"MATERIELChiensEn cas de faiblesse articulaire apr\u00e8s une chirurgie ou en raison de blessures ou d'arthrose, de ligament ou de tendon douloureux, la","og_url":"https:\/\/www.vetorino.com\/veterinaire\/tresserve-73100\/boutique\/product\/protection-patte-avant-pour-chien-back-on-track\/","og_site_name":"V\u00e9torino","article_publisher":"https:\/\/www.facebook.com\/Vetorino\/","article_modified_time":"2026-01-03T02:17:26+00:00","og_image":[{"width":400,"height":400,"url":"https:\/\/www.vetorino.com\/boutique\/wp-content\/uploads\/2020\/06\/FilsPRO769FormatMediumTypeIM.png","type":"image\/png"}],"twitter_card":"summary_large_image","twitter_misc":{"Disponibilit\u00e9":"En stock"},"schema":{"@context":"https:\/\/schema.org","@graph":[{"@type":"WebPage","@id":"https:\/\/www.vetorino.com\/boutique\/product\/protection-patte-avant-pour-chien-back-on-track\/","url":"https:\/\/www.vetorino.com\/boutique\/product\/protection-patte-avant-pour-chien-back-on-track\/","name":"Protection patte avant pour chien Back On Track Back on Track - V\u00e9torino","isPartOf":{"@id":"https:\/\/www.vetorino.com\/boutique\/#website"},"primaryImageOfPage":{"@id":"https:\/\/www.vetorino.com\/boutique\/product\/protection-patte-avant-pour-chien-back-on-track\/#primaryimage"},"image":{"@id":"https:\/\/www.vetorino.com\/boutique\/product\/protection-patte-avant-pour-chien-back-on-track\/#primaryimage"},"thumbnailUrl":"https:\/\/www.vetorino.com\/boutique\/wp-content\/uploads\/2020\/06\/FilsPRO769FormatMediumTypeIM.png","datePublished":"2020-06-29T23:56:08+00:00","dateModified":"2026-01-03T02:17:26+00:00","description":"MATERIELChiensEn cas de faiblesse articulaire apr\u00e8s une chirurgie ou en raison de blessures ou d'arthrose, de ligament ou de tendon douloureux, la","breadcrumb":{"@id":"https:\/\/www.vetorino.com\/boutique\/product\/protection-patte-avant-pour-chien-back-on-track\/#breadcrumb"},"inLanguage":"fr-FR","potentialAction":[{"@type":"ReadAction","target":["https:\/\/www.vetorino.com\/boutique\/product\/protection-patte-avant-pour-chien-back-on-track\/"]}]},{"@type":"ImageObject","inLanguage":"fr-FR","@id":"https:\/\/www.vetorino.com\/boutique\/product\/protection-patte-avant-pour-chien-back-on-track\/#primaryimage","url":"https:\/\/www.vetorino.com\/boutique\/wp-content\/uploads\/2020\/06\/FilsPRO769FormatMediumTypeIM.png","contentUrl":"https:\/\/www.vetorino.com\/boutique\/wp-content\/uploads\/2020\/06\/FilsPRO769FormatMediumTypeIM.png","width":400,"height":400},{"@type":"BreadcrumbList","@id":"https:\/\/www.vetorino.com\/boutique\/product\/protection-patte-avant-pour-chien-back-on-track\/#breadcrumb","itemListElement":[{"@type":"ListItem","position":1,"name":"Accueil","item":"https:\/\/www.vetorino.com\/boutique\/"},{"@type":"ListItem","position":2,"name":"Produits","item":"https:\/\/www.vetorino.com\/boutique\/"},{"@type":"ListItem","position":3,"name":"Protection patte avant pour chien Back On Track"}]},{"@type":"WebSite","@id":"https:\/\/www.vetorino.com\/boutique\/#website","url":"https:\/\/www.vetorino.com\/boutique\/","name":"V\u00e9torino","description":"","publisher":{"@id":"https:\/\/www.vetorino.com\/boutique\/#organization"},"potentialAction":[{"@type":"SearchAction","target":{"@type":"EntryPoint","urlTemplate":"https:\/\/www.vetorino.com\/boutique\/?s={search_term_string}"},"query-input":{"@type":"PropertyValueSpecification","valueRequired":true,"valueName":"search_term_string"}}],"inLanguage":"fr-FR"},{"@type":"Organization","@id":"https:\/\/www.vetorino.com\/boutique\/#organization","name":"V\u00e9torino","url":"https:\/\/www.vetorino.com\/boutique\/","logo":{"@type":"ImageObject","inLanguage":"fr-FR","@id":"https:\/\/www.vetorino.com\/boutique\/#\/schema\/logo\/image\/","url":"https:\/\/www.vetorino.com\/boutique\/wp-content\/uploads\/2024\/10\/logo.jpg","contentUrl":"https:\/\/www.vetorino.com\/boutique\/wp-content\/uploads\/2024\/10\/logo.jpg","width":1200,"height":610,"caption":"V\u00e9torino"},"image":{"@id":"https:\/\/www.vetorino.com\/boutique\/#\/schema\/logo\/image\/"},"sameAs":["https:\/\/www.facebook.com\/Vetorino\/","https:\/\/www.instagram.com\/vetorino_off\/","https:\/\/www.linkedin.com\/company\/vtorino\/"]}]},"product_brand":"Back on Track","og_availability":"instock","product_availability":"instock","product_condition":"new"},"_links":{"self":[{"href":"https:\/\/www.vetorino.com\/veterinaire\/tresserve-73100\/boutique\/wp-json\/wp\/v2\/product\/101287","targetHints":{"allow":["GET"]}}],"collection":[{"href":"https:\/\/www.vetorino.com\/veterinaire\/tresserve-73100\/boutique\/wp-json\/wp\/v2\/product"}],"about":[{"href":"https:\/\/www.vetorino.com\/veterinaire\/tresserve-73100\/boutique\/wp-json\/wp\/v2\/types\/product"}],"wp:featuredmedia":[{"embeddable":true,"href":"https:\/\/www.vetorino.com\/veterinaire\/tresserve-73100\/boutique\/wp-json\/wp\/v2\/media\/101284"}],"wp:attachment":[{"href":"https:\/\/www.vetorino.com\/veterinaire\/tresserve-73100\/boutique\/wp-json\/wp\/v2\/media?parent=101287"}],"wp:term":[{"taxonomy":"product_cat","embeddable":true,"href":"https:\/\/www.vetorino.com\/veterinaire\/tresserve-73100\/boutique\/wp-json\/wp\/v2\/product_cat?post=101287"},{"taxonomy":"product_tag","embeddable":true,"href":"https:\/\/www.vetorino.com\/veterinaire\/tresserve-73100\/boutique\/wp-json\/wp\/v2\/product_tag?post=101287"}],"curies":[{"name":"wp","href":"https:\/\/api.w.org\/{rel}","templated":true}]}}