{"id":103936,"date":"2020-06-30T17:52:54","date_gmt":"2020-06-30T15:52:54","guid":{"rendered":"https:\/\/www.vetorino.com\/boutique\/product\/cunipic-vetline-lapin-skin-support\/"},"modified":"2024-07-21T22:31:25","modified_gmt":"2024-07-21T20:31:25","slug":"cunipic-vetline-lapin-skin-support","status":"publish","type":"product","link":"https:\/\/www.vetorino.com\/veterinaire\/tresserve-73100\/boutique\/product\/cunipic-vetline-lapin-skin-support\/","title":{"rendered":"Cunipic Vetline Lapin Skin Support"},"content":{"rendered":"<div class='hidden'>GREENVET<\/div>\n<div class='hidden'>Rongeurs<\/div>\n<div class='hidden'>Dermatologie<\/div>\n<div class='hidden'>Sec<\/div>\n<div class='hidden'>Foin<\/div>\n<div class='hidden'>Cunipic Vetline<\/div>\n<div class='hidden'>Lapin<BR \/>Aide \u00e0 combattre les maladies affectant la peau et les phan\u00e8res<\/div>\n<p>Aliment recommand\u00e9 en soutien et compl\u00e9ment du traitement des maladies qui affectent la peau et les phan\u00e8res des Lapins. <br \/>&#8211; Ce m\u00e9lange de plantes \u00e0 objectifs sp\u00e9ciaux contribue \u00e0 maintenir une peau saine et un pelage brillant. <br \/>&#8211; Concourt au bon fonctionnement m\u00e9tabolique de l&#8217;organisme de votre animal et \u00e0 la r\u00e9sistance de la peau \u00e0 des facteurs externes tels que le froid, la chaleur et l&#8217;humidit\u00e9.<\/p>\n","protected":false},"excerpt":{"rendered":"<p>GREENVET Rongeurs Dermatologie Sec Foin Cunipic Vetline LapinAide \u00e0 combattre les maladies affectant la peau et les phan\u00e8res Aliment recommand\u00e9 en soutien et compl\u00e9ment du traitement des maladies qui affectent la peau et les phan\u00e8res des Lapins. &#8211; Ce m\u00e9lange de plantes \u00e0 objectifs sp\u00e9ciaux contribue \u00e0 maintenir une peau saine et un pelage brillant. [&hellip;]<\/p>\n","protected":false},"featured_media":103935,"template":"","meta":[],"product_cat":[12578,12659,12563,2727,12570],"product_tag":[],"class_list":{"0":"post-103936","1":"product","2":"type-product","3":"status-publish","4":"has-post-thumbnail","6":"product_cat-alimentation-du-lapin","7":"product_cat-alimentation-medicalisee-pour-lapin","8":"product_cat-lapin","9":"product_cat-nac","10":"product_cat-rongeur","11":"pa_marque-cunipic","13":"first","14":"outofstock","15":"taxable","16":"shipping-taxable","17":"purchasable","18":"product-type-simple"},"yoast_head":"<!-- This site is optimized with the Yoast SEO plugin v27.3 - https:\/\/yoast.com\/product\/yoast-seo-wordpress\/ -->\n<title>Cunipic Vetline Cunipic Vetline Lapin Skin Support Cunipic - V\u00e9torino<\/title>\n<meta name=\"description\" content=\"GREENVETRongeursDermatologieSecFoinCunipic VetlineLapinAide \u00e0 combattre les maladies affectant la peau et les phan\u00e8resAliment recommand\u00e9 en soutien et\" \/>\n<meta name=\"robots\" content=\"noindex, nofollow\" \/>\n<meta property=\"og:locale\" content=\"fr_FR\" \/>\n<meta property=\"og:type\" content=\"article\" \/>\n<meta property=\"og:title\" content=\"Cunipic Vetline Cunipic Vetline Lapin Skin Support Cunipic - V\u00e9torino\" \/>\n<meta property=\"og:description\" content=\"GREENVETRongeursDermatologieSecFoinCunipic VetlineLapinAide \u00e0 combattre les maladies affectant la peau et les phan\u00e8resAliment recommand\u00e9 en soutien et\" \/>\n<meta property=\"og:url\" content=\"https:\/\/www.vetorino.com\/veterinaire\/tresserve-73100\/boutique\/product\/cunipic-vetline-lapin-skin-support\/\" \/>\n<meta property=\"og:site_name\" content=\"V\u00e9torino\" \/>\n<meta property=\"article:publisher\" content=\"https:\/\/www.facebook.com\/Vetorino\/\" \/>\n<meta property=\"article:modified_time\" content=\"2024-07-21T20:31:25+00:00\" \/>\n<meta property=\"og:image\" content=\"https:\/\/www.vetorino.com\/boutique\/wp-content\/uploads\/2020\/06\/FilsVET075FormatMediumTypeIM.png\" \/>\n\t<meta property=\"og:image:width\" content=\"400\" \/>\n\t<meta property=\"og:image:height\" content=\"400\" \/>\n\t<meta property=\"og:image:type\" content=\"image\/png\" \/>\n<meta name=\"twitter:card\" content=\"summary_large_image\" \/>\n<meta name=\"twitter:label1\" content=\"Prix\" \/>\n\t<meta name=\"twitter:data1\" content=\"15,82&euro;\" \/>\n\t<meta name=\"twitter:label2\" content=\"Disponibilit\u00e9\" \/>\n\t<meta name=\"twitter:data2\" content=\"Rupture de stock\" \/>\n<script type=\"application\/ld+json\" class=\"yoast-schema-graph\">{\"@context\":\"https:\\\/\\\/schema.org\",\"@graph\":[{\"@type\":\"WebPage\",\"@id\":\"https:\\\/\\\/www.vetorino.com\\\/boutique\\\/product\\\/cunipic-vetline-lapin-skin-support\\\/\",\"url\":\"https:\\\/\\\/www.vetorino.com\\\/boutique\\\/product\\\/cunipic-vetline-lapin-skin-support\\\/\",\"name\":\"Cunipic Vetline Cunipic Vetline Lapin Skin Support Cunipic - V\u00e9torino\",\"isPartOf\":{\"@id\":\"https:\\\/\\\/www.vetorino.com\\\/boutique\\\/#website\"},\"primaryImageOfPage\":{\"@id\":\"https:\\\/\\\/www.vetorino.com\\\/boutique\\\/product\\\/cunipic-vetline-lapin-skin-support\\\/#primaryimage\"},\"image\":{\"@id\":\"https:\\\/\\\/www.vetorino.com\\\/boutique\\\/product\\\/cunipic-vetline-lapin-skin-support\\\/#primaryimage\"},\"thumbnailUrl\":\"https:\\\/\\\/www.vetorino.com\\\/boutique\\\/wp-content\\\/uploads\\\/2020\\\/06\\\/FilsVET075FormatMediumTypeIM.png\",\"datePublished\":\"2020-06-30T15:52:54+00:00\",\"dateModified\":\"2024-07-21T20:31:25+00:00\",\"description\":\"GREENVETRongeursDermatologieSecFoinCunipic VetlineLapinAide \u00e0 combattre les maladies affectant la peau et les phan\u00e8resAliment recommand\u00e9 en soutien et\",\"breadcrumb\":{\"@id\":\"https:\\\/\\\/www.vetorino.com\\\/boutique\\\/product\\\/cunipic-vetline-lapin-skin-support\\\/#breadcrumb\"},\"inLanguage\":\"fr-FR\",\"potentialAction\":[{\"@type\":\"ReadAction\",\"target\":[\"https:\\\/\\\/www.vetorino.com\\\/boutique\\\/product\\\/cunipic-vetline-lapin-skin-support\\\/\"]}]},{\"@type\":\"ImageObject\",\"inLanguage\":\"fr-FR\",\"@id\":\"https:\\\/\\\/www.vetorino.com\\\/boutique\\\/product\\\/cunipic-vetline-lapin-skin-support\\\/#primaryimage\",\"url\":\"https:\\\/\\\/www.vetorino.com\\\/boutique\\\/wp-content\\\/uploads\\\/2020\\\/06\\\/FilsVET075FormatMediumTypeIM.png\",\"contentUrl\":\"https:\\\/\\\/www.vetorino.com\\\/boutique\\\/wp-content\\\/uploads\\\/2020\\\/06\\\/FilsVET075FormatMediumTypeIM.png\",\"width\":400,\"height\":400},{\"@type\":\"BreadcrumbList\",\"@id\":\"https:\\\/\\\/www.vetorino.com\\\/boutique\\\/product\\\/cunipic-vetline-lapin-skin-support\\\/#breadcrumb\",\"itemListElement\":[{\"@type\":\"ListItem\",\"position\":1,\"name\":\"Accueil\",\"item\":\"https:\\\/\\\/www.vetorino.com\\\/boutique\\\/\"},{\"@type\":\"ListItem\",\"position\":2,\"name\":\"Produits\",\"item\":\"https:\\\/\\\/www.vetorino.com\\\/boutique\\\/\"},{\"@type\":\"ListItem\",\"position\":3,\"name\":\"Cunipic Vetline Lapin Skin Support\"}]},{\"@type\":\"WebSite\",\"@id\":\"https:\\\/\\\/www.vetorino.com\\\/boutique\\\/#website\",\"url\":\"https:\\\/\\\/www.vetorino.com\\\/boutique\\\/\",\"name\":\"V\u00e9torino\",\"description\":\"\",\"publisher\":{\"@id\":\"https:\\\/\\\/www.vetorino.com\\\/boutique\\\/#organization\"},\"potentialAction\":[{\"@type\":\"SearchAction\",\"target\":{\"@type\":\"EntryPoint\",\"urlTemplate\":\"https:\\\/\\\/www.vetorino.com\\\/boutique\\\/?s={search_term_string}\"},\"query-input\":{\"@type\":\"PropertyValueSpecification\",\"valueRequired\":true,\"valueName\":\"search_term_string\"}}],\"inLanguage\":\"fr-FR\"},{\"@type\":\"Organization\",\"@id\":\"https:\\\/\\\/www.vetorino.com\\\/boutique\\\/#organization\",\"name\":\"V\u00e9torino\",\"url\":\"https:\\\/\\\/www.vetorino.com\\\/boutique\\\/\",\"logo\":{\"@type\":\"ImageObject\",\"inLanguage\":\"fr-FR\",\"@id\":\"https:\\\/\\\/www.vetorino.com\\\/boutique\\\/#\\\/schema\\\/logo\\\/image\\\/\",\"url\":\"https:\\\/\\\/www.vetorino.com\\\/boutique\\\/wp-content\\\/uploads\\\/2024\\\/10\\\/logo.jpg\",\"contentUrl\":\"https:\\\/\\\/www.vetorino.com\\\/boutique\\\/wp-content\\\/uploads\\\/2024\\\/10\\\/logo.jpg\",\"width\":1200,\"height\":610,\"caption\":\"V\u00e9torino\"},\"image\":{\"@id\":\"https:\\\/\\\/www.vetorino.com\\\/boutique\\\/#\\\/schema\\\/logo\\\/image\\\/\"},\"sameAs\":[\"https:\\\/\\\/www.facebook.com\\\/Vetorino\\\/\",\"https:\\\/\\\/www.instagram.com\\\/vetorino_off\\\/\",\"https:\\\/\\\/www.linkedin.com\\\/company\\\/vtorino\\\/\"]}]}<\/script>\n<meta property=\"product:brand\" content=\"Cunipic\" \/>\n<meta property=\"product:price:amount\" content=\"15.82\" \/>\n<meta property=\"product:price:currency\" content=\"EUR\" \/>\n<meta property=\"og:availability\" content=\"out of stock\" \/>\n<meta property=\"product:availability\" content=\"out of stock\" \/>\n<meta property=\"product:retailer_item_id\" content=\"C-VET075\" \/>\n<meta property=\"product:condition\" content=\"new\" \/>\n<!-- \/ Yoast SEO plugin. -->","yoast_head_json":{"title":"Cunipic Vetline Cunipic Vetline Lapin Skin Support Cunipic - V\u00e9torino","description":"GREENVETRongeursDermatologieSecFoinCunipic VetlineLapinAide \u00e0 combattre les maladies affectant la peau et les phan\u00e8resAliment recommand\u00e9 en soutien et","robots":{"index":"noindex","follow":"nofollow"},"og_locale":"fr_FR","og_type":"article","og_title":"Cunipic Vetline Cunipic Vetline Lapin Skin Support Cunipic - V\u00e9torino","og_description":"GREENVETRongeursDermatologieSecFoinCunipic VetlineLapinAide \u00e0 combattre les maladies affectant la peau et les phan\u00e8resAliment recommand\u00e9 en soutien et","og_url":"https:\/\/www.vetorino.com\/veterinaire\/tresserve-73100\/boutique\/product\/cunipic-vetline-lapin-skin-support\/","og_site_name":"V\u00e9torino","article_publisher":"https:\/\/www.facebook.com\/Vetorino\/","article_modified_time":"2024-07-21T20:31:25+00:00","og_image":[{"width":400,"height":400,"url":"https:\/\/www.vetorino.com\/boutique\/wp-content\/uploads\/2020\/06\/FilsVET075FormatMediumTypeIM.png","type":"image\/png"}],"twitter_card":"summary_large_image","twitter_misc":{"Prix":"15,82&euro;","Disponibilit\u00e9":"Rupture de stock"},"schema":{"@context":"https:\/\/schema.org","@graph":[{"@type":"WebPage","@id":"https:\/\/www.vetorino.com\/boutique\/product\/cunipic-vetline-lapin-skin-support\/","url":"https:\/\/www.vetorino.com\/boutique\/product\/cunipic-vetline-lapin-skin-support\/","name":"Cunipic Vetline Cunipic Vetline Lapin Skin Support Cunipic - V\u00e9torino","isPartOf":{"@id":"https:\/\/www.vetorino.com\/boutique\/#website"},"primaryImageOfPage":{"@id":"https:\/\/www.vetorino.com\/boutique\/product\/cunipic-vetline-lapin-skin-support\/#primaryimage"},"image":{"@id":"https:\/\/www.vetorino.com\/boutique\/product\/cunipic-vetline-lapin-skin-support\/#primaryimage"},"thumbnailUrl":"https:\/\/www.vetorino.com\/boutique\/wp-content\/uploads\/2020\/06\/FilsVET075FormatMediumTypeIM.png","datePublished":"2020-06-30T15:52:54+00:00","dateModified":"2024-07-21T20:31:25+00:00","description":"GREENVETRongeursDermatologieSecFoinCunipic VetlineLapinAide \u00e0 combattre les maladies affectant la peau et les phan\u00e8resAliment recommand\u00e9 en soutien et","breadcrumb":{"@id":"https:\/\/www.vetorino.com\/boutique\/product\/cunipic-vetline-lapin-skin-support\/#breadcrumb"},"inLanguage":"fr-FR","potentialAction":[{"@type":"ReadAction","target":["https:\/\/www.vetorino.com\/boutique\/product\/cunipic-vetline-lapin-skin-support\/"]}]},{"@type":"ImageObject","inLanguage":"fr-FR","@id":"https:\/\/www.vetorino.com\/boutique\/product\/cunipic-vetline-lapin-skin-support\/#primaryimage","url":"https:\/\/www.vetorino.com\/boutique\/wp-content\/uploads\/2020\/06\/FilsVET075FormatMediumTypeIM.png","contentUrl":"https:\/\/www.vetorino.com\/boutique\/wp-content\/uploads\/2020\/06\/FilsVET075FormatMediumTypeIM.png","width":400,"height":400},{"@type":"BreadcrumbList","@id":"https:\/\/www.vetorino.com\/boutique\/product\/cunipic-vetline-lapin-skin-support\/#breadcrumb","itemListElement":[{"@type":"ListItem","position":1,"name":"Accueil","item":"https:\/\/www.vetorino.com\/boutique\/"},{"@type":"ListItem","position":2,"name":"Produits","item":"https:\/\/www.vetorino.com\/boutique\/"},{"@type":"ListItem","position":3,"name":"Cunipic Vetline Lapin Skin Support"}]},{"@type":"WebSite","@id":"https:\/\/www.vetorino.com\/boutique\/#website","url":"https:\/\/www.vetorino.com\/boutique\/","name":"V\u00e9torino","description":"","publisher":{"@id":"https:\/\/www.vetorino.com\/boutique\/#organization"},"potentialAction":[{"@type":"SearchAction","target":{"@type":"EntryPoint","urlTemplate":"https:\/\/www.vetorino.com\/boutique\/?s={search_term_string}"},"query-input":{"@type":"PropertyValueSpecification","valueRequired":true,"valueName":"search_term_string"}}],"inLanguage":"fr-FR"},{"@type":"Organization","@id":"https:\/\/www.vetorino.com\/boutique\/#organization","name":"V\u00e9torino","url":"https:\/\/www.vetorino.com\/boutique\/","logo":{"@type":"ImageObject","inLanguage":"fr-FR","@id":"https:\/\/www.vetorino.com\/boutique\/#\/schema\/logo\/image\/","url":"https:\/\/www.vetorino.com\/boutique\/wp-content\/uploads\/2024\/10\/logo.jpg","contentUrl":"https:\/\/www.vetorino.com\/boutique\/wp-content\/uploads\/2024\/10\/logo.jpg","width":1200,"height":610,"caption":"V\u00e9torino"},"image":{"@id":"https:\/\/www.vetorino.com\/boutique\/#\/schema\/logo\/image\/"},"sameAs":["https:\/\/www.facebook.com\/Vetorino\/","https:\/\/www.instagram.com\/vetorino_off\/","https:\/\/www.linkedin.com\/company\/vtorino\/"]}]},"product_brand":"Cunipic","product_price_amount":"15.82","product_price_currency":"EUR","og_availability":"out of stock","product_availability":"out of stock","product_retailer_item_id":"C-VET075","product_condition":"new"},"_links":{"self":[{"href":"https:\/\/www.vetorino.com\/veterinaire\/tresserve-73100\/boutique\/wp-json\/wp\/v2\/product\/103936","targetHints":{"allow":["GET"]}}],"collection":[{"href":"https:\/\/www.vetorino.com\/veterinaire\/tresserve-73100\/boutique\/wp-json\/wp\/v2\/product"}],"about":[{"href":"https:\/\/www.vetorino.com\/veterinaire\/tresserve-73100\/boutique\/wp-json\/wp\/v2\/types\/product"}],"wp:featuredmedia":[{"embeddable":true,"href":"https:\/\/www.vetorino.com\/veterinaire\/tresserve-73100\/boutique\/wp-json\/wp\/v2\/media\/103935"}],"wp:attachment":[{"href":"https:\/\/www.vetorino.com\/veterinaire\/tresserve-73100\/boutique\/wp-json\/wp\/v2\/media?parent=103936"}],"wp:term":[{"taxonomy":"product_cat","embeddable":true,"href":"https:\/\/www.vetorino.com\/veterinaire\/tresserve-73100\/boutique\/wp-json\/wp\/v2\/product_cat?post=103936"},{"taxonomy":"product_tag","embeddable":true,"href":"https:\/\/www.vetorino.com\/veterinaire\/tresserve-73100\/boutique\/wp-json\/wp\/v2\/product_tag?post=103936"}],"curies":[{"name":"wp","href":"https:\/\/api.w.org\/{rel}","templated":true}]}}