{"id":312575,"date":"2022-04-11T11:28:26","date_gmt":"2022-04-11T09:28:26","guid":{"rendered":"https:\/\/www.vetorino.com\/boutique\/product\/gps-tractive-cat-pour-chat\/"},"modified":"2023-04-28T02:42:17","modified_gmt":"2023-04-28T00:42:17","slug":"gps-tractive-cat-pour-chat","status":"publish","type":"product","link":"https:\/\/www.vetorino.com\/veterinaire\/tresserve-73100\/boutique\/product\/gps-tractive-cat-pour-chat\/","title":{"rendered":"Collier GPS pour chat &#8211; Tractive GPS CAT 4"},"content":{"rendered":"<p>Avec ce collier GPS pour chat, vous pouvez suivre votre chat en temps r\u00e9el et le maintenir en forme avec le suivi d&#8217;activit\u00e9. Un abonnement abordable &#8211; sans frais suppl\u00e9mentaires &#8211; vous permettra une localisation illimit\u00e9e. Avec l&#8217;application Tractive, le traceur GPS chat, 100 % \u00e9tanche et r\u00e9sistant aux chocs, vous permettra de veiller \u00e0 la s\u00e9curit\u00e9 de votre chat avec des fonctions comme la cl\u00f4ture virtuelle.<br \/>\n<strong>Fonctions :<\/strong><\/p>\n<ul>\n<li><strong>Tranquillit\u00e9 d&#8217;esprit avec l\u2019abonnement. <\/strong>Pas de frais mobiles, pas de co\u00fbts suppl\u00e9mentaires. Un suivi illimit\u00e9 24 h sur 24 avec un abonnement mensuel, d&#8217;un ou deux ans. Infos abonnements : <a href=\"https:\/\/tractive.com\/fr\/c\/plans\"><span style=\"color: #0066cc\">https:\/\/tractive.com\/fr\/c\/plans<\/span><\/a>.<\/li>\n<li><strong>Mode LIVE :<\/strong> obtenez des mises \u00e0 jour toutes les 2 \u00e0 3 secondes lorsque vous en avez le plus besoin &#8211; si votre chat sort ou se perd.<\/li>\n<li><strong>Historique de localisation :<\/strong> Voyez ce que fait votre chat lorsque vous n&#8217;\u00eates pas l\u00e0 et d\u00e9couvrez ses coins pr\u00e9f\u00e9r\u00e9s.<\/li>\n<li><strong>Cl\u00f4ture virtuelle :<\/strong> d\u00e9finissez des zones s\u00fbres &#8211; tel que votre jardin ou quartier &#8211; sur l&#8217;application Tractive GPS. Vous serez averti lorsque votre chat en sort ou y entre.<\/li>\n<li><strong>Suivi d&#8217;activit\u00e9 : <\/strong>gardez votre chat heureux et en bonne forme. Voyez combien de temps il passe \u00e0 dormir ou \u00e0 bouger. Surveillez les calories, d\u00e9finissez des objectifs et obtenez des r\u00e9compenses.<\/li>\n<li><strong>Partage du traceur : <\/strong>Mettez-vous \u00e0 plusieurs pour veiller sur votre chat. Cr\u00e9ez un lien public si vous avez besoin d&#8217;aide pour retrouver votre chien.<\/li>\n<\/ul>\n<p><strong>Caract\u00e9ristiques :<\/strong><\/p>\n<ul>\n<li>100 % \u00e9tanche, r\u00e9sistant aux chocs et \u00e0 l&#8217;\u00e9preuve des chats. Que votre chat aime sauter, courir, grimper ou chasser, le traceur l&#8217;accompagnera.<\/li>\n<li>Autonomie jusqu&#8217;\u00e0 5 jours, chargement complet en 2 heures.<\/li>\n<li>Port\u00e9e illimit\u00e9e dans plus de 150 pays.<\/li>\n<li>L\u00e9ger (moins de 30 g) et con\u00e7u pour les chats.<\/li>\n<li>Livr\u00e9 avec un collier pour chat fabriqu\u00e9 par HUNTER\u00ae disposant d&#8217;une attache int\u00e9gr\u00e9e pour le Tractive GPS Cat Tracker.<\/li>\n<li>Dimensions : 72 x 29 x 16 mm.<\/li>\n<li>Garantie : 2 ans.<\/li>\n<\/ul>\n<p><strong>Tranquillit\u00e9 d&#8217;esprit avec l\u2019abonnement : <\/strong>pas de frais mobiles, pas de co\u00fbts suppl\u00e9mentaires. Un suivi illimit\u00e9 24 h sur 24 avec un abonnement mensuel, d&#8217;un ou deux ans. Infos abonnements : <a href=\"https:\/\/tractive.com\/fr\/c\/plans\"><span style=\"color: #0066cc\">https:\/\/tractive.com\/fr\/c\/plans<\/span><\/a>.<br \/>\nApplication gratuite pour Android, iPhone et web. Activation traceur : <a href=\"https:\/\/my.tractive.com\"><span style=\"color: #0066cc\">https:\/\/my.tractive.com<\/span><\/a>.<br \/>\nPlus d\u2019informations : <a href=\"https:\/\/help.tractive.com\"><span style=\"color: #0066cc\">https:\/\/help.tractive.com<\/span><\/a>.<br \/>\nLe pack comprend : la balise GPS, un c\u00e2ble USB et un collier Hunter.<\/p>\n","protected":false},"excerpt":{"rendered":"<div id=\"product-description-short-5034\">\n<p>Traceur GPS pour chat avec un suivi en temps r\u00e9el, une port\u00e9e illimit\u00e9e et un historique sur 365 jours. <strong>Abonnement d\u00e8s 4 \u20ac par mois. Jusqu&#8217;\u00e0 7 jours d&#8217;autonomie<\/strong>. L&#8217;attache incluse convient \u00e0 la plupart des colliers pour chat.<\/p>\n<p><span style=\"color: #ff0000\"><strong>L&#8217;article est en voie de remplacement (Voir le tractive GPS Cat 4)<\/strong><\/span><\/p>\n<\/div>\n<div id=\"product-description-short-5034\">\n<ul>\n<li>Chats<\/li>\n<li>Se fixe au collier de votre compagnon<\/li>\n<li>Suivi d&#8217;activit\u00e9 via l&#8217;application mobile d\u00e9di\u00e9e<\/li>\n<li>Abonnement d\u00e8s 4\u20ac \/ mois<\/li>\n<\/ul>\n<\/div>\n<div class=\"product-actions\">\n<div class=\"mdj_product_master\"><\/div>\n<div class=\"mdc_product_actions_block\">\n<div class=\"mdc_product_infos_display\">\n<div class=\"product-prices mdc_product_prices_container\">\n<div class=\"product__product-price product-price mdc_product_prices_block \"><\/div>\n<\/div>\n<\/div>\n<\/div>\n<\/div>\n","protected":false},"featured_media":312808,"template":"","meta":[],"product_cat":[12548,2697],"product_tag":[],"class_list":{"0":"post-312575","1":"product","2":"type-product","3":"status-publish","4":"has-post-thumbnail","6":"product_cat-accessoire-du-chat","7":"product_cat-chat","8":"pa_marque-tractive","10":"first","11":"outofstock","12":"taxable","13":"shipping-taxable","14":"purchasable","15":"product-type-simple"},"yoast_head":"<!-- This site is optimized with the Yoast SEO plugin v27.3 - https:\/\/yoast.com\/product\/yoast-seo-wordpress\/ -->\n<title>Collier GPS pour chat - Tractive GPS CAT 4 Tractive - V\u00e9torino<\/title>\n<meta name=\"description\" content=\"Traceur GPS pour chat avec un suivi en temps r\u00e9el, une port\u00e9e illimit\u00e9e et un historique sur 365 jours. Abonnement d\u00e8s 4 \u20ac par mois. Jusqu&#039;\u00e0 7 jours d&#039;autonomie. L&#039;attache incluse convient \u00e0 la plupart des colliers pour chat.  L&#039;article est en voie de remplacement (Voir le tractive GPS Cat 4)      Chats  Se fixe au collier de votre compagnon  Suivi d&#039;activit\u00e9 via l&#039;application mobile d\u00e9di\u00e9e  Abonnement d\u00e8s 4\u20ac \/ mois\" \/>\n<meta name=\"robots\" content=\"noindex, nofollow\" \/>\n<meta property=\"og:locale\" content=\"fr_FR\" \/>\n<meta property=\"og:type\" content=\"article\" \/>\n<meta property=\"og:title\" content=\"Collier GPS pour chat - Tractive GPS CAT 4 Tractive - V\u00e9torino\" \/>\n<meta property=\"og:description\" content=\"Traceur GPS pour chat avec un suivi en temps r\u00e9el, une port\u00e9e illimit\u00e9e et un historique sur 365 jours. Abonnement d\u00e8s 4 \u20ac par mois. Jusqu&#039;\u00e0 7 jours d&#039;autonomie. L&#039;attache incluse convient \u00e0 la plupart des colliers pour chat.  L&#039;article est en voie de remplacement (Voir le tractive GPS Cat 4)      Chats  Se fixe au collier de votre compagnon  Suivi d&#039;activit\u00e9 via l&#039;application mobile d\u00e9di\u00e9e  Abonnement d\u00e8s 4\u20ac \/ mois\" \/>\n<meta property=\"og:url\" content=\"https:\/\/www.vetorino.com\/veterinaire\/tresserve-73100\/boutique\/product\/gps-tractive-cat-pour-chat\/\" \/>\n<meta property=\"og:site_name\" content=\"V\u00e9torino\" \/>\n<meta property=\"article:publisher\" content=\"https:\/\/www.facebook.com\/Vetorino\/\" \/>\n<meta property=\"article:modified_time\" content=\"2023-04-28T00:42:17+00:00\" \/>\n<meta property=\"og:image\" content=\"https:\/\/www.vetorino.com\/boutique\/wp-content\/uploads\/2022\/04\/tracti-ve-chat-blanc.jpg\" \/>\n\t<meta property=\"og:image:width\" content=\"679\" \/>\n\t<meta property=\"og:image:height\" content=\"713\" \/>\n\t<meta property=\"og:image:type\" content=\"image\/jpeg\" \/>\n<meta name=\"twitter:card\" content=\"summary_large_image\" \/>\n<meta name=\"twitter:label1\" content=\"Prix\" \/>\n\t<meta name=\"twitter:data1\" content=\"48,57&euro;\" \/>\n\t<meta name=\"twitter:label2\" content=\"Disponibilit\u00e9\" \/>\n\t<meta name=\"twitter:data2\" content=\"Rupture de stock\" \/>\n<script type=\"application\/ld+json\" class=\"yoast-schema-graph\">{\"@context\":\"https:\\\/\\\/schema.org\",\"@graph\":[{\"@type\":\"WebPage\",\"@id\":\"https:\\\/\\\/www.vetorino.com\\\/boutique\\\/product\\\/gps-tractive-cat-pour-chat\\\/\",\"url\":\"https:\\\/\\\/www.vetorino.com\\\/boutique\\\/product\\\/gps-tractive-cat-pour-chat\\\/\",\"name\":\"Collier GPS pour chat - Tractive GPS CAT 4 Tractive - V\u00e9torino\",\"isPartOf\":{\"@id\":\"https:\\\/\\\/www.vetorino.com\\\/boutique\\\/#website\"},\"primaryImageOfPage\":{\"@id\":\"https:\\\/\\\/www.vetorino.com\\\/boutique\\\/product\\\/gps-tractive-cat-pour-chat\\\/#primaryimage\"},\"image\":{\"@id\":\"https:\\\/\\\/www.vetorino.com\\\/boutique\\\/product\\\/gps-tractive-cat-pour-chat\\\/#primaryimage\"},\"thumbnailUrl\":\"https:\\\/\\\/www.vetorino.com\\\/boutique\\\/wp-content\\\/uploads\\\/2022\\\/04\\\/tracti-ve-chat-blanc.jpg\",\"datePublished\":\"2022-04-11T09:28:26+00:00\",\"dateModified\":\"2023-04-28T00:42:17+00:00\",\"description\":\"Traceur GPS pour chat avec un suivi en temps r\u00e9el, une port\u00e9e illimit\u00e9e et un historique sur 365 jours. Abonnement d\u00e8s 4 \u20ac par mois. Jusqu'\u00e0 7 jours d'autonomie. L'attache incluse convient \u00e0 la plupart des colliers pour chat. L'article est en voie de remplacement (Voir le tractive GPS Cat 4) Chats Se fixe au collier de votre compagnon Suivi d'activit\u00e9 via l'application mobile d\u00e9di\u00e9e Abonnement d\u00e8s 4\u20ac \\\/ mois\",\"breadcrumb\":{\"@id\":\"https:\\\/\\\/www.vetorino.com\\\/boutique\\\/product\\\/gps-tractive-cat-pour-chat\\\/#breadcrumb\"},\"inLanguage\":\"fr-FR\",\"potentialAction\":[{\"@type\":\"ReadAction\",\"target\":[\"https:\\\/\\\/www.vetorino.com\\\/boutique\\\/product\\\/gps-tractive-cat-pour-chat\\\/\"]}]},{\"@type\":\"ImageObject\",\"inLanguage\":\"fr-FR\",\"@id\":\"https:\\\/\\\/www.vetorino.com\\\/boutique\\\/product\\\/gps-tractive-cat-pour-chat\\\/#primaryimage\",\"url\":\"https:\\\/\\\/www.vetorino.com\\\/boutique\\\/wp-content\\\/uploads\\\/2022\\\/04\\\/tracti-ve-chat-blanc.jpg\",\"contentUrl\":\"https:\\\/\\\/www.vetorino.com\\\/boutique\\\/wp-content\\\/uploads\\\/2022\\\/04\\\/tracti-ve-chat-blanc.jpg\",\"width\":679,\"height\":713},{\"@type\":\"BreadcrumbList\",\"@id\":\"https:\\\/\\\/www.vetorino.com\\\/boutique\\\/product\\\/gps-tractive-cat-pour-chat\\\/#breadcrumb\",\"itemListElement\":[{\"@type\":\"ListItem\",\"position\":1,\"name\":\"Accueil\",\"item\":\"https:\\\/\\\/www.vetorino.com\\\/boutique\\\/\"},{\"@type\":\"ListItem\",\"position\":2,\"name\":\"Produits\",\"item\":\"https:\\\/\\\/www.vetorino.com\\\/boutique\\\/\"},{\"@type\":\"ListItem\",\"position\":3,\"name\":\"Collier GPS pour chat &#8211; Tractive GPS CAT 4\"}]},{\"@type\":\"WebSite\",\"@id\":\"https:\\\/\\\/www.vetorino.com\\\/boutique\\\/#website\",\"url\":\"https:\\\/\\\/www.vetorino.com\\\/boutique\\\/\",\"name\":\"V\u00e9torino\",\"description\":\"\",\"publisher\":{\"@id\":\"https:\\\/\\\/www.vetorino.com\\\/boutique\\\/#organization\"},\"potentialAction\":[{\"@type\":\"SearchAction\",\"target\":{\"@type\":\"EntryPoint\",\"urlTemplate\":\"https:\\\/\\\/www.vetorino.com\\\/boutique\\\/?s={search_term_string}\"},\"query-input\":{\"@type\":\"PropertyValueSpecification\",\"valueRequired\":true,\"valueName\":\"search_term_string\"}}],\"inLanguage\":\"fr-FR\"},{\"@type\":\"Organization\",\"@id\":\"https:\\\/\\\/www.vetorino.com\\\/boutique\\\/#organization\",\"name\":\"V\u00e9torino\",\"url\":\"https:\\\/\\\/www.vetorino.com\\\/boutique\\\/\",\"logo\":{\"@type\":\"ImageObject\",\"inLanguage\":\"fr-FR\",\"@id\":\"https:\\\/\\\/www.vetorino.com\\\/boutique\\\/#\\\/schema\\\/logo\\\/image\\\/\",\"url\":\"https:\\\/\\\/www.vetorino.com\\\/boutique\\\/wp-content\\\/uploads\\\/2024\\\/10\\\/logo.jpg\",\"contentUrl\":\"https:\\\/\\\/www.vetorino.com\\\/boutique\\\/wp-content\\\/uploads\\\/2024\\\/10\\\/logo.jpg\",\"width\":1200,\"height\":610,\"caption\":\"V\u00e9torino\"},\"image\":{\"@id\":\"https:\\\/\\\/www.vetorino.com\\\/boutique\\\/#\\\/schema\\\/logo\\\/image\\\/\"},\"sameAs\":[\"https:\\\/\\\/www.facebook.com\\\/Vetorino\\\/\",\"https:\\\/\\\/www.instagram.com\\\/vetorino_off\\\/\",\"https:\\\/\\\/www.linkedin.com\\\/company\\\/vtorino\\\/\"]}]}<\/script>\n<meta property=\"product:brand\" content=\"Tractive\" \/>\n<meta property=\"product:price:amount\" content=\"48.57\" \/>\n<meta property=\"product:price:currency\" content=\"EUR\" \/>\n<meta property=\"og:availability\" content=\"out of stock\" \/>\n<meta property=\"product:availability\" content=\"out of stock\" \/>\n<meta property=\"product:retailer_item_id\" content=\"C-GPS701\" \/>\n<meta property=\"product:condition\" content=\"new\" \/>\n<!-- \/ Yoast SEO plugin. -->","yoast_head_json":{"title":"Collier GPS pour chat - Tractive GPS CAT 4 Tractive - V\u00e9torino","description":"Traceur GPS pour chat avec un suivi en temps r\u00e9el, une port\u00e9e illimit\u00e9e et un historique sur 365 jours. Abonnement d\u00e8s 4 \u20ac par mois. Jusqu'\u00e0 7 jours d'autonomie. L'attache incluse convient \u00e0 la plupart des colliers pour chat.  L'article est en voie de remplacement (Voir le tractive GPS Cat 4)      Chats  Se fixe au collier de votre compagnon  Suivi d'activit\u00e9 via l'application mobile d\u00e9di\u00e9e  Abonnement d\u00e8s 4\u20ac \/ mois","robots":{"index":"noindex","follow":"nofollow"},"og_locale":"fr_FR","og_type":"article","og_title":"Collier GPS pour chat - Tractive GPS CAT 4 Tractive - V\u00e9torino","og_description":"Traceur GPS pour chat avec un suivi en temps r\u00e9el, une port\u00e9e illimit\u00e9e et un historique sur 365 jours. Abonnement d\u00e8s 4 \u20ac par mois. Jusqu'\u00e0 7 jours d'autonomie. L'attache incluse convient \u00e0 la plupart des colliers pour chat.  L'article est en voie de remplacement (Voir le tractive GPS Cat 4)      Chats  Se fixe au collier de votre compagnon  Suivi d'activit\u00e9 via l'application mobile d\u00e9di\u00e9e  Abonnement d\u00e8s 4\u20ac \/ mois","og_url":"https:\/\/www.vetorino.com\/veterinaire\/tresserve-73100\/boutique\/product\/gps-tractive-cat-pour-chat\/","og_site_name":"V\u00e9torino","article_publisher":"https:\/\/www.facebook.com\/Vetorino\/","article_modified_time":"2023-04-28T00:42:17+00:00","og_image":[{"width":679,"height":713,"url":"https:\/\/www.vetorino.com\/boutique\/wp-content\/uploads\/2022\/04\/tracti-ve-chat-blanc.jpg","type":"image\/jpeg"}],"twitter_card":"summary_large_image","twitter_misc":{"Prix":"48,57&euro;","Disponibilit\u00e9":"Rupture de stock"},"schema":{"@context":"https:\/\/schema.org","@graph":[{"@type":"WebPage","@id":"https:\/\/www.vetorino.com\/boutique\/product\/gps-tractive-cat-pour-chat\/","url":"https:\/\/www.vetorino.com\/boutique\/product\/gps-tractive-cat-pour-chat\/","name":"Collier GPS pour chat - Tractive GPS CAT 4 Tractive - V\u00e9torino","isPartOf":{"@id":"https:\/\/www.vetorino.com\/boutique\/#website"},"primaryImageOfPage":{"@id":"https:\/\/www.vetorino.com\/boutique\/product\/gps-tractive-cat-pour-chat\/#primaryimage"},"image":{"@id":"https:\/\/www.vetorino.com\/boutique\/product\/gps-tractive-cat-pour-chat\/#primaryimage"},"thumbnailUrl":"https:\/\/www.vetorino.com\/boutique\/wp-content\/uploads\/2022\/04\/tracti-ve-chat-blanc.jpg","datePublished":"2022-04-11T09:28:26+00:00","dateModified":"2023-04-28T00:42:17+00:00","description":"Traceur GPS pour chat avec un suivi en temps r\u00e9el, une port\u00e9e illimit\u00e9e et un historique sur 365 jours. Abonnement d\u00e8s 4 \u20ac par mois. Jusqu'\u00e0 7 jours d'autonomie. L'attache incluse convient \u00e0 la plupart des colliers pour chat. L'article est en voie de remplacement (Voir le tractive GPS Cat 4) Chats Se fixe au collier de votre compagnon Suivi d'activit\u00e9 via l'application mobile d\u00e9di\u00e9e Abonnement d\u00e8s 4\u20ac \/ mois","breadcrumb":{"@id":"https:\/\/www.vetorino.com\/boutique\/product\/gps-tractive-cat-pour-chat\/#breadcrumb"},"inLanguage":"fr-FR","potentialAction":[{"@type":"ReadAction","target":["https:\/\/www.vetorino.com\/boutique\/product\/gps-tractive-cat-pour-chat\/"]}]},{"@type":"ImageObject","inLanguage":"fr-FR","@id":"https:\/\/www.vetorino.com\/boutique\/product\/gps-tractive-cat-pour-chat\/#primaryimage","url":"https:\/\/www.vetorino.com\/boutique\/wp-content\/uploads\/2022\/04\/tracti-ve-chat-blanc.jpg","contentUrl":"https:\/\/www.vetorino.com\/boutique\/wp-content\/uploads\/2022\/04\/tracti-ve-chat-blanc.jpg","width":679,"height":713},{"@type":"BreadcrumbList","@id":"https:\/\/www.vetorino.com\/boutique\/product\/gps-tractive-cat-pour-chat\/#breadcrumb","itemListElement":[{"@type":"ListItem","position":1,"name":"Accueil","item":"https:\/\/www.vetorino.com\/boutique\/"},{"@type":"ListItem","position":2,"name":"Produits","item":"https:\/\/www.vetorino.com\/boutique\/"},{"@type":"ListItem","position":3,"name":"Collier GPS pour chat &#8211; Tractive GPS CAT 4"}]},{"@type":"WebSite","@id":"https:\/\/www.vetorino.com\/boutique\/#website","url":"https:\/\/www.vetorino.com\/boutique\/","name":"V\u00e9torino","description":"","publisher":{"@id":"https:\/\/www.vetorino.com\/boutique\/#organization"},"potentialAction":[{"@type":"SearchAction","target":{"@type":"EntryPoint","urlTemplate":"https:\/\/www.vetorino.com\/boutique\/?s={search_term_string}"},"query-input":{"@type":"PropertyValueSpecification","valueRequired":true,"valueName":"search_term_string"}}],"inLanguage":"fr-FR"},{"@type":"Organization","@id":"https:\/\/www.vetorino.com\/boutique\/#organization","name":"V\u00e9torino","url":"https:\/\/www.vetorino.com\/boutique\/","logo":{"@type":"ImageObject","inLanguage":"fr-FR","@id":"https:\/\/www.vetorino.com\/boutique\/#\/schema\/logo\/image\/","url":"https:\/\/www.vetorino.com\/boutique\/wp-content\/uploads\/2024\/10\/logo.jpg","contentUrl":"https:\/\/www.vetorino.com\/boutique\/wp-content\/uploads\/2024\/10\/logo.jpg","width":1200,"height":610,"caption":"V\u00e9torino"},"image":{"@id":"https:\/\/www.vetorino.com\/boutique\/#\/schema\/logo\/image\/"},"sameAs":["https:\/\/www.facebook.com\/Vetorino\/","https:\/\/www.instagram.com\/vetorino_off\/","https:\/\/www.linkedin.com\/company\/vtorino\/"]}]},"product_brand":"Tractive","product_price_amount":"48.57","product_price_currency":"EUR","og_availability":"out of stock","product_availability":"out of stock","product_retailer_item_id":"C-GPS701","product_condition":"new"},"_links":{"self":[{"href":"https:\/\/www.vetorino.com\/veterinaire\/tresserve-73100\/boutique\/wp-json\/wp\/v2\/product\/312575","targetHints":{"allow":["GET"]}}],"collection":[{"href":"https:\/\/www.vetorino.com\/veterinaire\/tresserve-73100\/boutique\/wp-json\/wp\/v2\/product"}],"about":[{"href":"https:\/\/www.vetorino.com\/veterinaire\/tresserve-73100\/boutique\/wp-json\/wp\/v2\/types\/product"}],"wp:featuredmedia":[{"embeddable":true,"href":"https:\/\/www.vetorino.com\/veterinaire\/tresserve-73100\/boutique\/wp-json\/wp\/v2\/media\/312808"}],"wp:attachment":[{"href":"https:\/\/www.vetorino.com\/veterinaire\/tresserve-73100\/boutique\/wp-json\/wp\/v2\/media?parent=312575"}],"wp:term":[{"taxonomy":"product_cat","embeddable":true,"href":"https:\/\/www.vetorino.com\/veterinaire\/tresserve-73100\/boutique\/wp-json\/wp\/v2\/product_cat?post=312575"},{"taxonomy":"product_tag","embeddable":true,"href":"https:\/\/www.vetorino.com\/veterinaire\/tresserve-73100\/boutique\/wp-json\/wp\/v2\/product_tag?post=312575"}],"curies":[{"name":"wp","href":"https:\/\/api.w.org\/{rel}","templated":true}]}}