{"id":698480,"date":"2023-09-19T14:38:59","date_gmt":"2023-09-19T12:38:59","guid":{"rendered":"https:\/\/www.vetorino.com\/boutique\/product\/kong-sherps-floofs-big-horn\/"},"modified":"2026-03-26T02:42:07","modified_gmt":"2026-03-26T01:42:07","slug":"kong-sherps-floofs-big-horn","status":"publish","type":"product","link":"https:\/\/www.vetorino.com\/veterinaire\/tresserve-73100\/boutique\/product\/kong-sherps-floofs-big-horn\/","title":{"rendered":"Kong Sherps Floofs Big Horn"},"content":{"rendered":"<p>Le jouet pour chiens KONG <span style=\"font-size: xx-small;\">Sherps Floofs Big Horn<\/span> est entour\u00e9 d&#8217;une peluche douce irr\u00e9sistible pour les c\u00e2lins indispensables \u00e0 toute exp\u00e9dition ludique.<br \/>\nCes compagnons d&#8217;aventure \u00e0 double \u00e9paisseur bien bruyants sont parfaits pour l&#8217;int\u00e9rieur, des sommets sur canap\u00e9 aux trekkings \u00e0 la cave.<br \/>\nLe\u00a0sifflet ajout\u00e9 incite au jeu et fait durer celui-ci.<\/p>\n<ul>\n<li>Peluche ultra douce pour les cajoleries et les parties calmes de lancer-rapporter.<\/li>\n<li>Double \u00e9paisseur pour un amusement durable.<\/li>\n<li>Jouet couineur et sonore pour encourager le jeu.<\/li>\n<\/ul>\n","protected":false},"excerpt":{"rendered":"<p>Le KONG Sherps Floofs Big Horn est doux, moelleux, et id\u00e9al pour les c\u00e2lins apr\u00e8s le jeu. Il \u00e9met des bruits amusants gr\u00e2ce \u00e0 son couineur plat unique et ses cornes cr\u00e9pitantes ajoutent de l&#8217;excitation au jeu. Ces compagnons de jeu durables conviennent \u00e0 toutes les tailles de chiens pour des aventures ludiques<\/p>\n","protected":false},"featured_media":698489,"template":"","meta":[],"product_cat":[2698,12621,2805],"product_tag":[],"class_list":{"0":"post-698480","1":"product","2":"type-product","3":"status-publish","4":"has-post-thumbnail","6":"product_cat-chien","7":"product_cat-jeux-educatifs-pour-chien","8":"product_cat-peluches-pour-chien","9":"pa_marque-kong","11":"first","12":"instock","13":"taxable","14":"shipping-taxable","15":"purchasable","16":"product-type-simple"},"yoast_head":"<!-- This site is optimized with the Yoast SEO plugin v27.3 - https:\/\/yoast.com\/product\/yoast-seo-wordpress\/ -->\n<title>Kong Sherps Floofs Big Horn Kong - V\u00e9torino<\/title>\n<meta name=\"description\" content=\"Le KONG Sherps Floofs Big Horn est doux, moelleux, et id\u00e9al pour les c\u00e2lins apr\u00e8s le jeu. Il \u00e9met des bruits amusants gr\u00e2ce \u00e0 son couineur plat unique et ses cornes cr\u00e9pitantes ajoutent de l&#039;excitation au jeu. Ces compagnons de jeu durables conviennent \u00e0 toutes les tailles de chiens pour des aventures ludiques\" \/>\n<meta name=\"robots\" content=\"noindex, nofollow\" \/>\n<meta property=\"og:locale\" content=\"fr_FR\" \/>\n<meta property=\"og:type\" content=\"article\" \/>\n<meta property=\"og:title\" content=\"Kong Sherps Floofs Big Horn Kong - V\u00e9torino\" \/>\n<meta property=\"og:description\" content=\"Le KONG Sherps Floofs Big Horn est doux, moelleux, et id\u00e9al pour les c\u00e2lins apr\u00e8s le jeu. Il \u00e9met des bruits amusants gr\u00e2ce \u00e0 son couineur plat unique et ses cornes cr\u00e9pitantes ajoutent de l&#039;excitation au jeu. Ces compagnons de jeu durables conviennent \u00e0 toutes les tailles de chiens pour des aventures ludiques\" \/>\n<meta property=\"og:url\" content=\"https:\/\/www.vetorino.com\/veterinaire\/tresserve-73100\/boutique\/product\/kong-sherps-floofs-big-horn\/\" \/>\n<meta property=\"og:site_name\" content=\"V\u00e9torino\" \/>\n<meta property=\"article:publisher\" content=\"https:\/\/www.facebook.com\/Vetorino\/\" \/>\n<meta property=\"article:modified_time\" content=\"2026-03-26T01:42:07+00:00\" \/>\n<meta property=\"og:image\" content=\"https:\/\/www.vetorino.com\/boutique\/wp-content\/uploads\/2023\/09\/la_777f1c1592588411002af340cbaedd6fc331663836036.jpg\" \/>\n\t<meta property=\"og:image:width\" content=\"1000\" \/>\n\t<meta property=\"og:image:height\" content=\"1000\" \/>\n\t<meta property=\"og:image:type\" content=\"image\/jpeg\" \/>\n<meta name=\"twitter:card\" content=\"summary_large_image\" \/>\n<meta name=\"twitter:label1\" content=\"Prix\" \/>\n\t<meta name=\"twitter:data1\" content=\"10,18&euro;\" \/>\n\t<meta name=\"twitter:label2\" content=\"Disponibilit\u00e9\" \/>\n\t<meta name=\"twitter:data2\" content=\"En stock\" \/>\n<script type=\"application\/ld+json\" class=\"yoast-schema-graph\">{\"@context\":\"https:\\\/\\\/schema.org\",\"@graph\":[{\"@type\":\"WebPage\",\"@id\":\"https:\\\/\\\/www.vetorino.com\\\/boutique\\\/product\\\/kong-sherps-floofs-big-horn\\\/\",\"url\":\"https:\\\/\\\/www.vetorino.com\\\/boutique\\\/product\\\/kong-sherps-floofs-big-horn\\\/\",\"name\":\"Kong Sherps Floofs Big Horn Kong - V\u00e9torino\",\"isPartOf\":{\"@id\":\"https:\\\/\\\/www.vetorino.com\\\/boutique\\\/#website\"},\"primaryImageOfPage\":{\"@id\":\"https:\\\/\\\/www.vetorino.com\\\/boutique\\\/product\\\/kong-sherps-floofs-big-horn\\\/#primaryimage\"},\"image\":{\"@id\":\"https:\\\/\\\/www.vetorino.com\\\/boutique\\\/product\\\/kong-sherps-floofs-big-horn\\\/#primaryimage\"},\"thumbnailUrl\":\"https:\\\/\\\/www.vetorino.com\\\/boutique\\\/wp-content\\\/uploads\\\/2023\\\/09\\\/la_777f1c1592588411002af340cbaedd6fc331663836036.jpg\",\"datePublished\":\"2023-09-19T12:38:59+00:00\",\"dateModified\":\"2026-03-26T01:42:07+00:00\",\"description\":\"Le KONG Sherps Floofs Big Horn est doux, moelleux, et id\u00e9al pour les c\u00e2lins apr\u00e8s le jeu. Il \u00e9met des bruits amusants gr\u00e2ce \u00e0 son couineur plat unique et ses cornes cr\u00e9pitantes ajoutent de l'excitation au jeu. Ces compagnons de jeu durables conviennent \u00e0 toutes les tailles de chiens pour des aventures ludiques\",\"breadcrumb\":{\"@id\":\"https:\\\/\\\/www.vetorino.com\\\/boutique\\\/product\\\/kong-sherps-floofs-big-horn\\\/#breadcrumb\"},\"inLanguage\":\"fr-FR\",\"potentialAction\":[{\"@type\":\"ReadAction\",\"target\":[\"https:\\\/\\\/www.vetorino.com\\\/boutique\\\/product\\\/kong-sherps-floofs-big-horn\\\/\"]}]},{\"@type\":\"ImageObject\",\"inLanguage\":\"fr-FR\",\"@id\":\"https:\\\/\\\/www.vetorino.com\\\/boutique\\\/product\\\/kong-sherps-floofs-big-horn\\\/#primaryimage\",\"url\":\"https:\\\/\\\/www.vetorino.com\\\/boutique\\\/wp-content\\\/uploads\\\/2023\\\/09\\\/la_777f1c1592588411002af340cbaedd6fc331663836036.jpg\",\"contentUrl\":\"https:\\\/\\\/www.vetorino.com\\\/boutique\\\/wp-content\\\/uploads\\\/2023\\\/09\\\/la_777f1c1592588411002af340cbaedd6fc331663836036.jpg\",\"width\":1000,\"height\":1000},{\"@type\":\"BreadcrumbList\",\"@id\":\"https:\\\/\\\/www.vetorino.com\\\/boutique\\\/product\\\/kong-sherps-floofs-big-horn\\\/#breadcrumb\",\"itemListElement\":[{\"@type\":\"ListItem\",\"position\":1,\"name\":\"Accueil\",\"item\":\"https:\\\/\\\/www.vetorino.com\\\/boutique\\\/\"},{\"@type\":\"ListItem\",\"position\":2,\"name\":\"Produits\",\"item\":\"https:\\\/\\\/www.vetorino.com\\\/boutique\\\/\"},{\"@type\":\"ListItem\",\"position\":3,\"name\":\"Kong Sherps Floofs Big Horn\"}]},{\"@type\":\"WebSite\",\"@id\":\"https:\\\/\\\/www.vetorino.com\\\/boutique\\\/#website\",\"url\":\"https:\\\/\\\/www.vetorino.com\\\/boutique\\\/\",\"name\":\"V\u00e9torino\",\"description\":\"\",\"publisher\":{\"@id\":\"https:\\\/\\\/www.vetorino.com\\\/boutique\\\/#organization\"},\"potentialAction\":[{\"@type\":\"SearchAction\",\"target\":{\"@type\":\"EntryPoint\",\"urlTemplate\":\"https:\\\/\\\/www.vetorino.com\\\/boutique\\\/?s={search_term_string}\"},\"query-input\":{\"@type\":\"PropertyValueSpecification\",\"valueRequired\":true,\"valueName\":\"search_term_string\"}}],\"inLanguage\":\"fr-FR\"},{\"@type\":\"Organization\",\"@id\":\"https:\\\/\\\/www.vetorino.com\\\/boutique\\\/#organization\",\"name\":\"V\u00e9torino\",\"url\":\"https:\\\/\\\/www.vetorino.com\\\/boutique\\\/\",\"logo\":{\"@type\":\"ImageObject\",\"inLanguage\":\"fr-FR\",\"@id\":\"https:\\\/\\\/www.vetorino.com\\\/boutique\\\/#\\\/schema\\\/logo\\\/image\\\/\",\"url\":\"https:\\\/\\\/www.vetorino.com\\\/boutique\\\/wp-content\\\/uploads\\\/2024\\\/10\\\/logo.jpg\",\"contentUrl\":\"https:\\\/\\\/www.vetorino.com\\\/boutique\\\/wp-content\\\/uploads\\\/2024\\\/10\\\/logo.jpg\",\"width\":1200,\"height\":610,\"caption\":\"V\u00e9torino\"},\"image\":{\"@id\":\"https:\\\/\\\/www.vetorino.com\\\/boutique\\\/#\\\/schema\\\/logo\\\/image\\\/\"},\"sameAs\":[\"https:\\\/\\\/www.facebook.com\\\/Vetorino\\\/\",\"https:\\\/\\\/www.instagram.com\\\/vetorino_off\\\/\",\"https:\\\/\\\/www.linkedin.com\\\/company\\\/vtorino\\\/\"]}]}<\/script>\n<meta property=\"product:brand\" content=\"Kong\" \/>\n<meta property=\"product:price:amount\" content=\"10.18\" \/>\n<meta property=\"product:price:currency\" content=\"EUR\" \/>\n<meta property=\"og:availability\" content=\"instock\" \/>\n<meta property=\"product:availability\" content=\"instock\" \/>\n<meta property=\"product:retailer_item_id\" content=\"C-KON975\" \/>\n<meta property=\"product:condition\" content=\"new\" \/>\n<!-- \/ Yoast SEO plugin. -->","yoast_head_json":{"title":"Kong Sherps Floofs Big Horn Kong - V\u00e9torino","description":"Le KONG Sherps Floofs Big Horn est doux, moelleux, et id\u00e9al pour les c\u00e2lins apr\u00e8s le jeu. Il \u00e9met des bruits amusants gr\u00e2ce \u00e0 son couineur plat unique et ses cornes cr\u00e9pitantes ajoutent de l'excitation au jeu. Ces compagnons de jeu durables conviennent \u00e0 toutes les tailles de chiens pour des aventures ludiques","robots":{"index":"noindex","follow":"nofollow"},"og_locale":"fr_FR","og_type":"article","og_title":"Kong Sherps Floofs Big Horn Kong - V\u00e9torino","og_description":"Le KONG Sherps Floofs Big Horn est doux, moelleux, et id\u00e9al pour les c\u00e2lins apr\u00e8s le jeu. Il \u00e9met des bruits amusants gr\u00e2ce \u00e0 son couineur plat unique et ses cornes cr\u00e9pitantes ajoutent de l'excitation au jeu. Ces compagnons de jeu durables conviennent \u00e0 toutes les tailles de chiens pour des aventures ludiques","og_url":"https:\/\/www.vetorino.com\/veterinaire\/tresserve-73100\/boutique\/product\/kong-sherps-floofs-big-horn\/","og_site_name":"V\u00e9torino","article_publisher":"https:\/\/www.facebook.com\/Vetorino\/","article_modified_time":"2026-03-26T01:42:07+00:00","og_image":[{"width":1000,"height":1000,"url":"https:\/\/www.vetorino.com\/boutique\/wp-content\/uploads\/2023\/09\/la_777f1c1592588411002af340cbaedd6fc331663836036.jpg","type":"image\/jpeg"}],"twitter_card":"summary_large_image","twitter_misc":{"Prix":"10,18&euro;","Disponibilit\u00e9":"En stock"},"schema":{"@context":"https:\/\/schema.org","@graph":[{"@type":"WebPage","@id":"https:\/\/www.vetorino.com\/boutique\/product\/kong-sherps-floofs-big-horn\/","url":"https:\/\/www.vetorino.com\/boutique\/product\/kong-sherps-floofs-big-horn\/","name":"Kong Sherps Floofs Big Horn Kong - V\u00e9torino","isPartOf":{"@id":"https:\/\/www.vetorino.com\/boutique\/#website"},"primaryImageOfPage":{"@id":"https:\/\/www.vetorino.com\/boutique\/product\/kong-sherps-floofs-big-horn\/#primaryimage"},"image":{"@id":"https:\/\/www.vetorino.com\/boutique\/product\/kong-sherps-floofs-big-horn\/#primaryimage"},"thumbnailUrl":"https:\/\/www.vetorino.com\/boutique\/wp-content\/uploads\/2023\/09\/la_777f1c1592588411002af340cbaedd6fc331663836036.jpg","datePublished":"2023-09-19T12:38:59+00:00","dateModified":"2026-03-26T01:42:07+00:00","description":"Le KONG Sherps Floofs Big Horn est doux, moelleux, et id\u00e9al pour les c\u00e2lins apr\u00e8s le jeu. Il \u00e9met des bruits amusants gr\u00e2ce \u00e0 son couineur plat unique et ses cornes cr\u00e9pitantes ajoutent de l'excitation au jeu. Ces compagnons de jeu durables conviennent \u00e0 toutes les tailles de chiens pour des aventures ludiques","breadcrumb":{"@id":"https:\/\/www.vetorino.com\/boutique\/product\/kong-sherps-floofs-big-horn\/#breadcrumb"},"inLanguage":"fr-FR","potentialAction":[{"@type":"ReadAction","target":["https:\/\/www.vetorino.com\/boutique\/product\/kong-sherps-floofs-big-horn\/"]}]},{"@type":"ImageObject","inLanguage":"fr-FR","@id":"https:\/\/www.vetorino.com\/boutique\/product\/kong-sherps-floofs-big-horn\/#primaryimage","url":"https:\/\/www.vetorino.com\/boutique\/wp-content\/uploads\/2023\/09\/la_777f1c1592588411002af340cbaedd6fc331663836036.jpg","contentUrl":"https:\/\/www.vetorino.com\/boutique\/wp-content\/uploads\/2023\/09\/la_777f1c1592588411002af340cbaedd6fc331663836036.jpg","width":1000,"height":1000},{"@type":"BreadcrumbList","@id":"https:\/\/www.vetorino.com\/boutique\/product\/kong-sherps-floofs-big-horn\/#breadcrumb","itemListElement":[{"@type":"ListItem","position":1,"name":"Accueil","item":"https:\/\/www.vetorino.com\/boutique\/"},{"@type":"ListItem","position":2,"name":"Produits","item":"https:\/\/www.vetorino.com\/boutique\/"},{"@type":"ListItem","position":3,"name":"Kong Sherps Floofs Big Horn"}]},{"@type":"WebSite","@id":"https:\/\/www.vetorino.com\/boutique\/#website","url":"https:\/\/www.vetorino.com\/boutique\/","name":"V\u00e9torino","description":"","publisher":{"@id":"https:\/\/www.vetorino.com\/boutique\/#organization"},"potentialAction":[{"@type":"SearchAction","target":{"@type":"EntryPoint","urlTemplate":"https:\/\/www.vetorino.com\/boutique\/?s={search_term_string}"},"query-input":{"@type":"PropertyValueSpecification","valueRequired":true,"valueName":"search_term_string"}}],"inLanguage":"fr-FR"},{"@type":"Organization","@id":"https:\/\/www.vetorino.com\/boutique\/#organization","name":"V\u00e9torino","url":"https:\/\/www.vetorino.com\/boutique\/","logo":{"@type":"ImageObject","inLanguage":"fr-FR","@id":"https:\/\/www.vetorino.com\/boutique\/#\/schema\/logo\/image\/","url":"https:\/\/www.vetorino.com\/boutique\/wp-content\/uploads\/2024\/10\/logo.jpg","contentUrl":"https:\/\/www.vetorino.com\/boutique\/wp-content\/uploads\/2024\/10\/logo.jpg","width":1200,"height":610,"caption":"V\u00e9torino"},"image":{"@id":"https:\/\/www.vetorino.com\/boutique\/#\/schema\/logo\/image\/"},"sameAs":["https:\/\/www.facebook.com\/Vetorino\/","https:\/\/www.instagram.com\/vetorino_off\/","https:\/\/www.linkedin.com\/company\/vtorino\/"]}]},"product_brand":"Kong","product_price_amount":"10.18","product_price_currency":"EUR","og_availability":"instock","product_availability":"instock","product_retailer_item_id":"C-KON975","product_condition":"new"},"_links":{"self":[{"href":"https:\/\/www.vetorino.com\/veterinaire\/tresserve-73100\/boutique\/wp-json\/wp\/v2\/product\/698480","targetHints":{"allow":["GET"]}}],"collection":[{"href":"https:\/\/www.vetorino.com\/veterinaire\/tresserve-73100\/boutique\/wp-json\/wp\/v2\/product"}],"about":[{"href":"https:\/\/www.vetorino.com\/veterinaire\/tresserve-73100\/boutique\/wp-json\/wp\/v2\/types\/product"}],"wp:featuredmedia":[{"embeddable":true,"href":"https:\/\/www.vetorino.com\/veterinaire\/tresserve-73100\/boutique\/wp-json\/wp\/v2\/media\/698489"}],"wp:attachment":[{"href":"https:\/\/www.vetorino.com\/veterinaire\/tresserve-73100\/boutique\/wp-json\/wp\/v2\/media?parent=698480"}],"wp:term":[{"taxonomy":"product_cat","embeddable":true,"href":"https:\/\/www.vetorino.com\/veterinaire\/tresserve-73100\/boutique\/wp-json\/wp\/v2\/product_cat?post=698480"},{"taxonomy":"product_tag","embeddable":true,"href":"https:\/\/www.vetorino.com\/veterinaire\/tresserve-73100\/boutique\/wp-json\/wp\/v2\/product_tag?post=698480"}],"curies":[{"name":"wp","href":"https:\/\/api.w.org\/{rel}","templated":true}]}}