{"id":965908,"date":"2024-07-05T14:18:09","date_gmt":"2024-07-05T12:18:09","guid":{"rendered":"https:\/\/www.vetorino.com\/boutique\/product\/manteau-impermeable-hunter-uppsala\/"},"modified":"2026-04-03T14:20:57","modified_gmt":"2026-04-03T12:20:57","slug":"manteau-impermeable-hunter-uppsala","status":"publish","type":"product","link":"https:\/\/www.vetorino.com\/veterinaire\/tresserve-73100\/boutique\/product\/manteau-impermeable-hunter-uppsala\/","title":{"rendered":"Manteau imperm\u00e9able Uppsala"},"content":{"rendered":"<p>Ce manteau pour chiens de chez Hunter est tr\u00e8s confortable. Le manteau contient une veste internet faite en laine que vous pouvez retirer pour les journ\u00e9es moins froides. La partie externe est faite de polyester et est d\u00e9perlante en plus de garantir une visibilit\u00e9 optimale gr\u00e2ce aux bandes r\u00e9fl\u00e9chissantes. Vous pouvez facilement r\u00e9gler le manteau gr\u00e2ce aux sangles \u00e9lastiques pour qu&#8217;il aille parfaitement \u00e0 votre chien. Un accessoire pratique et styl\u00e9 pour tous les chiens !<\/p>\n<p><strong>Caract\u00e9ristiques<\/strong><\/p>\n<ul>\n<li>Manteau pour chiens tr\u00e8s confortable fait de polyester<\/li>\n<li>Rembourrage en laine d\u00e9tachable<\/li>\n<li>D\u00e9perlant<\/li>\n<li>Bandes r\u00e9fl\u00e9chissantes<\/li>\n<li>Laver \u00e0 30\u00b0C \u00e0 la machine \u00e0 laver<\/li>\n<li>Parfaitement adapt\u00e9<\/li>\n<\/ul>\n<table class=\"gridtable\">\n<tbody>\n<tr>\n<td><strong>Taille<\/strong><\/td>\n<td><strong>Tour du cou r\u00e9glable<\/strong><\/td>\n<td><strong>Circonf\u00e9rance du ventre,<br \/>\nr\u00e9glable<\/strong><\/td>\n<\/tr>\n<tr>\n<td>25<\/td>\n<td>20 &#8211; 38cm<\/td>\n<td>30 &#8211; 40cm<\/td>\n<\/tr>\n<tr>\n<td>30<\/td>\n<td>22 &#8211; 44cm<\/td>\n<td>36 &#8211; 60cm<\/td>\n<\/tr>\n<tr>\n<td>35<\/td>\n<td>26 &#8211; 42cm<\/td>\n<td>48 &#8211; 66cm<\/td>\n<\/tr>\n<tr>\n<td>40<\/td>\n<td>30 &#8211; 56cm<\/td>\n<td>56 &#8211; 80cm<\/td>\n<\/tr>\n<tr>\n<td>45<\/td>\n<td>32 &#8211; 58cm<\/td>\n<td>58 &#8211; 84cm<\/td>\n<\/tr>\n<tr>\n<td>50<\/td>\n<td>34 &#8211; 60cm<\/td>\n<td>60 &#8211; 92cm<\/td>\n<\/tr>\n<tr>\n<td>55<\/td>\n<td>36 &#8211; 72cm<\/td>\n<td>66 &#8211; 102cm<\/td>\n<\/tr>\n<tr>\n<td>60<\/td>\n<td>38 &#8211; 74cm<\/td>\n<td>70 &#8211; 104cm<\/td>\n<\/tr>\n<tr>\n<td>65<\/td>\n<td>40 &#8211; 76cm<\/td>\n<td>72 &#8211; 112cm<\/td>\n<\/tr>\n<tr>\n<td>70<\/td>\n<td>42 &#8211; 78cm<\/td>\n<td>74 &#8211; 118cm<\/td>\n<\/tr>\n<tr>\n<td>75<\/td>\n<td>44 &#8211; 84cm<\/td>\n<td>76 &#8211; 124cm<\/td>\n<\/tr>\n<tr>\n<td>80<\/td>\n<td>46 &#8211; 86cm<\/td>\n<td>78 &#8211; 128cm<\/td>\n<\/tr>\n<\/tbody>\n<\/table>\n","protected":false},"excerpt":{"rendered":"<p>Ce manteau pour chiens de chez Hunter est tr\u00e8s confortable. Le manteau contient une veste internet faite en laine que vous pouvez retirer pour les journ\u00e9es moins froides. La partie externe est faite de polyester et est d\u00e9perlante en plus de garantir une visibilit\u00e9 optimale gr\u00e2ce aux bandes r\u00e9fl\u00e9chissantes. Vous pouvez facilement r\u00e9gler le manteau gr\u00e2ce aux sangles \u00e9lastiques pour qu&#8217;il aille parfaitement \u00e0 votre chien. Un accessoire pratique et styl\u00e9 pour tous les chiens !<\/p>\n","protected":false},"featured_media":968065,"template":"","meta":[],"product_cat":[12550,2698,2777],"product_tag":[],"class_list":{"0":"post-965908","1":"product","2":"type-product","3":"status-publish","4":"has-post-thumbnail","6":"product_cat-accessoires-du-chien","7":"product_cat-chien","8":"product_cat-colliers-laisses-et-harnais-pour-chien","9":"pa_marque-hunter","11":"first","12":"instock","13":"taxable","14":"shipping-taxable","15":"purchasable","16":"product-type-variable"},"yoast_head":"<!-- This site is optimized with the Yoast SEO plugin v27.3 - https:\/\/yoast.com\/product\/yoast-seo-wordpress\/ -->\n<title>Manteau imperm\u00e9able Uppsala Hunter - V\u00e9torino<\/title>\n<meta name=\"description\" content=\"Ce manteau pour chiens de chez Hunter est tr\u00e8s confortable. Le manteau contient une veste internet faite en laine que vous pouvez retirer pour les journ\u00e9es moins froides. La partie externe est faite de polyester et est d\u00e9perlante en plus de garantir une visibilit\u00e9 optimale gr\u00e2ce aux bandes r\u00e9fl\u00e9chissantes. Vous pouvez facilement r\u00e9gler le manteau gr\u00e2ce aux sangles \u00e9lastiques pour qu&#039;il aille parfaitement \u00e0 votre chien. Un accessoire pratique et styl\u00e9 pour tous les chiens !\" \/>\n<meta name=\"robots\" content=\"noindex, nofollow\" \/>\n<meta property=\"og:locale\" content=\"fr_FR\" \/>\n<meta property=\"og:type\" content=\"article\" \/>\n<meta property=\"og:title\" content=\"Manteau imperm\u00e9able Uppsala Hunter - V\u00e9torino\" \/>\n<meta property=\"og:description\" content=\"Ce manteau pour chiens de chez Hunter est tr\u00e8s confortable. Le manteau contient une veste internet faite en laine que vous pouvez retirer pour les journ\u00e9es moins froides. La partie externe est faite de polyester et est d\u00e9perlante en plus de garantir une visibilit\u00e9 optimale gr\u00e2ce aux bandes r\u00e9fl\u00e9chissantes. Vous pouvez facilement r\u00e9gler le manteau gr\u00e2ce aux sangles \u00e9lastiques pour qu&#039;il aille parfaitement \u00e0 votre chien. Un accessoire pratique et styl\u00e9 pour tous les chiens !\" \/>\n<meta property=\"og:url\" content=\"https:\/\/www.vetorino.com\/veterinaire\/tresserve-73100\/boutique\/product\/manteau-impermeable-hunter-uppsala\/\" \/>\n<meta property=\"og:site_name\" content=\"V\u00e9torino\" \/>\n<meta property=\"article:publisher\" content=\"https:\/\/www.facebook.com\/Vetorino\/\" \/>\n<meta property=\"article:modified_time\" content=\"2026-04-03T12:20:57+00:00\" \/>\n<meta property=\"og:image\" content=\"https:\/\/www.vetorino.com\/boutique\/wp-content\/uploads\/2020\/09\/logo-vetorino-1.png\" \/>\n\t<meta property=\"og:image:width\" content=\"539\" \/>\n\t<meta property=\"og:image:height\" content=\"224\" \/>\n\t<meta property=\"og:image:type\" content=\"image\/png\" \/>\n<meta name=\"twitter:card\" content=\"summary_large_image\" \/>\n<meta name=\"twitter:label1\" content=\"Disponibilit\u00e9\" \/>\n\t<meta name=\"twitter:data1\" content=\"En stock\" \/>\n<script type=\"application\/ld+json\" class=\"yoast-schema-graph\">{\"@context\":\"https:\\\/\\\/schema.org\",\"@graph\":[{\"@type\":\"WebPage\",\"@id\":\"https:\\\/\\\/www.vetorino.com\\\/boutique\\\/product\\\/manteau-impermeable-hunter-uppsala\\\/\",\"url\":\"https:\\\/\\\/www.vetorino.com\\\/boutique\\\/product\\\/manteau-impermeable-hunter-uppsala\\\/\",\"name\":\"Manteau imperm\u00e9able Uppsala Hunter - V\u00e9torino\",\"isPartOf\":{\"@id\":\"https:\\\/\\\/www.vetorino.com\\\/boutique\\\/#website\"},\"primaryImageOfPage\":{\"@id\":\"https:\\\/\\\/www.vetorino.com\\\/boutique\\\/product\\\/manteau-impermeable-hunter-uppsala\\\/#primaryimage\"},\"image\":{\"@id\":\"https:\\\/\\\/www.vetorino.com\\\/boutique\\\/product\\\/manteau-impermeable-hunter-uppsala\\\/#primaryimage\"},\"thumbnailUrl\":\"https:\\\/\\\/www.vetorino.com\\\/boutique\\\/wp-content\\\/uploads\\\/2024\\\/07\\\/hunter_hondemantel_uppsala_zwart__75_cm_101465_0500_none_5.avif\",\"datePublished\":\"2024-07-05T12:18:09+00:00\",\"dateModified\":\"2026-04-03T12:20:57+00:00\",\"description\":\"Ce manteau pour chiens de chez Hunter est tr\u00e8s confortable. Le manteau contient une veste internet faite en laine que vous pouvez retirer pour les journ\u00e9es moins froides. La partie externe est faite de polyester et est d\u00e9perlante en plus de garantir une visibilit\u00e9 optimale gr\u00e2ce aux bandes r\u00e9fl\u00e9chissantes. Vous pouvez facilement r\u00e9gler le manteau gr\u00e2ce aux sangles \u00e9lastiques pour qu'il aille parfaitement \u00e0 votre chien. Un accessoire pratique et styl\u00e9 pour tous les chiens !\",\"breadcrumb\":{\"@id\":\"https:\\\/\\\/www.vetorino.com\\\/boutique\\\/product\\\/manteau-impermeable-hunter-uppsala\\\/#breadcrumb\"},\"inLanguage\":\"fr-FR\",\"potentialAction\":[{\"@type\":\"ReadAction\",\"target\":[\"https:\\\/\\\/www.vetorino.com\\\/boutique\\\/product\\\/manteau-impermeable-hunter-uppsala\\\/\"]}]},{\"@type\":\"ImageObject\",\"inLanguage\":\"fr-FR\",\"@id\":\"https:\\\/\\\/www.vetorino.com\\\/boutique\\\/product\\\/manteau-impermeable-hunter-uppsala\\\/#primaryimage\",\"url\":\"https:\\\/\\\/www.vetorino.com\\\/boutique\\\/wp-content\\\/uploads\\\/2024\\\/07\\\/hunter_hondemantel_uppsala_zwart__75_cm_101465_0500_none_5.avif\",\"contentUrl\":\"https:\\\/\\\/www.vetorino.com\\\/boutique\\\/wp-content\\\/uploads\\\/2024\\\/07\\\/hunter_hondemantel_uppsala_zwart__75_cm_101465_0500_none_5.avif\",\"width\":1000,\"height\":1000},{\"@type\":\"BreadcrumbList\",\"@id\":\"https:\\\/\\\/www.vetorino.com\\\/boutique\\\/product\\\/manteau-impermeable-hunter-uppsala\\\/#breadcrumb\",\"itemListElement\":[{\"@type\":\"ListItem\",\"position\":1,\"name\":\"Accueil\",\"item\":\"https:\\\/\\\/www.vetorino.com\\\/boutique\\\/\"},{\"@type\":\"ListItem\",\"position\":2,\"name\":\"Produits\",\"item\":\"https:\\\/\\\/www.vetorino.com\\\/boutique\\\/\"},{\"@type\":\"ListItem\",\"position\":3,\"name\":\"Manteau imperm\u00e9able Uppsala\"}]},{\"@type\":\"WebSite\",\"@id\":\"https:\\\/\\\/www.vetorino.com\\\/boutique\\\/#website\",\"url\":\"https:\\\/\\\/www.vetorino.com\\\/boutique\\\/\",\"name\":\"V\u00e9torino\",\"description\":\"\",\"publisher\":{\"@id\":\"https:\\\/\\\/www.vetorino.com\\\/boutique\\\/#organization\"},\"potentialAction\":[{\"@type\":\"SearchAction\",\"target\":{\"@type\":\"EntryPoint\",\"urlTemplate\":\"https:\\\/\\\/www.vetorino.com\\\/boutique\\\/?s={search_term_string}\"},\"query-input\":{\"@type\":\"PropertyValueSpecification\",\"valueRequired\":true,\"valueName\":\"search_term_string\"}}],\"inLanguage\":\"fr-FR\"},{\"@type\":\"Organization\",\"@id\":\"https:\\\/\\\/www.vetorino.com\\\/boutique\\\/#organization\",\"name\":\"V\u00e9torino\",\"url\":\"https:\\\/\\\/www.vetorino.com\\\/boutique\\\/\",\"logo\":{\"@type\":\"ImageObject\",\"inLanguage\":\"fr-FR\",\"@id\":\"https:\\\/\\\/www.vetorino.com\\\/boutique\\\/#\\\/schema\\\/logo\\\/image\\\/\",\"url\":\"https:\\\/\\\/www.vetorino.com\\\/boutique\\\/wp-content\\\/uploads\\\/2024\\\/10\\\/logo.jpg\",\"contentUrl\":\"https:\\\/\\\/www.vetorino.com\\\/boutique\\\/wp-content\\\/uploads\\\/2024\\\/10\\\/logo.jpg\",\"width\":1200,\"height\":610,\"caption\":\"V\u00e9torino\"},\"image\":{\"@id\":\"https:\\\/\\\/www.vetorino.com\\\/boutique\\\/#\\\/schema\\\/logo\\\/image\\\/\"},\"sameAs\":[\"https:\\\/\\\/www.facebook.com\\\/Vetorino\\\/\",\"https:\\\/\\\/www.instagram.com\\\/vetorino_off\\\/\",\"https:\\\/\\\/www.linkedin.com\\\/company\\\/vtorino\\\/\"]}]}<\/script>\n<meta property=\"product:brand\" content=\"Hunter\" \/>\n<meta property=\"og:availability\" content=\"instock\" \/>\n<meta property=\"product:availability\" content=\"instock\" \/>\n<meta property=\"product:condition\" content=\"new\" \/>\n<!-- \/ Yoast SEO plugin. -->","yoast_head_json":{"title":"Manteau imperm\u00e9able Uppsala Hunter - V\u00e9torino","description":"Ce manteau pour chiens de chez Hunter est tr\u00e8s confortable. Le manteau contient une veste internet faite en laine que vous pouvez retirer pour les journ\u00e9es moins froides. La partie externe est faite de polyester et est d\u00e9perlante en plus de garantir une visibilit\u00e9 optimale gr\u00e2ce aux bandes r\u00e9fl\u00e9chissantes. Vous pouvez facilement r\u00e9gler le manteau gr\u00e2ce aux sangles \u00e9lastiques pour qu'il aille parfaitement \u00e0 votre chien. Un accessoire pratique et styl\u00e9 pour tous les chiens !","robots":{"index":"noindex","follow":"nofollow"},"og_locale":"fr_FR","og_type":"article","og_title":"Manteau imperm\u00e9able Uppsala Hunter - V\u00e9torino","og_description":"Ce manteau pour chiens de chez Hunter est tr\u00e8s confortable. Le manteau contient une veste internet faite en laine que vous pouvez retirer pour les journ\u00e9es moins froides. La partie externe est faite de polyester et est d\u00e9perlante en plus de garantir une visibilit\u00e9 optimale gr\u00e2ce aux bandes r\u00e9fl\u00e9chissantes. Vous pouvez facilement r\u00e9gler le manteau gr\u00e2ce aux sangles \u00e9lastiques pour qu'il aille parfaitement \u00e0 votre chien. Un accessoire pratique et styl\u00e9 pour tous les chiens !","og_url":"https:\/\/www.vetorino.com\/veterinaire\/tresserve-73100\/boutique\/product\/manteau-impermeable-hunter-uppsala\/","og_site_name":"V\u00e9torino","article_publisher":"https:\/\/www.facebook.com\/Vetorino\/","article_modified_time":"2026-04-03T12:20:57+00:00","og_image":[{"width":539,"height":224,"url":"https:\/\/www.vetorino.com\/boutique\/wp-content\/uploads\/2020\/09\/logo-vetorino-1.png","type":"image\/png"}],"twitter_card":"summary_large_image","twitter_misc":{"Disponibilit\u00e9":"En stock"},"schema":{"@context":"https:\/\/schema.org","@graph":[{"@type":"WebPage","@id":"https:\/\/www.vetorino.com\/boutique\/product\/manteau-impermeable-hunter-uppsala\/","url":"https:\/\/www.vetorino.com\/boutique\/product\/manteau-impermeable-hunter-uppsala\/","name":"Manteau imperm\u00e9able Uppsala Hunter - V\u00e9torino","isPartOf":{"@id":"https:\/\/www.vetorino.com\/boutique\/#website"},"primaryImageOfPage":{"@id":"https:\/\/www.vetorino.com\/boutique\/product\/manteau-impermeable-hunter-uppsala\/#primaryimage"},"image":{"@id":"https:\/\/www.vetorino.com\/boutique\/product\/manteau-impermeable-hunter-uppsala\/#primaryimage"},"thumbnailUrl":"https:\/\/www.vetorino.com\/boutique\/wp-content\/uploads\/2024\/07\/hunter_hondemantel_uppsala_zwart__75_cm_101465_0500_none_5.avif","datePublished":"2024-07-05T12:18:09+00:00","dateModified":"2026-04-03T12:20:57+00:00","description":"Ce manteau pour chiens de chez Hunter est tr\u00e8s confortable. Le manteau contient une veste internet faite en laine que vous pouvez retirer pour les journ\u00e9es moins froides. La partie externe est faite de polyester et est d\u00e9perlante en plus de garantir une visibilit\u00e9 optimale gr\u00e2ce aux bandes r\u00e9fl\u00e9chissantes. Vous pouvez facilement r\u00e9gler le manteau gr\u00e2ce aux sangles \u00e9lastiques pour qu'il aille parfaitement \u00e0 votre chien. Un accessoire pratique et styl\u00e9 pour tous les chiens !","breadcrumb":{"@id":"https:\/\/www.vetorino.com\/boutique\/product\/manteau-impermeable-hunter-uppsala\/#breadcrumb"},"inLanguage":"fr-FR","potentialAction":[{"@type":"ReadAction","target":["https:\/\/www.vetorino.com\/boutique\/product\/manteau-impermeable-hunter-uppsala\/"]}]},{"@type":"ImageObject","inLanguage":"fr-FR","@id":"https:\/\/www.vetorino.com\/boutique\/product\/manteau-impermeable-hunter-uppsala\/#primaryimage","url":"https:\/\/www.vetorino.com\/boutique\/wp-content\/uploads\/2024\/07\/hunter_hondemantel_uppsala_zwart__75_cm_101465_0500_none_5.avif","contentUrl":"https:\/\/www.vetorino.com\/boutique\/wp-content\/uploads\/2024\/07\/hunter_hondemantel_uppsala_zwart__75_cm_101465_0500_none_5.avif","width":1000,"height":1000},{"@type":"BreadcrumbList","@id":"https:\/\/www.vetorino.com\/boutique\/product\/manteau-impermeable-hunter-uppsala\/#breadcrumb","itemListElement":[{"@type":"ListItem","position":1,"name":"Accueil","item":"https:\/\/www.vetorino.com\/boutique\/"},{"@type":"ListItem","position":2,"name":"Produits","item":"https:\/\/www.vetorino.com\/boutique\/"},{"@type":"ListItem","position":3,"name":"Manteau imperm\u00e9able Uppsala"}]},{"@type":"WebSite","@id":"https:\/\/www.vetorino.com\/boutique\/#website","url":"https:\/\/www.vetorino.com\/boutique\/","name":"V\u00e9torino","description":"","publisher":{"@id":"https:\/\/www.vetorino.com\/boutique\/#organization"},"potentialAction":[{"@type":"SearchAction","target":{"@type":"EntryPoint","urlTemplate":"https:\/\/www.vetorino.com\/boutique\/?s={search_term_string}"},"query-input":{"@type":"PropertyValueSpecification","valueRequired":true,"valueName":"search_term_string"}}],"inLanguage":"fr-FR"},{"@type":"Organization","@id":"https:\/\/www.vetorino.com\/boutique\/#organization","name":"V\u00e9torino","url":"https:\/\/www.vetorino.com\/boutique\/","logo":{"@type":"ImageObject","inLanguage":"fr-FR","@id":"https:\/\/www.vetorino.com\/boutique\/#\/schema\/logo\/image\/","url":"https:\/\/www.vetorino.com\/boutique\/wp-content\/uploads\/2024\/10\/logo.jpg","contentUrl":"https:\/\/www.vetorino.com\/boutique\/wp-content\/uploads\/2024\/10\/logo.jpg","width":1200,"height":610,"caption":"V\u00e9torino"},"image":{"@id":"https:\/\/www.vetorino.com\/boutique\/#\/schema\/logo\/image\/"},"sameAs":["https:\/\/www.facebook.com\/Vetorino\/","https:\/\/www.instagram.com\/vetorino_off\/","https:\/\/www.linkedin.com\/company\/vtorino\/"]}]},"product_brand":"Hunter","og_availability":"instock","product_availability":"instock","product_condition":"new"},"_links":{"self":[{"href":"https:\/\/www.vetorino.com\/veterinaire\/tresserve-73100\/boutique\/wp-json\/wp\/v2\/product\/965908","targetHints":{"allow":["GET"]}}],"collection":[{"href":"https:\/\/www.vetorino.com\/veterinaire\/tresserve-73100\/boutique\/wp-json\/wp\/v2\/product"}],"about":[{"href":"https:\/\/www.vetorino.com\/veterinaire\/tresserve-73100\/boutique\/wp-json\/wp\/v2\/types\/product"}],"wp:featuredmedia":[{"embeddable":true,"href":"https:\/\/www.vetorino.com\/veterinaire\/tresserve-73100\/boutique\/wp-json\/wp\/v2\/media\/968065"}],"wp:attachment":[{"href":"https:\/\/www.vetorino.com\/veterinaire\/tresserve-73100\/boutique\/wp-json\/wp\/v2\/media?parent=965908"}],"wp:term":[{"taxonomy":"product_cat","embeddable":true,"href":"https:\/\/www.vetorino.com\/veterinaire\/tresserve-73100\/boutique\/wp-json\/wp\/v2\/product_cat?post=965908"},{"taxonomy":"product_tag","embeddable":true,"href":"https:\/\/www.vetorino.com\/veterinaire\/tresserve-73100\/boutique\/wp-json\/wp\/v2\/product_tag?post=965908"}],"curies":[{"name":"wp","href":"https:\/\/api.w.org\/{rel}","templated":true}]}}