{"id":98449,"date":"2020-06-30T01:03:24","date_gmt":"2020-06-29T23:03:24","guid":{"rendered":"https:\/\/www.vetorino.com\/boutique\/product\/kong-stix-safestix\/"},"modified":"2026-03-29T03:00:14","modified_gmt":"2026-03-29T01:00:14","slug":"kong-stix-safestix","status":"publish","type":"product","link":"https:\/\/www.vetorino.com\/veterinaire\/tresserve-73100\/boutique\/product\/kong-stix-safestix\/","title":{"rendered":"Kong Stix Safestix"},"content":{"rendered":"<div class=\"paragraph\" data-v-5e8a3c32=\"\" data-v-aeb14f78=\"\">KONG Safestix est id\u00e9al pour les s\u00e9ances de lancer et rapporter.<\/div>\n<div class=\"paragraph\" data-v-5e8a3c32=\"\" data-v-aeb14f78=\"\">\n<p>KONG Safestix est en plastique robuste et offre de nombreuses possibilit\u00e9s de jeu interactives pour les chiens. Safestix est flottant, il peut donc \u00eatre \u00e9galement apport\u00e9 hors de l\u2019eau.<\/p>\n<p>Information importante :<br \/>\nIl n\u2019est malheureusement pas possible de choisir la couleur au pr\u00e9alable (vert, bleu ou rouge) car l\u2019article exp\u00e9di\u00e9 est choisi au hasard.<\/p>\n<\/div>\n<div class=\"pd-table\" data-v-5e8a3c32=\"\" data-v-aeb14f78=\"\">\n<table border=\"0\" data-v-5e8a3c32=\"\" data-v-aeb14f78=\"\">\n<tbody data-v-5e8a3c32=\"\" data-v-aeb14f78=\"\">\n<tr data-v-5e8a3c32=\"\" data-v-aeb14f78=\"\">\n<td data-v-5e8a3c32=\"\" data-v-aeb14f78=\"\">Variante<\/td>\n<td data-v-5e8a3c32=\"\" data-v-aeb14f78=\"\">Dimensions<\/td>\n<\/tr>\n<tr data-v-5e8a3c32=\"\" data-v-aeb14f78=\"\">\n<td data-v-5e8a3c32=\"\" data-v-aeb14f78=\"\">S<\/td>\n<td data-v-5e8a3c32=\"\" data-v-aeb14f78=\"\">30 cm<\/td>\n<\/tr>\n<tr data-v-5e8a3c32=\"\" data-v-aeb14f78=\"\">\n<td data-v-5e8a3c32=\"\" data-v-aeb14f78=\"\">M<\/td>\n<td data-v-5e8a3c32=\"\" data-v-aeb14f78=\"\">50 cm<\/td>\n<\/tr>\n<\/tbody>\n<\/table>\n<\/div>\n<div class=\"paragraph\" data-v-5e8a3c32=\"\" data-v-aeb14f78=\"\">\n<div data-v-5e8a3c32=\"\" data-v-aeb14f78=\"\">\n<p><strong>Information importante\u00a0:<\/strong><br \/>\nJouet pour animaux\u00a0!<br \/>\nVeuillez surveiller votre animal lors de l&#8217;utilisation.<br \/>\nMalgr\u00e9 sa haute qualit\u00e9 &#8211; aucun article n&#8217;est indestructible.<br \/>\nLes jouets trop petits peuvent \u00eatre facilement aval\u00e9s.<br \/>\nVeuillez choisir l&#8217;article en fonction de la taille de la gueule de l\u2019animal.<\/p>\n<\/div>\n<\/div>\n","protected":false},"excerpt":{"rendered":"<div class=\"paragraph\" data-v-5e8a3c32=\"\" data-v-aeb14f78=\"\">KONG Safestix est id\u00e9al pour les s\u00e9ances de lancer et rapporter.<\/div>\n<div class=\"paragraph\" data-v-5e8a3c32=\"\" data-v-aeb14f78=\"\">\n<p>KONG Safestix est en plastique robuste et offre de nombreuses possibilit\u00e9s de jeu interactives pour les chiens. Safestix est flottant, il peut donc \u00eatre \u00e9galement apport\u00e9 hors de l\u2019eau.<\/p>\n<\/div>\n","protected":false},"featured_media":616162,"template":"","meta":[],"product_cat":[12550,2698,12621],"product_tag":[],"class_list":{"0":"post-98449","1":"product","2":"type-product","3":"status-publish","4":"has-post-thumbnail","6":"product_cat-accessoires-du-chien","7":"product_cat-chien","8":"product_cat-jeux-educatifs-pour-chien","9":"pa_marque-kong","11":"first","12":"instock","13":"taxable","14":"shipping-taxable","15":"purchasable","16":"product-type-variable"},"yoast_head":"<!-- This site is optimized with the Yoast SEO plugin v27.3 - https:\/\/yoast.com\/product\/yoast-seo-wordpress\/ -->\n<title>Kong Stix Safestix Kong - V\u00e9torino<\/title>\n<meta name=\"description\" content=\"KONG Safestix est id\u00e9al pour les s\u00e9ances de lancer et rapporter.   KONG Safestix est en plastique robuste et offre de nombreuses possibilit\u00e9s de jeu interactives pour les chiens. Safestix est flottant, il peut donc \u00eatre \u00e9galement apport\u00e9 hors de l\u2019eau.\" \/>\n<meta name=\"robots\" content=\"noindex, nofollow\" \/>\n<meta property=\"og:locale\" content=\"fr_FR\" \/>\n<meta property=\"og:type\" content=\"article\" \/>\n<meta property=\"og:title\" content=\"Kong Stix Safestix Kong - V\u00e9torino\" \/>\n<meta property=\"og:description\" content=\"KONG Safestix est id\u00e9al pour les s\u00e9ances de lancer et rapporter.   KONG Safestix est en plastique robuste et offre de nombreuses possibilit\u00e9s de jeu interactives pour les chiens. Safestix est flottant, il peut donc \u00eatre \u00e9galement apport\u00e9 hors de l\u2019eau.\" \/>\n<meta property=\"og:url\" content=\"https:\/\/www.vetorino.com\/veterinaire\/tresserve-73100\/boutique\/product\/kong-stix-safestix\/\" \/>\n<meta property=\"og:site_name\" content=\"V\u00e9torino\" \/>\n<meta property=\"article:publisher\" content=\"https:\/\/www.facebook.com\/Vetorino\/\" \/>\n<meta property=\"article:modified_time\" content=\"2026-03-29T01:00:14+00:00\" \/>\n<meta property=\"og:image\" content=\"https:\/\/www.vetorino.com\/boutique\/wp-content\/uploads\/2020\/03\/093b7c4467244e80f09f436bce5f7d412b5adb7e_b242ce7ec7cbe49daa6b3fa904290bdcc643a023.png\" \/>\n\t<meta property=\"og:image:width\" content=\"800\" \/>\n\t<meta property=\"og:image:height\" content=\"800\" \/>\n\t<meta property=\"og:image:type\" content=\"image\/png\" \/>\n<meta name=\"twitter:card\" content=\"summary_large_image\" \/>\n<meta name=\"twitter:label1\" content=\"Disponibilit\u00e9\" \/>\n\t<meta name=\"twitter:data1\" content=\"En stock\" \/>\n<script type=\"application\/ld+json\" class=\"yoast-schema-graph\">{\"@context\":\"https:\\\/\\\/schema.org\",\"@graph\":[{\"@type\":\"WebPage\",\"@id\":\"https:\\\/\\\/www.vetorino.com\\\/boutique\\\/product\\\/kong-stix-safestix\\\/\",\"url\":\"https:\\\/\\\/www.vetorino.com\\\/boutique\\\/product\\\/kong-stix-safestix\\\/\",\"name\":\"Kong Stix Safestix Kong - V\u00e9torino\",\"isPartOf\":{\"@id\":\"https:\\\/\\\/www.vetorino.com\\\/boutique\\\/#website\"},\"primaryImageOfPage\":{\"@id\":\"https:\\\/\\\/www.vetorino.com\\\/boutique\\\/product\\\/kong-stix-safestix\\\/#primaryimage\"},\"image\":{\"@id\":\"https:\\\/\\\/www.vetorino.com\\\/boutique\\\/product\\\/kong-stix-safestix\\\/#primaryimage\"},\"thumbnailUrl\":\"https:\\\/\\\/www.vetorino.com\\\/boutique\\\/wp-content\\\/uploads\\\/2020\\\/03\\\/093b7c4467244e80f09f436bce5f7d412b5adb7e_b242ce7ec7cbe49daa6b3fa904290bdcc643a023.png\",\"datePublished\":\"2020-06-29T23:03:24+00:00\",\"dateModified\":\"2026-03-29T01:00:14+00:00\",\"description\":\"KONG Safestix est id\u00e9al pour les s\u00e9ances de lancer et rapporter. KONG Safestix est en plastique robuste et offre de nombreuses possibilit\u00e9s de jeu interactives pour les chiens. Safestix est flottant, il peut donc \u00eatre \u00e9galement apport\u00e9 hors de l\u2019eau.\",\"breadcrumb\":{\"@id\":\"https:\\\/\\\/www.vetorino.com\\\/boutique\\\/product\\\/kong-stix-safestix\\\/#breadcrumb\"},\"inLanguage\":\"fr-FR\",\"potentialAction\":[{\"@type\":\"ReadAction\",\"target\":[\"https:\\\/\\\/www.vetorino.com\\\/boutique\\\/product\\\/kong-stix-safestix\\\/\"]}]},{\"@type\":\"ImageObject\",\"inLanguage\":\"fr-FR\",\"@id\":\"https:\\\/\\\/www.vetorino.com\\\/boutique\\\/product\\\/kong-stix-safestix\\\/#primaryimage\",\"url\":\"https:\\\/\\\/www.vetorino.com\\\/boutique\\\/wp-content\\\/uploads\\\/2020\\\/03\\\/093b7c4467244e80f09f436bce5f7d412b5adb7e_b242ce7ec7cbe49daa6b3fa904290bdcc643a023.png\",\"contentUrl\":\"https:\\\/\\\/www.vetorino.com\\\/boutique\\\/wp-content\\\/uploads\\\/2020\\\/03\\\/093b7c4467244e80f09f436bce5f7d412b5adb7e_b242ce7ec7cbe49daa6b3fa904290bdcc643a023.png\",\"width\":800,\"height\":800},{\"@type\":\"BreadcrumbList\",\"@id\":\"https:\\\/\\\/www.vetorino.com\\\/boutique\\\/product\\\/kong-stix-safestix\\\/#breadcrumb\",\"itemListElement\":[{\"@type\":\"ListItem\",\"position\":1,\"name\":\"Accueil\",\"item\":\"https:\\\/\\\/www.vetorino.com\\\/boutique\\\/\"},{\"@type\":\"ListItem\",\"position\":2,\"name\":\"Produits\",\"item\":\"https:\\\/\\\/www.vetorino.com\\\/boutique\\\/\"},{\"@type\":\"ListItem\",\"position\":3,\"name\":\"Kong Stix Safestix\"}]},{\"@type\":\"WebSite\",\"@id\":\"https:\\\/\\\/www.vetorino.com\\\/boutique\\\/#website\",\"url\":\"https:\\\/\\\/www.vetorino.com\\\/boutique\\\/\",\"name\":\"V\u00e9torino\",\"description\":\"\",\"publisher\":{\"@id\":\"https:\\\/\\\/www.vetorino.com\\\/boutique\\\/#organization\"},\"potentialAction\":[{\"@type\":\"SearchAction\",\"target\":{\"@type\":\"EntryPoint\",\"urlTemplate\":\"https:\\\/\\\/www.vetorino.com\\\/boutique\\\/?s={search_term_string}\"},\"query-input\":{\"@type\":\"PropertyValueSpecification\",\"valueRequired\":true,\"valueName\":\"search_term_string\"}}],\"inLanguage\":\"fr-FR\"},{\"@type\":\"Organization\",\"@id\":\"https:\\\/\\\/www.vetorino.com\\\/boutique\\\/#organization\",\"name\":\"V\u00e9torino\",\"url\":\"https:\\\/\\\/www.vetorino.com\\\/boutique\\\/\",\"logo\":{\"@type\":\"ImageObject\",\"inLanguage\":\"fr-FR\",\"@id\":\"https:\\\/\\\/www.vetorino.com\\\/boutique\\\/#\\\/schema\\\/logo\\\/image\\\/\",\"url\":\"https:\\\/\\\/www.vetorino.com\\\/boutique\\\/wp-content\\\/uploads\\\/2024\\\/10\\\/logo.jpg\",\"contentUrl\":\"https:\\\/\\\/www.vetorino.com\\\/boutique\\\/wp-content\\\/uploads\\\/2024\\\/10\\\/logo.jpg\",\"width\":1200,\"height\":610,\"caption\":\"V\u00e9torino\"},\"image\":{\"@id\":\"https:\\\/\\\/www.vetorino.com\\\/boutique\\\/#\\\/schema\\\/logo\\\/image\\\/\"},\"sameAs\":[\"https:\\\/\\\/www.facebook.com\\\/Vetorino\\\/\",\"https:\\\/\\\/www.instagram.com\\\/vetorino_off\\\/\",\"https:\\\/\\\/www.linkedin.com\\\/company\\\/vtorino\\\/\"]}]}<\/script>\n<meta property=\"product:brand\" content=\"Kong\" \/>\n<meta property=\"og:availability\" content=\"instock\" \/>\n<meta property=\"product:availability\" content=\"instock\" \/>\n<meta property=\"product:condition\" content=\"new\" \/>\n<!-- \/ Yoast SEO plugin. -->","yoast_head_json":{"title":"Kong Stix Safestix Kong - V\u00e9torino","description":"KONG Safestix est id\u00e9al pour les s\u00e9ances de lancer et rapporter.   KONG Safestix est en plastique robuste et offre de nombreuses possibilit\u00e9s de jeu interactives pour les chiens. Safestix est flottant, il peut donc \u00eatre \u00e9galement apport\u00e9 hors de l\u2019eau.","robots":{"index":"noindex","follow":"nofollow"},"og_locale":"fr_FR","og_type":"article","og_title":"Kong Stix Safestix Kong - V\u00e9torino","og_description":"KONG Safestix est id\u00e9al pour les s\u00e9ances de lancer et rapporter.   KONG Safestix est en plastique robuste et offre de nombreuses possibilit\u00e9s de jeu interactives pour les chiens. Safestix est flottant, il peut donc \u00eatre \u00e9galement apport\u00e9 hors de l\u2019eau.","og_url":"https:\/\/www.vetorino.com\/veterinaire\/tresserve-73100\/boutique\/product\/kong-stix-safestix\/","og_site_name":"V\u00e9torino","article_publisher":"https:\/\/www.facebook.com\/Vetorino\/","article_modified_time":"2026-03-29T01:00:14+00:00","og_image":[{"width":800,"height":800,"url":"https:\/\/www.vetorino.com\/boutique\/wp-content\/uploads\/2020\/03\/093b7c4467244e80f09f436bce5f7d412b5adb7e_b242ce7ec7cbe49daa6b3fa904290bdcc643a023.png","type":"image\/png"}],"twitter_card":"summary_large_image","twitter_misc":{"Disponibilit\u00e9":"En stock"},"schema":{"@context":"https:\/\/schema.org","@graph":[{"@type":"WebPage","@id":"https:\/\/www.vetorino.com\/boutique\/product\/kong-stix-safestix\/","url":"https:\/\/www.vetorino.com\/boutique\/product\/kong-stix-safestix\/","name":"Kong Stix Safestix Kong - V\u00e9torino","isPartOf":{"@id":"https:\/\/www.vetorino.com\/boutique\/#website"},"primaryImageOfPage":{"@id":"https:\/\/www.vetorino.com\/boutique\/product\/kong-stix-safestix\/#primaryimage"},"image":{"@id":"https:\/\/www.vetorino.com\/boutique\/product\/kong-stix-safestix\/#primaryimage"},"thumbnailUrl":"https:\/\/www.vetorino.com\/boutique\/wp-content\/uploads\/2020\/03\/093b7c4467244e80f09f436bce5f7d412b5adb7e_b242ce7ec7cbe49daa6b3fa904290bdcc643a023.png","datePublished":"2020-06-29T23:03:24+00:00","dateModified":"2026-03-29T01:00:14+00:00","description":"KONG Safestix est id\u00e9al pour les s\u00e9ances de lancer et rapporter. KONG Safestix est en plastique robuste et offre de nombreuses possibilit\u00e9s de jeu interactives pour les chiens. Safestix est flottant, il peut donc \u00eatre \u00e9galement apport\u00e9 hors de l\u2019eau.","breadcrumb":{"@id":"https:\/\/www.vetorino.com\/boutique\/product\/kong-stix-safestix\/#breadcrumb"},"inLanguage":"fr-FR","potentialAction":[{"@type":"ReadAction","target":["https:\/\/www.vetorino.com\/boutique\/product\/kong-stix-safestix\/"]}]},{"@type":"ImageObject","inLanguage":"fr-FR","@id":"https:\/\/www.vetorino.com\/boutique\/product\/kong-stix-safestix\/#primaryimage","url":"https:\/\/www.vetorino.com\/boutique\/wp-content\/uploads\/2020\/03\/093b7c4467244e80f09f436bce5f7d412b5adb7e_b242ce7ec7cbe49daa6b3fa904290bdcc643a023.png","contentUrl":"https:\/\/www.vetorino.com\/boutique\/wp-content\/uploads\/2020\/03\/093b7c4467244e80f09f436bce5f7d412b5adb7e_b242ce7ec7cbe49daa6b3fa904290bdcc643a023.png","width":800,"height":800},{"@type":"BreadcrumbList","@id":"https:\/\/www.vetorino.com\/boutique\/product\/kong-stix-safestix\/#breadcrumb","itemListElement":[{"@type":"ListItem","position":1,"name":"Accueil","item":"https:\/\/www.vetorino.com\/boutique\/"},{"@type":"ListItem","position":2,"name":"Produits","item":"https:\/\/www.vetorino.com\/boutique\/"},{"@type":"ListItem","position":3,"name":"Kong Stix Safestix"}]},{"@type":"WebSite","@id":"https:\/\/www.vetorino.com\/boutique\/#website","url":"https:\/\/www.vetorino.com\/boutique\/","name":"V\u00e9torino","description":"","publisher":{"@id":"https:\/\/www.vetorino.com\/boutique\/#organization"},"potentialAction":[{"@type":"SearchAction","target":{"@type":"EntryPoint","urlTemplate":"https:\/\/www.vetorino.com\/boutique\/?s={search_term_string}"},"query-input":{"@type":"PropertyValueSpecification","valueRequired":true,"valueName":"search_term_string"}}],"inLanguage":"fr-FR"},{"@type":"Organization","@id":"https:\/\/www.vetorino.com\/boutique\/#organization","name":"V\u00e9torino","url":"https:\/\/www.vetorino.com\/boutique\/","logo":{"@type":"ImageObject","inLanguage":"fr-FR","@id":"https:\/\/www.vetorino.com\/boutique\/#\/schema\/logo\/image\/","url":"https:\/\/www.vetorino.com\/boutique\/wp-content\/uploads\/2024\/10\/logo.jpg","contentUrl":"https:\/\/www.vetorino.com\/boutique\/wp-content\/uploads\/2024\/10\/logo.jpg","width":1200,"height":610,"caption":"V\u00e9torino"},"image":{"@id":"https:\/\/www.vetorino.com\/boutique\/#\/schema\/logo\/image\/"},"sameAs":["https:\/\/www.facebook.com\/Vetorino\/","https:\/\/www.instagram.com\/vetorino_off\/","https:\/\/www.linkedin.com\/company\/vtorino\/"]}]},"product_brand":"Kong","og_availability":"instock","product_availability":"instock","product_condition":"new"},"_links":{"self":[{"href":"https:\/\/www.vetorino.com\/veterinaire\/tresserve-73100\/boutique\/wp-json\/wp\/v2\/product\/98449","targetHints":{"allow":["GET"]}}],"collection":[{"href":"https:\/\/www.vetorino.com\/veterinaire\/tresserve-73100\/boutique\/wp-json\/wp\/v2\/product"}],"about":[{"href":"https:\/\/www.vetorino.com\/veterinaire\/tresserve-73100\/boutique\/wp-json\/wp\/v2\/types\/product"}],"wp:featuredmedia":[{"embeddable":true,"href":"https:\/\/www.vetorino.com\/veterinaire\/tresserve-73100\/boutique\/wp-json\/wp\/v2\/media\/616162"}],"wp:attachment":[{"href":"https:\/\/www.vetorino.com\/veterinaire\/tresserve-73100\/boutique\/wp-json\/wp\/v2\/media?parent=98449"}],"wp:term":[{"taxonomy":"product_cat","embeddable":true,"href":"https:\/\/www.vetorino.com\/veterinaire\/tresserve-73100\/boutique\/wp-json\/wp\/v2\/product_cat?post=98449"},{"taxonomy":"product_tag","embeddable":true,"href":"https:\/\/www.vetorino.com\/veterinaire\/tresserve-73100\/boutique\/wp-json\/wp\/v2\/product_tag?post=98449"}],"curies":[{"name":"wp","href":"https:\/\/api.w.org\/{rel}","templated":true}]}}