{"id":1019218,"date":"2024-09-13T05:35:08","date_gmt":"2024-09-13T03:35:08","guid":{"rendered":"https:\/\/www.vetorino.com\/boutique\/product\/proplan-cat-sterilised-adult-maintenance-au-canard-en-sauce\/"},"modified":"2025-11-17T15:36:54","modified_gmt":"2025-11-17T14:36:54","slug":"proplan-cat-sterilised-adult-maintenance-au-canard-en-sauce","status":"publish","type":"product","link":"https:\/\/www.vetorino.com\/veterinaire\/ustaritz-64480\/boutique\/product\/proplan-cat-sterilised-adult-maintenance-au-canard-en-sauce\/","title":{"rendered":"Chat st\u00e9rilis\u00e9 maintenance au Canard en sauce"},"content":{"rendered":"<p>Les sachets fra\u00eecheurs PURINA PRO PLAN Sterilised Adult Maintenance constituent un aliment \u00e9quilibr\u00e9 et complet, sp\u00e9cialement formul\u00e9 pour les chats st\u00e9rilis\u00e9s et castr\u00e9s. Leur ar\u00f4me d\u00e9licat et leur go\u00fbt savoureux plait \u00e0 tous les chats, m\u00eame aux plus difficiles.<\/p>\n<p>L\u2019aliment PURINA PRO PLAN Sterilised Adult Maintenance fournit tous les nutriments essentiels pour une alimentation \u00e9quilibr\u00e9e. Sa formule sp\u00e9cifique r\u00e9pond aux besoins des chats castr\u00e9s et st\u00e9rilis\u00e9s tout en les aidant \u00e0\u00a0<b>g\u00e9rer leur poids\u00a0<\/b>et en soutenant leur syst\u00e8me immunitaire. Enfin, sa recette contribue \u00e9galement au fonctionnement normal des voies urinaires.<\/p>\n<p><strong>Caract\u00e9ristiques de l\u2019aliment PURINA PRO PLAN Sterilised Adult Maintenance 10 x 75 g pour chat :\u00a0<\/strong><\/p>\n<ul>\n<li>aliment humide savoureux pour les chats castr\u00e9s et st\u00e9rilis\u00e9s \u00e0 partir d\u2019un an<\/li>\n<li><strong>recette adapt\u00e9e :\u00a0<\/strong>r\u00e9pond aux besoins nutritionnels des chats castr\u00e9s et st\u00e9rilis\u00e9s<\/li>\n<li><strong>go\u00fbt savoureux :<\/strong>\u00a0morceaux fondant cuisin\u00e9s dans une sauce onctueuse<\/li>\n<li><strong>gestion du poids :<\/strong>\u00a0aide le chat \u00e0 maintenir son poids de forme<\/li>\n<li><strong>sant\u00e9 des voies urinaires :\u00a0<\/strong>contribue au fonctionnement normal des voies urinaires<\/li>\n<li><strong>d\u00e9fenses naturelles :\u00a0<\/strong>avec des antioxydants qui contribuent au fonctionnement normal du syst\u00e8me immunitaire<\/li>\n<li><strong>aliment complet :\u00a0<\/strong>id\u00e9al pour tous\u00a0les jours<\/li>\n<\/ul>\n","protected":false},"excerpt":{"rendered":"<p><strong>Aliment complet pour chats adultes st\u00e9rilis\u00e9s.<\/strong><\/p>\n<p>Aide \u00e0 <strong>maintenir une bonne sant\u00e9 urinaire<\/strong> en favorisant la dilution des urines.<\/p>\n<p>Aide \u00e0 <strong>maintenir un poids de forme. <\/strong><\/p>\n<p>Aide \u00e0<strong> maintenir des d\u00e9fenses naturelles fortes<\/strong> gr\u00e2ce \u00e0 des antioxydants comme la vitamine E.<\/p>\n","protected":false},"featured_media":1024161,"template":"","meta":[],"product_cat":[12551,12583,2697],"product_tag":[],"class_list":{"0":"post-1019218","1":"product","2":"type-product","3":"status-publish","4":"has-post-thumbnail","6":"product_cat-alimentation-du-chat","7":"product_cat-alimentation-premium-pour-chat","8":"product_cat-chat","9":"pa_marque-purina","11":"first","12":"instock","13":"taxable","14":"shipping-taxable","15":"purchasable","16":"product-type-simple"},"yoast_head":"<!-- This site is optimized with the Yoast SEO plugin v27.3 - https:\/\/yoast.com\/product\/yoast-seo-wordpress\/ -->\n<title>Proplan Chat st\u00e9rilis\u00e9 maintenance au Canard en sauce Purina Pro Plan - V\u00e9torino<\/title>\n<meta name=\"description\" content=\"Aliment complet pour chats adultes st\u00e9rilis\u00e9s.  Aide \u00e0 maintenir une bonne sant\u00e9 urinaire en favorisant la dilution des urines.  Aide \u00e0 maintenir un poids de forme.   Aide \u00e0 maintenir des d\u00e9fenses naturelles fortes gr\u00e2ce \u00e0 des antioxydants comme la vitamine E.\" \/>\n<meta name=\"robots\" content=\"noindex, nofollow\" \/>\n<meta property=\"og:locale\" content=\"fr_FR\" \/>\n<meta property=\"og:type\" content=\"article\" \/>\n<meta property=\"og:title\" content=\"Proplan Chat st\u00e9rilis\u00e9 maintenance au Canard en sauce Purina Pro Plan - V\u00e9torino\" \/>\n<meta property=\"og:description\" content=\"Aliment complet pour chats adultes st\u00e9rilis\u00e9s.  Aide \u00e0 maintenir une bonne sant\u00e9 urinaire en favorisant la dilution des urines.  Aide \u00e0 maintenir un poids de forme.   Aide \u00e0 maintenir des d\u00e9fenses naturelles fortes gr\u00e2ce \u00e0 des antioxydants comme la vitamine E.\" \/>\n<meta property=\"og:url\" content=\"https:\/\/www.vetorino.com\/veterinaire\/ustaritz-64480\/boutique\/product\/proplan-cat-sterilised-adult-maintenance-au-canard-en-sauce\/\" \/>\n<meta property=\"og:site_name\" content=\"V\u00e9torino\" \/>\n<meta property=\"article:publisher\" content=\"https:\/\/www.facebook.com\/Vetorino\/\" \/>\n<meta property=\"article:modified_time\" content=\"2025-11-17T14:36:54+00:00\" \/>\n<meta property=\"og:image\" content=\"https:\/\/www.vetorino.com\/boutique\/wp-content\/uploads\/2024\/09\/xl_258502e4a16930e414107ee22b6198c578f1723448494.jpg\" \/>\n\t<meta property=\"og:image:width\" content=\"2000\" \/>\n\t<meta property=\"og:image:height\" content=\"2000\" \/>\n\t<meta property=\"og:image:type\" content=\"image\/jpeg\" \/>\n<meta name=\"twitter:card\" content=\"summary_large_image\" \/>\n<meta name=\"twitter:label1\" content=\"Prix\" \/>\n\t<meta name=\"twitter:data1\" content=\"11,21&euro;\" \/>\n\t<meta name=\"twitter:label2\" content=\"Disponibilit\u00e9\" \/>\n\t<meta name=\"twitter:data2\" content=\"En stock\" \/>\n<script type=\"application\/ld+json\" class=\"yoast-schema-graph\">{\"@context\":\"https:\\\/\\\/schema.org\",\"@graph\":[{\"@type\":\"WebPage\",\"@id\":\"https:\\\/\\\/www.vetorino.com\\\/veterinaire\\\/briancon-05100\\\/boutique\\\/product\\\/proplan-cat-sterilised-adult-maintenance-au-canard-en-sauce\\\/\",\"url\":\"https:\\\/\\\/www.vetorino.com\\\/veterinaire\\\/briancon-05100\\\/boutique\\\/product\\\/proplan-cat-sterilised-adult-maintenance-au-canard-en-sauce\\\/\",\"name\":\"Proplan Chat st\u00e9rilis\u00e9 maintenance au Canard en sauce Purina Pro Plan - V\u00e9torino\",\"isPartOf\":{\"@id\":\"https:\\\/\\\/www.vetorino.com\\\/boutique\\\/#website\"},\"primaryImageOfPage\":{\"@id\":\"https:\\\/\\\/www.vetorino.com\\\/veterinaire\\\/briancon-05100\\\/boutique\\\/product\\\/proplan-cat-sterilised-adult-maintenance-au-canard-en-sauce\\\/#primaryimage\"},\"image\":{\"@id\":\"https:\\\/\\\/www.vetorino.com\\\/veterinaire\\\/briancon-05100\\\/boutique\\\/product\\\/proplan-cat-sterilised-adult-maintenance-au-canard-en-sauce\\\/#primaryimage\"},\"thumbnailUrl\":\"https:\\\/\\\/www.vetorino.com\\\/boutique\\\/wp-content\\\/uploads\\\/2024\\\/09\\\/xl_258502e4a16930e414107ee22b6198c578f1723448494.jpg\",\"datePublished\":\"2024-09-13T03:35:08+00:00\",\"dateModified\":\"2025-11-17T14:36:54+00:00\",\"description\":\"Aliment complet pour chats adultes st\u00e9rilis\u00e9s. Aide \u00e0 maintenir une bonne sant\u00e9 urinaire en favorisant la dilution des urines. Aide \u00e0 maintenir un poids de forme. Aide \u00e0 maintenir des d\u00e9fenses naturelles fortes gr\u00e2ce \u00e0 des antioxydants comme la vitamine E.\",\"breadcrumb\":{\"@id\":\"https:\\\/\\\/www.vetorino.com\\\/veterinaire\\\/briancon-05100\\\/boutique\\\/product\\\/proplan-cat-sterilised-adult-maintenance-au-canard-en-sauce\\\/#breadcrumb\"},\"inLanguage\":\"fr-FR\",\"potentialAction\":[{\"@type\":\"ReadAction\",\"target\":[\"https:\\\/\\\/www.vetorino.com\\\/veterinaire\\\/briancon-05100\\\/boutique\\\/product\\\/proplan-cat-sterilised-adult-maintenance-au-canard-en-sauce\\\/\"]}]},{\"@type\":\"ImageObject\",\"inLanguage\":\"fr-FR\",\"@id\":\"https:\\\/\\\/www.vetorino.com\\\/veterinaire\\\/briancon-05100\\\/boutique\\\/product\\\/proplan-cat-sterilised-adult-maintenance-au-canard-en-sauce\\\/#primaryimage\",\"url\":\"https:\\\/\\\/www.vetorino.com\\\/boutique\\\/wp-content\\\/uploads\\\/2024\\\/09\\\/xl_258502e4a16930e414107ee22b6198c578f1723448494.jpg\",\"contentUrl\":\"https:\\\/\\\/www.vetorino.com\\\/boutique\\\/wp-content\\\/uploads\\\/2024\\\/09\\\/xl_258502e4a16930e414107ee22b6198c578f1723448494.jpg\",\"width\":2000,\"height\":2000},{\"@type\":\"BreadcrumbList\",\"@id\":\"https:\\\/\\\/www.vetorino.com\\\/veterinaire\\\/briancon-05100\\\/boutique\\\/product\\\/proplan-cat-sterilised-adult-maintenance-au-canard-en-sauce\\\/#breadcrumb\",\"itemListElement\":[{\"@type\":\"ListItem\",\"position\":1,\"name\":\"Accueil\",\"item\":\"https:\\\/\\\/www.vetorino.com\\\/boutique\\\/\"},{\"@type\":\"ListItem\",\"position\":2,\"name\":\"Produits\",\"item\":\"https:\\\/\\\/www.vetorino.com\\\/boutique\\\/\"},{\"@type\":\"ListItem\",\"position\":3,\"name\":\"Chat st\u00e9rilis\u00e9 maintenance au Canard en sauce\"}]},{\"@type\":\"WebSite\",\"@id\":\"https:\\\/\\\/www.vetorino.com\\\/boutique\\\/#website\",\"url\":\"https:\\\/\\\/www.vetorino.com\\\/boutique\\\/\",\"name\":\"V\u00e9torino\",\"description\":\"\",\"publisher\":{\"@id\":\"https:\\\/\\\/www.vetorino.com\\\/boutique\\\/#organization\"},\"potentialAction\":[{\"@type\":\"SearchAction\",\"target\":{\"@type\":\"EntryPoint\",\"urlTemplate\":\"https:\\\/\\\/www.vetorino.com\\\/boutique\\\/?s={search_term_string}\"},\"query-input\":{\"@type\":\"PropertyValueSpecification\",\"valueRequired\":true,\"valueName\":\"search_term_string\"}}],\"inLanguage\":\"fr-FR\"},{\"@type\":\"Organization\",\"@id\":\"https:\\\/\\\/www.vetorino.com\\\/boutique\\\/#organization\",\"name\":\"V\u00e9torino\",\"url\":\"https:\\\/\\\/www.vetorino.com\\\/boutique\\\/\",\"logo\":{\"@type\":\"ImageObject\",\"inLanguage\":\"fr-FR\",\"@id\":\"https:\\\/\\\/www.vetorino.com\\\/boutique\\\/#\\\/schema\\\/logo\\\/image\\\/\",\"url\":\"https:\\\/\\\/www.vetorino.com\\\/boutique\\\/wp-content\\\/uploads\\\/2024\\\/10\\\/logo.jpg\",\"contentUrl\":\"https:\\\/\\\/www.vetorino.com\\\/boutique\\\/wp-content\\\/uploads\\\/2024\\\/10\\\/logo.jpg\",\"width\":1200,\"height\":610,\"caption\":\"V\u00e9torino\"},\"image\":{\"@id\":\"https:\\\/\\\/www.vetorino.com\\\/boutique\\\/#\\\/schema\\\/logo\\\/image\\\/\"},\"sameAs\":[\"https:\\\/\\\/www.facebook.com\\\/Vetorino\\\/\",\"https:\\\/\\\/www.instagram.com\\\/vetorino_off\\\/\",\"https:\\\/\\\/www.linkedin.com\\\/company\\\/vtorino\\\/\"]}]}<\/script>\n<meta property=\"product:brand\" content=\"Purina Pro Plan\" \/>\n<meta property=\"product:price:amount\" content=\"11.21\" \/>\n<meta property=\"product:price:currency\" content=\"EUR\" \/>\n<meta property=\"og:availability\" content=\"instock\" \/>\n<meta property=\"product:availability\" content=\"instock\" \/>\n<meta property=\"product:retailer_item_id\" content=\"A-1884540\" \/>\n<meta property=\"product:condition\" content=\"new\" \/>\n<!-- \/ Yoast SEO plugin. -->","yoast_head_json":{"title":"Proplan Chat st\u00e9rilis\u00e9 maintenance au Canard en sauce Purina Pro Plan - V\u00e9torino","description":"Aliment complet pour chats adultes st\u00e9rilis\u00e9s.  Aide \u00e0 maintenir une bonne sant\u00e9 urinaire en favorisant la dilution des urines.  Aide \u00e0 maintenir un poids de forme.   Aide \u00e0 maintenir des d\u00e9fenses naturelles fortes gr\u00e2ce \u00e0 des antioxydants comme la vitamine E.","robots":{"index":"noindex","follow":"nofollow"},"og_locale":"fr_FR","og_type":"article","og_title":"Proplan Chat st\u00e9rilis\u00e9 maintenance au Canard en sauce Purina Pro Plan - V\u00e9torino","og_description":"Aliment complet pour chats adultes st\u00e9rilis\u00e9s.  Aide \u00e0 maintenir une bonne sant\u00e9 urinaire en favorisant la dilution des urines.  Aide \u00e0 maintenir un poids de forme.   Aide \u00e0 maintenir des d\u00e9fenses naturelles fortes gr\u00e2ce \u00e0 des antioxydants comme la vitamine E.","og_url":"https:\/\/www.vetorino.com\/veterinaire\/ustaritz-64480\/boutique\/product\/proplan-cat-sterilised-adult-maintenance-au-canard-en-sauce\/","og_site_name":"V\u00e9torino","article_publisher":"https:\/\/www.facebook.com\/Vetorino\/","article_modified_time":"2025-11-17T14:36:54+00:00","og_image":[{"width":2000,"height":2000,"url":"https:\/\/www.vetorino.com\/boutique\/wp-content\/uploads\/2024\/09\/xl_258502e4a16930e414107ee22b6198c578f1723448494.jpg","type":"image\/jpeg"}],"twitter_card":"summary_large_image","twitter_misc":{"Prix":"11,21&euro;","Disponibilit\u00e9":"En stock"},"schema":{"@context":"https:\/\/schema.org","@graph":[{"@type":"WebPage","@id":"https:\/\/www.vetorino.com\/veterinaire\/briancon-05100\/boutique\/product\/proplan-cat-sterilised-adult-maintenance-au-canard-en-sauce\/","url":"https:\/\/www.vetorino.com\/veterinaire\/briancon-05100\/boutique\/product\/proplan-cat-sterilised-adult-maintenance-au-canard-en-sauce\/","name":"Proplan Chat st\u00e9rilis\u00e9 maintenance au Canard en sauce Purina Pro Plan - V\u00e9torino","isPartOf":{"@id":"https:\/\/www.vetorino.com\/boutique\/#website"},"primaryImageOfPage":{"@id":"https:\/\/www.vetorino.com\/veterinaire\/briancon-05100\/boutique\/product\/proplan-cat-sterilised-adult-maintenance-au-canard-en-sauce\/#primaryimage"},"image":{"@id":"https:\/\/www.vetorino.com\/veterinaire\/briancon-05100\/boutique\/product\/proplan-cat-sterilised-adult-maintenance-au-canard-en-sauce\/#primaryimage"},"thumbnailUrl":"https:\/\/www.vetorino.com\/boutique\/wp-content\/uploads\/2024\/09\/xl_258502e4a16930e414107ee22b6198c578f1723448494.jpg","datePublished":"2024-09-13T03:35:08+00:00","dateModified":"2025-11-17T14:36:54+00:00","description":"Aliment complet pour chats adultes st\u00e9rilis\u00e9s. Aide \u00e0 maintenir une bonne sant\u00e9 urinaire en favorisant la dilution des urines. Aide \u00e0 maintenir un poids de forme. Aide \u00e0 maintenir des d\u00e9fenses naturelles fortes gr\u00e2ce \u00e0 des antioxydants comme la vitamine E.","breadcrumb":{"@id":"https:\/\/www.vetorino.com\/veterinaire\/briancon-05100\/boutique\/product\/proplan-cat-sterilised-adult-maintenance-au-canard-en-sauce\/#breadcrumb"},"inLanguage":"fr-FR","potentialAction":[{"@type":"ReadAction","target":["https:\/\/www.vetorino.com\/veterinaire\/briancon-05100\/boutique\/product\/proplan-cat-sterilised-adult-maintenance-au-canard-en-sauce\/"]}]},{"@type":"ImageObject","inLanguage":"fr-FR","@id":"https:\/\/www.vetorino.com\/veterinaire\/briancon-05100\/boutique\/product\/proplan-cat-sterilised-adult-maintenance-au-canard-en-sauce\/#primaryimage","url":"https:\/\/www.vetorino.com\/boutique\/wp-content\/uploads\/2024\/09\/xl_258502e4a16930e414107ee22b6198c578f1723448494.jpg","contentUrl":"https:\/\/www.vetorino.com\/boutique\/wp-content\/uploads\/2024\/09\/xl_258502e4a16930e414107ee22b6198c578f1723448494.jpg","width":2000,"height":2000},{"@type":"BreadcrumbList","@id":"https:\/\/www.vetorino.com\/veterinaire\/briancon-05100\/boutique\/product\/proplan-cat-sterilised-adult-maintenance-au-canard-en-sauce\/#breadcrumb","itemListElement":[{"@type":"ListItem","position":1,"name":"Accueil","item":"https:\/\/www.vetorino.com\/boutique\/"},{"@type":"ListItem","position":2,"name":"Produits","item":"https:\/\/www.vetorino.com\/boutique\/"},{"@type":"ListItem","position":3,"name":"Chat st\u00e9rilis\u00e9 maintenance au Canard en sauce"}]},{"@type":"WebSite","@id":"https:\/\/www.vetorino.com\/boutique\/#website","url":"https:\/\/www.vetorino.com\/boutique\/","name":"V\u00e9torino","description":"","publisher":{"@id":"https:\/\/www.vetorino.com\/boutique\/#organization"},"potentialAction":[{"@type":"SearchAction","target":{"@type":"EntryPoint","urlTemplate":"https:\/\/www.vetorino.com\/boutique\/?s={search_term_string}"},"query-input":{"@type":"PropertyValueSpecification","valueRequired":true,"valueName":"search_term_string"}}],"inLanguage":"fr-FR"},{"@type":"Organization","@id":"https:\/\/www.vetorino.com\/boutique\/#organization","name":"V\u00e9torino","url":"https:\/\/www.vetorino.com\/boutique\/","logo":{"@type":"ImageObject","inLanguage":"fr-FR","@id":"https:\/\/www.vetorino.com\/boutique\/#\/schema\/logo\/image\/","url":"https:\/\/www.vetorino.com\/boutique\/wp-content\/uploads\/2024\/10\/logo.jpg","contentUrl":"https:\/\/www.vetorino.com\/boutique\/wp-content\/uploads\/2024\/10\/logo.jpg","width":1200,"height":610,"caption":"V\u00e9torino"},"image":{"@id":"https:\/\/www.vetorino.com\/boutique\/#\/schema\/logo\/image\/"},"sameAs":["https:\/\/www.facebook.com\/Vetorino\/","https:\/\/www.instagram.com\/vetorino_off\/","https:\/\/www.linkedin.com\/company\/vtorino\/"]}]},"product_brand":"Purina Pro Plan","product_price_amount":"11.21","product_price_currency":"EUR","og_availability":"instock","product_availability":"instock","product_retailer_item_id":"A-1884540","product_condition":"new"},"_links":{"self":[{"href":"https:\/\/www.vetorino.com\/veterinaire\/ustaritz-64480\/boutique\/wp-json\/wp\/v2\/product\/1019218","targetHints":{"allow":["GET"]}}],"collection":[{"href":"https:\/\/www.vetorino.com\/veterinaire\/ustaritz-64480\/boutique\/wp-json\/wp\/v2\/product"}],"about":[{"href":"https:\/\/www.vetorino.com\/veterinaire\/ustaritz-64480\/boutique\/wp-json\/wp\/v2\/types\/product"}],"wp:featuredmedia":[{"embeddable":true,"href":"https:\/\/www.vetorino.com\/veterinaire\/ustaritz-64480\/boutique\/wp-json\/wp\/v2\/media\/1024161"}],"wp:attachment":[{"href":"https:\/\/www.vetorino.com\/veterinaire\/ustaritz-64480\/boutique\/wp-json\/wp\/v2\/media?parent=1019218"}],"wp:term":[{"taxonomy":"product_cat","embeddable":true,"href":"https:\/\/www.vetorino.com\/veterinaire\/ustaritz-64480\/boutique\/wp-json\/wp\/v2\/product_cat?post=1019218"},{"taxonomy":"product_tag","embeddable":true,"href":"https:\/\/www.vetorino.com\/veterinaire\/ustaritz-64480\/boutique\/wp-json\/wp\/v2\/product_tag?post=1019218"}],"curies":[{"name":"wp","href":"https:\/\/api.w.org\/{rel}","templated":true}]}}