{"id":1036489,"date":"2024-09-26T05:35:08","date_gmt":"2024-09-26T03:35:08","guid":{"rendered":"https:\/\/www.vetorino.com\/boutique\/product\/ziggy-patee-chat-adulte-sterilise-poisson\/"},"modified":"2025-01-17T09:32:03","modified_gmt":"2025-01-17T08:32:03","slug":"ziggy-patee-chat-adulte-sterilise-poisson","status":"publish","type":"product","link":"https:\/\/www.vetorino.com\/veterinaire\/ustaritz-64480\/boutique\/product\/ziggy-patee-chat-adulte-sterilise-poisson\/","title":{"rendered":"P\u00e2t\u00e9e Chat Adulte St\u00e9rilis\u00e9 Poisson blanc"},"content":{"rendered":"<p>Une recette sans amidon, compos\u00e9e de prot\u00e9ines animales de tr\u00e8s haute qualit\u00e9 et de bons l\u00e9gumes, sources de fibres et de gourmandise, pour favoriser une digestion saine et des selles moins odorantes.<\/p>\n<p>Une recette parfaitement \u00e9quilibr\u00e9e, riche en acides gras Om\u00e9ga 3 (EPA &amp; DHA) qui contribuent \u00e0 am\u00e9liorer la qualit\u00e9 et la beaut\u00e9 du pelage et participent \u00e0 renforcer les poils et \u00e0 en limiter la perte.<\/p>\n<p>La p\u00e2t\u00e9e est en moyenne 4x moins calorique que les croquettes, riche en eau et en prot\u00e9ines de qualit\u00e9, elle apporte du volume et peu de calories, et donc une meilleure sati\u00e9t\u00e9 qui aide \u00e0 r\u00e9duire les risques d&#8217;ob\u00e9sit\u00e9 et de surpoids et tout en pr\u00e9servant la masse musculaire.<\/p>\n<p>Ingr\u00e9dients :<\/p>\n<ul>\n<li>Porc 45,3% (C\u0153ur, Lobe de Poumon)<\/li>\n<li>Poulet 21,7% (C\u0153ur, Foie)<\/li>\n<li>Eau<\/li>\n<li><strong>Poisson Blanc MSC 4%<\/strong><\/li>\n<li>Min\u00e9raux<\/li>\n<li>Levure de bi\u00e8re<\/li>\n<li>Huile de Colza<\/li>\n<li>Courgettes d\u00e9shydrat\u00e9es<\/li>\n<li>Haricots verts d\u00e9shydrat\u00e9s<\/li>\n<li>Thym<\/li>\n<\/ul>\n","protected":false},"excerpt":{"rendered":"<p data-pm-slice=\"1 1 []\">Une P\u00e2t\u00e9e pour chat adulte st\u00e9rilis\u00e9 au d\u00e9licieux\u00a0<strong>Poisson Blanc<\/strong>, compos\u00e9e uniquement de vrais bons ingr\u00e9dients, tous s\u00e9lectionn\u00e9s pour leurs apports nutritionnels, r\u00e9pondant parfaitement aux besoins du chat adulte st\u00e9rilis\u00e9.<\/p>\n","protected":false},"featured_media":1036747,"template":"","meta":[],"product_cat":[12551,2697,12611,12635,12639],"product_tag":[],"class_list":{"0":"post-1036489","1":"product","2":"type-product","3":"status-publish","4":"has-post-thumbnail","6":"product_cat-alimentation-du-chat","7":"product_cat-chat","8":"product_cat-hygiene-de-la-peau-et-du-pelage-du-chat","9":"product_cat-systeme-digestif-du-chat","10":"product_cat-systeme-immunitaire-du-chat","11":"pa_marque-s-a-s-ziggy","13":"first","14":"instock","15":"taxable","16":"shipping-taxable","17":"purchasable","18":"product-type-simple"},"yoast_head":"<!-- This site is optimized with the Yoast SEO plugin v27.3 - https:\/\/yoast.com\/product\/yoast-seo-wordpress\/ -->\n<title>P\u00e2t\u00e9e Chat Adulte St\u00e9rilis\u00e9 Poisson blanc Ziggy - V\u00e9torino<\/title>\n<meta name=\"description\" content=\"Une P\u00e2t\u00e9e pour chat adulte st\u00e9rilis\u00e9 au d\u00e9licieux\u00a0Poisson Blanc, compos\u00e9e uniquement de vrais bons ingr\u00e9dients, tous s\u00e9lectionn\u00e9s pour leurs apports nutritionnels, r\u00e9pondant parfaitement aux besoins du chat adulte st\u00e9rilis\u00e9.\" \/>\n<meta name=\"robots\" content=\"noindex, nofollow\" \/>\n<meta property=\"og:locale\" content=\"fr_FR\" \/>\n<meta property=\"og:type\" content=\"article\" \/>\n<meta property=\"og:title\" content=\"P\u00e2t\u00e9e Chat Adulte St\u00e9rilis\u00e9 Poisson blanc Ziggy - V\u00e9torino\" \/>\n<meta property=\"og:description\" content=\"Une P\u00e2t\u00e9e pour chat adulte st\u00e9rilis\u00e9 au d\u00e9licieux\u00a0Poisson Blanc, compos\u00e9e uniquement de vrais bons ingr\u00e9dients, tous s\u00e9lectionn\u00e9s pour leurs apports nutritionnels, r\u00e9pondant parfaitement aux besoins du chat adulte st\u00e9rilis\u00e9.\" \/>\n<meta property=\"og:url\" content=\"https:\/\/www.vetorino.com\/veterinaire\/ustaritz-64480\/boutique\/product\/ziggy-patee-chat-adulte-sterilise-poisson\/\" \/>\n<meta property=\"og:site_name\" content=\"V\u00e9torino\" \/>\n<meta property=\"article:publisher\" content=\"https:\/\/www.facebook.com\/Vetorino\/\" \/>\n<meta property=\"article:modified_time\" content=\"2025-01-17T08:32:03+00:00\" \/>\n<meta property=\"og:image\" content=\"https:\/\/www.vetorino.com\/boutique\/wp-content\/uploads\/2024\/09\/NEW.PateeChat-PoissonBlanclotx4new1qte.webp\" \/>\n\t<meta property=\"og:image:width\" content=\"1080\" \/>\n\t<meta property=\"og:image:height\" content=\"1080\" \/>\n\t<meta property=\"og:image:type\" content=\"image\/webp\" \/>\n<meta name=\"twitter:card\" content=\"summary_large_image\" \/>\n<meta name=\"twitter:label1\" content=\"Prix\" \/>\n\t<meta name=\"twitter:data1\" content=\"8,00&euro;\" \/>\n\t<meta name=\"twitter:label2\" content=\"Disponibilit\u00e9\" \/>\n\t<meta name=\"twitter:data2\" content=\"En stock\" \/>\n<script type=\"application\/ld+json\" class=\"yoast-schema-graph\">{\"@context\":\"https:\\\/\\\/schema.org\",\"@graph\":[{\"@type\":\"WebPage\",\"@id\":\"https:\\\/\\\/www.vetorino.com\\\/boutique\\\/product\\\/ziggy-patee-chat-adulte-sterilise-poisson\\\/\",\"url\":\"https:\\\/\\\/www.vetorino.com\\\/boutique\\\/product\\\/ziggy-patee-chat-adulte-sterilise-poisson\\\/\",\"name\":\"P\u00e2t\u00e9e Chat Adulte St\u00e9rilis\u00e9 Poisson blanc Ziggy - V\u00e9torino\",\"isPartOf\":{\"@id\":\"https:\\\/\\\/www.vetorino.com\\\/boutique\\\/#website\"},\"primaryImageOfPage\":{\"@id\":\"https:\\\/\\\/www.vetorino.com\\\/boutique\\\/product\\\/ziggy-patee-chat-adulte-sterilise-poisson\\\/#primaryimage\"},\"image\":{\"@id\":\"https:\\\/\\\/www.vetorino.com\\\/boutique\\\/product\\\/ziggy-patee-chat-adulte-sterilise-poisson\\\/#primaryimage\"},\"thumbnailUrl\":\"https:\\\/\\\/www.vetorino.com\\\/boutique\\\/wp-content\\\/uploads\\\/2024\\\/09\\\/NEW.PateeChat-PoissonBlanclotx4new1qte.webp\",\"datePublished\":\"2024-09-26T03:35:08+00:00\",\"dateModified\":\"2025-01-17T08:32:03+00:00\",\"description\":\"Une P\u00e2t\u00e9e pour chat adulte st\u00e9rilis\u00e9 au d\u00e9licieux\u00a0Poisson Blanc, compos\u00e9e uniquement de vrais bons ingr\u00e9dients, tous s\u00e9lectionn\u00e9s pour leurs apports nutritionnels, r\u00e9pondant parfaitement aux besoins du chat adulte st\u00e9rilis\u00e9.\",\"breadcrumb\":{\"@id\":\"https:\\\/\\\/www.vetorino.com\\\/boutique\\\/product\\\/ziggy-patee-chat-adulte-sterilise-poisson\\\/#breadcrumb\"},\"inLanguage\":\"fr-FR\",\"potentialAction\":[{\"@type\":\"ReadAction\",\"target\":[\"https:\\\/\\\/www.vetorino.com\\\/boutique\\\/product\\\/ziggy-patee-chat-adulte-sterilise-poisson\\\/\"]}]},{\"@type\":\"ImageObject\",\"inLanguage\":\"fr-FR\",\"@id\":\"https:\\\/\\\/www.vetorino.com\\\/boutique\\\/product\\\/ziggy-patee-chat-adulte-sterilise-poisson\\\/#primaryimage\",\"url\":\"https:\\\/\\\/www.vetorino.com\\\/boutique\\\/wp-content\\\/uploads\\\/2024\\\/09\\\/NEW.PateeChat-PoissonBlanclotx4new1qte.webp\",\"contentUrl\":\"https:\\\/\\\/www.vetorino.com\\\/boutique\\\/wp-content\\\/uploads\\\/2024\\\/09\\\/NEW.PateeChat-PoissonBlanclotx4new1qte.webp\",\"width\":1080,\"height\":1080},{\"@type\":\"BreadcrumbList\",\"@id\":\"https:\\\/\\\/www.vetorino.com\\\/boutique\\\/product\\\/ziggy-patee-chat-adulte-sterilise-poisson\\\/#breadcrumb\",\"itemListElement\":[{\"@type\":\"ListItem\",\"position\":1,\"name\":\"Accueil\",\"item\":\"https:\\\/\\\/www.vetorino.com\\\/boutique\\\/\"},{\"@type\":\"ListItem\",\"position\":2,\"name\":\"Produits\",\"item\":\"https:\\\/\\\/www.vetorino.com\\\/boutique\\\/\"},{\"@type\":\"ListItem\",\"position\":3,\"name\":\"P\u00e2t\u00e9e Chat Adulte St\u00e9rilis\u00e9 Poisson blanc\"}]},{\"@type\":\"WebSite\",\"@id\":\"https:\\\/\\\/www.vetorino.com\\\/boutique\\\/#website\",\"url\":\"https:\\\/\\\/www.vetorino.com\\\/boutique\\\/\",\"name\":\"V\u00e9torino\",\"description\":\"\",\"publisher\":{\"@id\":\"https:\\\/\\\/www.vetorino.com\\\/boutique\\\/#organization\"},\"potentialAction\":[{\"@type\":\"SearchAction\",\"target\":{\"@type\":\"EntryPoint\",\"urlTemplate\":\"https:\\\/\\\/www.vetorino.com\\\/boutique\\\/?s={search_term_string}\"},\"query-input\":{\"@type\":\"PropertyValueSpecification\",\"valueRequired\":true,\"valueName\":\"search_term_string\"}}],\"inLanguage\":\"fr-FR\"},{\"@type\":\"Organization\",\"@id\":\"https:\\\/\\\/www.vetorino.com\\\/boutique\\\/#organization\",\"name\":\"V\u00e9torino\",\"url\":\"https:\\\/\\\/www.vetorino.com\\\/boutique\\\/\",\"logo\":{\"@type\":\"ImageObject\",\"inLanguage\":\"fr-FR\",\"@id\":\"https:\\\/\\\/www.vetorino.com\\\/boutique\\\/#\\\/schema\\\/logo\\\/image\\\/\",\"url\":\"https:\\\/\\\/www.vetorino.com\\\/boutique\\\/wp-content\\\/uploads\\\/2024\\\/10\\\/logo.jpg\",\"contentUrl\":\"https:\\\/\\\/www.vetorino.com\\\/boutique\\\/wp-content\\\/uploads\\\/2024\\\/10\\\/logo.jpg\",\"width\":1200,\"height\":610,\"caption\":\"V\u00e9torino\"},\"image\":{\"@id\":\"https:\\\/\\\/www.vetorino.com\\\/boutique\\\/#\\\/schema\\\/logo\\\/image\\\/\"},\"sameAs\":[\"https:\\\/\\\/www.facebook.com\\\/Vetorino\\\/\",\"https:\\\/\\\/www.instagram.com\\\/vetorino_off\\\/\",\"https:\\\/\\\/www.linkedin.com\\\/company\\\/vtorino\\\/\"]}]}<\/script>\n<meta property=\"product:brand\" content=\"Ziggy\" \/>\n<meta property=\"product:price:amount\" content=\"8.00\" \/>\n<meta property=\"product:price:currency\" content=\"EUR\" \/>\n<meta property=\"og:availability\" content=\"instock\" \/>\n<meta property=\"product:availability\" content=\"instock\" \/>\n<meta property=\"product:retailer_item_id\" content=\"A-1887670\" \/>\n<meta property=\"product:condition\" content=\"new\" \/>\n<!-- \/ Yoast SEO plugin. -->","yoast_head_json":{"title":"P\u00e2t\u00e9e Chat Adulte St\u00e9rilis\u00e9 Poisson blanc Ziggy - V\u00e9torino","description":"Une P\u00e2t\u00e9e pour chat adulte st\u00e9rilis\u00e9 au d\u00e9licieux\u00a0Poisson Blanc, compos\u00e9e uniquement de vrais bons ingr\u00e9dients, tous s\u00e9lectionn\u00e9s pour leurs apports nutritionnels, r\u00e9pondant parfaitement aux besoins du chat adulte st\u00e9rilis\u00e9.","robots":{"index":"noindex","follow":"nofollow"},"og_locale":"fr_FR","og_type":"article","og_title":"P\u00e2t\u00e9e Chat Adulte St\u00e9rilis\u00e9 Poisson blanc Ziggy - V\u00e9torino","og_description":"Une P\u00e2t\u00e9e pour chat adulte st\u00e9rilis\u00e9 au d\u00e9licieux\u00a0Poisson Blanc, compos\u00e9e uniquement de vrais bons ingr\u00e9dients, tous s\u00e9lectionn\u00e9s pour leurs apports nutritionnels, r\u00e9pondant parfaitement aux besoins du chat adulte st\u00e9rilis\u00e9.","og_url":"https:\/\/www.vetorino.com\/veterinaire\/ustaritz-64480\/boutique\/product\/ziggy-patee-chat-adulte-sterilise-poisson\/","og_site_name":"V\u00e9torino","article_publisher":"https:\/\/www.facebook.com\/Vetorino\/","article_modified_time":"2025-01-17T08:32:03+00:00","og_image":[{"width":1080,"height":1080,"url":"https:\/\/www.vetorino.com\/boutique\/wp-content\/uploads\/2024\/09\/NEW.PateeChat-PoissonBlanclotx4new1qte.webp","type":"image\/webp"}],"twitter_card":"summary_large_image","twitter_misc":{"Prix":"8,00&euro;","Disponibilit\u00e9":"En stock"},"schema":{"@context":"https:\/\/schema.org","@graph":[{"@type":"WebPage","@id":"https:\/\/www.vetorino.com\/boutique\/product\/ziggy-patee-chat-adulte-sterilise-poisson\/","url":"https:\/\/www.vetorino.com\/boutique\/product\/ziggy-patee-chat-adulte-sterilise-poisson\/","name":"P\u00e2t\u00e9e Chat Adulte St\u00e9rilis\u00e9 Poisson blanc Ziggy - V\u00e9torino","isPartOf":{"@id":"https:\/\/www.vetorino.com\/boutique\/#website"},"primaryImageOfPage":{"@id":"https:\/\/www.vetorino.com\/boutique\/product\/ziggy-patee-chat-adulte-sterilise-poisson\/#primaryimage"},"image":{"@id":"https:\/\/www.vetorino.com\/boutique\/product\/ziggy-patee-chat-adulte-sterilise-poisson\/#primaryimage"},"thumbnailUrl":"https:\/\/www.vetorino.com\/boutique\/wp-content\/uploads\/2024\/09\/NEW.PateeChat-PoissonBlanclotx4new1qte.webp","datePublished":"2024-09-26T03:35:08+00:00","dateModified":"2025-01-17T08:32:03+00:00","description":"Une P\u00e2t\u00e9e pour chat adulte st\u00e9rilis\u00e9 au d\u00e9licieux\u00a0Poisson Blanc, compos\u00e9e uniquement de vrais bons ingr\u00e9dients, tous s\u00e9lectionn\u00e9s pour leurs apports nutritionnels, r\u00e9pondant parfaitement aux besoins du chat adulte st\u00e9rilis\u00e9.","breadcrumb":{"@id":"https:\/\/www.vetorino.com\/boutique\/product\/ziggy-patee-chat-adulte-sterilise-poisson\/#breadcrumb"},"inLanguage":"fr-FR","potentialAction":[{"@type":"ReadAction","target":["https:\/\/www.vetorino.com\/boutique\/product\/ziggy-patee-chat-adulte-sterilise-poisson\/"]}]},{"@type":"ImageObject","inLanguage":"fr-FR","@id":"https:\/\/www.vetorino.com\/boutique\/product\/ziggy-patee-chat-adulte-sterilise-poisson\/#primaryimage","url":"https:\/\/www.vetorino.com\/boutique\/wp-content\/uploads\/2024\/09\/NEW.PateeChat-PoissonBlanclotx4new1qte.webp","contentUrl":"https:\/\/www.vetorino.com\/boutique\/wp-content\/uploads\/2024\/09\/NEW.PateeChat-PoissonBlanclotx4new1qte.webp","width":1080,"height":1080},{"@type":"BreadcrumbList","@id":"https:\/\/www.vetorino.com\/boutique\/product\/ziggy-patee-chat-adulte-sterilise-poisson\/#breadcrumb","itemListElement":[{"@type":"ListItem","position":1,"name":"Accueil","item":"https:\/\/www.vetorino.com\/boutique\/"},{"@type":"ListItem","position":2,"name":"Produits","item":"https:\/\/www.vetorino.com\/boutique\/"},{"@type":"ListItem","position":3,"name":"P\u00e2t\u00e9e Chat Adulte St\u00e9rilis\u00e9 Poisson blanc"}]},{"@type":"WebSite","@id":"https:\/\/www.vetorino.com\/boutique\/#website","url":"https:\/\/www.vetorino.com\/boutique\/","name":"V\u00e9torino","description":"","publisher":{"@id":"https:\/\/www.vetorino.com\/boutique\/#organization"},"potentialAction":[{"@type":"SearchAction","target":{"@type":"EntryPoint","urlTemplate":"https:\/\/www.vetorino.com\/boutique\/?s={search_term_string}"},"query-input":{"@type":"PropertyValueSpecification","valueRequired":true,"valueName":"search_term_string"}}],"inLanguage":"fr-FR"},{"@type":"Organization","@id":"https:\/\/www.vetorino.com\/boutique\/#organization","name":"V\u00e9torino","url":"https:\/\/www.vetorino.com\/boutique\/","logo":{"@type":"ImageObject","inLanguage":"fr-FR","@id":"https:\/\/www.vetorino.com\/boutique\/#\/schema\/logo\/image\/","url":"https:\/\/www.vetorino.com\/boutique\/wp-content\/uploads\/2024\/10\/logo.jpg","contentUrl":"https:\/\/www.vetorino.com\/boutique\/wp-content\/uploads\/2024\/10\/logo.jpg","width":1200,"height":610,"caption":"V\u00e9torino"},"image":{"@id":"https:\/\/www.vetorino.com\/boutique\/#\/schema\/logo\/image\/"},"sameAs":["https:\/\/www.facebook.com\/Vetorino\/","https:\/\/www.instagram.com\/vetorino_off\/","https:\/\/www.linkedin.com\/company\/vtorino\/"]}]},"product_brand":"Ziggy","product_price_amount":"8.00","product_price_currency":"EUR","og_availability":"instock","product_availability":"instock","product_retailer_item_id":"A-1887670","product_condition":"new"},"_links":{"self":[{"href":"https:\/\/www.vetorino.com\/veterinaire\/ustaritz-64480\/boutique\/wp-json\/wp\/v2\/product\/1036489","targetHints":{"allow":["GET"]}}],"collection":[{"href":"https:\/\/www.vetorino.com\/veterinaire\/ustaritz-64480\/boutique\/wp-json\/wp\/v2\/product"}],"about":[{"href":"https:\/\/www.vetorino.com\/veterinaire\/ustaritz-64480\/boutique\/wp-json\/wp\/v2\/types\/product"}],"wp:featuredmedia":[{"embeddable":true,"href":"https:\/\/www.vetorino.com\/veterinaire\/ustaritz-64480\/boutique\/wp-json\/wp\/v2\/media\/1036747"}],"wp:attachment":[{"href":"https:\/\/www.vetorino.com\/veterinaire\/ustaritz-64480\/boutique\/wp-json\/wp\/v2\/media?parent=1036489"}],"wp:term":[{"taxonomy":"product_cat","embeddable":true,"href":"https:\/\/www.vetorino.com\/veterinaire\/ustaritz-64480\/boutique\/wp-json\/wp\/v2\/product_cat?post=1036489"},{"taxonomy":"product_tag","embeddable":true,"href":"https:\/\/www.vetorino.com\/veterinaire\/ustaritz-64480\/boutique\/wp-json\/wp\/v2\/product_tag?post=1036489"}],"curies":[{"name":"wp","href":"https:\/\/api.w.org\/{rel}","templated":true}]}}