{"id":1275062,"date":"2025-04-03T10:14:23","date_gmt":"2025-04-03T08:14:23","guid":{"rendered":"https:\/\/www.vetorino.com\/boutique\/product\/dog-hypoallergenic-treats\/"},"modified":"2025-11-18T11:40:11","modified_gmt":"2025-11-18T10:40:11","slug":"dog-hypoallergenic-treats","status":"publish","type":"product","link":"https:\/\/www.vetorino.com\/veterinaire\/ustaritz-64480\/boutique\/product\/dog-hypoallergenic-treats\/","title":{"rendered":"Hypoallergenic Treats"},"content":{"rendered":"<p><strong>Ces friandises tendres et savoureuses compl\u00e8tent l\u2019alimentation hypoallerg\u00e9nique de votre chien sans en compromettre les b\u00e9n\u00e9fices.\u00a0<\/strong><\/p>\n<p><strong>Indications<\/strong> :<\/p>\n<ul>\n<li>Ces friandises ont \u00e9t\u00e9 d\u00e9velopp\u00e9es afin de permettre aux propri\u00e9taires de r\u00e9compenser leur chien sans compromettre les b\u00e9n\u00e9fices nutritionnels de l&#8217;aliment di\u00e9t\u00e9tique correspondant.<\/li>\n<li>Ces friandises ne doivent pas \u00eatre donn\u00e9es avant l&#8217;\u00e2ge de 6 mois.<\/li>\n<\/ul>\n<p><strong>Bienfaits essentiels :<\/strong><\/p>\n<ul>\n<li>Prot\u00e9ines hydrolys\u00e9es<\/li>\n<li>Vitamine B12<\/li>\n<\/ul>\n<p><strong>Compatibles avec les aliments HYPOALLERGENIC pour chiens ROYAL CANIN\u00ae :<\/strong><\/p>\n<p><strong>&#8211; HYPOALLERGENIC<\/strong><br \/>\n<strong>&#8211; HYPOALLERGENIC PUPPY<\/strong><br \/>\n<strong>&#8211; HYPOALLERGENIC SMALL DOG<\/strong><br \/>\n<strong>&#8211; HYPOALLERGENIC MODERATE CALORIE<\/strong><br \/>\n<strong>&#8211; SENSITIVITY CONTROL<\/strong><br \/>\n<strong>&#8211; SKIN CARE<\/strong><br \/>\n<strong>&#8211; SKIN CARE SMALL DOG<\/strong><br \/>\n<strong>&#8211; SKIN CARE SMALL DOG PUPPY<\/strong><\/p>\n<p>Veillez \u00e0 respecter le tableau de rationnement figurant sur l\u2019emballage et \u00e0 ne pas donner \u00e0 votre chien plus que le nombre recommand\u00e9 de friandises par jour.<br \/>\nLorsque vous offrez des friandises \u00e0 votre animal de compagnie, il est conseill\u00e9 d\u2019ajuster sa ration journali\u00e8re pour l\u2019aider \u00e0 maintenir un poids id\u00e9al.<\/p>\n","protected":false},"excerpt":{"rendered":"<p><strong>Ces friandises tendres et savoureuses compl\u00e8tent l\u2019alimentation hypoallerg\u00e9nique de votre chien sans en compromettre les b\u00e9n\u00e9fices.\u00a0<\/strong><\/p>\n<p><strong>Indications<\/strong> :<\/p>\n<ul>\n<li>Ces friandises ont \u00e9t\u00e9 d\u00e9velopp\u00e9es afin de permettre aux propri\u00e9taires de r\u00e9compenser leur chien sans compromettre les b\u00e9n\u00e9fices nutritionnels de l&#8217;aliment di\u00e9t\u00e9tique correspondant.<\/li>\n<li>Ces friandises ne doivent pas \u00eatre donn\u00e9es avant l&#8217;\u00e2ge de 6 mois.<\/li>\n<\/ul>\n","protected":false},"featured_media":1275111,"template":"","meta":[],"product_cat":[12552,12582,2698,12603],"product_tag":[],"class_list":{"0":"post-1275062","1":"product","2":"type-product","3":"status-publish","4":"has-post-thumbnail","6":"product_cat-alimentation-du-chien","7":"product_cat-alimentation-medicalisee-pour-chien","8":"product_cat-chien","9":"product_cat-friandises-pour-chien","10":"pa_marque-royal-canin","12":"first","13":"instock","14":"taxable","15":"shipping-taxable","16":"purchasable","17":"product-type-variable"},"yoast_head":"<!-- This site is optimized with the Yoast SEO plugin v27.3 - https:\/\/yoast.com\/product\/yoast-seo-wordpress\/ -->\n<title>Hypoallergenic Treats Royal Canin - V\u00e9torino<\/title>\n<meta name=\"description\" content=\"Ces friandises tendres et savoureuses compl\u00e8tent l\u2019alimentation hypoallerg\u00e9nique de votre chien sans en compromettre les b\u00e9n\u00e9fices.\u00a0  Indications :   Ces friandises ont \u00e9t\u00e9 d\u00e9velopp\u00e9es afin de permettre aux propri\u00e9taires de r\u00e9compenser leur chien sans compromettre les b\u00e9n\u00e9fices nutritionnels de l&#039;aliment di\u00e9t\u00e9tique correspondant.  Ces friandises ne doivent pas \u00eatre donn\u00e9es avant l&#039;\u00e2ge de 6 mois.\" \/>\n<meta name=\"robots\" content=\"noindex, nofollow\" \/>\n<meta property=\"og:locale\" content=\"fr_FR\" \/>\n<meta property=\"og:type\" content=\"article\" \/>\n<meta property=\"og:title\" content=\"Hypoallergenic Treats Royal Canin - V\u00e9torino\" \/>\n<meta property=\"og:description\" content=\"Ces friandises tendres et savoureuses compl\u00e8tent l\u2019alimentation hypoallerg\u00e9nique de votre chien sans en compromettre les b\u00e9n\u00e9fices.\u00a0  Indications :   Ces friandises ont \u00e9t\u00e9 d\u00e9velopp\u00e9es afin de permettre aux propri\u00e9taires de r\u00e9compenser leur chien sans compromettre les b\u00e9n\u00e9fices nutritionnels de l&#039;aliment di\u00e9t\u00e9tique correspondant.  Ces friandises ne doivent pas \u00eatre donn\u00e9es avant l&#039;\u00e2ge de 6 mois.\" \/>\n<meta property=\"og:url\" content=\"https:\/\/www.vetorino.com\/veterinaire\/ustaritz-64480\/boutique\/product\/dog-hypoallergenic-treats\/\" \/>\n<meta property=\"og:site_name\" content=\"V\u00e9torino\" \/>\n<meta property=\"article:publisher\" content=\"https:\/\/www.facebook.com\/Vetorino\/\" \/>\n<meta property=\"article:modified_time\" content=\"2025-11-18T10:40:11+00:00\" \/>\n<meta property=\"og:image\" content=\"https:\/\/www.vetorino.com\/boutique\/wp-content\/uploads\/2025\/04\/royalcanin-hypoallergenic-treats.pdf-500x500-1.jpeg\" \/>\n\t<meta property=\"og:image:width\" content=\"500\" \/>\n\t<meta property=\"og:image:height\" content=\"500\" \/>\n\t<meta property=\"og:image:type\" content=\"image\/jpeg\" \/>\n<meta name=\"twitter:card\" content=\"summary_large_image\" \/>\n<meta name=\"twitter:label1\" content=\"Disponibilit\u00e9\" \/>\n\t<meta name=\"twitter:data1\" content=\"En stock\" \/>\n<script type=\"application\/ld+json\" class=\"yoast-schema-graph\">{\"@context\":\"https:\\\/\\\/schema.org\",\"@graph\":[{\"@type\":\"WebPage\",\"@id\":\"https:\\\/\\\/www.vetorino.com\\\/veterinaire\\\/briancon-05100\\\/boutique\\\/product\\\/dog-hypoallergenic-treats\\\/\",\"url\":\"https:\\\/\\\/www.vetorino.com\\\/veterinaire\\\/briancon-05100\\\/boutique\\\/product\\\/dog-hypoallergenic-treats\\\/\",\"name\":\"Hypoallergenic Treats Royal Canin - V\u00e9torino\",\"isPartOf\":{\"@id\":\"https:\\\/\\\/www.vetorino.com\\\/boutique\\\/#website\"},\"primaryImageOfPage\":{\"@id\":\"https:\\\/\\\/www.vetorino.com\\\/veterinaire\\\/briancon-05100\\\/boutique\\\/product\\\/dog-hypoallergenic-treats\\\/#primaryimage\"},\"image\":{\"@id\":\"https:\\\/\\\/www.vetorino.com\\\/veterinaire\\\/briancon-05100\\\/boutique\\\/product\\\/dog-hypoallergenic-treats\\\/#primaryimage\"},\"thumbnailUrl\":\"https:\\\/\\\/www.vetorino.com\\\/boutique\\\/wp-content\\\/uploads\\\/2025\\\/04\\\/royalcanin-hypoallergenic-treats.pdf-500x500-1.jpeg\",\"datePublished\":\"2025-04-03T08:14:23+00:00\",\"dateModified\":\"2025-11-18T10:40:11+00:00\",\"description\":\"Ces friandises tendres et savoureuses compl\u00e8tent l\u2019alimentation hypoallerg\u00e9nique de votre chien sans en compromettre les b\u00e9n\u00e9fices.\u00a0 Indications : Ces friandises ont \u00e9t\u00e9 d\u00e9velopp\u00e9es afin de permettre aux propri\u00e9taires de r\u00e9compenser leur chien sans compromettre les b\u00e9n\u00e9fices nutritionnels de l'aliment di\u00e9t\u00e9tique correspondant. Ces friandises ne doivent pas \u00eatre donn\u00e9es avant l'\u00e2ge de 6 mois.\",\"breadcrumb\":{\"@id\":\"https:\\\/\\\/www.vetorino.com\\\/veterinaire\\\/briancon-05100\\\/boutique\\\/product\\\/dog-hypoallergenic-treats\\\/#breadcrumb\"},\"inLanguage\":\"fr-FR\",\"potentialAction\":[{\"@type\":\"ReadAction\",\"target\":[\"https:\\\/\\\/www.vetorino.com\\\/veterinaire\\\/briancon-05100\\\/boutique\\\/product\\\/dog-hypoallergenic-treats\\\/\"]}]},{\"@type\":\"ImageObject\",\"inLanguage\":\"fr-FR\",\"@id\":\"https:\\\/\\\/www.vetorino.com\\\/veterinaire\\\/briancon-05100\\\/boutique\\\/product\\\/dog-hypoallergenic-treats\\\/#primaryimage\",\"url\":\"https:\\\/\\\/www.vetorino.com\\\/boutique\\\/wp-content\\\/uploads\\\/2025\\\/04\\\/royalcanin-hypoallergenic-treats.pdf-500x500-1.jpeg\",\"contentUrl\":\"https:\\\/\\\/www.vetorino.com\\\/boutique\\\/wp-content\\\/uploads\\\/2025\\\/04\\\/royalcanin-hypoallergenic-treats.pdf-500x500-1.jpeg\",\"width\":500,\"height\":500},{\"@type\":\"BreadcrumbList\",\"@id\":\"https:\\\/\\\/www.vetorino.com\\\/veterinaire\\\/briancon-05100\\\/boutique\\\/product\\\/dog-hypoallergenic-treats\\\/#breadcrumb\",\"itemListElement\":[{\"@type\":\"ListItem\",\"position\":1,\"name\":\"Accueil\",\"item\":\"https:\\\/\\\/www.vetorino.com\\\/boutique\\\/\"},{\"@type\":\"ListItem\",\"position\":2,\"name\":\"Produits\",\"item\":\"https:\\\/\\\/www.vetorino.com\\\/boutique\\\/\"},{\"@type\":\"ListItem\",\"position\":3,\"name\":\"Hypoallergenic Treats\"}]},{\"@type\":\"WebSite\",\"@id\":\"https:\\\/\\\/www.vetorino.com\\\/boutique\\\/#website\",\"url\":\"https:\\\/\\\/www.vetorino.com\\\/boutique\\\/\",\"name\":\"V\u00e9torino\",\"description\":\"\",\"publisher\":{\"@id\":\"https:\\\/\\\/www.vetorino.com\\\/boutique\\\/#organization\"},\"potentialAction\":[{\"@type\":\"SearchAction\",\"target\":{\"@type\":\"EntryPoint\",\"urlTemplate\":\"https:\\\/\\\/www.vetorino.com\\\/boutique\\\/?s={search_term_string}\"},\"query-input\":{\"@type\":\"PropertyValueSpecification\",\"valueRequired\":true,\"valueName\":\"search_term_string\"}}],\"inLanguage\":\"fr-FR\"},{\"@type\":\"Organization\",\"@id\":\"https:\\\/\\\/www.vetorino.com\\\/boutique\\\/#organization\",\"name\":\"V\u00e9torino\",\"url\":\"https:\\\/\\\/www.vetorino.com\\\/boutique\\\/\",\"logo\":{\"@type\":\"ImageObject\",\"inLanguage\":\"fr-FR\",\"@id\":\"https:\\\/\\\/www.vetorino.com\\\/boutique\\\/#\\\/schema\\\/logo\\\/image\\\/\",\"url\":\"https:\\\/\\\/www.vetorino.com\\\/boutique\\\/wp-content\\\/uploads\\\/2024\\\/10\\\/logo.jpg\",\"contentUrl\":\"https:\\\/\\\/www.vetorino.com\\\/boutique\\\/wp-content\\\/uploads\\\/2024\\\/10\\\/logo.jpg\",\"width\":1200,\"height\":610,\"caption\":\"V\u00e9torino\"},\"image\":{\"@id\":\"https:\\\/\\\/www.vetorino.com\\\/boutique\\\/#\\\/schema\\\/logo\\\/image\\\/\"},\"sameAs\":[\"https:\\\/\\\/www.facebook.com\\\/Vetorino\\\/\",\"https:\\\/\\\/www.instagram.com\\\/vetorino_off\\\/\",\"https:\\\/\\\/www.linkedin.com\\\/company\\\/vtorino\\\/\"]}]}<\/script>\n<meta property=\"product:brand\" content=\"Royal Canin\" \/>\n<meta property=\"og:availability\" content=\"instock\" \/>\n<meta property=\"product:availability\" content=\"instock\" \/>\n<meta property=\"product:condition\" content=\"new\" \/>\n<!-- \/ Yoast SEO plugin. -->","yoast_head_json":{"title":"Hypoallergenic Treats Royal Canin - V\u00e9torino","description":"Ces friandises tendres et savoureuses compl\u00e8tent l\u2019alimentation hypoallerg\u00e9nique de votre chien sans en compromettre les b\u00e9n\u00e9fices.\u00a0  Indications :   Ces friandises ont \u00e9t\u00e9 d\u00e9velopp\u00e9es afin de permettre aux propri\u00e9taires de r\u00e9compenser leur chien sans compromettre les b\u00e9n\u00e9fices nutritionnels de l'aliment di\u00e9t\u00e9tique correspondant.  Ces friandises ne doivent pas \u00eatre donn\u00e9es avant l'\u00e2ge de 6 mois.","robots":{"index":"noindex","follow":"nofollow"},"og_locale":"fr_FR","og_type":"article","og_title":"Hypoallergenic Treats Royal Canin - V\u00e9torino","og_description":"Ces friandises tendres et savoureuses compl\u00e8tent l\u2019alimentation hypoallerg\u00e9nique de votre chien sans en compromettre les b\u00e9n\u00e9fices.\u00a0  Indications :   Ces friandises ont \u00e9t\u00e9 d\u00e9velopp\u00e9es afin de permettre aux propri\u00e9taires de r\u00e9compenser leur chien sans compromettre les b\u00e9n\u00e9fices nutritionnels de l'aliment di\u00e9t\u00e9tique correspondant.  Ces friandises ne doivent pas \u00eatre donn\u00e9es avant l'\u00e2ge de 6 mois.","og_url":"https:\/\/www.vetorino.com\/veterinaire\/ustaritz-64480\/boutique\/product\/dog-hypoallergenic-treats\/","og_site_name":"V\u00e9torino","article_publisher":"https:\/\/www.facebook.com\/Vetorino\/","article_modified_time":"2025-11-18T10:40:11+00:00","og_image":[{"width":500,"height":500,"url":"https:\/\/www.vetorino.com\/boutique\/wp-content\/uploads\/2025\/04\/royalcanin-hypoallergenic-treats.pdf-500x500-1.jpeg","type":"image\/jpeg"}],"twitter_card":"summary_large_image","twitter_misc":{"Disponibilit\u00e9":"En stock"},"schema":{"@context":"https:\/\/schema.org","@graph":[{"@type":"WebPage","@id":"https:\/\/www.vetorino.com\/veterinaire\/briancon-05100\/boutique\/product\/dog-hypoallergenic-treats\/","url":"https:\/\/www.vetorino.com\/veterinaire\/briancon-05100\/boutique\/product\/dog-hypoallergenic-treats\/","name":"Hypoallergenic Treats Royal Canin - V\u00e9torino","isPartOf":{"@id":"https:\/\/www.vetorino.com\/boutique\/#website"},"primaryImageOfPage":{"@id":"https:\/\/www.vetorino.com\/veterinaire\/briancon-05100\/boutique\/product\/dog-hypoallergenic-treats\/#primaryimage"},"image":{"@id":"https:\/\/www.vetorino.com\/veterinaire\/briancon-05100\/boutique\/product\/dog-hypoallergenic-treats\/#primaryimage"},"thumbnailUrl":"https:\/\/www.vetorino.com\/boutique\/wp-content\/uploads\/2025\/04\/royalcanin-hypoallergenic-treats.pdf-500x500-1.jpeg","datePublished":"2025-04-03T08:14:23+00:00","dateModified":"2025-11-18T10:40:11+00:00","description":"Ces friandises tendres et savoureuses compl\u00e8tent l\u2019alimentation hypoallerg\u00e9nique de votre chien sans en compromettre les b\u00e9n\u00e9fices.\u00a0 Indications : Ces friandises ont \u00e9t\u00e9 d\u00e9velopp\u00e9es afin de permettre aux propri\u00e9taires de r\u00e9compenser leur chien sans compromettre les b\u00e9n\u00e9fices nutritionnels de l'aliment di\u00e9t\u00e9tique correspondant. Ces friandises ne doivent pas \u00eatre donn\u00e9es avant l'\u00e2ge de 6 mois.","breadcrumb":{"@id":"https:\/\/www.vetorino.com\/veterinaire\/briancon-05100\/boutique\/product\/dog-hypoallergenic-treats\/#breadcrumb"},"inLanguage":"fr-FR","potentialAction":[{"@type":"ReadAction","target":["https:\/\/www.vetorino.com\/veterinaire\/briancon-05100\/boutique\/product\/dog-hypoallergenic-treats\/"]}]},{"@type":"ImageObject","inLanguage":"fr-FR","@id":"https:\/\/www.vetorino.com\/veterinaire\/briancon-05100\/boutique\/product\/dog-hypoallergenic-treats\/#primaryimage","url":"https:\/\/www.vetorino.com\/boutique\/wp-content\/uploads\/2025\/04\/royalcanin-hypoallergenic-treats.pdf-500x500-1.jpeg","contentUrl":"https:\/\/www.vetorino.com\/boutique\/wp-content\/uploads\/2025\/04\/royalcanin-hypoallergenic-treats.pdf-500x500-1.jpeg","width":500,"height":500},{"@type":"BreadcrumbList","@id":"https:\/\/www.vetorino.com\/veterinaire\/briancon-05100\/boutique\/product\/dog-hypoallergenic-treats\/#breadcrumb","itemListElement":[{"@type":"ListItem","position":1,"name":"Accueil","item":"https:\/\/www.vetorino.com\/boutique\/"},{"@type":"ListItem","position":2,"name":"Produits","item":"https:\/\/www.vetorino.com\/boutique\/"},{"@type":"ListItem","position":3,"name":"Hypoallergenic Treats"}]},{"@type":"WebSite","@id":"https:\/\/www.vetorino.com\/boutique\/#website","url":"https:\/\/www.vetorino.com\/boutique\/","name":"V\u00e9torino","description":"","publisher":{"@id":"https:\/\/www.vetorino.com\/boutique\/#organization"},"potentialAction":[{"@type":"SearchAction","target":{"@type":"EntryPoint","urlTemplate":"https:\/\/www.vetorino.com\/boutique\/?s={search_term_string}"},"query-input":{"@type":"PropertyValueSpecification","valueRequired":true,"valueName":"search_term_string"}}],"inLanguage":"fr-FR"},{"@type":"Organization","@id":"https:\/\/www.vetorino.com\/boutique\/#organization","name":"V\u00e9torino","url":"https:\/\/www.vetorino.com\/boutique\/","logo":{"@type":"ImageObject","inLanguage":"fr-FR","@id":"https:\/\/www.vetorino.com\/boutique\/#\/schema\/logo\/image\/","url":"https:\/\/www.vetorino.com\/boutique\/wp-content\/uploads\/2024\/10\/logo.jpg","contentUrl":"https:\/\/www.vetorino.com\/boutique\/wp-content\/uploads\/2024\/10\/logo.jpg","width":1200,"height":610,"caption":"V\u00e9torino"},"image":{"@id":"https:\/\/www.vetorino.com\/boutique\/#\/schema\/logo\/image\/"},"sameAs":["https:\/\/www.facebook.com\/Vetorino\/","https:\/\/www.instagram.com\/vetorino_off\/","https:\/\/www.linkedin.com\/company\/vtorino\/"]}]},"product_brand":"Royal Canin","og_availability":"instock","product_availability":"instock","product_condition":"new"},"_links":{"self":[{"href":"https:\/\/www.vetorino.com\/veterinaire\/ustaritz-64480\/boutique\/wp-json\/wp\/v2\/product\/1275062","targetHints":{"allow":["GET"]}}],"collection":[{"href":"https:\/\/www.vetorino.com\/veterinaire\/ustaritz-64480\/boutique\/wp-json\/wp\/v2\/product"}],"about":[{"href":"https:\/\/www.vetorino.com\/veterinaire\/ustaritz-64480\/boutique\/wp-json\/wp\/v2\/types\/product"}],"wp:featuredmedia":[{"embeddable":true,"href":"https:\/\/www.vetorino.com\/veterinaire\/ustaritz-64480\/boutique\/wp-json\/wp\/v2\/media\/1275111"}],"wp:attachment":[{"href":"https:\/\/www.vetorino.com\/veterinaire\/ustaritz-64480\/boutique\/wp-json\/wp\/v2\/media?parent=1275062"}],"wp:term":[{"taxonomy":"product_cat","embeddable":true,"href":"https:\/\/www.vetorino.com\/veterinaire\/ustaritz-64480\/boutique\/wp-json\/wp\/v2\/product_cat?post=1275062"},{"taxonomy":"product_tag","embeddable":true,"href":"https:\/\/www.vetorino.com\/veterinaire\/ustaritz-64480\/boutique\/wp-json\/wp\/v2\/product_tag?post=1275062"}],"curies":[{"name":"wp","href":"https:\/\/api.w.org\/{rel}","templated":true}]}}