{"id":1299337,"date":"2025-04-22T11:15:57","date_gmt":"2025-04-22T09:15:57","guid":{"rendered":"https:\/\/www.vetorino.com\/boutique\/product\/dermoscent-senior-spot-on-chien-20-40-kg-2\/"},"modified":"2025-05-07T15:55:53","modified_gmt":"2025-05-07T13:55:53","slug":"dermoscent-senior-spot-on-chien-20-40-kg-2","status":"publish","type":"product","link":"https:\/\/www.vetorino.com\/veterinaire\/ustaritz-64480\/boutique\/product\/dermoscent-senior-spot-on-chien-20-40-kg-2\/","title":{"rendered":"Dermoscent Senior Spot-On Chien 20-40 kg"},"content":{"rendered":"<p><strong>Soin double action, comportemental et cutan\u00e9, qui combat les probl\u00e8mes de peau li\u00e9s \u00e0 l\u2019\u00e2ge et am\u00e9liore le bien-\u00eatre des s\u00e9niors<\/strong><\/p>\n<p><strong>Utilisation :<\/strong><\/p>\n<ul>\n<li>Chiens vieillissant pesant entre 20 et 40 kg<\/li>\n<\/ul>\n<p><strong>Mode d&#8217;emploi :<\/strong><\/p>\n<ul>\n<li>Casser l\u2019embout, \u00e9carter les poils de l\u2019animal et d\u00e9poser SILVER Spot\u00ae, entre les \u00e9paules, en un ou deux points directement sur la peau.<\/li>\n<li>Il n\u2019est pas n\u00e9cessaire de masser, un agent bio-diffusant permet une r\u00e9partition homog\u00e8ne du produit sur l\u2019ensemble du corps de l\u2019animal.<\/li>\n<li>Brosser le pelage au point d\u2019application le lendemain afin d\u2019enlever les \u00e9ventuels r\u00e9sidus sur les poils et permettre une diffusion optimale du produit sur la peau.<\/li>\n<li>Il est recommand\u00e9 de ne pas laver l\u2019animal les 2 jours pr\u00e9c\u00e9dant ou suivant l\u2019application.<\/li>\n<li>Appliquer 1 pipette par semaine aussi longtemps que n\u00e9cessaire.<\/li>\n<\/ul>\n<p><strong>Est-il fait pour mon animal ?<\/strong><\/p>\n<p>SENIOR Spot\u00ae convient aux chiens et chats \u00e2g\u00e9s sujets aux troubles du comportement. En vieillissant, les capacit\u00e9s de votre animal peuvent \u00eatre alt\u00e9r\u00e9es avec l\u2019apparition de douleurs, le plus souvent d\u2019origine arthrosique, qui peuvent rendre votre chien plus anxieux et entra\u00eener des troubles comportementaux :\u00a0<strong>aboiements, destructions, irritabilit\u00e9 voire agressivit\u00e9<\/strong>\u00a0envers les personnes ou les autres animaux de la maison.<br \/>\nIl peut \u00e9galement montrer une plus\u00a0<strong>grande fatigue<\/strong>\u00a0(il dort plus) et\u00a0<strong>moins d\u2019int\u00e9r\u00eat pour ce qui le stimulait autrefois<\/strong>.<br \/>\nVous pouvez aussi le voir d\u00e9ambuler de jour ou de nuit, \u00eatre d\u00e9sorient\u00e9\u2026 Et il peut aussi pr\u00e9senter des\u00a0<strong>troubles du sommeil<\/strong>\u00a0et de l\u2019app\u00e9tit.<\/p>\n<p><em>Si vous constatez que votre animal change de comportement, demandez conseil \u00e0 votre v\u00e9t\u00e9rinaire.<\/em><\/p>\n","protected":false},"excerpt":{"rendered":"<p><strong>Soin double action, comportemental et cutan\u00e9, qui combat les probl\u00e8mes de peau li\u00e9s \u00e0 l\u2019\u00e2ge et am\u00e9liore le bien-\u00eatre des s\u00e9niors<\/strong><\/p>\n<p><strong>Utilisation :<\/strong><\/p>\n<ul>\n<li>Chiens vieillissant pesant entre 20 et 40 kg.<\/li>\n<\/ul>\n","protected":false},"featured_media":1319768,"template":"","meta":[],"product_cat":[2786,2698,12612,12561,12568],"product_tag":[],"class_list":{"0":"post-1299337","1":"product","2":"type-product","3":"status-publish","4":"has-post-thumbnail","6":"product_cat-anti-stress-et-anxiete-du-chien","7":"product_cat-chien","8":"product_cat-hygiene-de-la-peau-et-du-pelage-du-chien","9":"product_cat-hygiene-du-chien","10":"product_cat-produit-veterinaire-du-chien","11":"pa_marque-dermoscent","13":"first","14":"instock","15":"taxable","16":"shipping-taxable","17":"purchasable","18":"product-type-simple"},"yoast_head":"<!-- This site is optimized with the Yoast SEO plugin v27.3 - https:\/\/yoast.com\/product\/yoast-seo-wordpress\/ -->\n<title>Dermoscent Senior Spot-On Chien 20-40 kg Dermoscent - V\u00e9torino<\/title>\n<meta name=\"description\" content=\"Soin double action, comportemental et cutan\u00e9, qui combat les probl\u00e8mes de peau li\u00e9s \u00e0 l\u2019\u00e2ge et am\u00e9liore le bien-\u00eatre des s\u00e9niors  Utilisation :   Chiens vieillissant pesant entre 20 et 40 kg.\" \/>\n<meta name=\"robots\" content=\"noindex, nofollow\" \/>\n<meta property=\"og:locale\" content=\"fr_FR\" \/>\n<meta property=\"og:type\" content=\"article\" \/>\n<meta property=\"og:title\" content=\"Dermoscent Senior Spot-On Chien 20-40 kg Dermoscent - V\u00e9torino\" \/>\n<meta property=\"og:description\" content=\"Soin double action, comportemental et cutan\u00e9, qui combat les probl\u00e8mes de peau li\u00e9s \u00e0 l\u2019\u00e2ge et am\u00e9liore le bien-\u00eatre des s\u00e9niors  Utilisation :   Chiens vieillissant pesant entre 20 et 40 kg.\" \/>\n<meta property=\"og:url\" content=\"https:\/\/www.vetorino.com\/veterinaire\/ustaritz-64480\/boutique\/product\/dermoscent-senior-spot-on-chien-20-40-kg-2\/\" \/>\n<meta property=\"og:site_name\" content=\"V\u00e9torino\" \/>\n<meta property=\"article:publisher\" content=\"https:\/\/www.facebook.com\/Vetorino\/\" \/>\n<meta property=\"article:modified_time\" content=\"2025-05-07T13:55:53+00:00\" \/>\n<meta property=\"og:image\" content=\"https:\/\/www.vetorino.com\/boutique\/wp-content\/uploads\/2025\/04\/silver-spot-on-chien-de-20-a-40-kg.webp\" \/>\n\t<meta property=\"og:image:width\" content=\"800\" \/>\n\t<meta property=\"og:image:height\" content=\"800\" \/>\n\t<meta property=\"og:image:type\" content=\"image\/webp\" \/>\n<meta name=\"twitter:card\" content=\"summary_large_image\" \/>\n<meta name=\"twitter:label1\" content=\"Prix\" \/>\n\t<meta name=\"twitter:data1\" content=\"23,19&euro;\" \/>\n\t<meta name=\"twitter:label2\" content=\"Disponibilit\u00e9\" \/>\n\t<meta name=\"twitter:data2\" content=\"En stock\" \/>\n<script type=\"application\/ld+json\" class=\"yoast-schema-graph\">{\"@context\":\"https:\\\/\\\/schema.org\",\"@graph\":[{\"@type\":\"WebPage\",\"@id\":\"https:\\\/\\\/www.vetorino.com\\\/boutique\\\/product\\\/dermoscent-senior-spot-on-chien-20-40-kg-2\\\/\",\"url\":\"https:\\\/\\\/www.vetorino.com\\\/boutique\\\/product\\\/dermoscent-senior-spot-on-chien-20-40-kg-2\\\/\",\"name\":\"Dermoscent Senior Spot-On Chien 20-40 kg Dermoscent - V\u00e9torino\",\"isPartOf\":{\"@id\":\"https:\\\/\\\/www.vetorino.com\\\/boutique\\\/#website\"},\"primaryImageOfPage\":{\"@id\":\"https:\\\/\\\/www.vetorino.com\\\/boutique\\\/product\\\/dermoscent-senior-spot-on-chien-20-40-kg-2\\\/#primaryimage\"},\"image\":{\"@id\":\"https:\\\/\\\/www.vetorino.com\\\/boutique\\\/product\\\/dermoscent-senior-spot-on-chien-20-40-kg-2\\\/#primaryimage\"},\"thumbnailUrl\":\"https:\\\/\\\/www.vetorino.com\\\/boutique\\\/wp-content\\\/uploads\\\/2025\\\/04\\\/silver-spot-on-chien-de-20-a-40-kg.webp\",\"datePublished\":\"2025-04-22T09:15:57+00:00\",\"dateModified\":\"2025-05-07T13:55:53+00:00\",\"description\":\"Soin double action, comportemental et cutan\u00e9, qui combat les probl\u00e8mes de peau li\u00e9s \u00e0 l\u2019\u00e2ge et am\u00e9liore le bien-\u00eatre des s\u00e9niors Utilisation : Chiens vieillissant pesant entre 20 et 40 kg.\",\"breadcrumb\":{\"@id\":\"https:\\\/\\\/www.vetorino.com\\\/boutique\\\/product\\\/dermoscent-senior-spot-on-chien-20-40-kg-2\\\/#breadcrumb\"},\"inLanguage\":\"fr-FR\",\"potentialAction\":[{\"@type\":\"ReadAction\",\"target\":[\"https:\\\/\\\/www.vetorino.com\\\/boutique\\\/product\\\/dermoscent-senior-spot-on-chien-20-40-kg-2\\\/\"]}]},{\"@type\":\"ImageObject\",\"inLanguage\":\"fr-FR\",\"@id\":\"https:\\\/\\\/www.vetorino.com\\\/boutique\\\/product\\\/dermoscent-senior-spot-on-chien-20-40-kg-2\\\/#primaryimage\",\"url\":\"https:\\\/\\\/www.vetorino.com\\\/boutique\\\/wp-content\\\/uploads\\\/2025\\\/04\\\/silver-spot-on-chien-de-20-a-40-kg.webp\",\"contentUrl\":\"https:\\\/\\\/www.vetorino.com\\\/boutique\\\/wp-content\\\/uploads\\\/2025\\\/04\\\/silver-spot-on-chien-de-20-a-40-kg.webp\",\"width\":800,\"height\":800},{\"@type\":\"BreadcrumbList\",\"@id\":\"https:\\\/\\\/www.vetorino.com\\\/boutique\\\/product\\\/dermoscent-senior-spot-on-chien-20-40-kg-2\\\/#breadcrumb\",\"itemListElement\":[{\"@type\":\"ListItem\",\"position\":1,\"name\":\"Accueil\",\"item\":\"https:\\\/\\\/www.vetorino.com\\\/boutique\\\/\"},{\"@type\":\"ListItem\",\"position\":2,\"name\":\"Produits\",\"item\":\"https:\\\/\\\/www.vetorino.com\\\/boutique\\\/\"},{\"@type\":\"ListItem\",\"position\":3,\"name\":\"Dermoscent Senior Spot-On Chien 20-40 kg\"}]},{\"@type\":\"WebSite\",\"@id\":\"https:\\\/\\\/www.vetorino.com\\\/boutique\\\/#website\",\"url\":\"https:\\\/\\\/www.vetorino.com\\\/boutique\\\/\",\"name\":\"V\u00e9torino\",\"description\":\"\",\"publisher\":{\"@id\":\"https:\\\/\\\/www.vetorino.com\\\/boutique\\\/#organization\"},\"potentialAction\":[{\"@type\":\"SearchAction\",\"target\":{\"@type\":\"EntryPoint\",\"urlTemplate\":\"https:\\\/\\\/www.vetorino.com\\\/boutique\\\/?s={search_term_string}\"},\"query-input\":{\"@type\":\"PropertyValueSpecification\",\"valueRequired\":true,\"valueName\":\"search_term_string\"}}],\"inLanguage\":\"fr-FR\"},{\"@type\":\"Organization\",\"@id\":\"https:\\\/\\\/www.vetorino.com\\\/boutique\\\/#organization\",\"name\":\"V\u00e9torino\",\"url\":\"https:\\\/\\\/www.vetorino.com\\\/boutique\\\/\",\"logo\":{\"@type\":\"ImageObject\",\"inLanguage\":\"fr-FR\",\"@id\":\"https:\\\/\\\/www.vetorino.com\\\/boutique\\\/#\\\/schema\\\/logo\\\/image\\\/\",\"url\":\"https:\\\/\\\/www.vetorino.com\\\/boutique\\\/wp-content\\\/uploads\\\/2024\\\/10\\\/logo.jpg\",\"contentUrl\":\"https:\\\/\\\/www.vetorino.com\\\/boutique\\\/wp-content\\\/uploads\\\/2024\\\/10\\\/logo.jpg\",\"width\":1200,\"height\":610,\"caption\":\"V\u00e9torino\"},\"image\":{\"@id\":\"https:\\\/\\\/www.vetorino.com\\\/boutique\\\/#\\\/schema\\\/logo\\\/image\\\/\"},\"sameAs\":[\"https:\\\/\\\/www.facebook.com\\\/Vetorino\\\/\",\"https:\\\/\\\/www.instagram.com\\\/vetorino_off\\\/\",\"https:\\\/\\\/www.linkedin.com\\\/company\\\/vtorino\\\/\"]}]}<\/script>\n<meta property=\"product:brand\" content=\"Dermoscent\" \/>\n<meta property=\"product:price:amount\" content=\"23.19\" \/>\n<meta property=\"product:price:currency\" content=\"EUR\" \/>\n<meta property=\"og:availability\" content=\"instock\" \/>\n<meta property=\"product:availability\" content=\"instock\" \/>\n<meta property=\"product:retailer_item_id\" content=\"A-1883420\" \/>\n<meta property=\"product:condition\" content=\"new\" \/>\n<!-- \/ Yoast SEO plugin. -->","yoast_head_json":{"title":"Dermoscent Senior Spot-On Chien 20-40 kg Dermoscent - V\u00e9torino","description":"Soin double action, comportemental et cutan\u00e9, qui combat les probl\u00e8mes de peau li\u00e9s \u00e0 l\u2019\u00e2ge et am\u00e9liore le bien-\u00eatre des s\u00e9niors  Utilisation :   Chiens vieillissant pesant entre 20 et 40 kg.","robots":{"index":"noindex","follow":"nofollow"},"og_locale":"fr_FR","og_type":"article","og_title":"Dermoscent Senior Spot-On Chien 20-40 kg Dermoscent - V\u00e9torino","og_description":"Soin double action, comportemental et cutan\u00e9, qui combat les probl\u00e8mes de peau li\u00e9s \u00e0 l\u2019\u00e2ge et am\u00e9liore le bien-\u00eatre des s\u00e9niors  Utilisation :   Chiens vieillissant pesant entre 20 et 40 kg.","og_url":"https:\/\/www.vetorino.com\/veterinaire\/ustaritz-64480\/boutique\/product\/dermoscent-senior-spot-on-chien-20-40-kg-2\/","og_site_name":"V\u00e9torino","article_publisher":"https:\/\/www.facebook.com\/Vetorino\/","article_modified_time":"2025-05-07T13:55:53+00:00","og_image":[{"width":800,"height":800,"url":"https:\/\/www.vetorino.com\/boutique\/wp-content\/uploads\/2025\/04\/silver-spot-on-chien-de-20-a-40-kg.webp","type":"image\/webp"}],"twitter_card":"summary_large_image","twitter_misc":{"Prix":"23,19&euro;","Disponibilit\u00e9":"En stock"},"schema":{"@context":"https:\/\/schema.org","@graph":[{"@type":"WebPage","@id":"https:\/\/www.vetorino.com\/boutique\/product\/dermoscent-senior-spot-on-chien-20-40-kg-2\/","url":"https:\/\/www.vetorino.com\/boutique\/product\/dermoscent-senior-spot-on-chien-20-40-kg-2\/","name":"Dermoscent Senior Spot-On Chien 20-40 kg Dermoscent - V\u00e9torino","isPartOf":{"@id":"https:\/\/www.vetorino.com\/boutique\/#website"},"primaryImageOfPage":{"@id":"https:\/\/www.vetorino.com\/boutique\/product\/dermoscent-senior-spot-on-chien-20-40-kg-2\/#primaryimage"},"image":{"@id":"https:\/\/www.vetorino.com\/boutique\/product\/dermoscent-senior-spot-on-chien-20-40-kg-2\/#primaryimage"},"thumbnailUrl":"https:\/\/www.vetorino.com\/boutique\/wp-content\/uploads\/2025\/04\/silver-spot-on-chien-de-20-a-40-kg.webp","datePublished":"2025-04-22T09:15:57+00:00","dateModified":"2025-05-07T13:55:53+00:00","description":"Soin double action, comportemental et cutan\u00e9, qui combat les probl\u00e8mes de peau li\u00e9s \u00e0 l\u2019\u00e2ge et am\u00e9liore le bien-\u00eatre des s\u00e9niors Utilisation : Chiens vieillissant pesant entre 20 et 40 kg.","breadcrumb":{"@id":"https:\/\/www.vetorino.com\/boutique\/product\/dermoscent-senior-spot-on-chien-20-40-kg-2\/#breadcrumb"},"inLanguage":"fr-FR","potentialAction":[{"@type":"ReadAction","target":["https:\/\/www.vetorino.com\/boutique\/product\/dermoscent-senior-spot-on-chien-20-40-kg-2\/"]}]},{"@type":"ImageObject","inLanguage":"fr-FR","@id":"https:\/\/www.vetorino.com\/boutique\/product\/dermoscent-senior-spot-on-chien-20-40-kg-2\/#primaryimage","url":"https:\/\/www.vetorino.com\/boutique\/wp-content\/uploads\/2025\/04\/silver-spot-on-chien-de-20-a-40-kg.webp","contentUrl":"https:\/\/www.vetorino.com\/boutique\/wp-content\/uploads\/2025\/04\/silver-spot-on-chien-de-20-a-40-kg.webp","width":800,"height":800},{"@type":"BreadcrumbList","@id":"https:\/\/www.vetorino.com\/boutique\/product\/dermoscent-senior-spot-on-chien-20-40-kg-2\/#breadcrumb","itemListElement":[{"@type":"ListItem","position":1,"name":"Accueil","item":"https:\/\/www.vetorino.com\/boutique\/"},{"@type":"ListItem","position":2,"name":"Produits","item":"https:\/\/www.vetorino.com\/boutique\/"},{"@type":"ListItem","position":3,"name":"Dermoscent Senior Spot-On Chien 20-40 kg"}]},{"@type":"WebSite","@id":"https:\/\/www.vetorino.com\/boutique\/#website","url":"https:\/\/www.vetorino.com\/boutique\/","name":"V\u00e9torino","description":"","publisher":{"@id":"https:\/\/www.vetorino.com\/boutique\/#organization"},"potentialAction":[{"@type":"SearchAction","target":{"@type":"EntryPoint","urlTemplate":"https:\/\/www.vetorino.com\/boutique\/?s={search_term_string}"},"query-input":{"@type":"PropertyValueSpecification","valueRequired":true,"valueName":"search_term_string"}}],"inLanguage":"fr-FR"},{"@type":"Organization","@id":"https:\/\/www.vetorino.com\/boutique\/#organization","name":"V\u00e9torino","url":"https:\/\/www.vetorino.com\/boutique\/","logo":{"@type":"ImageObject","inLanguage":"fr-FR","@id":"https:\/\/www.vetorino.com\/boutique\/#\/schema\/logo\/image\/","url":"https:\/\/www.vetorino.com\/boutique\/wp-content\/uploads\/2024\/10\/logo.jpg","contentUrl":"https:\/\/www.vetorino.com\/boutique\/wp-content\/uploads\/2024\/10\/logo.jpg","width":1200,"height":610,"caption":"V\u00e9torino"},"image":{"@id":"https:\/\/www.vetorino.com\/boutique\/#\/schema\/logo\/image\/"},"sameAs":["https:\/\/www.facebook.com\/Vetorino\/","https:\/\/www.instagram.com\/vetorino_off\/","https:\/\/www.linkedin.com\/company\/vtorino\/"]}]},"product_brand":"Dermoscent","product_price_amount":"23.19","product_price_currency":"EUR","og_availability":"instock","product_availability":"instock","product_retailer_item_id":"A-1883420","product_condition":"new"},"_links":{"self":[{"href":"https:\/\/www.vetorino.com\/veterinaire\/ustaritz-64480\/boutique\/wp-json\/wp\/v2\/product\/1299337","targetHints":{"allow":["GET"]}}],"collection":[{"href":"https:\/\/www.vetorino.com\/veterinaire\/ustaritz-64480\/boutique\/wp-json\/wp\/v2\/product"}],"about":[{"href":"https:\/\/www.vetorino.com\/veterinaire\/ustaritz-64480\/boutique\/wp-json\/wp\/v2\/types\/product"}],"wp:featuredmedia":[{"embeddable":true,"href":"https:\/\/www.vetorino.com\/veterinaire\/ustaritz-64480\/boutique\/wp-json\/wp\/v2\/media\/1319768"}],"wp:attachment":[{"href":"https:\/\/www.vetorino.com\/veterinaire\/ustaritz-64480\/boutique\/wp-json\/wp\/v2\/media?parent=1299337"}],"wp:term":[{"taxonomy":"product_cat","embeddable":true,"href":"https:\/\/www.vetorino.com\/veterinaire\/ustaritz-64480\/boutique\/wp-json\/wp\/v2\/product_cat?post=1299337"},{"taxonomy":"product_tag","embeddable":true,"href":"https:\/\/www.vetorino.com\/veterinaire\/ustaritz-64480\/boutique\/wp-json\/wp\/v2\/product_tag?post=1299337"}],"curies":[{"name":"wp","href":"https:\/\/api.w.org\/{rel}","templated":true}]}}