{"id":1362662,"date":"2025-06-07T05:35:12","date_gmt":"2025-06-07T03:35:12","guid":{"rendered":"https:\/\/www.vetorino.com\/boutique\/product\/advance-chien-light-mini-poulet\/"},"modified":"2025-10-29T17:39:47","modified_gmt":"2025-10-29T16:39:47","slug":"advance-chien-light-mini-poulet","status":"publish","type":"product","link":"https:\/\/www.vetorino.com\/veterinaire\/ustaritz-64480\/boutique\/product\/advance-chien-light-mini-poulet\/","title":{"rendered":"Chien Light Mini Poulet"},"content":{"rendered":"<p>Advance Adult Mini Light est un <strong>aliment adapt\u00e9 aux chiens ayant tendance \u00e0 \u00eatre en surpoids.<\/strong><\/p>\n<p>Gr\u00e2ce \u00e0 sa formule faible en mati\u00e8res grasses, il <strong>aide \u00e0 r\u00e9guler le poids. <\/strong><\/p>\n<p>Sa haute teneur en fibres et en prot\u00e9ines <strong>contribue \u00e0 la sensation de sati\u00e9t\u00e9<\/strong> et au<strong> maintien de la masse musculaire.\u00a0<\/strong><\/p>\n<p><strong>La taille des croquettes est adapt\u00e9e aux chiens de petite taille.<\/strong><\/p>\n","protected":false},"excerpt":{"rendered":"<p>Advance Adult Mini Light est un <strong>aliment adapt\u00e9 aux chiens ayant tendance \u00e0 \u00eatre en surpoids.<\/strong><\/p>\n<p>Gr\u00e2ce \u00e0 sa formule faible en mati\u00e8res grasses, il <strong>aide \u00e0 r\u00e9guler le poids.<\/strong><\/p>\n<p>Sa haute teneur en fibres et en prot\u00e9ines <strong>contribue \u00e0 la sensation de sati\u00e9t\u00e9<\/strong> et au<strong> maintien de la masse musculaire.<\/strong><\/p>\n","protected":false},"featured_media":1370475,"template":"","meta":[],"product_cat":[12552,12584,2698],"product_tag":[],"class_list":{"0":"post-1362662","1":"product","2":"type-product","3":"status-publish","4":"has-post-thumbnail","6":"product_cat-alimentation-du-chien","7":"product_cat-alimentation-premium-pour-chien","8":"product_cat-chien","9":"pa_marque-advance","11":"first","12":"outofstock","13":"taxable","14":"shipping-taxable","15":"purchasable","16":"product-type-simple"},"yoast_head":"<!-- This site is optimized with the Yoast SEO plugin v27.3 - https:\/\/yoast.com\/product\/yoast-seo-wordpress\/ -->\n<title>Chien Light Mini Poulet Advance - V\u00e9torino<\/title>\n<meta name=\"description\" content=\"Advance Adult Mini Light est un aliment adapt\u00e9 aux chiens ayant tendance \u00e0 \u00eatre en surpoids.  Gr\u00e2ce \u00e0 sa formule faible en mati\u00e8res grasses, il aide \u00e0 r\u00e9guler le poids.  Sa haute teneur en fibres et en prot\u00e9ines contribue \u00e0 la sensation de sati\u00e9t\u00e9 et au maintien de la masse musculaire.\" \/>\n<meta name=\"robots\" content=\"noindex, nofollow\" \/>\n<meta property=\"og:locale\" content=\"fr_FR\" \/>\n<meta property=\"og:type\" content=\"article\" \/>\n<meta property=\"og:title\" content=\"Chien Light Mini Poulet Advance - V\u00e9torino\" \/>\n<meta property=\"og:description\" content=\"Advance Adult Mini Light est un aliment adapt\u00e9 aux chiens ayant tendance \u00e0 \u00eatre en surpoids.  Gr\u00e2ce \u00e0 sa formule faible en mati\u00e8res grasses, il aide \u00e0 r\u00e9guler le poids.  Sa haute teneur en fibres et en prot\u00e9ines contribue \u00e0 la sensation de sati\u00e9t\u00e9 et au maintien de la masse musculaire.\" \/>\n<meta property=\"og:url\" content=\"https:\/\/www.vetorino.com\/veterinaire\/ustaritz-64480\/boutique\/product\/advance-chien-light-mini-poulet\/\" \/>\n<meta property=\"og:site_name\" content=\"V\u00e9torino\" \/>\n<meta property=\"article:publisher\" content=\"https:\/\/www.facebook.com\/Vetorino\/\" \/>\n<meta property=\"article:modified_time\" content=\"2025-10-29T16:39:47+00:00\" \/>\n<meta property=\"og:image\" content=\"https:\/\/www.vetorino.com\/boutique\/wp-content\/uploads\/2025\/06\/materiales_127577_affinityadvdog_miniadultlightchicken_psb50_x_v3_1_5kg_2d__v1704368566_3.jpg\" \/>\n\t<meta property=\"og:image:width\" content=\"800\" \/>\n\t<meta property=\"og:image:height\" content=\"800\" \/>\n\t<meta property=\"og:image:type\" content=\"image\/jpeg\" \/>\n<meta name=\"twitter:card\" content=\"summary_large_image\" \/>\n<meta name=\"twitter:label1\" content=\"Prix\" \/>\n\t<meta name=\"twitter:data1\" content=\"23,98&euro;\" \/>\n\t<meta name=\"twitter:label2\" content=\"Disponibilit\u00e9\" \/>\n\t<meta name=\"twitter:data2\" content=\"Rupture de stock\" \/>\n<script type=\"application\/ld+json\" class=\"yoast-schema-graph\">{\"@context\":\"https:\\\/\\\/schema.org\",\"@graph\":[{\"@type\":\"WebPage\",\"@id\":\"https:\\\/\\\/www.vetorino.com\\\/veterinaire\\\/briancon-05100\\\/boutique\\\/product\\\/advance-chien-light-mini-poulet\\\/\",\"url\":\"https:\\\/\\\/www.vetorino.com\\\/veterinaire\\\/briancon-05100\\\/boutique\\\/product\\\/advance-chien-light-mini-poulet\\\/\",\"name\":\"Chien Light Mini Poulet Advance - V\u00e9torino\",\"isPartOf\":{\"@id\":\"https:\\\/\\\/www.vetorino.com\\\/boutique\\\/#website\"},\"primaryImageOfPage\":{\"@id\":\"https:\\\/\\\/www.vetorino.com\\\/veterinaire\\\/briancon-05100\\\/boutique\\\/product\\\/advance-chien-light-mini-poulet\\\/#primaryimage\"},\"image\":{\"@id\":\"https:\\\/\\\/www.vetorino.com\\\/veterinaire\\\/briancon-05100\\\/boutique\\\/product\\\/advance-chien-light-mini-poulet\\\/#primaryimage\"},\"thumbnailUrl\":\"https:\\\/\\\/www.vetorino.com\\\/boutique\\\/wp-content\\\/uploads\\\/2025\\\/06\\\/materiales_127577_affinityadvdog_miniadultlightchicken_psb50_x_v3_1_5kg_2d__v1704368566_3.jpg\",\"datePublished\":\"2025-06-07T03:35:12+00:00\",\"dateModified\":\"2025-10-29T16:39:47+00:00\",\"description\":\"Advance Adult Mini Light est un aliment adapt\u00e9 aux chiens ayant tendance \u00e0 \u00eatre en surpoids. Gr\u00e2ce \u00e0 sa formule faible en mati\u00e8res grasses, il aide \u00e0 r\u00e9guler le poids. Sa haute teneur en fibres et en prot\u00e9ines contribue \u00e0 la sensation de sati\u00e9t\u00e9 et au maintien de la masse musculaire.\",\"breadcrumb\":{\"@id\":\"https:\\\/\\\/www.vetorino.com\\\/veterinaire\\\/briancon-05100\\\/boutique\\\/product\\\/advance-chien-light-mini-poulet\\\/#breadcrumb\"},\"inLanguage\":\"fr-FR\",\"potentialAction\":[{\"@type\":\"ReadAction\",\"target\":[\"https:\\\/\\\/www.vetorino.com\\\/veterinaire\\\/briancon-05100\\\/boutique\\\/product\\\/advance-chien-light-mini-poulet\\\/\"]}]},{\"@type\":\"ImageObject\",\"inLanguage\":\"fr-FR\",\"@id\":\"https:\\\/\\\/www.vetorino.com\\\/veterinaire\\\/briancon-05100\\\/boutique\\\/product\\\/advance-chien-light-mini-poulet\\\/#primaryimage\",\"url\":\"https:\\\/\\\/www.vetorino.com\\\/boutique\\\/wp-content\\\/uploads\\\/2025\\\/06\\\/materiales_127577_affinityadvdog_miniadultlightchicken_psb50_x_v3_1_5kg_2d__v1704368566_3.jpg\",\"contentUrl\":\"https:\\\/\\\/www.vetorino.com\\\/boutique\\\/wp-content\\\/uploads\\\/2025\\\/06\\\/materiales_127577_affinityadvdog_miniadultlightchicken_psb50_x_v3_1_5kg_2d__v1704368566_3.jpg\",\"width\":800,\"height\":800},{\"@type\":\"BreadcrumbList\",\"@id\":\"https:\\\/\\\/www.vetorino.com\\\/veterinaire\\\/briancon-05100\\\/boutique\\\/product\\\/advance-chien-light-mini-poulet\\\/#breadcrumb\",\"itemListElement\":[{\"@type\":\"ListItem\",\"position\":1,\"name\":\"Accueil\",\"item\":\"https:\\\/\\\/www.vetorino.com\\\/boutique\\\/\"},{\"@type\":\"ListItem\",\"position\":2,\"name\":\"Produits\",\"item\":\"https:\\\/\\\/www.vetorino.com\\\/boutique\\\/\"},{\"@type\":\"ListItem\",\"position\":3,\"name\":\"Chien Light Mini Poulet\"}]},{\"@type\":\"WebSite\",\"@id\":\"https:\\\/\\\/www.vetorino.com\\\/boutique\\\/#website\",\"url\":\"https:\\\/\\\/www.vetorino.com\\\/boutique\\\/\",\"name\":\"V\u00e9torino\",\"description\":\"\",\"publisher\":{\"@id\":\"https:\\\/\\\/www.vetorino.com\\\/boutique\\\/#organization\"},\"potentialAction\":[{\"@type\":\"SearchAction\",\"target\":{\"@type\":\"EntryPoint\",\"urlTemplate\":\"https:\\\/\\\/www.vetorino.com\\\/boutique\\\/?s={search_term_string}\"},\"query-input\":{\"@type\":\"PropertyValueSpecification\",\"valueRequired\":true,\"valueName\":\"search_term_string\"}}],\"inLanguage\":\"fr-FR\"},{\"@type\":\"Organization\",\"@id\":\"https:\\\/\\\/www.vetorino.com\\\/boutique\\\/#organization\",\"name\":\"V\u00e9torino\",\"url\":\"https:\\\/\\\/www.vetorino.com\\\/boutique\\\/\",\"logo\":{\"@type\":\"ImageObject\",\"inLanguage\":\"fr-FR\",\"@id\":\"https:\\\/\\\/www.vetorino.com\\\/boutique\\\/#\\\/schema\\\/logo\\\/image\\\/\",\"url\":\"https:\\\/\\\/www.vetorino.com\\\/boutique\\\/wp-content\\\/uploads\\\/2024\\\/10\\\/logo.jpg\",\"contentUrl\":\"https:\\\/\\\/www.vetorino.com\\\/boutique\\\/wp-content\\\/uploads\\\/2024\\\/10\\\/logo.jpg\",\"width\":1200,\"height\":610,\"caption\":\"V\u00e9torino\"},\"image\":{\"@id\":\"https:\\\/\\\/www.vetorino.com\\\/boutique\\\/#\\\/schema\\\/logo\\\/image\\\/\"},\"sameAs\":[\"https:\\\/\\\/www.facebook.com\\\/Vetorino\\\/\",\"https:\\\/\\\/www.instagram.com\\\/vetorino_off\\\/\",\"https:\\\/\\\/www.linkedin.com\\\/company\\\/vtorino\\\/\"]}]}<\/script>\n<meta property=\"product:brand\" content=\"Advance\" \/>\n<meta property=\"product:price:amount\" content=\"23.98\" \/>\n<meta property=\"product:price:currency\" content=\"EUR\" \/>\n<meta property=\"og:availability\" content=\"out of stock\" \/>\n<meta property=\"product:availability\" content=\"out of stock\" \/>\n<meta property=\"product:retailer_item_id\" content=\"A-1891940\" \/>\n<meta property=\"product:condition\" content=\"new\" \/>\n<!-- \/ Yoast SEO plugin. -->","yoast_head_json":{"title":"Chien Light Mini Poulet Advance - V\u00e9torino","description":"Advance Adult Mini Light est un aliment adapt\u00e9 aux chiens ayant tendance \u00e0 \u00eatre en surpoids.  Gr\u00e2ce \u00e0 sa formule faible en mati\u00e8res grasses, il aide \u00e0 r\u00e9guler le poids.  Sa haute teneur en fibres et en prot\u00e9ines contribue \u00e0 la sensation de sati\u00e9t\u00e9 et au maintien de la masse musculaire.","robots":{"index":"noindex","follow":"nofollow"},"og_locale":"fr_FR","og_type":"article","og_title":"Chien Light Mini Poulet Advance - V\u00e9torino","og_description":"Advance Adult Mini Light est un aliment adapt\u00e9 aux chiens ayant tendance \u00e0 \u00eatre en surpoids.  Gr\u00e2ce \u00e0 sa formule faible en mati\u00e8res grasses, il aide \u00e0 r\u00e9guler le poids.  Sa haute teneur en fibres et en prot\u00e9ines contribue \u00e0 la sensation de sati\u00e9t\u00e9 et au maintien de la masse musculaire.","og_url":"https:\/\/www.vetorino.com\/veterinaire\/ustaritz-64480\/boutique\/product\/advance-chien-light-mini-poulet\/","og_site_name":"V\u00e9torino","article_publisher":"https:\/\/www.facebook.com\/Vetorino\/","article_modified_time":"2025-10-29T16:39:47+00:00","og_image":[{"width":800,"height":800,"url":"https:\/\/www.vetorino.com\/boutique\/wp-content\/uploads\/2025\/06\/materiales_127577_affinityadvdog_miniadultlightchicken_psb50_x_v3_1_5kg_2d__v1704368566_3.jpg","type":"image\/jpeg"}],"twitter_card":"summary_large_image","twitter_misc":{"Prix":"23,98&euro;","Disponibilit\u00e9":"Rupture de stock"},"schema":{"@context":"https:\/\/schema.org","@graph":[{"@type":"WebPage","@id":"https:\/\/www.vetorino.com\/veterinaire\/briancon-05100\/boutique\/product\/advance-chien-light-mini-poulet\/","url":"https:\/\/www.vetorino.com\/veterinaire\/briancon-05100\/boutique\/product\/advance-chien-light-mini-poulet\/","name":"Chien Light Mini Poulet Advance - V\u00e9torino","isPartOf":{"@id":"https:\/\/www.vetorino.com\/boutique\/#website"},"primaryImageOfPage":{"@id":"https:\/\/www.vetorino.com\/veterinaire\/briancon-05100\/boutique\/product\/advance-chien-light-mini-poulet\/#primaryimage"},"image":{"@id":"https:\/\/www.vetorino.com\/veterinaire\/briancon-05100\/boutique\/product\/advance-chien-light-mini-poulet\/#primaryimage"},"thumbnailUrl":"https:\/\/www.vetorino.com\/boutique\/wp-content\/uploads\/2025\/06\/materiales_127577_affinityadvdog_miniadultlightchicken_psb50_x_v3_1_5kg_2d__v1704368566_3.jpg","datePublished":"2025-06-07T03:35:12+00:00","dateModified":"2025-10-29T16:39:47+00:00","description":"Advance Adult Mini Light est un aliment adapt\u00e9 aux chiens ayant tendance \u00e0 \u00eatre en surpoids. Gr\u00e2ce \u00e0 sa formule faible en mati\u00e8res grasses, il aide \u00e0 r\u00e9guler le poids. Sa haute teneur en fibres et en prot\u00e9ines contribue \u00e0 la sensation de sati\u00e9t\u00e9 et au maintien de la masse musculaire.","breadcrumb":{"@id":"https:\/\/www.vetorino.com\/veterinaire\/briancon-05100\/boutique\/product\/advance-chien-light-mini-poulet\/#breadcrumb"},"inLanguage":"fr-FR","potentialAction":[{"@type":"ReadAction","target":["https:\/\/www.vetorino.com\/veterinaire\/briancon-05100\/boutique\/product\/advance-chien-light-mini-poulet\/"]}]},{"@type":"ImageObject","inLanguage":"fr-FR","@id":"https:\/\/www.vetorino.com\/veterinaire\/briancon-05100\/boutique\/product\/advance-chien-light-mini-poulet\/#primaryimage","url":"https:\/\/www.vetorino.com\/boutique\/wp-content\/uploads\/2025\/06\/materiales_127577_affinityadvdog_miniadultlightchicken_psb50_x_v3_1_5kg_2d__v1704368566_3.jpg","contentUrl":"https:\/\/www.vetorino.com\/boutique\/wp-content\/uploads\/2025\/06\/materiales_127577_affinityadvdog_miniadultlightchicken_psb50_x_v3_1_5kg_2d__v1704368566_3.jpg","width":800,"height":800},{"@type":"BreadcrumbList","@id":"https:\/\/www.vetorino.com\/veterinaire\/briancon-05100\/boutique\/product\/advance-chien-light-mini-poulet\/#breadcrumb","itemListElement":[{"@type":"ListItem","position":1,"name":"Accueil","item":"https:\/\/www.vetorino.com\/boutique\/"},{"@type":"ListItem","position":2,"name":"Produits","item":"https:\/\/www.vetorino.com\/boutique\/"},{"@type":"ListItem","position":3,"name":"Chien Light Mini Poulet"}]},{"@type":"WebSite","@id":"https:\/\/www.vetorino.com\/boutique\/#website","url":"https:\/\/www.vetorino.com\/boutique\/","name":"V\u00e9torino","description":"","publisher":{"@id":"https:\/\/www.vetorino.com\/boutique\/#organization"},"potentialAction":[{"@type":"SearchAction","target":{"@type":"EntryPoint","urlTemplate":"https:\/\/www.vetorino.com\/boutique\/?s={search_term_string}"},"query-input":{"@type":"PropertyValueSpecification","valueRequired":true,"valueName":"search_term_string"}}],"inLanguage":"fr-FR"},{"@type":"Organization","@id":"https:\/\/www.vetorino.com\/boutique\/#organization","name":"V\u00e9torino","url":"https:\/\/www.vetorino.com\/boutique\/","logo":{"@type":"ImageObject","inLanguage":"fr-FR","@id":"https:\/\/www.vetorino.com\/boutique\/#\/schema\/logo\/image\/","url":"https:\/\/www.vetorino.com\/boutique\/wp-content\/uploads\/2024\/10\/logo.jpg","contentUrl":"https:\/\/www.vetorino.com\/boutique\/wp-content\/uploads\/2024\/10\/logo.jpg","width":1200,"height":610,"caption":"V\u00e9torino"},"image":{"@id":"https:\/\/www.vetorino.com\/boutique\/#\/schema\/logo\/image\/"},"sameAs":["https:\/\/www.facebook.com\/Vetorino\/","https:\/\/www.instagram.com\/vetorino_off\/","https:\/\/www.linkedin.com\/company\/vtorino\/"]}]},"product_brand":"Advance","product_price_amount":"23.98","product_price_currency":"EUR","og_availability":"out of stock","product_availability":"out of stock","product_retailer_item_id":"A-1891940","product_condition":"new"},"_links":{"self":[{"href":"https:\/\/www.vetorino.com\/veterinaire\/ustaritz-64480\/boutique\/wp-json\/wp\/v2\/product\/1362662","targetHints":{"allow":["GET"]}}],"collection":[{"href":"https:\/\/www.vetorino.com\/veterinaire\/ustaritz-64480\/boutique\/wp-json\/wp\/v2\/product"}],"about":[{"href":"https:\/\/www.vetorino.com\/veterinaire\/ustaritz-64480\/boutique\/wp-json\/wp\/v2\/types\/product"}],"wp:featuredmedia":[{"embeddable":true,"href":"https:\/\/www.vetorino.com\/veterinaire\/ustaritz-64480\/boutique\/wp-json\/wp\/v2\/media\/1370475"}],"wp:attachment":[{"href":"https:\/\/www.vetorino.com\/veterinaire\/ustaritz-64480\/boutique\/wp-json\/wp\/v2\/media?parent=1362662"}],"wp:term":[{"taxonomy":"product_cat","embeddable":true,"href":"https:\/\/www.vetorino.com\/veterinaire\/ustaritz-64480\/boutique\/wp-json\/wp\/v2\/product_cat?post=1362662"},{"taxonomy":"product_tag","embeddable":true,"href":"https:\/\/www.vetorino.com\/veterinaire\/ustaritz-64480\/boutique\/wp-json\/wp\/v2\/product_tag?post=1362662"}],"curies":[{"name":"wp","href":"https:\/\/api.w.org\/{rel}","templated":true}]}}