{"id":1499235,"date":"2025-09-22T15:16:55","date_gmt":"2025-09-22T13:16:55","guid":{"rendered":"https:\/\/www.vetorino.com\/boutique\/product\/vetexpert-cardi-up\/"},"modified":"2026-02-18T16:12:21","modified_gmt":"2026-02-18T15:12:21","slug":"vetexpert-cardi-up","status":"publish","type":"product","link":"https:\/\/www.vetorino.com\/veterinaire\/ustaritz-64480\/boutique\/product\/vetexpert-cardi-up\/","title":{"rendered":"Cardi Up &#8211; chien"},"content":{"rendered":"<p><strong>La L-CARNITINE<\/strong> est un acide amin\u00e9 essentiel au m\u00e9tabolisme des graisses. Il joue un r\u00f4le important dans la production d&#8217;\u00e9nergie et peut aider \u00e0 am\u00e9liorer la fonction du muscle cardiaque. Chez les chiens atteints de maladie cardiaque, il a \u00e9t\u00e9 d\u00e9montr\u00e9 que la suppl\u00e9mentation en L-carnitine am\u00e9liore la tol\u00e9rance \u00e0 l&#8217;effort et la fonction cardiaque.<\/p>\n<p><strong>La TAURINE<\/strong> est un acide amin\u00e9 essentiel pour la sant\u00e9 du c\u0153ur et des yeux. Il est particuli\u00e8rement important pour les chiens, car ils ne peuvent pas synth\u00e9tiser la taurine. Il a \u00e9t\u00e9 d\u00e9montr\u00e9 que la suppl\u00e9mentation en Taurine am\u00e9liorait la fonction cardiaque et r\u00e9duisait le risque de maladie cardiaque chez les chiens.<\/p>\n<p><strong>La VITAMINE E<\/strong> est un antioxydant qui aide \u00e0 prot\u00e9ger les cellules du corps, y compris celles du c\u0153ur, des dommages caus\u00e9s par les radicaux libres. Il peut \u00e9galement contribuer \u00e0 am\u00e9liorer le fonctionnement du syst\u00e8me immunitaire et \u00e0 soutenir la sant\u00e9 en g\u00e9n\u00e9ral.<\/p>\n<p><strong>Utilisation :<\/strong><\/p>\n<p><em>1 comprim\u00e9 pour 15kg 2 fois par jour.<\/em><\/p>\n<p><em>\u00c0 administrer avant ou pendant les repas. Les comprim\u00e9s peuvent \u00eatre \u00e9cras\u00e9s. Si la dose quotidienne n\u00e9cessite l&#8217;administration de plusieurs comprim\u00e9s, elle peut \u00eatre divis\u00e9e en 2-3 portions. Les animaux devront toujours avoir de l&#8217;eau fraiche \u00e0 disposition.<\/em><\/p>\n","protected":false},"excerpt":{"rendered":"<p><strong>Aliment compl\u00e9mentaire pour le soutien de la fonction cardiaque chez le chien.<\/strong><\/p>\n<div id=\"product-description-short-6027\">\n<p>\u00a0Le produit est recommand\u00e9 pour les chiens afin de<strong> soutenir le bon fonctionnement du c\u0153ur et du syst\u00e8me cardiovasculaire.<\/strong><\/p>\n<p>Il contient des concentrations \u00e9lev\u00e9es d&#8217;ingr\u00e9dients qui stimulent la fonction du muscle cardiaque.<\/p>\n<p>Cardi Up<strong> peut \u00eatre administr\u00e9 simultan\u00e9ment<\/strong> avec les m\u00e9dicaments prescrits pour traiter les troubles cardiaques ou, en cas de troubles l\u00e9gers, en tant que compl\u00e9ment naturel pour soutenir la fonction cardiaque.<\/p>\n<\/div>\n<div class=\"product-actions\">\n<div class=\"product-variants\"><\/div>\n<div class=\"mdj_product_master\"><\/div>\n<\/div>\n","protected":false},"featured_media":1500420,"template":"","meta":[],"product_cat":[2738,2698],"product_tag":[],"class_list":{"0":"post-1499235","1":"product","2":"type-product","3":"status-publish","4":"has-post-thumbnail","6":"product_cat-aliments-complementaires-pour-chien","7":"product_cat-chien","8":"pa_marque-vetexpert","10":"first","11":"instock","12":"taxable","13":"shipping-taxable","14":"purchasable","15":"product-type-variable"},"yoast_head":"<!-- This site is optimized with the Yoast SEO plugin v27.3 - https:\/\/yoast.com\/product\/yoast-seo-wordpress\/ -->\n<title>Cardi Up - chien Vetexpert - V\u00e9torino<\/title>\n<meta name=\"description\" content=\"Aliment compl\u00e9mentaire pour le soutien de la fonction cardiaque chez le chien.   \u00a0Le produit est recommand\u00e9 pour les chiens afin de soutenir le bon fonctionnement du c\u0153ur et du syst\u00e8me cardiovasculaire.  Il contient des concentrations \u00e9lev\u00e9es d&#039;ingr\u00e9dients qui stimulent la fonction du muscle cardiaque.  Cardi Up peut \u00eatre administr\u00e9 simultan\u00e9ment avec les m\u00e9dicaments prescrits pour traiter les troubles cardiaques ou, en cas de troubles l\u00e9gers, en tant que compl\u00e9ment naturel pour soutenir la fonction cardiaque.\" \/>\n<meta name=\"robots\" content=\"noindex, nofollow\" \/>\n<meta property=\"og:locale\" content=\"fr_FR\" \/>\n<meta property=\"og:type\" content=\"article\" \/>\n<meta property=\"og:title\" content=\"Cardi Up - chien Vetexpert - V\u00e9torino\" \/>\n<meta property=\"og:description\" content=\"Aliment compl\u00e9mentaire pour le soutien de la fonction cardiaque chez le chien.   \u00a0Le produit est recommand\u00e9 pour les chiens afin de soutenir le bon fonctionnement du c\u0153ur et du syst\u00e8me cardiovasculaire.  Il contient des concentrations \u00e9lev\u00e9es d&#039;ingr\u00e9dients qui stimulent la fonction du muscle cardiaque.  Cardi Up peut \u00eatre administr\u00e9 simultan\u00e9ment avec les m\u00e9dicaments prescrits pour traiter les troubles cardiaques ou, en cas de troubles l\u00e9gers, en tant que compl\u00e9ment naturel pour soutenir la fonction cardiaque.\" \/>\n<meta property=\"og:url\" content=\"https:\/\/www.vetorino.com\/veterinaire\/ustaritz-64480\/boutique\/product\/vetexpert-cardi-up\/\" \/>\n<meta property=\"og:site_name\" content=\"V\u00e9torino\" \/>\n<meta property=\"article:publisher\" content=\"https:\/\/www.facebook.com\/Vetorino\/\" \/>\n<meta property=\"article:modified_time\" content=\"2026-02-18T15:12:21+00:00\" \/>\n<meta property=\"og:image\" content=\"https:\/\/www.vetorino.com\/boutique\/wp-content\/uploads\/2025\/09\/vetexpert-cardi-up-soutien-cardiaque-chien.webp\" \/>\n\t<meta property=\"og:image:width\" content=\"800\" \/>\n\t<meta property=\"og:image:height\" content=\"800\" \/>\n\t<meta property=\"og:image:type\" content=\"image\/webp\" \/>\n<meta name=\"twitter:card\" content=\"summary_large_image\" \/>\n<meta name=\"twitter:label1\" content=\"Disponibilit\u00e9\" \/>\n\t<meta name=\"twitter:data1\" content=\"En stock\" \/>\n<script type=\"application\/ld+json\" class=\"yoast-schema-graph\">{\"@context\":\"https:\\\/\\\/schema.org\",\"@graph\":[{\"@type\":\"WebPage\",\"@id\":\"https:\\\/\\\/www.vetorino.com\\\/boutique\\\/product\\\/vetexpert-cardi-up\\\/\",\"url\":\"https:\\\/\\\/www.vetorino.com\\\/boutique\\\/product\\\/vetexpert-cardi-up\\\/\",\"name\":\"Cardi Up - chien Vetexpert - V\u00e9torino\",\"isPartOf\":{\"@id\":\"https:\\\/\\\/www.vetorino.com\\\/boutique\\\/#website\"},\"primaryImageOfPage\":{\"@id\":\"https:\\\/\\\/www.vetorino.com\\\/boutique\\\/product\\\/vetexpert-cardi-up\\\/#primaryimage\"},\"image\":{\"@id\":\"https:\\\/\\\/www.vetorino.com\\\/boutique\\\/product\\\/vetexpert-cardi-up\\\/#primaryimage\"},\"thumbnailUrl\":\"https:\\\/\\\/www.vetorino.com\\\/boutique\\\/wp-content\\\/uploads\\\/2025\\\/09\\\/vetexpert-cardi-up-soutien-cardiaque-chien.webp\",\"datePublished\":\"2025-09-22T13:16:55+00:00\",\"dateModified\":\"2026-02-18T15:12:21+00:00\",\"description\":\"Aliment compl\u00e9mentaire pour le soutien de la fonction cardiaque chez le chien. \u00a0Le produit est recommand\u00e9 pour les chiens afin de soutenir le bon fonctionnement du c\u0153ur et du syst\u00e8me cardiovasculaire. Il contient des concentrations \u00e9lev\u00e9es d'ingr\u00e9dients qui stimulent la fonction du muscle cardiaque. Cardi Up peut \u00eatre administr\u00e9 simultan\u00e9ment avec les m\u00e9dicaments prescrits pour traiter les troubles cardiaques ou, en cas de troubles l\u00e9gers, en tant que compl\u00e9ment naturel pour soutenir la fonction cardiaque.\",\"breadcrumb\":{\"@id\":\"https:\\\/\\\/www.vetorino.com\\\/boutique\\\/product\\\/vetexpert-cardi-up\\\/#breadcrumb\"},\"inLanguage\":\"fr-FR\",\"potentialAction\":[{\"@type\":\"ReadAction\",\"target\":[\"https:\\\/\\\/www.vetorino.com\\\/boutique\\\/product\\\/vetexpert-cardi-up\\\/\"]}]},{\"@type\":\"ImageObject\",\"inLanguage\":\"fr-FR\",\"@id\":\"https:\\\/\\\/www.vetorino.com\\\/boutique\\\/product\\\/vetexpert-cardi-up\\\/#primaryimage\",\"url\":\"https:\\\/\\\/www.vetorino.com\\\/boutique\\\/wp-content\\\/uploads\\\/2025\\\/09\\\/vetexpert-cardi-up-soutien-cardiaque-chien.webp\",\"contentUrl\":\"https:\\\/\\\/www.vetorino.com\\\/boutique\\\/wp-content\\\/uploads\\\/2025\\\/09\\\/vetexpert-cardi-up-soutien-cardiaque-chien.webp\",\"width\":800,\"height\":800},{\"@type\":\"BreadcrumbList\",\"@id\":\"https:\\\/\\\/www.vetorino.com\\\/boutique\\\/product\\\/vetexpert-cardi-up\\\/#breadcrumb\",\"itemListElement\":[{\"@type\":\"ListItem\",\"position\":1,\"name\":\"Accueil\",\"item\":\"https:\\\/\\\/www.vetorino.com\\\/boutique\\\/\"},{\"@type\":\"ListItem\",\"position\":2,\"name\":\"Produits\",\"item\":\"https:\\\/\\\/www.vetorino.com\\\/boutique\\\/\"},{\"@type\":\"ListItem\",\"position\":3,\"name\":\"Cardi Up &#8211; chien\"}]},{\"@type\":\"WebSite\",\"@id\":\"https:\\\/\\\/www.vetorino.com\\\/boutique\\\/#website\",\"url\":\"https:\\\/\\\/www.vetorino.com\\\/boutique\\\/\",\"name\":\"V\u00e9torino\",\"description\":\"\",\"publisher\":{\"@id\":\"https:\\\/\\\/www.vetorino.com\\\/boutique\\\/#organization\"},\"potentialAction\":[{\"@type\":\"SearchAction\",\"target\":{\"@type\":\"EntryPoint\",\"urlTemplate\":\"https:\\\/\\\/www.vetorino.com\\\/boutique\\\/?s={search_term_string}\"},\"query-input\":{\"@type\":\"PropertyValueSpecification\",\"valueRequired\":true,\"valueName\":\"search_term_string\"}}],\"inLanguage\":\"fr-FR\"},{\"@type\":\"Organization\",\"@id\":\"https:\\\/\\\/www.vetorino.com\\\/boutique\\\/#organization\",\"name\":\"V\u00e9torino\",\"url\":\"https:\\\/\\\/www.vetorino.com\\\/boutique\\\/\",\"logo\":{\"@type\":\"ImageObject\",\"inLanguage\":\"fr-FR\",\"@id\":\"https:\\\/\\\/www.vetorino.com\\\/boutique\\\/#\\\/schema\\\/logo\\\/image\\\/\",\"url\":\"https:\\\/\\\/www.vetorino.com\\\/boutique\\\/wp-content\\\/uploads\\\/2024\\\/10\\\/logo.jpg\",\"contentUrl\":\"https:\\\/\\\/www.vetorino.com\\\/boutique\\\/wp-content\\\/uploads\\\/2024\\\/10\\\/logo.jpg\",\"width\":1200,\"height\":610,\"caption\":\"V\u00e9torino\"},\"image\":{\"@id\":\"https:\\\/\\\/www.vetorino.com\\\/boutique\\\/#\\\/schema\\\/logo\\\/image\\\/\"},\"sameAs\":[\"https:\\\/\\\/www.facebook.com\\\/Vetorino\\\/\",\"https:\\\/\\\/www.instagram.com\\\/vetorino_off\\\/\",\"https:\\\/\\\/www.linkedin.com\\\/company\\\/vtorino\\\/\"]}]}<\/script>\n<meta property=\"product:brand\" content=\"Vetexpert\" \/>\n<meta property=\"og:availability\" content=\"instock\" \/>\n<meta property=\"product:availability\" content=\"instock\" \/>\n<meta property=\"product:condition\" content=\"new\" \/>\n<!-- \/ Yoast SEO plugin. -->","yoast_head_json":{"title":"Cardi Up - chien Vetexpert - V\u00e9torino","description":"Aliment compl\u00e9mentaire pour le soutien de la fonction cardiaque chez le chien.   \u00a0Le produit est recommand\u00e9 pour les chiens afin de soutenir le bon fonctionnement du c\u0153ur et du syst\u00e8me cardiovasculaire.  Il contient des concentrations \u00e9lev\u00e9es d'ingr\u00e9dients qui stimulent la fonction du muscle cardiaque.  Cardi Up peut \u00eatre administr\u00e9 simultan\u00e9ment avec les m\u00e9dicaments prescrits pour traiter les troubles cardiaques ou, en cas de troubles l\u00e9gers, en tant que compl\u00e9ment naturel pour soutenir la fonction cardiaque.","robots":{"index":"noindex","follow":"nofollow"},"og_locale":"fr_FR","og_type":"article","og_title":"Cardi Up - chien Vetexpert - V\u00e9torino","og_description":"Aliment compl\u00e9mentaire pour le soutien de la fonction cardiaque chez le chien.   \u00a0Le produit est recommand\u00e9 pour les chiens afin de soutenir le bon fonctionnement du c\u0153ur et du syst\u00e8me cardiovasculaire.  Il contient des concentrations \u00e9lev\u00e9es d'ingr\u00e9dients qui stimulent la fonction du muscle cardiaque.  Cardi Up peut \u00eatre administr\u00e9 simultan\u00e9ment avec les m\u00e9dicaments prescrits pour traiter les troubles cardiaques ou, en cas de troubles l\u00e9gers, en tant que compl\u00e9ment naturel pour soutenir la fonction cardiaque.","og_url":"https:\/\/www.vetorino.com\/veterinaire\/ustaritz-64480\/boutique\/product\/vetexpert-cardi-up\/","og_site_name":"V\u00e9torino","article_publisher":"https:\/\/www.facebook.com\/Vetorino\/","article_modified_time":"2026-02-18T15:12:21+00:00","og_image":[{"width":800,"height":800,"url":"https:\/\/www.vetorino.com\/boutique\/wp-content\/uploads\/2025\/09\/vetexpert-cardi-up-soutien-cardiaque-chien.webp","type":"image\/webp"}],"twitter_card":"summary_large_image","twitter_misc":{"Disponibilit\u00e9":"En stock"},"schema":{"@context":"https:\/\/schema.org","@graph":[{"@type":"WebPage","@id":"https:\/\/www.vetorino.com\/boutique\/product\/vetexpert-cardi-up\/","url":"https:\/\/www.vetorino.com\/boutique\/product\/vetexpert-cardi-up\/","name":"Cardi Up - chien Vetexpert - V\u00e9torino","isPartOf":{"@id":"https:\/\/www.vetorino.com\/boutique\/#website"},"primaryImageOfPage":{"@id":"https:\/\/www.vetorino.com\/boutique\/product\/vetexpert-cardi-up\/#primaryimage"},"image":{"@id":"https:\/\/www.vetorino.com\/boutique\/product\/vetexpert-cardi-up\/#primaryimage"},"thumbnailUrl":"https:\/\/www.vetorino.com\/boutique\/wp-content\/uploads\/2025\/09\/vetexpert-cardi-up-soutien-cardiaque-chien.webp","datePublished":"2025-09-22T13:16:55+00:00","dateModified":"2026-02-18T15:12:21+00:00","description":"Aliment compl\u00e9mentaire pour le soutien de la fonction cardiaque chez le chien. \u00a0Le produit est recommand\u00e9 pour les chiens afin de soutenir le bon fonctionnement du c\u0153ur et du syst\u00e8me cardiovasculaire. Il contient des concentrations \u00e9lev\u00e9es d'ingr\u00e9dients qui stimulent la fonction du muscle cardiaque. Cardi Up peut \u00eatre administr\u00e9 simultan\u00e9ment avec les m\u00e9dicaments prescrits pour traiter les troubles cardiaques ou, en cas de troubles l\u00e9gers, en tant que compl\u00e9ment naturel pour soutenir la fonction cardiaque.","breadcrumb":{"@id":"https:\/\/www.vetorino.com\/boutique\/product\/vetexpert-cardi-up\/#breadcrumb"},"inLanguage":"fr-FR","potentialAction":[{"@type":"ReadAction","target":["https:\/\/www.vetorino.com\/boutique\/product\/vetexpert-cardi-up\/"]}]},{"@type":"ImageObject","inLanguage":"fr-FR","@id":"https:\/\/www.vetorino.com\/boutique\/product\/vetexpert-cardi-up\/#primaryimage","url":"https:\/\/www.vetorino.com\/boutique\/wp-content\/uploads\/2025\/09\/vetexpert-cardi-up-soutien-cardiaque-chien.webp","contentUrl":"https:\/\/www.vetorino.com\/boutique\/wp-content\/uploads\/2025\/09\/vetexpert-cardi-up-soutien-cardiaque-chien.webp","width":800,"height":800},{"@type":"BreadcrumbList","@id":"https:\/\/www.vetorino.com\/boutique\/product\/vetexpert-cardi-up\/#breadcrumb","itemListElement":[{"@type":"ListItem","position":1,"name":"Accueil","item":"https:\/\/www.vetorino.com\/boutique\/"},{"@type":"ListItem","position":2,"name":"Produits","item":"https:\/\/www.vetorino.com\/boutique\/"},{"@type":"ListItem","position":3,"name":"Cardi Up &#8211; chien"}]},{"@type":"WebSite","@id":"https:\/\/www.vetorino.com\/boutique\/#website","url":"https:\/\/www.vetorino.com\/boutique\/","name":"V\u00e9torino","description":"","publisher":{"@id":"https:\/\/www.vetorino.com\/boutique\/#organization"},"potentialAction":[{"@type":"SearchAction","target":{"@type":"EntryPoint","urlTemplate":"https:\/\/www.vetorino.com\/boutique\/?s={search_term_string}"},"query-input":{"@type":"PropertyValueSpecification","valueRequired":true,"valueName":"search_term_string"}}],"inLanguage":"fr-FR"},{"@type":"Organization","@id":"https:\/\/www.vetorino.com\/boutique\/#organization","name":"V\u00e9torino","url":"https:\/\/www.vetorino.com\/boutique\/","logo":{"@type":"ImageObject","inLanguage":"fr-FR","@id":"https:\/\/www.vetorino.com\/boutique\/#\/schema\/logo\/image\/","url":"https:\/\/www.vetorino.com\/boutique\/wp-content\/uploads\/2024\/10\/logo.jpg","contentUrl":"https:\/\/www.vetorino.com\/boutique\/wp-content\/uploads\/2024\/10\/logo.jpg","width":1200,"height":610,"caption":"V\u00e9torino"},"image":{"@id":"https:\/\/www.vetorino.com\/boutique\/#\/schema\/logo\/image\/"},"sameAs":["https:\/\/www.facebook.com\/Vetorino\/","https:\/\/www.instagram.com\/vetorino_off\/","https:\/\/www.linkedin.com\/company\/vtorino\/"]}]},"product_brand":"Vetexpert","og_availability":"instock","product_availability":"instock","product_condition":"new"},"_links":{"self":[{"href":"https:\/\/www.vetorino.com\/veterinaire\/ustaritz-64480\/boutique\/wp-json\/wp\/v2\/product\/1499235","targetHints":{"allow":["GET"]}}],"collection":[{"href":"https:\/\/www.vetorino.com\/veterinaire\/ustaritz-64480\/boutique\/wp-json\/wp\/v2\/product"}],"about":[{"href":"https:\/\/www.vetorino.com\/veterinaire\/ustaritz-64480\/boutique\/wp-json\/wp\/v2\/types\/product"}],"wp:featuredmedia":[{"embeddable":true,"href":"https:\/\/www.vetorino.com\/veterinaire\/ustaritz-64480\/boutique\/wp-json\/wp\/v2\/media\/1500420"}],"wp:attachment":[{"href":"https:\/\/www.vetorino.com\/veterinaire\/ustaritz-64480\/boutique\/wp-json\/wp\/v2\/media?parent=1499235"}],"wp:term":[{"taxonomy":"product_cat","embeddable":true,"href":"https:\/\/www.vetorino.com\/veterinaire\/ustaritz-64480\/boutique\/wp-json\/wp\/v2\/product_cat?post=1499235"},{"taxonomy":"product_tag","embeddable":true,"href":"https:\/\/www.vetorino.com\/veterinaire\/ustaritz-64480\/boutique\/wp-json\/wp\/v2\/product_tag?post=1499235"}],"curies":[{"name":"wp","href":"https:\/\/api.w.org\/{rel}","templated":true}]}}