{"id":1503178,"date":"2025-09-25T10:25:19","date_gmt":"2025-09-25T08:25:19","guid":{"rendered":"https:\/\/www.vetorino.com\/boutique\/product\/cartimax-active\/"},"modified":"2025-09-29T11:09:57","modified_gmt":"2025-09-29T09:09:57","slug":"cartimax-active","status":"publish","type":"product","link":"https:\/\/www.vetorino.com\/veterinaire\/ustaritz-64480\/boutique\/product\/cartimax-active\/","title":{"rendered":"Cartimax Active \u2013  chien"},"content":{"rendered":"<p><strong>\u00a0Aliment compl\u00e9mentaire pour chiens. Cartimax Active contribue au soutien de la fonction articulaire et \u00e0 la mobilit\u00e9.<\/strong><\/p>\n<p>Conseill\u00e9 en cas de :<\/p>\n<ul>\n<li>Sur-sollicitation de l&#8217;articulation, pr\u00e9dispositions g\u00e9n\u00e9tiques, convalescence apr\u00e8s un traumatisme ou une chirurgie.<\/li>\n<li>Risque d&#8217;\u00e9rosion de l&#8217;os sous-chondral, fonte musculaire.<\/li>\n<\/ul>\n<p><strong>Avantages :\u00a0<\/strong><\/p>\n<ul>\n<li>Une prise en charge \u00e9largie des troubles de la mobilit\u00e9 chez le chien<\/li>\n<li>Un format g\u00e9lule pour s\u2019adapter \u00e0 l\u2019animal<\/li>\n<li>Une saveur fromage pour faciliter la prise<\/li>\n<li>Des ingr\u00e9dients scientifiquement reconnus, depuis longtemps comme l\u2019Harpagophytum, la reine des pr\u00e9s ou la L-carnitine ou plus r\u00e9cemment comme l\u2019ESM et la padine<\/li>\n<\/ul>\n<p><strong>Action sur la sant\u00e9 articulaire par l\u2019apport d\u2019\u00e9l\u00e9ments nutritifs\u00a0<\/strong><\/p>\n<ul>\n<li>Membrane de coquille d\u2019\u0153uf (Source de collag\u00e8ne et de glycosaminoglycanes) : aide \u00e0 prot\u00e9ger le cartilage<\/li>\n<li>Harpagophytum et reine des pr\u00e9s : traditionnellement utilis\u00e9s pour le confort articulaire<\/li>\n<\/ul>\n<p><strong>Contribue \u00e0 soutenir les tissus associ\u00e9s \u00e0 l\u2019articulation<\/strong><\/p>\n<ul>\n<li>Padina pavonica (Source de min\u00e9raux, de fuco\u00efdanes et d\u2019h\u00e9t\u00e9ropolysaccharides) : contribue \u00e0 l\u2019am\u00e9lioration de la densit\u00e9 osseuse<\/li>\n<li>L-carnitine : aide au soutien de la masse musculaire<\/li>\n<\/ul>\n<p><strong>Utilisation :<\/strong><\/p>\n<ul>\n<li>Chien : 1 g\u00e9lule pour 10 kg de poids, une fois par jour, en cure ou en continu.<\/li>\n<li>Faire avaler au cours du repas, directement dans la gueule ou ouverte et m\u00e9lang\u00e9e \u00e0 la nourriture.<\/li>\n<li>Toujours se r\u00e9f\u00e9rer aux conseils de votre v\u00e9t\u00e9rinaire.<\/li>\n<li>Pot de 60 g\u00e9lules = 1 mois pour un chien de 20 kg<\/li>\n<\/ul>\n","protected":false},"excerpt":{"rendered":"<p><strong>Aliment compl\u00e9mentaire pour chiens. Cartimax Active contribue au soutien de la fonction articulaire et \u00e0 la mobilit\u00e9.<\/strong><\/p>\n<p>Conseill\u00e9 en cas de :<\/p>\n<ul>\n<li>Sur-sollicitation de l&#8217;articulation, pr\u00e9dispositions g\u00e9n\u00e9tiques, convalescence apr\u00e8s un traumatisme ou une chirurgie.<\/li>\n<li>Risque d&#8217;\u00e9rosion de l&#8217;os sous-chondral, fonte musculaire.<\/li>\n<\/ul>\n","protected":false},"featured_media":1503199,"template":"","meta":[],"product_cat":[2738,2698,12633],"product_tag":[],"class_list":{"0":"post-1503178","1":"product","2":"type-product","3":"status-publish","4":"has-post-thumbnail","6":"product_cat-aliments-complementaires-pour-chien","7":"product_cat-chien","8":"product_cat-soutien-articulaire-du-chien","9":"pa_marque-mp-labo","11":"first","12":"instock","13":"taxable","14":"shipping-taxable","15":"purchasable","16":"product-type-simple"},"yoast_head":"<!-- This site is optimized with the Yoast SEO plugin v27.3 - https:\/\/yoast.com\/product\/yoast-seo-wordpress\/ -->\n<title>Cartimax Active \u2013 chien Mp Labo - V\u00e9torino<\/title>\n<meta name=\"description\" content=\"Aliment compl\u00e9mentaire pour chiens. Cartimax Active contribue au soutien de la fonction articulaire et \u00e0 la mobilit\u00e9.  Conseill\u00e9 en cas de :   Sur-sollicitation de l&#039;articulation, pr\u00e9dispositions g\u00e9n\u00e9tiques, convalescence apr\u00e8s un traumatisme ou une chirurgie.  Risque d&#039;\u00e9rosion de l&#039;os sous-chondral, fonte musculaire.\" \/>\n<meta name=\"robots\" content=\"noindex, nofollow\" \/>\n<meta property=\"og:locale\" content=\"fr_FR\" \/>\n<meta property=\"og:type\" content=\"article\" \/>\n<meta property=\"og:title\" content=\"Cartimax Active \u2013 chien Mp Labo - V\u00e9torino\" \/>\n<meta property=\"og:description\" content=\"Aliment compl\u00e9mentaire pour chiens. Cartimax Active contribue au soutien de la fonction articulaire et \u00e0 la mobilit\u00e9.  Conseill\u00e9 en cas de :   Sur-sollicitation de l&#039;articulation, pr\u00e9dispositions g\u00e9n\u00e9tiques, convalescence apr\u00e8s un traumatisme ou une chirurgie.  Risque d&#039;\u00e9rosion de l&#039;os sous-chondral, fonte musculaire.\" \/>\n<meta property=\"og:url\" content=\"https:\/\/www.vetorino.com\/veterinaire\/ustaritz-64480\/boutique\/product\/cartimax-active\/\" \/>\n<meta property=\"og:site_name\" content=\"V\u00e9torino\" \/>\n<meta property=\"article:publisher\" content=\"https:\/\/www.facebook.com\/Vetorino\/\" \/>\n<meta property=\"article:modified_time\" content=\"2025-09-29T09:09:57+00:00\" \/>\n<meta property=\"og:image\" content=\"https:\/\/www.vetorino.com\/boutique\/wp-content\/uploads\/2025\/09\/cartimax-active.webp\" \/>\n\t<meta property=\"og:image:width\" content=\"540\" \/>\n\t<meta property=\"og:image:height\" content=\"540\" \/>\n\t<meta property=\"og:image:type\" content=\"image\/webp\" \/>\n<meta name=\"twitter:card\" content=\"summary_large_image\" \/>\n<meta name=\"twitter:label1\" content=\"Prix\" \/>\n\t<meta name=\"twitter:data1\" content=\"33,98&euro;\" \/>\n\t<meta name=\"twitter:label2\" content=\"Disponibilit\u00e9\" \/>\n\t<meta name=\"twitter:data2\" content=\"En stock\" \/>\n<script type=\"application\/ld+json\" class=\"yoast-schema-graph\">{\"@context\":\"https:\\\/\\\/schema.org\",\"@graph\":[{\"@type\":\"WebPage\",\"@id\":\"https:\\\/\\\/www.vetorino.com\\\/boutique\\\/product\\\/cartimax-active\\\/\",\"url\":\"https:\\\/\\\/www.vetorino.com\\\/boutique\\\/product\\\/cartimax-active\\\/\",\"name\":\"Cartimax Active \u2013 chien Mp Labo - V\u00e9torino\",\"isPartOf\":{\"@id\":\"https:\\\/\\\/www.vetorino.com\\\/boutique\\\/#website\"},\"primaryImageOfPage\":{\"@id\":\"https:\\\/\\\/www.vetorino.com\\\/boutique\\\/product\\\/cartimax-active\\\/#primaryimage\"},\"image\":{\"@id\":\"https:\\\/\\\/www.vetorino.com\\\/boutique\\\/product\\\/cartimax-active\\\/#primaryimage\"},\"thumbnailUrl\":\"https:\\\/\\\/www.vetorino.com\\\/boutique\\\/wp-content\\\/uploads\\\/2025\\\/09\\\/cartimax-active.webp\",\"datePublished\":\"2025-09-25T08:25:19+00:00\",\"dateModified\":\"2025-09-29T09:09:57+00:00\",\"description\":\"Aliment compl\u00e9mentaire pour chiens. Cartimax Active contribue au soutien de la fonction articulaire et \u00e0 la mobilit\u00e9. Conseill\u00e9 en cas de : Sur-sollicitation de l'articulation, pr\u00e9dispositions g\u00e9n\u00e9tiques, convalescence apr\u00e8s un traumatisme ou une chirurgie. Risque d'\u00e9rosion de l'os sous-chondral, fonte musculaire.\",\"breadcrumb\":{\"@id\":\"https:\\\/\\\/www.vetorino.com\\\/boutique\\\/product\\\/cartimax-active\\\/#breadcrumb\"},\"inLanguage\":\"fr-FR\",\"potentialAction\":[{\"@type\":\"ReadAction\",\"target\":[\"https:\\\/\\\/www.vetorino.com\\\/boutique\\\/product\\\/cartimax-active\\\/\"]}]},{\"@type\":\"ImageObject\",\"inLanguage\":\"fr-FR\",\"@id\":\"https:\\\/\\\/www.vetorino.com\\\/boutique\\\/product\\\/cartimax-active\\\/#primaryimage\",\"url\":\"https:\\\/\\\/www.vetorino.com\\\/boutique\\\/wp-content\\\/uploads\\\/2025\\\/09\\\/cartimax-active.webp\",\"contentUrl\":\"https:\\\/\\\/www.vetorino.com\\\/boutique\\\/wp-content\\\/uploads\\\/2025\\\/09\\\/cartimax-active.webp\",\"width\":540,\"height\":540},{\"@type\":\"BreadcrumbList\",\"@id\":\"https:\\\/\\\/www.vetorino.com\\\/boutique\\\/product\\\/cartimax-active\\\/#breadcrumb\",\"itemListElement\":[{\"@type\":\"ListItem\",\"position\":1,\"name\":\"Accueil\",\"item\":\"https:\\\/\\\/www.vetorino.com\\\/boutique\\\/\"},{\"@type\":\"ListItem\",\"position\":2,\"name\":\"Produits\",\"item\":\"https:\\\/\\\/www.vetorino.com\\\/boutique\\\/\"},{\"@type\":\"ListItem\",\"position\":3,\"name\":\"Cartimax Active \u2013 chien\"}]},{\"@type\":\"WebSite\",\"@id\":\"https:\\\/\\\/www.vetorino.com\\\/boutique\\\/#website\",\"url\":\"https:\\\/\\\/www.vetorino.com\\\/boutique\\\/\",\"name\":\"V\u00e9torino\",\"description\":\"\",\"publisher\":{\"@id\":\"https:\\\/\\\/www.vetorino.com\\\/boutique\\\/#organization\"},\"potentialAction\":[{\"@type\":\"SearchAction\",\"target\":{\"@type\":\"EntryPoint\",\"urlTemplate\":\"https:\\\/\\\/www.vetorino.com\\\/boutique\\\/?s={search_term_string}\"},\"query-input\":{\"@type\":\"PropertyValueSpecification\",\"valueRequired\":true,\"valueName\":\"search_term_string\"}}],\"inLanguage\":\"fr-FR\"},{\"@type\":\"Organization\",\"@id\":\"https:\\\/\\\/www.vetorino.com\\\/boutique\\\/#organization\",\"name\":\"V\u00e9torino\",\"url\":\"https:\\\/\\\/www.vetorino.com\\\/boutique\\\/\",\"logo\":{\"@type\":\"ImageObject\",\"inLanguage\":\"fr-FR\",\"@id\":\"https:\\\/\\\/www.vetorino.com\\\/boutique\\\/#\\\/schema\\\/logo\\\/image\\\/\",\"url\":\"https:\\\/\\\/www.vetorino.com\\\/boutique\\\/wp-content\\\/uploads\\\/2024\\\/10\\\/logo.jpg\",\"contentUrl\":\"https:\\\/\\\/www.vetorino.com\\\/boutique\\\/wp-content\\\/uploads\\\/2024\\\/10\\\/logo.jpg\",\"width\":1200,\"height\":610,\"caption\":\"V\u00e9torino\"},\"image\":{\"@id\":\"https:\\\/\\\/www.vetorino.com\\\/boutique\\\/#\\\/schema\\\/logo\\\/image\\\/\"},\"sameAs\":[\"https:\\\/\\\/www.facebook.com\\\/Vetorino\\\/\",\"https:\\\/\\\/www.instagram.com\\\/vetorino_off\\\/\",\"https:\\\/\\\/www.linkedin.com\\\/company\\\/vtorino\\\/\"]}]}<\/script>\n<meta property=\"product:brand\" content=\"Mp Labo\" \/>\n<meta property=\"product:price:amount\" content=\"33.98\" \/>\n<meta property=\"product:price:currency\" content=\"EUR\" \/>\n<meta property=\"og:availability\" content=\"instock\" \/>\n<meta property=\"product:availability\" content=\"instock\" \/>\n<meta property=\"product:retailer_item_id\" content=\"A-1889050\" \/>\n<meta property=\"product:condition\" content=\"new\" \/>\n<!-- \/ Yoast SEO plugin. -->","yoast_head_json":{"title":"Cartimax Active \u2013 chien Mp Labo - V\u00e9torino","description":"Aliment compl\u00e9mentaire pour chiens. Cartimax Active contribue au soutien de la fonction articulaire et \u00e0 la mobilit\u00e9.  Conseill\u00e9 en cas de :   Sur-sollicitation de l'articulation, pr\u00e9dispositions g\u00e9n\u00e9tiques, convalescence apr\u00e8s un traumatisme ou une chirurgie.  Risque d'\u00e9rosion de l'os sous-chondral, fonte musculaire.","robots":{"index":"noindex","follow":"nofollow"},"og_locale":"fr_FR","og_type":"article","og_title":"Cartimax Active \u2013 chien Mp Labo - V\u00e9torino","og_description":"Aliment compl\u00e9mentaire pour chiens. Cartimax Active contribue au soutien de la fonction articulaire et \u00e0 la mobilit\u00e9.  Conseill\u00e9 en cas de :   Sur-sollicitation de l'articulation, pr\u00e9dispositions g\u00e9n\u00e9tiques, convalescence apr\u00e8s un traumatisme ou une chirurgie.  Risque d'\u00e9rosion de l'os sous-chondral, fonte musculaire.","og_url":"https:\/\/www.vetorino.com\/veterinaire\/ustaritz-64480\/boutique\/product\/cartimax-active\/","og_site_name":"V\u00e9torino","article_publisher":"https:\/\/www.facebook.com\/Vetorino\/","article_modified_time":"2025-09-29T09:09:57+00:00","og_image":[{"width":540,"height":540,"url":"https:\/\/www.vetorino.com\/boutique\/wp-content\/uploads\/2025\/09\/cartimax-active.webp","type":"image\/webp"}],"twitter_card":"summary_large_image","twitter_misc":{"Prix":"33,98&euro;","Disponibilit\u00e9":"En stock"},"schema":{"@context":"https:\/\/schema.org","@graph":[{"@type":"WebPage","@id":"https:\/\/www.vetorino.com\/boutique\/product\/cartimax-active\/","url":"https:\/\/www.vetorino.com\/boutique\/product\/cartimax-active\/","name":"Cartimax Active \u2013 chien Mp Labo - V\u00e9torino","isPartOf":{"@id":"https:\/\/www.vetorino.com\/boutique\/#website"},"primaryImageOfPage":{"@id":"https:\/\/www.vetorino.com\/boutique\/product\/cartimax-active\/#primaryimage"},"image":{"@id":"https:\/\/www.vetorino.com\/boutique\/product\/cartimax-active\/#primaryimage"},"thumbnailUrl":"https:\/\/www.vetorino.com\/boutique\/wp-content\/uploads\/2025\/09\/cartimax-active.webp","datePublished":"2025-09-25T08:25:19+00:00","dateModified":"2025-09-29T09:09:57+00:00","description":"Aliment compl\u00e9mentaire pour chiens. Cartimax Active contribue au soutien de la fonction articulaire et \u00e0 la mobilit\u00e9. Conseill\u00e9 en cas de : Sur-sollicitation de l'articulation, pr\u00e9dispositions g\u00e9n\u00e9tiques, convalescence apr\u00e8s un traumatisme ou une chirurgie. Risque d'\u00e9rosion de l'os sous-chondral, fonte musculaire.","breadcrumb":{"@id":"https:\/\/www.vetorino.com\/boutique\/product\/cartimax-active\/#breadcrumb"},"inLanguage":"fr-FR","potentialAction":[{"@type":"ReadAction","target":["https:\/\/www.vetorino.com\/boutique\/product\/cartimax-active\/"]}]},{"@type":"ImageObject","inLanguage":"fr-FR","@id":"https:\/\/www.vetorino.com\/boutique\/product\/cartimax-active\/#primaryimage","url":"https:\/\/www.vetorino.com\/boutique\/wp-content\/uploads\/2025\/09\/cartimax-active.webp","contentUrl":"https:\/\/www.vetorino.com\/boutique\/wp-content\/uploads\/2025\/09\/cartimax-active.webp","width":540,"height":540},{"@type":"BreadcrumbList","@id":"https:\/\/www.vetorino.com\/boutique\/product\/cartimax-active\/#breadcrumb","itemListElement":[{"@type":"ListItem","position":1,"name":"Accueil","item":"https:\/\/www.vetorino.com\/boutique\/"},{"@type":"ListItem","position":2,"name":"Produits","item":"https:\/\/www.vetorino.com\/boutique\/"},{"@type":"ListItem","position":3,"name":"Cartimax Active \u2013 chien"}]},{"@type":"WebSite","@id":"https:\/\/www.vetorino.com\/boutique\/#website","url":"https:\/\/www.vetorino.com\/boutique\/","name":"V\u00e9torino","description":"","publisher":{"@id":"https:\/\/www.vetorino.com\/boutique\/#organization"},"potentialAction":[{"@type":"SearchAction","target":{"@type":"EntryPoint","urlTemplate":"https:\/\/www.vetorino.com\/boutique\/?s={search_term_string}"},"query-input":{"@type":"PropertyValueSpecification","valueRequired":true,"valueName":"search_term_string"}}],"inLanguage":"fr-FR"},{"@type":"Organization","@id":"https:\/\/www.vetorino.com\/boutique\/#organization","name":"V\u00e9torino","url":"https:\/\/www.vetorino.com\/boutique\/","logo":{"@type":"ImageObject","inLanguage":"fr-FR","@id":"https:\/\/www.vetorino.com\/boutique\/#\/schema\/logo\/image\/","url":"https:\/\/www.vetorino.com\/boutique\/wp-content\/uploads\/2024\/10\/logo.jpg","contentUrl":"https:\/\/www.vetorino.com\/boutique\/wp-content\/uploads\/2024\/10\/logo.jpg","width":1200,"height":610,"caption":"V\u00e9torino"},"image":{"@id":"https:\/\/www.vetorino.com\/boutique\/#\/schema\/logo\/image\/"},"sameAs":["https:\/\/www.facebook.com\/Vetorino\/","https:\/\/www.instagram.com\/vetorino_off\/","https:\/\/www.linkedin.com\/company\/vtorino\/"]}]},"product_brand":"Mp Labo","product_price_amount":"33.98","product_price_currency":"EUR","og_availability":"instock","product_availability":"instock","product_retailer_item_id":"A-1889050","product_condition":"new"},"_links":{"self":[{"href":"https:\/\/www.vetorino.com\/veterinaire\/ustaritz-64480\/boutique\/wp-json\/wp\/v2\/product\/1503178","targetHints":{"allow":["GET"]}}],"collection":[{"href":"https:\/\/www.vetorino.com\/veterinaire\/ustaritz-64480\/boutique\/wp-json\/wp\/v2\/product"}],"about":[{"href":"https:\/\/www.vetorino.com\/veterinaire\/ustaritz-64480\/boutique\/wp-json\/wp\/v2\/types\/product"}],"wp:featuredmedia":[{"embeddable":true,"href":"https:\/\/www.vetorino.com\/veterinaire\/ustaritz-64480\/boutique\/wp-json\/wp\/v2\/media\/1503199"}],"wp:attachment":[{"href":"https:\/\/www.vetorino.com\/veterinaire\/ustaritz-64480\/boutique\/wp-json\/wp\/v2\/media?parent=1503178"}],"wp:term":[{"taxonomy":"product_cat","embeddable":true,"href":"https:\/\/www.vetorino.com\/veterinaire\/ustaritz-64480\/boutique\/wp-json\/wp\/v2\/product_cat?post=1503178"},{"taxonomy":"product_tag","embeddable":true,"href":"https:\/\/www.vetorino.com\/veterinaire\/ustaritz-64480\/boutique\/wp-json\/wp\/v2\/product_tag?post=1503178"}],"curies":[{"name":"wp","href":"https:\/\/api.w.org\/{rel}","templated":true}]}}