{"id":1517294,"date":"2025-10-06T10:20:46","date_gmt":"2025-10-06T08:20:46","guid":{"rendered":"https:\/\/www.vetorino.com\/boutique\/product\/renal-early\/"},"modified":"2026-02-26T15:16:20","modified_gmt":"2026-02-26T14:16:20","slug":"renal-early","status":"publish","type":"product","link":"https:\/\/www.vetorino.com\/veterinaire\/ustaritz-64480\/boutique\/product\/renal-early\/","title":{"rendered":"Renal + Mp Early &#8211; chien, chat"},"content":{"rendered":"<p><strong>Aliment compl\u00e9mentaire pour chiens et chats. <\/strong>\u00a0Gr\u00e2ce \u00e0 sa composition naturelle et cibl\u00e9e, Renal+ MP Early <strong>contribue \u00e0 pr\u00e9server la sant\u00e9 r\u00e9nale d\u00e8s les premiers signes,<\/strong> prot\u00e8ge les cellules r\u00e9nales et soutient la condition physique des animaux, tout en renfor\u00e7ant leurs d\u00e9fenses naturelles.<\/p>\n<p><strong>Caract\u00e9ristiques :\u00a0<\/strong><\/p>\n<ul>\n<li><strong>Soutien r\u00e9nal pr\u00e9coce :<\/strong>\u00a0orthosiphon, pissenlit et desmodium favorisent le bon fonctionnement des reins.<\/li>\n<li><strong>Protection cellulaire :<\/strong>\u00a0SOD (superoxyde dismutase) et desmodium aident \u00e0 prot\u00e9ger les cellules r\u00e9nales.<\/li>\n<li><strong>R\u00e9gulation du phosphore :<\/strong>\u00a0le carbonate de calcium aide \u00e0 r\u00e9duire l\u2019absorption du phosphore.<\/li>\n<li><strong>Maintien musculaire :<\/strong>\u00a0la carnitine soutient la masse musculaire, essentielle chez les animaux \u00e2g\u00e9s ou fragilis\u00e9s.<\/li>\n<li><strong>\u00c9quilibre du microbiote &amp; d\u00e9fenses naturelles :<\/strong>\u00a0la levure de bi\u00e8re aide \u00e0 l\u2019\u00e9quilibre intestinal et au renforcement immunitaire.<\/li>\n<li><strong>Ar\u00f4me volaille :\u00a0<\/strong>facilite l\u2019acceptation par l\u2019animal.<\/li>\n<\/ul>\n<p><strong>Mode d&#8217;emploi :\u00a0<\/strong><\/p>\n<p><em>Administrer 1 cuill\u00e8re-doseuse pour 5 kg de poids corporel, matin et soir.<\/em><br \/>\n<em>\u00c0 m\u00e9langer directement dans la nourriture.<\/em><\/p>\n<p><strong>Demander conseil \u00e0 votre v\u00e9t\u00e9rinaire avant utilisation.<\/strong><\/p>\n","protected":false},"excerpt":{"rendered":"<p><strong>Aliment compl\u00e9mentaire pour chiens et chats. <\/strong><\/p>\n<p><strong>Contribue \u00e0 pr\u00e9server la sant\u00e9 r\u00e9nale d\u00e8s les premiers signes,<\/strong> prot\u00e8ge les cellules r\u00e9nales et soutient la condition physique des animaux, tout en renfor\u00e7ant leurs d\u00e9fenses naturelles.<\/p>\n<p><strong>Demander conseil \u00e0 votre v\u00e9t\u00e9rinaire avant utilisation.<\/strong><\/p>\n<ul>\n<li style=\"list-style-type: none;\"><\/li>\n<\/ul>\n","protected":false},"featured_media":1720561,"template":"","meta":[],"product_cat":[12551,12552,2730,2738,2697,2698],"product_tag":[],"class_list":{"0":"post-1517294","1":"product","2":"type-product","3":"status-publish","4":"has-post-thumbnail","6":"product_cat-alimentation-du-chat","7":"product_cat-alimentation-du-chien","8":"product_cat-aliments-complementaires-pour-chat","9":"product_cat-aliments-complementaires-pour-chien","10":"product_cat-chat","11":"product_cat-chien","12":"pa_marque-mp-labo","14":"first","15":"instock","16":"taxable","17":"shipping-taxable","18":"purchasable","19":"product-type-variable"},"yoast_head":"<!-- This site is optimized with the Yoast SEO plugin v27.3 - https:\/\/yoast.com\/product\/yoast-seo-wordpress\/ -->\n<title>Renal + Mp Early - chien, chat Mp Labo - V\u00e9torino<\/title>\n<meta name=\"description\" content=\"Aliment compl\u00e9mentaire pour chiens et chats.   Contribue \u00e0 pr\u00e9server la sant\u00e9 r\u00e9nale d\u00e8s les premiers signes, prot\u00e8ge les cellules r\u00e9nales et soutient la condition physique des animaux, tout en renfor\u00e7ant leurs d\u00e9fenses naturelles.  Demander conseil \u00e0 votre v\u00e9t\u00e9rinaire avant utilisation.\" \/>\n<meta name=\"robots\" content=\"noindex, nofollow\" \/>\n<meta property=\"og:locale\" content=\"fr_FR\" \/>\n<meta property=\"og:type\" content=\"article\" \/>\n<meta property=\"og:title\" content=\"Renal + Mp Early - chien, chat Mp Labo - V\u00e9torino\" \/>\n<meta property=\"og:description\" content=\"Aliment compl\u00e9mentaire pour chiens et chats.   Contribue \u00e0 pr\u00e9server la sant\u00e9 r\u00e9nale d\u00e8s les premiers signes, prot\u00e8ge les cellules r\u00e9nales et soutient la condition physique des animaux, tout en renfor\u00e7ant leurs d\u00e9fenses naturelles.  Demander conseil \u00e0 votre v\u00e9t\u00e9rinaire avant utilisation.\" \/>\n<meta property=\"og:url\" content=\"https:\/\/www.vetorino.com\/veterinaire\/ustaritz-64480\/boutique\/product\/renal-early\/\" \/>\n<meta property=\"og:site_name\" content=\"V\u00e9torino\" \/>\n<meta property=\"article:publisher\" content=\"https:\/\/www.facebook.com\/Vetorino\/\" \/>\n<meta property=\"article:modified_time\" content=\"2026-02-26T14:16:20+00:00\" \/>\n<meta property=\"og:image\" content=\"https:\/\/www.vetorino.com\/boutique\/wp-content\/uploads\/2025\/10\/renal-cure-early.webp\" \/>\n\t<meta property=\"og:image:width\" content=\"800\" \/>\n\t<meta property=\"og:image:height\" content=\"800\" \/>\n\t<meta property=\"og:image:type\" content=\"image\/webp\" \/>\n<meta name=\"twitter:card\" content=\"summary_large_image\" \/>\n<meta name=\"twitter:label1\" content=\"Disponibilit\u00e9\" \/>\n\t<meta name=\"twitter:data1\" content=\"En stock\" \/>\n<script type=\"application\/ld+json\" class=\"yoast-schema-graph\">{\"@context\":\"https:\\\/\\\/schema.org\",\"@graph\":[{\"@type\":\"WebPage\",\"@id\":\"https:\\\/\\\/www.vetorino.com\\\/boutique\\\/product\\\/renal-early\\\/\",\"url\":\"https:\\\/\\\/www.vetorino.com\\\/boutique\\\/product\\\/renal-early\\\/\",\"name\":\"Renal + Mp Early - chien, chat Mp Labo - V\u00e9torino\",\"isPartOf\":{\"@id\":\"https:\\\/\\\/www.vetorino.com\\\/boutique\\\/#website\"},\"primaryImageOfPage\":{\"@id\":\"https:\\\/\\\/www.vetorino.com\\\/boutique\\\/product\\\/renal-early\\\/#primaryimage\"},\"image\":{\"@id\":\"https:\\\/\\\/www.vetorino.com\\\/boutique\\\/product\\\/renal-early\\\/#primaryimage\"},\"thumbnailUrl\":\"https:\\\/\\\/www.vetorino.com\\\/boutique\\\/wp-content\\\/uploads\\\/2025\\\/10\\\/renal-cure-early.webp\",\"datePublished\":\"2025-10-06T08:20:46+00:00\",\"dateModified\":\"2026-02-26T14:16:20+00:00\",\"description\":\"Aliment compl\u00e9mentaire pour chiens et chats. Contribue \u00e0 pr\u00e9server la sant\u00e9 r\u00e9nale d\u00e8s les premiers signes, prot\u00e8ge les cellules r\u00e9nales et soutient la condition physique des animaux, tout en renfor\u00e7ant leurs d\u00e9fenses naturelles. Demander conseil \u00e0 votre v\u00e9t\u00e9rinaire avant utilisation.\",\"breadcrumb\":{\"@id\":\"https:\\\/\\\/www.vetorino.com\\\/boutique\\\/product\\\/renal-early\\\/#breadcrumb\"},\"inLanguage\":\"fr-FR\",\"potentialAction\":[{\"@type\":\"ReadAction\",\"target\":[\"https:\\\/\\\/www.vetorino.com\\\/boutique\\\/product\\\/renal-early\\\/\"]}]},{\"@type\":\"ImageObject\",\"inLanguage\":\"fr-FR\",\"@id\":\"https:\\\/\\\/www.vetorino.com\\\/boutique\\\/product\\\/renal-early\\\/#primaryimage\",\"url\":\"https:\\\/\\\/www.vetorino.com\\\/boutique\\\/wp-content\\\/uploads\\\/2025\\\/10\\\/renal-cure-early.webp\",\"contentUrl\":\"https:\\\/\\\/www.vetorino.com\\\/boutique\\\/wp-content\\\/uploads\\\/2025\\\/10\\\/renal-cure-early.webp\",\"width\":800,\"height\":800},{\"@type\":\"BreadcrumbList\",\"@id\":\"https:\\\/\\\/www.vetorino.com\\\/boutique\\\/product\\\/renal-early\\\/#breadcrumb\",\"itemListElement\":[{\"@type\":\"ListItem\",\"position\":1,\"name\":\"Accueil\",\"item\":\"https:\\\/\\\/www.vetorino.com\\\/boutique\\\/\"},{\"@type\":\"ListItem\",\"position\":2,\"name\":\"Produits\",\"item\":\"https:\\\/\\\/www.vetorino.com\\\/boutique\\\/\"},{\"@type\":\"ListItem\",\"position\":3,\"name\":\"Renal + Mp Early &#8211; chien, chat\"}]},{\"@type\":\"WebSite\",\"@id\":\"https:\\\/\\\/www.vetorino.com\\\/boutique\\\/#website\",\"url\":\"https:\\\/\\\/www.vetorino.com\\\/boutique\\\/\",\"name\":\"V\u00e9torino\",\"description\":\"\",\"publisher\":{\"@id\":\"https:\\\/\\\/www.vetorino.com\\\/boutique\\\/#organization\"},\"potentialAction\":[{\"@type\":\"SearchAction\",\"target\":{\"@type\":\"EntryPoint\",\"urlTemplate\":\"https:\\\/\\\/www.vetorino.com\\\/boutique\\\/?s={search_term_string}\"},\"query-input\":{\"@type\":\"PropertyValueSpecification\",\"valueRequired\":true,\"valueName\":\"search_term_string\"}}],\"inLanguage\":\"fr-FR\"},{\"@type\":\"Organization\",\"@id\":\"https:\\\/\\\/www.vetorino.com\\\/boutique\\\/#organization\",\"name\":\"V\u00e9torino\",\"url\":\"https:\\\/\\\/www.vetorino.com\\\/boutique\\\/\",\"logo\":{\"@type\":\"ImageObject\",\"inLanguage\":\"fr-FR\",\"@id\":\"https:\\\/\\\/www.vetorino.com\\\/boutique\\\/#\\\/schema\\\/logo\\\/image\\\/\",\"url\":\"https:\\\/\\\/www.vetorino.com\\\/boutique\\\/wp-content\\\/uploads\\\/2024\\\/10\\\/logo.jpg\",\"contentUrl\":\"https:\\\/\\\/www.vetorino.com\\\/boutique\\\/wp-content\\\/uploads\\\/2024\\\/10\\\/logo.jpg\",\"width\":1200,\"height\":610,\"caption\":\"V\u00e9torino\"},\"image\":{\"@id\":\"https:\\\/\\\/www.vetorino.com\\\/boutique\\\/#\\\/schema\\\/logo\\\/image\\\/\"},\"sameAs\":[\"https:\\\/\\\/www.facebook.com\\\/Vetorino\\\/\",\"https:\\\/\\\/www.instagram.com\\\/vetorino_off\\\/\",\"https:\\\/\\\/www.linkedin.com\\\/company\\\/vtorino\\\/\"]}]}<\/script>\n<meta property=\"product:brand\" content=\"Mp Labo\" \/>\n<meta property=\"og:availability\" content=\"instock\" \/>\n<meta property=\"product:availability\" content=\"instock\" \/>\n<meta property=\"product:condition\" content=\"new\" \/>\n<!-- \/ Yoast SEO plugin. -->","yoast_head_json":{"title":"Renal + Mp Early - chien, chat Mp Labo - V\u00e9torino","description":"Aliment compl\u00e9mentaire pour chiens et chats.   Contribue \u00e0 pr\u00e9server la sant\u00e9 r\u00e9nale d\u00e8s les premiers signes, prot\u00e8ge les cellules r\u00e9nales et soutient la condition physique des animaux, tout en renfor\u00e7ant leurs d\u00e9fenses naturelles.  Demander conseil \u00e0 votre v\u00e9t\u00e9rinaire avant utilisation.","robots":{"index":"noindex","follow":"nofollow"},"og_locale":"fr_FR","og_type":"article","og_title":"Renal + Mp Early - chien, chat Mp Labo - V\u00e9torino","og_description":"Aliment compl\u00e9mentaire pour chiens et chats.   Contribue \u00e0 pr\u00e9server la sant\u00e9 r\u00e9nale d\u00e8s les premiers signes, prot\u00e8ge les cellules r\u00e9nales et soutient la condition physique des animaux, tout en renfor\u00e7ant leurs d\u00e9fenses naturelles.  Demander conseil \u00e0 votre v\u00e9t\u00e9rinaire avant utilisation.","og_url":"https:\/\/www.vetorino.com\/veterinaire\/ustaritz-64480\/boutique\/product\/renal-early\/","og_site_name":"V\u00e9torino","article_publisher":"https:\/\/www.facebook.com\/Vetorino\/","article_modified_time":"2026-02-26T14:16:20+00:00","og_image":[{"width":800,"height":800,"url":"https:\/\/www.vetorino.com\/boutique\/wp-content\/uploads\/2025\/10\/renal-cure-early.webp","type":"image\/webp"}],"twitter_card":"summary_large_image","twitter_misc":{"Disponibilit\u00e9":"En stock"},"schema":{"@context":"https:\/\/schema.org","@graph":[{"@type":"WebPage","@id":"https:\/\/www.vetorino.com\/boutique\/product\/renal-early\/","url":"https:\/\/www.vetorino.com\/boutique\/product\/renal-early\/","name":"Renal + Mp Early - chien, chat Mp Labo - V\u00e9torino","isPartOf":{"@id":"https:\/\/www.vetorino.com\/boutique\/#website"},"primaryImageOfPage":{"@id":"https:\/\/www.vetorino.com\/boutique\/product\/renal-early\/#primaryimage"},"image":{"@id":"https:\/\/www.vetorino.com\/boutique\/product\/renal-early\/#primaryimage"},"thumbnailUrl":"https:\/\/www.vetorino.com\/boutique\/wp-content\/uploads\/2025\/10\/renal-cure-early.webp","datePublished":"2025-10-06T08:20:46+00:00","dateModified":"2026-02-26T14:16:20+00:00","description":"Aliment compl\u00e9mentaire pour chiens et chats. Contribue \u00e0 pr\u00e9server la sant\u00e9 r\u00e9nale d\u00e8s les premiers signes, prot\u00e8ge les cellules r\u00e9nales et soutient la condition physique des animaux, tout en renfor\u00e7ant leurs d\u00e9fenses naturelles. Demander conseil \u00e0 votre v\u00e9t\u00e9rinaire avant utilisation.","breadcrumb":{"@id":"https:\/\/www.vetorino.com\/boutique\/product\/renal-early\/#breadcrumb"},"inLanguage":"fr-FR","potentialAction":[{"@type":"ReadAction","target":["https:\/\/www.vetorino.com\/boutique\/product\/renal-early\/"]}]},{"@type":"ImageObject","inLanguage":"fr-FR","@id":"https:\/\/www.vetorino.com\/boutique\/product\/renal-early\/#primaryimage","url":"https:\/\/www.vetorino.com\/boutique\/wp-content\/uploads\/2025\/10\/renal-cure-early.webp","contentUrl":"https:\/\/www.vetorino.com\/boutique\/wp-content\/uploads\/2025\/10\/renal-cure-early.webp","width":800,"height":800},{"@type":"BreadcrumbList","@id":"https:\/\/www.vetorino.com\/boutique\/product\/renal-early\/#breadcrumb","itemListElement":[{"@type":"ListItem","position":1,"name":"Accueil","item":"https:\/\/www.vetorino.com\/boutique\/"},{"@type":"ListItem","position":2,"name":"Produits","item":"https:\/\/www.vetorino.com\/boutique\/"},{"@type":"ListItem","position":3,"name":"Renal + Mp Early &#8211; chien, chat"}]},{"@type":"WebSite","@id":"https:\/\/www.vetorino.com\/boutique\/#website","url":"https:\/\/www.vetorino.com\/boutique\/","name":"V\u00e9torino","description":"","publisher":{"@id":"https:\/\/www.vetorino.com\/boutique\/#organization"},"potentialAction":[{"@type":"SearchAction","target":{"@type":"EntryPoint","urlTemplate":"https:\/\/www.vetorino.com\/boutique\/?s={search_term_string}"},"query-input":{"@type":"PropertyValueSpecification","valueRequired":true,"valueName":"search_term_string"}}],"inLanguage":"fr-FR"},{"@type":"Organization","@id":"https:\/\/www.vetorino.com\/boutique\/#organization","name":"V\u00e9torino","url":"https:\/\/www.vetorino.com\/boutique\/","logo":{"@type":"ImageObject","inLanguage":"fr-FR","@id":"https:\/\/www.vetorino.com\/boutique\/#\/schema\/logo\/image\/","url":"https:\/\/www.vetorino.com\/boutique\/wp-content\/uploads\/2024\/10\/logo.jpg","contentUrl":"https:\/\/www.vetorino.com\/boutique\/wp-content\/uploads\/2024\/10\/logo.jpg","width":1200,"height":610,"caption":"V\u00e9torino"},"image":{"@id":"https:\/\/www.vetorino.com\/boutique\/#\/schema\/logo\/image\/"},"sameAs":["https:\/\/www.facebook.com\/Vetorino\/","https:\/\/www.instagram.com\/vetorino_off\/","https:\/\/www.linkedin.com\/company\/vtorino\/"]}]},"product_brand":"Mp Labo","og_availability":"instock","product_availability":"instock","product_condition":"new"},"_links":{"self":[{"href":"https:\/\/www.vetorino.com\/veterinaire\/ustaritz-64480\/boutique\/wp-json\/wp\/v2\/product\/1517294","targetHints":{"allow":["GET"]}}],"collection":[{"href":"https:\/\/www.vetorino.com\/veterinaire\/ustaritz-64480\/boutique\/wp-json\/wp\/v2\/product"}],"about":[{"href":"https:\/\/www.vetorino.com\/veterinaire\/ustaritz-64480\/boutique\/wp-json\/wp\/v2\/types\/product"}],"wp:featuredmedia":[{"embeddable":true,"href":"https:\/\/www.vetorino.com\/veterinaire\/ustaritz-64480\/boutique\/wp-json\/wp\/v2\/media\/1720561"}],"wp:attachment":[{"href":"https:\/\/www.vetorino.com\/veterinaire\/ustaritz-64480\/boutique\/wp-json\/wp\/v2\/media?parent=1517294"}],"wp:term":[{"taxonomy":"product_cat","embeddable":true,"href":"https:\/\/www.vetorino.com\/veterinaire\/ustaritz-64480\/boutique\/wp-json\/wp\/v2\/product_cat?post=1517294"},{"taxonomy":"product_tag","embeddable":true,"href":"https:\/\/www.vetorino.com\/veterinaire\/ustaritz-64480\/boutique\/wp-json\/wp\/v2\/product_tag?post=1517294"}],"curies":[{"name":"wp","href":"https:\/\/api.w.org\/{rel}","templated":true}]}}