{"id":1572521,"date":"2025-11-17T10:11:57","date_gmt":"2025-11-17T09:11:57","guid":{"rendered":"https:\/\/www.vetorino.com\/boutique\/product\/zenifel-gel-pot-diffuseur\/"},"modified":"2025-11-17T10:23:42","modified_gmt":"2025-11-17T09:23:42","slug":"zenifel-gel-pot-diffuseur","status":"publish","type":"product","link":"https:\/\/www.vetorino.com\/veterinaire\/ustaritz-64480\/boutique\/product\/zenifel-gel-pot-diffuseur\/","title":{"rendered":"Zenifel Gel Pot Diffuseur &#8211; chat"},"content":{"rendered":"<p class=\"p1\"><strong>Zenifel\u00ae Gel Diffuseur r\u00e9duit efficacement les signes de stress chez les chats.<\/strong><\/p>\n<p class=\"p1\">Zenifel\u00ae Gel Diffuseur <strong>b\u00e9n\u00e9ficie d&#8217;une nouvelle technologie brevet\u00e9e<\/strong> qui lib\u00e8re progressivement les ph\u00e9romones. <strong>Sans \u00e9lectricit\u00e9 : aucune prise \u00e9lectrique n\u00e9cessaire,<\/strong> aucune consommation d&#8217;\u00e9nergie. Un seul diffuseur <strong>couvre jusqu&#8217;\u00e0 70 m\u00b2.<\/strong><\/p>\n<p class=\"p1\"><strong>Diffusion longue dur\u00e9e<\/strong> : 60 jours, soit deux fois plus longtemps que les autres produits \u00e0 base de ph\u00e9romones.<\/p>\n<p class=\"p1\">R\u00e9sultats significatifs<strong> : r\u00e9duction de 80 % des signes de stress et am\u00e9lioration notable d\u00e8s le 7e jour<\/strong>. Contient un analogue de ph\u00e9romone faciale f\u00e9line et de l&#8217;herbe \u00e0 chat, tr\u00e8s appr\u00e9ci\u00e9e des chats, pour une efficacit\u00e9 optimale.<\/p>\n<p class=\"p1\">Son<strong> format compact et portable<\/strong> le rend facile \u00e0 utiliser. C\u2019est une solution simple et efficace pour r\u00e9duire le stress o\u00f9 que vous soyez.<\/p>\n","protected":false},"excerpt":{"rendered":"<p class=\"p1\"><strong>Gel diffuseur Zenifel<\/strong> pour chat<strong> \u00e0 base de ph\u00e9romones apaisantes et extrait de Nepeta cataria<\/strong> (herbe \u00e0 chat).<\/p>\n<p class=\"p1\">Gel diffuseur apaisant pour chats,<strong> con\u00e7u pour am\u00e9liorer les comportements li\u00e9s au stress de votre animal. <\/strong><\/p>\n<p class=\"p1\">Zenifel\u00ae Gel diffuseur est un diffuseur de ph\u00e9romones apaisantes pour chats qui <strong>fonctionne sans \u00e9lectricit\u00e9. <\/strong><\/p>\n<p class=\"p1\"><strong>Son action dure jusqu&#8217;\u00e0 2 mois et permet de r\u00e9duire les signes de stress jusqu&#8217;\u00e0 80 %.<\/strong><\/p>\n","protected":false},"featured_media":1572537,"template":"","meta":[],"product_cat":[2759,2697],"product_tag":[],"class_list":{"0":"post-1572521","1":"product","2":"type-product","3":"status-publish","4":"has-post-thumbnail","6":"product_cat-anti-stress-et-anxiete-pour-chat","7":"product_cat-chat","8":"pa_marque-virbac","10":"first","11":"instock","12":"taxable","13":"shipping-taxable","14":"purchasable","15":"product-type-simple"},"yoast_head":"<!-- This site is optimized with the Yoast SEO plugin v27.3 - https:\/\/yoast.com\/product\/yoast-seo-wordpress\/ -->\n<title>Zenifel Gel Pot Diffuseur - chat Virbac - V\u00e9torino<\/title>\n<meta name=\"description\" content=\"Gel diffuseur Zenifel pour chat \u00e0 base de ph\u00e9romones apaisantes et extrait de Nepeta cataria (herbe \u00e0 chat). Gel diffuseur apaisant pour chats, con\u00e7u pour am\u00e9liorer les comportements li\u00e9s au stress de votre animal.  Zenifel\u00ae Gel diffuseur est un diffuseur de ph\u00e9romones apaisantes pour chats qui fonctionne sans \u00e9lectricit\u00e9.  Son action dure jusqu&#039;\u00e0 2 mois et permet de r\u00e9duire les signes de stress jusqu&#039;\u00e0 80 %.\" \/>\n<meta name=\"robots\" content=\"noindex, nofollow\" \/>\n<meta property=\"og:locale\" content=\"fr_FR\" \/>\n<meta property=\"og:type\" content=\"article\" \/>\n<meta property=\"og:title\" content=\"Zenifel Gel Pot Diffuseur - chat Virbac - V\u00e9torino\" \/>\n<meta property=\"og:description\" content=\"Gel diffuseur Zenifel pour chat \u00e0 base de ph\u00e9romones apaisantes et extrait de Nepeta cataria (herbe \u00e0 chat). Gel diffuseur apaisant pour chats, con\u00e7u pour am\u00e9liorer les comportements li\u00e9s au stress de votre animal.  Zenifel\u00ae Gel diffuseur est un diffuseur de ph\u00e9romones apaisantes pour chats qui fonctionne sans \u00e9lectricit\u00e9.  Son action dure jusqu&#039;\u00e0 2 mois et permet de r\u00e9duire les signes de stress jusqu&#039;\u00e0 80 %.\" \/>\n<meta property=\"og:url\" content=\"https:\/\/www.vetorino.com\/veterinaire\/ustaritz-64480\/boutique\/product\/zenifel-gel-pot-diffuseur\/\" \/>\n<meta property=\"og:site_name\" content=\"V\u00e9torino\" \/>\n<meta property=\"article:publisher\" content=\"https:\/\/www.facebook.com\/Vetorino\/\" \/>\n<meta property=\"article:modified_time\" content=\"2025-11-17T09:23:42+00:00\" \/>\n<meta property=\"og:image\" content=\"https:\/\/www.vetorino.com\/boutique\/wp-content\/uploads\/2025\/11\/zenifel-gel-diffuseur-virbac4.webp\" \/>\n\t<meta property=\"og:image:width\" content=\"2048\" \/>\n\t<meta property=\"og:image:height\" content=\"2048\" \/>\n\t<meta property=\"og:image:type\" content=\"image\/webp\" \/>\n<meta name=\"twitter:card\" content=\"summary_large_image\" \/>\n<meta name=\"twitter:label1\" content=\"Prix\" \/>\n\t<meta name=\"twitter:data1\" content=\"36,71&euro;\" \/>\n\t<meta name=\"twitter:label2\" content=\"Disponibilit\u00e9\" \/>\n\t<meta name=\"twitter:data2\" content=\"En stock\" \/>\n<script type=\"application\/ld+json\" class=\"yoast-schema-graph\">{\"@context\":\"https:\\\/\\\/schema.org\",\"@graph\":[{\"@type\":\"WebPage\",\"@id\":\"https:\\\/\\\/www.vetorino.com\\\/boutique\\\/product\\\/zenifel-gel-pot-diffuseur\\\/\",\"url\":\"https:\\\/\\\/www.vetorino.com\\\/boutique\\\/product\\\/zenifel-gel-pot-diffuseur\\\/\",\"name\":\"Zenifel Gel Pot Diffuseur - chat Virbac - V\u00e9torino\",\"isPartOf\":{\"@id\":\"https:\\\/\\\/www.vetorino.com\\\/boutique\\\/#website\"},\"primaryImageOfPage\":{\"@id\":\"https:\\\/\\\/www.vetorino.com\\\/boutique\\\/product\\\/zenifel-gel-pot-diffuseur\\\/#primaryimage\"},\"image\":{\"@id\":\"https:\\\/\\\/www.vetorino.com\\\/boutique\\\/product\\\/zenifel-gel-pot-diffuseur\\\/#primaryimage\"},\"thumbnailUrl\":\"https:\\\/\\\/www.vetorino.com\\\/boutique\\\/wp-content\\\/uploads\\\/2025\\\/11\\\/zenifel-gel-diffuseur-virbac4.webp\",\"datePublished\":\"2025-11-17T09:11:57+00:00\",\"dateModified\":\"2025-11-17T09:23:42+00:00\",\"description\":\"Gel diffuseur Zenifel pour chat \u00e0 base de ph\u00e9romones apaisantes et extrait de Nepeta cataria (herbe \u00e0 chat). Gel diffuseur apaisant pour chats, con\u00e7u pour am\u00e9liorer les comportements li\u00e9s au stress de votre animal. Zenifel\u00ae Gel diffuseur est un diffuseur de ph\u00e9romones apaisantes pour chats qui fonctionne sans \u00e9lectricit\u00e9. Son action dure jusqu'\u00e0 2 mois et permet de r\u00e9duire les signes de stress jusqu'\u00e0 80 %.\",\"breadcrumb\":{\"@id\":\"https:\\\/\\\/www.vetorino.com\\\/boutique\\\/product\\\/zenifel-gel-pot-diffuseur\\\/#breadcrumb\"},\"inLanguage\":\"fr-FR\",\"potentialAction\":[{\"@type\":\"ReadAction\",\"target\":[\"https:\\\/\\\/www.vetorino.com\\\/boutique\\\/product\\\/zenifel-gel-pot-diffuseur\\\/\"]}]},{\"@type\":\"ImageObject\",\"inLanguage\":\"fr-FR\",\"@id\":\"https:\\\/\\\/www.vetorino.com\\\/boutique\\\/product\\\/zenifel-gel-pot-diffuseur\\\/#primaryimage\",\"url\":\"https:\\\/\\\/www.vetorino.com\\\/boutique\\\/wp-content\\\/uploads\\\/2025\\\/11\\\/zenifel-gel-diffuseur-virbac4.webp\",\"contentUrl\":\"https:\\\/\\\/www.vetorino.com\\\/boutique\\\/wp-content\\\/uploads\\\/2025\\\/11\\\/zenifel-gel-diffuseur-virbac4.webp\",\"width\":2048,\"height\":2048},{\"@type\":\"BreadcrumbList\",\"@id\":\"https:\\\/\\\/www.vetorino.com\\\/boutique\\\/product\\\/zenifel-gel-pot-diffuseur\\\/#breadcrumb\",\"itemListElement\":[{\"@type\":\"ListItem\",\"position\":1,\"name\":\"Accueil\",\"item\":\"https:\\\/\\\/www.vetorino.com\\\/boutique\\\/\"},{\"@type\":\"ListItem\",\"position\":2,\"name\":\"Produits\",\"item\":\"https:\\\/\\\/www.vetorino.com\\\/boutique\\\/\"},{\"@type\":\"ListItem\",\"position\":3,\"name\":\"Zenifel Gel Pot Diffuseur &#8211; chat\"}]},{\"@type\":\"WebSite\",\"@id\":\"https:\\\/\\\/www.vetorino.com\\\/boutique\\\/#website\",\"url\":\"https:\\\/\\\/www.vetorino.com\\\/boutique\\\/\",\"name\":\"V\u00e9torino\",\"description\":\"\",\"publisher\":{\"@id\":\"https:\\\/\\\/www.vetorino.com\\\/boutique\\\/#organization\"},\"potentialAction\":[{\"@type\":\"SearchAction\",\"target\":{\"@type\":\"EntryPoint\",\"urlTemplate\":\"https:\\\/\\\/www.vetorino.com\\\/boutique\\\/?s={search_term_string}\"},\"query-input\":{\"@type\":\"PropertyValueSpecification\",\"valueRequired\":true,\"valueName\":\"search_term_string\"}}],\"inLanguage\":\"fr-FR\"},{\"@type\":\"Organization\",\"@id\":\"https:\\\/\\\/www.vetorino.com\\\/boutique\\\/#organization\",\"name\":\"V\u00e9torino\",\"url\":\"https:\\\/\\\/www.vetorino.com\\\/boutique\\\/\",\"logo\":{\"@type\":\"ImageObject\",\"inLanguage\":\"fr-FR\",\"@id\":\"https:\\\/\\\/www.vetorino.com\\\/boutique\\\/#\\\/schema\\\/logo\\\/image\\\/\",\"url\":\"https:\\\/\\\/www.vetorino.com\\\/boutique\\\/wp-content\\\/uploads\\\/2024\\\/10\\\/logo.jpg\",\"contentUrl\":\"https:\\\/\\\/www.vetorino.com\\\/boutique\\\/wp-content\\\/uploads\\\/2024\\\/10\\\/logo.jpg\",\"width\":1200,\"height\":610,\"caption\":\"V\u00e9torino\"},\"image\":{\"@id\":\"https:\\\/\\\/www.vetorino.com\\\/boutique\\\/#\\\/schema\\\/logo\\\/image\\\/\"},\"sameAs\":[\"https:\\\/\\\/www.facebook.com\\\/Vetorino\\\/\",\"https:\\\/\\\/www.instagram.com\\\/vetorino_off\\\/\",\"https:\\\/\\\/www.linkedin.com\\\/company\\\/vtorino\\\/\"]}]}<\/script>\n<meta property=\"product:brand\" content=\"Virbac\" \/>\n<meta property=\"product:price:amount\" content=\"36.71\" \/>\n<meta property=\"product:price:currency\" content=\"EUR\" \/>\n<meta property=\"og:availability\" content=\"instock\" \/>\n<meta property=\"product:availability\" content=\"instock\" \/>\n<meta property=\"product:retailer_item_id\" content=\"A-1898900\" \/>\n<meta property=\"product:condition\" content=\"new\" \/>\n<!-- \/ Yoast SEO plugin. -->","yoast_head_json":{"title":"Zenifel Gel Pot Diffuseur - chat Virbac - V\u00e9torino","description":"Gel diffuseur Zenifel pour chat \u00e0 base de ph\u00e9romones apaisantes et extrait de Nepeta cataria (herbe \u00e0 chat). Gel diffuseur apaisant pour chats, con\u00e7u pour am\u00e9liorer les comportements li\u00e9s au stress de votre animal.  Zenifel\u00ae Gel diffuseur est un diffuseur de ph\u00e9romones apaisantes pour chats qui fonctionne sans \u00e9lectricit\u00e9.  Son action dure jusqu'\u00e0 2 mois et permet de r\u00e9duire les signes de stress jusqu'\u00e0 80 %.","robots":{"index":"noindex","follow":"nofollow"},"og_locale":"fr_FR","og_type":"article","og_title":"Zenifel Gel Pot Diffuseur - chat Virbac - V\u00e9torino","og_description":"Gel diffuseur Zenifel pour chat \u00e0 base de ph\u00e9romones apaisantes et extrait de Nepeta cataria (herbe \u00e0 chat). Gel diffuseur apaisant pour chats, con\u00e7u pour am\u00e9liorer les comportements li\u00e9s au stress de votre animal.  Zenifel\u00ae Gel diffuseur est un diffuseur de ph\u00e9romones apaisantes pour chats qui fonctionne sans \u00e9lectricit\u00e9.  Son action dure jusqu'\u00e0 2 mois et permet de r\u00e9duire les signes de stress jusqu'\u00e0 80 %.","og_url":"https:\/\/www.vetorino.com\/veterinaire\/ustaritz-64480\/boutique\/product\/zenifel-gel-pot-diffuseur\/","og_site_name":"V\u00e9torino","article_publisher":"https:\/\/www.facebook.com\/Vetorino\/","article_modified_time":"2025-11-17T09:23:42+00:00","og_image":[{"width":2048,"height":2048,"url":"https:\/\/www.vetorino.com\/boutique\/wp-content\/uploads\/2025\/11\/zenifel-gel-diffuseur-virbac4.webp","type":"image\/webp"}],"twitter_card":"summary_large_image","twitter_misc":{"Prix":"36,71&euro;","Disponibilit\u00e9":"En stock"},"schema":{"@context":"https:\/\/schema.org","@graph":[{"@type":"WebPage","@id":"https:\/\/www.vetorino.com\/boutique\/product\/zenifel-gel-pot-diffuseur\/","url":"https:\/\/www.vetorino.com\/boutique\/product\/zenifel-gel-pot-diffuseur\/","name":"Zenifel Gel Pot Diffuseur - chat Virbac - V\u00e9torino","isPartOf":{"@id":"https:\/\/www.vetorino.com\/boutique\/#website"},"primaryImageOfPage":{"@id":"https:\/\/www.vetorino.com\/boutique\/product\/zenifel-gel-pot-diffuseur\/#primaryimage"},"image":{"@id":"https:\/\/www.vetorino.com\/boutique\/product\/zenifel-gel-pot-diffuseur\/#primaryimage"},"thumbnailUrl":"https:\/\/www.vetorino.com\/boutique\/wp-content\/uploads\/2025\/11\/zenifel-gel-diffuseur-virbac4.webp","datePublished":"2025-11-17T09:11:57+00:00","dateModified":"2025-11-17T09:23:42+00:00","description":"Gel diffuseur Zenifel pour chat \u00e0 base de ph\u00e9romones apaisantes et extrait de Nepeta cataria (herbe \u00e0 chat). Gel diffuseur apaisant pour chats, con\u00e7u pour am\u00e9liorer les comportements li\u00e9s au stress de votre animal. Zenifel\u00ae Gel diffuseur est un diffuseur de ph\u00e9romones apaisantes pour chats qui fonctionne sans \u00e9lectricit\u00e9. Son action dure jusqu'\u00e0 2 mois et permet de r\u00e9duire les signes de stress jusqu'\u00e0 80 %.","breadcrumb":{"@id":"https:\/\/www.vetorino.com\/boutique\/product\/zenifel-gel-pot-diffuseur\/#breadcrumb"},"inLanguage":"fr-FR","potentialAction":[{"@type":"ReadAction","target":["https:\/\/www.vetorino.com\/boutique\/product\/zenifel-gel-pot-diffuseur\/"]}]},{"@type":"ImageObject","inLanguage":"fr-FR","@id":"https:\/\/www.vetorino.com\/boutique\/product\/zenifel-gel-pot-diffuseur\/#primaryimage","url":"https:\/\/www.vetorino.com\/boutique\/wp-content\/uploads\/2025\/11\/zenifel-gel-diffuseur-virbac4.webp","contentUrl":"https:\/\/www.vetorino.com\/boutique\/wp-content\/uploads\/2025\/11\/zenifel-gel-diffuseur-virbac4.webp","width":2048,"height":2048},{"@type":"BreadcrumbList","@id":"https:\/\/www.vetorino.com\/boutique\/product\/zenifel-gel-pot-diffuseur\/#breadcrumb","itemListElement":[{"@type":"ListItem","position":1,"name":"Accueil","item":"https:\/\/www.vetorino.com\/boutique\/"},{"@type":"ListItem","position":2,"name":"Produits","item":"https:\/\/www.vetorino.com\/boutique\/"},{"@type":"ListItem","position":3,"name":"Zenifel Gel Pot Diffuseur &#8211; chat"}]},{"@type":"WebSite","@id":"https:\/\/www.vetorino.com\/boutique\/#website","url":"https:\/\/www.vetorino.com\/boutique\/","name":"V\u00e9torino","description":"","publisher":{"@id":"https:\/\/www.vetorino.com\/boutique\/#organization"},"potentialAction":[{"@type":"SearchAction","target":{"@type":"EntryPoint","urlTemplate":"https:\/\/www.vetorino.com\/boutique\/?s={search_term_string}"},"query-input":{"@type":"PropertyValueSpecification","valueRequired":true,"valueName":"search_term_string"}}],"inLanguage":"fr-FR"},{"@type":"Organization","@id":"https:\/\/www.vetorino.com\/boutique\/#organization","name":"V\u00e9torino","url":"https:\/\/www.vetorino.com\/boutique\/","logo":{"@type":"ImageObject","inLanguage":"fr-FR","@id":"https:\/\/www.vetorino.com\/boutique\/#\/schema\/logo\/image\/","url":"https:\/\/www.vetorino.com\/boutique\/wp-content\/uploads\/2024\/10\/logo.jpg","contentUrl":"https:\/\/www.vetorino.com\/boutique\/wp-content\/uploads\/2024\/10\/logo.jpg","width":1200,"height":610,"caption":"V\u00e9torino"},"image":{"@id":"https:\/\/www.vetorino.com\/boutique\/#\/schema\/logo\/image\/"},"sameAs":["https:\/\/www.facebook.com\/Vetorino\/","https:\/\/www.instagram.com\/vetorino_off\/","https:\/\/www.linkedin.com\/company\/vtorino\/"]}]},"product_brand":"Virbac","product_price_amount":"36.71","product_price_currency":"EUR","og_availability":"instock","product_availability":"instock","product_retailer_item_id":"A-1898900","product_condition":"new"},"_links":{"self":[{"href":"https:\/\/www.vetorino.com\/veterinaire\/ustaritz-64480\/boutique\/wp-json\/wp\/v2\/product\/1572521","targetHints":{"allow":["GET"]}}],"collection":[{"href":"https:\/\/www.vetorino.com\/veterinaire\/ustaritz-64480\/boutique\/wp-json\/wp\/v2\/product"}],"about":[{"href":"https:\/\/www.vetorino.com\/veterinaire\/ustaritz-64480\/boutique\/wp-json\/wp\/v2\/types\/product"}],"wp:featuredmedia":[{"embeddable":true,"href":"https:\/\/www.vetorino.com\/veterinaire\/ustaritz-64480\/boutique\/wp-json\/wp\/v2\/media\/1572537"}],"wp:attachment":[{"href":"https:\/\/www.vetorino.com\/veterinaire\/ustaritz-64480\/boutique\/wp-json\/wp\/v2\/media?parent=1572521"}],"wp:term":[{"taxonomy":"product_cat","embeddable":true,"href":"https:\/\/www.vetorino.com\/veterinaire\/ustaritz-64480\/boutique\/wp-json\/wp\/v2\/product_cat?post=1572521"},{"taxonomy":"product_tag","embeddable":true,"href":"https:\/\/www.vetorino.com\/veterinaire\/ustaritz-64480\/boutique\/wp-json\/wp\/v2\/product_tag?post=1572521"}],"curies":[{"name":"wp","href":"https:\/\/api.w.org\/{rel}","templated":true}]}}