{"id":1572583,"date":"2025-11-17T10:49:24","date_gmt":"2025-11-17T09:49:24","guid":{"rendered":"https:\/\/www.vetorino.com\/boutique\/product\/zenidog-collier-chiens-moyens-et-grands\/"},"modified":"2025-11-17T10:56:50","modified_gmt":"2025-11-17T09:56:50","slug":"zenidog-collier-chiens-moyens-et-grands","status":"publish","type":"product","link":"https:\/\/www.vetorino.com\/veterinaire\/ustaritz-64480\/boutique\/product\/zenidog-collier-chiens-moyens-et-grands\/","title":{"rendered":"Zenidog Collier \u2013 moyen &amp; grand chien"},"content":{"rendered":"<p class=\"p1\">Le collier Zenidog est<strong>\u00a0con\u00e7u pour un usage quotidien et utilise des ph\u00e9romones apaisantes canines pour r\u00e9duire les comportements li\u00e9s au stress<\/strong>, avec une\u00a0<strong>am\u00e9lioration significative constat\u00e9e en seulement 7 jours.<\/strong><\/p>\n<p class=\"p1\">Zenidog\u00a0<strong>contient des ph\u00e9romones de synth\u00e8se qui imitent les ph\u00e9romones apaisantes que les chiennes allaitantes lib\u00e8rent pour rassurer leurs chiots pendant la t\u00e9t\u00e9e.<\/strong>\u00a0Le collier Zenidog diffuse ces ph\u00e9romones pour apaiser votre chien. Port\u00e9 en continu, il\u00a0<strong>r\u00e9duit sa r\u00e9action aux facteurs de stress habituels.<\/strong><\/p>\n<p class=\"p1\">Le collier Zenidog est disponible en deux tailles ajustables et\u00a0<strong>convient aux chiens de toutes tailles, de tous \u00e2ges et de toutes races.<\/strong>\u00a0Ce collier\u00a0<strong>peut \u00eatre port\u00e9 en compl\u00e9ment d\u2019un collier anti-puces et tiques<\/strong>\u00a0sans en alt\u00e9rer l\u2019efficacit\u00e9.<\/p>\n<p class=\"p1\">Pour un r\u00e9sultat optimal, ce collier anti-stress<strong>\u00a0doit rester sur votre chien en permanence<\/strong>\u00a0(sauf pendant le bain ou la baignade) pendant trois mois, car il diffuse progressivement des ph\u00e9romones apaisantes.<\/p>\n<p class=\"p1\">Le collier Zenidog est ajustable pour s\u2019adapter parfaitement \u00e0 votre chien\u00a0:<\/p>\n<p class=\"p1\">&#8211;\u00a0 <em>Chiens moyens et grands de 10 \u00e0 50\u00a0kg avec un tour de cou jusqu&#8217;\u00e0 67\u00a0cm<\/em><\/p>\n<p class=\"p1\"><strong>Ce collier est emball\u00e9 dans un carton recyclable et \u00e9cologique, imprim\u00e9 avec des encres v\u00e9g\u00e9tales.<\/strong><\/p>\n","protected":false},"excerpt":{"rendered":"<p class=\"p1\"><strong>Collier apaisant pour chien \u00e0 base de ph\u00e9romones maternelles pour chien de 10 \u00e0 50kg.<\/strong><\/p>\n<p class=\"p1\">Zenidog\u00ae est un collier \u00e0 base de ph\u00e9romones pour chiens, \u00e0 action prolong\u00e9e, qui\u00a0<strong>peut aider \u00e0 r\u00e9duire les comportements li\u00e9s au stress chez votre chien.<\/strong><\/p>\n<p class=\"p1\">Il contient des ph\u00e9romones maternelles apaisantes canines et son effet dure jusqu\u2019\u00e0 3 mois.<\/p>\n<p class=\"p1\">Des r\u00e9sultats significatifs avec des\u00a0<strong>signes de stress r\u00e9duits de 89%.<\/strong>\u00a0bZenidog\u00ae\u00a0<strong>convient aux chiots<\/strong>\u00a0et<strong>\u00a0peut \u00eatre associ\u00e9 \u00e0 un collier antiparasitaire.<\/strong><\/p>\n<p class=\"p1\"><em>Disponible en deux formats ajustables : S et M\/L.<\/em><\/p>\n","protected":false},"featured_media":1572588,"template":"","meta":[],"product_cat":[2786,2698],"product_tag":[],"class_list":{"0":"post-1572583","1":"product","2":"type-product","3":"status-publish","4":"has-post-thumbnail","6":"product_cat-anti-stress-et-anxiete-du-chien","7":"product_cat-chien","8":"pa_marque-virbac","10":"first","11":"instock","12":"taxable","13":"shipping-taxable","14":"purchasable","15":"product-type-simple"},"yoast_head":"<!-- This site is optimized with the Yoast SEO plugin v27.3 - https:\/\/yoast.com\/product\/yoast-seo-wordpress\/ -->\n<title>Zenidog Collier \u2013 moyen &amp; grand chien Virbac - V\u00e9torino<\/title>\n<meta name=\"description\" content=\"Collier apaisant pour chien \u00e0 base de ph\u00e9romones maternelles pour chien de 10 \u00e0 50kg. Zenidog\u00ae est un collier \u00e0 base de ph\u00e9romones pour chiens, \u00e0 action prolong\u00e9e, qui\u00a0peut aider \u00e0 r\u00e9duire les comportements li\u00e9s au stress chez votre chien. Il contient des ph\u00e9romones maternelles apaisantes canines et son effet dure jusqu\u2019\u00e0 3 mois. Des r\u00e9sultats significatifs avec des\u00a0signes de stress r\u00e9duits de 89%.\u00a0bZenidog\u00ae\u00a0convient aux chiots\u00a0et\u00a0peut \u00eatre associ\u00e9 \u00e0 un collier antiparasitaire. Disponible en deux formats ajustables : S et M\/L.\" \/>\n<meta name=\"robots\" content=\"noindex, nofollow\" \/>\n<meta property=\"og:locale\" content=\"fr_FR\" \/>\n<meta property=\"og:type\" content=\"article\" \/>\n<meta property=\"og:title\" content=\"Zenidog Collier \u2013 moyen &amp; grand chien Virbac - V\u00e9torino\" \/>\n<meta property=\"og:description\" content=\"Collier apaisant pour chien \u00e0 base de ph\u00e9romones maternelles pour chien de 10 \u00e0 50kg. Zenidog\u00ae est un collier \u00e0 base de ph\u00e9romones pour chiens, \u00e0 action prolong\u00e9e, qui\u00a0peut aider \u00e0 r\u00e9duire les comportements li\u00e9s au stress chez votre chien. Il contient des ph\u00e9romones maternelles apaisantes canines et son effet dure jusqu\u2019\u00e0 3 mois. Des r\u00e9sultats significatifs avec des\u00a0signes de stress r\u00e9duits de 89%.\u00a0bZenidog\u00ae\u00a0convient aux chiots\u00a0et\u00a0peut \u00eatre associ\u00e9 \u00e0 un collier antiparasitaire. Disponible en deux formats ajustables : S et M\/L.\" \/>\n<meta property=\"og:url\" content=\"https:\/\/www.vetorino.com\/veterinaire\/ustaritz-64480\/boutique\/product\/zenidog-collier-chiens-moyens-et-grands\/\" \/>\n<meta property=\"og:site_name\" content=\"V\u00e9torino\" \/>\n<meta property=\"article:publisher\" content=\"https:\/\/www.facebook.com\/Vetorino\/\" \/>\n<meta property=\"article:modified_time\" content=\"2025-11-17T09:56:50+00:00\" \/>\n<meta property=\"og:image\" content=\"https:\/\/www.vetorino.com\/boutique\/wp-content\/uploads\/2025\/11\/zenidog-collier-moyen-grand-chien-virbac.webp\" \/>\n\t<meta property=\"og:image:width\" content=\"2000\" \/>\n\t<meta property=\"og:image:height\" content=\"2000\" \/>\n\t<meta property=\"og:image:type\" content=\"image\/webp\" \/>\n<meta name=\"twitter:card\" content=\"summary_large_image\" \/>\n<meta name=\"twitter:label1\" content=\"Prix\" \/>\n\t<meta name=\"twitter:data1\" content=\"35,20&euro;\" \/>\n\t<meta name=\"twitter:label2\" content=\"Disponibilit\u00e9\" \/>\n\t<meta name=\"twitter:data2\" content=\"En stock\" \/>\n<script type=\"application\/ld+json\" class=\"yoast-schema-graph\">{\"@context\":\"https:\\\/\\\/schema.org\",\"@graph\":[{\"@type\":\"WebPage\",\"@id\":\"https:\\\/\\\/www.vetorino.com\\\/boutique\\\/product\\\/zenidog-collier-chiens-moyens-et-grands\\\/\",\"url\":\"https:\\\/\\\/www.vetorino.com\\\/boutique\\\/product\\\/zenidog-collier-chiens-moyens-et-grands\\\/\",\"name\":\"Zenidog Collier \u2013 moyen &amp; grand chien Virbac - V\u00e9torino\",\"isPartOf\":{\"@id\":\"https:\\\/\\\/www.vetorino.com\\\/boutique\\\/#website\"},\"primaryImageOfPage\":{\"@id\":\"https:\\\/\\\/www.vetorino.com\\\/boutique\\\/product\\\/zenidog-collier-chiens-moyens-et-grands\\\/#primaryimage\"},\"image\":{\"@id\":\"https:\\\/\\\/www.vetorino.com\\\/boutique\\\/product\\\/zenidog-collier-chiens-moyens-et-grands\\\/#primaryimage\"},\"thumbnailUrl\":\"https:\\\/\\\/www.vetorino.com\\\/boutique\\\/wp-content\\\/uploads\\\/2025\\\/11\\\/zenidog-collier-moyen-grand-chien-virbac.webp\",\"datePublished\":\"2025-11-17T09:49:24+00:00\",\"dateModified\":\"2025-11-17T09:56:50+00:00\",\"description\":\"Collier apaisant pour chien \u00e0 base de ph\u00e9romones maternelles pour chien de 10 \u00e0 50kg. Zenidog\u00ae est un collier \u00e0 base de ph\u00e9romones pour chiens, \u00e0 action prolong\u00e9e, qui\u00a0peut aider \u00e0 r\u00e9duire les comportements li\u00e9s au stress chez votre chien. Il contient des ph\u00e9romones maternelles apaisantes canines et son effet dure jusqu\u2019\u00e0 3 mois. Des r\u00e9sultats significatifs avec des\u00a0signes de stress r\u00e9duits de 89%.\u00a0bZenidog\u00ae\u00a0convient aux chiots\u00a0et\u00a0peut \u00eatre associ\u00e9 \u00e0 un collier antiparasitaire. Disponible en deux formats ajustables : S et M\\\/L.\",\"breadcrumb\":{\"@id\":\"https:\\\/\\\/www.vetorino.com\\\/boutique\\\/product\\\/zenidog-collier-chiens-moyens-et-grands\\\/#breadcrumb\"},\"inLanguage\":\"fr-FR\",\"potentialAction\":[{\"@type\":\"ReadAction\",\"target\":[\"https:\\\/\\\/www.vetorino.com\\\/boutique\\\/product\\\/zenidog-collier-chiens-moyens-et-grands\\\/\"]}]},{\"@type\":\"ImageObject\",\"inLanguage\":\"fr-FR\",\"@id\":\"https:\\\/\\\/www.vetorino.com\\\/boutique\\\/product\\\/zenidog-collier-chiens-moyens-et-grands\\\/#primaryimage\",\"url\":\"https:\\\/\\\/www.vetorino.com\\\/boutique\\\/wp-content\\\/uploads\\\/2025\\\/11\\\/zenidog-collier-moyen-grand-chien-virbac.webp\",\"contentUrl\":\"https:\\\/\\\/www.vetorino.com\\\/boutique\\\/wp-content\\\/uploads\\\/2025\\\/11\\\/zenidog-collier-moyen-grand-chien-virbac.webp\",\"width\":2000,\"height\":2000},{\"@type\":\"BreadcrumbList\",\"@id\":\"https:\\\/\\\/www.vetorino.com\\\/boutique\\\/product\\\/zenidog-collier-chiens-moyens-et-grands\\\/#breadcrumb\",\"itemListElement\":[{\"@type\":\"ListItem\",\"position\":1,\"name\":\"Accueil\",\"item\":\"https:\\\/\\\/www.vetorino.com\\\/boutique\\\/\"},{\"@type\":\"ListItem\",\"position\":2,\"name\":\"Produits\",\"item\":\"https:\\\/\\\/www.vetorino.com\\\/boutique\\\/\"},{\"@type\":\"ListItem\",\"position\":3,\"name\":\"Zenidog Collier \u2013 moyen &amp; grand chien\"}]},{\"@type\":\"WebSite\",\"@id\":\"https:\\\/\\\/www.vetorino.com\\\/boutique\\\/#website\",\"url\":\"https:\\\/\\\/www.vetorino.com\\\/boutique\\\/\",\"name\":\"V\u00e9torino\",\"description\":\"\",\"publisher\":{\"@id\":\"https:\\\/\\\/www.vetorino.com\\\/boutique\\\/#organization\"},\"potentialAction\":[{\"@type\":\"SearchAction\",\"target\":{\"@type\":\"EntryPoint\",\"urlTemplate\":\"https:\\\/\\\/www.vetorino.com\\\/boutique\\\/?s={search_term_string}\"},\"query-input\":{\"@type\":\"PropertyValueSpecification\",\"valueRequired\":true,\"valueName\":\"search_term_string\"}}],\"inLanguage\":\"fr-FR\"},{\"@type\":\"Organization\",\"@id\":\"https:\\\/\\\/www.vetorino.com\\\/boutique\\\/#organization\",\"name\":\"V\u00e9torino\",\"url\":\"https:\\\/\\\/www.vetorino.com\\\/boutique\\\/\",\"logo\":{\"@type\":\"ImageObject\",\"inLanguage\":\"fr-FR\",\"@id\":\"https:\\\/\\\/www.vetorino.com\\\/boutique\\\/#\\\/schema\\\/logo\\\/image\\\/\",\"url\":\"https:\\\/\\\/www.vetorino.com\\\/boutique\\\/wp-content\\\/uploads\\\/2024\\\/10\\\/logo.jpg\",\"contentUrl\":\"https:\\\/\\\/www.vetorino.com\\\/boutique\\\/wp-content\\\/uploads\\\/2024\\\/10\\\/logo.jpg\",\"width\":1200,\"height\":610,\"caption\":\"V\u00e9torino\"},\"image\":{\"@id\":\"https:\\\/\\\/www.vetorino.com\\\/boutique\\\/#\\\/schema\\\/logo\\\/image\\\/\"},\"sameAs\":[\"https:\\\/\\\/www.facebook.com\\\/Vetorino\\\/\",\"https:\\\/\\\/www.instagram.com\\\/vetorino_off\\\/\",\"https:\\\/\\\/www.linkedin.com\\\/company\\\/vtorino\\\/\"]}]}<\/script>\n<meta property=\"product:brand\" content=\"Virbac\" \/>\n<meta property=\"product:price:amount\" content=\"35.20\" \/>\n<meta property=\"product:price:currency\" content=\"EUR\" \/>\n<meta property=\"og:availability\" content=\"instock\" \/>\n<meta property=\"product:availability\" content=\"instock\" \/>\n<meta property=\"product:retailer_item_id\" content=\"A-1898920\" \/>\n<meta property=\"product:condition\" content=\"new\" \/>\n<!-- \/ Yoast SEO plugin. -->","yoast_head_json":{"title":"Zenidog Collier \u2013 moyen &amp; grand chien Virbac - V\u00e9torino","description":"Collier apaisant pour chien \u00e0 base de ph\u00e9romones maternelles pour chien de 10 \u00e0 50kg. Zenidog\u00ae est un collier \u00e0 base de ph\u00e9romones pour chiens, \u00e0 action prolong\u00e9e, qui\u00a0peut aider \u00e0 r\u00e9duire les comportements li\u00e9s au stress chez votre chien. Il contient des ph\u00e9romones maternelles apaisantes canines et son effet dure jusqu\u2019\u00e0 3 mois. Des r\u00e9sultats significatifs avec des\u00a0signes de stress r\u00e9duits de 89%.\u00a0bZenidog\u00ae\u00a0convient aux chiots\u00a0et\u00a0peut \u00eatre associ\u00e9 \u00e0 un collier antiparasitaire. Disponible en deux formats ajustables : S et M\/L.","robots":{"index":"noindex","follow":"nofollow"},"og_locale":"fr_FR","og_type":"article","og_title":"Zenidog Collier \u2013 moyen &amp; grand chien Virbac - V\u00e9torino","og_description":"Collier apaisant pour chien \u00e0 base de ph\u00e9romones maternelles pour chien de 10 \u00e0 50kg. Zenidog\u00ae est un collier \u00e0 base de ph\u00e9romones pour chiens, \u00e0 action prolong\u00e9e, qui\u00a0peut aider \u00e0 r\u00e9duire les comportements li\u00e9s au stress chez votre chien. Il contient des ph\u00e9romones maternelles apaisantes canines et son effet dure jusqu\u2019\u00e0 3 mois. Des r\u00e9sultats significatifs avec des\u00a0signes de stress r\u00e9duits de 89%.\u00a0bZenidog\u00ae\u00a0convient aux chiots\u00a0et\u00a0peut \u00eatre associ\u00e9 \u00e0 un collier antiparasitaire. Disponible en deux formats ajustables : S et M\/L.","og_url":"https:\/\/www.vetorino.com\/veterinaire\/ustaritz-64480\/boutique\/product\/zenidog-collier-chiens-moyens-et-grands\/","og_site_name":"V\u00e9torino","article_publisher":"https:\/\/www.facebook.com\/Vetorino\/","article_modified_time":"2025-11-17T09:56:50+00:00","og_image":[{"width":2000,"height":2000,"url":"https:\/\/www.vetorino.com\/boutique\/wp-content\/uploads\/2025\/11\/zenidog-collier-moyen-grand-chien-virbac.webp","type":"image\/webp"}],"twitter_card":"summary_large_image","twitter_misc":{"Prix":"35,20&euro;","Disponibilit\u00e9":"En stock"},"schema":{"@context":"https:\/\/schema.org","@graph":[{"@type":"WebPage","@id":"https:\/\/www.vetorino.com\/boutique\/product\/zenidog-collier-chiens-moyens-et-grands\/","url":"https:\/\/www.vetorino.com\/boutique\/product\/zenidog-collier-chiens-moyens-et-grands\/","name":"Zenidog Collier \u2013 moyen &amp; grand chien Virbac - V\u00e9torino","isPartOf":{"@id":"https:\/\/www.vetorino.com\/boutique\/#website"},"primaryImageOfPage":{"@id":"https:\/\/www.vetorino.com\/boutique\/product\/zenidog-collier-chiens-moyens-et-grands\/#primaryimage"},"image":{"@id":"https:\/\/www.vetorino.com\/boutique\/product\/zenidog-collier-chiens-moyens-et-grands\/#primaryimage"},"thumbnailUrl":"https:\/\/www.vetorino.com\/boutique\/wp-content\/uploads\/2025\/11\/zenidog-collier-moyen-grand-chien-virbac.webp","datePublished":"2025-11-17T09:49:24+00:00","dateModified":"2025-11-17T09:56:50+00:00","description":"Collier apaisant pour chien \u00e0 base de ph\u00e9romones maternelles pour chien de 10 \u00e0 50kg. Zenidog\u00ae est un collier \u00e0 base de ph\u00e9romones pour chiens, \u00e0 action prolong\u00e9e, qui\u00a0peut aider \u00e0 r\u00e9duire les comportements li\u00e9s au stress chez votre chien. Il contient des ph\u00e9romones maternelles apaisantes canines et son effet dure jusqu\u2019\u00e0 3 mois. Des r\u00e9sultats significatifs avec des\u00a0signes de stress r\u00e9duits de 89%.\u00a0bZenidog\u00ae\u00a0convient aux chiots\u00a0et\u00a0peut \u00eatre associ\u00e9 \u00e0 un collier antiparasitaire. Disponible en deux formats ajustables : S et M\/L.","breadcrumb":{"@id":"https:\/\/www.vetorino.com\/boutique\/product\/zenidog-collier-chiens-moyens-et-grands\/#breadcrumb"},"inLanguage":"fr-FR","potentialAction":[{"@type":"ReadAction","target":["https:\/\/www.vetorino.com\/boutique\/product\/zenidog-collier-chiens-moyens-et-grands\/"]}]},{"@type":"ImageObject","inLanguage":"fr-FR","@id":"https:\/\/www.vetorino.com\/boutique\/product\/zenidog-collier-chiens-moyens-et-grands\/#primaryimage","url":"https:\/\/www.vetorino.com\/boutique\/wp-content\/uploads\/2025\/11\/zenidog-collier-moyen-grand-chien-virbac.webp","contentUrl":"https:\/\/www.vetorino.com\/boutique\/wp-content\/uploads\/2025\/11\/zenidog-collier-moyen-grand-chien-virbac.webp","width":2000,"height":2000},{"@type":"BreadcrumbList","@id":"https:\/\/www.vetorino.com\/boutique\/product\/zenidog-collier-chiens-moyens-et-grands\/#breadcrumb","itemListElement":[{"@type":"ListItem","position":1,"name":"Accueil","item":"https:\/\/www.vetorino.com\/boutique\/"},{"@type":"ListItem","position":2,"name":"Produits","item":"https:\/\/www.vetorino.com\/boutique\/"},{"@type":"ListItem","position":3,"name":"Zenidog Collier \u2013 moyen &amp; grand chien"}]},{"@type":"WebSite","@id":"https:\/\/www.vetorino.com\/boutique\/#website","url":"https:\/\/www.vetorino.com\/boutique\/","name":"V\u00e9torino","description":"","publisher":{"@id":"https:\/\/www.vetorino.com\/boutique\/#organization"},"potentialAction":[{"@type":"SearchAction","target":{"@type":"EntryPoint","urlTemplate":"https:\/\/www.vetorino.com\/boutique\/?s={search_term_string}"},"query-input":{"@type":"PropertyValueSpecification","valueRequired":true,"valueName":"search_term_string"}}],"inLanguage":"fr-FR"},{"@type":"Organization","@id":"https:\/\/www.vetorino.com\/boutique\/#organization","name":"V\u00e9torino","url":"https:\/\/www.vetorino.com\/boutique\/","logo":{"@type":"ImageObject","inLanguage":"fr-FR","@id":"https:\/\/www.vetorino.com\/boutique\/#\/schema\/logo\/image\/","url":"https:\/\/www.vetorino.com\/boutique\/wp-content\/uploads\/2024\/10\/logo.jpg","contentUrl":"https:\/\/www.vetorino.com\/boutique\/wp-content\/uploads\/2024\/10\/logo.jpg","width":1200,"height":610,"caption":"V\u00e9torino"},"image":{"@id":"https:\/\/www.vetorino.com\/boutique\/#\/schema\/logo\/image\/"},"sameAs":["https:\/\/www.facebook.com\/Vetorino\/","https:\/\/www.instagram.com\/vetorino_off\/","https:\/\/www.linkedin.com\/company\/vtorino\/"]}]},"product_brand":"Virbac","product_price_amount":"35.20","product_price_currency":"EUR","og_availability":"instock","product_availability":"instock","product_retailer_item_id":"A-1898920","product_condition":"new"},"_links":{"self":[{"href":"https:\/\/www.vetorino.com\/veterinaire\/ustaritz-64480\/boutique\/wp-json\/wp\/v2\/product\/1572583","targetHints":{"allow":["GET"]}}],"collection":[{"href":"https:\/\/www.vetorino.com\/veterinaire\/ustaritz-64480\/boutique\/wp-json\/wp\/v2\/product"}],"about":[{"href":"https:\/\/www.vetorino.com\/veterinaire\/ustaritz-64480\/boutique\/wp-json\/wp\/v2\/types\/product"}],"wp:featuredmedia":[{"embeddable":true,"href":"https:\/\/www.vetorino.com\/veterinaire\/ustaritz-64480\/boutique\/wp-json\/wp\/v2\/media\/1572588"}],"wp:attachment":[{"href":"https:\/\/www.vetorino.com\/veterinaire\/ustaritz-64480\/boutique\/wp-json\/wp\/v2\/media?parent=1572583"}],"wp:term":[{"taxonomy":"product_cat","embeddable":true,"href":"https:\/\/www.vetorino.com\/veterinaire\/ustaritz-64480\/boutique\/wp-json\/wp\/v2\/product_cat?post=1572583"},{"taxonomy":"product_tag","embeddable":true,"href":"https:\/\/www.vetorino.com\/veterinaire\/ustaritz-64480\/boutique\/wp-json\/wp\/v2\/product_tag?post=1572583"}],"curies":[{"name":"wp","href":"https:\/\/api.w.org\/{rel}","templated":true}]}}