{"id":1597897,"date":"2025-12-05T11:37:22","date_gmt":"2025-12-05T10:37:22","guid":{"rendered":"https:\/\/www.vetorino.com\/boutique\/product\/chatiere-sureflap-grand-chat-petit-chien-marron\/"},"modified":"2025-12-09T11:48:41","modified_gmt":"2025-12-09T10:48:41","slug":"chatiere-sureflap-grand-chat-petit-chien-marron","status":"publish","type":"product","link":"https:\/\/www.vetorino.com\/veterinaire\/ustaritz-64480\/boutique\/product\/chatiere-sureflap-grand-chat-petit-chien-marron\/","title":{"rendered":"Chati\u00e8re Sureflap grand chat, petit chien &#8211; Marron"},"content":{"rendered":"<p><strong>Chati\u00e8re fonctionnant avec la puce \u00e9lectronique de votre animal ou un m\u00e9daillon d&#8217;identification par radiofr\u00e9quence<\/strong> (1 fourni).<\/p>\n<p>Compatible avec tous les formats internationaux de puces \u00e9lectroniques. Accepte jusqu&#8217;\u00e0 32 animaux.<\/p>\n<p>La chati\u00e8re peut \u00eatre programm\u00e9e pour se verrouiller et se d\u00e9verrouiller \u00e0 certaines heures. M\u00e9canisme \u00e0 double verrouillage pour une protection accrue contre les animaux ind\u00e9sirables.<\/p>\n<p>Peut \u00eatre install\u00e9e sur une porte, une fen\u00eatre ou un mur.<\/p>\n<p>Dimensions de la porte : l. 178 x h. 170 mm.<\/p>\n<p>Dimensions du cadre ext\u00e9rieur : l. 263 x h.281 mm.<\/p>\n<p>Fonctionnement avec 4 piles type C (non fournies). Garantie 3 ans.<\/p>\n<p><strong><span style=\"text-decoration: underline\">Non compatible avec le hub (106 39 40).<\/span><\/strong><\/p>\n","protected":false},"excerpt":{"rendered":"<p><strong>Chati\u00e8re fonctionnant avec la puce \u00e9lectronique de votre animal ou un m\u00e9daillon d&#8217;identification par radiofr\u00e9quence<\/strong> (1 fourni).<\/p>\n<p>Compatible avec tous les formats internationaux de puces \u00e9lectroniques. Accepte jusqu&#8217;\u00e0 32 animaux.<\/p>\n<p>La chati\u00e8re peut \u00eatre programm\u00e9e pour se verrouiller et se d\u00e9verrouiller \u00e0 certaines heures. M\u00e9canisme \u00e0 double verrouillage pour une protection accrue contre les animaux ind\u00e9sirables.<\/p>\n<p>Peut \u00eatre install\u00e9e sur une porte, une fen\u00eatre ou un mur.<\/p>\n","protected":false},"featured_media":1597896,"template":"","meta":[],"product_cat":[2697],"product_tag":[],"class_list":{"0":"post-1597897","1":"product","2":"type-product","3":"status-publish","4":"has-post-thumbnail","6":"product_cat-chat","8":"first","9":"instock","10":"taxable","11":"shipping-taxable","12":"purchasable","13":"product-type-simple"},"yoast_head":"<!-- This site is optimized with the Yoast SEO plugin v27.3 - https:\/\/yoast.com\/product\/yoast-seo-wordpress\/ -->\n<title>Chati\u00e8re Sureflap grand chat, petit chien - Marron - V\u00e9torino<\/title>\n<meta name=\"description\" content=\"Chati\u00e8re fonctionnant avec la puce \u00e9lectronique de votre animal ou un m\u00e9daillon d&#039;identification par radiofr\u00e9quence (1 fourni).  Compatible avec tous les formats internationaux de puces \u00e9lectroniques. Accepte jusqu&#039;\u00e0 32 animaux.  La chati\u00e8re peut \u00eatre programm\u00e9e pour se verrouiller et se d\u00e9verrouiller \u00e0 certaines heures. M\u00e9canisme \u00e0 double verrouillage pour une protection accrue contre les animaux ind\u00e9sirables.  Peut \u00eatre install\u00e9e sur une porte, une fen\u00eatre ou un mur.\" \/>\n<meta name=\"robots\" content=\"noindex, nofollow\" \/>\n<meta property=\"og:locale\" content=\"fr_FR\" \/>\n<meta property=\"og:type\" content=\"article\" \/>\n<meta property=\"og:title\" content=\"Chati\u00e8re Sureflap grand chat, petit chien - Marron - V\u00e9torino\" \/>\n<meta property=\"og:description\" content=\"Chati\u00e8re fonctionnant avec la puce \u00e9lectronique de votre animal ou un m\u00e9daillon d&#039;identification par radiofr\u00e9quence (1 fourni).  Compatible avec tous les formats internationaux de puces \u00e9lectroniques. Accepte jusqu&#039;\u00e0 32 animaux.  La chati\u00e8re peut \u00eatre programm\u00e9e pour se verrouiller et se d\u00e9verrouiller \u00e0 certaines heures. M\u00e9canisme \u00e0 double verrouillage pour une protection accrue contre les animaux ind\u00e9sirables.  Peut \u00eatre install\u00e9e sur une porte, une fen\u00eatre ou un mur.\" \/>\n<meta property=\"og:url\" content=\"https:\/\/www.vetorino.com\/veterinaire\/ustaritz-64480\/boutique\/product\/chatiere-sureflap-grand-chat-petit-chien-marron\/\" \/>\n<meta property=\"og:site_name\" content=\"V\u00e9torino\" \/>\n<meta property=\"article:publisher\" content=\"https:\/\/www.facebook.com\/Vetorino\/\" \/>\n<meta property=\"article:modified_time\" content=\"2025-12-09T10:48:41+00:00\" \/>\n<meta property=\"og:image\" content=\"https:\/\/www.vetorino.com\/boutique\/wp-content\/uploads\/2025\/12\/8248478-1.jpg\" \/>\n\t<meta property=\"og:image:width\" content=\"1348\" \/>\n\t<meta property=\"og:image:height\" content=\"899\" \/>\n\t<meta property=\"og:image:type\" content=\"image\/jpeg\" \/>\n<meta name=\"twitter:card\" content=\"summary_large_image\" \/>\n<meta name=\"twitter:label1\" content=\"Prix\" \/>\n\t<meta name=\"twitter:data1\" content=\"188,68&euro;\" \/>\n\t<meta name=\"twitter:label2\" content=\"Disponibilit\u00e9\" \/>\n\t<meta name=\"twitter:data2\" content=\"En stock\" \/>\n<script type=\"application\/ld+json\" class=\"yoast-schema-graph\">{\"@context\":\"https:\\\/\\\/schema.org\",\"@graph\":[{\"@type\":\"WebPage\",\"@id\":\"https:\\\/\\\/www.vetorino.com\\\/boutique\\\/product\\\/chatiere-sureflap-grand-chat-petit-chien-marron\\\/\",\"url\":\"https:\\\/\\\/www.vetorino.com\\\/boutique\\\/product\\\/chatiere-sureflap-grand-chat-petit-chien-marron\\\/\",\"name\":\"Chati\u00e8re Sureflap grand chat, petit chien - Marron - V\u00e9torino\",\"isPartOf\":{\"@id\":\"https:\\\/\\\/www.vetorino.com\\\/boutique\\\/#website\"},\"primaryImageOfPage\":{\"@id\":\"https:\\\/\\\/www.vetorino.com\\\/boutique\\\/product\\\/chatiere-sureflap-grand-chat-petit-chien-marron\\\/#primaryimage\"},\"image\":{\"@id\":\"https:\\\/\\\/www.vetorino.com\\\/boutique\\\/product\\\/chatiere-sureflap-grand-chat-petit-chien-marron\\\/#primaryimage\"},\"thumbnailUrl\":\"https:\\\/\\\/www.vetorino.com\\\/boutique\\\/wp-content\\\/uploads\\\/2025\\\/12\\\/8248478-1.jpg\",\"datePublished\":\"2025-12-05T10:37:22+00:00\",\"dateModified\":\"2025-12-09T10:48:41+00:00\",\"description\":\"Chati\u00e8re fonctionnant avec la puce \u00e9lectronique de votre animal ou un m\u00e9daillon d'identification par radiofr\u00e9quence (1 fourni). Compatible avec tous les formats internationaux de puces \u00e9lectroniques. Accepte jusqu'\u00e0 32 animaux. La chati\u00e8re peut \u00eatre programm\u00e9e pour se verrouiller et se d\u00e9verrouiller \u00e0 certaines heures. M\u00e9canisme \u00e0 double verrouillage pour une protection accrue contre les animaux ind\u00e9sirables. Peut \u00eatre install\u00e9e sur une porte, une fen\u00eatre ou un mur.\",\"breadcrumb\":{\"@id\":\"https:\\\/\\\/www.vetorino.com\\\/boutique\\\/product\\\/chatiere-sureflap-grand-chat-petit-chien-marron\\\/#breadcrumb\"},\"inLanguage\":\"fr-FR\",\"potentialAction\":[{\"@type\":\"ReadAction\",\"target\":[\"https:\\\/\\\/www.vetorino.com\\\/boutique\\\/product\\\/chatiere-sureflap-grand-chat-petit-chien-marron\\\/\"]}]},{\"@type\":\"ImageObject\",\"inLanguage\":\"fr-FR\",\"@id\":\"https:\\\/\\\/www.vetorino.com\\\/boutique\\\/product\\\/chatiere-sureflap-grand-chat-petit-chien-marron\\\/#primaryimage\",\"url\":\"https:\\\/\\\/www.vetorino.com\\\/boutique\\\/wp-content\\\/uploads\\\/2025\\\/12\\\/8248478-1.jpg\",\"contentUrl\":\"https:\\\/\\\/www.vetorino.com\\\/boutique\\\/wp-content\\\/uploads\\\/2025\\\/12\\\/8248478-1.jpg\",\"width\":1348,\"height\":899},{\"@type\":\"BreadcrumbList\",\"@id\":\"https:\\\/\\\/www.vetorino.com\\\/boutique\\\/product\\\/chatiere-sureflap-grand-chat-petit-chien-marron\\\/#breadcrumb\",\"itemListElement\":[{\"@type\":\"ListItem\",\"position\":1,\"name\":\"Accueil\",\"item\":\"https:\\\/\\\/www.vetorino.com\\\/boutique\\\/\"},{\"@type\":\"ListItem\",\"position\":2,\"name\":\"Produits\",\"item\":\"https:\\\/\\\/www.vetorino.com\\\/boutique\\\/\"},{\"@type\":\"ListItem\",\"position\":3,\"name\":\"Chati\u00e8re Sureflap grand chat, petit chien &#8211; Marron\"}]},{\"@type\":\"WebSite\",\"@id\":\"https:\\\/\\\/www.vetorino.com\\\/boutique\\\/#website\",\"url\":\"https:\\\/\\\/www.vetorino.com\\\/boutique\\\/\",\"name\":\"V\u00e9torino\",\"description\":\"\",\"publisher\":{\"@id\":\"https:\\\/\\\/www.vetorino.com\\\/boutique\\\/#organization\"},\"potentialAction\":[{\"@type\":\"SearchAction\",\"target\":{\"@type\":\"EntryPoint\",\"urlTemplate\":\"https:\\\/\\\/www.vetorino.com\\\/boutique\\\/?s={search_term_string}\"},\"query-input\":{\"@type\":\"PropertyValueSpecification\",\"valueRequired\":true,\"valueName\":\"search_term_string\"}}],\"inLanguage\":\"fr-FR\"},{\"@type\":\"Organization\",\"@id\":\"https:\\\/\\\/www.vetorino.com\\\/boutique\\\/#organization\",\"name\":\"V\u00e9torino\",\"url\":\"https:\\\/\\\/www.vetorino.com\\\/boutique\\\/\",\"logo\":{\"@type\":\"ImageObject\",\"inLanguage\":\"fr-FR\",\"@id\":\"https:\\\/\\\/www.vetorino.com\\\/boutique\\\/#\\\/schema\\\/logo\\\/image\\\/\",\"url\":\"https:\\\/\\\/www.vetorino.com\\\/boutique\\\/wp-content\\\/uploads\\\/2024\\\/10\\\/logo.jpg\",\"contentUrl\":\"https:\\\/\\\/www.vetorino.com\\\/boutique\\\/wp-content\\\/uploads\\\/2024\\\/10\\\/logo.jpg\",\"width\":1200,\"height\":610,\"caption\":\"V\u00e9torino\"},\"image\":{\"@id\":\"https:\\\/\\\/www.vetorino.com\\\/boutique\\\/#\\\/schema\\\/logo\\\/image\\\/\"},\"sameAs\":[\"https:\\\/\\\/www.facebook.com\\\/Vetorino\\\/\",\"https:\\\/\\\/www.instagram.com\\\/vetorino_off\\\/\",\"https:\\\/\\\/www.linkedin.com\\\/company\\\/vtorino\\\/\"]}]}<\/script>\n<meta property=\"product:price:amount\" content=\"188.68\" \/>\n<meta property=\"product:price:currency\" content=\"EUR\" \/>\n<meta property=\"og:availability\" content=\"instock\" \/>\n<meta property=\"product:availability\" content=\"instock\" \/>\n<meta property=\"product:retailer_item_id\" content=\"A-8248478\" \/>\n<meta property=\"product:condition\" content=\"new\" \/>\n<!-- \/ Yoast SEO plugin. -->","yoast_head_json":{"title":"Chati\u00e8re Sureflap grand chat, petit chien - Marron - V\u00e9torino","description":"Chati\u00e8re fonctionnant avec la puce \u00e9lectronique de votre animal ou un m\u00e9daillon d'identification par radiofr\u00e9quence (1 fourni).  Compatible avec tous les formats internationaux de puces \u00e9lectroniques. Accepte jusqu'\u00e0 32 animaux.  La chati\u00e8re peut \u00eatre programm\u00e9e pour se verrouiller et se d\u00e9verrouiller \u00e0 certaines heures. M\u00e9canisme \u00e0 double verrouillage pour une protection accrue contre les animaux ind\u00e9sirables.  Peut \u00eatre install\u00e9e sur une porte, une fen\u00eatre ou un mur.","robots":{"index":"noindex","follow":"nofollow"},"og_locale":"fr_FR","og_type":"article","og_title":"Chati\u00e8re Sureflap grand chat, petit chien - Marron - V\u00e9torino","og_description":"Chati\u00e8re fonctionnant avec la puce \u00e9lectronique de votre animal ou un m\u00e9daillon d'identification par radiofr\u00e9quence (1 fourni).  Compatible avec tous les formats internationaux de puces \u00e9lectroniques. Accepte jusqu'\u00e0 32 animaux.  La chati\u00e8re peut \u00eatre programm\u00e9e pour se verrouiller et se d\u00e9verrouiller \u00e0 certaines heures. M\u00e9canisme \u00e0 double verrouillage pour une protection accrue contre les animaux ind\u00e9sirables.  Peut \u00eatre install\u00e9e sur une porte, une fen\u00eatre ou un mur.","og_url":"https:\/\/www.vetorino.com\/veterinaire\/ustaritz-64480\/boutique\/product\/chatiere-sureflap-grand-chat-petit-chien-marron\/","og_site_name":"V\u00e9torino","article_publisher":"https:\/\/www.facebook.com\/Vetorino\/","article_modified_time":"2025-12-09T10:48:41+00:00","og_image":[{"width":1348,"height":899,"url":"https:\/\/www.vetorino.com\/boutique\/wp-content\/uploads\/2025\/12\/8248478-1.jpg","type":"image\/jpeg"}],"twitter_card":"summary_large_image","twitter_misc":{"Prix":"188,68&euro;","Disponibilit\u00e9":"En stock"},"schema":{"@context":"https:\/\/schema.org","@graph":[{"@type":"WebPage","@id":"https:\/\/www.vetorino.com\/boutique\/product\/chatiere-sureflap-grand-chat-petit-chien-marron\/","url":"https:\/\/www.vetorino.com\/boutique\/product\/chatiere-sureflap-grand-chat-petit-chien-marron\/","name":"Chati\u00e8re Sureflap grand chat, petit chien - Marron - V\u00e9torino","isPartOf":{"@id":"https:\/\/www.vetorino.com\/boutique\/#website"},"primaryImageOfPage":{"@id":"https:\/\/www.vetorino.com\/boutique\/product\/chatiere-sureflap-grand-chat-petit-chien-marron\/#primaryimage"},"image":{"@id":"https:\/\/www.vetorino.com\/boutique\/product\/chatiere-sureflap-grand-chat-petit-chien-marron\/#primaryimage"},"thumbnailUrl":"https:\/\/www.vetorino.com\/boutique\/wp-content\/uploads\/2025\/12\/8248478-1.jpg","datePublished":"2025-12-05T10:37:22+00:00","dateModified":"2025-12-09T10:48:41+00:00","description":"Chati\u00e8re fonctionnant avec la puce \u00e9lectronique de votre animal ou un m\u00e9daillon d'identification par radiofr\u00e9quence (1 fourni). Compatible avec tous les formats internationaux de puces \u00e9lectroniques. Accepte jusqu'\u00e0 32 animaux. La chati\u00e8re peut \u00eatre programm\u00e9e pour se verrouiller et se d\u00e9verrouiller \u00e0 certaines heures. M\u00e9canisme \u00e0 double verrouillage pour une protection accrue contre les animaux ind\u00e9sirables. Peut \u00eatre install\u00e9e sur une porte, une fen\u00eatre ou un mur.","breadcrumb":{"@id":"https:\/\/www.vetorino.com\/boutique\/product\/chatiere-sureflap-grand-chat-petit-chien-marron\/#breadcrumb"},"inLanguage":"fr-FR","potentialAction":[{"@type":"ReadAction","target":["https:\/\/www.vetorino.com\/boutique\/product\/chatiere-sureflap-grand-chat-petit-chien-marron\/"]}]},{"@type":"ImageObject","inLanguage":"fr-FR","@id":"https:\/\/www.vetorino.com\/boutique\/product\/chatiere-sureflap-grand-chat-petit-chien-marron\/#primaryimage","url":"https:\/\/www.vetorino.com\/boutique\/wp-content\/uploads\/2025\/12\/8248478-1.jpg","contentUrl":"https:\/\/www.vetorino.com\/boutique\/wp-content\/uploads\/2025\/12\/8248478-1.jpg","width":1348,"height":899},{"@type":"BreadcrumbList","@id":"https:\/\/www.vetorino.com\/boutique\/product\/chatiere-sureflap-grand-chat-petit-chien-marron\/#breadcrumb","itemListElement":[{"@type":"ListItem","position":1,"name":"Accueil","item":"https:\/\/www.vetorino.com\/boutique\/"},{"@type":"ListItem","position":2,"name":"Produits","item":"https:\/\/www.vetorino.com\/boutique\/"},{"@type":"ListItem","position":3,"name":"Chati\u00e8re Sureflap grand chat, petit chien &#8211; Marron"}]},{"@type":"WebSite","@id":"https:\/\/www.vetorino.com\/boutique\/#website","url":"https:\/\/www.vetorino.com\/boutique\/","name":"V\u00e9torino","description":"","publisher":{"@id":"https:\/\/www.vetorino.com\/boutique\/#organization"},"potentialAction":[{"@type":"SearchAction","target":{"@type":"EntryPoint","urlTemplate":"https:\/\/www.vetorino.com\/boutique\/?s={search_term_string}"},"query-input":{"@type":"PropertyValueSpecification","valueRequired":true,"valueName":"search_term_string"}}],"inLanguage":"fr-FR"},{"@type":"Organization","@id":"https:\/\/www.vetorino.com\/boutique\/#organization","name":"V\u00e9torino","url":"https:\/\/www.vetorino.com\/boutique\/","logo":{"@type":"ImageObject","inLanguage":"fr-FR","@id":"https:\/\/www.vetorino.com\/boutique\/#\/schema\/logo\/image\/","url":"https:\/\/www.vetorino.com\/boutique\/wp-content\/uploads\/2024\/10\/logo.jpg","contentUrl":"https:\/\/www.vetorino.com\/boutique\/wp-content\/uploads\/2024\/10\/logo.jpg","width":1200,"height":610,"caption":"V\u00e9torino"},"image":{"@id":"https:\/\/www.vetorino.com\/boutique\/#\/schema\/logo\/image\/"},"sameAs":["https:\/\/www.facebook.com\/Vetorino\/","https:\/\/www.instagram.com\/vetorino_off\/","https:\/\/www.linkedin.com\/company\/vtorino\/"]}]},"product_price_amount":"188.68","product_price_currency":"EUR","og_availability":"instock","product_availability":"instock","product_retailer_item_id":"A-8248478","product_condition":"new"},"_links":{"self":[{"href":"https:\/\/www.vetorino.com\/veterinaire\/ustaritz-64480\/boutique\/wp-json\/wp\/v2\/product\/1597897","targetHints":{"allow":["GET"]}}],"collection":[{"href":"https:\/\/www.vetorino.com\/veterinaire\/ustaritz-64480\/boutique\/wp-json\/wp\/v2\/product"}],"about":[{"href":"https:\/\/www.vetorino.com\/veterinaire\/ustaritz-64480\/boutique\/wp-json\/wp\/v2\/types\/product"}],"wp:featuredmedia":[{"embeddable":true,"href":"https:\/\/www.vetorino.com\/veterinaire\/ustaritz-64480\/boutique\/wp-json\/wp\/v2\/media\/1597896"}],"wp:attachment":[{"href":"https:\/\/www.vetorino.com\/veterinaire\/ustaritz-64480\/boutique\/wp-json\/wp\/v2\/media?parent=1597897"}],"wp:term":[{"taxonomy":"product_cat","embeddable":true,"href":"https:\/\/www.vetorino.com\/veterinaire\/ustaritz-64480\/boutique\/wp-json\/wp\/v2\/product_cat?post=1597897"},{"taxonomy":"product_tag","embeddable":true,"href":"https:\/\/www.vetorino.com\/veterinaire\/ustaritz-64480\/boutique\/wp-json\/wp\/v2\/product_tag?post=1597897"}],"curies":[{"name":"wp","href":"https:\/\/api.w.org\/{rel}","templated":true}]}}